{"id":858,"date":"2020-01-22T19:18:22","date_gmt":"2020-01-22T19:18:22","guid":{"rendered":"https:\/\/gymnasiumnordenhamtest.live-website.com\/?page_id=858"},"modified":"2020-12-22T11:56:22","modified_gmt":"2020-12-22T10:56:22","slug":"fach-x-mathematik-weitere-angebote","status":"publish","type":"page","link":"https:\/\/gymnasium-nordenham.de\/en\/fach-x-mathematik-weitere-angebote","title":{"rendered":"Mathematik &#8211; Weitere Angebote"},"content":{"rendered":"<div data-elementor-type=\"wp-page\" data-elementor-id=\"858\" class=\"elementor elementor-858\" data-elementor-post-type=\"page\">\n\t\t\t\t\t\t<section class=\"elementor-section elementor-top-section elementor-element elementor-element-5257c4b elementor-section-full_width elementor-section-height-default elementor-section-height-default\" data-id=\"5257c4b\" data-element_type=\"section\" data-e-type=\"section\">\n\t\t\t\t\t\t<div class=\"elementor-container elementor-column-gap-default\">\n\t\t\t\t\t<div class=\"elementor-column elementor-col-100 elementor-top-column elementor-element elementor-element-929ce8f\" data-id=\"929ce8f\" data-element_type=\"column\" data-e-type=\"column\" data-settings=\"{&quot;background_background&quot;:&quot;classic&quot;}\">\n\t\t\t<div class=\"elementor-widget-wrap elementor-element-populated\">\n\t\t\t\t\t\t<div class=\"elementor-element elementor-element-de78d44 elementor-widget elementor-widget-heading\" data-id=\"de78d44\" data-element_type=\"widget\" data-e-type=\"widget\" data-widget_type=\"heading.default\">\n\t\t\t\t<div class=\"elementor-widget-container\">\n\t\t\t\t\t<h2 class=\"elementor-heading-title elementor-size-large\">Weitere Angebote<\/h2>\t\t\t\t<\/div>\n\t\t\t\t<\/div>\n\t\t\t\t\t<\/div>\n\t\t<\/div>\n\t\t\t\t\t<\/div>\n\t\t<\/section>\n\t\t\t\t<section class=\"elementor-section elementor-top-section elementor-element elementor-element-9215942 elementor-section-full_width elementor-section-height-default elementor-section-height-default\" data-id=\"9215942\" data-element_type=\"section\" data-e-type=\"section\">\n\t\t\t\t\t\t<div class=\"elementor-container elementor-column-gap-default\">\n\t\t\t\t\t<div class=\"elementor-column elementor-col-66 elementor-top-column elementor-element elementor-element-bc4bb8e\" data-id=\"bc4bb8e\" data-element_type=\"column\" data-e-type=\"column\">\n\t\t\t<div class=\"elementor-widget-wrap elementor-element-populated\">\n\t\t\t\t\t\t<div class=\"elementor-element elementor-element-2bb96fa elementor-widget elementor-widget-text-editor\" data-id=\"2bb96fa\" data-element_type=\"widget\" data-e-type=\"widget\" data-widget_type=\"text-editor.default\">\n\t\t\t\t<div class=\"elementor-widget-container\">\n\t\t\t\t\t\t\t\t\t<p style=\"text-align: justify;\"><span style=\"font-family: georgia, palatino, serif; font-size: 12pt;\"><strong>Mathematik-Olympiade<\/strong><\/span><\/p><p style=\"text-align: justify;\"><span style=\"font-size: 12pt; font-family: georgia, palatino, serif;\">Die Mathematik-Olympiade ist ein bundesweiter Mathematikwettbewerb, der interessierten Sch\u00fclern und Sch\u00fclerinnen die M\u00f6glichkeit bietet, sich \u00fcber den Unterrichtsstoff hinaus kreativ mit mathematischen Sachverhalten auseinander zu setzen. <\/span><span style=\"font-size: 12pt; font-family: georgia, palatino, serif;\">Zudem ist es ein Rundenwettbewerb \u2013 die Leistungsst\u00e4rksten einer Runde qualifizieren sich f\u00fcr die n\u00e4chstfolgende Runde. F\u00fcr Sch\u00fclerinnen und Sch\u00fcler der 5. bis 7. Klassen gibt es drei, f\u00fcr Sch\u00fclerinnen und Sch\u00fcler ab der 8. Klasse vier Runden. <\/span><span style=\"font-size: 12pt; font-family: georgia, palatino, serif;\">Bei diesem Wettbewerb geht es in erster Linie um das vernetzende Denken aller mathematischen Kenntnisse und das Begr\u00fcnden. <\/span><\/p><p style=\"text-align: justify;\"><span style=\"font-size: 12pt; font-family: georgia, palatino, serif;\">Die erste Runde ist die \u201eSchulrunde\u201c.\u00a0Die Mathematiklehrer verteilen klassenweise zu Beginn des neuen Schuljahres an interessierte Sch\u00fcler und Sch\u00fclerinnen die nach Jahrgangsstufen gestaffelten Aufgaben. Die Sch\u00fcler und Sch\u00fclerinnen haben dann zwei bis drei Wochen Bearbeitungszeit und geben ihre bearbeiteten Aufgaben zu einem vereinbarten Stichtag an den Mathematiklehrer zur\u00fcck. Wenn mehr als die H\u00e4lfte der Aufgaben richtig bearbeitet wurde, erreicht der Teilnehmer in der Regel die zweite Runde.<\/span><\/p><p style=\"text-align: justify;\"><span style=\"font-size: 12pt; font-family: georgia, palatino, serif;\">In der Regionalrunde bearbeiten alle qualifizierten Sch\u00fcler der ersten Runde unserer Region dann die Aufgaben im Rahmen einer Klausur. <\/span><span style=\"font-size: 12pt; font-family: georgia, palatino, serif;\">Die in der Regionalrunde qualifizierten Bewerber werden dann zur Teilnahme an der Landesrunde eingeladen, die jedes Jahr an einem anderen Ort stattfindet. Dort erwartet die Teilnehmer neben der Klausur ein abwechslungsreiches Workshop-Programm am Nachmittag. Am Ende steht die Bundesrunde.<\/span><\/p><p style=\"text-align: justify;\"><span style=\"font-family: georgia, palatino, serif; font-size: 12pt;\">Weitere Informationen: <a href=\"https:\/\/www.mathe-wettbewerbe.de\" target=\"_blank\" rel=\"noopener\">https:\/\/www.mathe-wettbewerbe.de<\/a><\/span><\/p><p style=\"text-align: justify;\"><span style=\"font-family: georgia, palatino, serif; font-size: 12pt;\"><strong>K\u00e4nguru &#8211; Wettbewerb<\/strong><\/span><\/p><p style=\"text-align: justify;\"><span style=\"font-size: 12pt; font-family: georgia, palatino, serif;\">Der K\u00e4nguru Wettbewerb stammt urspr\u00fcnglich aus Australien. Er wurde von Hochschulmathematikern entworfen, mit dem Ziel die Begeisterung f\u00fcr das Erlernen der Mathematik zu steigern und Ber\u00fchrungs\u00e4ngste mit diesem Fach abzubauen. <\/span><span style=\"font-size: 12pt; font-family: georgia, palatino, serif;\">Mittlerweile nehmen L\u00e4nder aus ganz Europa, Amerika und Asien teil. In \u00fcber 60 L\u00e4ndern starten mehr als sechs Millionen Teilnehmerinnen und Teilnehmer jeweils am 3. Donnerstag im M\u00e4rz. In Deutschland haben sich 2018 \u00fcber 900 000 Sch\u00fclerinnen und Sch\u00fcler beteiligt.<\/span><\/p><p style=\"text-align: justify;\"><span style=\"font-family: georgia, palatino, serif; font-size: 12pt;\">Weitere Informationen: <a href=\"http:\/\/www.mathe-kaenguru.de\" target=\"_blank\" rel=\"noopener\">www.mathe-k\u00e4nguru.de<\/a><\/span><\/p><p style=\"text-align: justify;\"><span style=\"font-family: georgia, palatino, serif; font-size: 12pt;\"><strong>Pangea \u2013 Wettbewerb<\/strong><\/span><\/p><p style=\"text-align: justify;\"><span style=\"font-size: 12pt; font-family: georgia, palatino, serif;\">Benannt nach dem Superkontinent Pangea, der vor 250 Millionen Jahren alle f\u00fcnf Kontinente auf einer Fl\u00e4che vereinte, soll der bundesweite Mathematikwettbewerb Pangea Sch\u00fclerinnen und Sch\u00fcler unterschiedlichster Herkunft und Bildungsniveaus zusammenbringen.\u00a0Mittlerweile nehmen 18 europ\u00e4ische L\u00e4nder teil. Leider haben viele Kinder \u201eAngst\u201c vor Mathematik. Diese Angst ist unbegr\u00fcndet und kann durch Erfolgserlebnisse abgebaut werden. Um allen Kindern gerecht zu werden, sind beim Pangea Wettbewerb durch geschickte Aufgabenstellungen viele Aufgaben in der Vorrunde f\u00fcr Sch\u00fclerinnen und Sch\u00fcler l\u00f6sbar. Auch schw\u00e4chere Sch\u00fcler werden dadurch f\u00fcr die Mathematik motiviert.\u00a0Der Pangea-Mathematikwettbewerb verbindet die Freude am Knobeln und Gr\u00fcbeln, an Logik und Rechenkunst. Die Sch\u00fclerinnen und Sch\u00fcler, die sich der Mathematik abgeneigt f\u00fchlen, \u00f6ffnen sich dieser wieder und haben sogar Spa\u00df daran. Die Teilnehmer k\u00f6nnen und sollen ihre eigenen Erfahrungen auch an ihre Freunde und Klassenkameraden weitervermitteln und diese mit ihrer Freude am Rechnen anstecken! Das ist die Philosophie der Organisatoren des Wettbewerbs.<\/span><\/p><p style=\"text-align: justify;\"><span style=\"font-family: georgia, palatino, serif; font-size: 12pt;\">Weitere Informationen: <a href=\"http:\/\/www.pangea-wettbewerb.de\" target=\"_blank\" rel=\"noopener\">www.pangea-wettbewerb.de<\/a><\/span><\/p><p style=\"text-align: justify;\"><span style=\"font-family: georgia, palatino, serif; font-size: 12pt;\"><strong>Lange Nacht der Mathematik<\/strong><\/span><\/p><p style=\"text-align: justify;\"><span style=\"font-size: 12pt; font-family: georgia, palatino, serif;\">Die Mathenacht ist f\u00fcr alle Freunde der Mathematikwettbewerbe am Gymnasium Nordenham ein echtes Highlight im Jahr. Alle interessierten Sch\u00fclerinnen und Sch\u00fcler ab Klasse 5 sind eingeladen, gegen Ende November eine ganz Nacht lang an den verschiedensten Knobelaufgaben zu r\u00e4tseln und t\u00fcfteln. Der von einer Gruppe in Schleswig-Holstein organisierte Wettbewerb stellt Aufgaben f\u00fcr verschiedene Altersstufen bereit. Es gibt insgesamt drei Runden. Ab 18 Uhr an einem Freitagabend versuchen die Sch\u00fclerteams je Runde 10 Aufgaben erfolgreich zu bearbeiten. Die ersten beiden Runden werden bew\u00e4ltigt, indem die richtigen L\u00f6sungen per Onlinemaske zur\u00fcckgemeldet werden. In dieser Phase arbeiten die jeweiligen Jahrg\u00e4nge zusammen. Nur eine Gruppe muss die richtigen Antworten eingeben, um alle Teams dieser Altersstufe f\u00fcr die n\u00e4chste Runde freizuschalten.<\/span><\/p><p style=\"text-align: justify;\"><span style=\"font-size: 12pt; font-family: georgia, palatino, serif;\">Die letzte Runde ist dagegen eine reine Teamrunde. Hier sind wieder schriftliche L\u00f6sungen gefragt, die bis 8 Uhr am Samstagmorgen per Email an die Organisatoren zur\u00fcckzumelden sind.<\/span><\/p><p style=\"text-align: justify;\"><span style=\"font-size: 12pt; font-family: georgia, palatino, serif;\">Erstaunlich und begeisternd ist immer wieder die Beharrlichkeit einzelner Teams aus den verschiedensten Jahrg\u00e4ngen, die tats\u00e4chlich bis morgens durchhalten und um kurz vor acht ihre L\u00f6sungen der dritten Runde auf den Weg bringen. F\u00fcr &#8220;die Gro\u00dfen&#8221; ist eine achtbare Platzierung in der Rangliste &#8211; nach der zentralen Auswertung in Schleswig-Holstein &#8211; bereits eine gewisse Frage der Ehre.<\/span><\/p><p style=\"text-align: justify;\"><span style=\"font-size: 12pt; font-family: georgia, palatino, serif;\">Die bindende Kraft dieses besonderen Wettbewerbsevents zeigt sich in einer gro\u00dfen Zahl an Ehemaligen, die auch nach dem Abitur regelm\u00e4\u00dfig zur Mathenacht wieder bei uns im Gymnasium Nordenham vorbeischauen, organisatorisch mitwirken und auch bei der Betreuung der Teilnehmerinnen und Teilnehmer anpacken und mitfiebern.<\/span><\/p><p style=\"text-align: justify;\"><span style=\"font-family: georgia, palatino, serif; font-size: 12pt;\">Informationen: <a href=\"http:\/\/www.mathenacht.de\" target=\"_blank\" rel=\"noopener\">www.mathenacht.de<\/a><\/span><\/p><p style=\"text-align: justify;\"><span style=\"font-size: 12pt; font-family: georgia, palatino, serif;\">Ansprechpartnerin f\u00fcr alle Wettbewerbe ist Frau Blohm.<\/span><\/p>\t\t\t\t\t\t\t\t<\/div>\n\t\t\t\t<\/div>\n\t\t\t\t\t<\/div>\n\t\t<\/div>\n\t\t\t\t<div class=\"elementor-column elementor-col-33 elementor-top-column elementor-element elementor-element-c25fcbf\" data-id=\"c25fcbf\" data-element_type=\"column\" data-e-type=\"column\">\n\t\t\t<div class=\"elementor-widget-wrap elementor-element-populated\">\n\t\t\t\t\t\t<div class=\"elementor-element elementor-element-497df0a elementor-invisible elementor-widget elementor-widget-wp-widget-nav_menu\" data-id=\"497df0a\" data-element_type=\"widget\" data-e-type=\"widget\" data-settings=\"{&quot;_animation&quot;:&quot;fadeInUp&quot;}\" data-widget_type=\"wp-widget-nav_menu.default\">\n\t\t\t\t<div class=\"elementor-widget-container\">\n\t\t\t\t\t<div class=\"menu-fachmenue-mathematik-container\"><ul id=\"menu-fachmenue-mathematik\" class=\"menu\"><li id=\"menu-item-864\" class=\"menu-item menu-item-type-post_type menu-item-object-page menu-item-864\"><a href=\"https:\/\/gymnasium-nordenham.de\/en\/fach-x-mathematik\">Mathematik am GN<\/a><\/li>\n<li id=\"menu-item-1387\" class=\"menu-item menu-item-type-post_type menu-item-object-page menu-item-1387\"><a href=\"https:\/\/gymnasium-nordenham.de\/en\/fach-x-mathematik-lehrwerke\">Lehrwerke<\/a><\/li>\n<li id=\"menu-item-1384\" class=\"menu-item menu-item-type-post_type menu-item-object-page menu-item-1384\"><a href=\"https:\/\/gymnasium-nordenham.de\/en\/fach-x-mathematik-curricula\">Curricula<\/a><\/li>\n<li id=\"menu-item-1386\" class=\"menu-item menu-item-type-post_type menu-item-object-page menu-item-1386\"><a href=\"https:\/\/gymnasium-nordenham.de\/en\/fach-x-mathematik-klassenarbeiten-und-klausuren\">Klassenarbeiten und Klausuren<\/a><\/li>\n<li id=\"menu-item-1388\" class=\"menu-item menu-item-type-post_type menu-item-object-page menu-item-1388\"><a href=\"https:\/\/gymnasium-nordenham.de\/en\/fach-x-mathematik-weitere-angebote\">Weitere Angebote<\/a><\/li>\n<\/ul><\/div>\t\t\t\t<\/div>\n\t\t\t\t<\/div>\n\t\t\t\t\t<\/div>\n\t\t<\/div>\n\t\t\t\t\t<\/div>\n\t\t<\/section>\n\t\t\t\t<\/div>","protected":false},"excerpt":{"rendered":"<p>Weitere Angebote Mathematik-Olympiade Die Mathematik-Olympiade ist ein bundesweiter Mathematikwettbewerb, der interessierten Sch\u00fclern und Sch\u00fclerinnen die M\u00f6glichkeit bietet, sich \u00fcber den Unterrichtsstoff hinaus kreativ mit mathematischen Sachverhalten auseinander zu setzen. Zudem ist es ein Rundenwettbewerb \u2013 die Leistungsst\u00e4rksten einer Runde qualifizieren &hellip; <a href=\"https:\/\/gymnasium-nordenham.de\/en\/fach-x-mathematik-weitere-angebote\">Continue reading <span class=\"meta-nav\">&rarr;<\/span><\/a><\/p>","protected":false},"author":4,"featured_media":0,"parent":0,"menu_order":0,"comment_status":"closed","ping_status":"closed","template":"elementor_header_footer","meta":{"_crdt_document":"","footnotes":""},"class_list":["post-858","page","type-page","status-publish","hentry"],"yoast_head":"<!-- This site is optimized with the Yoast SEO plugin v27.3 - https:\/\/yoast.com\/product\/yoast-seo-wordpress\/ -->\n<title>Mathematik - Weitere Angebote - Gymnasium Nordenham<\/title>\n<meta name=\"robots\" content=\"index, follow, max-snippet:-1, max-image-preview:large, max-video-preview:-1\" \/>\n<link rel=\"canonical\" href=\"https:\/\/gymnasium-nordenham.de\/en\/fach-x-mathematik-weitere-angebote\/\" \/>\n<meta property=\"og:locale\" content=\"en_GB\" \/>\n<meta property=\"og:type\" content=\"article\" \/>\n<meta property=\"og:title\" content=\"Mathematik - Weitere Angebote - Gymnasium Nordenham\" \/>\n<meta property=\"og:description\" content=\"Weitere Angebote Mathematik-Olympiade Die Mathematik-Olympiade ist ein bundesweiter Mathematikwettbewerb, der interessierten Sch\u00fclern und Sch\u00fclerinnen die M\u00f6glichkeit bietet, sich \u00fcber den Unterrichtsstoff hinaus kreativ mit mathematischen Sachverhalten auseinander zu setzen. Zudem ist es ein Rundenwettbewerb \u2013 die Leistungsst\u00e4rksten einer Runde qualifizieren &hellip; Continue reading &rarr;\" \/>\n<meta property=\"og:url\" content=\"https:\/\/gymnasium-nordenham.de\/en\/fach-x-mathematik-weitere-angebote\/\" \/>\n<meta property=\"og:site_name\" content=\"Gymnasium Nordenham\" \/>\n<meta property=\"article:modified_time\" content=\"2020-12-22T10:56:22+00:00\" \/>\n<meta name=\"twitter:card\" content=\"summary_large_image\" \/>\n<meta name=\"twitter:label1\" content=\"Estimated reading time\" \/>\n\t<meta name=\"twitter:data1\" content=\"4 minutes\" \/>\n<script type=\"application\/ld+json\" class=\"yoast-schema-graph\">{\"@context\":\"https:\\\/\\\/schema.org\",\"@graph\":[{\"@type\":\"WebPage\",\"@id\":\"https:\\\/\\\/gymnasium-nordenham.de\\\/fach-x-mathematik-weitere-angebote\",\"url\":\"https:\\\/\\\/gymnasium-nordenham.de\\\/fach-x-mathematik-weitere-angebote\",\"name\":\"Mathematik - Weitere Angebote - Gymnasium Nordenham\",\"isPartOf\":{\"@id\":\"https:\\\/\\\/gymnasium-nordenham.de\\\/#website\"},\"datePublished\":\"2020-01-22T19:18:22+00:00\",\"dateModified\":\"2020-12-22T10:56:22+00:00\",\"breadcrumb\":{\"@id\":\"https:\\\/\\\/gymnasium-nordenham.de\\\/fach-x-mathematik-weitere-angebote#breadcrumb\"},\"inLanguage\":\"en-GB\",\"potentialAction\":[{\"@type\":\"ReadAction\",\"target\":[\"https:\\\/\\\/gymnasium-nordenham.de\\\/fach-x-mathematik-weitere-angebote\"]}]},{\"@type\":\"BreadcrumbList\",\"@id\":\"https:\\\/\\\/gymnasium-nordenham.de\\\/fach-x-mathematik-weitere-angebote#breadcrumb\",\"itemListElement\":[{\"@type\":\"ListItem\",\"position\":1,\"name\":\"Startseite\",\"item\":\"https:\\\/\\\/gymnasium-nordenham.de\\\/\"},{\"@type\":\"ListItem\",\"position\":2,\"name\":\"Mathematik &#8211; Weitere Angebote\"}]},{\"@type\":\"WebSite\",\"@id\":\"https:\\\/\\\/gymnasium-nordenham.de\\\/#website\",\"url\":\"https:\\\/\\\/gymnasium-nordenham.de\\\/\",\"name\":\"Gymnasium Nordenham\",\"description\":\"Miteinander, voneinander und f\u00fcreinander lernen\",\"potentialAction\":[{\"@type\":\"SearchAction\",\"target\":{\"@type\":\"EntryPoint\",\"urlTemplate\":\"https:\\\/\\\/gymnasium-nordenham.de\\\/?s={search_term_string}\"},\"query-input\":{\"@type\":\"PropertyValueSpecification\",\"valueRequired\":true,\"valueName\":\"search_term_string\"}}],\"inLanguage\":\"en-GB\"}]}<\/script>\n<!-- \/ Yoast SEO plugin. -->","yoast_head_json":{"title":"Mathematik - Weitere Angebote - Gymnasium Nordenham","robots":{"index":"index","follow":"follow","max-snippet":"max-snippet:-1","max-image-preview":"max-image-preview:large","max-video-preview":"max-video-preview:-1"},"canonical":"https:\/\/gymnasium-nordenham.de\/en\/fach-x-mathematik-weitere-angebote\/","og_locale":"en_GB","og_type":"article","og_title":"Mathematik - Weitere Angebote - Gymnasium Nordenham","og_description":"Weitere Angebote Mathematik-Olympiade Die Mathematik-Olympiade ist ein bundesweiter Mathematikwettbewerb, der interessierten Sch\u00fclern und Sch\u00fclerinnen die M\u00f6glichkeit bietet, sich \u00fcber den Unterrichtsstoff hinaus kreativ mit mathematischen Sachverhalten auseinander zu setzen. Zudem ist es ein Rundenwettbewerb \u2013 die Leistungsst\u00e4rksten einer Runde qualifizieren &hellip; Continue reading &rarr;","og_url":"https:\/\/gymnasium-nordenham.de\/en\/fach-x-mathematik-weitere-angebote\/","og_site_name":"Gymnasium Nordenham","article_modified_time":"2020-12-22T10:56:22+00:00","twitter_card":"summary_large_image","twitter_misc":{"Estimated reading time":"4 minutes"},"schema":{"@context":"https:\/\/schema.org","@graph":[{"@type":"WebPage","@id":"https:\/\/gymnasium-nordenham.de\/fach-x-mathematik-weitere-angebote","url":"https:\/\/gymnasium-nordenham.de\/fach-x-mathematik-weitere-angebote","name":"Mathematik - Weitere Angebote - Gymnasium Nordenham","isPartOf":{"@id":"https:\/\/gymnasium-nordenham.de\/#website"},"datePublished":"2020-01-22T19:18:22+00:00","dateModified":"2020-12-22T10:56:22+00:00","breadcrumb":{"@id":"https:\/\/gymnasium-nordenham.de\/fach-x-mathematik-weitere-angebote#breadcrumb"},"inLanguage":"en-GB","potentialAction":[{"@type":"ReadAction","target":["https:\/\/gymnasium-nordenham.de\/fach-x-mathematik-weitere-angebote"]}]},{"@type":"BreadcrumbList","@id":"https:\/\/gymnasium-nordenham.de\/fach-x-mathematik-weitere-angebote#breadcrumb","itemListElement":[{"@type":"ListItem","position":1,"name":"Startseite","item":"https:\/\/gymnasium-nordenham.de\/"},{"@type":"ListItem","position":2,"name":"Mathematik &#8211; Weitere Angebote"}]},{"@type":"WebSite","@id":"https:\/\/gymnasium-nordenham.de\/#website","url":"https:\/\/gymnasium-nordenham.de\/","name":"Gymnasium Nordenham","description":"Miteinander, voneinander und f\u00fcreinander lernen","potentialAction":[{"@type":"SearchAction","target":{"@type":"EntryPoint","urlTemplate":"https:\/\/gymnasium-nordenham.de\/?s={search_term_string}"},"query-input":{"@type":"PropertyValueSpecification","valueRequired":true,"valueName":"search_term_string"}}],"inLanguage":"en-GB"}]}},"_links":{"self":[{"href":"https:\/\/gymnasium-nordenham.de\/en\/wp-json\/wp\/v2\/pages\/858","targetHints":{"allow":["GET"]}}],"collection":[{"href":"https:\/\/gymnasium-nordenham.de\/en\/wp-json\/wp\/v2\/pages"}],"about":[{"href":"https:\/\/gymnasium-nordenham.de\/en\/wp-json\/wp\/v2\/types\/page"}],"author":[{"embeddable":true,"href":"https:\/\/gymnasium-nordenham.de\/en\/wp-json\/wp\/v2\/users\/4"}],"replies":[{"embeddable":true,"href":"https:\/\/gymnasium-nordenham.de\/en\/wp-json\/wp\/v2\/comments?post=858"}],"version-history":[{"count":0,"href":"https:\/\/gymnasium-nordenham.de\/en\/wp-json\/wp\/v2\/pages\/858\/revisions"}],"wp:attachment":[{"href":"https:\/\/gymnasium-nordenham.de\/en\/wp-json\/wp\/v2\/media?parent=858"}],"curies":[{"name":"wp","href":"https:\/\/api.w.org\/{rel}","templated":true}]}}