{"id":845,"date":"2020-01-22T19:04:29","date_gmt":"2020-01-22T19:04:29","guid":{"rendered":"https:\/\/gymnasiumnordenhamtest.live-website.com\/?page_id=845"},"modified":"2020-12-22T11:18:13","modified_gmt":"2020-12-22T10:18:13","slug":"fach-x-mathematik","status":"publish","type":"page","link":"https:\/\/gymnasium-nordenham.de\/en\/fach-x-mathematik","title":{"rendered":"Mathematik am GN"},"content":{"rendered":"<div data-elementor-type=\"wp-page\" data-elementor-id=\"845\" class=\"elementor elementor-845\" data-elementor-post-type=\"page\">\n\t\t\t\t\t\t<section class=\"elementor-section elementor-top-section elementor-element elementor-element-5257c4b elementor-section-full_width elementor-section-height-default elementor-section-height-default\" data-id=\"5257c4b\" data-element_type=\"section\" data-e-type=\"section\">\n\t\t\t\t\t\t<div class=\"elementor-container elementor-column-gap-default\">\n\t\t\t\t\t<div class=\"elementor-column elementor-col-100 elementor-top-column elementor-element elementor-element-929ce8f\" data-id=\"929ce8f\" data-element_type=\"column\" data-e-type=\"column\" data-settings=\"{&quot;background_background&quot;:&quot;classic&quot;}\">\n\t\t\t<div class=\"elementor-widget-wrap elementor-element-populated\">\n\t\t\t\t\t\t<div class=\"elementor-element elementor-element-de78d44 elementor-widget elementor-widget-heading\" data-id=\"de78d44\" data-element_type=\"widget\" data-e-type=\"widget\" data-widget_type=\"heading.default\">\n\t\t\t\t<div class=\"elementor-widget-container\">\n\t\t\t\t\t<h2 class=\"elementor-heading-title elementor-size-large\">Mathematik<\/h2>\t\t\t\t<\/div>\n\t\t\t\t<\/div>\n\t\t\t\t\t<\/div>\n\t\t<\/div>\n\t\t\t\t\t<\/div>\n\t\t<\/section>\n\t\t\t\t<section class=\"elementor-section elementor-top-section elementor-element elementor-element-9215942 elementor-section-full_width elementor-section-height-default elementor-section-height-default\" data-id=\"9215942\" data-element_type=\"section\" data-e-type=\"section\">\n\t\t\t\t\t\t<div class=\"elementor-container elementor-column-gap-default\">\n\t\t\t\t\t<div class=\"elementor-column elementor-col-66 elementor-top-column elementor-element elementor-element-bc4bb8e\" data-id=\"bc4bb8e\" data-element_type=\"column\" data-e-type=\"column\">\n\t\t\t<div class=\"elementor-widget-wrap elementor-element-populated\">\n\t\t\t\t\t\t<div class=\"elementor-element elementor-element-79524d2 elementor-widget elementor-widget-image\" data-id=\"79524d2\" data-element_type=\"widget\" data-e-type=\"widget\" data-widget_type=\"image.default\">\n\t\t\t\t<div class=\"elementor-widget-container\">\n\t\t\t\t\t\t\t\t\t\t\t\t\t\t\t<img fetchpriority=\"high\" decoding=\"async\" width=\"601\" height=\"196\" src=\"https:\/\/gymnasium-nordenham.de\/wp-content\/uploads\/2020\/01\/Mathe-Bild-e1608632175929.jpg\" class=\"attachment-1536x1536 size-1536x1536 wp-image-924\" alt=\"\" srcset=\"https:\/\/gymnasium-nordenham.de\/wp-content\/uploads\/2020\/01\/Mathe-Bild-e1608632175929.jpg 601w, https:\/\/gymnasium-nordenham.de\/wp-content\/uploads\/2020\/01\/Mathe-Bild-e1608632175929-300x98.jpg 300w\" sizes=\"(max-width: 601px) 100vw, 601px\" \/>\t\t\t\t\t\t\t\t\t\t\t\t\t\t\t<\/div>\n\t\t\t\t<\/div>\n\t\t\t\t<div class=\"elementor-element elementor-element-0bced0f elementor-widget elementor-widget-text-editor\" data-id=\"0bced0f\" data-element_type=\"widget\" data-e-type=\"widget\" data-widget_type=\"text-editor.default\">\n\t\t\t\t<div class=\"elementor-widget-container\">\n\t\t\t\t\t\t\t\t\t<p style=\"text-align: justify;\"><span style=\"font-size: 12pt; font-family: georgia, palatino, serif;\">Unsere Kultur entwickelt unterschiedliche Zug\u00e4nge, die Welt zu verstehen; diese sind nicht wechselseitig ersetzbar. Ein Zugang wird durch die Denkweise der Mathematik er\u00f6ffnet, durch die Sch\u00fclerinnen und Sch\u00fcler in der Auseinandersetzung mit mathematischen Fragestellungen \u2013 \u00fcber die Aneignung lebensn\u00fctzlicher Inhalte hinaus \u2013 eine zeitgem\u00e4\u00dfe Allgemeinbildung erwerben k\u00f6nnen. Dabei besteht der Beitrag des Mathematikunterrichts zur Allgemeinbildung im Wesentlichen aus folgenden Aspekten:<\/span><\/p><p style=\"text-align: justify;\"><span style=\"font-size: 12pt; font-family: georgia, palatino, serif;\">Mathematik verbirgt sich in vielen Ph\u00e4nomenen der uns umgebenden Welt. Sch\u00fclerinnen und Sch\u00fcler k\u00f6nnen den mathematischen Gehalt allt\u00e4glicher Situationen und Ph\u00e4nomene wahrnehmen, verstehen und unter Nutzung mathematischer Gesichtspunkte beurteilen. Indem sie Mathematik als n\u00fctzliche und brauchbare Wissenschaft mit Anwendungen in vielen Bereichen erleben, kann die Mathematik ihnen Orientierung in einer zunehmend technisierten und \u00f6konomisierten Welt bieten.<\/span><\/p><p style=\"text-align: justify;\"><span style=\"font-size: 12pt; font-family: georgia, palatino, serif;\">Die Mathematik bzw. die mathematische Erkenntnisgewinnung ist eine kulturelle Errungenschaft, die historisch gewachsen ist. Mathematische Begriffe und Methoden entwickelten sich an Fragestellungen und Problemen, die auch an gesellschaftliche und praktische Bedingungen gebunden sind. Mathematik l\u00e4sst sich nicht mit einem abgeschlossenen Wissenskanon erfassen, sondern steht vielmehr f\u00fcr lebendiges und phantasievolles Handeln, das auf menschlicher Kreativit\u00e4t beruht. Sch\u00fclerinnen und Sch\u00fcler k\u00f6nnen Mathematik als ein Werkzeug zur Beschreibung der Umwelt und dessen Bedeutung f\u00fcr die kulturelle Entwicklung erfahren.<\/span><\/p><p style=\"text-align: center;\"><span style=\"font-size: 12pt; font-family: georgia, palatino, serif;\"><em>&#8220;Es ist nicht das Wissen, sondern das Lernen,<\/em><\/span><br \/><span style=\"font-size: 12pt; font-family: georgia, palatino, serif;\"><em>nicht das Besitzen, sondern das Erwerben,<\/em><\/span><br \/><span style=\"font-size: 12pt; font-family: georgia, palatino, serif;\"><em>nicht das Dasein, sondern das Hinkommen,<\/em><\/span><br \/><span style=\"font-size: 12pt; font-family: georgia, palatino, serif;\"><em>was den gr\u00f6\u00dften Genuss gew\u00e4hrt.&#8221;<\/em><\/span><br \/><span style=\"font-family: georgia, palatino, serif; font-size: 12pt;\">(Carl Friedrich Gau\u00df; 1777 -1855)<\/span><\/p><p style=\"text-align: justify;\"><span style=\"font-size: 12pt; font-family: georgia, palatino, serif;\">Probleme l\u00f6sen\u00a0\u2013 das ist das wichtigste Anwendungsgebiet der Mathematik und daher soll der moderne Mathematikunterricht die Sch\u00fclerinnen und Sch\u00fcler vor allem bef\u00e4higen, die Bedeutung der Mathematik in der Welt zu verstehen und Mathematik in angemessener Weise anzuwenden.<\/span><\/p><p style=\"text-align: justify;\"><span style=\"font-size: 12pt; font-family: georgia, palatino, serif;\">Inhalte und Methoden des Mathematikunterrichts wurden in den vergangenen Jahren auf dieses Ziel ausgerichtet, wie an den\u00a0Kerncurricula\u00a0und den Inhalten des Zentralabiturs zu erkennen ist.<\/span><\/p><p style=\"text-align: justify;\"><span style=\"font-size: 12pt; font-family: georgia, palatino, serif;\">Damit haben sich auch die Schwerpunkte des Unterrichts ge\u00e4ndert. <\/span><span style=\"font-size: 12pt; font-family: georgia, palatino, serif;\">Es wird mehr Wert gelegt auf:<\/span><\/p><ul style=\"text-align: justify;\"><li><span style=\"font-size: 12pt; font-family: georgia, palatino, serif;\">Lernen durch selbstst\u00e4ndiges Entdecken von Zusammenh\u00e4ngen,<\/span><\/li><li><span style=\"font-size: 12pt; font-family: georgia, palatino, serif;\">Modellieren, d.h. mathematisches Erfassen von Anwendungssituationen,<\/span><\/li><li><span style=\"font-size: 12pt; font-family: georgia, palatino, serif;\">Eigenst\u00e4ndiges Beschreiben, Begr\u00fcnden und Vergleichen von L\u00f6sungswegen.<\/span><\/li><\/ul><p style=\"text-align: justify;\"><span style=\"font-size: 12pt; font-family: georgia, palatino, serif;\">Weniger Wert wird dagegen auf reine Rechen\u00fcbungen gelegt, wobei aber selbstverst\u00e4ndlich die grundlegenden Fertigkeiten des Rechnens nicht verloren gehen d\u00fcrfen und daher immer wieder ge\u00fcbt werden.<\/span><\/p><p style=\"text-align: justify;\"><span style=\"font-size: 12pt; font-family: georgia, palatino, serif;\">Die ver\u00e4nderten Unterrichtsschwerpunkte werden erm\u00f6glicht durch den Einsatz\u00a0Neuer Technologien, so dass der Taschencomputer ein wichtiges Arbeitsmittel ist. Er unterst\u00fctzt unsere Sch\u00fclerinnen und Sch\u00fcler in Situationen des \u201eentdeckenden Lernens\u201c und entlastet von schwierigen Termumformungen, so dass der Schwerpunkt tats\u00e4chlich auf das\u00a0Mathematisieren von Problemen, das\u00a0Kommunizieren\u00a0\u00fcber mathematische Inhalte und das\u00a0Erforschen unterschiedlicher L\u00f6sungswege gelegt werden kann \u2013 so wie es die bundesweiten Bildungsstandards vorgeben.<\/span><\/p>\t\t\t\t\t\t\t\t<\/div>\n\t\t\t\t<\/div>\n\t\t\t\t\t<\/div>\n\t\t<\/div>\n\t\t\t\t<div class=\"elementor-column elementor-col-33 elementor-top-column elementor-element elementor-element-c25fcbf\" data-id=\"c25fcbf\" data-element_type=\"column\" data-e-type=\"column\">\n\t\t\t<div class=\"elementor-widget-wrap elementor-element-populated\">\n\t\t\t\t\t\t<div class=\"elementor-element elementor-element-497df0a elementor-invisible elementor-widget elementor-widget-wp-widget-nav_menu\" data-id=\"497df0a\" data-element_type=\"widget\" data-e-type=\"widget\" data-settings=\"{&quot;_animation&quot;:&quot;fadeInUp&quot;}\" data-widget_type=\"wp-widget-nav_menu.default\">\n\t\t\t\t<div class=\"elementor-widget-container\">\n\t\t\t\t\t<div class=\"menu-fachmenue-mathematik-container\"><ul id=\"menu-fachmenue-mathematik\" class=\"menu\"><li id=\"menu-item-864\" class=\"menu-item menu-item-type-post_type menu-item-object-page menu-item-864\"><a href=\"https:\/\/gymnasium-nordenham.de\/en\/fach-x-mathematik\">Mathematik am GN<\/a><\/li>\n<li id=\"menu-item-1387\" class=\"menu-item menu-item-type-post_type menu-item-object-page menu-item-1387\"><a href=\"https:\/\/gymnasium-nordenham.de\/en\/fach-x-mathematik-lehrwerke\">Lehrwerke<\/a><\/li>\n<li id=\"menu-item-1384\" class=\"menu-item menu-item-type-post_type menu-item-object-page menu-item-1384\"><a href=\"https:\/\/gymnasium-nordenham.de\/en\/fach-x-mathematik-curricula\">Curricula<\/a><\/li>\n<li id=\"menu-item-1386\" class=\"menu-item menu-item-type-post_type menu-item-object-page menu-item-1386\"><a href=\"https:\/\/gymnasium-nordenham.de\/en\/fach-x-mathematik-klassenarbeiten-und-klausuren\">Klassenarbeiten und Klausuren<\/a><\/li>\n<li id=\"menu-item-1388\" class=\"menu-item menu-item-type-post_type menu-item-object-page menu-item-1388\"><a href=\"https:\/\/gymnasium-nordenham.de\/en\/fach-x-mathematik-weitere-angebote\">Weitere Angebote<\/a><\/li>\n<\/ul><\/div>\t\t\t\t<\/div>\n\t\t\t\t<\/div>\n\t\t\t\t\t<\/div>\n\t\t<\/div>\n\t\t\t\t\t<\/div>\n\t\t<\/section>\n\t\t\t\t<\/div>","protected":false},"excerpt":{"rendered":"<p>Mathematik Unsere Kultur entwickelt unterschiedliche Zug\u00e4nge, die Welt zu verstehen; diese sind nicht wechselseitig ersetzbar. Ein Zugang wird durch die Denkweise der Mathematik er\u00f6ffnet, durch die Sch\u00fclerinnen und Sch\u00fcler in der Auseinandersetzung mit mathematischen Fragestellungen \u2013 \u00fcber die Aneignung lebensn\u00fctzlicher &hellip; <a href=\"https:\/\/gymnasium-nordenham.de\/en\/fach-x-mathematik\">Continue reading <span class=\"meta-nav\">&rarr;<\/span><\/a><\/p>","protected":false},"author":4,"featured_media":0,"parent":0,"menu_order":0,"comment_status":"closed","ping_status":"closed","template":"elementor_header_footer","meta":{"_crdt_document":"","footnotes":""},"class_list":["post-845","page","type-page","status-publish","hentry"],"yoast_head":"<!-- This site is optimized with the Yoast SEO plugin v27.3 - https:\/\/yoast.com\/product\/yoast-seo-wordpress\/ -->\n<title>Mathematik am GN - Gymnasium Nordenham<\/title>\n<meta name=\"robots\" content=\"index, follow, max-snippet:-1, max-image-preview:large, max-video-preview:-1\" \/>\n<link rel=\"canonical\" href=\"https:\/\/gymnasium-nordenham.de\/en\/fach-x-mathematik\/\" \/>\n<meta property=\"og:locale\" content=\"en_GB\" \/>\n<meta property=\"og:type\" content=\"article\" \/>\n<meta property=\"og:title\" content=\"Mathematik am GN - Gymnasium Nordenham\" \/>\n<meta property=\"og:description\" content=\"Mathematik Unsere Kultur entwickelt unterschiedliche Zug\u00e4nge, die Welt zu verstehen; diese sind nicht wechselseitig ersetzbar. Ein Zugang wird durch die Denkweise der Mathematik er\u00f6ffnet, durch die Sch\u00fclerinnen und Sch\u00fcler in der Auseinandersetzung mit mathematischen Fragestellungen \u2013 \u00fcber die Aneignung lebensn\u00fctzlicher &hellip; Continue reading &rarr;\" \/>\n<meta property=\"og:url\" content=\"https:\/\/gymnasium-nordenham.de\/en\/fach-x-mathematik\/\" \/>\n<meta property=\"og:site_name\" content=\"Gymnasium Nordenham\" \/>\n<meta property=\"article:modified_time\" content=\"2020-12-22T10:18:13+00:00\" \/>\n<meta property=\"og:image\" content=\"https:\/\/gymnasium-nordenham.de\/wp-content\/uploads\/2020\/01\/Mathe-Bild-e1608632175929.jpg\" \/>\n<meta name=\"twitter:card\" content=\"summary_large_image\" \/>\n<meta name=\"twitter:label1\" content=\"Estimated reading time\" \/>\n\t<meta name=\"twitter:data1\" content=\"2 minutes\" \/>\n<script type=\"application\/ld+json\" class=\"yoast-schema-graph\">{\"@context\":\"https:\\\/\\\/schema.org\",\"@graph\":[{\"@type\":\"WebPage\",\"@id\":\"https:\\\/\\\/gymnasium-nordenham.de\\\/fach-x-mathematik\",\"url\":\"https:\\\/\\\/gymnasium-nordenham.de\\\/fach-x-mathematik\",\"name\":\"Mathematik am GN - Gymnasium Nordenham\",\"isPartOf\":{\"@id\":\"https:\\\/\\\/gymnasium-nordenham.de\\\/#website\"},\"primaryImageOfPage\":{\"@id\":\"https:\\\/\\\/gymnasium-nordenham.de\\\/fach-x-mathematik#primaryimage\"},\"image\":{\"@id\":\"https:\\\/\\\/gymnasium-nordenham.de\\\/fach-x-mathematik#primaryimage\"},\"thumbnailUrl\":\"https:\\\/\\\/gymnasium-nordenham.de\\\/wp-content\\\/uploads\\\/2020\\\/01\\\/Mathe-Bild-e1608632175929.jpg\",\"datePublished\":\"2020-01-22T19:04:29+00:00\",\"dateModified\":\"2020-12-22T10:18:13+00:00\",\"breadcrumb\":{\"@id\":\"https:\\\/\\\/gymnasium-nordenham.de\\\/fach-x-mathematik#breadcrumb\"},\"inLanguage\":\"en-GB\",\"potentialAction\":[{\"@type\":\"ReadAction\",\"target\":[\"https:\\\/\\\/gymnasium-nordenham.de\\\/fach-x-mathematik\"]}]},{\"@type\":\"ImageObject\",\"inLanguage\":\"en-GB\",\"@id\":\"https:\\\/\\\/gymnasium-nordenham.de\\\/fach-x-mathematik#primaryimage\",\"url\":\"https:\\\/\\\/gymnasium-nordenham.de\\\/wp-content\\\/uploads\\\/2020\\\/01\\\/Mathe-Bild-e1608632175929.jpg\",\"contentUrl\":\"https:\\\/\\\/gymnasium-nordenham.de\\\/wp-content\\\/uploads\\\/2020\\\/01\\\/Mathe-Bild-e1608632175929.jpg\"},{\"@type\":\"BreadcrumbList\",\"@id\":\"https:\\\/\\\/gymnasium-nordenham.de\\\/fach-x-mathematik#breadcrumb\",\"itemListElement\":[{\"@type\":\"ListItem\",\"position\":1,\"name\":\"Startseite\",\"item\":\"https:\\\/\\\/gymnasium-nordenham.de\\\/\"},{\"@type\":\"ListItem\",\"position\":2,\"name\":\"Mathematik am GN\"}]},{\"@type\":\"WebSite\",\"@id\":\"https:\\\/\\\/gymnasium-nordenham.de\\\/#website\",\"url\":\"https:\\\/\\\/gymnasium-nordenham.de\\\/\",\"name\":\"Gymnasium Nordenham\",\"description\":\"Miteinander, voneinander und f\u00fcreinander lernen\",\"potentialAction\":[{\"@type\":\"SearchAction\",\"target\":{\"@type\":\"EntryPoint\",\"urlTemplate\":\"https:\\\/\\\/gymnasium-nordenham.de\\\/?s={search_term_string}\"},\"query-input\":{\"@type\":\"PropertyValueSpecification\",\"valueRequired\":true,\"valueName\":\"search_term_string\"}}],\"inLanguage\":\"en-GB\"}]}<\/script>\n<!-- \/ Yoast SEO plugin. -->","yoast_head_json":{"title":"Mathematik am GN - Gymnasium Nordenham","robots":{"index":"index","follow":"follow","max-snippet":"max-snippet:-1","max-image-preview":"max-image-preview:large","max-video-preview":"max-video-preview:-1"},"canonical":"https:\/\/gymnasium-nordenham.de\/en\/fach-x-mathematik\/","og_locale":"en_GB","og_type":"article","og_title":"Mathematik am GN - Gymnasium Nordenham","og_description":"Mathematik Unsere Kultur entwickelt unterschiedliche Zug\u00e4nge, die Welt zu verstehen; diese sind nicht wechselseitig ersetzbar. Ein Zugang wird durch die Denkweise der Mathematik er\u00f6ffnet, durch die Sch\u00fclerinnen und Sch\u00fcler in der Auseinandersetzung mit mathematischen Fragestellungen \u2013 \u00fcber die Aneignung lebensn\u00fctzlicher &hellip; Continue reading &rarr;","og_url":"https:\/\/gymnasium-nordenham.de\/en\/fach-x-mathematik\/","og_site_name":"Gymnasium Nordenham","article_modified_time":"2020-12-22T10:18:13+00:00","og_image":[{"url":"https:\/\/gymnasium-nordenham.de\/wp-content\/uploads\/2020\/01\/Mathe-Bild-e1608632175929.jpg","type":"","width":"","height":""}],"twitter_card":"summary_large_image","twitter_misc":{"Estimated reading time":"2 minutes"},"schema":{"@context":"https:\/\/schema.org","@graph":[{"@type":"WebPage","@id":"https:\/\/gymnasium-nordenham.de\/fach-x-mathematik","url":"https:\/\/gymnasium-nordenham.de\/fach-x-mathematik","name":"Mathematik am GN - Gymnasium Nordenham","isPartOf":{"@id":"https:\/\/gymnasium-nordenham.de\/#website"},"primaryImageOfPage":{"@id":"https:\/\/gymnasium-nordenham.de\/fach-x-mathematik#primaryimage"},"image":{"@id":"https:\/\/gymnasium-nordenham.de\/fach-x-mathematik#primaryimage"},"thumbnailUrl":"https:\/\/gymnasium-nordenham.de\/wp-content\/uploads\/2020\/01\/Mathe-Bild-e1608632175929.jpg","datePublished":"2020-01-22T19:04:29+00:00","dateModified":"2020-12-22T10:18:13+00:00","breadcrumb":{"@id":"https:\/\/gymnasium-nordenham.de\/fach-x-mathematik#breadcrumb"},"inLanguage":"en-GB","potentialAction":[{"@type":"ReadAction","target":["https:\/\/gymnasium-nordenham.de\/fach-x-mathematik"]}]},{"@type":"ImageObject","inLanguage":"en-GB","@id":"https:\/\/gymnasium-nordenham.de\/fach-x-mathematik#primaryimage","url":"https:\/\/gymnasium-nordenham.de\/wp-content\/uploads\/2020\/01\/Mathe-Bild-e1608632175929.jpg","contentUrl":"https:\/\/gymnasium-nordenham.de\/wp-content\/uploads\/2020\/01\/Mathe-Bild-e1608632175929.jpg"},{"@type":"BreadcrumbList","@id":"https:\/\/gymnasium-nordenham.de\/fach-x-mathematik#breadcrumb","itemListElement":[{"@type":"ListItem","position":1,"name":"Startseite","item":"https:\/\/gymnasium-nordenham.de\/"},{"@type":"ListItem","position":2,"name":"Mathematik am GN"}]},{"@type":"WebSite","@id":"https:\/\/gymnasium-nordenham.de\/#website","url":"https:\/\/gymnasium-nordenham.de\/","name":"Gymnasium Nordenham","description":"Miteinander, voneinander und f\u00fcreinander lernen","potentialAction":[{"@type":"SearchAction","target":{"@type":"EntryPoint","urlTemplate":"https:\/\/gymnasium-nordenham.de\/?s={search_term_string}"},"query-input":{"@type":"PropertyValueSpecification","valueRequired":true,"valueName":"search_term_string"}}],"inLanguage":"en-GB"}]}},"_links":{"self":[{"href":"https:\/\/gymnasium-nordenham.de\/en\/wp-json\/wp\/v2\/pages\/845","targetHints":{"allow":["GET"]}}],"collection":[{"href":"https:\/\/gymnasium-nordenham.de\/en\/wp-json\/wp\/v2\/pages"}],"about":[{"href":"https:\/\/gymnasium-nordenham.de\/en\/wp-json\/wp\/v2\/types\/page"}],"author":[{"embeddable":true,"href":"https:\/\/gymnasium-nordenham.de\/en\/wp-json\/wp\/v2\/users\/4"}],"replies":[{"embeddable":true,"href":"https:\/\/gymnasium-nordenham.de\/en\/wp-json\/wp\/v2\/comments?post=845"}],"version-history":[{"count":0,"href":"https:\/\/gymnasium-nordenham.de\/en\/wp-json\/wp\/v2\/pages\/845\/revisions"}],"wp:attachment":[{"href":"https:\/\/gymnasium-nordenham.de\/en\/wp-json\/wp\/v2\/media?parent=845"}],"curies":[{"name":"wp","href":"https:\/\/api.w.org\/{rel}","templated":true}]}}