{"id":694,"date":"2020-01-13T21:23:58","date_gmt":"2020-01-13T21:23:58","guid":{"rendered":"https:\/\/gymnasiumnordenhamtest.live-website.com\/?page_id=694"},"modified":"2020-12-22T12:52:33","modified_gmt":"2020-12-22T11:52:33","slug":"fach-x-am-gymnasium-nordenham","status":"publish","type":"page","link":"https:\/\/gymnasium-nordenham.de\/en\/fach-x-am-gymnasium-nordenham","title":{"rendered":"Kunst &#8211; Der Fachbereich"},"content":{"rendered":"<div data-elementor-type=\"wp-page\" data-elementor-id=\"694\" class=\"elementor elementor-694\" data-elementor-post-type=\"page\">\n\t\t\t\t\t\t<section class=\"elementor-section elementor-top-section elementor-element elementor-element-5257c4b elementor-section-full_width elementor-section-height-default elementor-section-height-default\" data-id=\"5257c4b\" data-element_type=\"section\" data-e-type=\"section\">\n\t\t\t\t\t\t<div class=\"elementor-container elementor-column-gap-default\">\n\t\t\t\t\t<div class=\"elementor-column elementor-col-100 elementor-top-column elementor-element elementor-element-929ce8f\" data-id=\"929ce8f\" data-element_type=\"column\" data-e-type=\"column\" data-settings=\"{&quot;background_background&quot;:&quot;classic&quot;}\">\n\t\t\t<div class=\"elementor-widget-wrap elementor-element-populated\">\n\t\t\t\t\t\t<div class=\"elementor-element elementor-element-de78d44 elementor-widget elementor-widget-heading\" data-id=\"de78d44\" data-element_type=\"widget\" data-e-type=\"widget\" data-widget_type=\"heading.default\">\n\t\t\t\t<div class=\"elementor-widget-container\">\n\t\t\t\t\t<h2 class=\"elementor-heading-title elementor-size-large\">Der Fachbereich<\/h2>\t\t\t\t<\/div>\n\t\t\t\t<\/div>\n\t\t\t\t\t<\/div>\n\t\t<\/div>\n\t\t\t\t\t<\/div>\n\t\t<\/section>\n\t\t\t\t<section class=\"elementor-section elementor-top-section elementor-element elementor-element-9215942 elementor-section-full_width elementor-section-height-default elementor-section-height-default\" data-id=\"9215942\" data-element_type=\"section\" data-e-type=\"section\">\n\t\t\t\t\t\t<div class=\"elementor-container elementor-column-gap-default\">\n\t\t\t\t\t<div class=\"elementor-column elementor-col-66 elementor-top-column elementor-element elementor-element-bc4bb8e\" data-id=\"bc4bb8e\" data-element_type=\"column\" data-e-type=\"column\">\n\t\t\t<div class=\"elementor-widget-wrap elementor-element-populated\">\n\t\t\t\t\t\t<div class=\"elementor-element elementor-element-5ab68b2 elementor-widget elementor-widget-text-editor\" data-id=\"5ab68b2\" data-element_type=\"widget\" data-e-type=\"widget\" data-widget_type=\"text-editor.default\">\n\t\t\t\t<div class=\"elementor-widget-container\">\n\t\t\t\t\t\t\t\t\t<p style=\"text-align: justify;\"><span style=\"font-family: georgia, palatino, serif;\"><strong><span style=\"font-size: 14pt;\">Ausstattung<\/span><\/strong><\/span><\/p><p style=\"text-align: justify;\"><span style=\"font-size: 12pt; font-family: georgia, palatino, serif;\">Unsere Schule besitzt insgesamt zwei Kunstr\u00e4ume. Einer dieser R\u00e4ume wurde erst vor wenigen Jahren zu einem Kunstraum umgebaut und besticht durch ein modernes und funktionales Mobiliar.<\/span><\/p><p style=\"text-align: justify;\"><span style=\"font-size: 12pt; font-family: georgia, palatino, serif;\">Der andere Kunstraum, der sogenannte \u201eKunstzeichensaal\u201c (Bild s.u.), weist aufgrund der urspr\u00fcnglichen und ca. 100 Jahre alten Tische sowie St\u00fchle, die regelm\u00e4\u00dfig abgeschliffen und \u00fcberarbeitet werden, sowie einer imposanten Fensterfl\u00e4che eine besondere Atmosph\u00e4re auf.<\/span><\/p><p style=\"text-align: justify;\"><span style=\"font-size: 12pt; font-family: georgia, palatino, serif;\">Beide Kunstr\u00e4ume sind mit Beamern, Laptops sowie Dokumentenkameras ausgestattet, der Kunstzeichensaal verf\u00fcgt \u00fcber Apple-TV. Schulinterne Ipads k\u00f6nnen ebenfalls verwendet werden. Zum Lagern von Materialien und Sch\u00fclerarbeiten stehen der Fachgruppe drei Lagerr\u00e4ume sowie ein Lehrerzimmer f\u00fcr Kunsterzieher zur Verf\u00fcgung. Zum Inventar geh\u00f6ren ferner ein Brennofen, eine Druckpresse und ein Kopierer.<\/span><\/p>\t\t\t\t\t\t\t\t<\/div>\n\t\t\t\t<\/div>\n\t\t\t\t<div class=\"elementor-element elementor-element-f0aaf7e elementor-widget elementor-widget-image\" data-id=\"f0aaf7e\" data-element_type=\"widget\" data-e-type=\"widget\" data-widget_type=\"image.default\">\n\t\t\t\t<div class=\"elementor-widget-container\">\n\t\t\t\t\t\t\t\t\t\t\t\t\t\t\t<img fetchpriority=\"high\" decoding=\"async\" width=\"1536\" height=\"1152\" src=\"https:\/\/gymnasium-nordenham.de\/wp-content\/uploads\/2020\/01\/Bild-1-1-1536x1152.jpeg\" class=\"attachment-1536x1536 size-1536x1536 wp-image-757\" alt=\"\" srcset=\"https:\/\/gymnasium-nordenham.de\/wp-content\/uploads\/2020\/01\/Bild-1-1-1536x1152.jpeg 1536w, https:\/\/gymnasium-nordenham.de\/wp-content\/uploads\/2020\/01\/Bild-1-1-300x225.jpeg 300w, https:\/\/gymnasium-nordenham.de\/wp-content\/uploads\/2020\/01\/Bild-1-1-1024x768.jpeg 1024w, https:\/\/gymnasium-nordenham.de\/wp-content\/uploads\/2020\/01\/Bild-1-1-768x576.jpeg 768w, https:\/\/gymnasium-nordenham.de\/wp-content\/uploads\/2020\/01\/Bild-1-1-2048x1536.jpeg 2048w\" sizes=\"(max-width: 1536px) 100vw, 1536px\" \/>\t\t\t\t\t\t\t\t\t\t\t\t\t\t\t<\/div>\n\t\t\t\t<\/div>\n\t\t\t\t<div class=\"elementor-element elementor-element-bd500b7 elementor-widget elementor-widget-text-editor\" data-id=\"bd500b7\" data-element_type=\"widget\" data-e-type=\"widget\" data-widget_type=\"text-editor.default\">\n\t\t\t\t<div class=\"elementor-widget-container\">\n\t\t\t\t\t\t\t\t\t<p style=\"text-align: justify;\"><span style=\"font-family: georgia, palatino, serif;\"><strong><span style=\"font-size: 14pt;\">Das Fach Kunst in der Sekundarstufe I<\/span><\/strong><\/span><\/p><p style=\"text-align: justify;\"><span style=\"font-size: 12pt; font-family: georgia, palatino, serif;\">Kunstunterricht findet im Regelunterricht der Sekundarstufe I statt. In den Klassen 5, 7,9 und 10 wird Kunst ganzj\u00e4hrig mit zwei Wochenstunden unterrichtet, w\u00e4hrend Kunst in Klasse 6 sowie 8 einst\u00fcndig angeboten wird. Um auch in diesen beiden Klassenstufen eine m\u00f6glichst gro\u00dfe Effizienz zu erreichen, werden dennoch Doppelstunden unterrichtet, jeweils im halbj\u00e4hrlichen Wechsel mit anderen F\u00e4chern (sog. \u201eEpochalunterricht\u201c), sodass jeder Sch\u00fcler entweder im ersten oder zweiten Halbjahr Kunstunterricht hat.<\/span><\/p>\t\t\t\t\t\t\t\t<\/div>\n\t\t\t\t<\/div>\n\t\t\t\t<div class=\"elementor-element elementor-element-8808440 elementor-widget elementor-widget-text-editor\" data-id=\"8808440\" data-element_type=\"widget\" data-e-type=\"widget\" data-widget_type=\"text-editor.default\">\n\t\t\t\t<div class=\"elementor-widget-container\">\n\t\t\t\t\t\t\t\t\t<p style=\"text-align: justify;\"><span style=\"font-family: georgia, palatino, serif;\"><strong><span style=\"font-size: 14pt;\">Das Fach Kunst in der Sekundarstufe II<\/span><\/strong><\/span><\/p><p style=\"text-align: justify;\"><span style=\"font-size: 12pt; font-family: georgia, palatino, serif;\">In Klasse 10 kann jeder Sch\u00fcler w\u00e4hlen, ob er in der Einf\u00fchrungsphase (Klasse 11) am Fach Darstellendes Spiel, Musik oder Kunst teilnehmen m\u00f6chte.\u00a0\u00a0\u00a0<\/span><\/p><p style=\"text-align: justify;\"><span style=\"font-size: 12pt; font-family: georgia, palatino, serif;\">In Klasse 11 wird das Fach Kunst pro Woche eine Doppelstunde und in der Regel im Klassenverband unterrichtet. Ab Klasse 12 (Q1) findet der Unterricht dreist\u00fcndig (jeweils eine Doppelstunde sowie eine Einzelstunde) statt. Einen Leistungskurs gibt es bisher (noch) nicht, es gibt jedoch die M\u00f6glichkeit, Kunst als viertes, schriftliches Pr\u00fcfungsfach (P4) oder m\u00fcndliches Pr\u00fcfungsfach (P5) zu w\u00e4hlen.<\/span><\/p><p style=\"text-align: justify;\"><span style=\"font-size: 12pt; font-family: georgia, palatino, serif;\">Der Kunstunterricht kn\u00fcpft in der Einf\u00fchrungsphase an bereits erworbene Kompetenzen aus der Sekundarstufe I an und macht es sich zur Aufgabe, Lernende zu einem vergleichbaren Lernstand am Ende der Einf\u00fchrungsphase zu f\u00fchren sowie auf die Anforderungen der Qualifikationsphase vorzubereiten. Bekannte Prinzipien, Fachmethoden sowie Lern- und Arbeitsorganisationsformen werden somit aufgegriffen und in der Einf\u00fchrungs- und Qualifikationsphase aktualisiert, ausdifferenziert und erweitert. Wahrnehmen, Imaginieren, bildnerisches Gestalten und Kommunizieren, Beurteilen und Bewerten bedingen sich gegenseitig. Deshalb sind auch in der Gymnasialen Oberstufe die Lehr- und Lernprozesse so angelegt, dass sich die Kompetenzbereiche Produktion und Rezeption immer aufeinander beziehen und miteinander vernetzt sind.<\/span><\/p>\t\t\t\t\t\t\t\t<\/div>\n\t\t\t\t<\/div>\n\t\t\t\t\t<\/div>\n\t\t<\/div>\n\t\t\t\t<div class=\"elementor-column elementor-col-33 elementor-top-column elementor-element elementor-element-c25fcbf\" data-id=\"c25fcbf\" data-element_type=\"column\" data-e-type=\"column\">\n\t\t\t<div class=\"elementor-widget-wrap elementor-element-populated\">\n\t\t\t\t\t\t<div class=\"elementor-element elementor-element-497df0a elementor-invisible elementor-widget elementor-widget-wp-widget-nav_menu\" data-id=\"497df0a\" data-element_type=\"widget\" data-e-type=\"widget\" data-settings=\"{&quot;_animation&quot;:&quot;fadeInUp&quot;}\" data-widget_type=\"wp-widget-nav_menu.default\">\n\t\t\t\t<div class=\"elementor-widget-container\">\n\t\t\t\t\t<div class=\"menu-fachmenue-kunst-container\"><ul id=\"menu-fachmenue-kunst\" class=\"menu\"><li id=\"menu-item-641\" class=\"menu-item menu-item-type-post_type menu-item-object-page menu-item-641\"><a href=\"https:\/\/gymnasium-nordenham.de\/en\/fach-x\">Kunst am GN<\/a><\/li>\n<li id=\"menu-item-702\" class=\"menu-item menu-item-type-post_type menu-item-object-page menu-item-702\"><a href=\"https:\/\/gymnasium-nordenham.de\/en\/fach-x-am-gymnasium-nordenham\">Der Fachbereich<\/a><\/li>\n<li id=\"menu-item-728\" class=\"menu-item menu-item-type-post_type menu-item-object-page menu-item-728\"><a href=\"https:\/\/gymnasium-nordenham.de\/en\/fach-x-kunst-lehrwerke\">Lehrwerke<\/a><\/li>\n<li id=\"menu-item-740\" class=\"menu-item menu-item-type-post_type menu-item-object-page menu-item-740\"><a href=\"https:\/\/gymnasium-nordenham.de\/en\/fach-x-kunst-curricula\">Curricula<\/a><\/li>\n<li id=\"menu-item-736\" class=\"menu-item menu-item-type-post_type menu-item-object-page menu-item-736\"><a href=\"https:\/\/gymnasium-nordenham.de\/en\/fach-x-kunst-klassenarbeiten-und-klausuren\">Klassenarbeiten und Klausuren<\/a><\/li>\n<li id=\"menu-item-735\" class=\"menu-item menu-item-type-post_type menu-item-object-page menu-item-735\"><a href=\"https:\/\/gymnasium-nordenham.de\/en\/fach-x-kunst-weitere-angebote\">Weitere Angebote<\/a><\/li>\n<li id=\"menu-item-780\" class=\"menu-item menu-item-type-post_type menu-item-object-page menu-item-780\"><a href=\"https:\/\/gymnasium-nordenham.de\/en\/fach-x-kunst-webmuseum\">Webmuseum<\/a><\/li>\n<\/ul><\/div>\t\t\t\t<\/div>\n\t\t\t\t<\/div>\n\t\t\t\t\t<\/div>\n\t\t<\/div>\n\t\t\t\t\t<\/div>\n\t\t<\/section>\n\t\t\t\t<\/div>","protected":false},"excerpt":{"rendered":"<p>Der Fachbereich Ausstattung Unsere Schule besitzt insgesamt zwei Kunstr\u00e4ume. Einer dieser R\u00e4ume wurde erst vor wenigen Jahren zu einem Kunstraum umgebaut und besticht durch ein modernes und funktionales Mobiliar. Der andere Kunstraum, der sogenannte \u201eKunstzeichensaal\u201c (Bild s.u.), weist aufgrund der &hellip; <a href=\"https:\/\/gymnasium-nordenham.de\/en\/fach-x-am-gymnasium-nordenham\">Continue reading <span class=\"meta-nav\">&rarr;<\/span><\/a><\/p>","protected":false},"author":4,"featured_media":0,"parent":0,"menu_order":0,"comment_status":"closed","ping_status":"closed","template":"elementor_header_footer","meta":{"_crdt_document":"","footnotes":""},"class_list":["post-694","page","type-page","status-publish","hentry"],"yoast_head":"<!-- This site is optimized with the Yoast SEO plugin v27.3 - https:\/\/yoast.com\/product\/yoast-seo-wordpress\/ -->\n<title>Kunst - Der Fachbereich - Gymnasium Nordenham<\/title>\n<meta name=\"robots\" content=\"index, follow, max-snippet:-1, max-image-preview:large, max-video-preview:-1\" \/>\n<link rel=\"canonical\" href=\"https:\/\/gymnasium-nordenham.de\/en\/fach-x-am-gymnasium-nordenham\/\" \/>\n<meta property=\"og:locale\" content=\"en_GB\" \/>\n<meta property=\"og:type\" content=\"article\" \/>\n<meta property=\"og:title\" content=\"Kunst - Der Fachbereich - Gymnasium Nordenham\" \/>\n<meta property=\"og:description\" content=\"Der Fachbereich Ausstattung Unsere Schule besitzt insgesamt zwei Kunstr\u00e4ume. Einer dieser R\u00e4ume wurde erst vor wenigen Jahren zu einem Kunstraum umgebaut und besticht durch ein modernes und funktionales Mobiliar. Der andere Kunstraum, der sogenannte \u201eKunstzeichensaal\u201c (Bild s.u.), weist aufgrund der &hellip; Continue reading &rarr;\" \/>\n<meta property=\"og:url\" content=\"https:\/\/gymnasium-nordenham.de\/en\/fach-x-am-gymnasium-nordenham\/\" \/>\n<meta property=\"og:site_name\" content=\"Gymnasium Nordenham\" \/>\n<meta property=\"article:modified_time\" content=\"2020-12-22T11:52:33+00:00\" \/>\n<meta property=\"og:image\" content=\"https:\/\/gymnasium-nordenham.de\/wp-content\/uploads\/2020\/01\/Bild-1-1-1536x1152.jpeg\" \/>\n<meta name=\"twitter:card\" content=\"summary_large_image\" \/>\n<meta name=\"twitter:label1\" content=\"Estimated reading time\" \/>\n\t<meta name=\"twitter:data1\" content=\"2 minutes\" \/>\n<script type=\"application\/ld+json\" class=\"yoast-schema-graph\">{\"@context\":\"https:\\\/\\\/schema.org\",\"@graph\":[{\"@type\":\"WebPage\",\"@id\":\"https:\\\/\\\/gymnasium-nordenham.de\\\/fach-x-am-gymnasium-nordenham\",\"url\":\"https:\\\/\\\/gymnasium-nordenham.de\\\/fach-x-am-gymnasium-nordenham\",\"name\":\"Kunst - Der Fachbereich - Gymnasium Nordenham\",\"isPartOf\":{\"@id\":\"https:\\\/\\\/gymnasium-nordenham.de\\\/#website\"},\"primaryImageOfPage\":{\"@id\":\"https:\\\/\\\/gymnasium-nordenham.de\\\/fach-x-am-gymnasium-nordenham#primaryimage\"},\"image\":{\"@id\":\"https:\\\/\\\/gymnasium-nordenham.de\\\/fach-x-am-gymnasium-nordenham#primaryimage\"},\"thumbnailUrl\":\"https:\\\/\\\/gymnasium-nordenham.de\\\/wp-content\\\/uploads\\\/2020\\\/01\\\/Bild-1-1-1536x1152.jpeg\",\"datePublished\":\"2020-01-13T21:23:58+00:00\",\"dateModified\":\"2020-12-22T11:52:33+00:00\",\"breadcrumb\":{\"@id\":\"https:\\\/\\\/gymnasium-nordenham.de\\\/fach-x-am-gymnasium-nordenham#breadcrumb\"},\"inLanguage\":\"en-GB\",\"potentialAction\":[{\"@type\":\"ReadAction\",\"target\":[\"https:\\\/\\\/gymnasium-nordenham.de\\\/fach-x-am-gymnasium-nordenham\"]}]},{\"@type\":\"ImageObject\",\"inLanguage\":\"en-GB\",\"@id\":\"https:\\\/\\\/gymnasium-nordenham.de\\\/fach-x-am-gymnasium-nordenham#primaryimage\",\"url\":\"https:\\\/\\\/gymnasium-nordenham.de\\\/wp-content\\\/uploads\\\/2020\\\/01\\\/Bild-1-1-1536x1152.jpeg\",\"contentUrl\":\"https:\\\/\\\/gymnasium-nordenham.de\\\/wp-content\\\/uploads\\\/2020\\\/01\\\/Bild-1-1-1536x1152.jpeg\"},{\"@type\":\"BreadcrumbList\",\"@id\":\"https:\\\/\\\/gymnasium-nordenham.de\\\/fach-x-am-gymnasium-nordenham#breadcrumb\",\"itemListElement\":[{\"@type\":\"ListItem\",\"position\":1,\"name\":\"Startseite\",\"item\":\"https:\\\/\\\/gymnasium-nordenham.de\\\/\"},{\"@type\":\"ListItem\",\"position\":2,\"name\":\"Kunst &#8211; Der Fachbereich\"}]},{\"@type\":\"WebSite\",\"@id\":\"https:\\\/\\\/gymnasium-nordenham.de\\\/#website\",\"url\":\"https:\\\/\\\/gymnasium-nordenham.de\\\/\",\"name\":\"Gymnasium Nordenham\",\"description\":\"Miteinander, voneinander und f\u00fcreinander lernen\",\"potentialAction\":[{\"@type\":\"SearchAction\",\"target\":{\"@type\":\"EntryPoint\",\"urlTemplate\":\"https:\\\/\\\/gymnasium-nordenham.de\\\/?s={search_term_string}\"},\"query-input\":{\"@type\":\"PropertyValueSpecification\",\"valueRequired\":true,\"valueName\":\"search_term_string\"}}],\"inLanguage\":\"en-GB\"}]}<\/script>\n<!-- \/ Yoast SEO plugin. -->","yoast_head_json":{"title":"Kunst - Der Fachbereich - Gymnasium Nordenham","robots":{"index":"index","follow":"follow","max-snippet":"max-snippet:-1","max-image-preview":"max-image-preview:large","max-video-preview":"max-video-preview:-1"},"canonical":"https:\/\/gymnasium-nordenham.de\/en\/fach-x-am-gymnasium-nordenham\/","og_locale":"en_GB","og_type":"article","og_title":"Kunst - Der Fachbereich - Gymnasium Nordenham","og_description":"Der Fachbereich Ausstattung Unsere Schule besitzt insgesamt zwei Kunstr\u00e4ume. Einer dieser R\u00e4ume wurde erst vor wenigen Jahren zu einem Kunstraum umgebaut und besticht durch ein modernes und funktionales Mobiliar. Der andere Kunstraum, der sogenannte \u201eKunstzeichensaal\u201c (Bild s.u.), weist aufgrund der &hellip; Continue reading &rarr;","og_url":"https:\/\/gymnasium-nordenham.de\/en\/fach-x-am-gymnasium-nordenham\/","og_site_name":"Gymnasium Nordenham","article_modified_time":"2020-12-22T11:52:33+00:00","og_image":[{"url":"https:\/\/gymnasium-nordenham.de\/wp-content\/uploads\/2020\/01\/Bild-1-1-1536x1152.jpeg","type":"","width":"","height":""}],"twitter_card":"summary_large_image","twitter_misc":{"Estimated reading time":"2 minutes"},"schema":{"@context":"https:\/\/schema.org","@graph":[{"@type":"WebPage","@id":"https:\/\/gymnasium-nordenham.de\/fach-x-am-gymnasium-nordenham","url":"https:\/\/gymnasium-nordenham.de\/fach-x-am-gymnasium-nordenham","name":"Kunst - Der Fachbereich - Gymnasium Nordenham","isPartOf":{"@id":"https:\/\/gymnasium-nordenham.de\/#website"},"primaryImageOfPage":{"@id":"https:\/\/gymnasium-nordenham.de\/fach-x-am-gymnasium-nordenham#primaryimage"},"image":{"@id":"https:\/\/gymnasium-nordenham.de\/fach-x-am-gymnasium-nordenham#primaryimage"},"thumbnailUrl":"https:\/\/gymnasium-nordenham.de\/wp-content\/uploads\/2020\/01\/Bild-1-1-1536x1152.jpeg","datePublished":"2020-01-13T21:23:58+00:00","dateModified":"2020-12-22T11:52:33+00:00","breadcrumb":{"@id":"https:\/\/gymnasium-nordenham.de\/fach-x-am-gymnasium-nordenham#breadcrumb"},"inLanguage":"en-GB","potentialAction":[{"@type":"ReadAction","target":["https:\/\/gymnasium-nordenham.de\/fach-x-am-gymnasium-nordenham"]}]},{"@type":"ImageObject","inLanguage":"en-GB","@id":"https:\/\/gymnasium-nordenham.de\/fach-x-am-gymnasium-nordenham#primaryimage","url":"https:\/\/gymnasium-nordenham.de\/wp-content\/uploads\/2020\/01\/Bild-1-1-1536x1152.jpeg","contentUrl":"https:\/\/gymnasium-nordenham.de\/wp-content\/uploads\/2020\/01\/Bild-1-1-1536x1152.jpeg"},{"@type":"BreadcrumbList","@id":"https:\/\/gymnasium-nordenham.de\/fach-x-am-gymnasium-nordenham#breadcrumb","itemListElement":[{"@type":"ListItem","position":1,"name":"Startseite","item":"https:\/\/gymnasium-nordenham.de\/"},{"@type":"ListItem","position":2,"name":"Kunst &#8211; Der Fachbereich"}]},{"@type":"WebSite","@id":"https:\/\/gymnasium-nordenham.de\/#website","url":"https:\/\/gymnasium-nordenham.de\/","name":"Gymnasium Nordenham","description":"Miteinander, voneinander und f\u00fcreinander lernen","potentialAction":[{"@type":"SearchAction","target":{"@type":"EntryPoint","urlTemplate":"https:\/\/gymnasium-nordenham.de\/?s={search_term_string}"},"query-input":{"@type":"PropertyValueSpecification","valueRequired":true,"valueName":"search_term_string"}}],"inLanguage":"en-GB"}]}},"_links":{"self":[{"href":"https:\/\/gymnasium-nordenham.de\/en\/wp-json\/wp\/v2\/pages\/694","targetHints":{"allow":["GET"]}}],"collection":[{"href":"https:\/\/gymnasium-nordenham.de\/en\/wp-json\/wp\/v2\/pages"}],"about":[{"href":"https:\/\/gymnasium-nordenham.de\/en\/wp-json\/wp\/v2\/types\/page"}],"author":[{"embeddable":true,"href":"https:\/\/gymnasium-nordenham.de\/en\/wp-json\/wp\/v2\/users\/4"}],"replies":[{"embeddable":true,"href":"https:\/\/gymnasium-nordenham.de\/en\/wp-json\/wp\/v2\/comments?post=694"}],"version-history":[{"count":0,"href":"https:\/\/gymnasium-nordenham.de\/en\/wp-json\/wp\/v2\/pages\/694\/revisions"}],"wp:attachment":[{"href":"https:\/\/gymnasium-nordenham.de\/en\/wp-json\/wp\/v2\/media?parent=694"}],"curies":[{"name":"wp","href":"https:\/\/api.w.org\/{rel}","templated":true}]}}