{"id":6463,"date":"2021-03-25T15:02:17","date_gmt":"2021-03-25T14:02:17","guid":{"rendered":"https:\/\/gymnasium-nordenham.de\/?page_id=6463"},"modified":"2024-04-30T22:16:17","modified_gmt":"2024-04-30T20:16:17","slug":"schulbroschuere-2","status":"publish","type":"page","link":"https:\/\/gymnasium-nordenham.de\/en\/schulbroschuere-2","title":{"rendered":"Schulbrosch\u00fcre"},"content":{"rendered":"<div data-elementor-type=\"wp-page\" data-elementor-id=\"6463\" class=\"elementor elementor-6463\" data-elementor-post-type=\"page\">\n\t\t\t\t\t\t<section class=\"elementor-section elementor-top-section elementor-element elementor-element-5257c4b elementor-section-full_width elementor-section-height-default elementor-section-height-default\" data-id=\"5257c4b\" data-element_type=\"section\" data-e-type=\"section\">\n\t\t\t\t\t\t<div class=\"elementor-container elementor-column-gap-default\">\n\t\t\t\t\t<div class=\"elementor-column elementor-col-100 elementor-top-column elementor-element elementor-element-929ce8f\" data-id=\"929ce8f\" data-element_type=\"column\" data-e-type=\"column\" data-settings=\"{&quot;background_background&quot;:&quot;classic&quot;}\">\n\t\t\t<div class=\"elementor-widget-wrap elementor-element-populated\">\n\t\t\t\t\t\t<div class=\"elementor-element elementor-element-de78d44 elementor-widget elementor-widget-heading\" data-id=\"de78d44\" data-element_type=\"widget\" data-e-type=\"widget\" data-widget_type=\"heading.default\">\n\t\t\t\t<div class=\"elementor-widget-container\">\n\t\t\t\t\t<h2 class=\"elementor-heading-title elementor-size-large\">Schulbrosch\u00fcre<\/h2>\t\t\t\t<\/div>\n\t\t\t\t<\/div>\n\t\t\t\t\t<\/div>\n\t\t<\/div>\n\t\t\t\t\t<\/div>\n\t\t<\/section>\n\t\t\t\t<section class=\"elementor-section elementor-top-section elementor-element elementor-element-9215942 elementor-section-full_width elementor-section-height-default elementor-section-height-default\" data-id=\"9215942\" data-element_type=\"section\" data-e-type=\"section\">\n\t\t\t\t\t\t<div class=\"elementor-container elementor-column-gap-default\">\n\t\t\t\t\t<div class=\"elementor-column elementor-col-66 elementor-top-column elementor-element elementor-element-bc4bb8e\" data-id=\"bc4bb8e\" data-element_type=\"column\" data-e-type=\"column\">\n\t\t\t<div class=\"elementor-widget-wrap elementor-element-populated\">\n\t\t\t\t\t\t<div class=\"elementor-element elementor-element-7c55be5 elementor-widget elementor-widget-text-editor\" data-id=\"7c55be5\" data-element_type=\"widget\" data-e-type=\"widget\" data-widget_type=\"text-editor.default\">\n\t\t\t\t<div class=\"elementor-widget-container\">\n\t\t\t\t\t\t\t\t\t<p><span style=\"font-family: georgia, palatino, serif; font-size: 10pt;\"><span style=\"font-size: 12pt;\">Unsere Schulbrosch\u00fcre wird gerade \u00fcberarbeitet. Sobald sie fertig ist, erscheint Sie sie wieder hier.<\/span><br \/><\/span><\/p>\t\t\t\t\t\t\t\t<\/div>\n\t\t\t\t<\/div>\n\t\t\t\t\t<\/div>\n\t\t<\/div>\n\t\t\t\t<div class=\"elementor-column elementor-col-33 elementor-top-column elementor-element elementor-element-c25fcbf\" data-id=\"c25fcbf\" data-element_type=\"column\" data-e-type=\"column\">\n\t\t\t<div class=\"elementor-widget-wrap elementor-element-populated\">\n\t\t\t\t\t\t<div class=\"elementor-element elementor-element-497df0a elementor-invisible elementor-widget elementor-widget-wp-widget-nav_menu\" data-id=\"497df0a\" data-element_type=\"widget\" data-e-type=\"widget\" data-settings=\"{&quot;_animation&quot;:&quot;fadeInUp&quot;}\" data-widget_type=\"wp-widget-nav_menu.default\">\n\t\t\t\t<div class=\"elementor-widget-container\">\n\t\t\t\t\t<div class=\"menu-untermenue-profil-container\"><ul id=\"menu-untermenue-profil\" class=\"menu\"><li id=\"menu-item-4191\" class=\"menu-item menu-item-type-post_type menu-item-object-page menu-item-4191\"><a href=\"https:\/\/gymnasium-nordenham.de\/en\/wir-stellen-uns-vor\">We introduce ourselves<\/a><\/li>\n<li id=\"menu-item-3959\" class=\"menu-item menu-item-type-post_type menu-item-object-page menu-item-3959\"><a href=\"https:\/\/gymnasium-nordenham.de\/en\/leitbild\">Leitbild<\/a><\/li>\n<li id=\"menu-item-4089\" class=\"menu-item menu-item-type-post_type menu-item-object-page menu-item-4089\"><a href=\"https:\/\/gymnasium-nordenham.de\/en\/informationen-sek-i\">Sekundarstufe I<\/a><\/li>\n<li id=\"menu-item-4088\" class=\"menu-item menu-item-type-post_type menu-item-object-page menu-item-4088\"><a href=\"https:\/\/gymnasium-nordenham.de\/en\/informationen-sek-ii\">Sekundarstufe II<\/a><\/li>\n<li id=\"menu-item-4047\" class=\"menu-item menu-item-type-post_type menu-item-object-page menu-item-4047\"><a href=\"https:\/\/gymnasium-nordenham.de\/en\/ganztag-2\">Ganztag<\/a><\/li>\n<li id=\"menu-item-14122\" class=\"menu-item menu-item-type-post_type menu-item-object-page menu-item-14122\"><a href=\"https:\/\/gymnasium-nordenham.de\/en\/europaschule\">Europaschule<\/a><\/li>\n<li id=\"menu-item-4250\" class=\"menu-item menu-item-type-post_type menu-item-object-page menu-item-4250\"><a href=\"https:\/\/gymnasium-nordenham.de\/en\/umweltschule\">Umweltschule<\/a><\/li>\n<li id=\"menu-item-4647\" class=\"menu-item menu-item-type-post_type menu-item-object-page menu-item-4647\"><a href=\"https:\/\/gymnasium-nordenham.de\/en\/erasmus\">Erasmus +<\/a><\/li>\n<li id=\"menu-item-4486\" class=\"menu-item menu-item-type-post_type menu-item-object-page menu-item-4486\"><a href=\"https:\/\/gymnasium-nordenham.de\/en\/schule-ohne-rassismus\">Schule ohne Rassismus<\/a><\/li>\n<li id=\"menu-item-12212\" class=\"menu-item menu-item-type-post_type menu-item-object-page menu-item-12212\"><a href=\"https:\/\/gymnasium-nordenham.de\/en\/berufsorientierung\">Berufsorientierung<\/a><\/li>\n<li id=\"menu-item-4230\" class=\"menu-item menu-item-type-post_type menu-item-object-page menu-item-4230\"><a href=\"https:\/\/gymnasium-nordenham.de\/en\/blaeserklasse-profil\">Bl\u00e4serklasse<\/a><\/li>\n<li id=\"menu-item-12862\" class=\"menu-item menu-item-type-post_type menu-item-object-page menu-item-12862\"><a href=\"https:\/\/gymnasium-nordenham.de\/en\/medienkonzept\">Medienkonzept<\/a><\/li>\n<li id=\"menu-item-6470\" class=\"menu-item menu-item-type-post_type menu-item-object-page menu-item-6470\"><a href=\"https:\/\/gymnasium-nordenham.de\/en\/schulbroschuere-2\">Schulbrosch\u00fcre<\/a><\/li>\n<li id=\"menu-item-3955\" class=\"menu-item menu-item-type-post_type menu-item-object-page menu-item-3955\"><a href=\"https:\/\/gymnasium-nordenham.de\/en\/schulprogramm\">Chronik<\/a><\/li>\n<\/ul><\/div>\t\t\t\t<\/div>\n\t\t\t\t<\/div>\n\t\t\t\t\t<\/div>\n\t\t<\/div>\n\t\t\t\t\t<\/div>\n\t\t<\/section>\n\t\t\t\t<\/div>","protected":false},"excerpt":{"rendered":"<p>Schulbrosch\u00fcre Unsere Schulbrosch\u00fcre wird gerade \u00fcberarbeitet. Sobald sie fertig ist, erscheint Sie sie wieder hier.<\/p>","protected":false},"author":4,"featured_media":0,"parent":0,"menu_order":0,"comment_status":"closed","ping_status":"closed","template":"elementor_header_footer","meta":{"_crdt_document":"","footnotes":""},"class_list":["post-6463","page","type-page","status-publish","hentry"],"yoast_head":"<!-- This site is optimized with the Yoast SEO plugin v27.3 - https:\/\/yoast.com\/product\/yoast-seo-wordpress\/ -->\n<title>Schulbrosch\u00fcre - Gymnasium Nordenham<\/title>\n<meta name=\"robots\" content=\"index, follow, max-snippet:-1, max-image-preview:large, max-video-preview:-1\" \/>\n<link rel=\"canonical\" href=\"https:\/\/gymnasium-nordenham.de\/en\/schulbroschuere-2\/\" \/>\n<meta property=\"og:locale\" content=\"en_GB\" \/>\n<meta property=\"og:type\" content=\"article\" \/>\n<meta property=\"og:title\" content=\"Schulbrosch\u00fcre - Gymnasium Nordenham\" \/>\n<meta property=\"og:description\" content=\"Schulbrosch\u00fcre Unsere Schulbrosch\u00fcre wird gerade \u00fcberarbeitet. Sobald sie fertig ist, erscheint Sie sie wieder hier.\" \/>\n<meta property=\"og:url\" content=\"https:\/\/gymnasium-nordenham.de\/en\/schulbroschuere-2\/\" \/>\n<meta property=\"og:site_name\" content=\"Gymnasium Nordenham\" \/>\n<meta property=\"article:modified_time\" content=\"2024-04-30T20:16:17+00:00\" \/>\n<meta name=\"twitter:card\" content=\"summary_large_image\" \/>\n<meta name=\"twitter:label1\" content=\"Estimated reading time\" \/>\n\t<meta name=\"twitter:data1\" content=\"1 minute\" \/>\n<script type=\"application\/ld+json\" class=\"yoast-schema-graph\">{\"@context\":\"https:\\\/\\\/schema.org\",\"@graph\":[{\"@type\":\"WebPage\",\"@id\":\"https:\\\/\\\/gymnasium-nordenham.de\\\/schulbroschuere-2\",\"url\":\"https:\\\/\\\/gymnasium-nordenham.de\\\/schulbroschuere-2\",\"name\":\"Schulbrosch\u00fcre - Gymnasium Nordenham\",\"isPartOf\":{\"@id\":\"https:\\\/\\\/gymnasium-nordenham.de\\\/#website\"},\"datePublished\":\"2021-03-25T14:02:17+00:00\",\"dateModified\":\"2024-04-30T20:16:17+00:00\",\"breadcrumb\":{\"@id\":\"https:\\\/\\\/gymnasium-nordenham.de\\\/schulbroschuere-2#breadcrumb\"},\"inLanguage\":\"en-GB\",\"potentialAction\":[{\"@type\":\"ReadAction\",\"target\":[\"https:\\\/\\\/gymnasium-nordenham.de\\\/schulbroschuere-2\"]}]},{\"@type\":\"BreadcrumbList\",\"@id\":\"https:\\\/\\\/gymnasium-nordenham.de\\\/schulbroschuere-2#breadcrumb\",\"itemListElement\":[{\"@type\":\"ListItem\",\"position\":1,\"name\":\"Startseite\",\"item\":\"https:\\\/\\\/gymnasium-nordenham.de\\\/\"},{\"@type\":\"ListItem\",\"position\":2,\"name\":\"Schulbrosch\u00fcre\"}]},{\"@type\":\"WebSite\",\"@id\":\"https:\\\/\\\/gymnasium-nordenham.de\\\/#website\",\"url\":\"https:\\\/\\\/gymnasium-nordenham.de\\\/\",\"name\":\"Gymnasium Nordenham\",\"description\":\"Miteinander, voneinander und f\u00fcreinander lernen\",\"potentialAction\":[{\"@type\":\"SearchAction\",\"target\":{\"@type\":\"EntryPoint\",\"urlTemplate\":\"https:\\\/\\\/gymnasium-nordenham.de\\\/?s={search_term_string}\"},\"query-input\":{\"@type\":\"PropertyValueSpecification\",\"valueRequired\":true,\"valueName\":\"search_term_string\"}}],\"inLanguage\":\"en-GB\"}]}<\/script>\n<!-- \/ Yoast SEO plugin. -->","yoast_head_json":{"title":"Schulbrosch\u00fcre - Gymnasium Nordenham","robots":{"index":"index","follow":"follow","max-snippet":"max-snippet:-1","max-image-preview":"max-image-preview:large","max-video-preview":"max-video-preview:-1"},"canonical":"https:\/\/gymnasium-nordenham.de\/en\/schulbroschuere-2\/","og_locale":"en_GB","og_type":"article","og_title":"Schulbrosch\u00fcre - Gymnasium Nordenham","og_description":"Schulbrosch\u00fcre Unsere Schulbrosch\u00fcre wird gerade \u00fcberarbeitet. Sobald sie fertig ist, erscheint Sie sie wieder hier.","og_url":"https:\/\/gymnasium-nordenham.de\/en\/schulbroschuere-2\/","og_site_name":"Gymnasium Nordenham","article_modified_time":"2024-04-30T20:16:17+00:00","twitter_card":"summary_large_image","twitter_misc":{"Estimated reading time":"1 minute"},"schema":{"@context":"https:\/\/schema.org","@graph":[{"@type":"WebPage","@id":"https:\/\/gymnasium-nordenham.de\/schulbroschuere-2","url":"https:\/\/gymnasium-nordenham.de\/schulbroschuere-2","name":"Schulbrosch\u00fcre - Gymnasium Nordenham","isPartOf":{"@id":"https:\/\/gymnasium-nordenham.de\/#website"},"datePublished":"2021-03-25T14:02:17+00:00","dateModified":"2024-04-30T20:16:17+00:00","breadcrumb":{"@id":"https:\/\/gymnasium-nordenham.de\/schulbroschuere-2#breadcrumb"},"inLanguage":"en-GB","potentialAction":[{"@type":"ReadAction","target":["https:\/\/gymnasium-nordenham.de\/schulbroschuere-2"]}]},{"@type":"BreadcrumbList","@id":"https:\/\/gymnasium-nordenham.de\/schulbroschuere-2#breadcrumb","itemListElement":[{"@type":"ListItem","position":1,"name":"Startseite","item":"https:\/\/gymnasium-nordenham.de\/"},{"@type":"ListItem","position":2,"name":"Schulbrosch\u00fcre"}]},{"@type":"WebSite","@id":"https:\/\/gymnasium-nordenham.de\/#website","url":"https:\/\/gymnasium-nordenham.de\/","name":"Gymnasium Nordenham","description":"Miteinander, voneinander und f\u00fcreinander lernen","potentialAction":[{"@type":"SearchAction","target":{"@type":"EntryPoint","urlTemplate":"https:\/\/gymnasium-nordenham.de\/?s={search_term_string}"},"query-input":{"@type":"PropertyValueSpecification","valueRequired":true,"valueName":"search_term_string"}}],"inLanguage":"en-GB"}]}},"_links":{"self":[{"href":"https:\/\/gymnasium-nordenham.de\/en\/wp-json\/wp\/v2\/pages\/6463","targetHints":{"allow":["GET"]}}],"collection":[{"href":"https:\/\/gymnasium-nordenham.de\/en\/wp-json\/wp\/v2\/pages"}],"about":[{"href":"https:\/\/gymnasium-nordenham.de\/en\/wp-json\/wp\/v2\/types\/page"}],"author":[{"embeddable":true,"href":"https:\/\/gymnasium-nordenham.de\/en\/wp-json\/wp\/v2\/users\/4"}],"replies":[{"embeddable":true,"href":"https:\/\/gymnasium-nordenham.de\/en\/wp-json\/wp\/v2\/comments?post=6463"}],"version-history":[{"count":0,"href":"https:\/\/gymnasium-nordenham.de\/en\/wp-json\/wp\/v2\/pages\/6463\/revisions"}],"wp:attachment":[{"href":"https:\/\/gymnasium-nordenham.de\/en\/wp-json\/wp\/v2\/media?parent=6463"}],"curies":[{"name":"wp","href":"https:\/\/api.w.org\/{rel}","templated":true}]}}