{"id":6297,"date":"2021-03-18T12:39:27","date_gmt":"2021-03-18T11:39:27","guid":{"rendered":"https:\/\/gymnasium-nordenham.de\/?page_id=6297"},"modified":"2021-04-25T11:55:48","modified_gmt":"2021-04-25T09:55:48","slug":"religion-die-fachgruppe","status":"publish","type":"page","link":"https:\/\/gymnasium-nordenham.de\/en\/religion-die-fachgruppe","title":{"rendered":"Religion &#8211; Die Fachgruppe"},"content":{"rendered":"<div data-elementor-type=\"wp-page\" data-elementor-id=\"6297\" class=\"elementor elementor-6297\" data-elementor-post-type=\"page\">\n\t\t\t\t\t\t<section class=\"elementor-section elementor-top-section elementor-element elementor-element-5257c4b elementor-section-full_width elementor-section-height-default elementor-section-height-default\" data-id=\"5257c4b\" data-element_type=\"section\" data-e-type=\"section\">\n\t\t\t\t\t\t<div class=\"elementor-container elementor-column-gap-default\">\n\t\t\t\t\t<div class=\"elementor-column elementor-col-100 elementor-top-column elementor-element elementor-element-929ce8f\" data-id=\"929ce8f\" data-element_type=\"column\" data-e-type=\"column\" data-settings=\"{&quot;background_background&quot;:&quot;classic&quot;}\">\n\t\t\t<div class=\"elementor-widget-wrap elementor-element-populated\">\n\t\t\t\t\t\t<div class=\"elementor-element elementor-element-de78d44 elementor-widget elementor-widget-heading\" data-id=\"de78d44\" data-element_type=\"widget\" data-e-type=\"widget\" data-widget_type=\"heading.default\">\n\t\t\t\t<div class=\"elementor-widget-container\">\n\t\t\t\t\t<h2 class=\"elementor-heading-title elementor-size-large\">Moment mal...<\/h2>\t\t\t\t<\/div>\n\t\t\t\t<\/div>\n\t\t\t\t\t<\/div>\n\t\t<\/div>\n\t\t\t\t\t<\/div>\n\t\t<\/section>\n\t\t\t\t<section class=\"elementor-section elementor-top-section elementor-element elementor-element-9215942 elementor-section-full_width elementor-section-height-default elementor-section-height-default\" data-id=\"9215942\" data-element_type=\"section\" data-e-type=\"section\">\n\t\t\t\t\t\t<div class=\"elementor-container elementor-column-gap-default\">\n\t\t\t\t\t<div class=\"elementor-column elementor-col-66 elementor-top-column elementor-element elementor-element-bc4bb8e\" data-id=\"bc4bb8e\" data-element_type=\"column\" data-e-type=\"column\">\n\t\t\t<div class=\"elementor-widget-wrap elementor-element-populated\">\n\t\t\t\t\t\t<div class=\"elementor-element elementor-element-9b39f10 elementor-widget elementor-widget-text-editor\" data-id=\"9b39f10\" data-element_type=\"widget\" data-e-type=\"widget\" data-widget_type=\"text-editor.default\">\n\t\t\t\t<div class=\"elementor-widget-container\">\n\t\t\t\t\t\t\t\t\t<p><strong><span style=\"font-family: georgia, palatino, serif; font-size: 12pt;\">Fragen an die Lehrkr\u00e4fte des Fachs Religion<\/span><\/strong><\/p>\t\t\t\t\t\t\t\t<\/div>\n\t\t\t\t<\/div>\n\t\t\t\t<section class=\"elementor-section elementor-inner-section elementor-element elementor-element-a1375a4 elementor-section-full_width elementor-section-height-default elementor-section-height-default\" data-id=\"a1375a4\" data-element_type=\"section\" data-e-type=\"section\">\n\t\t\t\t\t\t<div class=\"elementor-container elementor-column-gap-custom\">\n\t\t\t\t\t<div class=\"elementor-column elementor-col-50 elementor-inner-column elementor-element elementor-element-296f32b\" data-id=\"296f32b\" data-element_type=\"column\" data-e-type=\"column\">\n\t\t\t<div class=\"elementor-widget-wrap elementor-element-populated\">\n\t\t\t\t\t\t<div class=\"elementor-element elementor-element-64a9f12 elementor-widget elementor-widget-text-editor\" data-id=\"64a9f12\" data-element_type=\"widget\" data-e-type=\"widget\" data-widget_type=\"text-editor.default\">\n\t\t\t\t<div class=\"elementor-widget-container\">\n\t\t\t\t\t\t\t\t\t<p style=\"text-align: justify;\"><span style=\"font-size: 12pt; font-family: georgia, palatino, serif;\"><strong>Frau Wassmann:<\/strong><\/span><\/p><ul><li><span style=\"font-size: 12pt; font-family: georgia, palatino, serif;\">Was interessiert Sie besonders an Religion ?<\/span><\/li><\/ul><p style=\"margin-bottom: 0cm;\" align=\"JUSTIFY\"><span style=\"font-size: 12pt; font-family: georgia, palatino, serif;\">Neben dem Fach Religion unterrichte ich Biologie. Diese Lehre alles Lebendigen ist greifbar. Ganz anders als die Religion, in der ich auf den Glauben angewiesen bin. Das verlangt mir manchmal ganz sch\u00f6n viel ab. Trotzdem geh\u00f6ren f\u00fcr mich beide Fachgebiete, wie Teile eines Puzzles, zusammen.<\/span><\/p><p style=\"margin-bottom: 0cm;\" align=\"JUSTIFY\"><span style=\"font-size: 12pt; font-family: georgia, palatino, serif;\">Lebensf\u00f6rdernde Religionen stellen f\u00fcr mich einen gelungenen Pfad f\u00fcr das Leben dar. Sie geben f\u00fcr mich Antworten auf existenzielle Fragen. Hier ist es sehr spannend, die verschiedenen Religionen miteinander zu vergleichen. <\/span><\/p><p align=\"JUSTIFY\">\u00a0<\/p><ul><li><span style=\"font-size: 12pt; font-family: georgia, palatino, serif;\">Welches Thema machen Sie am liebsten im Unterricht ?<\/span><\/li><\/ul><p style=\"margin-bottom: 0cm;\" align=\"JUSTIFY\"><span style=\"font-size: 12pt; font-family: georgia, palatino, serif;\">Da gibt es viele verschiedene, so dass ich das gar nicht konkret beantworten kann. In den j\u00fcngeren Jahrg\u00e4ngen macht es sehr viel Spa\u00df, Bibelgeschichte zu erz\u00e4hlen und zu gestalten. Auch die Unterrichtseinheit zu Jesus finde ich sehr reizvoll. In den h\u00f6hreren Jahrg\u00e4ngen finde ich es sehr spannend, mit den Sch\u00fclerinnen und Sch\u00fclern \u00fcber unsere Verantwortung als ggf. Christen oder allgemein Menschen der Sch\u00f6pfung \/ Natur gegen\u00fcber zu diskutieren. Ihr seht schon, dass es mir schwer f\u00e4llt, mich da einzuschr\u00e4nken.<\/span><\/p><p style=\"margin-bottom: 0cm;\" align=\"JUSTIFY\"><span style=\"font-size: 12pt; font-family: georgia, palatino, serif;\">\u00a0<\/span><\/p><ul><li style=\"text-align: justify;\"><span style=\"font-size: 12pt; font-family: georgia, palatino, serif;\">Warum sind Sie \u00fcberhaupt Religionslehrerin geworden ?<\/span><\/li><\/ul><p style=\"margin-bottom: 0cm; text-align: justify;\" align=\"JUSTIFY\"><span style=\"font-size: 12pt; font-family: georgia, palatino, serif;\">Ich versuche, den Sch\u00fclerinnen und Sch\u00fclern durch meinen Unterricht aufzuzeigen, wie ein m\u00f6glicher, nach dem Christentum ausgerichteter, Lebensweg aussehen k\u00f6nnte. Ich bin \u00fcberzeugt davon, dass jeder von uns die Welt ein kleines St\u00fcckchen besser machen kann. Das m\u00f6chte ich den Kindern, Jugendlichen und jungen Erwachsenen mit auf den Weg geben. <\/span><\/p><p>\u00a0<\/p><ul><li style=\"text-align: justify;\"><span style=\"font-size: 12pt; font-family: georgia, palatino, serif;\">Was machen Sie gerne in Ihrer Freizeit ?<\/span><\/li><\/ul><p style=\"margin-bottom: 0cm; text-align: justify;\" align=\"JUSTIFY\"><span style=\"font-size: large; font-family: georgia, palatino, serif;\"><span style=\"font-size: 12pt;\">Ich wohne mit meiner Familie, Hund und Katze in Nordenham, wo wir sehr gerne und viel am Strand spazieren gehen. Auch mit dem Fahrrad bin ich gerne unterwegs und erkunde die n\u00e4here Umgebung. Ich treffe mich aber auch sehr gerne mit Freunden zum Sport oder zum geselligen Beisammensein.<\/span> <\/span><\/p>\t\t\t\t\t\t\t\t<\/div>\n\t\t\t\t<\/div>\n\t\t\t\t\t<\/div>\n\t\t<\/div>\n\t\t\t\t<div class=\"elementor-column elementor-col-50 elementor-inner-column elementor-element elementor-element-ad0875b\" data-id=\"ad0875b\" data-element_type=\"column\" data-e-type=\"column\">\n\t\t\t<div class=\"elementor-widget-wrap elementor-element-populated\">\n\t\t\t\t\t\t<div class=\"elementor-element elementor-element-9cc9432 elementor-widget elementor-widget-text-editor\" data-id=\"9cc9432\" data-element_type=\"widget\" data-e-type=\"widget\" data-widget_type=\"text-editor.default\">\n\t\t\t\t<div class=\"elementor-widget-container\">\n\t\t\t\t\t\t\t\t\t<p style=\"text-align: justify;\"><span style=\"font-family: georgia, palatino, serif; font-size: 12pt;\"><strong>Frau Olliges:<\/strong><\/span><\/p><ul><li style=\"text-align: justify;\"><span style=\"font-family: georgia, palatino, serif; font-size: 12pt;\">Was interessiert Sie besonders an Religion?<\/span><\/li><\/ul><p style=\"text-align: justify;\"><span style=\"font-family: georgia, palatino, serif; font-size: 12pt;\">In der Theologie gibt es einen Fachbereich, der sich Systematik nennt. Da geht es um sehr interessante Fragen, wie z.B.: Gibt es Beweise daf\u00fcr, dass Gott existiert? Warum gibt es Leid auf der Welt? Steht in der Bibel auch etwas Falsches? <\/span><span style=\"font-family: georgia, palatino, serif; font-size: 12pt;\">Man versucht also, wichtige Fragen des Glaubens zu kl\u00e4ren und auch, wenn man nicht immer Antworten darauf findet, geh\u00f6rt die Besch\u00e4ftigung mit diesen Fragen f\u00fcr mich doch zu den interessantesten Bereichen der Theologie. <\/span><span style=\"font-family: georgia, palatino, serif; font-size: 12pt;\">Au\u00dferdem finde ich den kleinen Teilbereich der Liturgik sehr spannend. Es geht um den Ablauf und den Aufbau von Gottesdiensten. Es gibt Unterschiede zwischen den Konfessionen und auch im Lauf der Zeit hat sich einiges ge\u00e4ndert. Ich finde es sehr interessant, danach zu fragen, warum etwas wie gemacht wird und zu \u00fcberlegen, mit welchem Ablauf des Gottesdienstes, mit welchen Liedern, mit welchen Gesten und Gebeten man die Botschaft eines Gottesdienstes am besten darstellen kann. In diesem Sinne hat die Liturgie viel mit der Vorbereitung von Unterrichtsstunden zu tun. Auch da \u00fcberlege ich schlie\u00dflich, wie ich es am besten anstelle, dass die Sch\u00fcler*innen das Wichtigste lernen.<\/span><\/p><ul><li style=\"text-align: justify;\"><span style=\"font-family: georgia, palatino, serif; font-size: 12pt;\">Welches Thema machen Sie am liebsten im Unterricht?<\/span><\/li><\/ul><p style=\"text-align: justify;\"><span style=\"font-family: georgia, palatino, serif; font-size: 12pt;\">Das ist eine schwierige Frage, da es so viele sch\u00f6ne Themen gibt, die man im Unterricht behandeln kann: Texte aus der Bibel, die von Gott oder Jesus handeln, die Geschichte der Kirche, die Spaltung in Konfessionen und die erneute Ann\u00e4herung der Konfessionen in der <\/span><span style=\"font-family: georgia, palatino, serif; font-size: 12pt;\">\u00d6kumene oder auch den Bereich der Ethik und die Frage, wie man sich in welchen Situationen verhalten sollte. <\/span><span style=\"font-family: georgia, palatino, serif; font-size: 12pt;\">Bisher hat es mir aber am meisten Spa\u00df gemacht, mit Sch\u00fcler*innen \u00fcber die beiden Sch\u00f6pfungserz\u00e4hlungen zu sprechen. Viele Menschen haben oft das Vorurteil, dass Christen wortw\u00f6rtlich an die Sch\u00f6pfungserz\u00e4hlung glauben, und ich freue mich dann immer, dieses und andere Vorurteile aufzukl\u00e4ren.<\/span><\/p><ul><li style=\"text-align: justify;\"><span style=\"font-family: georgia, palatino, serif; font-size: 12pt;\">Warum sind Sie \u00fcberhaupt Religionslehrerin geworden?<\/span><\/li><\/ul><p style=\"text-align: justify;\"><span style=\"font-family: georgia, palatino, serif; font-size: 12pt;\">Ich mochte schon in meiner eigenen Schulzeit den Religionsunterricht ganz besonders gerne: Die Themen waren interessant, die Lehrer*innen waren nett, aber das Beste war: Man konnte diskutieren. Seine eigene Meinung austauschen, die Position der Mitsch\u00fcler*innen und der Kirche kennenlernen und an dieser Position seine eigene Perspektive noch erweitern. Das hat mir immer sehr viel Freude gemacht und mir &#8211; auch \u00fcber die Note hinaus \u2013 etwas Wichtiges f\u00fcr mein Leben mitgegeben. Ich bin Religionslehrerin geworden, um meinen Sch\u00fcler*innen die gleiche M\u00f6glichkeit zu geben, ihre Einstellungen kennenzulernen und vielleicht auch ihre Sichtweise auf die Welt etwas zu erweitern.<\/span><\/p><ul><li style=\"text-align: justify;\"><span style=\"font-family: georgia, palatino, serif; font-size: 12pt;\">Was machen Sie gerne in Ihrer Freizeit?<\/span><\/li><\/ul><p style=\"text-align: justify;\"><span style=\"font-family: georgia, palatino, serif; font-size: 12pt;\">Ich wohne noch nicht so lange in Nordenham, deswegen freue ich mich immer, wenn es drau\u00dfen sch\u00f6n ist. Dann schnappe ich mir mein Rad und erkunde die Gegend. Zu Hause mache ich oft Musik: Ich habe ziemlich viele Gitarren zu Hause stehen und kann auch Orgel spielen. Im Winter n\u00e4he ich immer viel und oft treffe ich mich auch (im Moment eher online) mit Freunden und wir machen Spieleabende. Wenn ich alleine bin, dann lese ich gerne. Jetzt gerade liegt \u201eDer Herr der Ringe\u201c mal wieder auf meinem Nachttisch, dieses Mal lese ich ihn aber auf Englisch.<\/span><\/p>\t\t\t\t\t\t\t\t<\/div>\n\t\t\t\t<\/div>\n\t\t\t\t\t<\/div>\n\t\t<\/div>\n\t\t\t\t\t<\/div>\n\t\t<\/section>\n\t\t\t\t<section class=\"elementor-section elementor-inner-section elementor-element elementor-element-cc4e719 elementor-section-full_width elementor-section-height-default elementor-section-height-default\" data-id=\"cc4e719\" data-element_type=\"section\" data-e-type=\"section\">\n\t\t\t\t\t\t<div class=\"elementor-container elementor-column-gap-custom\">\n\t\t\t\t\t<div class=\"elementor-column elementor-col-50 elementor-inner-column elementor-element elementor-element-82ebbc0\" data-id=\"82ebbc0\" data-element_type=\"column\" data-e-type=\"column\">\n\t\t\t<div class=\"elementor-widget-wrap elementor-element-populated\">\n\t\t\t\t\t\t<div class=\"elementor-element elementor-element-e462a15 elementor-widget elementor-widget-text-editor\" data-id=\"e462a15\" data-element_type=\"widget\" data-e-type=\"widget\" data-widget_type=\"text-editor.default\">\n\t\t\t\t<div class=\"elementor-widget-container\">\n\t\t\t\t\t\t\t\t\t<p><strong><span style=\"font-size: 12pt; font-family: georgia, palatino, serif;\">Herr Zeitz:<\/span><\/strong><\/p><ul><li style=\"text-align: justify;\"><span style=\"font-size: 12pt; font-family: georgia, palatino, serif;\">Was interessiert Sie besonders an Religion?<\/span><\/li><\/ul><p style=\"text-align: justify;\"><span style=\"font-size: 12pt; font-family: georgia, palatino, serif;\">Ich glaube f\u00fcr diese Frage leihe ich mir die Worte des Theologen J. Fredericks: \u201eSich aus dem Sessel der eigenen Tradition und in die fremde Welt des Anderen hineinzufinden, um sich von den dort gefundenen Wahrheiten verwandeln und bereichern zu lassen.\u201c\u00a0<\/span><\/p><ul style=\"text-align: justify;\"><li><span style=\"font-size: 12pt; font-family: georgia, palatino, serif;\">Welches Thema machen Sie am liebsten im Unterricht ?<\/span><\/li><\/ul><p style=\"text-align: justify;\"><span style=\"font-size: 12pt; font-family: georgia, palatino, serif;\">Da ich noch ganz am Anfang meiner Lehrerlaufbahn stehe, ist aktuell jedes neue Thema spannend. Aber manches klappt besser als anderes.<\/span><\/p><ul><li><span style=\"font-size: 12pt; font-family: georgia, palatino, serif;\">Warum sind Sie \u00fcberhaupt Religionslehrer geworden ?<\/span><\/li><\/ul><p style=\"text-align: justify;\"><span style=\"font-size: 12pt; font-family: georgia, palatino, serif;\">Das verrate ich nur in einem pers\u00f6nlichen Gespr\u00e4ch.<\/span><\/p><ul><li><span style=\"font-size: 12pt; font-family: georgia, palatino, serif;\">Was machen Sie gerne in Ihrer Freizeit ?<\/span><\/li><\/ul><p><span style=\"font-size: 12pt; font-family: georgia, palatino, serif;\">Alles was mit Musik zusammenh\u00e4ngt.<\/span><\/p>\t\t\t\t\t\t\t\t<\/div>\n\t\t\t\t<\/div>\n\t\t\t\t\t<\/div>\n\t\t<\/div>\n\t\t\t\t<div class=\"elementor-column elementor-col-50 elementor-inner-column elementor-element elementor-element-63c1df2\" data-id=\"63c1df2\" data-element_type=\"column\" data-e-type=\"column\">\n\t\t\t<div class=\"elementor-widget-wrap\">\n\t\t\t\t\t\t\t<\/div>\n\t\t<\/div>\n\t\t\t\t\t<\/div>\n\t\t<\/section>\n\t\t\t\t\t<\/div>\n\t\t<\/div>\n\t\t\t\t<div class=\"elementor-column elementor-col-33 elementor-top-column elementor-element elementor-element-c25fcbf\" data-id=\"c25fcbf\" data-element_type=\"column\" data-e-type=\"column\">\n\t\t\t<div class=\"elementor-widget-wrap elementor-element-populated\">\n\t\t\t\t\t\t<div class=\"elementor-element elementor-element-497df0a elementor-invisible elementor-widget elementor-widget-wp-widget-nav_menu\" data-id=\"497df0a\" data-element_type=\"widget\" data-e-type=\"widget\" data-settings=\"{&quot;_animation&quot;:&quot;fadeInUp&quot;}\" data-widget_type=\"wp-widget-nav_menu.default\">\n\t\t\t\t<div class=\"elementor-widget-container\">\n\t\t\t\t\t<div class=\"menu-fachmenue-religion-container\"><ul id=\"menu-fachmenue-religion\" class=\"menu\"><li id=\"menu-item-6110\" class=\"menu-item menu-item-type-post_type menu-item-object-page menu-item-6110\"><a href=\"https:\/\/gymnasium-nordenham.de\/en\/religion-am-gn\">Religion am GN<\/a><\/li>\n<li id=\"menu-item-6284\" class=\"menu-item menu-item-type-post_type menu-item-object-page menu-item-6284\"><a href=\"https:\/\/gymnasium-nordenham.de\/en\/religion-lehrwerke\">Lehrwerke<\/a><\/li>\n<li id=\"menu-item-6283\" class=\"menu-item menu-item-type-post_type menu-item-object-page menu-item-6283\"><a href=\"https:\/\/gymnasium-nordenham.de\/en\/religion-curricula\">Curricula<\/a><\/li>\n<li id=\"menu-item-6126\" class=\"menu-item menu-item-type-post_type menu-item-object-page menu-item-6126\"><a href=\"https:\/\/gymnasium-nordenham.de\/en\/religion-weitere-angebote\">Weitere Angebote<\/a><\/li>\n<li id=\"menu-item-6322\" class=\"menu-item menu-item-type-post_type menu-item-object-page menu-item-6322\"><a href=\"https:\/\/gymnasium-nordenham.de\/en\/religion-die-fachgruppe\">Moment mal&#8230;<\/a><\/li>\n<\/ul><\/div>\t\t\t\t<\/div>\n\t\t\t\t<\/div>\n\t\t\t\t\t<\/div>\n\t\t<\/div>\n\t\t\t\t\t<\/div>\n\t\t<\/section>\n\t\t\t\t<\/div>","protected":false},"excerpt":{"rendered":"<p>Moment mal&#8230; Fragen an die Lehrkr\u00e4fte des Fachs Religion Frau Wassmann: Was interessiert Sie besonders an Religion ? Neben dem Fach Religion unterrichte ich Biologie. Diese Lehre alles Lebendigen ist greifbar. Ganz anders als die Religion, in der ich auf &hellip; <a href=\"https:\/\/gymnasium-nordenham.de\/en\/religion-die-fachgruppe\">Continue reading <span class=\"meta-nav\">&rarr;<\/span><\/a><\/p>","protected":false},"author":4,"featured_media":0,"parent":0,"menu_order":0,"comment_status":"closed","ping_status":"closed","template":"elementor_header_footer","meta":{"_crdt_document":"","footnotes":""},"class_list":["post-6297","page","type-page","status-publish","hentry"],"yoast_head":"<!-- This site is optimized with the Yoast SEO plugin v27.3 - https:\/\/yoast.com\/product\/yoast-seo-wordpress\/ -->\n<title>Religion - Die Fachgruppe - Gymnasium Nordenham<\/title>\n<meta name=\"robots\" content=\"index, follow, max-snippet:-1, max-image-preview:large, max-video-preview:-1\" \/>\n<link rel=\"canonical\" href=\"https:\/\/gymnasium-nordenham.de\/en\/religion-die-fachgruppe\/\" \/>\n<meta property=\"og:locale\" content=\"en_GB\" \/>\n<meta property=\"og:type\" content=\"article\" \/>\n<meta property=\"og:title\" content=\"Religion - Die Fachgruppe - Gymnasium Nordenham\" \/>\n<meta property=\"og:description\" content=\"Moment mal&#8230; Fragen an die Lehrkr\u00e4fte des Fachs Religion Frau Wassmann: Was interessiert Sie besonders an Religion ? Neben dem Fach Religion unterrichte ich Biologie. Diese Lehre alles Lebendigen ist greifbar. Ganz anders als die Religion, in der ich auf &hellip; Continue reading &rarr;\" \/>\n<meta property=\"og:url\" content=\"https:\/\/gymnasium-nordenham.de\/en\/religion-die-fachgruppe\/\" \/>\n<meta property=\"og:site_name\" content=\"Gymnasium Nordenham\" \/>\n<meta property=\"article:modified_time\" content=\"2021-04-25T09:55:48+00:00\" \/>\n<meta name=\"twitter:card\" content=\"summary_large_image\" \/>\n<meta name=\"twitter:label1\" content=\"Estimated reading time\" \/>\n\t<meta name=\"twitter:data1\" content=\"4 minutes\" \/>\n<script type=\"application\/ld+json\" class=\"yoast-schema-graph\">{\"@context\":\"https:\\\/\\\/schema.org\",\"@graph\":[{\"@type\":\"WebPage\",\"@id\":\"https:\\\/\\\/gymnasium-nordenham.de\\\/religion-die-fachgruppe\",\"url\":\"https:\\\/\\\/gymnasium-nordenham.de\\\/religion-die-fachgruppe\",\"name\":\"Religion - Die Fachgruppe - Gymnasium Nordenham\",\"isPartOf\":{\"@id\":\"https:\\\/\\\/gymnasium-nordenham.de\\\/#website\"},\"datePublished\":\"2021-03-18T11:39:27+00:00\",\"dateModified\":\"2021-04-25T09:55:48+00:00\",\"breadcrumb\":{\"@id\":\"https:\\\/\\\/gymnasium-nordenham.de\\\/religion-die-fachgruppe#breadcrumb\"},\"inLanguage\":\"en-GB\",\"potentialAction\":[{\"@type\":\"ReadAction\",\"target\":[\"https:\\\/\\\/gymnasium-nordenham.de\\\/religion-die-fachgruppe\"]}]},{\"@type\":\"BreadcrumbList\",\"@id\":\"https:\\\/\\\/gymnasium-nordenham.de\\\/religion-die-fachgruppe#breadcrumb\",\"itemListElement\":[{\"@type\":\"ListItem\",\"position\":1,\"name\":\"Startseite\",\"item\":\"https:\\\/\\\/gymnasium-nordenham.de\\\/\"},{\"@type\":\"ListItem\",\"position\":2,\"name\":\"Religion &#8211; Die Fachgruppe\"}]},{\"@type\":\"WebSite\",\"@id\":\"https:\\\/\\\/gymnasium-nordenham.de\\\/#website\",\"url\":\"https:\\\/\\\/gymnasium-nordenham.de\\\/\",\"name\":\"Gymnasium Nordenham\",\"description\":\"Miteinander, voneinander und f\u00fcreinander lernen\",\"potentialAction\":[{\"@type\":\"SearchAction\",\"target\":{\"@type\":\"EntryPoint\",\"urlTemplate\":\"https:\\\/\\\/gymnasium-nordenham.de\\\/?s={search_term_string}\"},\"query-input\":{\"@type\":\"PropertyValueSpecification\",\"valueRequired\":true,\"valueName\":\"search_term_string\"}}],\"inLanguage\":\"en-GB\"}]}<\/script>\n<!-- \/ Yoast SEO plugin. -->","yoast_head_json":{"title":"Religion - Die Fachgruppe - Gymnasium Nordenham","robots":{"index":"index","follow":"follow","max-snippet":"max-snippet:-1","max-image-preview":"max-image-preview:large","max-video-preview":"max-video-preview:-1"},"canonical":"https:\/\/gymnasium-nordenham.de\/en\/religion-die-fachgruppe\/","og_locale":"en_GB","og_type":"article","og_title":"Religion - Die Fachgruppe - Gymnasium Nordenham","og_description":"Moment mal&#8230; Fragen an die Lehrkr\u00e4fte des Fachs Religion Frau Wassmann: Was interessiert Sie besonders an Religion ? Neben dem Fach Religion unterrichte ich Biologie. Diese Lehre alles Lebendigen ist greifbar. Ganz anders als die Religion, in der ich auf &hellip; Continue reading &rarr;","og_url":"https:\/\/gymnasium-nordenham.de\/en\/religion-die-fachgruppe\/","og_site_name":"Gymnasium Nordenham","article_modified_time":"2021-04-25T09:55:48+00:00","twitter_card":"summary_large_image","twitter_misc":{"Estimated reading time":"4 minutes"},"schema":{"@context":"https:\/\/schema.org","@graph":[{"@type":"WebPage","@id":"https:\/\/gymnasium-nordenham.de\/religion-die-fachgruppe","url":"https:\/\/gymnasium-nordenham.de\/religion-die-fachgruppe","name":"Religion - Die Fachgruppe - Gymnasium Nordenham","isPartOf":{"@id":"https:\/\/gymnasium-nordenham.de\/#website"},"datePublished":"2021-03-18T11:39:27+00:00","dateModified":"2021-04-25T09:55:48+00:00","breadcrumb":{"@id":"https:\/\/gymnasium-nordenham.de\/religion-die-fachgruppe#breadcrumb"},"inLanguage":"en-GB","potentialAction":[{"@type":"ReadAction","target":["https:\/\/gymnasium-nordenham.de\/religion-die-fachgruppe"]}]},{"@type":"BreadcrumbList","@id":"https:\/\/gymnasium-nordenham.de\/religion-die-fachgruppe#breadcrumb","itemListElement":[{"@type":"ListItem","position":1,"name":"Startseite","item":"https:\/\/gymnasium-nordenham.de\/"},{"@type":"ListItem","position":2,"name":"Religion &#8211; Die Fachgruppe"}]},{"@type":"WebSite","@id":"https:\/\/gymnasium-nordenham.de\/#website","url":"https:\/\/gymnasium-nordenham.de\/","name":"Gymnasium Nordenham","description":"Miteinander, voneinander und f\u00fcreinander lernen","potentialAction":[{"@type":"SearchAction","target":{"@type":"EntryPoint","urlTemplate":"https:\/\/gymnasium-nordenham.de\/?s={search_term_string}"},"query-input":{"@type":"PropertyValueSpecification","valueRequired":true,"valueName":"search_term_string"}}],"inLanguage":"en-GB"}]}},"_links":{"self":[{"href":"https:\/\/gymnasium-nordenham.de\/en\/wp-json\/wp\/v2\/pages\/6297","targetHints":{"allow":["GET"]}}],"collection":[{"href":"https:\/\/gymnasium-nordenham.de\/en\/wp-json\/wp\/v2\/pages"}],"about":[{"href":"https:\/\/gymnasium-nordenham.de\/en\/wp-json\/wp\/v2\/types\/page"}],"author":[{"embeddable":true,"href":"https:\/\/gymnasium-nordenham.de\/en\/wp-json\/wp\/v2\/users\/4"}],"replies":[{"embeddable":true,"href":"https:\/\/gymnasium-nordenham.de\/en\/wp-json\/wp\/v2\/comments?post=6297"}],"version-history":[{"count":0,"href":"https:\/\/gymnasium-nordenham.de\/en\/wp-json\/wp\/v2\/pages\/6297\/revisions"}],"wp:attachment":[{"href":"https:\/\/gymnasium-nordenham.de\/en\/wp-json\/wp\/v2\/media?parent=6297"}],"curies":[{"name":"wp","href":"https:\/\/api.w.org\/{rel}","templated":true}]}}