{"id":629,"date":"2020-01-09T09:19:52","date_gmt":"2020-01-09T09:19:52","guid":{"rendered":"https:\/\/gymnasiumnordenhamtest.live-website.com\/?page_id=629"},"modified":"2020-12-22T12:49:50","modified_gmt":"2020-12-22T11:49:50","slug":"fach-x","status":"publish","type":"page","link":"https:\/\/gymnasium-nordenham.de\/en\/fach-x","title":{"rendered":"Kunst am GN"},"content":{"rendered":"<div data-elementor-type=\"wp-page\" data-elementor-id=\"629\" class=\"elementor elementor-629\" data-elementor-post-type=\"page\">\n\t\t\t\t\t\t<section class=\"elementor-section elementor-top-section elementor-element elementor-element-5257c4b elementor-section-full_width elementor-section-height-default elementor-section-height-default\" data-id=\"5257c4b\" data-element_type=\"section\" data-e-type=\"section\">\n\t\t\t\t\t\t<div class=\"elementor-container elementor-column-gap-default\">\n\t\t\t\t\t<div class=\"elementor-column elementor-col-100 elementor-top-column elementor-element elementor-element-929ce8f\" data-id=\"929ce8f\" data-element_type=\"column\" data-e-type=\"column\" data-settings=\"{&quot;background_background&quot;:&quot;classic&quot;}\">\n\t\t\t<div class=\"elementor-widget-wrap elementor-element-populated\">\n\t\t\t\t\t\t<div class=\"elementor-element elementor-element-de78d44 elementor-widget elementor-widget-heading\" data-id=\"de78d44\" data-element_type=\"widget\" data-e-type=\"widget\" data-widget_type=\"heading.default\">\n\t\t\t\t<div class=\"elementor-widget-container\">\n\t\t\t\t\t<h2 class=\"elementor-heading-title elementor-size-large\">Kunst<\/h2>\t\t\t\t<\/div>\n\t\t\t\t<\/div>\n\t\t\t\t\t<\/div>\n\t\t<\/div>\n\t\t\t\t\t<\/div>\n\t\t<\/section>\n\t\t\t\t<section class=\"elementor-section elementor-top-section elementor-element elementor-element-9215942 elementor-section-full_width elementor-section-height-default elementor-section-height-default\" data-id=\"9215942\" data-element_type=\"section\" data-e-type=\"section\">\n\t\t\t\t\t\t<div class=\"elementor-container elementor-column-gap-default\">\n\t\t\t\t\t<div class=\"elementor-column elementor-col-66 elementor-top-column elementor-element elementor-element-bc4bb8e\" data-id=\"bc4bb8e\" data-element_type=\"column\" data-e-type=\"column\">\n\t\t\t<div class=\"elementor-widget-wrap elementor-element-populated\">\n\t\t\t\t\t\t<div class=\"elementor-element elementor-element-e8633b7 elementor-widget elementor-widget-image\" data-id=\"e8633b7\" data-element_type=\"widget\" data-e-type=\"widget\" data-widget_type=\"image.default\">\n\t\t\t\t<div class=\"elementor-widget-container\">\n\t\t\t\t\t\t\t\t\t\t\t\t\t\t\t<img fetchpriority=\"high\" decoding=\"async\" width=\"841\" height=\"504\" src=\"https:\/\/gymnasium-nordenham.de\/wp-content\/uploads\/2020\/01\/Webseite-Kunst.jpg\" class=\"attachment-1536x1536 size-1536x1536 wp-image-708\" alt=\"\" srcset=\"https:\/\/gymnasium-nordenham.de\/wp-content\/uploads\/2020\/01\/Webseite-Kunst.jpg 841w, https:\/\/gymnasium-nordenham.de\/wp-content\/uploads\/2020\/01\/Webseite-Kunst-300x180.jpg 300w, https:\/\/gymnasium-nordenham.de\/wp-content\/uploads\/2020\/01\/Webseite-Kunst-768x460.jpg 768w\" sizes=\"(max-width: 841px) 100vw, 841px\" \/>\t\t\t\t\t\t\t\t\t\t\t\t\t\t\t<\/div>\n\t\t\t\t<\/div>\n\t\t\t\t<div class=\"elementor-element elementor-element-e18c0d8 elementor-widget elementor-widget-text-editor\" data-id=\"e18c0d8\" data-element_type=\"widget\" data-e-type=\"widget\" data-widget_type=\"text-editor.default\">\n\t\t\t\t<div class=\"elementor-widget-container\">\n\t\t\t\t\t\t\t\t\t<p style=\"text-align: center;\"><span style=\"font-family: georgia, palatino, serif; font-size: 12pt;\"><strong><em>\u201eKunst gibt nicht das Sichtbare wieder, sondern macht sichtbar\u201c<\/em><\/strong>\u00a0 (Paul Klee, 1920)<\/span><\/p>\t\t\t\t\t\t\t\t<\/div>\n\t\t\t\t<\/div>\n\t\t\t\t<div class=\"elementor-element elementor-element-0bced0f elementor-widget elementor-widget-text-editor\" data-id=\"0bced0f\" data-element_type=\"widget\" data-e-type=\"widget\" data-widget_type=\"text-editor.default\">\n\t\t\t\t<div class=\"elementor-widget-container\">\n\t\t\t\t\t\t\t\t\t<p style=\"text-align: justify;\"><span style=\"font-size: 12pt; font-family: georgia, palatino, serif;\">Das Fach Kunst stellt ein ganz besonderes Fach dar, da es sich nicht wie die meisten anderen F\u00e4cher prim\u00e4r mit dem Sprechen, Lesen und Schreiben besch\u00e4ftigt, sondern die visuelle Kultur, also die Malerei, Architektur, Grafik, Fotografie, Plastik etc., in den Fokus r\u00fcckt.<\/span><br \/><span style=\"font-size: 12pt; font-family: georgia, palatino, serif;\">Gerade weil Bilder unsere allt\u00e4glichen Wahrnehmungen und Vorstellungen bestimmen und die Menge und Vielfalt der Bilder (z.B. aus dem Fernsehen, Internet, Zeitungen, Werbeplakaten usw.) schnell eine Reiz\u00fcberflutung erzeugen, sodass viele Menschen kaum noch beachtenswerte Bilder bewusst wahrnehmen, muss ein angemessener Umgang mit ihnen erlernt werden. Der Umgang mit dieser Art von Bildern, aber auch Bildern, die im engeren Sinne der bildenden Kunst zugerechnet werden, wird thematisiert. Das Wahrnehmen, oder laut Paul Klee \u201eSichtbarmachen\u201c, das Erschlie\u00dfen einer Bildsprache und ihrer Bedeutung stellen somit zentrale Schwerpunkte des Kunstunterrichts dar.<\/span><br \/><span style=\"font-size: 12pt; font-family: georgia, palatino, serif;\">Lernen bedeutet im Fach Kunst jedoch nicht nur das Erwerben von Kenntnissen und das Schulen der eigenen Wahrnehmung, sondern vor allem auch das eigene praktische Gestalten. Die Sch\u00fclerinnen und Sch\u00fcler erfahren durch verschiedene Techniken und Materialien die Vielf\u00e4ltigkeit des kreativen und k\u00fcnstlerischen Schaffens und lernen dadurch nicht nur individuelle menschliche Ausdrucks- und Erlebensformen kennen, sondern auch, ihre eigene Pers\u00f6nlichkeit auszudr\u00fccken, Kreativit\u00e4t zu entfalten, Mut f\u00fcr eigene Wege zu entwickeln und Neuland zu beschreiten.<\/span><\/p>\t\t\t\t\t\t\t\t<\/div>\n\t\t\t\t<\/div>\n\t\t\t\t\t<\/div>\n\t\t<\/div>\n\t\t\t\t<div class=\"elementor-column elementor-col-33 elementor-top-column elementor-element elementor-element-c25fcbf\" data-id=\"c25fcbf\" data-element_type=\"column\" data-e-type=\"column\">\n\t\t\t<div class=\"elementor-widget-wrap elementor-element-populated\">\n\t\t\t\t\t\t<div class=\"elementor-element elementor-element-497df0a elementor-invisible elementor-widget elementor-widget-wp-widget-nav_menu\" data-id=\"497df0a\" data-element_type=\"widget\" data-e-type=\"widget\" data-settings=\"{&quot;_animation&quot;:&quot;fadeInUp&quot;}\" data-widget_type=\"wp-widget-nav_menu.default\">\n\t\t\t\t<div class=\"elementor-widget-container\">\n\t\t\t\t\t<div class=\"menu-fachmenue-kunst-container\"><ul id=\"menu-fachmenue-kunst\" class=\"menu\"><li id=\"menu-item-641\" class=\"menu-item menu-item-type-post_type menu-item-object-page menu-item-641\"><a href=\"https:\/\/gymnasium-nordenham.de\/en\/fach-x\">Kunst am GN<\/a><\/li>\n<li id=\"menu-item-702\" class=\"menu-item menu-item-type-post_type menu-item-object-page menu-item-702\"><a href=\"https:\/\/gymnasium-nordenham.de\/en\/fach-x-am-gymnasium-nordenham\">Der Fachbereich<\/a><\/li>\n<li id=\"menu-item-728\" class=\"menu-item menu-item-type-post_type menu-item-object-page menu-item-728\"><a href=\"https:\/\/gymnasium-nordenham.de\/en\/fach-x-kunst-lehrwerke\">Lehrwerke<\/a><\/li>\n<li id=\"menu-item-740\" class=\"menu-item menu-item-type-post_type menu-item-object-page menu-item-740\"><a href=\"https:\/\/gymnasium-nordenham.de\/en\/fach-x-kunst-curricula\">Curricula<\/a><\/li>\n<li id=\"menu-item-736\" class=\"menu-item menu-item-type-post_type menu-item-object-page menu-item-736\"><a href=\"https:\/\/gymnasium-nordenham.de\/en\/fach-x-kunst-klassenarbeiten-und-klausuren\">Klassenarbeiten und Klausuren<\/a><\/li>\n<li id=\"menu-item-735\" class=\"menu-item menu-item-type-post_type menu-item-object-page menu-item-735\"><a href=\"https:\/\/gymnasium-nordenham.de\/en\/fach-x-kunst-weitere-angebote\">Weitere Angebote<\/a><\/li>\n<li id=\"menu-item-780\" class=\"menu-item menu-item-type-post_type menu-item-object-page menu-item-780\"><a href=\"https:\/\/gymnasium-nordenham.de\/en\/fach-x-kunst-webmuseum\">Webmuseum<\/a><\/li>\n<\/ul><\/div>\t\t\t\t<\/div>\n\t\t\t\t<\/div>\n\t\t\t\t\t<\/div>\n\t\t<\/div>\n\t\t\t\t\t<\/div>\n\t\t<\/section>\n\t\t\t\t<\/div>","protected":false},"excerpt":{"rendered":"<p>Kunst \u201eKunst gibt nicht das Sichtbare wieder, sondern macht sichtbar\u201c\u00a0 (Paul Klee, 1920) Das Fach Kunst stellt ein ganz besonderes Fach dar, da es sich nicht wie die meisten anderen F\u00e4cher prim\u00e4r mit dem Sprechen, Lesen und Schreiben besch\u00e4ftigt, sondern &hellip; <a href=\"https:\/\/gymnasium-nordenham.de\/en\/fach-x\">Continue reading <span class=\"meta-nav\">&rarr;<\/span><\/a><\/p>","protected":false},"author":4,"featured_media":0,"parent":0,"menu_order":0,"comment_status":"closed","ping_status":"closed","template":"elementor_header_footer","meta":{"_crdt_document":"","footnotes":""},"class_list":["post-629","page","type-page","status-publish","hentry"],"yoast_head":"<!-- This site is optimized with the Yoast SEO plugin v27.3 - https:\/\/yoast.com\/product\/yoast-seo-wordpress\/ -->\n<title>Kunst am GN - Gymnasium Nordenham<\/title>\n<meta name=\"robots\" content=\"index, follow, max-snippet:-1, max-image-preview:large, max-video-preview:-1\" \/>\n<link rel=\"canonical\" href=\"https:\/\/gymnasium-nordenham.de\/en\/fach-x\/\" \/>\n<meta property=\"og:locale\" content=\"en_GB\" \/>\n<meta property=\"og:type\" content=\"article\" \/>\n<meta property=\"og:title\" content=\"Kunst am GN - Gymnasium Nordenham\" \/>\n<meta property=\"og:description\" content=\"Kunst \u201eKunst gibt nicht das Sichtbare wieder, sondern macht sichtbar\u201c\u00a0 (Paul Klee, 1920) Das Fach Kunst stellt ein ganz besonderes Fach dar, da es sich nicht wie die meisten anderen F\u00e4cher prim\u00e4r mit dem Sprechen, Lesen und Schreiben besch\u00e4ftigt, sondern &hellip; Continue reading &rarr;\" \/>\n<meta property=\"og:url\" content=\"https:\/\/gymnasium-nordenham.de\/en\/fach-x\/\" \/>\n<meta property=\"og:site_name\" content=\"Gymnasium Nordenham\" \/>\n<meta property=\"article:modified_time\" content=\"2020-12-22T11:49:50+00:00\" \/>\n<meta property=\"og:image\" content=\"https:\/\/gymnasium-nordenham.de\/wp-content\/uploads\/2020\/01\/Webseite-Kunst.jpg\" \/>\n<meta name=\"twitter:card\" content=\"summary_large_image\" \/>\n<meta name=\"twitter:label1\" content=\"Estimated reading time\" \/>\n\t<meta name=\"twitter:data1\" content=\"1 minute\" \/>\n<script type=\"application\/ld+json\" class=\"yoast-schema-graph\">{\"@context\":\"https:\\\/\\\/schema.org\",\"@graph\":[{\"@type\":\"WebPage\",\"@id\":\"https:\\\/\\\/gymnasium-nordenham.de\\\/fach-x\",\"url\":\"https:\\\/\\\/gymnasium-nordenham.de\\\/fach-x\",\"name\":\"Kunst am GN - Gymnasium Nordenham\",\"isPartOf\":{\"@id\":\"https:\\\/\\\/gymnasium-nordenham.de\\\/#website\"},\"primaryImageOfPage\":{\"@id\":\"https:\\\/\\\/gymnasium-nordenham.de\\\/fach-x#primaryimage\"},\"image\":{\"@id\":\"https:\\\/\\\/gymnasium-nordenham.de\\\/fach-x#primaryimage\"},\"thumbnailUrl\":\"https:\\\/\\\/gymnasium-nordenham.de\\\/wp-content\\\/uploads\\\/2020\\\/01\\\/Webseite-Kunst.jpg\",\"datePublished\":\"2020-01-09T09:19:52+00:00\",\"dateModified\":\"2020-12-22T11:49:50+00:00\",\"breadcrumb\":{\"@id\":\"https:\\\/\\\/gymnasium-nordenham.de\\\/fach-x#breadcrumb\"},\"inLanguage\":\"en-GB\",\"potentialAction\":[{\"@type\":\"ReadAction\",\"target\":[\"https:\\\/\\\/gymnasium-nordenham.de\\\/fach-x\"]}]},{\"@type\":\"ImageObject\",\"inLanguage\":\"en-GB\",\"@id\":\"https:\\\/\\\/gymnasium-nordenham.de\\\/fach-x#primaryimage\",\"url\":\"https:\\\/\\\/gymnasium-nordenham.de\\\/wp-content\\\/uploads\\\/2020\\\/01\\\/Webseite-Kunst.jpg\",\"contentUrl\":\"https:\\\/\\\/gymnasium-nordenham.de\\\/wp-content\\\/uploads\\\/2020\\\/01\\\/Webseite-Kunst.jpg\"},{\"@type\":\"BreadcrumbList\",\"@id\":\"https:\\\/\\\/gymnasium-nordenham.de\\\/fach-x#breadcrumb\",\"itemListElement\":[{\"@type\":\"ListItem\",\"position\":1,\"name\":\"Startseite\",\"item\":\"https:\\\/\\\/gymnasium-nordenham.de\\\/\"},{\"@type\":\"ListItem\",\"position\":2,\"name\":\"Kunst am GN\"}]},{\"@type\":\"WebSite\",\"@id\":\"https:\\\/\\\/gymnasium-nordenham.de\\\/#website\",\"url\":\"https:\\\/\\\/gymnasium-nordenham.de\\\/\",\"name\":\"Gymnasium Nordenham\",\"description\":\"Miteinander, voneinander und f\u00fcreinander lernen\",\"potentialAction\":[{\"@type\":\"SearchAction\",\"target\":{\"@type\":\"EntryPoint\",\"urlTemplate\":\"https:\\\/\\\/gymnasium-nordenham.de\\\/?s={search_term_string}\"},\"query-input\":{\"@type\":\"PropertyValueSpecification\",\"valueRequired\":true,\"valueName\":\"search_term_string\"}}],\"inLanguage\":\"en-GB\"}]}<\/script>\n<!-- \/ Yoast SEO plugin. -->","yoast_head_json":{"title":"Kunst am GN - Gymnasium Nordenham","robots":{"index":"index","follow":"follow","max-snippet":"max-snippet:-1","max-image-preview":"max-image-preview:large","max-video-preview":"max-video-preview:-1"},"canonical":"https:\/\/gymnasium-nordenham.de\/en\/fach-x\/","og_locale":"en_GB","og_type":"article","og_title":"Kunst am GN - Gymnasium Nordenham","og_description":"Kunst \u201eKunst gibt nicht das Sichtbare wieder, sondern macht sichtbar\u201c\u00a0 (Paul Klee, 1920) Das Fach Kunst stellt ein ganz besonderes Fach dar, da es sich nicht wie die meisten anderen F\u00e4cher prim\u00e4r mit dem Sprechen, Lesen und Schreiben besch\u00e4ftigt, sondern &hellip; Continue reading &rarr;","og_url":"https:\/\/gymnasium-nordenham.de\/en\/fach-x\/","og_site_name":"Gymnasium Nordenham","article_modified_time":"2020-12-22T11:49:50+00:00","og_image":[{"url":"https:\/\/gymnasium-nordenham.de\/wp-content\/uploads\/2020\/01\/Webseite-Kunst.jpg","type":"","width":"","height":""}],"twitter_card":"summary_large_image","twitter_misc":{"Estimated reading time":"1 minute"},"schema":{"@context":"https:\/\/schema.org","@graph":[{"@type":"WebPage","@id":"https:\/\/gymnasium-nordenham.de\/fach-x","url":"https:\/\/gymnasium-nordenham.de\/fach-x","name":"Kunst am GN - Gymnasium Nordenham","isPartOf":{"@id":"https:\/\/gymnasium-nordenham.de\/#website"},"primaryImageOfPage":{"@id":"https:\/\/gymnasium-nordenham.de\/fach-x#primaryimage"},"image":{"@id":"https:\/\/gymnasium-nordenham.de\/fach-x#primaryimage"},"thumbnailUrl":"https:\/\/gymnasium-nordenham.de\/wp-content\/uploads\/2020\/01\/Webseite-Kunst.jpg","datePublished":"2020-01-09T09:19:52+00:00","dateModified":"2020-12-22T11:49:50+00:00","breadcrumb":{"@id":"https:\/\/gymnasium-nordenham.de\/fach-x#breadcrumb"},"inLanguage":"en-GB","potentialAction":[{"@type":"ReadAction","target":["https:\/\/gymnasium-nordenham.de\/fach-x"]}]},{"@type":"ImageObject","inLanguage":"en-GB","@id":"https:\/\/gymnasium-nordenham.de\/fach-x#primaryimage","url":"https:\/\/gymnasium-nordenham.de\/wp-content\/uploads\/2020\/01\/Webseite-Kunst.jpg","contentUrl":"https:\/\/gymnasium-nordenham.de\/wp-content\/uploads\/2020\/01\/Webseite-Kunst.jpg"},{"@type":"BreadcrumbList","@id":"https:\/\/gymnasium-nordenham.de\/fach-x#breadcrumb","itemListElement":[{"@type":"ListItem","position":1,"name":"Startseite","item":"https:\/\/gymnasium-nordenham.de\/"},{"@type":"ListItem","position":2,"name":"Kunst am GN"}]},{"@type":"WebSite","@id":"https:\/\/gymnasium-nordenham.de\/#website","url":"https:\/\/gymnasium-nordenham.de\/","name":"Gymnasium Nordenham","description":"Miteinander, voneinander und f\u00fcreinander lernen","potentialAction":[{"@type":"SearchAction","target":{"@type":"EntryPoint","urlTemplate":"https:\/\/gymnasium-nordenham.de\/?s={search_term_string}"},"query-input":{"@type":"PropertyValueSpecification","valueRequired":true,"valueName":"search_term_string"}}],"inLanguage":"en-GB"}]}},"_links":{"self":[{"href":"https:\/\/gymnasium-nordenham.de\/en\/wp-json\/wp\/v2\/pages\/629","targetHints":{"allow":["GET"]}}],"collection":[{"href":"https:\/\/gymnasium-nordenham.de\/en\/wp-json\/wp\/v2\/pages"}],"about":[{"href":"https:\/\/gymnasium-nordenham.de\/en\/wp-json\/wp\/v2\/types\/page"}],"author":[{"embeddable":true,"href":"https:\/\/gymnasium-nordenham.de\/en\/wp-json\/wp\/v2\/users\/4"}],"replies":[{"embeddable":true,"href":"https:\/\/gymnasium-nordenham.de\/en\/wp-json\/wp\/v2\/comments?post=629"}],"version-history":[{"count":0,"href":"https:\/\/gymnasium-nordenham.de\/en\/wp-json\/wp\/v2\/pages\/629\/revisions"}],"wp:attachment":[{"href":"https:\/\/gymnasium-nordenham.de\/en\/wp-json\/wp\/v2\/media?parent=629"}],"curies":[{"name":"wp","href":"https:\/\/api.w.org\/{rel}","templated":true}]}}