{"id":6117,"date":"2021-02-18T15:00:39","date_gmt":"2021-02-18T14:00:39","guid":{"rendered":"https:\/\/gymnasium-nordenham.de\/?page_id=6117"},"modified":"2021-04-25T11:44:07","modified_gmt":"2021-04-25T09:44:07","slug":"religion-weitere-angebote","status":"publish","type":"page","link":"https:\/\/gymnasium-nordenham.de\/en\/religion-weitere-angebote","title":{"rendered":"Religion &#8211; weitere Angebote"},"content":{"rendered":"<div data-elementor-type=\"wp-page\" data-elementor-id=\"6117\" class=\"elementor elementor-6117\" data-elementor-post-type=\"page\">\n\t\t\t\t\t\t<section class=\"elementor-section elementor-top-section elementor-element elementor-element-5257c4b elementor-section-full_width elementor-section-height-default elementor-section-height-default\" data-id=\"5257c4b\" data-element_type=\"section\" data-e-type=\"section\">\n\t\t\t\t\t\t<div class=\"elementor-container elementor-column-gap-default\">\n\t\t\t\t\t<div class=\"elementor-column elementor-col-100 elementor-top-column elementor-element elementor-element-929ce8f\" data-id=\"929ce8f\" data-element_type=\"column\" data-e-type=\"column\" data-settings=\"{&quot;background_background&quot;:&quot;classic&quot;}\">\n\t\t\t<div class=\"elementor-widget-wrap elementor-element-populated\">\n\t\t\t\t\t\t<div class=\"elementor-element elementor-element-de78d44 elementor-widget elementor-widget-heading\" data-id=\"de78d44\" data-element_type=\"widget\" data-e-type=\"widget\" data-widget_type=\"heading.default\">\n\t\t\t\t<div class=\"elementor-widget-container\">\n\t\t\t\t\t<h2 class=\"elementor-heading-title elementor-size-large\">Weitere Angebote<\/h2>\t\t\t\t<\/div>\n\t\t\t\t<\/div>\n\t\t\t\t\t<\/div>\n\t\t<\/div>\n\t\t\t\t\t<\/div>\n\t\t<\/section>\n\t\t\t\t<section class=\"elementor-section elementor-top-section elementor-element elementor-element-9215942 elementor-section-full_width elementor-section-height-default elementor-section-height-default\" data-id=\"9215942\" data-element_type=\"section\" data-e-type=\"section\">\n\t\t\t\t\t\t<div class=\"elementor-container elementor-column-gap-default\">\n\t\t\t\t\t<div class=\"elementor-column elementor-col-66 elementor-top-column elementor-element elementor-element-bc4bb8e\" data-id=\"bc4bb8e\" data-element_type=\"column\" data-e-type=\"column\">\n\t\t\t<div class=\"elementor-widget-wrap elementor-element-populated\">\n\t\t\t\t\t\t<div class=\"elementor-element elementor-element-0bced0f elementor-widget elementor-widget-text-editor\" data-id=\"0bced0f\" data-element_type=\"widget\" data-e-type=\"widget\" data-widget_type=\"text-editor.default\">\n\t\t\t\t<div class=\"elementor-widget-container\">\n\t\t\t\t\t\t\t\t\t<p align=\"CENTER\"><span style=\"font-size: 12pt; font-family: georgia, palatino, serif;\"><u><b>Nicht nur verstehen und gestalten \u2013 auch entdecken<\/b><\/u><\/span><\/p><p align=\"JUSTIFY\"><span style=\"font-family: georgia, palatino, serif; font-size: 12pt;\"><b>Religion entdecken!<\/b> Das ist uns, den Fachkollegen des Gymnasiums Nordenham, neben dem Verstehen und Gestalten von Religion ein wesentliches Anliegen, um einen ganzheitlichen Unterricht umzusetzen. Gerade der Religionsunterricht darf sich nicht auf die kognitive Dimension allein beschr\u00e4nken, zumal das Dilemma besteht, dass sich Fragen des Glaubens grunds\u00e4tzlich dem planbaren Zugriff entziehen. Vielmehr muss der Religionsunterricht, um ein Entdecken zu erm\u00f6glichen, neben dem Kopf auch das Herz ansprechen. Somit m\u00fcssen Methoden angeboten werden, die den ggf. glaubenden, fragenden, suchenden, zweifelnden jungen Menschen einen Zugang erm\u00f6glichen.<\/span><\/p><p align=\"JUSTIFY\"><span style=\"font-family: georgia, palatino, serif; font-size: 12pt;\"><b>Religion entdecken<\/b> gelingt unter anderem durch <b>Exkursionen<\/b>. Diese bieten eine hervorragende M\u00f6glickeit, bereits theoretisch erfahrene Inhalte durch die M\u00f6glichkeit, Experten Fragen stellen zu k\u00f6nnen, zu festigen oder erworbenes Wissen vor Ort anzuwenden und damit zu vertiefen. Exkursionen k\u00f6nnen aber auch zu Beginn einer Unterrichtseinheit neugierig machen und motivieren, gesehenes verstehen bzw. hinterfragen zu wollen.<\/span><\/p><p align=\"JUSTIFY\"><span style=\"font-family: georgia, palatino, serif; font-size: 12pt;\">Dar\u00fcber hinaus tragen Exkursionen dazu bei, dass die Sch\u00fclerinnen und Sch\u00fcler im Laufe des Religionsunterrichtes die Kompetenz der religi\u00f6sen und interreligi\u00f6sen Dialogf\u00e4higkeit erlangen. Wo k\u00f6nnte diese besser einge\u00fcbt werden als dort, wo sich Menschen der eigenen bzw. verschiedener Religionen begegnen und der jeweilige Glaube gelebt und gestaltet wird.<\/span><\/p><p align=\"JUSTIFY\"><span style=\"font-family: georgia, palatino, serif; font-size: 12pt;\">Durch Exkursionen wird aber auch erreicht, dass religi\u00f6se Ph\u00e4nomene als solche erkannt werden und im Leben der Sch\u00fclerinnen und Sch\u00fcler an Bedeutung gewinnen. Ohne diese Sensibilisierung w\u00fcrden Spuren des gelebten Glaubens in der Alltagswelt einfach \u00fcbersehen und gingen durch mangelnde Deutungsm\u00f6glichkeiten f\u00fcr die jungen Menschen verloren. <\/span><\/p><p align=\"JUSTIFY\"><span style=\"font-family: georgia, palatino, serif; font-size: 12pt;\">Die ersten au\u00dferschulischen Lernorte, die die Kinder im Fach Religion aufsuchen, sofern es der organisatorische Rahmen zul\u00e4sst, sind die Kirchen vor Ort. Aufgrund der Fu\u00dfl\u00e4ufigkeit sind das die Martin Luther Kirche und die St. Willehad Kirche.<a class=\"sdfootnoteanc\" href=\"#sdfootnote1sym\" name=\"sdfootnote1anc\"><\/a> <\/span><\/p>\t\t\t\t\t\t\t\t<\/div>\n\t\t\t\t<\/div>\n\t\t\t\t<section class=\"elementor-section elementor-inner-section elementor-element elementor-element-782bd4f elementor-section-full_width elementor-section-height-default elementor-section-height-default\" data-id=\"782bd4f\" data-element_type=\"section\" data-e-type=\"section\">\n\t\t\t\t\t\t<div class=\"elementor-container elementor-column-gap-default\">\n\t\t\t\t\t<div class=\"elementor-column elementor-col-50 elementor-inner-column elementor-element elementor-element-d9da200\" data-id=\"d9da200\" data-element_type=\"column\" data-e-type=\"column\">\n\t\t\t<div class=\"elementor-widget-wrap elementor-element-populated\">\n\t\t\t\t\t\t<div class=\"elementor-element elementor-element-004d47f elementor-widget elementor-widget-image\" data-id=\"004d47f\" data-element_type=\"widget\" data-e-type=\"widget\" data-widget_type=\"image.default\">\n\t\t\t\t<div class=\"elementor-widget-container\">\n\t\t\t\t\t\t\t\t\t\t\t\t\t\t\t<img fetchpriority=\"high\" decoding=\"async\" width=\"640\" height=\"427\" src=\"https:\/\/gymnasium-nordenham.de\/wp-content\/uploads\/2021\/04\/MLK-aussen-quer_jun14-1024x683.jpg\" class=\"attachment-large size-large wp-image-6694\" alt=\"\" srcset=\"https:\/\/gymnasium-nordenham.de\/wp-content\/uploads\/2021\/04\/MLK-aussen-quer_jun14-1024x683.jpg 1024w, https:\/\/gymnasium-nordenham.de\/wp-content\/uploads\/2021\/04\/MLK-aussen-quer_jun14-300x200.jpg 300w, https:\/\/gymnasium-nordenham.de\/wp-content\/uploads\/2021\/04\/MLK-aussen-quer_jun14-768x512.jpg 768w, https:\/\/gymnasium-nordenham.de\/wp-content\/uploads\/2021\/04\/MLK-aussen-quer_jun14-1536x1024.jpg 1536w, https:\/\/gymnasium-nordenham.de\/wp-content\/uploads\/2021\/04\/MLK-aussen-quer_jun14-2048x1365.jpg 2048w, https:\/\/gymnasium-nordenham.de\/wp-content\/uploads\/2021\/04\/MLK-aussen-quer_jun14-272x182.jpg 272w\" sizes=\"(max-width: 640px) 100vw, 640px\" \/>\t\t\t\t\t\t\t\t\t\t\t\t\t\t\t<\/div>\n\t\t\t\t<\/div>\n\t\t\t\t\t<\/div>\n\t\t<\/div>\n\t\t\t\t<div class=\"elementor-column elementor-col-50 elementor-inner-column elementor-element elementor-element-e64e8b8\" data-id=\"e64e8b8\" data-element_type=\"column\" data-e-type=\"column\">\n\t\t\t<div class=\"elementor-widget-wrap elementor-element-populated\">\n\t\t\t\t\t\t<div class=\"elementor-element elementor-element-513aede elementor-widget elementor-widget-image\" data-id=\"513aede\" data-element_type=\"widget\" data-e-type=\"widget\" data-widget_type=\"image.default\">\n\t\t\t\t<div class=\"elementor-widget-container\">\n\t\t\t\t\t\t\t\t\t\t\t\t\t\t\t<img decoding=\"async\" width=\"640\" height=\"427\" src=\"https:\/\/gymnasium-nordenham.de\/wp-content\/uploads\/2021\/04\/IMG_4149-1024x683.jpg\" class=\"attachment-large size-large wp-image-6693\" alt=\"\" srcset=\"https:\/\/gymnasium-nordenham.de\/wp-content\/uploads\/2021\/04\/IMG_4149-1024x683.jpg 1024w, https:\/\/gymnasium-nordenham.de\/wp-content\/uploads\/2021\/04\/IMG_4149-300x200.jpg 300w, https:\/\/gymnasium-nordenham.de\/wp-content\/uploads\/2021\/04\/IMG_4149-768x512.jpg 768w, https:\/\/gymnasium-nordenham.de\/wp-content\/uploads\/2021\/04\/IMG_4149-1536x1024.jpg 1536w, https:\/\/gymnasium-nordenham.de\/wp-content\/uploads\/2021\/04\/IMG_4149-2048x1365.jpg 2048w, https:\/\/gymnasium-nordenham.de\/wp-content\/uploads\/2021\/04\/IMG_4149-272x182.jpg 272w\" sizes=\"(max-width: 640px) 100vw, 640px\" \/>\t\t\t\t\t\t\t\t\t\t\t\t\t\t\t<\/div>\n\t\t\t\t<\/div>\n\t\t\t\t\t<\/div>\n\t\t<\/div>\n\t\t\t\t\t<\/div>\n\t\t<\/section>\n\t\t\t\t<div class=\"elementor-element elementor-element-e3ba44e elementor-widget elementor-widget-text-editor\" data-id=\"e3ba44e\" data-element_type=\"widget\" data-e-type=\"widget\" data-widget_type=\"text-editor.default\">\n\t\t\t\t<div class=\"elementor-widget-container\">\n\t\t\t\t\t\t\t\t\t<p><span style=\"font-family: georgia, palatino, serif; font-size: 10pt;\">Die Fotos wurden von der jeweiligen Kirchengemeinde nach Anfrage zur Verf\u00fcgung gestellt.<\/span><\/p>\t\t\t\t\t\t\t\t<\/div>\n\t\t\t\t<\/div>\n\t\t\t\t<div class=\"elementor-element elementor-element-223bc55 elementor-widget elementor-widget-text-editor\" data-id=\"223bc55\" data-element_type=\"widget\" data-e-type=\"widget\" data-widget_type=\"text-editor.default\">\n\t\t\t\t<div class=\"elementor-widget-container\">\n\t\t\t\t\t\t\t\t\t<p align=\"JUSTIFY\"><span style=\"font-family: georgia, palatino, serif; font-size: 12pt;\">Im Sinne der im Schulcurriculum verankerten Unterrichtseinheit \u201e<i>Die Vielfalt der Kirchen<\/i>\u201c k\u00f6nnen die Sch\u00fclerinnen und Sch\u00fcler vor Ort, wenn m\u00f6glich mit Unterst\u00fctzung der Pastorin Wittrock und des Pfarrers Jasbinschek, Gemeinsamkeiten und Unterschiede entdecken. Aber auch die Kinder selber haben, je nach eigener religi\u00f6ser Sozialisation, die M\u00f6glichkeit, als Expertin \/ Experte aufzutreten.<\/span><\/p><p align=\"JUSTIFY\"><span style=\"font-family: georgia, palatino, serif; font-size: 12pt;\">Die in den Kirchen gemachten Erfahrungen gilt es dann, wie nach jeder Exkursion, zu reflektieren und inhaltlich einzubetten.<\/span><\/p><p align=\"JUSTIFY\"><span style=\"font-family: georgia, palatino, serif; font-size: 12pt;\">Im Rahmen der Behandlung der Weltreligion <i>Islam<\/i> in Jahrgang 7\/8 bereichert ein Besuch in der Moschee in der Walter-Rathenau-Str. den Unterricht.<a class=\"sdfootnoteanc\" href=\"#sdfootnote1sym\" name=\"sdfootnote1anc\"><sup>1<\/sup><\/a> Die Muslime dort sind immer wieder offen f\u00fcr einen Austausch und zeigen mit sehr viel Freude und Gastfreundschaft ihre R\u00e4umlichkeiten. Hier werden Hemmschwellen abgebaut und erste Wege f\u00fcr einen interreligi\u00f6sen Dialog geebnet. <\/span><\/p><div id=\"sdfootnote1\"><p class=\"sdfootnote\"><span style=\"font-family: georgia, palatino, serif; font-size: 12pt;\"><a class=\"sdfootnotesym\" href=\"#sdfootnote1anc\" name=\"sdfootnote1sym\">1<\/a>Die Fotos wurden nach Anfrage von der Muslimischen Gemeinde zur Verf\u00fcgung gestellt.<\/span><\/p><\/div>\t\t\t\t\t\t\t\t<\/div>\n\t\t\t\t<\/div>\n\t\t\t\t<div class=\"elementor-element elementor-element-b597fc1 elementor-widget elementor-widget-text-editor\" data-id=\"b597fc1\" data-element_type=\"widget\" data-e-type=\"widget\" data-widget_type=\"text-editor.default\">\n\t\t\t\t<div class=\"elementor-widget-container\">\n\t\t\t\t\t\t\t\t\t<p align=\"JUSTIFY\"><span style=\"font-family: georgia, palatino, serif; font-size: 12pt;\">In Jahrgang 9\/10 geht es u.a. um die Behandlung der Frage \u201e<i>Was kommt nach dem Tod?<\/i>.\u201c Um das Thema \u201eTod\u201c zu enttabuisieren, ist es hilfreich, mit Menschen zu reden, die sich tagt\u00e4glich mit ihm auseinandersetzen. So ist zum Beispiel ein Besuch in einem Bestattungsunternehmen m\u00f6glich. Aber auch die Hospizhilfe Nordenham steht als Ansprechpartner zur Verf\u00fcgung. <\/span><\/p><p align=\"JUSTIFY\"><span style=\"font-family: georgia, palatino, serif; font-size: 12pt;\">Auf dem Atenser Friedhof lassen sich viele Symbole entdecken, die zu Fragestellungen anregen. <\/span><\/p><p align=\"JUSTIFY\"><span style=\"font-family: georgia, palatino, serif; font-size: 12pt;\">Auch die in Nordenham zu findenden Stolpersteine, die als in den Boden eingelassene Gedenktafeln an j\u00fcdische Mitb\u00fcrger und deren Schicksale w\u00e4hrend des Nationalsozialismus erinnern, k\u00f6nnen Unterrichtsinhalte greifbarer machen.<\/span><\/p><p align=\"JUSTIFY\"><span style=\"font-family: georgia, palatino, serif; font-size: 12pt;\">Aber nicht immer ist es m\u00f6glich, das Klassenzimmer zu verlassen. Leider sind Exkursionen im Fach Religion vor allem aufgrund der zusammengesetzten Klassen oftmals schwerer zu organisieren. Aber auch das h\u00e4lt uns nicht davon ab, Experten zu Wort kommen zu lassen. Wie die Bibel schon sagt, kommt dann eben der \u201eBerg zum Propheten.\u201c<\/span><\/p><p align=\"JUSTIFY\"><span style=\"font-family: georgia, palatino, serif; font-size: 12pt;\">Wir haben die Erfahrung gemacht, dass die Nordenhamer Einrichtungen sehr offen sind, wenn Ansprechpartner als Experten gesucht werden. So wurde zum Beispiel auch schon ein Besuch eines Klienten des CVJM bei uns in der Schule mit Begleitung organisiert oder Vertreter anderer Bereiche, die von der Diakonie Nordenham abgedeckt werden, haben unsere Einladung in den Unterricht offenherzig angenommen.<\/span><\/p><p align=\"JUSTIFY\"><span style=\"font-family: georgia, palatino, serif; font-size: 12pt;\">Aber auch Privatpersonen, so z.B. eine Altenpflegerin zum Thema <i>\u201eSterben und Tod\u201c<\/i>, sind gerne bereit, etwas \u00fcber sich, ihren Beruf und die ggf. dahinterstehende christliche Motivation zu berichten.<\/span><\/p><p align=\"JUSTIFY\"><span style=\"font-family: georgia, palatino, serif; font-size: 12pt;\">Vieles ist m\u00f6glich und vieles w\u00fcrde ohne diese Begegnungen nur abstrakt und theoretisch bleiben. Durch die Wahrnehmung der Wirklichkeit von Religion und Glauben in der Alltagswelt gelingt es aber, eine Bedeutung f\u00fcr das Leben der Sch\u00fclerinnen und Sch\u00fcler herzustellen<a class=\"sdfootnoteanc\" href=\"#sdfootnote1sym\" name=\"sdfootnote1anc\"><sup>1<\/sup><\/a> \u2013 eben <b>Religion zu entdecken!<\/b><\/span><\/p><div id=\"sdfootnote1\"><p class=\"sdfootnote\"><span style=\"font-family: georgia, palatino, serif; font-size: 10pt;\"><a class=\"sdfootnotesym\" href=\"#sdfootnote1anc\" name=\"sdfootnote1sym\">1<\/a>Teilweise entnommen und angepasst aus:<\/span><\/p><p align=\"JUSTIFY\"><span style=\"font-family: georgia, palatino, serif; font-size: 10pt;\">Theo-Web. Zeitschrift f\u00fcr Religionsp\u00e4dagogik 5 (2006)<\/span><\/p><p align=\"JUSTIFY\"><span style=\"font-size: 10pt; font-family: georgia, palatino, serif;\">https:\/\/books.google.de\/books?hl=de&amp;lr=&amp;id=J7878BsBEC0C&amp;oi=fnd&amp;pg=PT9&amp;dq=exkursionen+im+religionsunterricht&amp;ots=GnbEftCIOv&amp;sig=7x70QDwPY1qQmzUqRBr5RCM4gW8#v=onepage&amp;q=exkursionen%20im%20religionsunterricht&amp;f=false (letzter Aufruf am 08.02.2021)<\/span><\/p><\/div>\t\t\t\t\t\t\t\t<\/div>\n\t\t\t\t<\/div>\n\t\t\t\t\t<\/div>\n\t\t<\/div>\n\t\t\t\t<div class=\"elementor-column elementor-col-33 elementor-top-column elementor-element elementor-element-c25fcbf\" data-id=\"c25fcbf\" data-element_type=\"column\" data-e-type=\"column\">\n\t\t\t<div class=\"elementor-widget-wrap elementor-element-populated\">\n\t\t\t\t\t\t<div class=\"elementor-element elementor-element-497df0a elementor-invisible elementor-widget elementor-widget-wp-widget-nav_menu\" data-id=\"497df0a\" data-element_type=\"widget\" data-e-type=\"widget\" data-settings=\"{&quot;_animation&quot;:&quot;fadeInUp&quot;}\" data-widget_type=\"wp-widget-nav_menu.default\">\n\t\t\t\t<div class=\"elementor-widget-container\">\n\t\t\t\t\t<div class=\"menu-fachmenue-religion-container\"><ul id=\"menu-fachmenue-religion\" class=\"menu\"><li id=\"menu-item-6110\" class=\"menu-item menu-item-type-post_type menu-item-object-page menu-item-6110\"><a href=\"https:\/\/gymnasium-nordenham.de\/en\/religion-am-gn\">Religion am GN<\/a><\/li>\n<li id=\"menu-item-6284\" class=\"menu-item menu-item-type-post_type menu-item-object-page menu-item-6284\"><a href=\"https:\/\/gymnasium-nordenham.de\/en\/religion-lehrwerke\">Lehrwerke<\/a><\/li>\n<li id=\"menu-item-6283\" class=\"menu-item menu-item-type-post_type menu-item-object-page menu-item-6283\"><a href=\"https:\/\/gymnasium-nordenham.de\/en\/religion-curricula\">Curricula<\/a><\/li>\n<li id=\"menu-item-6126\" class=\"menu-item menu-item-type-post_type menu-item-object-page menu-item-6126\"><a href=\"https:\/\/gymnasium-nordenham.de\/en\/religion-weitere-angebote\">Weitere Angebote<\/a><\/li>\n<li id=\"menu-item-6322\" class=\"menu-item menu-item-type-post_type menu-item-object-page menu-item-6322\"><a href=\"https:\/\/gymnasium-nordenham.de\/en\/religion-die-fachgruppe\">Moment mal&#8230;<\/a><\/li>\n<\/ul><\/div>\t\t\t\t<\/div>\n\t\t\t\t<\/div>\n\t\t\t\t\t<\/div>\n\t\t<\/div>\n\t\t\t\t\t<\/div>\n\t\t<\/section>\n\t\t\t\t<\/div>","protected":false},"excerpt":{"rendered":"<p>Weitere Angebote Nicht nur verstehen und gestalten \u2013 auch entdecken Religion entdecken! Das ist uns, den Fachkollegen des Gymnasiums Nordenham, neben dem Verstehen und Gestalten von Religion ein wesentliches Anliegen, um einen ganzheitlichen Unterricht umzusetzen. Gerade der Religionsunterricht darf sich &hellip; <a href=\"https:\/\/gymnasium-nordenham.de\/en\/religion-weitere-angebote\">Continue reading <span class=\"meta-nav\">&rarr;<\/span><\/a><\/p>","protected":false},"author":4,"featured_media":0,"parent":0,"menu_order":0,"comment_status":"closed","ping_status":"closed","template":"elementor_header_footer","meta":{"_crdt_document":"","footnotes":""},"class_list":["post-6117","page","type-page","status-publish","hentry"],"yoast_head":"<!-- This site is optimized with the Yoast SEO plugin v27.3 - https:\/\/yoast.com\/product\/yoast-seo-wordpress\/ -->\n<title>Religion - weitere Angebote - Gymnasium Nordenham<\/title>\n<meta name=\"robots\" content=\"index, follow, max-snippet:-1, max-image-preview:large, max-video-preview:-1\" \/>\n<link rel=\"canonical\" href=\"https:\/\/gymnasium-nordenham.de\/en\/religion-weitere-angebote\/\" \/>\n<meta property=\"og:locale\" content=\"en_GB\" \/>\n<meta property=\"og:type\" content=\"article\" \/>\n<meta property=\"og:title\" content=\"Religion - weitere Angebote - Gymnasium Nordenham\" \/>\n<meta property=\"og:description\" content=\"Weitere Angebote Nicht nur verstehen und gestalten \u2013 auch entdecken Religion entdecken! Das ist uns, den Fachkollegen des Gymnasiums Nordenham, neben dem Verstehen und Gestalten von Religion ein wesentliches Anliegen, um einen ganzheitlichen Unterricht umzusetzen. Gerade der Religionsunterricht darf sich &hellip; Continue reading &rarr;\" \/>\n<meta property=\"og:url\" content=\"https:\/\/gymnasium-nordenham.de\/en\/religion-weitere-angebote\/\" \/>\n<meta property=\"og:site_name\" content=\"Gymnasium Nordenham\" \/>\n<meta property=\"article:modified_time\" content=\"2021-04-25T09:44:07+00:00\" \/>\n<meta property=\"og:image\" content=\"https:\/\/gymnasium-nordenham.de\/wp-content\/uploads\/2021\/04\/MLK-aussen-quer_jun14-1024x683.jpg\" \/>\n<meta name=\"twitter:card\" content=\"summary_large_image\" \/>\n<meta name=\"twitter:label1\" content=\"Estimated reading time\" \/>\n\t<meta name=\"twitter:data1\" content=\"4 minutes\" \/>\n<script type=\"application\/ld+json\" class=\"yoast-schema-graph\">{\"@context\":\"https:\\\/\\\/schema.org\",\"@graph\":[{\"@type\":\"WebPage\",\"@id\":\"https:\\\/\\\/gymnasium-nordenham.de\\\/religion-weitere-angebote\",\"url\":\"https:\\\/\\\/gymnasium-nordenham.de\\\/religion-weitere-angebote\",\"name\":\"Religion - weitere Angebote - Gymnasium Nordenham\",\"isPartOf\":{\"@id\":\"https:\\\/\\\/gymnasium-nordenham.de\\\/#website\"},\"primaryImageOfPage\":{\"@id\":\"https:\\\/\\\/gymnasium-nordenham.de\\\/religion-weitere-angebote#primaryimage\"},\"image\":{\"@id\":\"https:\\\/\\\/gymnasium-nordenham.de\\\/religion-weitere-angebote#primaryimage\"},\"thumbnailUrl\":\"https:\\\/\\\/gymnasium-nordenham.de\\\/wp-content\\\/uploads\\\/2021\\\/04\\\/MLK-aussen-quer_jun14-1024x683.jpg\",\"datePublished\":\"2021-02-18T14:00:39+00:00\",\"dateModified\":\"2021-04-25T09:44:07+00:00\",\"breadcrumb\":{\"@id\":\"https:\\\/\\\/gymnasium-nordenham.de\\\/religion-weitere-angebote#breadcrumb\"},\"inLanguage\":\"en-GB\",\"potentialAction\":[{\"@type\":\"ReadAction\",\"target\":[\"https:\\\/\\\/gymnasium-nordenham.de\\\/religion-weitere-angebote\"]}]},{\"@type\":\"ImageObject\",\"inLanguage\":\"en-GB\",\"@id\":\"https:\\\/\\\/gymnasium-nordenham.de\\\/religion-weitere-angebote#primaryimage\",\"url\":\"https:\\\/\\\/gymnasium-nordenham.de\\\/wp-content\\\/uploads\\\/2021\\\/04\\\/MLK-aussen-quer_jun14-1024x683.jpg\",\"contentUrl\":\"https:\\\/\\\/gymnasium-nordenham.de\\\/wp-content\\\/uploads\\\/2021\\\/04\\\/MLK-aussen-quer_jun14-1024x683.jpg\"},{\"@type\":\"BreadcrumbList\",\"@id\":\"https:\\\/\\\/gymnasium-nordenham.de\\\/religion-weitere-angebote#breadcrumb\",\"itemListElement\":[{\"@type\":\"ListItem\",\"position\":1,\"name\":\"Startseite\",\"item\":\"https:\\\/\\\/gymnasium-nordenham.de\\\/\"},{\"@type\":\"ListItem\",\"position\":2,\"name\":\"Religion &#8211; weitere Angebote\"}]},{\"@type\":\"WebSite\",\"@id\":\"https:\\\/\\\/gymnasium-nordenham.de\\\/#website\",\"url\":\"https:\\\/\\\/gymnasium-nordenham.de\\\/\",\"name\":\"Gymnasium Nordenham\",\"description\":\"Miteinander, voneinander und f\u00fcreinander lernen\",\"potentialAction\":[{\"@type\":\"SearchAction\",\"target\":{\"@type\":\"EntryPoint\",\"urlTemplate\":\"https:\\\/\\\/gymnasium-nordenham.de\\\/?s={search_term_string}\"},\"query-input\":{\"@type\":\"PropertyValueSpecification\",\"valueRequired\":true,\"valueName\":\"search_term_string\"}}],\"inLanguage\":\"en-GB\"}]}<\/script>\n<!-- \/ Yoast SEO plugin. -->","yoast_head_json":{"title":"Religion - weitere Angebote - Gymnasium Nordenham","robots":{"index":"index","follow":"follow","max-snippet":"max-snippet:-1","max-image-preview":"max-image-preview:large","max-video-preview":"max-video-preview:-1"},"canonical":"https:\/\/gymnasium-nordenham.de\/en\/religion-weitere-angebote\/","og_locale":"en_GB","og_type":"article","og_title":"Religion - weitere Angebote - Gymnasium Nordenham","og_description":"Weitere Angebote Nicht nur verstehen und gestalten \u2013 auch entdecken Religion entdecken! Das ist uns, den Fachkollegen des Gymnasiums Nordenham, neben dem Verstehen und Gestalten von Religion ein wesentliches Anliegen, um einen ganzheitlichen Unterricht umzusetzen. Gerade der Religionsunterricht darf sich &hellip; Continue reading &rarr;","og_url":"https:\/\/gymnasium-nordenham.de\/en\/religion-weitere-angebote\/","og_site_name":"Gymnasium Nordenham","article_modified_time":"2021-04-25T09:44:07+00:00","og_image":[{"url":"https:\/\/gymnasium-nordenham.de\/wp-content\/uploads\/2021\/04\/MLK-aussen-quer_jun14-1024x683.jpg","type":"","width":"","height":""}],"twitter_card":"summary_large_image","twitter_misc":{"Estimated reading time":"4 minutes"},"schema":{"@context":"https:\/\/schema.org","@graph":[{"@type":"WebPage","@id":"https:\/\/gymnasium-nordenham.de\/religion-weitere-angebote","url":"https:\/\/gymnasium-nordenham.de\/religion-weitere-angebote","name":"Religion - weitere Angebote - Gymnasium Nordenham","isPartOf":{"@id":"https:\/\/gymnasium-nordenham.de\/#website"},"primaryImageOfPage":{"@id":"https:\/\/gymnasium-nordenham.de\/religion-weitere-angebote#primaryimage"},"image":{"@id":"https:\/\/gymnasium-nordenham.de\/religion-weitere-angebote#primaryimage"},"thumbnailUrl":"https:\/\/gymnasium-nordenham.de\/wp-content\/uploads\/2021\/04\/MLK-aussen-quer_jun14-1024x683.jpg","datePublished":"2021-02-18T14:00:39+00:00","dateModified":"2021-04-25T09:44:07+00:00","breadcrumb":{"@id":"https:\/\/gymnasium-nordenham.de\/religion-weitere-angebote#breadcrumb"},"inLanguage":"en-GB","potentialAction":[{"@type":"ReadAction","target":["https:\/\/gymnasium-nordenham.de\/religion-weitere-angebote"]}]},{"@type":"ImageObject","inLanguage":"en-GB","@id":"https:\/\/gymnasium-nordenham.de\/religion-weitere-angebote#primaryimage","url":"https:\/\/gymnasium-nordenham.de\/wp-content\/uploads\/2021\/04\/MLK-aussen-quer_jun14-1024x683.jpg","contentUrl":"https:\/\/gymnasium-nordenham.de\/wp-content\/uploads\/2021\/04\/MLK-aussen-quer_jun14-1024x683.jpg"},{"@type":"BreadcrumbList","@id":"https:\/\/gymnasium-nordenham.de\/religion-weitere-angebote#breadcrumb","itemListElement":[{"@type":"ListItem","position":1,"name":"Startseite","item":"https:\/\/gymnasium-nordenham.de\/"},{"@type":"ListItem","position":2,"name":"Religion &#8211; weitere Angebote"}]},{"@type":"WebSite","@id":"https:\/\/gymnasium-nordenham.de\/#website","url":"https:\/\/gymnasium-nordenham.de\/","name":"Gymnasium Nordenham","description":"Miteinander, voneinander und f\u00fcreinander lernen","potentialAction":[{"@type":"SearchAction","target":{"@type":"EntryPoint","urlTemplate":"https:\/\/gymnasium-nordenham.de\/?s={search_term_string}"},"query-input":{"@type":"PropertyValueSpecification","valueRequired":true,"valueName":"search_term_string"}}],"inLanguage":"en-GB"}]}},"_links":{"self":[{"href":"https:\/\/gymnasium-nordenham.de\/en\/wp-json\/wp\/v2\/pages\/6117","targetHints":{"allow":["GET"]}}],"collection":[{"href":"https:\/\/gymnasium-nordenham.de\/en\/wp-json\/wp\/v2\/pages"}],"about":[{"href":"https:\/\/gymnasium-nordenham.de\/en\/wp-json\/wp\/v2\/types\/page"}],"author":[{"embeddable":true,"href":"https:\/\/gymnasium-nordenham.de\/en\/wp-json\/wp\/v2\/users\/4"}],"replies":[{"embeddable":true,"href":"https:\/\/gymnasium-nordenham.de\/en\/wp-json\/wp\/v2\/comments?post=6117"}],"version-history":[{"count":0,"href":"https:\/\/gymnasium-nordenham.de\/en\/wp-json\/wp\/v2\/pages\/6117\/revisions"}],"wp:attachment":[{"href":"https:\/\/gymnasium-nordenham.de\/en\/wp-json\/wp\/v2\/media?parent=6117"}],"curies":[{"name":"wp","href":"https:\/\/api.w.org\/{rel}","templated":true}]}}