{"id":6105,"date":"2021-02-18T14:49:01","date_gmt":"2021-02-18T13:49:01","guid":{"rendered":"https:\/\/gymnasium-nordenham.de\/?page_id=6105"},"modified":"2021-03-18T12:36:05","modified_gmt":"2021-03-18T11:36:05","slug":"religion-am-gn","status":"publish","type":"page","link":"https:\/\/gymnasium-nordenham.de\/en\/religion-am-gn","title":{"rendered":"Religion am GN"},"content":{"rendered":"<div data-elementor-type=\"wp-page\" data-elementor-id=\"6105\" class=\"elementor elementor-6105\" data-elementor-post-type=\"page\">\n\t\t\t\t\t\t<section class=\"elementor-section elementor-top-section elementor-element elementor-element-5257c4b elementor-section-full_width elementor-section-height-default elementor-section-height-default\" data-id=\"5257c4b\" data-element_type=\"section\" data-e-type=\"section\">\n\t\t\t\t\t\t<div class=\"elementor-container elementor-column-gap-default\">\n\t\t\t\t\t<div class=\"elementor-column elementor-col-100 elementor-top-column elementor-element elementor-element-929ce8f\" data-id=\"929ce8f\" data-element_type=\"column\" data-e-type=\"column\" data-settings=\"{&quot;background_background&quot;:&quot;classic&quot;}\">\n\t\t\t<div class=\"elementor-widget-wrap elementor-element-populated\">\n\t\t\t\t\t\t<div class=\"elementor-element elementor-element-de78d44 elementor-widget elementor-widget-heading\" data-id=\"de78d44\" data-element_type=\"widget\" data-e-type=\"widget\" data-widget_type=\"heading.default\">\n\t\t\t\t<div class=\"elementor-widget-container\">\n\t\t\t\t\t<h2 class=\"elementor-heading-title elementor-size-large\">Religion<\/h2>\t\t\t\t<\/div>\n\t\t\t\t<\/div>\n\t\t\t\t\t<\/div>\n\t\t<\/div>\n\t\t\t\t\t<\/div>\n\t\t<\/section>\n\t\t\t\t<section class=\"elementor-section elementor-top-section elementor-element elementor-element-9215942 elementor-section-full_width elementor-section-height-default elementor-section-height-default\" data-id=\"9215942\" data-element_type=\"section\" data-e-type=\"section\">\n\t\t\t\t\t\t<div class=\"elementor-container elementor-column-gap-default\">\n\t\t\t\t\t<div class=\"elementor-column elementor-col-66 elementor-top-column elementor-element elementor-element-bc4bb8e\" data-id=\"bc4bb8e\" data-element_type=\"column\" data-e-type=\"column\">\n\t\t\t<div class=\"elementor-widget-wrap elementor-element-populated\">\n\t\t\t\t\t\t<div class=\"elementor-element elementor-element-0bced0f elementor-widget elementor-widget-text-editor\" data-id=\"0bced0f\" data-element_type=\"widget\" data-e-type=\"widget\" data-widget_type=\"text-editor.default\">\n\t\t\t\t<div class=\"elementor-widget-container\">\n\t\t\t\t\t\t\t\t\t<p><strong><span style=\"font-family: georgia, palatino, serif; font-size: 12pt;\">Rechtliche und organisatorische Grundlagen<\/span><\/strong><\/p><p><span style=\"font-family: georgia, palatino, serif; font-size: 12pt;\">Das Grundgesetz bestimmt, dass der Religionsunterricht ein gleichberechtigtes \u201eordentliches Lehrfach\u201c an \u00f6ffentlichen Schulen ist und legt das staatliche Aufsichtsrecht fest. Der Unterricht ist in \u201e\u00dcbereinstimmung mit den Grunds\u00e4tzen der Religionsgemeinschaften\u201c zu erteilen. Konkret bedeutet das: Der Staat ist verantwortlich f\u00fcr die Richtlinien, nach denen gelernt wird, und f\u00fcr die professionelle Ausbildung der Lehrkr\u00e4fte. In religi\u00f6sen und weltanschaulichen Dingen hat sich der Staat neutral zu verhalten und will nicht bestimmen, was im Detail im Fach Religion unterrichtet werden soll.<\/span><\/p><p><span style=\"font-family: georgia, palatino, serif; font-size: 12pt;\">Bis zum Schuljahr 2019\/2020 gab es am Gymnasium Nordenham die beiden F\u00e4cher \u201eEvangelische Religion\u201c und \u201eKatholische Religion\u201c. Ab dem Schuljahr 2020\/2021 ist der Umstellungsprozess zum konfessionskooperativen Unterricht in der Sek. I initiiert. In der Gymnasialen Oberstufe wird weiterhin das Fach Evangelische Religion angeboten und dieses ist 2021 nach langer Zeit an unserer Schule wieder Abiturpr\u00fcfungsfach.<\/span><\/p><p><strong><span style=\"font-family: georgia, palatino, serif; font-size: 12pt;\">Aufgaben des Religionsunterrichts<\/span><\/strong><\/p><p><span style=\"font-family: georgia, palatino, serif; font-size: 12pt;\">Das Fach Religion bietet einen Raum des Diskurses mit dem Christentum <\/span><span style=\"font-family: georgia, palatino, serif; font-size: 12pt;\">in konfessioneller und \u00f6kumenischer Pr\u00e4gung. Man lernt dabei, \u00fcber seine Religion nachzudenken. Biblische Themen, kirchliche Traditionen, Feste und Symbole wie auch gesellschaftlich-ethische Fragestellungen werden dabei er\u00f6rtert. Der Religionsunterricht hat ferner die Aufgabe, sich mit anderen Weltanschauungen und Religionen auseinanderzusetzen. Dazu geh\u00f6rt auch die Besch\u00e4ftigung mit der Religionskritik und den Formen des Atheismus. Zu guter Letzt gew\u00e4hrt der Religionsunterricht Freir\u00e4ume, um \u00fcber die Grunddaseinsfragen nachzudenken und eigene Position gewinnen zu k\u00f6nnen.<\/span><\/p><p><span style=\"font-family: georgia, palatino, serif; font-size: 12pt;\">Auch hat die Fachschaft Religion au\u00dferschulische Lernorte und Aktivit\u00e4ten im Blick. Diese werden f\u00fcr die Zeit nach der Coronapandemie wieder anvisiert.<\/span><\/p><p style=\"text-align: justify;\"><strong><span style=\"font-family: georgia, palatino, serif; font-size: 12pt;\">Gottesdienste<\/span><\/strong><\/p><p style=\"text-align: justify;\"><span style=\"font-family: georgia, palatino, serif; font-size: 12pt;\">Zur Religion geh\u00f6rt nat\u00fcrlich auch, sich einen Eindruck vom gelebten Glauben zu machen. Deshalb besuchen wir gemeinsam Gottesdienste in der Martin-Luther-Kirche und der St. Willehad-Kirche, die fu\u00dfl\u00e4ufig von der Schule zu erreichen sind.<\/span><\/p><p style=\"text-align: justify;\"><span style=\"font-family: georgia, palatino, serif; font-size: 12pt;\">Wir gestalten die Gottesdienste gemeinsam in den Klassen. Sie sind deshalb auch \u00f6kumenisch. Wir planen gemeinsam:<\/span><\/p><ul style=\"text-align: justify;\"><li><span style=\"font-family: georgia, palatino, serif; font-size: 12pt;\">Welches Thema soll der Gottesdienst haben?<\/span><\/li><li><span style=\"font-family: georgia, palatino, serif; font-size: 12pt;\">Was passt zu dem Fest, das wir gerade feiern?<\/span><\/li><li><span style=\"font-family: georgia, palatino, serif; font-size: 12pt;\">Welche biblischen Texte sollen gelesen werden?<\/span><\/li><li><span style=\"font-family: georgia, palatino, serif; font-size: 12pt;\">Wie wollen wir die Texte umsetzen? Wollen wir ein Theaterst\u00fcck spielen oder eine Meditation dazu gestalten?<\/span><\/li><li><span style=\"font-family: georgia, palatino, serif; font-size: 12pt;\">Welche Lieder werden gesungen? Welche passen besonders gut?<\/span><\/li><li><span style=\"font-family: georgia, palatino, serif; font-size: 12pt;\">Welche Sorgen bewegen uns gerade? Wof\u00fcr wollen wir in den F\u00fcrbitten beten?<\/span><\/li><li><span style=\"font-family: georgia, palatino, serif; font-size: 12pt;\">Wie soll die Kirche gestaltet werden? Gibt es Blumen oder T\u00fccher? Werden Bilder gezeigt?<\/span><\/li><\/ul><p style=\"text-align: justify;\"><span style=\"font-family: georgia, palatino, serif; font-size: 12pt;\">Das und vieles weitere erarbeiten wir zusammen in den Klassen, so dass alle Anteil am Gottesdienst haben und au\u00dferdem lernen, was es bei einem Gottesdienst alles zu bedenken und zu beachten gibt.<\/span><\/p><p style=\"text-align: justify;\"><span style=\"font-family: georgia, palatino, serif; font-size: 12pt;\">Die Gottesdienste finden ein- bis zweimal im Jahr zu verschiedenen Feiertagen statt. So wurde unter anderem schon der Bu\u00df- und Bettag (2014) und der Reformationstag (2016) von den Sch\u00fcler*innen mitgestaltet.<\/span><\/p>\t\t\t\t\t\t\t\t<\/div>\n\t\t\t\t<\/div>\n\t\t\t\t\t<\/div>\n\t\t<\/div>\n\t\t\t\t<div class=\"elementor-column elementor-col-33 elementor-top-column elementor-element elementor-element-c25fcbf\" data-id=\"c25fcbf\" data-element_type=\"column\" data-e-type=\"column\">\n\t\t\t<div class=\"elementor-widget-wrap elementor-element-populated\">\n\t\t\t\t\t\t<div class=\"elementor-element elementor-element-497df0a elementor-invisible elementor-widget elementor-widget-wp-widget-nav_menu\" data-id=\"497df0a\" data-element_type=\"widget\" data-e-type=\"widget\" data-settings=\"{&quot;_animation&quot;:&quot;fadeInUp&quot;}\" data-widget_type=\"wp-widget-nav_menu.default\">\n\t\t\t\t<div class=\"elementor-widget-container\">\n\t\t\t\t\t<div class=\"menu-fachmenue-religion-container\"><ul id=\"menu-fachmenue-religion\" class=\"menu\"><li id=\"menu-item-6110\" class=\"menu-item menu-item-type-post_type menu-item-object-page menu-item-6110\"><a href=\"https:\/\/gymnasium-nordenham.de\/en\/religion-am-gn\">Religion am GN<\/a><\/li>\n<li id=\"menu-item-6284\" class=\"menu-item menu-item-type-post_type menu-item-object-page menu-item-6284\"><a href=\"https:\/\/gymnasium-nordenham.de\/en\/religion-lehrwerke\">Lehrwerke<\/a><\/li>\n<li id=\"menu-item-6283\" class=\"menu-item menu-item-type-post_type menu-item-object-page menu-item-6283\"><a href=\"https:\/\/gymnasium-nordenham.de\/en\/religion-curricula\">Curricula<\/a><\/li>\n<li id=\"menu-item-6126\" class=\"menu-item menu-item-type-post_type menu-item-object-page menu-item-6126\"><a href=\"https:\/\/gymnasium-nordenham.de\/en\/religion-weitere-angebote\">Weitere Angebote<\/a><\/li>\n<li id=\"menu-item-6322\" class=\"menu-item menu-item-type-post_type menu-item-object-page menu-item-6322\"><a href=\"https:\/\/gymnasium-nordenham.de\/en\/religion-die-fachgruppe\">Moment mal&#8230;<\/a><\/li>\n<\/ul><\/div>\t\t\t\t<\/div>\n\t\t\t\t<\/div>\n\t\t\t\t\t<\/div>\n\t\t<\/div>\n\t\t\t\t\t<\/div>\n\t\t<\/section>\n\t\t\t\t<\/div>","protected":false},"excerpt":{"rendered":"<p>Religion Rechtliche und organisatorische Grundlagen Das Grundgesetz bestimmt, dass der Religionsunterricht ein gleichberechtigtes \u201eordentliches Lehrfach\u201c an \u00f6ffentlichen Schulen ist und legt das staatliche Aufsichtsrecht fest. Der Unterricht ist in \u201e\u00dcbereinstimmung mit den Grunds\u00e4tzen der Religionsgemeinschaften\u201c zu erteilen. Konkret bedeutet das: &hellip; <a href=\"https:\/\/gymnasium-nordenham.de\/en\/religion-am-gn\">Continue reading <span class=\"meta-nav\">&rarr;<\/span><\/a><\/p>","protected":false},"author":4,"featured_media":0,"parent":0,"menu_order":0,"comment_status":"closed","ping_status":"closed","template":"elementor_header_footer","meta":{"_crdt_document":"","footnotes":""},"class_list":["post-6105","page","type-page","status-publish","hentry"],"yoast_head":"<!-- This site is optimized with the Yoast SEO plugin v27.3 - https:\/\/yoast.com\/product\/yoast-seo-wordpress\/ -->\n<title>Religion am GN - Gymnasium Nordenham<\/title>\n<meta name=\"robots\" content=\"index, follow, max-snippet:-1, max-image-preview:large, max-video-preview:-1\" \/>\n<link rel=\"canonical\" href=\"https:\/\/gymnasium-nordenham.de\/en\/religion-am-gn\/\" \/>\n<meta property=\"og:locale\" content=\"en_GB\" \/>\n<meta property=\"og:type\" content=\"article\" \/>\n<meta property=\"og:title\" content=\"Religion am GN - Gymnasium Nordenham\" \/>\n<meta property=\"og:description\" content=\"Religion Rechtliche und organisatorische Grundlagen Das Grundgesetz bestimmt, dass der Religionsunterricht ein gleichberechtigtes \u201eordentliches Lehrfach\u201c an \u00f6ffentlichen Schulen ist und legt das staatliche Aufsichtsrecht fest. Der Unterricht ist in \u201e\u00dcbereinstimmung mit den Grunds\u00e4tzen der Religionsgemeinschaften\u201c zu erteilen. Konkret bedeutet das: &hellip; Continue reading &rarr;\" \/>\n<meta property=\"og:url\" content=\"https:\/\/gymnasium-nordenham.de\/en\/religion-am-gn\/\" \/>\n<meta property=\"og:site_name\" content=\"Gymnasium Nordenham\" \/>\n<meta property=\"article:modified_time\" content=\"2021-03-18T11:36:05+00:00\" \/>\n<meta name=\"twitter:card\" content=\"summary_large_image\" \/>\n<meta name=\"twitter:label1\" content=\"Estimated reading time\" \/>\n\t<meta name=\"twitter:data1\" content=\"2 minutes\" \/>\n<script type=\"application\/ld+json\" class=\"yoast-schema-graph\">{\"@context\":\"https:\\\/\\\/schema.org\",\"@graph\":[{\"@type\":\"WebPage\",\"@id\":\"https:\\\/\\\/gymnasium-nordenham.de\\\/religion-am-gn\",\"url\":\"https:\\\/\\\/gymnasium-nordenham.de\\\/religion-am-gn\",\"name\":\"Religion am GN - Gymnasium Nordenham\",\"isPartOf\":{\"@id\":\"https:\\\/\\\/gymnasium-nordenham.de\\\/#website\"},\"datePublished\":\"2021-02-18T13:49:01+00:00\",\"dateModified\":\"2021-03-18T11:36:05+00:00\",\"breadcrumb\":{\"@id\":\"https:\\\/\\\/gymnasium-nordenham.de\\\/religion-am-gn#breadcrumb\"},\"inLanguage\":\"en-GB\",\"potentialAction\":[{\"@type\":\"ReadAction\",\"target\":[\"https:\\\/\\\/gymnasium-nordenham.de\\\/religion-am-gn\"]}]},{\"@type\":\"BreadcrumbList\",\"@id\":\"https:\\\/\\\/gymnasium-nordenham.de\\\/religion-am-gn#breadcrumb\",\"itemListElement\":[{\"@type\":\"ListItem\",\"position\":1,\"name\":\"Startseite\",\"item\":\"https:\\\/\\\/gymnasium-nordenham.de\\\/\"},{\"@type\":\"ListItem\",\"position\":2,\"name\":\"Religion am GN\"}]},{\"@type\":\"WebSite\",\"@id\":\"https:\\\/\\\/gymnasium-nordenham.de\\\/#website\",\"url\":\"https:\\\/\\\/gymnasium-nordenham.de\\\/\",\"name\":\"Gymnasium Nordenham\",\"description\":\"Miteinander, voneinander und f\u00fcreinander lernen\",\"potentialAction\":[{\"@type\":\"SearchAction\",\"target\":{\"@type\":\"EntryPoint\",\"urlTemplate\":\"https:\\\/\\\/gymnasium-nordenham.de\\\/?s={search_term_string}\"},\"query-input\":{\"@type\":\"PropertyValueSpecification\",\"valueRequired\":true,\"valueName\":\"search_term_string\"}}],\"inLanguage\":\"en-GB\"}]}<\/script>\n<!-- \/ Yoast SEO plugin. -->","yoast_head_json":{"title":"Religion am GN - Gymnasium Nordenham","robots":{"index":"index","follow":"follow","max-snippet":"max-snippet:-1","max-image-preview":"max-image-preview:large","max-video-preview":"max-video-preview:-1"},"canonical":"https:\/\/gymnasium-nordenham.de\/en\/religion-am-gn\/","og_locale":"en_GB","og_type":"article","og_title":"Religion am GN - Gymnasium Nordenham","og_description":"Religion Rechtliche und organisatorische Grundlagen Das Grundgesetz bestimmt, dass der Religionsunterricht ein gleichberechtigtes \u201eordentliches Lehrfach\u201c an \u00f6ffentlichen Schulen ist und legt das staatliche Aufsichtsrecht fest. Der Unterricht ist in \u201e\u00dcbereinstimmung mit den Grunds\u00e4tzen der Religionsgemeinschaften\u201c zu erteilen. Konkret bedeutet das: &hellip; Continue reading &rarr;","og_url":"https:\/\/gymnasium-nordenham.de\/en\/religion-am-gn\/","og_site_name":"Gymnasium Nordenham","article_modified_time":"2021-03-18T11:36:05+00:00","twitter_card":"summary_large_image","twitter_misc":{"Estimated reading time":"2 minutes"},"schema":{"@context":"https:\/\/schema.org","@graph":[{"@type":"WebPage","@id":"https:\/\/gymnasium-nordenham.de\/religion-am-gn","url":"https:\/\/gymnasium-nordenham.de\/religion-am-gn","name":"Religion am GN - Gymnasium Nordenham","isPartOf":{"@id":"https:\/\/gymnasium-nordenham.de\/#website"},"datePublished":"2021-02-18T13:49:01+00:00","dateModified":"2021-03-18T11:36:05+00:00","breadcrumb":{"@id":"https:\/\/gymnasium-nordenham.de\/religion-am-gn#breadcrumb"},"inLanguage":"en-GB","potentialAction":[{"@type":"ReadAction","target":["https:\/\/gymnasium-nordenham.de\/religion-am-gn"]}]},{"@type":"BreadcrumbList","@id":"https:\/\/gymnasium-nordenham.de\/religion-am-gn#breadcrumb","itemListElement":[{"@type":"ListItem","position":1,"name":"Startseite","item":"https:\/\/gymnasium-nordenham.de\/"},{"@type":"ListItem","position":2,"name":"Religion am GN"}]},{"@type":"WebSite","@id":"https:\/\/gymnasium-nordenham.de\/#website","url":"https:\/\/gymnasium-nordenham.de\/","name":"Gymnasium Nordenham","description":"Miteinander, voneinander und f\u00fcreinander lernen","potentialAction":[{"@type":"SearchAction","target":{"@type":"EntryPoint","urlTemplate":"https:\/\/gymnasium-nordenham.de\/?s={search_term_string}"},"query-input":{"@type":"PropertyValueSpecification","valueRequired":true,"valueName":"search_term_string"}}],"inLanguage":"en-GB"}]}},"_links":{"self":[{"href":"https:\/\/gymnasium-nordenham.de\/en\/wp-json\/wp\/v2\/pages\/6105","targetHints":{"allow":["GET"]}}],"collection":[{"href":"https:\/\/gymnasium-nordenham.de\/en\/wp-json\/wp\/v2\/pages"}],"about":[{"href":"https:\/\/gymnasium-nordenham.de\/en\/wp-json\/wp\/v2\/types\/page"}],"author":[{"embeddable":true,"href":"https:\/\/gymnasium-nordenham.de\/en\/wp-json\/wp\/v2\/users\/4"}],"replies":[{"embeddable":true,"href":"https:\/\/gymnasium-nordenham.de\/en\/wp-json\/wp\/v2\/comments?post=6105"}],"version-history":[{"count":0,"href":"https:\/\/gymnasium-nordenham.de\/en\/wp-json\/wp\/v2\/pages\/6105\/revisions"}],"wp:attachment":[{"href":"https:\/\/gymnasium-nordenham.de\/en\/wp-json\/wp\/v2\/media?parent=6105"}],"curies":[{"name":"wp","href":"https:\/\/api.w.org\/{rel}","templated":true}]}}