{"id":5060,"date":"2021-01-08T18:35:13","date_gmt":"2021-01-08T17:35:13","guid":{"rendered":"https:\/\/gymnasiumnordenhamtest.live-website.com\/?page_id=5060"},"modified":"2022-09-29T11:20:16","modified_gmt":"2022-09-29T09:20:16","slug":"disclaimer-2","status":"publish","type":"page","link":"https:\/\/gymnasium-nordenham.de\/en\/disclaimer-2","title":{"rendered":"Disclaimer"},"content":{"rendered":"<div data-elementor-type=\"wp-page\" data-elementor-id=\"5060\" class=\"elementor elementor-5060\" data-elementor-post-type=\"page\">\n\t\t\t\t\t\t<section class=\"elementor-section elementor-top-section elementor-element elementor-element-ff4dadc elementor-section-full_width elementor-section-height-default elementor-section-height-default\" data-id=\"ff4dadc\" data-element_type=\"section\" data-e-type=\"section\">\n\t\t\t\t\t\t<div class=\"elementor-container elementor-column-gap-default\">\n\t\t\t\t\t<div class=\"elementor-column elementor-col-100 elementor-top-column elementor-element elementor-element-dfadcd9\" data-id=\"dfadcd9\" data-element_type=\"column\" data-e-type=\"column\">\n\t\t\t<div class=\"elementor-widget-wrap elementor-element-populated\">\n\t\t\t\t\t\t<div class=\"elementor-element elementor-element-95b92db elementor-widget elementor-widget-heading\" data-id=\"95b92db\" data-element_type=\"widget\" data-e-type=\"widget\" data-widget_type=\"heading.default\">\n\t\t\t\t<div class=\"elementor-widget-container\">\n\t\t\t\t\t<h2 class=\"elementor-heading-title elementor-size-large\">Disclaimer<\/h2>\t\t\t\t<\/div>\n\t\t\t\t<\/div>\n\t\t\t\t\t<\/div>\n\t\t<\/div>\n\t\t\t\t\t<\/div>\n\t\t<\/section>\n\t\t\t\t<section class=\"elementor-section elementor-top-section elementor-element elementor-element-48160c2 elementor-section-full_width elementor-section-height-default elementor-section-height-default\" data-id=\"48160c2\" data-element_type=\"section\" data-e-type=\"section\">\n\t\t\t\t\t\t<div class=\"elementor-container elementor-column-gap-default\">\n\t\t\t\t\t<div class=\"elementor-column elementor-col-50 elementor-top-column elementor-element elementor-element-ecbd797\" data-id=\"ecbd797\" data-element_type=\"column\" data-e-type=\"column\">\n\t\t\t<div class=\"elementor-widget-wrap elementor-element-populated\">\n\t\t\t\t\t\t<div class=\"elementor-element elementor-element-4f20ae2 elementor-widget elementor-widget-image\" data-id=\"4f20ae2\" data-element_type=\"widget\" data-e-type=\"widget\" data-widget_type=\"image.default\">\n\t\t\t\t<div class=\"elementor-widget-container\">\n\t\t\t\t\t\t\t\t\t\t\t\t\t\t\t<img decoding=\"async\" width=\"960\" height=\"2\" src=\"https:\/\/gymnasium-nordenham.de\/wp-content\/uploads\/2020\/04\/spektrumani.gif\" class=\"attachment-full size-full wp-image-1204\" alt=\"\" \/>\t\t\t\t\t\t\t\t\t\t\t\t\t\t\t<\/div>\n\t\t\t\t<\/div>\n\t\t\t\t<div class=\"elementor-element elementor-element-475eec1 elementor-widget elementor-widget-text-editor\" data-id=\"475eec1\" data-element_type=\"widget\" data-e-type=\"widget\" data-widget_type=\"text-editor.default\">\n\t\t\t\t<div class=\"elementor-widget-container\">\n\t\t\t\t\t\t\t\t\t<p><span style=\"font-family: georgia, palatino, serif;\"><\/span><\/p>\n<p class=\"wp-block-paragraph\" style=\"text-align: justify;\"><span style=\"font-family: georgia, palatino, serif; font-size: 12pt;\"><strong><em>1. Haftungsbeschr\u00e4nkung<\/em><\/strong><\/span><\/p>\n<p><span style=\"font-family: georgia, palatino, serif; font-size: 12pt;\"><\/span><\/p>\n<p class=\"has-small-font-size wp-block-paragraph\" style=\"text-align: justify;\"><span style=\"font-family: georgia, palatino, serif; font-size: 12pt;\">Die Inhalte des Internetauftritts wurden mit gr\u00f6\u00dftm\u00f6glicher Sorgfalt und nach bestem Gewissen erstellt. Dennoch \u00fcbernimmt der Anbieter dieser Webseite keine Gew\u00e4hr f\u00fcr die Aktualit\u00e4t, Vollst\u00e4ndigkeit und Richtigkeit der bereitgestellten Seiten und Inhalte.<\/span><br \/><br \/><span style=\"font-family: georgia, palatino, serif; font-size: 12pt;\">Als Diensteanbieter ist der Anbieter dieser Webseite gem\u00e4\u00df \u00a7 7 Abs. 1 TMG f\u00fcr eigene Inhalte und bereitgestellte Informationen auf diesen Seiten nach den allgemeinen Gesetzen verantwortlich; nach den \u00a7\u00a7 8 bis 10 TMG jedoch nicht verpflichtet, die \u00fcbermittelten oder gespeicherten fremden Informationen zu \u00fcberwachen. Eine Entfernung oder Sperrung dieser Inhalte erfolgt umgehend ab dem Zeitpunkt der Kenntnis einer konkreten Rechtsverletzung. Eine Haftung ist erst ab dem Zeitpunkt der Kenntniserlangung m\u00f6glich.<\/span><\/p>\n<p><span style=\"font-family: georgia, palatino, serif; font-size: 12pt;\"><\/span><\/p>\n<p class=\"wp-block-paragraph\" style=\"text-align: justify;\"><span style=\"font-family: georgia, palatino, serif; font-size: 12pt;\"><strong><em>2. Externe Links<\/em><\/strong><\/span><\/p>\n<p><span style=\"font-family: georgia, palatino, serif; font-size: 12pt;\"><\/span><\/p>\n<p class=\"has-small-font-size wp-block-paragraph\" style=\"text-align: justify;\"><span style=\"font-family: georgia, palatino, serif; font-size: 12pt;\">Die Webseite enth\u00e4lt sog. \u201eexterne Links\u201c (Verlinkungen) zu anderen Webseiten, auf deren Inhalt der Anbieter der Webseite keinen Einfluss hat. Aus diesem Grund kann der Anbieter f\u00fcr diese Inhalte auch keine Gew\u00e4hr \u00fcbernehmen.<\/span><br \/><span style=\"font-family: georgia, palatino, serif; font-size: 12pt;\">F\u00fcr die Inhalte und Richtigkeit der bereitgestellten Informationen ist der jeweilige Anbieter der verlinkten Webseite verantwortlich. Zum Zeitpunkt der Verlinkung waren keine Rechtsverst\u00f6\u00dfe erkennbar. Bei Bekanntwerden einer solchen Rechtsverletzung wird der Link umgehend entfernen.<\/span><\/p>\n<p><span style=\"font-family: georgia, palatino, serif; font-size: 12pt;\"><\/span><\/p>\n<p class=\"wp-block-paragraph\" style=\"text-align: justify;\"><span style=\"font-family: georgia, palatino, serif; font-size: 12pt;\"><strong><em>3. Urheberrecht\/Leistungsschutzrecht<\/em><\/strong><\/span><\/p>\n<p><span style=\"font-family: georgia, palatino, serif; font-size: 12pt;\"><\/span><\/p>\n<p class=\"has-small-font-size wp-block-paragraph\" style=\"text-align: justify;\"><span style=\"font-family: georgia, palatino, serif; font-size: 12pt;\">Die auf dieser Webseite ver\u00f6ffentlichten Inhalte, Werke und bereitgestellten Informationen unterliegen dem deutschen Urheberrecht und Leistungsschutzrecht. Jede Art der Vervielf\u00e4ltigung, Bearbeitung, Verbreitung, Einspeicherung und jede Art der Verwertung au\u00dferhalb der Grenzen des Urheberrechts bedarf der vorherigen schriftlichen Zustimmung des jeweiligen Rechteinhabers. Das unerlaubte Kopieren\/Speichern der bereitgestellten Informationen auf diesen Webseiten ist nicht gestattet und strafbar.<\/span><\/p>\n<p><span style=\"font-family: georgia, palatino, serif; font-size: 12pt;\"><\/span><\/p>\n<p class=\"wp-block-paragraph\" style=\"text-align: justify;\"><span style=\"font-family: georgia, palatino, serif; font-size: 12pt;\"><strong><em>4. Datenschutz<\/em><\/strong><\/span><\/p>\n<p><span style=\"font-family: georgia, palatino, serif; font-size: 12pt;\"><\/span><\/p>\n<p class=\"has-small-font-size wp-block-paragraph\" style=\"text-align: justify;\"><span style=\"font-family: georgia, palatino, serif; font-size: 12pt;\">Durch den Besuch des Internetauftritts k\u00f6nnen Informationen (Datum, Uhrzeit, aufgerufene Seite) \u00fcber den Zugriff auf dem Server gespeichert werden. Es werden keine personenbezogenenen (z. B. Name, Anschrift oder E-Mail-Adresse) Daten, gespeichert.<\/span><br \/><br \/><span style=\"font-family: georgia, palatino, serif; font-size: 12pt;\">Sofern personenbezogene Daten erhoben werden, erfolgt dies, sofern m\u00f6glich, nur mit dem vorherigen Einverst\u00e4ndnis des Nutzers der Webseite. Eine Weitergabe der Daten an Dritte findet ohne ausdr\u00fcckliche Zustimmung des Nutzers nicht statt.<\/span><br \/><br \/><span style=\"font-family: georgia, palatino, serif; font-size: 12pt;\">Der Anbieter weist darauf hin, dass die \u00dcbertragung von Daten im Internet (z. B. per E-Mail) Sicherheitsl\u00fccken aufweisen und ein l\u00fcckenloser Schutz der Daten vor dem Zugriff Dritter nicht gew\u00e4hrleistet werden kann. Der Anbieter \u00fcbernimmt keine Haftung f\u00fcr die durch solche Sicherheitsl\u00fccken entstandenen Sch\u00e4den.<\/span><br \/><br \/><span style=\"font-family: georgia, palatino, serif; font-size: 12pt;\">Der Verwendung der Kontaktdaten durch Dritte zur gewerblichen Nutzung wird ausdr\u00fccklich widersprochen. Es sei denn, der Anbieter hat zuvor seine schriftliche Einwilligung erteilt.<\/span><br \/><span style=\"font-family: georgia, palatino, serif; font-size: 12pt;\">Der Anbieter beh\u00e4lt sich rechtliche Schritte f\u00fcr den Fall der unverlangten Zusendung von Werbeinformationen, z. B. durch Spam-Mails, vor. <em>Quelle: <\/em><a href=\"http:\/\/www.mustervorlage.net\/disclaimer-muster\"><span class=\"tadv-background-color\" style=\"background-color: #fff;\"><span class=\"tadv-color\" style=\"color: #0066cc;\">Disclaimer-Muster<\/span><\/span><\/a><\/span><\/p>\n<p><span style=\"font-family: georgia, palatino, serif; font-size: 12pt;\"><\/span><\/p>\n<p class=\"has-small-font-size wp-block-paragraph\" style=\"text-align: justify;\"><span style=\"font-family: georgia, palatino, serif; font-size: 12pt;\">Sollten von <span class=\"tadv-background-color\" style=\"background-color: #fff;\"><a href=\"https:\/\/gymnasium-nordenham.de\/en\/\">www.gymnasium-nordenham.de<\/a><\/span> gelinkte Seiten auf Inhalte verweisen, die rechtlich bedenklich sind oder gegen Rechte Dritter versto\u00dfen, bitten wir um\u00a0eine entsprechende Mitteilung.<\/span><\/p>\n<p><span style=\"font-family: georgia, palatino, serif;\"><\/span><\/p>\t\t\t\t\t\t\t\t<\/div>\n\t\t\t\t<\/div>\n\t\t\t\t\t<\/div>\n\t\t<\/div>\n\t\t\t\t<div class=\"elementor-column elementor-col-50 elementor-top-column elementor-element elementor-element-7eb16ad\" data-id=\"7eb16ad\" data-element_type=\"column\" data-e-type=\"column\">\n\t\t\t<div class=\"elementor-widget-wrap elementor-element-populated\">\n\t\t\t\t\t\t<div class=\"elementor-element elementor-element-87a40d0 elementor-widget elementor-widget-image\" data-id=\"87a40d0\" data-element_type=\"widget\" data-e-type=\"widget\" data-widget_type=\"image.default\">\n\t\t\t\t<div class=\"elementor-widget-container\">\n\t\t\t\t\t\t\t\t\t\t\t\t\t\t\t<img fetchpriority=\"high\" decoding=\"async\" width=\"640\" height=\"638\" src=\"https:\/\/gymnasium-nordenham.de\/wp-content\/uploads\/2021\/02\/GymNor_Logo.png\" class=\"attachment-large size-large wp-image-5951\" alt=\"\" srcset=\"https:\/\/gymnasium-nordenham.de\/wp-content\/uploads\/2021\/02\/GymNor_Logo.png 958w, https:\/\/gymnasium-nordenham.de\/wp-content\/uploads\/2021\/02\/GymNor_Logo-300x300.png 300w, https:\/\/gymnasium-nordenham.de\/wp-content\/uploads\/2021\/02\/GymNor_Logo-150x150.png 150w, https:\/\/gymnasium-nordenham.de\/wp-content\/uploads\/2021\/02\/GymNor_Logo-768x766.png 768w, https:\/\/gymnasium-nordenham.de\/wp-content\/uploads\/2021\/02\/GymNor_Logo-144x144.png 144w\" sizes=\"(max-width: 640px) 100vw, 640px\" \/>\t\t\t\t\t\t\t\t\t\t\t\t\t\t\t<\/div>\n\t\t\t\t<\/div>\n\t\t\t\t<div class=\"elementor-element elementor-element-40ce615 elementor-widget elementor-widget-heading\" data-id=\"40ce615\" data-element_type=\"widget\" data-e-type=\"widget\" data-widget_type=\"heading.default\">\n\t\t\t\t<div class=\"elementor-widget-container\">\n\t\t\t\t\t<h2 class=\"elementor-heading-title elementor-size-default\">Wichtiges im \u00dcberblick<\/h2>\t\t\t\t<\/div>\n\t\t\t\t<\/div>\n\t\t\t\t<div class=\"elementor-element elementor-element-d219b54 elementor-nav-menu__align-start elementor-nav-menu--dropdown-tablet elementor-nav-menu__text-align-aside elementor-nav-menu--toggle elementor-nav-menu--burger elementor-widget elementor-widget-nav-menu\" data-id=\"d219b54\" data-element_type=\"widget\" data-e-type=\"widget\" data-settings=\"{&quot;layout&quot;:&quot;vertical&quot;,&quot;submenu_icon&quot;:{&quot;value&quot;:&quot;&lt;i class=\\&quot;fas e-plus-icon\\&quot; aria-hidden=\\&quot;true\\&quot;&gt;&lt;\\\/i&gt;&quot;,&quot;library&quot;:&quot;&quot;},&quot;toggle&quot;:&quot;burger&quot;}\" data-widget_type=\"nav-menu.default\">\n\t\t\t\t<div class=\"elementor-widget-container\">\n\t\t\t\t\t\t\t\t<nav aria-label=\"Menu\" class=\"elementor-nav-menu--main elementor-nav-menu__container elementor-nav-menu--layout-vertical e--pointer-none\">\n\t\t\t\t<ul id=\"menu-1-d219b54\" class=\"elementor-nav-menu sm-vertical\"><li class=\"menu-item menu-item-type-post_type menu-item-object-page menu-item-5094\"><a href=\"https:\/\/gymnasium-nordenham.de\/en\/formulare-und-downloads\" class=\"elementor-item\">Formulare und Downloads<\/a><\/li>\n<li class=\"menu-item menu-item-type-custom menu-item-object-custom menu-item-3155\"><a href=\"https:\/\/account.sams-on.de\/authentication\/login?instance=gym-nordenham\" class=\"elementor-item\">Mittagessen Online Bestellung<\/a><\/li>\n<li class=\"menu-item menu-item-type-custom menu-item-object-custom menu-item-3156\"><a href=\"https:\/\/webuntis.com\/\" class=\"elementor-item\">Online Vertretungsplan<\/a><\/li>\n<li class=\"menu-item menu-item-type-post_type menu-item-object-page menu-item-5054\"><a href=\"https:\/\/gymnasium-nordenham.de\/en\/kontakt\" class=\"elementor-item\">Kontakt<\/a><\/li>\n<\/ul>\t\t\t<\/nav>\n\t\t\t\t\t<div class=\"elementor-menu-toggle\" role=\"button\" tabindex=\"0\" aria-label=\"Menu Toggle\" aria-expanded=\"false\">\n\t\t\t<i aria-hidden=\"true\" role=\"presentation\" class=\"elementor-menu-toggle__icon--open eicon-menu-bar\"><\/i><i aria-hidden=\"true\" role=\"presentation\" class=\"elementor-menu-toggle__icon--close eicon-close\"><\/i>\t\t<\/div>\n\t\t\t\t\t<nav class=\"elementor-nav-menu--dropdown elementor-nav-menu__container\" aria-hidden=\"true\">\n\t\t\t\t<ul id=\"menu-2-d219b54\" class=\"elementor-nav-menu sm-vertical\"><li class=\"menu-item menu-item-type-post_type menu-item-object-page menu-item-5094\"><a href=\"https:\/\/gymnasium-nordenham.de\/en\/formulare-und-downloads\" class=\"elementor-item\" tabindex=\"-1\">Formulare und Downloads<\/a><\/li>\n<li class=\"menu-item menu-item-type-custom menu-item-object-custom menu-item-3155\"><a href=\"https:\/\/account.sams-on.de\/authentication\/login?instance=gym-nordenham\" class=\"elementor-item\" tabindex=\"-1\">Mittagessen Online Bestellung<\/a><\/li>\n<li class=\"menu-item menu-item-type-custom menu-item-object-custom menu-item-3156\"><a href=\"https:\/\/webuntis.com\/\" class=\"elementor-item\" tabindex=\"-1\">Online Vertretungsplan<\/a><\/li>\n<li class=\"menu-item menu-item-type-post_type menu-item-object-page menu-item-5054\"><a href=\"https:\/\/gymnasium-nordenham.de\/en\/kontakt\" class=\"elementor-item\" tabindex=\"-1\">Kontakt<\/a><\/li>\n<\/ul>\t\t\t<\/nav>\n\t\t\t\t\t\t<\/div>\n\t\t\t\t<\/div>\n\t\t\t\t<div class=\"elementor-element elementor-element-447fbe0 elementor-nav-menu__align-start elementor-nav-menu--dropdown-tablet elementor-nav-menu__text-align-aside elementor-nav-menu--toggle elementor-nav-menu--burger elementor-widget elementor-widget-nav-menu\" data-id=\"447fbe0\" data-element_type=\"widget\" data-e-type=\"widget\" data-settings=\"{&quot;layout&quot;:&quot;vertical&quot;,&quot;submenu_icon&quot;:{&quot;value&quot;:&quot;&lt;i class=\\&quot;fas e-plus-icon\\&quot; aria-hidden=\\&quot;true\\&quot;&gt;&lt;\\\/i&gt;&quot;,&quot;library&quot;:&quot;&quot;},&quot;toggle&quot;:&quot;burger&quot;}\" data-widget_type=\"nav-menu.default\">\n\t\t\t\t<div class=\"elementor-widget-container\">\n\t\t\t\t\t\t\t\t<nav aria-label=\"Menu\" class=\"elementor-nav-menu--main elementor-nav-menu__container elementor-nav-menu--layout-vertical e--pointer-none\">\n\t\t\t\t<ul id=\"menu-1-447fbe0\" class=\"elementor-nav-menu sm-vertical\"><li class=\"menu-item menu-item-type-post_type menu-item-object-page menu-item-5075\"><a href=\"https:\/\/gymnasium-nordenham.de\/en\/impressum-2\" class=\"elementor-item\">Impressum<\/a><\/li>\n<li class=\"menu-item menu-item-type-post_type menu-item-object-page menu-item-5074\"><a href=\"https:\/\/gymnasium-nordenham.de\/en\/disclaimer-2\" class=\"elementor-item\">Disclaimer<\/a><\/li>\n<li class=\"menu-item menu-item-type-post_type menu-item-object-page current_page_parent menu-item-5031\"><a href=\"https:\/\/gymnasium-nordenham.de\/en\/archiv\" class=\"elementor-item\">Archiv<\/a><\/li>\n<\/ul>\t\t\t<\/nav>\n\t\t\t\t\t<div class=\"elementor-menu-toggle\" role=\"button\" tabindex=\"0\" aria-label=\"Menu Toggle\" aria-expanded=\"false\">\n\t\t\t<i aria-hidden=\"true\" role=\"presentation\" class=\"elementor-menu-toggle__icon--open eicon-menu-bar\"><\/i><i aria-hidden=\"true\" role=\"presentation\" class=\"elementor-menu-toggle__icon--close eicon-close\"><\/i>\t\t<\/div>\n\t\t\t\t\t<nav class=\"elementor-nav-menu--dropdown elementor-nav-menu__container\" aria-hidden=\"true\">\n\t\t\t\t<ul id=\"menu-2-447fbe0\" class=\"elementor-nav-menu sm-vertical\"><li class=\"menu-item menu-item-type-post_type menu-item-object-page menu-item-5075\"><a href=\"https:\/\/gymnasium-nordenham.de\/en\/impressum-2\" class=\"elementor-item\" tabindex=\"-1\">Impressum<\/a><\/li>\n<li class=\"menu-item menu-item-type-post_type menu-item-object-page menu-item-5074\"><a href=\"https:\/\/gymnasium-nordenham.de\/en\/disclaimer-2\" class=\"elementor-item\" tabindex=\"-1\">Disclaimer<\/a><\/li>\n<li class=\"menu-item menu-item-type-post_type menu-item-object-page current_page_parent menu-item-5031\"><a href=\"https:\/\/gymnasium-nordenham.de\/en\/archiv\" class=\"elementor-item\" tabindex=\"-1\">Archiv<\/a><\/li>\n<\/ul>\t\t\t<\/nav>\n\t\t\t\t\t\t<\/div>\n\t\t\t\t<\/div>\n\t\t\t\t\t<\/div>\n\t\t<\/div>\n\t\t\t\t\t<\/div>\n\t\t<\/section>\n\t\t\t\t<\/div>","protected":false},"excerpt":{"rendered":"<p>Disclaimer 1. Haftungsbeschr\u00e4nkung Die Inhalte des Internetauftritts wurden mit gr\u00f6\u00dftm\u00f6glicher Sorgfalt und nach bestem Gewissen erstellt. Dennoch \u00fcbernimmt der Anbieter dieser Webseite keine Gew\u00e4hr f\u00fcr die Aktualit\u00e4t, Vollst\u00e4ndigkeit und Richtigkeit der bereitgestellten Seiten und Inhalte. Als Diensteanbieter ist der Anbieter &hellip; <a href=\"https:\/\/gymnasium-nordenham.de\/en\/disclaimer-2\">Continue reading <span class=\"meta-nav\">&rarr;<\/span><\/a><\/p>","protected":false},"author":4,"featured_media":0,"parent":0,"menu_order":0,"comment_status":"closed","ping_status":"closed","template":"elementor_header_footer","meta":{"_crdt_document":"","footnotes":""},"class_list":["post-5060","page","type-page","status-publish","hentry"],"yoast_head":"<!-- This site is optimized with the Yoast SEO plugin v27.3 - https:\/\/yoast.com\/product\/yoast-seo-wordpress\/ -->\n<title>Disclaimer - Gymnasium Nordenham<\/title>\n<meta name=\"robots\" content=\"index, follow, max-snippet:-1, max-image-preview:large, max-video-preview:-1\" \/>\n<link rel=\"canonical\" href=\"https:\/\/gymnasium-nordenham.de\/en\/disclaimer-2\/\" \/>\n<meta property=\"og:locale\" content=\"en_GB\" \/>\n<meta property=\"og:type\" content=\"article\" \/>\n<meta property=\"og:title\" content=\"Disclaimer - Gymnasium Nordenham\" \/>\n<meta property=\"og:description\" content=\"Disclaimer 1. Haftungsbeschr\u00e4nkung Die Inhalte des Internetauftritts wurden mit gr\u00f6\u00dftm\u00f6glicher Sorgfalt und nach bestem Gewissen erstellt. Dennoch \u00fcbernimmt der Anbieter dieser Webseite keine Gew\u00e4hr f\u00fcr die Aktualit\u00e4t, Vollst\u00e4ndigkeit und Richtigkeit der bereitgestellten Seiten und Inhalte. Als Diensteanbieter ist der Anbieter &hellip; Continue reading &rarr;\" \/>\n<meta property=\"og:url\" content=\"https:\/\/gymnasium-nordenham.de\/en\/disclaimer-2\/\" \/>\n<meta property=\"og:site_name\" content=\"Gymnasium Nordenham\" \/>\n<meta property=\"article:modified_time\" content=\"2022-09-29T09:20:16+00:00\" \/>\n<meta property=\"og:image\" content=\"https:\/\/gymnasium-nordenham.de\/wp-content\/uploads\/2020\/04\/spektrumani.gif\" \/>\n<meta name=\"twitter:card\" content=\"summary_large_image\" \/>\n<meta name=\"twitter:label1\" content=\"Estimated reading time\" \/>\n\t<meta name=\"twitter:data1\" content=\"3 minutes\" \/>\n<script type=\"application\/ld+json\" class=\"yoast-schema-graph\">{\"@context\":\"https:\\\/\\\/schema.org\",\"@graph\":[{\"@type\":\"WebPage\",\"@id\":\"https:\\\/\\\/gymnasium-nordenham.de\\\/disclaimer-2\",\"url\":\"https:\\\/\\\/gymnasium-nordenham.de\\\/disclaimer-2\",\"name\":\"Disclaimer - Gymnasium Nordenham\",\"isPartOf\":{\"@id\":\"https:\\\/\\\/gymnasium-nordenham.de\\\/#website\"},\"primaryImageOfPage\":{\"@id\":\"https:\\\/\\\/gymnasium-nordenham.de\\\/disclaimer-2#primaryimage\"},\"image\":{\"@id\":\"https:\\\/\\\/gymnasium-nordenham.de\\\/disclaimer-2#primaryimage\"},\"thumbnailUrl\":\"https:\\\/\\\/gymnasium-nordenham.de\\\/wp-content\\\/uploads\\\/2020\\\/04\\\/spektrumani.gif\",\"datePublished\":\"2021-01-08T17:35:13+00:00\",\"dateModified\":\"2022-09-29T09:20:16+00:00\",\"breadcrumb\":{\"@id\":\"https:\\\/\\\/gymnasium-nordenham.de\\\/disclaimer-2#breadcrumb\"},\"inLanguage\":\"en-GB\",\"potentialAction\":[{\"@type\":\"ReadAction\",\"target\":[\"https:\\\/\\\/gymnasium-nordenham.de\\\/disclaimer-2\"]}]},{\"@type\":\"ImageObject\",\"inLanguage\":\"en-GB\",\"@id\":\"https:\\\/\\\/gymnasium-nordenham.de\\\/disclaimer-2#primaryimage\",\"url\":\"https:\\\/\\\/gymnasium-nordenham.de\\\/wp-content\\\/uploads\\\/2020\\\/04\\\/spektrumani.gif\",\"contentUrl\":\"https:\\\/\\\/gymnasium-nordenham.de\\\/wp-content\\\/uploads\\\/2020\\\/04\\\/spektrumani.gif\"},{\"@type\":\"BreadcrumbList\",\"@id\":\"https:\\\/\\\/gymnasium-nordenham.de\\\/disclaimer-2#breadcrumb\",\"itemListElement\":[{\"@type\":\"ListItem\",\"position\":1,\"name\":\"Startseite\",\"item\":\"https:\\\/\\\/gymnasium-nordenham.de\\\/\"},{\"@type\":\"ListItem\",\"position\":2,\"name\":\"Disclaimer\"}]},{\"@type\":\"WebSite\",\"@id\":\"https:\\\/\\\/gymnasium-nordenham.de\\\/#website\",\"url\":\"https:\\\/\\\/gymnasium-nordenham.de\\\/\",\"name\":\"Gymnasium Nordenham\",\"description\":\"Miteinander, voneinander und f\u00fcreinander lernen\",\"potentialAction\":[{\"@type\":\"SearchAction\",\"target\":{\"@type\":\"EntryPoint\",\"urlTemplate\":\"https:\\\/\\\/gymnasium-nordenham.de\\\/?s={search_term_string}\"},\"query-input\":{\"@type\":\"PropertyValueSpecification\",\"valueRequired\":true,\"valueName\":\"search_term_string\"}}],\"inLanguage\":\"en-GB\"}]}<\/script>\n<!-- \/ Yoast SEO plugin. -->","yoast_head_json":{"title":"Disclaimer - Gymnasium Nordenham","robots":{"index":"index","follow":"follow","max-snippet":"max-snippet:-1","max-image-preview":"max-image-preview:large","max-video-preview":"max-video-preview:-1"},"canonical":"https:\/\/gymnasium-nordenham.de\/en\/disclaimer-2\/","og_locale":"en_GB","og_type":"article","og_title":"Disclaimer - Gymnasium Nordenham","og_description":"Disclaimer 1. Haftungsbeschr\u00e4nkung Die Inhalte des Internetauftritts wurden mit gr\u00f6\u00dftm\u00f6glicher Sorgfalt und nach bestem Gewissen erstellt. Dennoch \u00fcbernimmt der Anbieter dieser Webseite keine Gew\u00e4hr f\u00fcr die Aktualit\u00e4t, Vollst\u00e4ndigkeit und Richtigkeit der bereitgestellten Seiten und Inhalte. Als Diensteanbieter ist der Anbieter &hellip; Continue reading &rarr;","og_url":"https:\/\/gymnasium-nordenham.de\/en\/disclaimer-2\/","og_site_name":"Gymnasium Nordenham","article_modified_time":"2022-09-29T09:20:16+00:00","og_image":[{"url":"https:\/\/gymnasium-nordenham.de\/wp-content\/uploads\/2020\/04\/spektrumani.gif","type":"","width":"","height":""}],"twitter_card":"summary_large_image","twitter_misc":{"Estimated reading time":"3 minutes"},"schema":{"@context":"https:\/\/schema.org","@graph":[{"@type":"WebPage","@id":"https:\/\/gymnasium-nordenham.de\/disclaimer-2","url":"https:\/\/gymnasium-nordenham.de\/disclaimer-2","name":"Disclaimer - Gymnasium Nordenham","isPartOf":{"@id":"https:\/\/gymnasium-nordenham.de\/#website"},"primaryImageOfPage":{"@id":"https:\/\/gymnasium-nordenham.de\/disclaimer-2#primaryimage"},"image":{"@id":"https:\/\/gymnasium-nordenham.de\/disclaimer-2#primaryimage"},"thumbnailUrl":"https:\/\/gymnasium-nordenham.de\/wp-content\/uploads\/2020\/04\/spektrumani.gif","datePublished":"2021-01-08T17:35:13+00:00","dateModified":"2022-09-29T09:20:16+00:00","breadcrumb":{"@id":"https:\/\/gymnasium-nordenham.de\/disclaimer-2#breadcrumb"},"inLanguage":"en-GB","potentialAction":[{"@type":"ReadAction","target":["https:\/\/gymnasium-nordenham.de\/disclaimer-2"]}]},{"@type":"ImageObject","inLanguage":"en-GB","@id":"https:\/\/gymnasium-nordenham.de\/disclaimer-2#primaryimage","url":"https:\/\/gymnasium-nordenham.de\/wp-content\/uploads\/2020\/04\/spektrumani.gif","contentUrl":"https:\/\/gymnasium-nordenham.de\/wp-content\/uploads\/2020\/04\/spektrumani.gif"},{"@type":"BreadcrumbList","@id":"https:\/\/gymnasium-nordenham.de\/disclaimer-2#breadcrumb","itemListElement":[{"@type":"ListItem","position":1,"name":"Startseite","item":"https:\/\/gymnasium-nordenham.de\/"},{"@type":"ListItem","position":2,"name":"Disclaimer"}]},{"@type":"WebSite","@id":"https:\/\/gymnasium-nordenham.de\/#website","url":"https:\/\/gymnasium-nordenham.de\/","name":"Gymnasium Nordenham","description":"Miteinander, voneinander und f\u00fcreinander lernen","potentialAction":[{"@type":"SearchAction","target":{"@type":"EntryPoint","urlTemplate":"https:\/\/gymnasium-nordenham.de\/?s={search_term_string}"},"query-input":{"@type":"PropertyValueSpecification","valueRequired":true,"valueName":"search_term_string"}}],"inLanguage":"en-GB"}]}},"_links":{"self":[{"href":"https:\/\/gymnasium-nordenham.de\/en\/wp-json\/wp\/v2\/pages\/5060","targetHints":{"allow":["GET"]}}],"collection":[{"href":"https:\/\/gymnasium-nordenham.de\/en\/wp-json\/wp\/v2\/pages"}],"about":[{"href":"https:\/\/gymnasium-nordenham.de\/en\/wp-json\/wp\/v2\/types\/page"}],"author":[{"embeddable":true,"href":"https:\/\/gymnasium-nordenham.de\/en\/wp-json\/wp\/v2\/users\/4"}],"replies":[{"embeddable":true,"href":"https:\/\/gymnasium-nordenham.de\/en\/wp-json\/wp\/v2\/comments?post=5060"}],"version-history":[{"count":0,"href":"https:\/\/gymnasium-nordenham.de\/en\/wp-json\/wp\/v2\/pages\/5060\/revisions"}],"wp:attachment":[{"href":"https:\/\/gymnasium-nordenham.de\/en\/wp-json\/wp\/v2\/media?parent=5060"}],"curies":[{"name":"wp","href":"https:\/\/api.w.org\/{rel}","templated":true}]}}