{"id":4389,"date":"2021-01-04T08:46:45","date_gmt":"2021-01-04T07:46:45","guid":{"rendered":"https:\/\/gymnasiumnordenhamtest.live-website.com\/?page_id=4389"},"modified":"2021-01-11T16:11:02","modified_gmt":"2021-01-11T15:11:02","slug":"wn-curricula","status":"publish","type":"page","link":"https:\/\/gymnasium-nordenham.de\/en\/wn-curricula","title":{"rendered":"WN &#8211; Curricula"},"content":{"rendered":"<div data-elementor-type=\"wp-page\" data-elementor-id=\"4389\" class=\"elementor elementor-4389\" data-elementor-post-type=\"page\">\n\t\t\t\t\t\t<section class=\"elementor-section elementor-top-section elementor-element elementor-element-5257c4b elementor-section-full_width elementor-section-height-default elementor-section-height-default\" data-id=\"5257c4b\" data-element_type=\"section\" data-e-type=\"section\">\n\t\t\t\t\t\t<div class=\"elementor-container elementor-column-gap-default\">\n\t\t\t\t\t<div class=\"elementor-column elementor-col-100 elementor-top-column elementor-element elementor-element-929ce8f\" data-id=\"929ce8f\" data-element_type=\"column\" data-e-type=\"column\" data-settings=\"{&quot;background_background&quot;:&quot;classic&quot;}\">\n\t\t\t<div class=\"elementor-widget-wrap elementor-element-populated\">\n\t\t\t\t\t\t<div class=\"elementor-element elementor-element-de78d44 elementor-widget elementor-widget-heading\" data-id=\"de78d44\" data-element_type=\"widget\" data-e-type=\"widget\" data-widget_type=\"heading.default\">\n\t\t\t\t<div class=\"elementor-widget-container\">\n\t\t\t\t\t<h2 class=\"elementor-heading-title elementor-size-large\">Curricula<\/h2>\t\t\t\t<\/div>\n\t\t\t\t<\/div>\n\t\t\t\t\t<\/div>\n\t\t<\/div>\n\t\t\t\t\t<\/div>\n\t\t<\/section>\n\t\t\t\t<section class=\"elementor-section elementor-top-section elementor-element elementor-element-9215942 elementor-section-full_width elementor-section-height-default elementor-section-height-default\" data-id=\"9215942\" data-element_type=\"section\" data-e-type=\"section\">\n\t\t\t\t\t\t<div class=\"elementor-container elementor-column-gap-default\">\n\t\t\t\t\t<div class=\"elementor-column elementor-col-66 elementor-top-column elementor-element elementor-element-bc4bb8e\" data-id=\"bc4bb8e\" data-element_type=\"column\" data-e-type=\"column\">\n\t\t\t<div class=\"elementor-widget-wrap elementor-element-populated\">\n\t\t\t\t\t\t<div class=\"elementor-element elementor-element-809aad3 elementor-widget elementor-widget-text-editor\" data-id=\"809aad3\" data-element_type=\"widget\" data-e-type=\"widget\" data-widget_type=\"text-editor.default\">\n\t\t\t\t<div class=\"elementor-widget-container\">\n\t\t\t\t\t\t\t\t\t<p style=\"text-align: justify;\"><span style=\"font-family: georgia, palatino, serif; font-size: 12pt;\">In den Jahrg\u00e4ngen 5 bis 10 gilt seit August 2017 verbindlich das Kerncurriculum f\u00fcr Werte und Normen f\u00fcr das Gymnasium Sek I, f\u00fcr die Einf\u00fchrungsphase (seit August 2018 verbindlich) und Qualifikationsphase (erstes Jahr: seit August 2019\/ zweites Jahr ab August 2020 verbindlich) das Kerncurriculum f\u00fcr die gymnasiale Oberstufe.<\/span><\/p><p><a href=\"https:\/\/gymnasium-nordenham.de\/wp-content\/uploads\/2021\/01\/wn_gym_si_kc_druck_2017.pdf\" target=\"_blank\" rel=\"noopener\"><span style=\"font-family: georgia, palatino, serif; font-size: 12pt;\">Kerncurriculum Sekundarstufe I<\/span><\/a><\/p><p><a href=\"https:\/\/gymnasium-nordenham.de\/wp-content\/uploads\/2021\/01\/wn_go_kc_druck_2019.pdf\" target=\"_blank\" rel=\"noopener\"><span style=\"font-family: georgia, palatino, serif; font-size: 12pt;\">KC f\u00fcr die Gymnasiale Oberstufe<\/span><\/a><\/p><p style=\"text-align: justify;\"><span style=\"font-family: georgia, palatino, serif; font-size: 12pt;\">Die Kerncurricula wurden in den schulinternen Curricula implementiert, welche bei der Fachobfrau Frau Bercha einzusehen sind.<\/span><\/p><p style=\"text-align: justify;\"><span style=\"font-family: georgia, palatino, serif; font-size: 12pt;\">F\u00fcr das Fach Philosophie in der gymnasialen Oberstufe sind noch die EPA von 1989 in der Fassung von 2006 und die Rahmenrichtlinien aus dem Jahr 1985 bindend. In Anlehnung hieran wurde ein Schulcurriculum erstellt und implementiert. Auch dieses kann selbstverst\u00e4ndlich bei der Fachobfrau eingesehen werden.<\/span><\/p>\t\t\t\t\t\t\t\t<\/div>\n\t\t\t\t<\/div>\n\t\t\t\t\t<\/div>\n\t\t<\/div>\n\t\t\t\t<div class=\"elementor-column elementor-col-33 elementor-top-column elementor-element elementor-element-c25fcbf\" data-id=\"c25fcbf\" data-element_type=\"column\" data-e-type=\"column\">\n\t\t\t<div class=\"elementor-widget-wrap elementor-element-populated\">\n\t\t\t\t\t\t<div class=\"elementor-element elementor-element-497df0a elementor-invisible elementor-widget elementor-widget-wp-widget-nav_menu\" data-id=\"497df0a\" data-element_type=\"widget\" data-e-type=\"widget\" data-settings=\"{&quot;_animation&quot;:&quot;fadeInUp&quot;}\" data-widget_type=\"wp-widget-nav_menu.default\">\n\t\t\t\t<div class=\"elementor-widget-container\">\n\t\t\t\t\t<div class=\"menu-fachmenue-wn-container\"><ul id=\"menu-fachmenue-wn\" class=\"menu\"><li id=\"menu-item-4386\" class=\"menu-item menu-item-type-post_type menu-item-object-page menu-item-4386\"><a href=\"https:\/\/gymnasium-nordenham.de\/en\/wn-und-philosophie-am-gn\">WN und Philosophie am GN<\/a><\/li>\n<li id=\"menu-item-4416\" class=\"menu-item menu-item-type-post_type menu-item-object-page menu-item-4416\"><a href=\"https:\/\/gymnasium-nordenham.de\/en\/wn-lehrwerke\">Lehrwerke<\/a><\/li>\n<li id=\"menu-item-4408\" class=\"menu-item menu-item-type-post_type menu-item-object-page menu-item-4408\"><a href=\"https:\/\/gymnasium-nordenham.de\/en\/wn-curricula\">Curricula<\/a><\/li>\n<li id=\"menu-item-4424\" class=\"menu-item menu-item-type-post_type menu-item-object-page menu-item-4424\"><a href=\"https:\/\/gymnasium-nordenham.de\/en\/wn-klassenarbeiten-und-klausuren\">Klassenarbeiten und Klausuren<\/a><\/li>\n<li id=\"menu-item-4423\" class=\"menu-item menu-item-type-post_type menu-item-object-page menu-item-4423\"><a href=\"https:\/\/gymnasium-nordenham.de\/en\/wn-weitere-angebote\">Weitere Angebote<\/a><\/li>\n<\/ul><\/div>\t\t\t\t<\/div>\n\t\t\t\t<\/div>\n\t\t\t\t\t<\/div>\n\t\t<\/div>\n\t\t\t\t\t<\/div>\n\t\t<\/section>\n\t\t\t\t<\/div>","protected":false},"excerpt":{"rendered":"<p>Curricula In den Jahrg\u00e4ngen 5 bis 10 gilt seit August 2017 verbindlich das Kerncurriculum f\u00fcr Werte und Normen f\u00fcr das Gymnasium Sek I, f\u00fcr die Einf\u00fchrungsphase (seit August 2018 verbindlich) und Qualifikationsphase (erstes Jahr: seit August 2019\/ zweites Jahr ab &hellip; <a href=\"https:\/\/gymnasium-nordenham.de\/en\/wn-curricula\">Continue reading <span class=\"meta-nav\">&rarr;<\/span><\/a><\/p>","protected":false},"author":4,"featured_media":0,"parent":0,"menu_order":0,"comment_status":"closed","ping_status":"closed","template":"elementor_header_footer","meta":{"_crdt_document":"","footnotes":""},"class_list":["post-4389","page","type-page","status-publish","hentry"],"yoast_head":"<!-- This site is optimized with the Yoast SEO plugin v27.3 - https:\/\/yoast.com\/product\/yoast-seo-wordpress\/ -->\n<title>WN - Curricula - Gymnasium Nordenham<\/title>\n<meta name=\"robots\" content=\"index, follow, max-snippet:-1, max-image-preview:large, max-video-preview:-1\" \/>\n<link rel=\"canonical\" href=\"https:\/\/gymnasium-nordenham.de\/en\/wn-curricula\/\" \/>\n<meta property=\"og:locale\" content=\"en_GB\" \/>\n<meta property=\"og:type\" content=\"article\" \/>\n<meta property=\"og:title\" content=\"WN - Curricula - Gymnasium Nordenham\" \/>\n<meta property=\"og:description\" content=\"Curricula In den Jahrg\u00e4ngen 5 bis 10 gilt seit August 2017 verbindlich das Kerncurriculum f\u00fcr Werte und Normen f\u00fcr das Gymnasium Sek I, f\u00fcr die Einf\u00fchrungsphase (seit August 2018 verbindlich) und Qualifikationsphase (erstes Jahr: seit August 2019\/ zweites Jahr ab &hellip; Continue reading &rarr;\" \/>\n<meta property=\"og:url\" content=\"https:\/\/gymnasium-nordenham.de\/en\/wn-curricula\/\" \/>\n<meta property=\"og:site_name\" content=\"Gymnasium Nordenham\" \/>\n<meta property=\"article:modified_time\" content=\"2021-01-11T15:11:02+00:00\" \/>\n<meta name=\"twitter:card\" content=\"summary_large_image\" \/>\n<meta name=\"twitter:label1\" content=\"Estimated reading time\" \/>\n\t<meta name=\"twitter:data1\" content=\"1 minute\" \/>\n<script type=\"application\/ld+json\" class=\"yoast-schema-graph\">{\"@context\":\"https:\\\/\\\/schema.org\",\"@graph\":[{\"@type\":\"WebPage\",\"@id\":\"https:\\\/\\\/gymnasium-nordenham.de\\\/wn-curricula\",\"url\":\"https:\\\/\\\/gymnasium-nordenham.de\\\/wn-curricula\",\"name\":\"WN - Curricula - Gymnasium Nordenham\",\"isPartOf\":{\"@id\":\"https:\\\/\\\/gymnasium-nordenham.de\\\/#website\"},\"datePublished\":\"2021-01-04T07:46:45+00:00\",\"dateModified\":\"2021-01-11T15:11:02+00:00\",\"breadcrumb\":{\"@id\":\"https:\\\/\\\/gymnasium-nordenham.de\\\/wn-curricula#breadcrumb\"},\"inLanguage\":\"en-GB\",\"potentialAction\":[{\"@type\":\"ReadAction\",\"target\":[\"https:\\\/\\\/gymnasium-nordenham.de\\\/wn-curricula\"]}]},{\"@type\":\"BreadcrumbList\",\"@id\":\"https:\\\/\\\/gymnasium-nordenham.de\\\/wn-curricula#breadcrumb\",\"itemListElement\":[{\"@type\":\"ListItem\",\"position\":1,\"name\":\"Startseite\",\"item\":\"https:\\\/\\\/gymnasium-nordenham.de\\\/\"},{\"@type\":\"ListItem\",\"position\":2,\"name\":\"WN &#8211; Curricula\"}]},{\"@type\":\"WebSite\",\"@id\":\"https:\\\/\\\/gymnasium-nordenham.de\\\/#website\",\"url\":\"https:\\\/\\\/gymnasium-nordenham.de\\\/\",\"name\":\"Gymnasium Nordenham\",\"description\":\"Miteinander, voneinander und f\u00fcreinander lernen\",\"potentialAction\":[{\"@type\":\"SearchAction\",\"target\":{\"@type\":\"EntryPoint\",\"urlTemplate\":\"https:\\\/\\\/gymnasium-nordenham.de\\\/?s={search_term_string}\"},\"query-input\":{\"@type\":\"PropertyValueSpecification\",\"valueRequired\":true,\"valueName\":\"search_term_string\"}}],\"inLanguage\":\"en-GB\"}]}<\/script>\n<!-- \/ Yoast SEO plugin. -->","yoast_head_json":{"title":"WN - Curricula - Gymnasium Nordenham","robots":{"index":"index","follow":"follow","max-snippet":"max-snippet:-1","max-image-preview":"max-image-preview:large","max-video-preview":"max-video-preview:-1"},"canonical":"https:\/\/gymnasium-nordenham.de\/en\/wn-curricula\/","og_locale":"en_GB","og_type":"article","og_title":"WN - Curricula - Gymnasium Nordenham","og_description":"Curricula In den Jahrg\u00e4ngen 5 bis 10 gilt seit August 2017 verbindlich das Kerncurriculum f\u00fcr Werte und Normen f\u00fcr das Gymnasium Sek I, f\u00fcr die Einf\u00fchrungsphase (seit August 2018 verbindlich) und Qualifikationsphase (erstes Jahr: seit August 2019\/ zweites Jahr ab &hellip; Continue reading &rarr;","og_url":"https:\/\/gymnasium-nordenham.de\/en\/wn-curricula\/","og_site_name":"Gymnasium Nordenham","article_modified_time":"2021-01-11T15:11:02+00:00","twitter_card":"summary_large_image","twitter_misc":{"Estimated reading time":"1 minute"},"schema":{"@context":"https:\/\/schema.org","@graph":[{"@type":"WebPage","@id":"https:\/\/gymnasium-nordenham.de\/wn-curricula","url":"https:\/\/gymnasium-nordenham.de\/wn-curricula","name":"WN - Curricula - Gymnasium Nordenham","isPartOf":{"@id":"https:\/\/gymnasium-nordenham.de\/#website"},"datePublished":"2021-01-04T07:46:45+00:00","dateModified":"2021-01-11T15:11:02+00:00","breadcrumb":{"@id":"https:\/\/gymnasium-nordenham.de\/wn-curricula#breadcrumb"},"inLanguage":"en-GB","potentialAction":[{"@type":"ReadAction","target":["https:\/\/gymnasium-nordenham.de\/wn-curricula"]}]},{"@type":"BreadcrumbList","@id":"https:\/\/gymnasium-nordenham.de\/wn-curricula#breadcrumb","itemListElement":[{"@type":"ListItem","position":1,"name":"Startseite","item":"https:\/\/gymnasium-nordenham.de\/"},{"@type":"ListItem","position":2,"name":"WN &#8211; Curricula"}]},{"@type":"WebSite","@id":"https:\/\/gymnasium-nordenham.de\/#website","url":"https:\/\/gymnasium-nordenham.de\/","name":"Gymnasium Nordenham","description":"Miteinander, voneinander und f\u00fcreinander lernen","potentialAction":[{"@type":"SearchAction","target":{"@type":"EntryPoint","urlTemplate":"https:\/\/gymnasium-nordenham.de\/?s={search_term_string}"},"query-input":{"@type":"PropertyValueSpecification","valueRequired":true,"valueName":"search_term_string"}}],"inLanguage":"en-GB"}]}},"_links":{"self":[{"href":"https:\/\/gymnasium-nordenham.de\/en\/wp-json\/wp\/v2\/pages\/4389","targetHints":{"allow":["GET"]}}],"collection":[{"href":"https:\/\/gymnasium-nordenham.de\/en\/wp-json\/wp\/v2\/pages"}],"about":[{"href":"https:\/\/gymnasium-nordenham.de\/en\/wp-json\/wp\/v2\/types\/page"}],"author":[{"embeddable":true,"href":"https:\/\/gymnasium-nordenham.de\/en\/wp-json\/wp\/v2\/users\/4"}],"replies":[{"embeddable":true,"href":"https:\/\/gymnasium-nordenham.de\/en\/wp-json\/wp\/v2\/comments?post=4389"}],"version-history":[{"count":0,"href":"https:\/\/gymnasium-nordenham.de\/en\/wp-json\/wp\/v2\/pages\/4389\/revisions"}],"wp:attachment":[{"href":"https:\/\/gymnasium-nordenham.de\/en\/wp-json\/wp\/v2\/media?parent=4389"}],"curies":[{"name":"wp","href":"https:\/\/api.w.org\/{rel}","templated":true}]}}