{"id":4381,"date":"2021-01-04T08:38:34","date_gmt":"2021-01-04T07:38:34","guid":{"rendered":"https:\/\/gymnasiumnordenhamtest.live-website.com\/?page_id=4381"},"modified":"2021-01-15T15:04:13","modified_gmt":"2021-01-15T14:04:13","slug":"wn-und-philosophie-am-gn","status":"publish","type":"page","link":"https:\/\/gymnasium-nordenham.de\/en\/wn-und-philosophie-am-gn","title":{"rendered":"WN und Philosophie am GN"},"content":{"rendered":"<div data-elementor-type=\"wp-page\" data-elementor-id=\"4381\" class=\"elementor elementor-4381\" data-elementor-post-type=\"page\">\n\t\t\t\t\t\t<section class=\"elementor-section elementor-top-section elementor-element elementor-element-5257c4b elementor-section-full_width elementor-section-height-default elementor-section-height-default\" data-id=\"5257c4b\" data-element_type=\"section\" data-e-type=\"section\">\n\t\t\t\t\t\t<div class=\"elementor-container elementor-column-gap-default\">\n\t\t\t\t\t<div class=\"elementor-column elementor-col-100 elementor-top-column elementor-element elementor-element-929ce8f\" data-id=\"929ce8f\" data-element_type=\"column\" data-e-type=\"column\" data-settings=\"{&quot;background_background&quot;:&quot;classic&quot;}\">\n\t\t\t<div class=\"elementor-widget-wrap elementor-element-populated\">\n\t\t\t\t\t\t<div class=\"elementor-element elementor-element-de78d44 elementor-widget elementor-widget-heading\" data-id=\"de78d44\" data-element_type=\"widget\" data-e-type=\"widget\" data-widget_type=\"heading.default\">\n\t\t\t\t<div class=\"elementor-widget-container\">\n\t\t\t\t\t<h2 class=\"elementor-heading-title elementor-size-large\">Werte und Normen &amp; Philosophie<\/h2>\t\t\t\t<\/div>\n\t\t\t\t<\/div>\n\t\t\t\t\t<\/div>\n\t\t<\/div>\n\t\t\t\t\t<\/div>\n\t\t<\/section>\n\t\t\t\t<section class=\"elementor-section elementor-top-section elementor-element elementor-element-9215942 elementor-section-full_width elementor-section-height-default elementor-section-height-default\" data-id=\"9215942\" data-element_type=\"section\" data-e-type=\"section\">\n\t\t\t\t\t\t<div class=\"elementor-container elementor-column-gap-default\">\n\t\t\t\t\t<div class=\"elementor-column elementor-col-66 elementor-top-column elementor-element elementor-element-bc4bb8e\" data-id=\"bc4bb8e\" data-element_type=\"column\" data-e-type=\"column\">\n\t\t\t<div class=\"elementor-widget-wrap elementor-element-populated\">\n\t\t\t\t\t\t<div class=\"elementor-element elementor-element-c6fb32b elementor-widget elementor-widget-image\" data-id=\"c6fb32b\" data-element_type=\"widget\" data-e-type=\"widget\" data-widget_type=\"image.default\">\n\t\t\t\t<div class=\"elementor-widget-container\">\n\t\t\t\t\t\t\t\t\t\t\t\t\t\t\t<img fetchpriority=\"high\" decoding=\"async\" width=\"640\" height=\"536\" src=\"https:\/\/gymnasium-nordenham.de\/wp-content\/uploads\/2021\/01\/Flammarion-1024x858.jpg\" class=\"attachment-large size-large wp-image-5428\" alt=\"\" srcset=\"https:\/\/gymnasium-nordenham.de\/wp-content\/uploads\/2021\/01\/Flammarion-1024x858.jpg 1024w, https:\/\/gymnasium-nordenham.de\/wp-content\/uploads\/2021\/01\/Flammarion-300x251.jpg 300w, https:\/\/gymnasium-nordenham.de\/wp-content\/uploads\/2021\/01\/Flammarion-768x643.jpg 768w, https:\/\/gymnasium-nordenham.de\/wp-content\/uploads\/2021\/01\/Flammarion-1536x1287.jpg 1536w, https:\/\/gymnasium-nordenham.de\/wp-content\/uploads\/2021\/01\/Flammarion-2048x1715.jpg 2048w\" sizes=\"(max-width: 640px) 100vw, 640px\" \/>\t\t\t\t\t\t\t\t\t\t\t\t\t\t\t<\/div>\n\t\t\t\t<\/div>\n\t\t\t\t<div class=\"elementor-element elementor-element-23d4c97 elementor-widget elementor-widget-text-editor\" data-id=\"23d4c97\" data-element_type=\"widget\" data-e-type=\"widget\" data-widget_type=\"text-editor.default\">\n\t\t\t\t<div class=\"elementor-widget-container\">\n\t\t\t\t\t\t\t\t\t<p style=\"text-align: center;\"><span style=\"font-family: georgia, palatino, serif; font-size: 10pt;\">Foto: wikepedia.org<\/span><\/p>\t\t\t\t\t\t\t\t<\/div>\n\t\t\t\t<\/div>\n\t\t\t\t<div class=\"elementor-element elementor-element-809aad3 elementor-widget elementor-widget-text-editor\" data-id=\"809aad3\" data-element_type=\"widget\" data-e-type=\"widget\" data-widget_type=\"text-editor.default\">\n\t\t\t\t<div class=\"elementor-widget-container\">\n\t\t\t\t\t\t\t\t\t<p style=\"text-align: justify;\"><span style=\"font-family: georgia, palatino, serif; font-size: 12pt;\">Werte und Normen und Philosophie sind in Niedersachsen ordentliche Unterrichtsf\u00e4cher und Ersatzf\u00e4cher f\u00fcr den evangelischen und katholischen Religionsunterricht.<\/span><\/p><p style=\"text-align: justify;\"><span style=\"font-family: georgia, palatino, serif; font-size: 12pt;\"><strong>Werte und Normen:<\/strong> Sch\u00fclerinnen und Sch\u00fcler sollen durch das Fach Werte und Normen bef\u00e4higt werden, sich in unserer Gesellschaft mit ihren sich wandelnden Wertvorstellungen und daraus resultierenden gesellschaftlichen Normen zu orientieren und ihre eigene Position zu finden. Allgemein soll das Fach zur Entwicklung einer stabilen Pers\u00f6nlichkeit beitragen, die sich den gesellschaftlichen Anforderungen stellen kann. Hierbei wird ein besonderer Stellenwert auf die Thematisierung unterschiedlicher Wahrheitsanspr\u00fcche und Weltanschauungen im Sinne einer prinzipiellen Pluralit\u00e4t gelegt, die in einer demokratischen Gesellschaft wie der unseren durch die Menschenrechte und die \u00dcberzeugung, dass jeder Mensch eine spezifische W\u00fcrde besitzt, begr\u00fcndet wird. Hierauf bauen das Grundgesetz, die Nieders\u00e4chsische Verfassung und das Nieders\u00e4chsische Schulgesetz auf, die als einzige verbindliche Antworten auf die aufgeworfenen Fragestellungen des Faches geben k\u00f6nnen. Als Leitmotiv des Unterrichtsfaches kann damit die Kantische Frage \u201eWas soll ich tun?\u201c gelten. Hierzu werden altersgerecht Problemstellungen aus den Bereichen <em>Philosophie<\/em>,<em> Religion <\/em>und<em> Gesellschaft<\/em> in den Blick genommen. Auch wenn vergleichbare Fragestellungen behandelt werden, ist das Fach im Gegensatz zum Fach Religion aber nicht an die Grunds\u00e4tze einer Religions- und Glaubensgemeinschaft gebunden, sondern weltanschaulicher und religi\u00f6ser Neutralit\u00e4t verpflichtet. Glaubensinhalte der verschiedenen Religionen werden vermittelt und vergleichend betrachtet und die Sch\u00fclerinnen und Sch\u00fcler so zur Reflexion angehalten. Hierdurch sollen sie zu Toleranz und Empathie angeleitet werden und verantwortungsbewusstes Handeln sich selbst und anderen gegen\u00fcber lernen.<\/span><\/p><p style=\"text-align: justify;\"><span style=\"font-family: georgia, palatino, serif; font-size: 12pt;\">Didaktische Priorit\u00e4ten des Faches sind demnach:<\/span><\/p><ul style=\"text-align: justify;\"><li><span style=\"font-family: georgia, palatino, serif; font-size: 12pt;\">die Auseinandersetzung mit Wirklichkeit und Wahrheitsanspr\u00fcchen,<\/span><\/li><li><span style=\"font-family: georgia, palatino, serif; font-size: 12pt;\">die Entwicklung der eigenen Urteilsf\u00e4higkeit und<\/span><\/li><li><span style=\"font-family: georgia, palatino, serif; font-size: 12pt;\">die Werteorientierung.<\/span><\/li><\/ul><p style=\"text-align: justify;\"><span style=\"font-family: georgia, palatino, serif; font-size: 12pt;\"><strong>Philosophie: <\/strong>\u00a0Im Fach Philosophie werden sowohl Fragestellungen aus der theoretischen, als auch aus der praktischen Philosophie in den Blick genommen. Als Leitmotive k\u00f6nnen auch hier die vier Kantischen Fragen \u201eWas soll ich tun?\u201c, \u201eWas kann ich wissen?\u201c, \u201eWas ist der Mensch?\u201c und \u201eWas darf ich hoffen?\u201c gelten. Das schulinterne Curriculum beinhaltet somit die Auseinandersetzung mit den philosophischen Fachbereichen der Anthropologie, der Ethik, der Erkenntnistheorie, der Rechts- und Staatsphilosophie, sowie der Metaphysik. Hierbei werden durch die Lekt\u00fcre und Diskussion von Originaltexten philosophiehistorische Fakten und Systeme vermittelt. Ein besonderer Stellenwert kommt aber auch dem aktiven, eigenst\u00e4ndigen und problemorientierten Philosophieren und dem hierbei geforderten logischen Argumentieren zu.<\/span><\/p><p style=\"text-align: justify;\"><span style=\"font-family: georgia, palatino, serif; font-size: 12pt;\">W\u00e4hrend Werte und Normen am Gymnasium Nordenham durchg\u00e4ngig in den Jahrg\u00e4ngen 5 bis 12 (ab Sommer 2020: 13) angeboten wird, wird das Fach Philosophie nur in der Oberstufe angeboten. Auf Beschluss der Fachkonferenz aus dem Jahr 2018 kann Philosophie als Abiturpr\u00fcfungsfach (P4 oder P5) angew\u00e4hlt werden, eine Abiturpr\u00fcfung im Fach Werte und Normen ist derzeit nicht m\u00f6glich.<\/span><\/p>\t\t\t\t\t\t\t\t<\/div>\n\t\t\t\t<\/div>\n\t\t\t\t\t<\/div>\n\t\t<\/div>\n\t\t\t\t<div class=\"elementor-column elementor-col-33 elementor-top-column elementor-element elementor-element-c25fcbf\" data-id=\"c25fcbf\" data-element_type=\"column\" data-e-type=\"column\">\n\t\t\t<div class=\"elementor-widget-wrap elementor-element-populated\">\n\t\t\t\t\t\t<div class=\"elementor-element elementor-element-497df0a elementor-invisible elementor-widget elementor-widget-wp-widget-nav_menu\" data-id=\"497df0a\" data-element_type=\"widget\" data-e-type=\"widget\" data-settings=\"{&quot;_animation&quot;:&quot;fadeInUp&quot;}\" data-widget_type=\"wp-widget-nav_menu.default\">\n\t\t\t\t<div class=\"elementor-widget-container\">\n\t\t\t\t\t<div class=\"menu-fachmenue-wn-container\"><ul id=\"menu-fachmenue-wn\" class=\"menu\"><li id=\"menu-item-4386\" class=\"menu-item menu-item-type-post_type menu-item-object-page menu-item-4386\"><a href=\"https:\/\/gymnasium-nordenham.de\/en\/wn-und-philosophie-am-gn\">WN und Philosophie am GN<\/a><\/li>\n<li id=\"menu-item-4416\" class=\"menu-item menu-item-type-post_type menu-item-object-page menu-item-4416\"><a href=\"https:\/\/gymnasium-nordenham.de\/en\/wn-lehrwerke\">Lehrwerke<\/a><\/li>\n<li id=\"menu-item-4408\" class=\"menu-item menu-item-type-post_type menu-item-object-page menu-item-4408\"><a href=\"https:\/\/gymnasium-nordenham.de\/en\/wn-curricula\">Curricula<\/a><\/li>\n<li id=\"menu-item-4424\" class=\"menu-item menu-item-type-post_type menu-item-object-page menu-item-4424\"><a href=\"https:\/\/gymnasium-nordenham.de\/en\/wn-klassenarbeiten-und-klausuren\">Klassenarbeiten und Klausuren<\/a><\/li>\n<li id=\"menu-item-4423\" class=\"menu-item menu-item-type-post_type menu-item-object-page menu-item-4423\"><a href=\"https:\/\/gymnasium-nordenham.de\/en\/wn-weitere-angebote\">Weitere Angebote<\/a><\/li>\n<\/ul><\/div>\t\t\t\t<\/div>\n\t\t\t\t<\/div>\n\t\t\t\t\t<\/div>\n\t\t<\/div>\n\t\t\t\t\t<\/div>\n\t\t<\/section>\n\t\t\t\t<\/div>","protected":false},"excerpt":{"rendered":"<p>Werte und Normen &#038; Philosophie Foto: wikepedia.org Werte und Normen und Philosophie sind in Niedersachsen ordentliche Unterrichtsf\u00e4cher und Ersatzf\u00e4cher f\u00fcr den evangelischen und katholischen Religionsunterricht. Werte und Normen: Sch\u00fclerinnen und Sch\u00fcler sollen durch das Fach Werte und Normen bef\u00e4higt werden, &hellip; <a href=\"https:\/\/gymnasium-nordenham.de\/en\/wn-und-philosophie-am-gn\">Continue reading <span class=\"meta-nav\">&rarr;<\/span><\/a><\/p>","protected":false},"author":4,"featured_media":0,"parent":0,"menu_order":0,"comment_status":"closed","ping_status":"closed","template":"elementor_header_footer","meta":{"_crdt_document":"","footnotes":""},"class_list":["post-4381","page","type-page","status-publish","hentry"],"yoast_head":"<!-- This site is optimized with the Yoast SEO plugin v27.3 - https:\/\/yoast.com\/product\/yoast-seo-wordpress\/ -->\n<title>WN und Philosophie am GN - Gymnasium Nordenham<\/title>\n<meta name=\"robots\" content=\"index, follow, max-snippet:-1, max-image-preview:large, max-video-preview:-1\" \/>\n<link rel=\"canonical\" href=\"https:\/\/gymnasium-nordenham.de\/en\/wn-und-philosophie-am-gn\/\" \/>\n<meta property=\"og:locale\" content=\"en_GB\" \/>\n<meta property=\"og:type\" content=\"article\" \/>\n<meta property=\"og:title\" content=\"WN und Philosophie am GN - Gymnasium Nordenham\" \/>\n<meta property=\"og:description\" content=\"Werte und Normen &#038; Philosophie Foto: wikepedia.org Werte und Normen und Philosophie sind in Niedersachsen ordentliche Unterrichtsf\u00e4cher und Ersatzf\u00e4cher f\u00fcr den evangelischen und katholischen Religionsunterricht. Werte und Normen: Sch\u00fclerinnen und Sch\u00fcler sollen durch das Fach Werte und Normen bef\u00e4higt werden, &hellip; Continue reading &rarr;\" \/>\n<meta property=\"og:url\" content=\"https:\/\/gymnasium-nordenham.de\/en\/wn-und-philosophie-am-gn\/\" \/>\n<meta property=\"og:site_name\" content=\"Gymnasium Nordenham\" \/>\n<meta property=\"article:modified_time\" content=\"2021-01-15T14:04:13+00:00\" \/>\n<meta property=\"og:image\" content=\"https:\/\/gymnasium-nordenham.de\/wp-content\/uploads\/2021\/01\/Flammarion-1024x858.jpg\" \/>\n<meta name=\"twitter:card\" content=\"summary_large_image\" \/>\n<meta name=\"twitter:label1\" content=\"Estimated reading time\" \/>\n\t<meta name=\"twitter:data1\" content=\"3 minutes\" \/>\n<script type=\"application\/ld+json\" class=\"yoast-schema-graph\">{\"@context\":\"https:\\\/\\\/schema.org\",\"@graph\":[{\"@type\":\"WebPage\",\"@id\":\"https:\\\/\\\/gymnasium-nordenham.de\\\/wn-und-philosophie-am-gn\",\"url\":\"https:\\\/\\\/gymnasium-nordenham.de\\\/wn-und-philosophie-am-gn\",\"name\":\"WN und Philosophie am GN - Gymnasium Nordenham\",\"isPartOf\":{\"@id\":\"https:\\\/\\\/gymnasium-nordenham.de\\\/#website\"},\"primaryImageOfPage\":{\"@id\":\"https:\\\/\\\/gymnasium-nordenham.de\\\/wn-und-philosophie-am-gn#primaryimage\"},\"image\":{\"@id\":\"https:\\\/\\\/gymnasium-nordenham.de\\\/wn-und-philosophie-am-gn#primaryimage\"},\"thumbnailUrl\":\"https:\\\/\\\/gymnasium-nordenham.de\\\/wp-content\\\/uploads\\\/2021\\\/01\\\/Flammarion-1024x858.jpg\",\"datePublished\":\"2021-01-04T07:38:34+00:00\",\"dateModified\":\"2021-01-15T14:04:13+00:00\",\"breadcrumb\":{\"@id\":\"https:\\\/\\\/gymnasium-nordenham.de\\\/wn-und-philosophie-am-gn#breadcrumb\"},\"inLanguage\":\"en-GB\",\"potentialAction\":[{\"@type\":\"ReadAction\",\"target\":[\"https:\\\/\\\/gymnasium-nordenham.de\\\/wn-und-philosophie-am-gn\"]}]},{\"@type\":\"ImageObject\",\"inLanguage\":\"en-GB\",\"@id\":\"https:\\\/\\\/gymnasium-nordenham.de\\\/wn-und-philosophie-am-gn#primaryimage\",\"url\":\"https:\\\/\\\/gymnasium-nordenham.de\\\/wp-content\\\/uploads\\\/2021\\\/01\\\/Flammarion-1024x858.jpg\",\"contentUrl\":\"https:\\\/\\\/gymnasium-nordenham.de\\\/wp-content\\\/uploads\\\/2021\\\/01\\\/Flammarion-1024x858.jpg\"},{\"@type\":\"BreadcrumbList\",\"@id\":\"https:\\\/\\\/gymnasium-nordenham.de\\\/wn-und-philosophie-am-gn#breadcrumb\",\"itemListElement\":[{\"@type\":\"ListItem\",\"position\":1,\"name\":\"Startseite\",\"item\":\"https:\\\/\\\/gymnasium-nordenham.de\\\/\"},{\"@type\":\"ListItem\",\"position\":2,\"name\":\"WN und Philosophie am GN\"}]},{\"@type\":\"WebSite\",\"@id\":\"https:\\\/\\\/gymnasium-nordenham.de\\\/#website\",\"url\":\"https:\\\/\\\/gymnasium-nordenham.de\\\/\",\"name\":\"Gymnasium Nordenham\",\"description\":\"Miteinander, voneinander und f\u00fcreinander lernen\",\"potentialAction\":[{\"@type\":\"SearchAction\",\"target\":{\"@type\":\"EntryPoint\",\"urlTemplate\":\"https:\\\/\\\/gymnasium-nordenham.de\\\/?s={search_term_string}\"},\"query-input\":{\"@type\":\"PropertyValueSpecification\",\"valueRequired\":true,\"valueName\":\"search_term_string\"}}],\"inLanguage\":\"en-GB\"}]}<\/script>\n<!-- \/ Yoast SEO plugin. -->","yoast_head_json":{"title":"WN und Philosophie am GN - Gymnasium Nordenham","robots":{"index":"index","follow":"follow","max-snippet":"max-snippet:-1","max-image-preview":"max-image-preview:large","max-video-preview":"max-video-preview:-1"},"canonical":"https:\/\/gymnasium-nordenham.de\/en\/wn-und-philosophie-am-gn\/","og_locale":"en_GB","og_type":"article","og_title":"WN und Philosophie am GN - Gymnasium Nordenham","og_description":"Werte und Normen &#038; Philosophie Foto: wikepedia.org Werte und Normen und Philosophie sind in Niedersachsen ordentliche Unterrichtsf\u00e4cher und Ersatzf\u00e4cher f\u00fcr den evangelischen und katholischen Religionsunterricht. Werte und Normen: Sch\u00fclerinnen und Sch\u00fcler sollen durch das Fach Werte und Normen bef\u00e4higt werden, &hellip; Continue reading &rarr;","og_url":"https:\/\/gymnasium-nordenham.de\/en\/wn-und-philosophie-am-gn\/","og_site_name":"Gymnasium Nordenham","article_modified_time":"2021-01-15T14:04:13+00:00","og_image":[{"url":"https:\/\/gymnasium-nordenham.de\/wp-content\/uploads\/2021\/01\/Flammarion-1024x858.jpg","type":"","width":"","height":""}],"twitter_card":"summary_large_image","twitter_misc":{"Estimated reading time":"3 minutes"},"schema":{"@context":"https:\/\/schema.org","@graph":[{"@type":"WebPage","@id":"https:\/\/gymnasium-nordenham.de\/wn-und-philosophie-am-gn","url":"https:\/\/gymnasium-nordenham.de\/wn-und-philosophie-am-gn","name":"WN und Philosophie am GN - Gymnasium Nordenham","isPartOf":{"@id":"https:\/\/gymnasium-nordenham.de\/#website"},"primaryImageOfPage":{"@id":"https:\/\/gymnasium-nordenham.de\/wn-und-philosophie-am-gn#primaryimage"},"image":{"@id":"https:\/\/gymnasium-nordenham.de\/wn-und-philosophie-am-gn#primaryimage"},"thumbnailUrl":"https:\/\/gymnasium-nordenham.de\/wp-content\/uploads\/2021\/01\/Flammarion-1024x858.jpg","datePublished":"2021-01-04T07:38:34+00:00","dateModified":"2021-01-15T14:04:13+00:00","breadcrumb":{"@id":"https:\/\/gymnasium-nordenham.de\/wn-und-philosophie-am-gn#breadcrumb"},"inLanguage":"en-GB","potentialAction":[{"@type":"ReadAction","target":["https:\/\/gymnasium-nordenham.de\/wn-und-philosophie-am-gn"]}]},{"@type":"ImageObject","inLanguage":"en-GB","@id":"https:\/\/gymnasium-nordenham.de\/wn-und-philosophie-am-gn#primaryimage","url":"https:\/\/gymnasium-nordenham.de\/wp-content\/uploads\/2021\/01\/Flammarion-1024x858.jpg","contentUrl":"https:\/\/gymnasium-nordenham.de\/wp-content\/uploads\/2021\/01\/Flammarion-1024x858.jpg"},{"@type":"BreadcrumbList","@id":"https:\/\/gymnasium-nordenham.de\/wn-und-philosophie-am-gn#breadcrumb","itemListElement":[{"@type":"ListItem","position":1,"name":"Startseite","item":"https:\/\/gymnasium-nordenham.de\/"},{"@type":"ListItem","position":2,"name":"WN und Philosophie am GN"}]},{"@type":"WebSite","@id":"https:\/\/gymnasium-nordenham.de\/#website","url":"https:\/\/gymnasium-nordenham.de\/","name":"Gymnasium Nordenham","description":"Miteinander, voneinander und f\u00fcreinander lernen","potentialAction":[{"@type":"SearchAction","target":{"@type":"EntryPoint","urlTemplate":"https:\/\/gymnasium-nordenham.de\/?s={search_term_string}"},"query-input":{"@type":"PropertyValueSpecification","valueRequired":true,"valueName":"search_term_string"}}],"inLanguage":"en-GB"}]}},"_links":{"self":[{"href":"https:\/\/gymnasium-nordenham.de\/en\/wp-json\/wp\/v2\/pages\/4381","targetHints":{"allow":["GET"]}}],"collection":[{"href":"https:\/\/gymnasium-nordenham.de\/en\/wp-json\/wp\/v2\/pages"}],"about":[{"href":"https:\/\/gymnasium-nordenham.de\/en\/wp-json\/wp\/v2\/types\/page"}],"author":[{"embeddable":true,"href":"https:\/\/gymnasium-nordenham.de\/en\/wp-json\/wp\/v2\/users\/4"}],"replies":[{"embeddable":true,"href":"https:\/\/gymnasium-nordenham.de\/en\/wp-json\/wp\/v2\/comments?post=4381"}],"version-history":[{"count":0,"href":"https:\/\/gymnasium-nordenham.de\/en\/wp-json\/wp\/v2\/pages\/4381\/revisions"}],"wp:attachment":[{"href":"https:\/\/gymnasium-nordenham.de\/en\/wp-json\/wp\/v2\/media?parent=4381"}],"curies":[{"name":"wp","href":"https:\/\/api.w.org\/{rel}","templated":true}]}}