{"id":4276,"date":"2020-12-29T18:16:48","date_gmt":"2020-12-29T17:16:48","guid":{"rendered":"https:\/\/gymnasiumnordenhamtest.live-website.com\/?page_id=4276"},"modified":"2022-09-14T11:46:02","modified_gmt":"2022-09-14T09:46:02","slug":"kov-foerderung-besonderer-begabung","status":"publish","type":"page","link":"https:\/\/gymnasium-nordenham.de\/en\/kov-foerderung-besonderer-begabung","title":{"rendered":"KOV &#8211; F\u00f6rderung besonderer Begabung"},"content":{"rendered":"<div data-elementor-type=\"wp-page\" data-elementor-id=\"4276\" class=\"elementor elementor-4276\" data-elementor-post-type=\"page\">\n\t\t\t\t\t\t<section class=\"elementor-section elementor-top-section elementor-element elementor-element-5257c4b elementor-section-full_width elementor-section-height-default elementor-section-height-default\" data-id=\"5257c4b\" data-element_type=\"section\" data-e-type=\"section\">\n\t\t\t\t\t\t<div class=\"elementor-container elementor-column-gap-default\">\n\t\t\t\t\t<div class=\"elementor-column elementor-col-100 elementor-top-column elementor-element elementor-element-929ce8f\" data-id=\"929ce8f\" data-element_type=\"column\" data-e-type=\"column\" data-settings=\"{&quot;background_background&quot;:&quot;classic&quot;}\">\n\t\t\t<div class=\"elementor-widget-wrap elementor-element-populated\">\n\t\t\t\t\t\t<div class=\"elementor-element elementor-element-de78d44 elementor-widget elementor-widget-heading\" data-id=\"de78d44\" data-element_type=\"widget\" data-e-type=\"widget\" data-widget_type=\"heading.default\">\n\t\t\t\t<div class=\"elementor-widget-container\">\n\t\t\t\t\t<h2 class=\"elementor-heading-title elementor-size-large\">KOV - F\u00f6rderung besonderer Begabung<\/h2>\t\t\t\t<\/div>\n\t\t\t\t<\/div>\n\t\t\t\t\t<\/div>\n\t\t<\/div>\n\t\t\t\t\t<\/div>\n\t\t<\/section>\n\t\t\t\t<section class=\"elementor-section elementor-top-section elementor-element elementor-element-9215942 elementor-section-full_width elementor-section-height-default elementor-section-height-default\" data-id=\"9215942\" data-element_type=\"section\" data-e-type=\"section\">\n\t\t\t\t\t\t<div class=\"elementor-container elementor-column-gap-default\">\n\t\t\t\t\t<div class=\"elementor-column elementor-col-66 elementor-top-column elementor-element elementor-element-bc4bb8e\" data-id=\"bc4bb8e\" data-element_type=\"column\" data-e-type=\"column\">\n\t\t\t<div class=\"elementor-widget-wrap elementor-element-populated\">\n\t\t\t\t\t\t<section class=\"elementor-section elementor-inner-section elementor-element elementor-element-5a59d18 elementor-section-full_width elementor-section-height-default elementor-section-height-default\" data-id=\"5a59d18\" data-element_type=\"section\" data-e-type=\"section\">\n\t\t\t\t\t\t<div class=\"elementor-container elementor-column-gap-no\">\n\t\t\t\t\t<div class=\"elementor-column elementor-col-50 elementor-inner-column elementor-element elementor-element-67e3a6e\" data-id=\"67e3a6e\" data-element_type=\"column\" data-e-type=\"column\">\n\t\t\t<div class=\"elementor-widget-wrap elementor-element-populated\">\n\t\t\t\t\t\t<div class=\"elementor-element elementor-element-4e9056f elementor-widget elementor-widget-text-editor\" data-id=\"4e9056f\" data-element_type=\"widget\" data-e-type=\"widget\" data-widget_type=\"text-editor.default\">\n\t\t\t\t<div class=\"elementor-widget-container\">\n\t\t\t\t\t\t\t\t\t<p style=\"text-align: justify;\"><span style=\"font-family: georgia, palatino, serif; font-size: 12pt;\"><strong>F\u00f6rdern und Fordern<\/strong><\/span><\/p><p style=\"text-align: justify;\"><span style=\"font-family: georgia, palatino, serif; font-size: 12pt;\">Das Gymnasium Nordenham f\u00f6rdert nicht nur Sch\u00fclerinnen und Sch\u00fcler mit Leistungsschw\u00e4chen, sondern fordert auch solche mit Leistungsst\u00e4rken: Der KOV Nordenham (Kooperationsverbund zur F\u00f6rderung besonderer Begabungen) wird von einer Steuergruppe geleitet, in der Vertreterinnen und Vertreter von vier Nordenhamer Schulen zusammenarbeiten. Ziel ist es, Sch\u00fclerinnen und Sch\u00fcler in Teilleistungsst\u00e4rken zu f\u00f6rdern, also in solchen Bereichen, in denen Kinder und Jugendliche sowieso schon Kenntnisse, Kompetenzen und Interessen haben. Dies kann eine besondere Begabung in den Sprachen, in Mathematik, den Naturwissenschaften, in Kunst, in Musik, aber auch im Sport oder im sozialen Bereich sein. <br \/><\/span><\/p>\t\t\t\t\t\t\t\t<\/div>\n\t\t\t\t<\/div>\n\t\t\t\t\t<\/div>\n\t\t<\/div>\n\t\t\t\t<div class=\"elementor-column elementor-col-50 elementor-inner-column elementor-element elementor-element-1e483df\" data-id=\"1e483df\" data-element_type=\"column\" data-e-type=\"column\">\n\t\t\t<div class=\"elementor-widget-wrap elementor-element-populated\">\n\t\t\t\t\t\t<div class=\"elementor-element elementor-element-5217dd3 elementor-widget elementor-widget-image\" data-id=\"5217dd3\" data-element_type=\"widget\" data-e-type=\"widget\" data-widget_type=\"image.default\">\n\t\t\t\t<div class=\"elementor-widget-container\">\n\t\t\t\t\t\t\t\t\t\t\t\t\t\t\t\t<a href=\"https:\/\/gymnasium-nordenham.de\/en\/formulare-und-downloads\">\n\t\t\t\t\t\t\t<img decoding=\"async\" width=\"200\" height=\"154\" src=\"https:\/\/gymnasium-nordenham.de\/wp-content\/uploads\/2020\/07\/Logo-KOV.png\" class=\"attachment-large size-large wp-image-2397\" alt=\"\" \/>\t\t\t\t\t\t\t\t<\/a>\n\t\t\t\t\t\t\t\t\t\t\t\t\t\t\t<\/div>\n\t\t\t\t<\/div>\n\t\t\t\t<div class=\"elementor-element elementor-element-23414f2 elementor-widget elementor-widget-text-editor\" data-id=\"23414f2\" data-element_type=\"widget\" data-e-type=\"widget\" data-widget_type=\"text-editor.default\">\n\t\t\t\t<div class=\"elementor-widget-container\">\n\t\t\t\t\t\t\t\t\t<p style=\"text-align: right;\"><a href=\"https:\/\/gymnasium-nordenham.de\/wp-content\/uploads\/2022\/09\/Konzept-KOV-Aktualisierung-2021.pdf\" target=\"_blank\" rel=\"noopener\"><span style=\"font-family: georgia, palatino, serif; font-size: 12pt;\">Hier<\/span><\/a><span style=\"font-family: georgia, palatino, serif; font-size: 12pt;\"> finden Sie die aktuelle Konzeption des Kooperationsverbundes. <\/span><\/p>\t\t\t\t\t\t\t\t<\/div>\n\t\t\t\t<\/div>\n\t\t\t\t\t<\/div>\n\t\t<\/div>\n\t\t\t\t\t<\/div>\n\t\t<\/section>\n\t\t\t\t<div class=\"elementor-element elementor-element-809aad3 elementor-widget elementor-widget-text-editor\" data-id=\"809aad3\" data-element_type=\"widget\" data-e-type=\"widget\" data-widget_type=\"text-editor.default\">\n\t\t\t\t<div class=\"elementor-widget-container\">\n\t\t\t\t\t\t\t\t\t<p style=\"text-align: justify;\"><span style=\"font-family: georgia, palatino, serif; font-size: 12pt;\">Teilnehmen k\u00f6nnen an diesen Angeboten Sch\u00fclerinnen und Sch\u00fcler aller Nordenhamer Schulen; Grundschule, Oberschule oder Gymnasium. Die Sch\u00fclerinnen und Sch\u00fcler werden gezielt von ihren Lehrkr\u00e4ften daf\u00fcr vorgeschlagen und k\u00f6nnen sich auf der Grundlage dieser Empfehlung f\u00fcr ein bestimmtes Angebot anmelden.\u00a0<\/span><\/p><p style=\"text-align: justify;\"><span style=\"font-family: georgia, palatino, serif; font-size: 12pt;\">Die Art der besonderen Begabungen variiert von Sch\u00fcler:in zu Sch\u00fcler:in (intellektuelle F\u00e4higkeiten, kreative F\u00e4higkeiten, soziale Kompetenz, praktische F\u00e4higkeiten, k\u00fcnstlerische F\u00e4higkeiten, Musikalit\u00e4t, Psychomotorik). Um der Vielfalt der Begabungen m\u00f6glichst gerecht zu werden und den Sch\u00fclerinnen und Sch\u00fclern mit besonderen Begabungen die M\u00f6glichkeit zu geben, diese weiter auszudifferenzieren, wurden in den\u00a0vergangenen\u00a0Jahren sowohl w\u00f6chentliche Kursangebote in unterschiedlichsten Bereichen im Rahmen des KOV geschaffen, als auch Kursangebote im Rahmen von vier Talenttagen, die \u00fcber das Schuljahr verteilt stattfinden. <br \/><\/span><\/p><p style=\"text-align: justify;\"><span style=\"font-family: georgia, palatino, serif; font-size: 12pt;\">Die Angebote reichen von <em>Kunst in der Mathematik<\/em> und <em>Schach<\/em> \u00fcber <em>PENG<\/em> (Praktisches Experimentieren am Nordenhamer Gymnasium), <em>Darstellendes Spiel<\/em> bis hin zu den <em>Norbots<\/em> (Nordenhamer Lego-Roboter). Die aktuellen Angebote finden Sie unter <strong>&#8220;Formulare und Downloads&#8221; im rechten Seitenmen\u00fc auf der Startseite dieser Homepage oder durch Klicken auf das Logo oben.<\/strong> <br \/><\/span><\/p><p style=\"text-align: justify;\"><span style=\"font-family: georgia, palatino, serif; font-size: 12pt;\">In Kleingruppen von 6 &#8211; 10 Sch\u00fclerinnen und Sch\u00fclern k\u00f6nnen diese unter Gleichgesinnten ihre Interessen ausleben und Neues entdecken. In vielen Bereichen ist sogar eine Teilnahme an Wettbewerben wie <em>Jugend Experimentiert<\/em> oder <em>Jugend musiziert<\/em> angestrebt. Sehr bereichernd ist auch die Zusammenarbeit mit Sch\u00fclerinnen und Sch\u00fclern unterschiedlicher Klassenstufen und Schulen. Hierbei sei noch einmal erw\u00e4hnt, dass es sich bei den Teilnehmerinnen und Teilnehmern nicht um hochbegabte Kinder handelt, sondern um Kinder mit bestimmten Begabungen und ausgepr\u00e4gten Interessen in bestimmten Bereichen.<\/span><\/p><p style=\"text-align: justify;\"><span style=\"font-family: georgia, palatino, serif; font-size: 12pt;\">Die Koordination des KOV Nordenham wird vom Gymnasium Nordenham geleistet, auch die Angebote finden \u00fcberwiegend in unseren R\u00e4umlichkeiten statt. Zust\u00e4ndig sind Frau Vera Eckermann und Frau Sarah Ahrens.<\/span><\/p>\t\t\t\t\t\t\t\t<\/div>\n\t\t\t\t<\/div>\n\t\t\t\t<div class=\"elementor-element elementor-element-05bac4e elementor-widget elementor-widget-text-editor\" data-id=\"05bac4e\" data-element_type=\"widget\" data-e-type=\"widget\" data-widget_type=\"text-editor.default\">\n\t\t\t\t<div class=\"elementor-widget-container\">\n\t\t\t\t\t\t\t\t\t<p style=\"text-align: justify;\"><strong><span style=\"font-family: georgia, palatino, serif; font-size: 12pt;\">\u00d6ffnung des AG-Bereichs im Rahmen des KOV<\/span><\/strong><\/p>\n<p style=\"text-align: justify;\"><span style=\"font-family: georgia, palatino, serif; font-size: 12pt;\">In der Steuerungsgruppe des KOV Nordenham wurde beschlossen, den AG-Bereich der weiterf\u00fchrenden Schulen untereinander zu \u00f6ffnen. Dies bedeutet, dass Sch\u00fclerinnen und Sch\u00fcler der Oberschule 1 und des Gymnasiums an AG-Angeboten der jeweils anderen weiterf\u00fchrenden Schulen teilnehmen d\u00fcrfen. Ein Platz in einer AG kann aber nur angeboten werden, wenn nach Aushang an der anbietenden Schule noch Pl\u00e4tze frei sind.<\/span><\/p>\n<p style=\"text-align: justify;\"><span style=\"font-family: georgia, palatino, serif; font-size: 12pt;\">Interessierte Sch\u00fcler:innen m\u00f6gen sich bitte in den jeweiligen Sekretariaten melden und ihren Namen, ihre Telefonnummer und m\u00f6glichst auch eine Email-Adresse hinterlassen.<\/span><\/p>\n<p style=\"text-align: justify;\"><span style=\"font-family: georgia, palatino, serif; font-size: 12pt;\">Die AG-Angebote des Gymnasiums Nordenham finden Sie auf unserer Homepage unter <strong>Schulleben &gt; AGs<\/strong>.<\/span><\/p>\n<p style=\"text-align: justify;\"><span style=\"font-family: georgia, palatino, serif; font-size: 12pt;\">Die AG-Angebote der Partnerschulen erfragen Sie bitte dort.<\/span><\/p>\t\t\t\t\t\t\t\t<\/div>\n\t\t\t\t<\/div>\n\t\t\t\t<div class=\"elementor-element elementor-element-9340af2 elementor-widget elementor-widget-text-editor\" data-id=\"9340af2\" data-element_type=\"widget\" data-e-type=\"widget\" data-widget_type=\"text-editor.default\">\n\t\t\t\t<div class=\"elementor-widget-container\">\n\t\t\t\t\t\t\t\t\t<p><strong><span style=\"font-family: georgia, palatino, serif; font-size: 12pt;\">Beispiel<\/span><\/strong><\/p><p style=\"text-align: justify;\"><span style=\"font-family: georgia, palatino, serif; font-size: 12pt;\">Abschlie\u00dfend finden sie <a href=\"https:\/\/gymnasium-nordenham.de\/wp-content\/uploads\/2020\/12\/Gesangsunterricht-in-Hamburg.pdf\" target=\"_blank\" rel=\"noopener\">hier<\/a> einen Bericht von einer Exkursion nach Hamburg und nachfolgend eine kleine Gesangs-kostprobe der gef\u00f6rderten Talente des Angebots Stimmtraining f\u00fcr Sologesang.<\/span><\/p>\t\t\t\t\t\t\t\t<\/div>\n\t\t\t\t<\/div>\n\t\t\t\t<div class=\"elementor-element elementor-element-a01bd73 elementor-widget elementor-widget-video\" data-id=\"a01bd73\" data-element_type=\"widget\" data-e-type=\"widget\" data-settings=\"{&quot;video_type&quot;:&quot;hosted&quot;,&quot;controls&quot;:&quot;yes&quot;}\" data-widget_type=\"video.default\">\n\t\t\t\t<div class=\"elementor-widget-container\">\n\t\t\t\t\t\t\t<div class=\"e-hosted-video elementor-wrapper elementor-open-inline\">\n\t\t\t\t\t<video class=\"elementor-video\" src=\"https:\/\/gymnasium-nordenham.de\/wp-content\/uploads\/2020\/12\/VideoGesang.mov\" controls=\"\" preload=\"metadata\" controlslist=\"nodownload\" poster=\"https:\/\/gymnasium-nordenham.de\/wp-content\/uploads\/2020\/12\/VideoGesang-mov-image.jpg\"><\/video>\n\t\t\t\t<\/div>\n\t\t\t\t\t\t<\/div>\n\t\t\t\t<\/div>\n\t\t\t\t\t<\/div>\n\t\t<\/div>\n\t\t\t\t<div class=\"elementor-column elementor-col-33 elementor-top-column elementor-element elementor-element-c25fcbf\" data-id=\"c25fcbf\" data-element_type=\"column\" data-e-type=\"column\">\n\t\t\t<div class=\"elementor-widget-wrap elementor-element-populated\">\n\t\t\t\t\t\t<div class=\"elementor-element elementor-element-497df0a elementor-invisible elementor-widget elementor-widget-wp-widget-nav_menu\" data-id=\"497df0a\" data-element_type=\"widget\" data-e-type=\"widget\" data-settings=\"{&quot;_animation&quot;:&quot;fadeInUp&quot;}\" data-widget_type=\"wp-widget-nav_menu.default\">\n\t\t\t\t<div class=\"elementor-widget-container\">\n\t\t\t\t\t<div class=\"menu-untermenue-profil-container\"><ul id=\"menu-untermenue-profil\" class=\"menu\"><li id=\"menu-item-4191\" class=\"menu-item menu-item-type-post_type menu-item-object-page menu-item-4191\"><a href=\"https:\/\/gymnasium-nordenham.de\/en\/wir-stellen-uns-vor\">We introduce ourselves<\/a><\/li>\n<li id=\"menu-item-3959\" class=\"menu-item menu-item-type-post_type menu-item-object-page menu-item-3959\"><a href=\"https:\/\/gymnasium-nordenham.de\/en\/leitbild\">Leitbild<\/a><\/li>\n<li id=\"menu-item-4089\" class=\"menu-item menu-item-type-post_type menu-item-object-page menu-item-4089\"><a href=\"https:\/\/gymnasium-nordenham.de\/en\/informationen-sek-i\">Sekundarstufe I<\/a><\/li>\n<li id=\"menu-item-4088\" class=\"menu-item menu-item-type-post_type menu-item-object-page menu-item-4088\"><a href=\"https:\/\/gymnasium-nordenham.de\/en\/informationen-sek-ii\">Sekundarstufe II<\/a><\/li>\n<li id=\"menu-item-4047\" class=\"menu-item menu-item-type-post_type menu-item-object-page menu-item-4047\"><a href=\"https:\/\/gymnasium-nordenham.de\/en\/ganztag-2\">Ganztag<\/a><\/li>\n<li id=\"menu-item-14122\" class=\"menu-item menu-item-type-post_type menu-item-object-page menu-item-14122\"><a href=\"https:\/\/gymnasium-nordenham.de\/en\/europaschule\">Europaschule<\/a><\/li>\n<li id=\"menu-item-4250\" class=\"menu-item menu-item-type-post_type menu-item-object-page menu-item-4250\"><a href=\"https:\/\/gymnasium-nordenham.de\/en\/umweltschule\">Umweltschule<\/a><\/li>\n<li id=\"menu-item-4647\" class=\"menu-item menu-item-type-post_type menu-item-object-page menu-item-4647\"><a href=\"https:\/\/gymnasium-nordenham.de\/en\/erasmus\">Erasmus +<\/a><\/li>\n<li id=\"menu-item-4486\" class=\"menu-item menu-item-type-post_type menu-item-object-page menu-item-4486\"><a href=\"https:\/\/gymnasium-nordenham.de\/en\/schule-ohne-rassismus\">Schule ohne Rassismus<\/a><\/li>\n<li id=\"menu-item-12212\" class=\"menu-item menu-item-type-post_type menu-item-object-page menu-item-12212\"><a href=\"https:\/\/gymnasium-nordenham.de\/en\/berufsorientierung\">Berufsorientierung<\/a><\/li>\n<li id=\"menu-item-4230\" class=\"menu-item menu-item-type-post_type menu-item-object-page menu-item-4230\"><a href=\"https:\/\/gymnasium-nordenham.de\/en\/blaeserklasse-profil\">Bl\u00e4serklasse<\/a><\/li>\n<li id=\"menu-item-12862\" class=\"menu-item menu-item-type-post_type menu-item-object-page menu-item-12862\"><a href=\"https:\/\/gymnasium-nordenham.de\/en\/medienkonzept\">Medienkonzept<\/a><\/li>\n<li id=\"menu-item-6470\" class=\"menu-item menu-item-type-post_type menu-item-object-page menu-item-6470\"><a href=\"https:\/\/gymnasium-nordenham.de\/en\/schulbroschuere-2\">Schulbrosch\u00fcre<\/a><\/li>\n<li id=\"menu-item-3955\" class=\"menu-item menu-item-type-post_type menu-item-object-page menu-item-3955\"><a href=\"https:\/\/gymnasium-nordenham.de\/en\/schulprogramm\">Chronik<\/a><\/li>\n<\/ul><\/div>\t\t\t\t<\/div>\n\t\t\t\t<\/div>\n\t\t\t\t\t<\/div>\n\t\t<\/div>\n\t\t\t\t\t<\/div>\n\t\t<\/section>\n\t\t\t\t<\/div>","protected":false},"excerpt":{"rendered":"<p>KOV &#8211; F\u00f6rderung besonderer Begabung F\u00f6rdern und Fordern Das Gymnasium Nordenham f\u00f6rdert nicht nur Sch\u00fclerinnen und Sch\u00fcler mit Leistungsschw\u00e4chen, sondern fordert auch solche mit Leistungsst\u00e4rken: Der KOV Nordenham (Kooperationsverbund zur F\u00f6rderung besonderer Begabungen) wird von einer Steuergruppe geleitet, in der &hellip; <a href=\"https:\/\/gymnasium-nordenham.de\/en\/kov-foerderung-besonderer-begabung\">Continue reading <span class=\"meta-nav\">&rarr;<\/span><\/a><\/p>","protected":false},"author":4,"featured_media":0,"parent":0,"menu_order":0,"comment_status":"closed","ping_status":"closed","template":"elementor_header_footer","meta":{"_crdt_document":"","footnotes":""},"class_list":["post-4276","page","type-page","status-publish","hentry"],"yoast_head":"<!-- This site is optimized with the Yoast SEO plugin v27.5 - https:\/\/yoast.com\/product\/yoast-seo-wordpress\/ -->\n<title>KOV - F\u00f6rderung besonderer Begabung - Gymnasium Nordenham<\/title>\n<meta name=\"robots\" content=\"index, follow, max-snippet:-1, max-image-preview:large, max-video-preview:-1\" \/>\n<link rel=\"canonical\" href=\"https:\/\/gymnasium-nordenham.de\/en\/kov-foerderung-besonderer-begabung\/\" \/>\n<meta property=\"og:locale\" content=\"en_GB\" \/>\n<meta property=\"og:type\" content=\"article\" \/>\n<meta property=\"og:title\" content=\"KOV - F\u00f6rderung besonderer Begabung - Gymnasium Nordenham\" \/>\n<meta property=\"og:description\" content=\"KOV &#8211; F\u00f6rderung besonderer Begabung F\u00f6rdern und Fordern Das Gymnasium Nordenham f\u00f6rdert nicht nur Sch\u00fclerinnen und Sch\u00fcler mit Leistungsschw\u00e4chen, sondern fordert auch solche mit Leistungsst\u00e4rken: Der KOV Nordenham (Kooperationsverbund zur F\u00f6rderung besonderer Begabungen) wird von einer Steuergruppe geleitet, in der &hellip; Continue reading &rarr;\" \/>\n<meta property=\"og:url\" content=\"https:\/\/gymnasium-nordenham.de\/en\/kov-foerderung-besonderer-begabung\/\" \/>\n<meta property=\"og:site_name\" content=\"Gymnasium Nordenham\" \/>\n<meta property=\"article:modified_time\" content=\"2022-09-14T09:46:02+00:00\" \/>\n<meta property=\"og:image\" content=\"https:\/\/gymnasium-nordenham.de\/wp-content\/uploads\/2020\/07\/Logo-KOV.png\" \/>\n<meta name=\"twitter:card\" content=\"summary_large_image\" \/>\n<meta name=\"twitter:label1\" content=\"Estimated reading time\" \/>\n\t<meta name=\"twitter:data1\" content=\"4 minutes\" \/>\n<script type=\"application\/ld+json\" class=\"yoast-schema-graph\">{\"@context\":\"https:\\\/\\\/schema.org\",\"@graph\":[{\"@type\":\"WebPage\",\"@id\":\"https:\\\/\\\/gymnasium-nordenham.de\\\/kov-foerderung-besonderer-begabung\",\"url\":\"https:\\\/\\\/gymnasium-nordenham.de\\\/kov-foerderung-besonderer-begabung\",\"name\":\"KOV - F\u00f6rderung besonderer Begabung - Gymnasium Nordenham\",\"isPartOf\":{\"@id\":\"https:\\\/\\\/gymnasium-nordenham.de\\\/#website\"},\"primaryImageOfPage\":{\"@id\":\"https:\\\/\\\/gymnasium-nordenham.de\\\/kov-foerderung-besonderer-begabung#primaryimage\"},\"image\":{\"@id\":\"https:\\\/\\\/gymnasium-nordenham.de\\\/kov-foerderung-besonderer-begabung#primaryimage\"},\"thumbnailUrl\":\"https:\\\/\\\/gymnasium-nordenham.de\\\/wp-content\\\/uploads\\\/2020\\\/07\\\/Logo-KOV.png\",\"datePublished\":\"2020-12-29T17:16:48+00:00\",\"dateModified\":\"2022-09-14T09:46:02+00:00\",\"breadcrumb\":{\"@id\":\"https:\\\/\\\/gymnasium-nordenham.de\\\/kov-foerderung-besonderer-begabung#breadcrumb\"},\"inLanguage\":\"en-GB\",\"potentialAction\":[{\"@type\":\"ReadAction\",\"target\":[\"https:\\\/\\\/gymnasium-nordenham.de\\\/kov-foerderung-besonderer-begabung\"]}]},{\"@type\":\"ImageObject\",\"inLanguage\":\"en-GB\",\"@id\":\"https:\\\/\\\/gymnasium-nordenham.de\\\/kov-foerderung-besonderer-begabung#primaryimage\",\"url\":\"https:\\\/\\\/gymnasium-nordenham.de\\\/wp-content\\\/uploads\\\/2020\\\/07\\\/Logo-KOV.png\",\"contentUrl\":\"https:\\\/\\\/gymnasium-nordenham.de\\\/wp-content\\\/uploads\\\/2020\\\/07\\\/Logo-KOV.png\"},{\"@type\":\"BreadcrumbList\",\"@id\":\"https:\\\/\\\/gymnasium-nordenham.de\\\/kov-foerderung-besonderer-begabung#breadcrumb\",\"itemListElement\":[{\"@type\":\"ListItem\",\"position\":1,\"name\":\"Startseite\",\"item\":\"https:\\\/\\\/gymnasium-nordenham.de\\\/\"},{\"@type\":\"ListItem\",\"position\":2,\"name\":\"KOV &#8211; F\u00f6rderung besonderer Begabung\"}]},{\"@type\":\"WebSite\",\"@id\":\"https:\\\/\\\/gymnasium-nordenham.de\\\/#website\",\"url\":\"https:\\\/\\\/gymnasium-nordenham.de\\\/\",\"name\":\"Gymnasium Nordenham\",\"description\":\"Miteinander, voneinander und f\u00fcreinander lernen\",\"potentialAction\":[{\"@type\":\"SearchAction\",\"target\":{\"@type\":\"EntryPoint\",\"urlTemplate\":\"https:\\\/\\\/gymnasium-nordenham.de\\\/?s={search_term_string}\"},\"query-input\":{\"@type\":\"PropertyValueSpecification\",\"valueRequired\":true,\"valueName\":\"search_term_string\"}}],\"inLanguage\":\"en-GB\"}]}<\/script>\n<!-- \/ Yoast SEO plugin. -->","yoast_head_json":{"title":"KOV - F\u00f6rderung besonderer Begabung - Gymnasium Nordenham","robots":{"index":"index","follow":"follow","max-snippet":"max-snippet:-1","max-image-preview":"max-image-preview:large","max-video-preview":"max-video-preview:-1"},"canonical":"https:\/\/gymnasium-nordenham.de\/en\/kov-foerderung-besonderer-begabung\/","og_locale":"en_GB","og_type":"article","og_title":"KOV - F\u00f6rderung besonderer Begabung - Gymnasium Nordenham","og_description":"KOV &#8211; F\u00f6rderung besonderer Begabung F\u00f6rdern und Fordern Das Gymnasium Nordenham f\u00f6rdert nicht nur Sch\u00fclerinnen und Sch\u00fcler mit Leistungsschw\u00e4chen, sondern fordert auch solche mit Leistungsst\u00e4rken: Der KOV Nordenham (Kooperationsverbund zur F\u00f6rderung besonderer Begabungen) wird von einer Steuergruppe geleitet, in der &hellip; Continue reading &rarr;","og_url":"https:\/\/gymnasium-nordenham.de\/en\/kov-foerderung-besonderer-begabung\/","og_site_name":"Gymnasium Nordenham","article_modified_time":"2022-09-14T09:46:02+00:00","og_image":[{"url":"https:\/\/gymnasium-nordenham.de\/wp-content\/uploads\/2020\/07\/Logo-KOV.png","type":"","width":"","height":""}],"twitter_card":"summary_large_image","twitter_misc":{"Estimated reading time":"4 minutes"},"schema":{"@context":"https:\/\/schema.org","@graph":[{"@type":"WebPage","@id":"https:\/\/gymnasium-nordenham.de\/kov-foerderung-besonderer-begabung","url":"https:\/\/gymnasium-nordenham.de\/kov-foerderung-besonderer-begabung","name":"KOV - F\u00f6rderung besonderer Begabung - Gymnasium Nordenham","isPartOf":{"@id":"https:\/\/gymnasium-nordenham.de\/#website"},"primaryImageOfPage":{"@id":"https:\/\/gymnasium-nordenham.de\/kov-foerderung-besonderer-begabung#primaryimage"},"image":{"@id":"https:\/\/gymnasium-nordenham.de\/kov-foerderung-besonderer-begabung#primaryimage"},"thumbnailUrl":"https:\/\/gymnasium-nordenham.de\/wp-content\/uploads\/2020\/07\/Logo-KOV.png","datePublished":"2020-12-29T17:16:48+00:00","dateModified":"2022-09-14T09:46:02+00:00","breadcrumb":{"@id":"https:\/\/gymnasium-nordenham.de\/kov-foerderung-besonderer-begabung#breadcrumb"},"inLanguage":"en-GB","potentialAction":[{"@type":"ReadAction","target":["https:\/\/gymnasium-nordenham.de\/kov-foerderung-besonderer-begabung"]}]},{"@type":"ImageObject","inLanguage":"en-GB","@id":"https:\/\/gymnasium-nordenham.de\/kov-foerderung-besonderer-begabung#primaryimage","url":"https:\/\/gymnasium-nordenham.de\/wp-content\/uploads\/2020\/07\/Logo-KOV.png","contentUrl":"https:\/\/gymnasium-nordenham.de\/wp-content\/uploads\/2020\/07\/Logo-KOV.png"},{"@type":"BreadcrumbList","@id":"https:\/\/gymnasium-nordenham.de\/kov-foerderung-besonderer-begabung#breadcrumb","itemListElement":[{"@type":"ListItem","position":1,"name":"Startseite","item":"https:\/\/gymnasium-nordenham.de\/"},{"@type":"ListItem","position":2,"name":"KOV &#8211; F\u00f6rderung besonderer Begabung"}]},{"@type":"WebSite","@id":"https:\/\/gymnasium-nordenham.de\/#website","url":"https:\/\/gymnasium-nordenham.de\/","name":"Gymnasium Nordenham","description":"Miteinander, voneinander und f\u00fcreinander lernen","potentialAction":[{"@type":"SearchAction","target":{"@type":"EntryPoint","urlTemplate":"https:\/\/gymnasium-nordenham.de\/?s={search_term_string}"},"query-input":{"@type":"PropertyValueSpecification","valueRequired":true,"valueName":"search_term_string"}}],"inLanguage":"en-GB"}]}},"_links":{"self":[{"href":"https:\/\/gymnasium-nordenham.de\/en\/wp-json\/wp\/v2\/pages\/4276","targetHints":{"allow":["GET"]}}],"collection":[{"href":"https:\/\/gymnasium-nordenham.de\/en\/wp-json\/wp\/v2\/pages"}],"about":[{"href":"https:\/\/gymnasium-nordenham.de\/en\/wp-json\/wp\/v2\/types\/page"}],"author":[{"embeddable":true,"href":"https:\/\/gymnasium-nordenham.de\/en\/wp-json\/wp\/v2\/users\/4"}],"replies":[{"embeddable":true,"href":"https:\/\/gymnasium-nordenham.de\/en\/wp-json\/wp\/v2\/comments?post=4276"}],"version-history":[{"count":0,"href":"https:\/\/gymnasium-nordenham.de\/en\/wp-json\/wp\/v2\/pages\/4276\/revisions"}],"wp:attachment":[{"href":"https:\/\/gymnasium-nordenham.de\/en\/wp-json\/wp\/v2\/media?parent=4276"}],"curies":[{"name":"wp","href":"https:\/\/api.w.org\/{rel}","templated":true}]}}