{"id":4252,"date":"2020-12-29T17:40:37","date_gmt":"2020-12-29T16:40:37","guid":{"rendered":"https:\/\/gymnasiumnordenhamtest.live-website.com\/?page_id=4252"},"modified":"2024-09-05T14:29:16","modified_gmt":"2024-09-05T12:29:16","slug":"mensa","status":"publish","type":"page","link":"https:\/\/gymnasium-nordenham.de\/en\/mensa","title":{"rendered":"Mensa"},"content":{"rendered":"<div data-elementor-type=\"wp-page\" data-elementor-id=\"4252\" class=\"elementor elementor-4252\" data-elementor-post-type=\"page\">\n\t\t\t\t\t\t<section class=\"elementor-section elementor-top-section elementor-element elementor-element-5257c4b elementor-section-full_width elementor-section-height-default elementor-section-height-default\" data-id=\"5257c4b\" data-element_type=\"section\" data-e-type=\"section\">\n\t\t\t\t\t\t<div class=\"elementor-container elementor-column-gap-default\">\n\t\t\t\t\t<div class=\"elementor-column elementor-col-100 elementor-top-column elementor-element elementor-element-929ce8f\" data-id=\"929ce8f\" data-element_type=\"column\" data-e-type=\"column\" data-settings=\"{&quot;background_background&quot;:&quot;classic&quot;}\">\n\t\t\t<div class=\"elementor-widget-wrap elementor-element-populated\">\n\t\t\t\t\t\t<div class=\"elementor-element elementor-element-de78d44 elementor-widget elementor-widget-heading\" data-id=\"de78d44\" data-element_type=\"widget\" data-e-type=\"widget\" data-widget_type=\"heading.default\">\n\t\t\t\t<div class=\"elementor-widget-container\">\n\t\t\t\t\t<h2 class=\"elementor-heading-title elementor-size-large\">Mensa<\/h2>\t\t\t\t<\/div>\n\t\t\t\t<\/div>\n\t\t\t\t\t<\/div>\n\t\t<\/div>\n\t\t\t\t\t<\/div>\n\t\t<\/section>\n\t\t\t\t<section class=\"elementor-section elementor-top-section elementor-element elementor-element-9215942 elementor-section-full_width elementor-section-height-default elementor-section-height-default\" data-id=\"9215942\" data-element_type=\"section\" data-e-type=\"section\">\n\t\t\t\t\t\t<div class=\"elementor-container elementor-column-gap-default\">\n\t\t\t\t\t<div class=\"elementor-column elementor-col-66 elementor-top-column elementor-element elementor-element-bc4bb8e\" data-id=\"bc4bb8e\" data-element_type=\"column\" data-e-type=\"column\">\n\t\t\t<div class=\"elementor-widget-wrap elementor-element-populated\">\n\t\t\t\t\t\t<section class=\"elementor-section elementor-inner-section elementor-element elementor-element-162a5b8 elementor-section-full_width elementor-section-height-default elementor-section-height-default\" data-id=\"162a5b8\" data-element_type=\"section\" data-e-type=\"section\">\n\t\t\t\t\t\t<div class=\"elementor-container elementor-column-gap-default\">\n\t\t\t\t\t<div class=\"elementor-column elementor-col-50 elementor-inner-column elementor-element elementor-element-1d46635\" data-id=\"1d46635\" data-element_type=\"column\" data-e-type=\"column\">\n\t\t\t<div class=\"elementor-widget-wrap elementor-element-populated\">\n\t\t\t\t\t\t<div class=\"elementor-element elementor-element-809aad3 elementor-widget elementor-widget-text-editor\" data-id=\"809aad3\" data-element_type=\"widget\" data-e-type=\"widget\" data-widget_type=\"text-editor.default\">\n\t\t\t\t<div class=\"elementor-widget-container\">\n\t\t\t\t\t\t\t\t\t<p style=\"text-align: justify;\"><span style=\"font-family: georgia, palatino, serif; font-size: 12pt;\">In den Fr\u00fchst\u00fcckspausen bieten wir t\u00e4glich frisch belegte Br\u00f6tchen, Getr\u00e4nke, Obst, Back- und S\u00fc\u00dfwaren an, die in bar bezahlt werden. Au\u00dferdem haben wir einen Automaten f\u00fcr Hei\u00dfgetr\u00e4nke und einen Wasserspender, sowohl f\u00fcr stilles als auch kohlens\u00e4urehaltiges Wasser.<\/span><\/p><p style=\"text-align: justify;\"><span style=\"font-family: georgia, palatino, serif; font-size: 12pt;\">W\u00e4hrend der Mittagspause besteht f\u00fcr alle Sch\u00fclerinnen und Sch\u00fcler von dienstags bis donnerstags die M\u00f6glichkeit, eine warme Mahlzeit zu sich zu nehmen. Zur Auswahl stehen zwei Gerichte: eines mit Fleisch (aber ohne Schweinefleisch) und ein vegetarisches. Auch ein Nachtisch ist dabei. Ein Men\u00fc ist zum Preis von derzeit 3,90 \u20ac erh\u00e4ltlich.<\/span><\/p>\t\t\t\t\t\t\t\t<\/div>\n\t\t\t\t<\/div>\n\t\t\t\t\t<\/div>\n\t\t<\/div>\n\t\t\t\t<div class=\"elementor-column elementor-col-50 elementor-inner-column elementor-element elementor-element-487e639\" data-id=\"487e639\" data-element_type=\"column\" data-e-type=\"column\">\n\t\t\t<div class=\"elementor-widget-wrap elementor-element-populated\">\n\t\t\t\t\t\t<div class=\"elementor-element elementor-element-aca9828 elementor-widget elementor-widget-image\" data-id=\"aca9828\" data-element_type=\"widget\" data-e-type=\"widget\" data-widget_type=\"image.default\">\n\t\t\t\t<div class=\"elementor-widget-container\">\n\t\t\t\t\t\t\t\t\t\t\t\t\t\t\t<img fetchpriority=\"high\" decoding=\"async\" width=\"640\" height=\"480\" src=\"https:\/\/gymnasium-nordenham.de\/wp-content\/uploads\/2022\/04\/11-1024x768.jpg\" class=\"attachment-large size-large wp-image-8541\" alt=\"\" srcset=\"https:\/\/gymnasium-nordenham.de\/wp-content\/uploads\/2022\/04\/11-1024x768.jpg 1024w, https:\/\/gymnasium-nordenham.de\/wp-content\/uploads\/2022\/04\/11-300x225.jpg 300w, https:\/\/gymnasium-nordenham.de\/wp-content\/uploads\/2022\/04\/11-768x576.jpg 768w, https:\/\/gymnasium-nordenham.de\/wp-content\/uploads\/2022\/04\/11-1536x1152.jpg 1536w, https:\/\/gymnasium-nordenham.de\/wp-content\/uploads\/2022\/04\/11-2048x1536.jpg 2048w\" sizes=\"(max-width: 640px) 100vw, 640px\" \/>\t\t\t\t\t\t\t\t\t\t\t\t\t\t\t<\/div>\n\t\t\t\t<\/div>\n\t\t\t\t\t<\/div>\n\t\t<\/div>\n\t\t\t\t\t<\/div>\n\t\t<\/section>\n\t\t\t\t<section class=\"elementor-section elementor-inner-section elementor-element elementor-element-df41a77 elementor-section-full_width elementor-section-height-default elementor-section-height-default\" data-id=\"df41a77\" data-element_type=\"section\" data-e-type=\"section\">\n\t\t\t\t\t\t<div class=\"elementor-container elementor-column-gap-default\">\n\t\t\t\t\t<div class=\"elementor-column elementor-col-50 elementor-inner-column elementor-element elementor-element-fb70fe6\" data-id=\"fb70fe6\" data-element_type=\"column\" data-e-type=\"column\">\n\t\t\t<div class=\"elementor-widget-wrap elementor-element-populated\">\n\t\t\t\t\t\t<div class=\"elementor-element elementor-element-98bafd5 elementor-widget elementor-widget-image\" data-id=\"98bafd5\" data-element_type=\"widget\" data-e-type=\"widget\" data-widget_type=\"image.default\">\n\t\t\t\t<div class=\"elementor-widget-container\">\n\t\t\t\t\t\t\t\t\t\t\t\t\t\t\t<img decoding=\"async\" width=\"640\" height=\"480\" src=\"https:\/\/gymnasium-nordenham.de\/wp-content\/uploads\/2022\/04\/12-1024x768.jpg\" class=\"attachment-large size-large wp-image-8542\" alt=\"\" srcset=\"https:\/\/gymnasium-nordenham.de\/wp-content\/uploads\/2022\/04\/12-1024x768.jpg 1024w, https:\/\/gymnasium-nordenham.de\/wp-content\/uploads\/2022\/04\/12-300x225.jpg 300w, https:\/\/gymnasium-nordenham.de\/wp-content\/uploads\/2022\/04\/12-768x576.jpg 768w, https:\/\/gymnasium-nordenham.de\/wp-content\/uploads\/2022\/04\/12-1536x1152.jpg 1536w, https:\/\/gymnasium-nordenham.de\/wp-content\/uploads\/2022\/04\/12-2048x1536.jpg 2048w\" sizes=\"(max-width: 640px) 100vw, 640px\" \/>\t\t\t\t\t\t\t\t\t\t\t\t\t\t\t<\/div>\n\t\t\t\t<\/div>\n\t\t\t\t\t<\/div>\n\t\t<\/div>\n\t\t\t\t<div class=\"elementor-column elementor-col-50 elementor-inner-column elementor-element elementor-element-59a4125\" data-id=\"59a4125\" data-element_type=\"column\" data-e-type=\"column\">\n\t\t\t<div class=\"elementor-widget-wrap elementor-element-populated\">\n\t\t\t\t\t\t<div class=\"elementor-element elementor-element-6258566 elementor-widget elementor-widget-text-editor\" data-id=\"6258566\" data-element_type=\"widget\" data-e-type=\"widget\" data-widget_type=\"text-editor.default\">\n\t\t\t\t<div class=\"elementor-widget-container\">\n\t\t\t\t\t\t\t\t\t<p style=\"text-align: justify;\"><span style=\"font-family: georgia, palatino, serif; font-size: 12pt;\">Die Bezahlung erfolgt \u00fcber einen personalisierten Code auf dem Mittagessenausweis bzw. Sch\u00fclerausweis Ihres Kindes.<\/span><\/p><p style=\"text-align: justify;\"><span style=\"font-family: georgia, palatino, serif; font-size: 12pt;\">Die neuen F\u00fcnftkl\u00e4ssler sind automatisch in unserem Mittagessen-Programm SAMS-ON eingerichtet worden. Alle anderen Jahrg\u00e4nge, die gerne bei uns essen m\u00f6chten und noch keinen Zugang haben, k\u00f6nnen sich im Sekretariat bei Frau Ubben (<a href=\"mailto:angelika.ubben@gym-nordenham.de\">angelika.ubben@gym-nordenham.de<\/a>) registrieren lassen.<\/span><\/p><p style=\"text-align: justify;\"><span style=\"font-family: georgia, palatino, serif; font-size: 12pt;\">Falls Sie Anspruch auf Leistungen nach dem Sozial-gesetzbuch (SGB) haben, beachten Sie bitte, dass wir stets eine aktuelle Bewilligung ben\u00f6tigen, damit Ihr Kind Mittagessen erhalten kann. Antr\u00e4ge hierf\u00fcr erhalten Sie ebenfalls im Sekretariat.<\/span><\/p>\t\t\t\t\t\t\t\t<\/div>\n\t\t\t\t<\/div>\n\t\t\t\t\t<\/div>\n\t\t<\/div>\n\t\t\t\t\t<\/div>\n\t\t<\/section>\n\t\t\t\t\t<\/div>\n\t\t<\/div>\n\t\t\t\t<div class=\"elementor-column elementor-col-33 elementor-top-column elementor-element elementor-element-c25fcbf\" data-id=\"c25fcbf\" data-element_type=\"column\" data-e-type=\"column\">\n\t\t\t<div class=\"elementor-widget-wrap elementor-element-populated\">\n\t\t\t\t\t\t<div class=\"elementor-element elementor-element-497df0a elementor-invisible elementor-widget elementor-widget-wp-widget-nav_menu\" data-id=\"497df0a\" data-element_type=\"widget\" data-e-type=\"widget\" data-settings=\"{&quot;_animation&quot;:&quot;fadeInUp&quot;}\" data-widget_type=\"wp-widget-nav_menu.default\">\n\t\t\t\t<div class=\"elementor-widget-container\">\n\t\t\t\t\t<div class=\"menu-untermenue-organisatorisches-container\"><ul id=\"menu-untermenue-organisatorisches\" class=\"menu\"><li id=\"menu-item-4169\" class=\"menu-item menu-item-type-post_type menu-item-object-page menu-item-4169\"><a href=\"https:\/\/gymnasium-nordenham.de\/en\/austauschjahr\">Austauschjahr<\/a><\/li>\n<li id=\"menu-item-2255\" class=\"menu-item menu-item-type-post_type menu-item-object-page menu-item-2255\"><a href=\"https:\/\/gymnasium-nordenham.de\/en\/lageplan\">Lageplan<\/a><\/li>\n<li id=\"menu-item-2257\" class=\"menu-item menu-item-type-post_type menu-item-object-page menu-item-2257\"><a href=\"https:\/\/gymnasium-nordenham.de\/en\/organigramm\">Organigramm<\/a><\/li>\n<li id=\"menu-item-4335\" class=\"menu-item menu-item-type-post_type menu-item-object-page menu-item-4335\"><a href=\"https:\/\/gymnasium-nordenham.de\/en\/mensa\">Mensa<\/a><\/li>\n<li id=\"menu-item-3147\" class=\"menu-item menu-item-type-post_type menu-item-object-page menu-item-3147\"><a href=\"https:\/\/gymnasium-nordenham.de\/en\/schulbuecher\">Schulb\u00fccher<\/a><\/li>\n<li id=\"menu-item-2256\" class=\"menu-item menu-item-type-post_type menu-item-object-page menu-item-2256\"><a href=\"https:\/\/gymnasium-nordenham.de\/en\/schulordnung\">Schulordnung<\/a><\/li>\n<li id=\"menu-item-2271\" class=\"menu-item menu-item-type-post_type menu-item-object-page menu-item-2271\"><a href=\"https:\/\/gymnasium-nordenham.de\/en\/terminkalender\">Terminkalender<\/a><\/li>\n<li id=\"menu-item-4227\" class=\"menu-item menu-item-type-post_type menu-item-object-page menu-item-4227\"><a href=\"https:\/\/gymnasium-nordenham.de\/en\/zeiten\">Zeiten<\/a><\/li>\n<\/ul><\/div>\t\t\t\t<\/div>\n\t\t\t\t<\/div>\n\t\t\t\t\t<\/div>\n\t\t<\/div>\n\t\t\t\t\t<\/div>\n\t\t<\/section>\n\t\t\t\t<\/div>","protected":false},"excerpt":{"rendered":"<p>Mensa In den Fr\u00fchst\u00fcckspausen bieten wir t\u00e4glich frisch belegte Br\u00f6tchen, Getr\u00e4nke, Obst, Back- und S\u00fc\u00dfwaren an, die in bar bezahlt werden. Au\u00dferdem haben wir einen Automaten f\u00fcr Hei\u00dfgetr\u00e4nke und einen Wasserspender, sowohl f\u00fcr stilles als auch kohlens\u00e4urehaltiges Wasser. W\u00e4hrend der &hellip; <a href=\"https:\/\/gymnasium-nordenham.de\/en\/mensa\">Continue reading <span class=\"meta-nav\">&rarr;<\/span><\/a><\/p>","protected":false},"author":4,"featured_media":0,"parent":0,"menu_order":0,"comment_status":"closed","ping_status":"closed","template":"elementor_header_footer","meta":{"_crdt_document":"","footnotes":""},"class_list":["post-4252","page","type-page","status-publish","hentry"],"yoast_head":"<!-- This site is optimized with the Yoast SEO plugin v27.3 - https:\/\/yoast.com\/product\/yoast-seo-wordpress\/ -->\n<title>Mensa - Gymnasium Nordenham<\/title>\n<meta name=\"robots\" content=\"index, follow, max-snippet:-1, max-image-preview:large, max-video-preview:-1\" \/>\n<link rel=\"canonical\" href=\"https:\/\/gymnasium-nordenham.de\/en\/mensa\/\" \/>\n<meta property=\"og:locale\" content=\"en_GB\" \/>\n<meta property=\"og:type\" content=\"article\" \/>\n<meta property=\"og:title\" content=\"Mensa - Gymnasium Nordenham\" \/>\n<meta property=\"og:description\" content=\"Mensa In den Fr\u00fchst\u00fcckspausen bieten wir t\u00e4glich frisch belegte Br\u00f6tchen, Getr\u00e4nke, Obst, Back- und S\u00fc\u00dfwaren an, die in bar bezahlt werden. Au\u00dferdem haben wir einen Automaten f\u00fcr Hei\u00dfgetr\u00e4nke und einen Wasserspender, sowohl f\u00fcr stilles als auch kohlens\u00e4urehaltiges Wasser. W\u00e4hrend der &hellip; Continue reading &rarr;\" \/>\n<meta property=\"og:url\" content=\"https:\/\/gymnasium-nordenham.de\/en\/mensa\/\" \/>\n<meta property=\"og:site_name\" content=\"Gymnasium Nordenham\" \/>\n<meta property=\"article:modified_time\" content=\"2024-09-05T12:29:16+00:00\" \/>\n<meta property=\"og:image\" content=\"https:\/\/gymnasium-nordenham.de\/wp-content\/uploads\/2022\/04\/11-1024x768.jpg\" \/>\n<meta name=\"twitter:card\" content=\"summary_large_image\" \/>\n<meta name=\"twitter:label1\" content=\"Estimated reading time\" \/>\n\t<meta name=\"twitter:data1\" content=\"2 minutes\" \/>\n<script type=\"application\/ld+json\" class=\"yoast-schema-graph\">{\"@context\":\"https:\\\/\\\/schema.org\",\"@graph\":[{\"@type\":\"WebPage\",\"@id\":\"https:\\\/\\\/gymnasium-nordenham.de\\\/mensa\",\"url\":\"https:\\\/\\\/gymnasium-nordenham.de\\\/mensa\",\"name\":\"Mensa - Gymnasium Nordenham\",\"isPartOf\":{\"@id\":\"https:\\\/\\\/gymnasium-nordenham.de\\\/#website\"},\"primaryImageOfPage\":{\"@id\":\"https:\\\/\\\/gymnasium-nordenham.de\\\/mensa#primaryimage\"},\"image\":{\"@id\":\"https:\\\/\\\/gymnasium-nordenham.de\\\/mensa#primaryimage\"},\"thumbnailUrl\":\"https:\\\/\\\/gymnasium-nordenham.de\\\/wp-content\\\/uploads\\\/2022\\\/04\\\/11-1024x768.jpg\",\"datePublished\":\"2020-12-29T16:40:37+00:00\",\"dateModified\":\"2024-09-05T12:29:16+00:00\",\"breadcrumb\":{\"@id\":\"https:\\\/\\\/gymnasium-nordenham.de\\\/mensa#breadcrumb\"},\"inLanguage\":\"en-GB\",\"potentialAction\":[{\"@type\":\"ReadAction\",\"target\":[\"https:\\\/\\\/gymnasium-nordenham.de\\\/mensa\"]}]},{\"@type\":\"ImageObject\",\"inLanguage\":\"en-GB\",\"@id\":\"https:\\\/\\\/gymnasium-nordenham.de\\\/mensa#primaryimage\",\"url\":\"https:\\\/\\\/gymnasium-nordenham.de\\\/wp-content\\\/uploads\\\/2022\\\/04\\\/11-1024x768.jpg\",\"contentUrl\":\"https:\\\/\\\/gymnasium-nordenham.de\\\/wp-content\\\/uploads\\\/2022\\\/04\\\/11-1024x768.jpg\"},{\"@type\":\"BreadcrumbList\",\"@id\":\"https:\\\/\\\/gymnasium-nordenham.de\\\/mensa#breadcrumb\",\"itemListElement\":[{\"@type\":\"ListItem\",\"position\":1,\"name\":\"Startseite\",\"item\":\"https:\\\/\\\/gymnasium-nordenham.de\\\/\"},{\"@type\":\"ListItem\",\"position\":2,\"name\":\"Mensa\"}]},{\"@type\":\"WebSite\",\"@id\":\"https:\\\/\\\/gymnasium-nordenham.de\\\/#website\",\"url\":\"https:\\\/\\\/gymnasium-nordenham.de\\\/\",\"name\":\"Gymnasium Nordenham\",\"description\":\"Miteinander, voneinander und f\u00fcreinander lernen\",\"potentialAction\":[{\"@type\":\"SearchAction\",\"target\":{\"@type\":\"EntryPoint\",\"urlTemplate\":\"https:\\\/\\\/gymnasium-nordenham.de\\\/?s={search_term_string}\"},\"query-input\":{\"@type\":\"PropertyValueSpecification\",\"valueRequired\":true,\"valueName\":\"search_term_string\"}}],\"inLanguage\":\"en-GB\"}]}<\/script>\n<!-- \/ Yoast SEO plugin. -->","yoast_head_json":{"title":"Mensa - Gymnasium Nordenham","robots":{"index":"index","follow":"follow","max-snippet":"max-snippet:-1","max-image-preview":"max-image-preview:large","max-video-preview":"max-video-preview:-1"},"canonical":"https:\/\/gymnasium-nordenham.de\/en\/mensa\/","og_locale":"en_GB","og_type":"article","og_title":"Mensa - Gymnasium Nordenham","og_description":"Mensa In den Fr\u00fchst\u00fcckspausen bieten wir t\u00e4glich frisch belegte Br\u00f6tchen, Getr\u00e4nke, Obst, Back- und S\u00fc\u00dfwaren an, die in bar bezahlt werden. Au\u00dferdem haben wir einen Automaten f\u00fcr Hei\u00dfgetr\u00e4nke und einen Wasserspender, sowohl f\u00fcr stilles als auch kohlens\u00e4urehaltiges Wasser. W\u00e4hrend der &hellip; Continue reading &rarr;","og_url":"https:\/\/gymnasium-nordenham.de\/en\/mensa\/","og_site_name":"Gymnasium Nordenham","article_modified_time":"2024-09-05T12:29:16+00:00","og_image":[{"url":"https:\/\/gymnasium-nordenham.de\/wp-content\/uploads\/2022\/04\/11-1024x768.jpg","type":"","width":"","height":""}],"twitter_card":"summary_large_image","twitter_misc":{"Estimated reading time":"2 minutes"},"schema":{"@context":"https:\/\/schema.org","@graph":[{"@type":"WebPage","@id":"https:\/\/gymnasium-nordenham.de\/mensa","url":"https:\/\/gymnasium-nordenham.de\/mensa","name":"Mensa - Gymnasium Nordenham","isPartOf":{"@id":"https:\/\/gymnasium-nordenham.de\/#website"},"primaryImageOfPage":{"@id":"https:\/\/gymnasium-nordenham.de\/mensa#primaryimage"},"image":{"@id":"https:\/\/gymnasium-nordenham.de\/mensa#primaryimage"},"thumbnailUrl":"https:\/\/gymnasium-nordenham.de\/wp-content\/uploads\/2022\/04\/11-1024x768.jpg","datePublished":"2020-12-29T16:40:37+00:00","dateModified":"2024-09-05T12:29:16+00:00","breadcrumb":{"@id":"https:\/\/gymnasium-nordenham.de\/mensa#breadcrumb"},"inLanguage":"en-GB","potentialAction":[{"@type":"ReadAction","target":["https:\/\/gymnasium-nordenham.de\/mensa"]}]},{"@type":"ImageObject","inLanguage":"en-GB","@id":"https:\/\/gymnasium-nordenham.de\/mensa#primaryimage","url":"https:\/\/gymnasium-nordenham.de\/wp-content\/uploads\/2022\/04\/11-1024x768.jpg","contentUrl":"https:\/\/gymnasium-nordenham.de\/wp-content\/uploads\/2022\/04\/11-1024x768.jpg"},{"@type":"BreadcrumbList","@id":"https:\/\/gymnasium-nordenham.de\/mensa#breadcrumb","itemListElement":[{"@type":"ListItem","position":1,"name":"Startseite","item":"https:\/\/gymnasium-nordenham.de\/"},{"@type":"ListItem","position":2,"name":"Mensa"}]},{"@type":"WebSite","@id":"https:\/\/gymnasium-nordenham.de\/#website","url":"https:\/\/gymnasium-nordenham.de\/","name":"Gymnasium Nordenham","description":"Miteinander, voneinander und f\u00fcreinander lernen","potentialAction":[{"@type":"SearchAction","target":{"@type":"EntryPoint","urlTemplate":"https:\/\/gymnasium-nordenham.de\/?s={search_term_string}"},"query-input":{"@type":"PropertyValueSpecification","valueRequired":true,"valueName":"search_term_string"}}],"inLanguage":"en-GB"}]}},"_links":{"self":[{"href":"https:\/\/gymnasium-nordenham.de\/en\/wp-json\/wp\/v2\/pages\/4252","targetHints":{"allow":["GET"]}}],"collection":[{"href":"https:\/\/gymnasium-nordenham.de\/en\/wp-json\/wp\/v2\/pages"}],"about":[{"href":"https:\/\/gymnasium-nordenham.de\/en\/wp-json\/wp\/v2\/types\/page"}],"author":[{"embeddable":true,"href":"https:\/\/gymnasium-nordenham.de\/en\/wp-json\/wp\/v2\/users\/4"}],"replies":[{"embeddable":true,"href":"https:\/\/gymnasium-nordenham.de\/en\/wp-json\/wp\/v2\/comments?post=4252"}],"version-history":[{"count":0,"href":"https:\/\/gymnasium-nordenham.de\/en\/wp-json\/wp\/v2\/pages\/4252\/revisions"}],"wp:attachment":[{"href":"https:\/\/gymnasium-nordenham.de\/en\/wp-json\/wp\/v2\/media?parent=4252"}],"curies":[{"name":"wp","href":"https:\/\/api.w.org\/{rel}","templated":true}]}}