{"id":4228,"date":"2020-12-29T17:20:33","date_gmt":"2020-12-29T16:20:33","guid":{"rendered":"https:\/\/gymnasiumnordenhamtest.live-website.com\/?page_id=4228"},"modified":"2021-01-11T15:43:06","modified_gmt":"2021-01-11T14:43:06","slug":"blaeserklasse-profil","status":"publish","type":"page","link":"https:\/\/gymnasium-nordenham.de\/en\/blaeserklasse-profil","title":{"rendered":"Bl\u00e4serklasse Profil"},"content":{"rendered":"<div data-elementor-type=\"wp-page\" data-elementor-id=\"4228\" class=\"elementor elementor-4228\" data-elementor-post-type=\"page\">\n\t\t\t\t\t\t<section class=\"elementor-section elementor-top-section elementor-element elementor-element-5257c4b elementor-section-full_width elementor-section-height-default elementor-section-height-default\" data-id=\"5257c4b\" data-element_type=\"section\" data-e-type=\"section\">\n\t\t\t\t\t\t<div class=\"elementor-container elementor-column-gap-default\">\n\t\t\t\t\t<div class=\"elementor-column elementor-col-100 elementor-top-column elementor-element elementor-element-929ce8f\" data-id=\"929ce8f\" data-element_type=\"column\" data-e-type=\"column\" data-settings=\"{&quot;background_background&quot;:&quot;classic&quot;}\">\n\t\t\t<div class=\"elementor-widget-wrap elementor-element-populated\">\n\t\t\t\t\t\t<div class=\"elementor-element elementor-element-de78d44 elementor-widget elementor-widget-heading\" data-id=\"de78d44\" data-element_type=\"widget\" data-e-type=\"widget\" data-widget_type=\"heading.default\">\n\t\t\t\t<div class=\"elementor-widget-container\">\n\t\t\t\t\t<h2 class=\"elementor-heading-title elementor-size-large\">Profilklasse Bl\u00e4ser<\/h2>\t\t\t\t<\/div>\n\t\t\t\t<\/div>\n\t\t\t\t\t<\/div>\n\t\t<\/div>\n\t\t\t\t\t<\/div>\n\t\t<\/section>\n\t\t\t\t<section class=\"elementor-section elementor-top-section elementor-element elementor-element-9215942 elementor-section-full_width elementor-section-height-default elementor-section-height-default\" data-id=\"9215942\" data-element_type=\"section\" data-e-type=\"section\">\n\t\t\t\t\t\t<div class=\"elementor-container elementor-column-gap-default\">\n\t\t\t\t\t<div class=\"elementor-column elementor-col-66 elementor-top-column elementor-element elementor-element-bc4bb8e\" data-id=\"bc4bb8e\" data-element_type=\"column\" data-e-type=\"column\">\n\t\t\t<div class=\"elementor-widget-wrap elementor-element-populated\">\n\t\t\t\t\t\t<div class=\"elementor-element elementor-element-809aad3 elementor-widget elementor-widget-text-editor\" data-id=\"809aad3\" data-element_type=\"widget\" data-e-type=\"widget\" data-widget_type=\"text-editor.default\">\n\t\t\t\t<div class=\"elementor-widget-container\">\n\t\t\t\t\t\t\t\t\t<p style=\"text-align: justify;\"><span style=\"font-family: georgia, palatino, serif; font-size: 12pt;\">Bl\u00e4serklassen bieten einen modernen, motivierenden und effektiven Musikunterricht, in dem Sch\u00fcler systematisch ein Instrument lernen. Dabei bilden die Kinder in der Bl\u00e4serklasse von Anfang an ein Orchester. Als Vorbild gilt das symphonische Blasorchester \u2013 entsprechend sind auch die Instrumente vertreten: Querfl\u00f6te, Klarinette, Saxophon, Trompete, Posaune und Euphonium und Tuba. <br \/><\/span><\/p>\t\t\t\t\t\t\t\t<\/div>\n\t\t\t\t<\/div>\n\t\t\t\t<div class=\"elementor-element elementor-element-1c241be elementor-widget elementor-widget-image\" data-id=\"1c241be\" data-element_type=\"widget\" data-e-type=\"widget\" data-widget_type=\"image.default\">\n\t\t\t\t<div class=\"elementor-widget-container\">\n\t\t\t\t\t\t\t\t\t\t\t\t\t\t\t<img fetchpriority=\"high\" decoding=\"async\" width=\"1024\" height=\"737\" src=\"https:\/\/gymnasium-nordenham.de\/wp-content\/uploads\/2020\/12\/Blaeserklasse-1024x737.jpg\" class=\"attachment-large size-large wp-image-3322\" alt=\"\" srcset=\"https:\/\/gymnasium-nordenham.de\/wp-content\/uploads\/2020\/12\/Blaeserklasse-1024x737.jpg 1024w, https:\/\/gymnasium-nordenham.de\/wp-content\/uploads\/2020\/12\/Blaeserklasse-300x216.jpg 300w, https:\/\/gymnasium-nordenham.de\/wp-content\/uploads\/2020\/12\/Blaeserklasse-768x553.jpg 768w, https:\/\/gymnasium-nordenham.de\/wp-content\/uploads\/2020\/12\/Blaeserklasse-1536x1106.jpg 1536w, https:\/\/gymnasium-nordenham.de\/wp-content\/uploads\/2020\/12\/Blaeserklasse-2048x1474.jpg 2048w\" sizes=\"(max-width: 1024px) 100vw, 1024px\" \/>\t\t\t\t\t\t\t\t\t\t\t\t\t\t\t<\/div>\n\t\t\t\t<\/div>\n\t\t\t\t<div class=\"elementor-element elementor-element-2bf8458 elementor-widget elementor-widget-text-editor\" data-id=\"2bf8458\" data-element_type=\"widget\" data-e-type=\"widget\" data-widget_type=\"text-editor.default\">\n\t\t\t\t<div class=\"elementor-widget-container\">\n\t\t\t\t\t\t\t\t\t<p style=\"text-align: justify;\"><span style=\"font-family: georgia, palatino, serif; font-size: 12pt;\"><strong>Warum Bl\u00e4serklasse?<\/strong><\/span><\/p><p style=\"text-align: justify;\"><span style=\"font-family: georgia, palatino, serif; font-size: 12pt;\">Durch eigenes, aktives Musizieren im Orchester werden nicht nur die Lerninhalte des Musikunterrichts verst\u00e4ndlicher und der Sinn des Lernens klarer, sondern es werden auch zahlreiche weitere Kompetenzbereiche geschult:<\/span><\/p><ul style=\"text-align: justify;\"><li><span style=\"font-family: georgia, palatino, serif; font-size: 12pt;\">Wer ein Instrument erlernt und in einem Orchester musiziert, findet Halt und erf\u00e4hrt die positiven Auswirkungen gegenseitiger R\u00fccksichtnahme und Hilfestellung.<\/span><\/li><li><span style=\"font-family: georgia, palatino, serif; font-size: 12pt;\">Die Gemeinschaft in diesen Klassen wird damit besonders gest\u00e4rkt und der Ausbau sozialer Kompetenzen forciert.<\/span><\/li><li><span style=\"font-family: georgia, palatino, serif; font-size: 12pt;\">Das Lernen in einer Bl\u00e4serklasse f\u00fchrt, unter anderem durch gemeinsame Auftritte, zu sozialer Anerkennung auch \u00fcber die Schule hinaus.<\/span><\/li><li><span style=\"font-family: georgia, palatino, serif; font-size: 12pt;\">Die Verantwortung f\u00fcr ein eigenes Orchesterinstrument l\u00e4sst bei den Kindern ein Gef\u00fchl f\u00fcr Werte entstehen und f\u00f6rdert ein gutes, soziales Verhalten in der Gruppe.<\/span><\/li><li><span style=\"font-family: georgia, palatino, serif; font-size: 12pt;\">Das Erlernen eines Instruments tr\u00e4gt zu einer Steigerung der allgemeinen Lern- und Aufnahmef\u00e4higkeit bei und korreliert oftmals auch mit besseren Leistungen in anderen F\u00e4chern, wie Mathematik oder den Fremdsprachen.<\/span><\/li><li><span style=\"font-family: georgia, palatino, serif; font-size: 12pt;\">Die Bl\u00e4serklasse bietet somit einen wichtigen Beitrag f\u00fcr die Entwicklung und Pers\u00f6nlichkeitsbildung der Kinder.<\/span><\/li><\/ul><p style=\"text-align: justify;\"><span style=\"font-family: georgia, palatino, serif; font-size: 12pt;\"><strong>Wie funktioniert die Bl\u00e4serklasse?<\/strong><\/span><\/p><p style=\"text-align: justify;\"><span style=\"font-family: georgia, palatino, serif; font-size: 12pt;\">Die Bl\u00e4serklasse ist ein derzeit zweij\u00e4hriger Musikkurs (Klasse 5\/6, langfristig ist geplant, den Sch\u00fclern auch eine Weiterf\u00fchrung in Klasse 7\/8 zu erm\u00f6glichen), der von Lehrkr\u00e4ften des Gymnasiums und der Musikschule Wesermarsch geleitet wird. Die Kinder haben zu den regul\u00e4ren Unterrichtszeiten eine Stunde Musiktheorie und zwei Stunden Orchester bei einer Musiklehrkraft des Gymnasiums. In Kleingruppen erhalten sie au\u00dferdem am Montag- oder Donnerstagnachmittag (je nach Instrument) eine Stunde Instrumentalunterricht bei einem Lehrer der Musikschule.<\/span><\/p><p style=\"text-align: justify;\"><span style=\"font-family: georgia, palatino, serif; font-size: 12pt;\">Alle Kinder beginnen ohne Vorkenntnisse auf dem gew\u00e4hlten Instrument, eine musikalische Vorbildung ist nicht n\u00f6tig. Nat\u00fcrlich k\u00f6nnen auch Kinder an der Bl\u00e4serklasse teilnehmen, die bereits ein anderes Instrument spielen \u2013 diejenigen Kinder, die dies bislang gemacht haben, haben das Erlernen eines weiteren Instruments durchweg sehr positiv bewertet. Die Wahl des Instruments erfolgt erst nach dem Instrumentenkarussell, in dem die Kinder alle Instrumente ausprobieren k\u00f6nnen. Bislang ist es uns gelungen, einem Gro\u00dfteil der Sch\u00fcler das Spielen ihres Erstwunsch-Instruments zu erm\u00f6glichen.\u00a0\u00a0 \u00a0\u00a0\u00a0\u00a0\u00a0\u00a0\u00a0\u00a0<\/span><\/p><p style=\"text-align: justify;\"><span style=\"font-family: georgia, palatino, serif; font-size: 12pt;\"><strong>Welche Kosten sind zu erwarten?<\/strong><\/span><\/p><p style=\"text-align: justify;\"><span style=\"font-family: georgia, palatino, serif; font-size: 12pt;\">Die <strong>monatlichen Kosten<\/strong> f\u00fcr die Bl\u00e4serklasse belaufen sich derzeit auf <strong>40 Euro<\/strong> (von denen ggf. 15 \u20ac \u00fcber Bildung und Teilhabe beantragt werden k\u00f6nnen). Darin sind der (Musikschul-)Unterricht, Instrumentenmiete, Noten und \u2013 ganz wichtig \u2013 eine Instrumentenversicherung enthalten. Hinzu kommt ein j\u00e4hrliches Pfandgeld von 100\u20ac, das zur\u00fcckgezahlt wird, wenn das Instrument in unversehrtem Zustand und gepflegt am Ende der Bl\u00e4serklassenzeit zur\u00fcckgegeben wird. Das Pfandgeld kann in Raten abbezahlt werden. Im Falle eines fahrl\u00e4ssigen Umgangs mit dem geliehenen Instrument, der zu Sch\u00e4den und Reparaturen f\u00fchrt, sind die Kosten daf\u00fcr durch die Familie zu tragen.<\/span><\/p><p style=\"text-align: justify;\"><span style=\"font-family: georgia, palatino, serif; font-size: 12pt;\"><strong>Noch Fragen?<\/strong><\/span><\/p><p style=\"text-align: justify;\"><span style=\"font-family: georgia, palatino, serif; font-size: 12pt;\">Unsere Fachobfrau Musik, <span style=\"font-size: 14pt;\"><a href=\"mailto:kathrin.torkel@gym-nordenham.de\">Kathrin Torkel<\/a><\/span> hilft Ihnen, ebenso wie die Lehrkr\u00e4fte Annette Grunwald, Elmar Stamm und Sabrina Pargmann, gerne weiter.<\/span><\/p>\t\t\t\t\t\t\t\t<\/div>\n\t\t\t\t<\/div>\n\t\t\t\t<div class=\"elementor-element elementor-element-1863aa7 elementor-widget elementor-widget-text-editor\" data-id=\"1863aa7\" data-element_type=\"widget\" data-e-type=\"widget\" data-widget_type=\"text-editor.default\">\n\t\t\t\t<div class=\"elementor-widget-container\">\n\t\t\t\t\t\t\t\t\t<p><strong><span style=\"font-family: georgia, palatino, serif; font-size: 12pt;\">Pressestimmen<\/span><\/strong><\/p><p><a href=\"https:\/\/www.nwzonline.de\/wesermarsch\/bildung\/nordenham-musik-neue-blaeserklasse-am-nordenhamer-gymnasium_a_50,10,311164725.html\" target=\"_blank\" rel=\"noopener\"><span style=\"font-family: georgia, palatino, serif; font-size: 12pt;\">Neue Bl\u00e4serklasse am Nordenhamer Gymnasium<\/span><\/a><\/p><p><a href=\"https:\/\/www.nwzonline.de\/wesermarsch\/kultur\/rodenkirchen-musik-neue-chance-nach-der-blaeserklasse_a_50,3,2877856609.html\" target=\"_blank\" rel=\"noopener\"><span style=\"font-family: georgia, palatino, serif; font-size: 12pt;\">Neue Chance nach der Bl\u00e4serklasse<\/span><\/a><\/p><p>\u00a0<\/p>\t\t\t\t\t\t\t\t<\/div>\n\t\t\t\t<\/div>\n\t\t\t\t\t<\/div>\n\t\t<\/div>\n\t\t\t\t<div class=\"elementor-column elementor-col-33 elementor-top-column elementor-element elementor-element-c25fcbf\" data-id=\"c25fcbf\" data-element_type=\"column\" data-e-type=\"column\">\n\t\t\t<div class=\"elementor-widget-wrap elementor-element-populated\">\n\t\t\t\t\t\t<div class=\"elementor-element elementor-element-497df0a elementor-invisible elementor-widget elementor-widget-wp-widget-nav_menu\" data-id=\"497df0a\" data-element_type=\"widget\" data-e-type=\"widget\" data-settings=\"{&quot;_animation&quot;:&quot;fadeInUp&quot;}\" data-widget_type=\"wp-widget-nav_menu.default\">\n\t\t\t\t<div class=\"elementor-widget-container\">\n\t\t\t\t\t<div class=\"menu-untermenue-profil-container\"><ul id=\"menu-untermenue-profil\" class=\"menu\"><li id=\"menu-item-4191\" class=\"menu-item menu-item-type-post_type menu-item-object-page menu-item-4191\"><a href=\"https:\/\/gymnasium-nordenham.de\/en\/wir-stellen-uns-vor\">We introduce ourselves<\/a><\/li>\n<li id=\"menu-item-3959\" class=\"menu-item menu-item-type-post_type menu-item-object-page menu-item-3959\"><a href=\"https:\/\/gymnasium-nordenham.de\/en\/leitbild\">Leitbild<\/a><\/li>\n<li id=\"menu-item-4089\" class=\"menu-item menu-item-type-post_type menu-item-object-page menu-item-4089\"><a href=\"https:\/\/gymnasium-nordenham.de\/en\/informationen-sek-i\">Sekundarstufe I<\/a><\/li>\n<li id=\"menu-item-4088\" class=\"menu-item menu-item-type-post_type menu-item-object-page menu-item-4088\"><a href=\"https:\/\/gymnasium-nordenham.de\/en\/informationen-sek-ii\">Sekundarstufe II<\/a><\/li>\n<li id=\"menu-item-4047\" class=\"menu-item menu-item-type-post_type menu-item-object-page menu-item-4047\"><a href=\"https:\/\/gymnasium-nordenham.de\/en\/ganztag-2\">Ganztag<\/a><\/li>\n<li id=\"menu-item-14122\" class=\"menu-item menu-item-type-post_type menu-item-object-page menu-item-14122\"><a href=\"https:\/\/gymnasium-nordenham.de\/en\/europaschule\">Europaschule<\/a><\/li>\n<li id=\"menu-item-4250\" class=\"menu-item menu-item-type-post_type menu-item-object-page menu-item-4250\"><a href=\"https:\/\/gymnasium-nordenham.de\/en\/umweltschule\">Umweltschule<\/a><\/li>\n<li id=\"menu-item-4647\" class=\"menu-item menu-item-type-post_type menu-item-object-page menu-item-4647\"><a href=\"https:\/\/gymnasium-nordenham.de\/en\/erasmus\">Erasmus +<\/a><\/li>\n<li id=\"menu-item-4486\" class=\"menu-item menu-item-type-post_type menu-item-object-page menu-item-4486\"><a href=\"https:\/\/gymnasium-nordenham.de\/en\/schule-ohne-rassismus\">Schule ohne Rassismus<\/a><\/li>\n<li id=\"menu-item-12212\" class=\"menu-item menu-item-type-post_type menu-item-object-page menu-item-12212\"><a href=\"https:\/\/gymnasium-nordenham.de\/en\/berufsorientierung\">Berufsorientierung<\/a><\/li>\n<li id=\"menu-item-4230\" class=\"menu-item menu-item-type-post_type menu-item-object-page menu-item-4230\"><a href=\"https:\/\/gymnasium-nordenham.de\/en\/blaeserklasse-profil\">Bl\u00e4serklasse<\/a><\/li>\n<li id=\"menu-item-12862\" class=\"menu-item menu-item-type-post_type menu-item-object-page menu-item-12862\"><a href=\"https:\/\/gymnasium-nordenham.de\/en\/medienkonzept\">Medienkonzept<\/a><\/li>\n<li id=\"menu-item-6470\" class=\"menu-item menu-item-type-post_type menu-item-object-page menu-item-6470\"><a href=\"https:\/\/gymnasium-nordenham.de\/en\/schulbroschuere-2\">Schulbrosch\u00fcre<\/a><\/li>\n<li id=\"menu-item-3955\" class=\"menu-item menu-item-type-post_type menu-item-object-page menu-item-3955\"><a href=\"https:\/\/gymnasium-nordenham.de\/en\/schulprogramm\">Chronik<\/a><\/li>\n<\/ul><\/div>\t\t\t\t<\/div>\n\t\t\t\t<\/div>\n\t\t\t\t\t<\/div>\n\t\t<\/div>\n\t\t\t\t\t<\/div>\n\t\t<\/section>\n\t\t\t\t<\/div>","protected":false},"excerpt":{"rendered":"<p>Profilklasse Bl\u00e4ser Bl\u00e4serklassen bieten einen modernen, motivierenden und effektiven Musikunterricht, in dem Sch\u00fcler systematisch ein Instrument lernen. Dabei bilden die Kinder in der Bl\u00e4serklasse von Anfang an ein Orchester. Als Vorbild gilt das symphonische Blasorchester \u2013 entsprechend sind auch die &hellip; <a href=\"https:\/\/gymnasium-nordenham.de\/en\/blaeserklasse-profil\">Continue reading <span class=\"meta-nav\">&rarr;<\/span><\/a><\/p>","protected":false},"author":4,"featured_media":0,"parent":0,"menu_order":0,"comment_status":"closed","ping_status":"closed","template":"elementor_header_footer","meta":{"_crdt_document":"","footnotes":""},"class_list":["post-4228","page","type-page","status-publish","hentry"],"yoast_head":"<!-- This site is optimized with the Yoast SEO plugin v27.3 - https:\/\/yoast.com\/product\/yoast-seo-wordpress\/ -->\n<title>Bl\u00e4serklasse Profil - Gymnasium Nordenham<\/title>\n<meta name=\"robots\" content=\"index, follow, max-snippet:-1, max-image-preview:large, max-video-preview:-1\" \/>\n<link rel=\"canonical\" href=\"https:\/\/gymnasium-nordenham.de\/en\/blaeserklasse-profil\/\" \/>\n<meta property=\"og:locale\" content=\"en_GB\" \/>\n<meta property=\"og:type\" content=\"article\" \/>\n<meta property=\"og:title\" content=\"Bl\u00e4serklasse Profil - Gymnasium Nordenham\" \/>\n<meta property=\"og:description\" content=\"Profilklasse Bl\u00e4ser Bl\u00e4serklassen bieten einen modernen, motivierenden und effektiven Musikunterricht, in dem Sch\u00fcler systematisch ein Instrument lernen. Dabei bilden die Kinder in der Bl\u00e4serklasse von Anfang an ein Orchester. Als Vorbild gilt das symphonische Blasorchester \u2013 entsprechend sind auch die &hellip; Continue reading &rarr;\" \/>\n<meta property=\"og:url\" content=\"https:\/\/gymnasium-nordenham.de\/en\/blaeserklasse-profil\/\" \/>\n<meta property=\"og:site_name\" content=\"Gymnasium Nordenham\" \/>\n<meta property=\"article:modified_time\" content=\"2021-01-11T14:43:06+00:00\" \/>\n<meta property=\"og:image\" content=\"https:\/\/gymnasium-nordenham.de\/wp-content\/uploads\/2020\/12\/Blaeserklasse-1024x737.jpg\" \/>\n<meta name=\"twitter:card\" content=\"summary_large_image\" \/>\n<meta name=\"twitter:label1\" content=\"Estimated reading time\" \/>\n\t<meta name=\"twitter:data1\" content=\"3 minutes\" \/>\n<script type=\"application\/ld+json\" class=\"yoast-schema-graph\">{\"@context\":\"https:\\\/\\\/schema.org\",\"@graph\":[{\"@type\":\"WebPage\",\"@id\":\"https:\\\/\\\/gymnasium-nordenham.de\\\/blaeserklasse-profil\",\"url\":\"https:\\\/\\\/gymnasium-nordenham.de\\\/blaeserklasse-profil\",\"name\":\"Bl\u00e4serklasse Profil - Gymnasium Nordenham\",\"isPartOf\":{\"@id\":\"https:\\\/\\\/gymnasium-nordenham.de\\\/#website\"},\"primaryImageOfPage\":{\"@id\":\"https:\\\/\\\/gymnasium-nordenham.de\\\/blaeserklasse-profil#primaryimage\"},\"image\":{\"@id\":\"https:\\\/\\\/gymnasium-nordenham.de\\\/blaeserklasse-profil#primaryimage\"},\"thumbnailUrl\":\"https:\\\/\\\/gymnasium-nordenham.de\\\/wp-content\\\/uploads\\\/2020\\\/12\\\/Blaeserklasse-1024x737.jpg\",\"datePublished\":\"2020-12-29T16:20:33+00:00\",\"dateModified\":\"2021-01-11T14:43:06+00:00\",\"breadcrumb\":{\"@id\":\"https:\\\/\\\/gymnasium-nordenham.de\\\/blaeserklasse-profil#breadcrumb\"},\"inLanguage\":\"en-GB\",\"potentialAction\":[{\"@type\":\"ReadAction\",\"target\":[\"https:\\\/\\\/gymnasium-nordenham.de\\\/blaeserklasse-profil\"]}]},{\"@type\":\"ImageObject\",\"inLanguage\":\"en-GB\",\"@id\":\"https:\\\/\\\/gymnasium-nordenham.de\\\/blaeserklasse-profil#primaryimage\",\"url\":\"https:\\\/\\\/gymnasium-nordenham.de\\\/wp-content\\\/uploads\\\/2020\\\/12\\\/Blaeserklasse-1024x737.jpg\",\"contentUrl\":\"https:\\\/\\\/gymnasium-nordenham.de\\\/wp-content\\\/uploads\\\/2020\\\/12\\\/Blaeserklasse-1024x737.jpg\"},{\"@type\":\"BreadcrumbList\",\"@id\":\"https:\\\/\\\/gymnasium-nordenham.de\\\/blaeserklasse-profil#breadcrumb\",\"itemListElement\":[{\"@type\":\"ListItem\",\"position\":1,\"name\":\"Startseite\",\"item\":\"https:\\\/\\\/gymnasium-nordenham.de\\\/\"},{\"@type\":\"ListItem\",\"position\":2,\"name\":\"Bl\u00e4serklasse Profil\"}]},{\"@type\":\"WebSite\",\"@id\":\"https:\\\/\\\/gymnasium-nordenham.de\\\/#website\",\"url\":\"https:\\\/\\\/gymnasium-nordenham.de\\\/\",\"name\":\"Gymnasium Nordenham\",\"description\":\"Miteinander, voneinander und f\u00fcreinander lernen\",\"potentialAction\":[{\"@type\":\"SearchAction\",\"target\":{\"@type\":\"EntryPoint\",\"urlTemplate\":\"https:\\\/\\\/gymnasium-nordenham.de\\\/?s={search_term_string}\"},\"query-input\":{\"@type\":\"PropertyValueSpecification\",\"valueRequired\":true,\"valueName\":\"search_term_string\"}}],\"inLanguage\":\"en-GB\"}]}<\/script>\n<!-- \/ Yoast SEO plugin. -->","yoast_head_json":{"title":"Bl\u00e4serklasse Profil - Gymnasium Nordenham","robots":{"index":"index","follow":"follow","max-snippet":"max-snippet:-1","max-image-preview":"max-image-preview:large","max-video-preview":"max-video-preview:-1"},"canonical":"https:\/\/gymnasium-nordenham.de\/en\/blaeserklasse-profil\/","og_locale":"en_GB","og_type":"article","og_title":"Bl\u00e4serklasse Profil - Gymnasium Nordenham","og_description":"Profilklasse Bl\u00e4ser Bl\u00e4serklassen bieten einen modernen, motivierenden und effektiven Musikunterricht, in dem Sch\u00fcler systematisch ein Instrument lernen. Dabei bilden die Kinder in der Bl\u00e4serklasse von Anfang an ein Orchester. Als Vorbild gilt das symphonische Blasorchester \u2013 entsprechend sind auch die &hellip; Continue reading &rarr;","og_url":"https:\/\/gymnasium-nordenham.de\/en\/blaeserklasse-profil\/","og_site_name":"Gymnasium Nordenham","article_modified_time":"2021-01-11T14:43:06+00:00","og_image":[{"url":"https:\/\/gymnasium-nordenham.de\/wp-content\/uploads\/2020\/12\/Blaeserklasse-1024x737.jpg","type":"","width":"","height":""}],"twitter_card":"summary_large_image","twitter_misc":{"Estimated reading time":"3 minutes"},"schema":{"@context":"https:\/\/schema.org","@graph":[{"@type":"WebPage","@id":"https:\/\/gymnasium-nordenham.de\/blaeserklasse-profil","url":"https:\/\/gymnasium-nordenham.de\/blaeserklasse-profil","name":"Bl\u00e4serklasse Profil - Gymnasium Nordenham","isPartOf":{"@id":"https:\/\/gymnasium-nordenham.de\/#website"},"primaryImageOfPage":{"@id":"https:\/\/gymnasium-nordenham.de\/blaeserklasse-profil#primaryimage"},"image":{"@id":"https:\/\/gymnasium-nordenham.de\/blaeserklasse-profil#primaryimage"},"thumbnailUrl":"https:\/\/gymnasium-nordenham.de\/wp-content\/uploads\/2020\/12\/Blaeserklasse-1024x737.jpg","datePublished":"2020-12-29T16:20:33+00:00","dateModified":"2021-01-11T14:43:06+00:00","breadcrumb":{"@id":"https:\/\/gymnasium-nordenham.de\/blaeserklasse-profil#breadcrumb"},"inLanguage":"en-GB","potentialAction":[{"@type":"ReadAction","target":["https:\/\/gymnasium-nordenham.de\/blaeserklasse-profil"]}]},{"@type":"ImageObject","inLanguage":"en-GB","@id":"https:\/\/gymnasium-nordenham.de\/blaeserklasse-profil#primaryimage","url":"https:\/\/gymnasium-nordenham.de\/wp-content\/uploads\/2020\/12\/Blaeserklasse-1024x737.jpg","contentUrl":"https:\/\/gymnasium-nordenham.de\/wp-content\/uploads\/2020\/12\/Blaeserklasse-1024x737.jpg"},{"@type":"BreadcrumbList","@id":"https:\/\/gymnasium-nordenham.de\/blaeserklasse-profil#breadcrumb","itemListElement":[{"@type":"ListItem","position":1,"name":"Startseite","item":"https:\/\/gymnasium-nordenham.de\/"},{"@type":"ListItem","position":2,"name":"Bl\u00e4serklasse Profil"}]},{"@type":"WebSite","@id":"https:\/\/gymnasium-nordenham.de\/#website","url":"https:\/\/gymnasium-nordenham.de\/","name":"Gymnasium Nordenham","description":"Miteinander, voneinander und f\u00fcreinander lernen","potentialAction":[{"@type":"SearchAction","target":{"@type":"EntryPoint","urlTemplate":"https:\/\/gymnasium-nordenham.de\/?s={search_term_string}"},"query-input":{"@type":"PropertyValueSpecification","valueRequired":true,"valueName":"search_term_string"}}],"inLanguage":"en-GB"}]}},"_links":{"self":[{"href":"https:\/\/gymnasium-nordenham.de\/en\/wp-json\/wp\/v2\/pages\/4228","targetHints":{"allow":["GET"]}}],"collection":[{"href":"https:\/\/gymnasium-nordenham.de\/en\/wp-json\/wp\/v2\/pages"}],"about":[{"href":"https:\/\/gymnasium-nordenham.de\/en\/wp-json\/wp\/v2\/types\/page"}],"author":[{"embeddable":true,"href":"https:\/\/gymnasium-nordenham.de\/en\/wp-json\/wp\/v2\/users\/4"}],"replies":[{"embeddable":true,"href":"https:\/\/gymnasium-nordenham.de\/en\/wp-json\/wp\/v2\/comments?post=4228"}],"version-history":[{"count":0,"href":"https:\/\/gymnasium-nordenham.de\/en\/wp-json\/wp\/v2\/pages\/4228\/revisions"}],"wp:attachment":[{"href":"https:\/\/gymnasium-nordenham.de\/en\/wp-json\/wp\/v2\/media?parent=4228"}],"curies":[{"name":"wp","href":"https:\/\/api.w.org\/{rel}","templated":true}]}}