{"id":4042,"date":"2020-12-29T11:05:29","date_gmt":"2020-12-29T10:05:29","guid":{"rendered":"https:\/\/gymnasiumnordenhamtest.live-website.com\/?page_id=4042"},"modified":"2024-11-14T15:10:51","modified_gmt":"2024-11-14T14:10:51","slug":"ganztag-2","status":"publish","type":"page","link":"https:\/\/gymnasium-nordenham.de\/en\/ganztag-2","title":{"rendered":"Ganztag"},"content":{"rendered":"<div data-elementor-type=\"wp-page\" data-elementor-id=\"4042\" class=\"elementor elementor-4042\" data-elementor-post-type=\"page\">\n\t\t\t\t\t\t<section class=\"elementor-section elementor-top-section elementor-element elementor-element-5257c4b elementor-section-full_width elementor-section-height-default elementor-section-height-default\" data-id=\"5257c4b\" data-element_type=\"section\" data-e-type=\"section\">\n\t\t\t\t\t\t<div class=\"elementor-container elementor-column-gap-default\">\n\t\t\t\t\t<div class=\"elementor-column elementor-col-100 elementor-top-column elementor-element elementor-element-929ce8f\" data-id=\"929ce8f\" data-element_type=\"column\" data-e-type=\"column\" data-settings=\"{&quot;background_background&quot;:&quot;classic&quot;}\">\n\t\t\t<div class=\"elementor-widget-wrap elementor-element-populated\">\n\t\t\t\t\t\t<div class=\"elementor-element elementor-element-de78d44 elementor-widget elementor-widget-heading\" data-id=\"de78d44\" data-element_type=\"widget\" data-e-type=\"widget\" data-widget_type=\"heading.default\">\n\t\t\t\t<div class=\"elementor-widget-container\">\n\t\t\t\t\t<h2 class=\"elementor-heading-title elementor-size-large\">Ganztag<\/h2>\t\t\t\t<\/div>\n\t\t\t\t<\/div>\n\t\t\t\t\t<\/div>\n\t\t<\/div>\n\t\t\t\t\t<\/div>\n\t\t<\/section>\n\t\t\t\t<section class=\"elementor-section elementor-top-section elementor-element elementor-element-9215942 elementor-section-full_width elementor-section-height-default elementor-section-height-default\" data-id=\"9215942\" data-element_type=\"section\" data-e-type=\"section\">\n\t\t\t\t\t\t<div class=\"elementor-container elementor-column-gap-default\">\n\t\t\t\t\t<div class=\"elementor-column elementor-col-66 elementor-top-column elementor-element elementor-element-bc4bb8e\" data-id=\"bc4bb8e\" data-element_type=\"column\" data-e-type=\"column\">\n\t\t\t<div class=\"elementor-widget-wrap elementor-element-populated\">\n\t\t\t\t\t\t<div class=\"elementor-element elementor-element-1c09aad elementor-widget elementor-widget-text-editor\" data-id=\"1c09aad\" data-element_type=\"widget\" data-e-type=\"widget\" data-widget_type=\"text-editor.default\">\n\t\t\t\t<div class=\"elementor-widget-container\">\n\t\t\t\t\t\t\t\t\t<p style=\"text-align: justify;\"><span style=\"font-size: 12pt; font-family: georgia, palatino, serif;\">Seit 2020 ist unsere Schule <strong>offene Ganztagsschule<\/strong>. Dies bedeutet, dass im Nachmittagsbereich freiwillige Angebote f\u00fcr die Kinder und Jugendlichen zur Verf\u00fcgung stehen und unsere Schule auch ein warmes Mittagessen anbietet (dienstags bis donnerstags).<\/span><\/p>\t\t\t\t\t\t\t\t<\/div>\n\t\t\t\t<\/div>\n\t\t\t\t<section class=\"elementor-section elementor-inner-section elementor-element elementor-element-2c092ca elementor-section-full_width elementor-section-height-default elementor-section-height-default\" data-id=\"2c092ca\" data-element_type=\"section\" data-e-type=\"section\">\n\t\t\t\t\t\t<div class=\"elementor-container elementor-column-gap-default\">\n\t\t\t\t\t<div class=\"elementor-column elementor-col-50 elementor-inner-column elementor-element elementor-element-cebe9de\" data-id=\"cebe9de\" data-element_type=\"column\" data-e-type=\"column\">\n\t\t\t<div class=\"elementor-widget-wrap elementor-element-populated\">\n\t\t\t\t\t\t<div class=\"elementor-element elementor-element-54c70c5 elementor-widget elementor-widget-text-editor\" data-id=\"54c70c5\" data-element_type=\"widget\" data-e-type=\"widget\" data-widget_type=\"text-editor.default\">\n\t\t\t\t<div class=\"elementor-widget-container\">\n\t\t\t\t\t\t\t\t\t<p style=\"text-align: justify;\"><span style=\"font-size: 12pt; font-family: georgia, palatino, serif;\">An unserer Schule gibt es eine <strong>gro\u00dfe Auswahl an Nachmittagsangeboten<\/strong>:<\/span><\/p><p style=\"text-align: justify;\"><span style=\"font-size: 12pt; font-family: georgia, palatino, serif;\">&#8211; Arbeitsgemeinschaften (AGs),<\/span><\/p><p style=\"text-align: justify;\"><span style=\"font-size: 12pt; font-family: georgia, palatino, serif;\">&#8211; Hausaufgabenbetreuung,<\/span><\/p><p style=\"text-align: justify;\"><span style=\"font-size: 12pt; font-family: georgia, palatino, serif;\">&#8211; F\u00f6rderunterricht f\u00fcr alle Hauptf\u00e4cher,<\/span><\/p><p style=\"text-align: justify;\"><span style=\"font-size: 12pt; font-family: georgia, palatino, serif;\">&#8211; Begabungsf\u00f6rderangebote,<\/span><\/p><p style=\"text-align: justify;\"><span style=\"font-size: 12pt; font-family: georgia, palatino, serif;\">&#8211; Bl\u00e4serklassen- und Instrumentalunterricht.<\/span><\/p><p style=\"text-align: justify;\"><span style=\"font-size: 12pt; font-family: georgia, palatino, serif;\">Unser Ganztag endet immer um 15: 15 Uhr.<\/span><\/p>\t\t\t\t\t\t\t\t<\/div>\n\t\t\t\t<\/div>\n\t\t\t\t<div class=\"elementor-element elementor-element-4ba7010 elementor-widget elementor-widget-image\" data-id=\"4ba7010\" data-element_type=\"widget\" data-e-type=\"widget\" data-widget_type=\"image.default\">\n\t\t\t\t<div class=\"elementor-widget-container\">\n\t\t\t\t\t\t\t\t\t\t\t\t\t\t\t<img decoding=\"async\" src=\"https:\/\/gymnasium-nordenham.de\/wp-content\/uploads\/elementor\/thumbs\/IMG_20241112_134612-scaled-qx1rjgt0xaadqv3bgzmb792eommrdjjra09fr6sjhc.jpg\" title=\"IMG_20241112_134612\" alt=\"IMG_20241112_134612\" loading=\"lazy\" \/>\t\t\t\t\t\t\t\t\t\t\t\t\t\t\t<\/div>\n\t\t\t\t<\/div>\n\t\t\t\t\t<\/div>\n\t\t<\/div>\n\t\t\t\t<div class=\"elementor-column elementor-col-50 elementor-inner-column elementor-element elementor-element-0f0d6a7\" data-id=\"0f0d6a7\" data-element_type=\"column\" data-e-type=\"column\">\n\t\t\t<div class=\"elementor-widget-wrap elementor-element-populated\">\n\t\t\t\t\t\t<div class=\"elementor-element elementor-element-5978226 elementor-widget elementor-widget-image\" data-id=\"5978226\" data-element_type=\"widget\" data-e-type=\"widget\" data-widget_type=\"image.default\">\n\t\t\t\t<div class=\"elementor-widget-container\">\n\t\t\t\t\t\t\t\t\t\t\t\t\t\t\t<img decoding=\"async\" src=\"https:\/\/gymnasium-nordenham.de\/wp-content\/uploads\/elementor\/thumbs\/Bild2-quoelb1r0a40d7w9bssj65x24ycmjjb4vpdk7ejtl0.jpg\" title=\"Bild2\" alt=\"Bild2\" loading=\"lazy\" \/>\t\t\t\t\t\t\t\t\t\t\t\t\t\t\t<\/div>\n\t\t\t\t<\/div>\n\t\t\t\t<div class=\"elementor-element elementor-element-7862c60 elementor-widget elementor-widget-text-editor\" data-id=\"7862c60\" data-element_type=\"widget\" data-e-type=\"widget\" data-widget_type=\"text-editor.default\">\n\t\t\t\t<div class=\"elementor-widget-container\">\n\t\t\t\t\t\t\t\t\t<p style=\"text-align: justify;\"><span style=\"font-size: 12pt; font-family: georgia, palatino, serif;\">In unserer <strong>Hausaufgabenbetreuung<\/strong> (dienstags, mittwochs und donnerstags) wird zun\u00e4chst gemeinsam mit unserer p\u00e4dagogischen Mitarbeiterin Frau Bauer zu Mittag gegessen, danach werden die Hausaufgaben angefertigt. Hier wird auch ge\u00fcbt, gelernt und gespielt. Aktuell gibt es mittwochs und donnerstags sogar zwei parallele Gruppen, in denen auch Lehrkr\u00e4fte t\u00e4tig sind.\u00a0<\/span><span style=\"color: var( --e-global-color-text ); font-weight: var( --e-global-typography-text-font-weight ); letter-spacing: var( --e-global-typography-text-letter-spacing ); font-family: georgia, palatino, serif; font-size: 16px; background-color: #f7f9ef;\">Unsere Schule bietet dienstags, mittwochs und donnerstags ein\u00a0<\/span><strong style=\"color: var( --e-global-color-text ); letter-spacing: var( --e-global-typography-text-letter-spacing ); background-color: #f7f9ef; font-family: georgia, palatino, serif; font-size: 16px;\">warmes Mittagessen<\/strong><span style=\"color: var( --e-global-color-text ); font-weight: var( --e-global-typography-text-font-weight ); letter-spacing: var( --e-global-typography-text-letter-spacing ); font-family: georgia, palatino, serif; font-size: 16px; background-color: #f7f9ef;\">\u00a0in unserer eigenen Mensa an. Hier kann, wer m\u00f6chte, ab 13:10 Uhr essen. Die Sch\u00fclerinnen und Sch\u00fcler, die daran teilnehmen m\u00f6chten, oder ihre Eltern, wenden sich bitte an unsere Sekret\u00e4rin Frau Angelika Ubben. Sie ist hierf\u00fcr zust\u00e4ndig und in ihrem B\u00fcro im Verwaltungstrakt erreichbar (<\/span><a style=\"font-weight: var( --e-global-typography-text-font-weight ); letter-spacing: var( --e-global-typography-text-letter-spacing ); background-color: #f7f9ef;\" href=\"mailto:angelika.ubben@gym-nordenham.de\">angelika.ubben@gym-nordenham.de<\/a><span style=\"color: var( --e-global-color-text ); font-weight: var( --e-global-typography-text-font-weight ); letter-spacing: var( --e-global-typography-text-letter-spacing ); font-family: georgia, palatino, serif; font-size: 16px; background-color: #f7f9ef;\">, Tel.: 04731 9395-26). Nach der Anmeldung erh\u00e4lt man dann eine Mensa-Karte und einen Account bei Sams-On, \u00fcber den das Essen bestellt werden kann.<\/span><\/p>\t\t\t\t\t\t\t\t<\/div>\n\t\t\t\t<\/div>\n\t\t\t\t\t<\/div>\n\t\t<\/div>\n\t\t\t\t\t<\/div>\n\t\t<\/section>\n\t\t\t\t<div class=\"elementor-element elementor-element-de6a0fb elementor-widget elementor-widget-text-editor\" data-id=\"de6a0fb\" data-element_type=\"widget\" data-e-type=\"widget\" data-widget_type=\"text-editor.default\">\n\t\t\t\t<div class=\"elementor-widget-container\">\n\t\t\t\t\t\t\t\t\t<p style=\"text-align: justify;\"><span style=\"font-family: georgia, palatino, serif; font-size: 12pt;\">Unsere Schule bietet dienstags, mittwochs und donnerstags ein <strong>warmes Mittagessen<\/strong> in unserer eigenen Mensa an. Hier kann, wer m\u00f6chte, ab 13:10 Uhr essen. Die Sch\u00fclerinnen und Sch\u00fcler, die daran teilnehmen m\u00f6chten, oder ihre Eltern, wenden sich bitte an unsere Sekret\u00e4rin Frau Angelika Ubben. Sie ist hierf\u00fcr zust\u00e4ndig und in ihrem B\u00fcro im Verwaltungstrakt erreichbar (<a href=\"mailto:angelika.ubben@gym-nordenham.de\">angelika.ubben@gym-nordenham.de<\/a>, Tel.: 04731 9395-26). Nach der Anmeldung erh\u00e4lt man dann eine Mensa-Karte und einen Account bei Sams-On, \u00fcber den das Essen bestellt werden kann.<\/span><\/p>\t\t\t\t\t\t\t\t<\/div>\n\t\t\t\t<\/div>\n\t\t\t\t<div class=\"elementor-element elementor-element-e3ff58a elementor-widget elementor-widget-text-editor\" data-id=\"e3ff58a\" data-element_type=\"widget\" data-e-type=\"widget\" data-widget_type=\"text-editor.default\">\n\t\t\t\t<div class=\"elementor-widget-container\">\n\t\t\t\t\t\t\t\t\t<p style=\"text-align: justify;\"><span style=\"font-family: georgia, palatino, serif; font-size: 12pt;\">Die Anmeldung zu unseren vielf\u00e4ltigen <strong>AG-Angeboten<\/strong> findet immer zu Anfang oder Ende des Schulhalbjahres f\u00fcr das folgende Schulhalbjahr statt. Die Teilnahme ist f\u00fcr diesen Zeitraum verbindlich.<\/span><\/p><p style=\"text-align: justify;\"><span style=\"font-family: georgia, palatino, serif; font-size: 12pt;\">Um die Anmeldungen zum <strong>F\u00f6rderunterricht in den Hauptf\u00e4chern Deutsch, Englisch, Mathematik, Spanisch, Franz\u00f6sisch und Latein<\/strong> stehen die Fachlehrkr\u00e4fte dieser F\u00e4cher zur Verf\u00fcgung; die Klassenleitung unterst\u00fctzen beim Anmeldeprozess.<\/span><\/p><p style=\"text-align: justify;\"><span style=\"font-family: georgia, palatino, serif; font-size: 12pt;\">F\u00fcr R\u00fcckfragen zu unserem Ganztag steht Frau Vera Eckermann gern zur Verf\u00fcgung.<\/span><\/p><p style=\"text-align: justify;\"><span style=\"font-family: georgia, palatino, serif; font-size: 12pt;\"><a href=\"mailto:vera.eckermann@gym-nordenham.de\">vera.eckermann@gym-nordenham.de<\/a><\/span><\/p><p style=\"text-align: justify;\"><span style=\"font-family: georgia, palatino, serif; font-size: 12pt;\">Tel.: 04731 9395-24<\/span><\/p>\t\t\t\t\t\t\t\t<\/div>\n\t\t\t\t<\/div>\n\t\t\t\t<div class=\"elementor-element elementor-element-4fa6d41 elementor-widget elementor-widget-spacer\" data-id=\"4fa6d41\" data-element_type=\"widget\" data-e-type=\"widget\" data-widget_type=\"spacer.default\">\n\t\t\t\t<div class=\"elementor-widget-container\">\n\t\t\t\t\t\t\t<div class=\"elementor-spacer\">\n\t\t\t<div class=\"elementor-spacer-inner\"><\/div>\n\t\t<\/div>\n\t\t\t\t\t\t<\/div>\n\t\t\t\t<\/div>\n\t\t\t\t<div class=\"elementor-element elementor-element-c453d0a elementor-widget elementor-widget-spacer\" data-id=\"c453d0a\" data-element_type=\"widget\" data-e-type=\"widget\" data-widget_type=\"spacer.default\">\n\t\t\t\t<div class=\"elementor-widget-container\">\n\t\t\t\t\t\t\t<div class=\"elementor-spacer\">\n\t\t\t<div class=\"elementor-spacer-inner\"><\/div>\n\t\t<\/div>\n\t\t\t\t\t\t<\/div>\n\t\t\t\t<\/div>\n\t\t\t\t\t<\/div>\n\t\t<\/div>\n\t\t\t\t<div class=\"elementor-column elementor-col-33 elementor-top-column elementor-element elementor-element-c25fcbf\" data-id=\"c25fcbf\" data-element_type=\"column\" data-e-type=\"column\">\n\t\t\t<div class=\"elementor-widget-wrap elementor-element-populated\">\n\t\t\t\t\t\t<div class=\"elementor-element elementor-element-497df0a elementor-invisible elementor-widget elementor-widget-wp-widget-nav_menu\" data-id=\"497df0a\" data-element_type=\"widget\" data-e-type=\"widget\" data-settings=\"{&quot;_animation&quot;:&quot;fadeInUp&quot;}\" data-widget_type=\"wp-widget-nav_menu.default\">\n\t\t\t\t<div class=\"elementor-widget-container\">\n\t\t\t\t\t<div class=\"menu-untermenue-profil-container\"><ul id=\"menu-untermenue-profil\" class=\"menu\"><li id=\"menu-item-4191\" class=\"menu-item menu-item-type-post_type menu-item-object-page menu-item-4191\"><a href=\"https:\/\/gymnasium-nordenham.de\/en\/wir-stellen-uns-vor\">We introduce ourselves<\/a><\/li>\n<li id=\"menu-item-3959\" class=\"menu-item menu-item-type-post_type menu-item-object-page menu-item-3959\"><a href=\"https:\/\/gymnasium-nordenham.de\/en\/leitbild\">Leitbild<\/a><\/li>\n<li id=\"menu-item-4089\" class=\"menu-item menu-item-type-post_type menu-item-object-page menu-item-4089\"><a href=\"https:\/\/gymnasium-nordenham.de\/en\/informationen-sek-i\">Sekundarstufe I<\/a><\/li>\n<li id=\"menu-item-4088\" class=\"menu-item menu-item-type-post_type menu-item-object-page menu-item-4088\"><a href=\"https:\/\/gymnasium-nordenham.de\/en\/informationen-sek-ii\">Sekundarstufe II<\/a><\/li>\n<li id=\"menu-item-4047\" class=\"menu-item menu-item-type-post_type menu-item-object-page menu-item-4047\"><a href=\"https:\/\/gymnasium-nordenham.de\/en\/ganztag-2\">Ganztag<\/a><\/li>\n<li id=\"menu-item-14122\" class=\"menu-item menu-item-type-post_type menu-item-object-page menu-item-14122\"><a href=\"https:\/\/gymnasium-nordenham.de\/en\/europaschule\">Europaschule<\/a><\/li>\n<li id=\"menu-item-4250\" class=\"menu-item menu-item-type-post_type menu-item-object-page menu-item-4250\"><a href=\"https:\/\/gymnasium-nordenham.de\/en\/umweltschule\">Umweltschule<\/a><\/li>\n<li id=\"menu-item-4647\" class=\"menu-item menu-item-type-post_type menu-item-object-page menu-item-4647\"><a href=\"https:\/\/gymnasium-nordenham.de\/en\/erasmus\">Erasmus +<\/a><\/li>\n<li id=\"menu-item-4486\" class=\"menu-item menu-item-type-post_type menu-item-object-page menu-item-4486\"><a href=\"https:\/\/gymnasium-nordenham.de\/en\/schule-ohne-rassismus\">Schule ohne Rassismus<\/a><\/li>\n<li id=\"menu-item-12212\" class=\"menu-item menu-item-type-post_type menu-item-object-page menu-item-12212\"><a href=\"https:\/\/gymnasium-nordenham.de\/en\/berufsorientierung\">Berufsorientierung<\/a><\/li>\n<li id=\"menu-item-4230\" class=\"menu-item menu-item-type-post_type menu-item-object-page menu-item-4230\"><a href=\"https:\/\/gymnasium-nordenham.de\/en\/blaeserklasse-profil\">Bl\u00e4serklasse<\/a><\/li>\n<li id=\"menu-item-12862\" class=\"menu-item menu-item-type-post_type menu-item-object-page menu-item-12862\"><a href=\"https:\/\/gymnasium-nordenham.de\/en\/medienkonzept\">Medienkonzept<\/a><\/li>\n<li id=\"menu-item-6470\" class=\"menu-item menu-item-type-post_type menu-item-object-page menu-item-6470\"><a href=\"https:\/\/gymnasium-nordenham.de\/en\/schulbroschuere-2\">Schulbrosch\u00fcre<\/a><\/li>\n<li id=\"menu-item-3955\" class=\"menu-item menu-item-type-post_type menu-item-object-page menu-item-3955\"><a href=\"https:\/\/gymnasium-nordenham.de\/en\/schulprogramm\">Chronik<\/a><\/li>\n<\/ul><\/div>\t\t\t\t<\/div>\n\t\t\t\t<\/div>\n\t\t\t\t<section class=\"elementor-section elementor-inner-section elementor-element elementor-element-b9830ac elementor-section-full_width elementor-section-height-default elementor-section-height-default\" data-id=\"b9830ac\" data-element_type=\"section\" data-e-type=\"section\">\n\t\t\t\t\t\t<div class=\"elementor-container elementor-column-gap-default\">\n\t\t\t\t\t<div class=\"elementor-column elementor-col-33 elementor-inner-column elementor-element elementor-element-003a1b2\" data-id=\"003a1b2\" data-element_type=\"column\" data-e-type=\"column\">\n\t\t\t<div class=\"elementor-widget-wrap elementor-element-populated\">\n\t\t\t\t\t\t<div class=\"elementor-element elementor-element-2be8029 elementor-widget elementor-widget-spacer\" data-id=\"2be8029\" data-element_type=\"widget\" data-e-type=\"widget\" data-widget_type=\"spacer.default\">\n\t\t\t\t<div class=\"elementor-widget-container\">\n\t\t\t\t\t\t\t<div class=\"elementor-spacer\">\n\t\t\t<div class=\"elementor-spacer-inner\"><\/div>\n\t\t<\/div>\n\t\t\t\t\t\t<\/div>\n\t\t\t\t<\/div>\n\t\t\t\t\t<\/div>\n\t\t<\/div>\n\t\t\t\t<div class=\"elementor-column elementor-col-66 elementor-inner-column elementor-element elementor-element-e3d97fb\" data-id=\"e3d97fb\" data-element_type=\"column\" data-e-type=\"column\">\n\t\t\t<div class=\"elementor-widget-wrap\">\n\t\t\t\t\t\t\t<\/div>\n\t\t<\/div>\n\t\t\t\t\t<\/div>\n\t\t<\/section>\n\t\t\t\t\t<\/div>\n\t\t<\/div>\n\t\t\t\t\t<\/div>\n\t\t<\/section>\n\t\t\t\t<section class=\"elementor-section elementor-top-section elementor-element elementor-element-27f0fa6 elementor-section-boxed elementor-section-height-default elementor-section-height-default\" data-id=\"27f0fa6\" data-element_type=\"section\" data-e-type=\"section\">\n\t\t\t\t\t\t<div class=\"elementor-container elementor-column-gap-default\">\n\t\t\t\t\t<div class=\"elementor-column elementor-col-100 elementor-top-column elementor-element elementor-element-5fa900a\" data-id=\"5fa900a\" data-element_type=\"column\" data-e-type=\"column\">\n\t\t\t<div class=\"elementor-widget-wrap\">\n\t\t\t\t\t\t\t<\/div>\n\t\t<\/div>\n\t\t\t\t\t<\/div>\n\t\t<\/section>\n\t\t\t\t<\/div>","protected":false},"excerpt":{"rendered":"<p>Ganztag Seit 2020 ist unsere Schule offene Ganztagsschule. Dies bedeutet, dass im Nachmittagsbereich freiwillige Angebote f\u00fcr die Kinder und Jugendlichen zur Verf\u00fcgung stehen und unsere Schule auch ein warmes Mittagessen anbietet (dienstags bis donnerstags). An unserer Schule gibt es eine &hellip; <a href=\"https:\/\/gymnasium-nordenham.de\/en\/ganztag-2\">Continue reading <span class=\"meta-nav\">&rarr;<\/span><\/a><\/p>","protected":false},"author":4,"featured_media":0,"parent":0,"menu_order":0,"comment_status":"closed","ping_status":"closed","template":"elementor_header_footer","meta":{"_crdt_document":"","footnotes":""},"class_list":["post-4042","page","type-page","status-publish","hentry"],"yoast_head":"<!-- This site is optimized with the Yoast SEO plugin v27.3 - https:\/\/yoast.com\/product\/yoast-seo-wordpress\/ -->\n<title>Ganztag - Gymnasium Nordenham<\/title>\n<meta name=\"robots\" content=\"index, follow, max-snippet:-1, max-image-preview:large, max-video-preview:-1\" \/>\n<link rel=\"canonical\" href=\"https:\/\/gymnasium-nordenham.de\/en\/ganztag-2\/\" \/>\n<meta property=\"og:locale\" content=\"en_GB\" \/>\n<meta property=\"og:type\" content=\"article\" \/>\n<meta property=\"og:title\" content=\"Ganztag - Gymnasium Nordenham\" \/>\n<meta property=\"og:description\" content=\"Ganztag Seit 2020 ist unsere Schule offene Ganztagsschule. Dies bedeutet, dass im Nachmittagsbereich freiwillige Angebote f\u00fcr die Kinder und Jugendlichen zur Verf\u00fcgung stehen und unsere Schule auch ein warmes Mittagessen anbietet (dienstags bis donnerstags). An unserer Schule gibt es eine &hellip; Continue reading &rarr;\" \/>\n<meta property=\"og:url\" content=\"https:\/\/gymnasium-nordenham.de\/en\/ganztag-2\/\" \/>\n<meta property=\"og:site_name\" content=\"Gymnasium Nordenham\" \/>\n<meta property=\"article:modified_time\" content=\"2024-11-14T14:10:51+00:00\" \/>\n<meta property=\"og:image\" content=\"https:\/\/gymnasium-nordenham.de\/wp-content\/uploads\/elementor\/thumbs\/IMG_20241112_134612-scaled-qx1rjgt0xaadqv3bgzmb792eommrdjjra09fr6sjhc.jpg\" \/>\n<meta name=\"twitter:card\" content=\"summary_large_image\" \/>\n<meta name=\"twitter:label1\" content=\"Estimated reading time\" \/>\n\t<meta name=\"twitter:data1\" content=\"3 minutes\" \/>\n<script type=\"application\/ld+json\" class=\"yoast-schema-graph\">{\"@context\":\"https:\\\/\\\/schema.org\",\"@graph\":[{\"@type\":\"WebPage\",\"@id\":\"https:\\\/\\\/gymnasium-nordenham.de\\\/ganztag-2\",\"url\":\"https:\\\/\\\/gymnasium-nordenham.de\\\/ganztag-2\",\"name\":\"Ganztag - Gymnasium Nordenham\",\"isPartOf\":{\"@id\":\"https:\\\/\\\/gymnasium-nordenham.de\\\/#website\"},\"primaryImageOfPage\":{\"@id\":\"https:\\\/\\\/gymnasium-nordenham.de\\\/ganztag-2#primaryimage\"},\"image\":{\"@id\":\"https:\\\/\\\/gymnasium-nordenham.de\\\/ganztag-2#primaryimage\"},\"thumbnailUrl\":\"https:\\\/\\\/gymnasium-nordenham.de\\\/wp-content\\\/uploads\\\/elementor\\\/thumbs\\\/IMG_20241112_134612-scaled-qx1rjgt0xaadqv3bgzmb792eommrdjjra09fr6sjhc.jpg\",\"datePublished\":\"2020-12-29T10:05:29+00:00\",\"dateModified\":\"2024-11-14T14:10:51+00:00\",\"breadcrumb\":{\"@id\":\"https:\\\/\\\/gymnasium-nordenham.de\\\/ganztag-2#breadcrumb\"},\"inLanguage\":\"en-GB\",\"potentialAction\":[{\"@type\":\"ReadAction\",\"target\":[\"https:\\\/\\\/gymnasium-nordenham.de\\\/ganztag-2\"]}]},{\"@type\":\"ImageObject\",\"inLanguage\":\"en-GB\",\"@id\":\"https:\\\/\\\/gymnasium-nordenham.de\\\/ganztag-2#primaryimage\",\"url\":\"https:\\\/\\\/gymnasium-nordenham.de\\\/wp-content\\\/uploads\\\/elementor\\\/thumbs\\\/IMG_20241112_134612-scaled-qx1rjgt0xaadqv3bgzmb792eommrdjjra09fr6sjhc.jpg\",\"contentUrl\":\"https:\\\/\\\/gymnasium-nordenham.de\\\/wp-content\\\/uploads\\\/elementor\\\/thumbs\\\/IMG_20241112_134612-scaled-qx1rjgt0xaadqv3bgzmb792eommrdjjra09fr6sjhc.jpg\"},{\"@type\":\"BreadcrumbList\",\"@id\":\"https:\\\/\\\/gymnasium-nordenham.de\\\/ganztag-2#breadcrumb\",\"itemListElement\":[{\"@type\":\"ListItem\",\"position\":1,\"name\":\"Startseite\",\"item\":\"https:\\\/\\\/gymnasium-nordenham.de\\\/\"},{\"@type\":\"ListItem\",\"position\":2,\"name\":\"Ganztag\"}]},{\"@type\":\"WebSite\",\"@id\":\"https:\\\/\\\/gymnasium-nordenham.de\\\/#website\",\"url\":\"https:\\\/\\\/gymnasium-nordenham.de\\\/\",\"name\":\"Gymnasium Nordenham\",\"description\":\"Miteinander, voneinander und f\u00fcreinander lernen\",\"potentialAction\":[{\"@type\":\"SearchAction\",\"target\":{\"@type\":\"EntryPoint\",\"urlTemplate\":\"https:\\\/\\\/gymnasium-nordenham.de\\\/?s={search_term_string}\"},\"query-input\":{\"@type\":\"PropertyValueSpecification\",\"valueRequired\":true,\"valueName\":\"search_term_string\"}}],\"inLanguage\":\"en-GB\"}]}<\/script>\n<!-- \/ Yoast SEO plugin. -->","yoast_head_json":{"title":"Ganztag - Gymnasium Nordenham","robots":{"index":"index","follow":"follow","max-snippet":"max-snippet:-1","max-image-preview":"max-image-preview:large","max-video-preview":"max-video-preview:-1"},"canonical":"https:\/\/gymnasium-nordenham.de\/en\/ganztag-2\/","og_locale":"en_GB","og_type":"article","og_title":"Ganztag - Gymnasium Nordenham","og_description":"Ganztag Seit 2020 ist unsere Schule offene Ganztagsschule. Dies bedeutet, dass im Nachmittagsbereich freiwillige Angebote f\u00fcr die Kinder und Jugendlichen zur Verf\u00fcgung stehen und unsere Schule auch ein warmes Mittagessen anbietet (dienstags bis donnerstags). An unserer Schule gibt es eine &hellip; Continue reading &rarr;","og_url":"https:\/\/gymnasium-nordenham.de\/en\/ganztag-2\/","og_site_name":"Gymnasium Nordenham","article_modified_time":"2024-11-14T14:10:51+00:00","og_image":[{"url":"https:\/\/gymnasium-nordenham.de\/wp-content\/uploads\/elementor\/thumbs\/IMG_20241112_134612-scaled-qx1rjgt0xaadqv3bgzmb792eommrdjjra09fr6sjhc.jpg","type":"","width":"","height":""}],"twitter_card":"summary_large_image","twitter_misc":{"Estimated reading time":"3 minutes"},"schema":{"@context":"https:\/\/schema.org","@graph":[{"@type":"WebPage","@id":"https:\/\/gymnasium-nordenham.de\/ganztag-2","url":"https:\/\/gymnasium-nordenham.de\/ganztag-2","name":"Ganztag - Gymnasium Nordenham","isPartOf":{"@id":"https:\/\/gymnasium-nordenham.de\/#website"},"primaryImageOfPage":{"@id":"https:\/\/gymnasium-nordenham.de\/ganztag-2#primaryimage"},"image":{"@id":"https:\/\/gymnasium-nordenham.de\/ganztag-2#primaryimage"},"thumbnailUrl":"https:\/\/gymnasium-nordenham.de\/wp-content\/uploads\/elementor\/thumbs\/IMG_20241112_134612-scaled-qx1rjgt0xaadqv3bgzmb792eommrdjjra09fr6sjhc.jpg","datePublished":"2020-12-29T10:05:29+00:00","dateModified":"2024-11-14T14:10:51+00:00","breadcrumb":{"@id":"https:\/\/gymnasium-nordenham.de\/ganztag-2#breadcrumb"},"inLanguage":"en-GB","potentialAction":[{"@type":"ReadAction","target":["https:\/\/gymnasium-nordenham.de\/ganztag-2"]}]},{"@type":"ImageObject","inLanguage":"en-GB","@id":"https:\/\/gymnasium-nordenham.de\/ganztag-2#primaryimage","url":"https:\/\/gymnasium-nordenham.de\/wp-content\/uploads\/elementor\/thumbs\/IMG_20241112_134612-scaled-qx1rjgt0xaadqv3bgzmb792eommrdjjra09fr6sjhc.jpg","contentUrl":"https:\/\/gymnasium-nordenham.de\/wp-content\/uploads\/elementor\/thumbs\/IMG_20241112_134612-scaled-qx1rjgt0xaadqv3bgzmb792eommrdjjra09fr6sjhc.jpg"},{"@type":"BreadcrumbList","@id":"https:\/\/gymnasium-nordenham.de\/ganztag-2#breadcrumb","itemListElement":[{"@type":"ListItem","position":1,"name":"Startseite","item":"https:\/\/gymnasium-nordenham.de\/"},{"@type":"ListItem","position":2,"name":"Ganztag"}]},{"@type":"WebSite","@id":"https:\/\/gymnasium-nordenham.de\/#website","url":"https:\/\/gymnasium-nordenham.de\/","name":"Gymnasium Nordenham","description":"Miteinander, voneinander und f\u00fcreinander lernen","potentialAction":[{"@type":"SearchAction","target":{"@type":"EntryPoint","urlTemplate":"https:\/\/gymnasium-nordenham.de\/?s={search_term_string}"},"query-input":{"@type":"PropertyValueSpecification","valueRequired":true,"valueName":"search_term_string"}}],"inLanguage":"en-GB"}]}},"_links":{"self":[{"href":"https:\/\/gymnasium-nordenham.de\/en\/wp-json\/wp\/v2\/pages\/4042","targetHints":{"allow":["GET"]}}],"collection":[{"href":"https:\/\/gymnasium-nordenham.de\/en\/wp-json\/wp\/v2\/pages"}],"about":[{"href":"https:\/\/gymnasium-nordenham.de\/en\/wp-json\/wp\/v2\/types\/page"}],"author":[{"embeddable":true,"href":"https:\/\/gymnasium-nordenham.de\/en\/wp-json\/wp\/v2\/users\/4"}],"replies":[{"embeddable":true,"href":"https:\/\/gymnasium-nordenham.de\/en\/wp-json\/wp\/v2\/comments?post=4042"}],"version-history":[{"count":0,"href":"https:\/\/gymnasium-nordenham.de\/en\/wp-json\/wp\/v2\/pages\/4042\/revisions"}],"wp:attachment":[{"href":"https:\/\/gymnasium-nordenham.de\/en\/wp-json\/wp\/v2\/media?parent=4042"}],"curies":[{"name":"wp","href":"https:\/\/api.w.org\/{rel}","templated":true}]}}