{"id":3960,"date":"2020-12-29T09:47:25","date_gmt":"2020-12-29T08:47:25","guid":{"rendered":"https:\/\/gymnasiumnordenhamtest.live-website.com\/?page_id=3960"},"modified":"2022-03-15T08:18:32","modified_gmt":"2022-03-15T07:18:32","slug":"pressespiegel","status":"publish","type":"page","link":"https:\/\/gymnasium-nordenham.de\/en\/pressespiegel","title":{"rendered":"Pressespiegel"},"content":{"rendered":"<div data-elementor-type=\"wp-page\" data-elementor-id=\"3960\" class=\"elementor elementor-3960\" data-elementor-post-type=\"page\">\n\t\t\t\t\t\t<section class=\"elementor-section elementor-top-section elementor-element elementor-element-5257c4b elementor-section-full_width elementor-section-height-default elementor-section-height-default\" data-id=\"5257c4b\" data-element_type=\"section\" data-e-type=\"section\">\n\t\t\t\t\t\t<div class=\"elementor-container elementor-column-gap-default\">\n\t\t\t\t\t<div class=\"elementor-column elementor-col-100 elementor-top-column elementor-element elementor-element-929ce8f\" data-id=\"929ce8f\" data-element_type=\"column\" data-e-type=\"column\" data-settings=\"{&quot;background_background&quot;:&quot;classic&quot;}\">\n\t\t\t<div class=\"elementor-widget-wrap elementor-element-populated\">\n\t\t\t\t\t\t<div class=\"elementor-element elementor-element-de78d44 elementor-widget elementor-widget-heading\" data-id=\"de78d44\" data-element_type=\"widget\" data-e-type=\"widget\" data-widget_type=\"heading.default\">\n\t\t\t\t<div class=\"elementor-widget-container\">\n\t\t\t\t\t<h2 class=\"elementor-heading-title elementor-size-large\">Pressespiegel<\/h2>\t\t\t\t<\/div>\n\t\t\t\t<\/div>\n\t\t\t\t\t<\/div>\n\t\t<\/div>\n\t\t\t\t\t<\/div>\n\t\t<\/section>\n\t\t\t\t<section class=\"elementor-section elementor-top-section elementor-element elementor-element-9215942 elementor-section-full_width elementor-section-height-default elementor-section-height-default\" data-id=\"9215942\" data-element_type=\"section\" data-e-type=\"section\">\n\t\t\t\t\t\t<div class=\"elementor-container elementor-column-gap-default\">\n\t\t\t\t\t<div class=\"elementor-column elementor-col-66 elementor-top-column elementor-element elementor-element-bc4bb8e\" data-id=\"bc4bb8e\" data-element_type=\"column\" data-e-type=\"column\">\n\t\t\t<div class=\"elementor-widget-wrap elementor-element-populated\">\n\t\t\t\t\t\t<div class=\"elementor-element elementor-element-5cf03a3 elementor-widget elementor-widget-text-editor\" data-id=\"5cf03a3\" data-element_type=\"widget\" data-e-type=\"widget\" data-widget_type=\"text-editor.default\">\n\t\t\t\t<div class=\"elementor-widget-container\">\n\t\t\t\t\t\t\t\t\t<p style=\"text-align: justify;\"><span style=\"font-family: georgia, palatino, serif; font-size: 12pt;\">Eine Auswahl an Presseberichten finden Sie ab 2020 unter den entsprechenden Themenbereichen auf unserer Homepage oder im Archiv im rechten Seitenmen\u00fc auf der Startseite dieser Homepage.<\/span><\/p>\t\t\t\t\t\t\t\t<\/div>\n\t\t\t\t<\/div>\n\t\t\t\t<div class=\"elementor-element elementor-element-3e3ec9f elementor-widget elementor-widget-heading\" data-id=\"3e3ec9f\" data-element_type=\"widget\" data-e-type=\"widget\" data-widget_type=\"heading.default\">\n\t\t\t\t<div class=\"elementor-widget-container\">\n\t\t\t\t\t<h2 class=\"elementor-heading-title elementor-size-large\">2019<\/h2>\t\t\t\t<\/div>\n\t\t\t\t<\/div>\n\t\t\t\t<div class=\"elementor-element elementor-element-34b37dd elementor--h-position-center elementor--v-position-middle elementor-arrows-position-inside elementor-pagination-position-inside elementor-widget elementor-widget-slides\" data-id=\"34b37dd\" data-element_type=\"widget\" data-e-type=\"widget\" data-settings=\"{&quot;autoplay_speed&quot;:3000,&quot;_animation&quot;:&quot;none&quot;,&quot;navigation&quot;:&quot;both&quot;,&quot;autoplay&quot;:&quot;yes&quot;,&quot;pause_on_hover&quot;:&quot;yes&quot;,&quot;pause_on_interaction&quot;:&quot;yes&quot;,&quot;infinite&quot;:&quot;yes&quot;,&quot;transition&quot;:&quot;slide&quot;,&quot;transition_speed&quot;:500}\" data-widget_type=\"slides.default\">\n\t\t\t\t<div class=\"elementor-widget-container\">\n\t\t\t\t\t\t\t\t\t<div class=\"elementor-swiper\">\n\t\t\t\t\t<div class=\"elementor-slides-wrapper elementor-main-swiper swiper\" role=\"region\" aria-roledescription=\"carousel\" aria-label=\"Slides\" dir=\"ltr\" data-animation=\"fadeInUp\">\n\t\t\t\t<div class=\"swiper-wrapper elementor-slides\">\n\t\t\t\t\t\t\t\t\t\t<div class=\"elementor-repeater-item-b0def2e swiper-slide\" role=\"group\" aria-roledescription=\"slide\"><div class=\"swiper-slide-bg\" role=\"img\" aria-label=\"Ein Paradies f\u00fcr Leckerm\u00e4uler\"><\/div><a class=\"swiper-slide-inner\" href=\"https:\/\/gymnasium-nordenham.de\/wp-content\/uploads\/2020\/12\/weihnachtsmarkt.pdf\" target=\"_blank\"><div class=\"swiper-slide-contents\"><div class=\"elementor-slide-heading\">Ein Paradies f\u00fcr Leckerm\u00e4uler<\/div><div class=\"elementor-slide-description\">NWZ vom 19.12.19<\/div><div  class=\"elementor-button elementor-slide-button elementor-size-sm\">Hier klicken<\/div><\/div><\/a><\/div><div class=\"elementor-repeater-item-68fb570 swiper-slide\" role=\"group\" aria-roledescription=\"slide\"><div class=\"swiper-slide-bg\" role=\"img\" aria-label=\"Gymnasium auf dem Weg zur Ganztagsschule\"><\/div><a class=\"swiper-slide-inner\" href=\"https:\/\/gymnasium-nordenham.de\/wp-content\/uploads\/2020\/12\/Ganztag-20.11..pdf\"><div class=\"swiper-slide-contents\"><div class=\"elementor-slide-heading\">Gymnasium auf dem Weg zur Ganztagsschule<\/div><div class=\"elementor-slide-description\">NWZ vom 20.11.2019<\/div><div  class=\"elementor-button elementor-slide-button elementor-size-sm\">Hier klicken<\/div><\/div><\/a><\/div><div class=\"elementor-repeater-item-2d00606 swiper-slide\" role=\"group\" aria-roledescription=\"slide\"><div class=\"swiper-slide-bg\" role=\"img\" aria-label=\"Auszeichnungen f\u00fcr\"><\/div><a class=\"swiper-slide-inner\" href=\"https:\/\/gymnasium-nordenham.de\/wp-content\/uploads\/2020\/12\/Auszeichnungen-fuer-ehrenamtlich.pdf\"><div class=\"swiper-slide-contents\"><div class=\"elementor-slide-description\">NWZ vom 02.07.2019<\/div><div  class=\"elementor-button elementor-slide-button elementor-size-sm\">Hier klicken<\/div><\/div><\/a><\/div><div class=\"elementor-repeater-item-337a759 swiper-slide\" role=\"group\" aria-roledescription=\"slide\"><div class=\"swiper-slide-bg\" role=\"img\" aria-label=\"Lehrer schlagen sich gut\"><\/div><a class=\"swiper-slide-inner\" href=\"https:\/\/gymnasium-nordenham.de\/wp-content\/uploads\/2020\/12\/Lehrer-schlagen-sich-gut.pdf\"><div class=\"swiper-slide-contents\"><div class=\"elementor-slide-heading\">Lehrer schlagen sich gut bei Abischerz<\/div><div class=\"elementor-slide-description\">NWZ vom 02.07.2019<\/div><div  class=\"elementor-button elementor-slide-button elementor-size-sm\">Hier klicken<\/div><\/div><\/a><\/div><div class=\"elementor-repeater-item-991d4f8 swiper-slide\" role=\"group\" aria-roledescription=\"slide\"><div class=\"swiper-slide-bg\" role=\"img\" aria-label=\"Eltern haben wichtige Vorbildfunktion\"><\/div><a class=\"swiper-slide-inner\" href=\"https:\/\/gymnasium-nordenham.de\/wp-content\/uploads\/2020\/12\/Nham_1.pdf\"><div class=\"swiper-slide-contents\"><div class=\"elementor-slide-description\">NWZ vom 16.02.2019<\/div><div  class=\"elementor-button elementor-slide-button elementor-size-sm\">Hier klicken<\/div><\/div><\/a><\/div>\t\t\t\t<\/div>\n\t\t\t\t\t\t\t\t\t\t\t\t\t\t\t<div class=\"elementor-swiper-button elementor-swiper-button-prev\" role=\"button\" tabindex=\"0\" aria-label=\"Previous slide\">\n\t\t\t\t\t\t\t<i aria-hidden=\"true\" class=\"eicon-chevron-left\"><\/i>\t\t\t\t\t\t<\/div>\n\t\t\t\t\t\t<div class=\"elementor-swiper-button elementor-swiper-button-next\" role=\"button\" tabindex=\"0\" aria-label=\"Next slide\">\n\t\t\t\t\t\t\t<i aria-hidden=\"true\" class=\"eicon-chevron-right\"><\/i>\t\t\t\t\t\t<\/div>\n\t\t\t\t\t\t\t\t\t\t\t\t\t\t\t\t<div class=\"swiper-pagination\"><\/div>\n\t\t\t\t\t\t\t\t\t\t\t\t<\/div>\n\t\t\t\t<\/div>\n\t\t\t\t\t\t\t\t<\/div>\n\t\t\t\t<\/div>\n\t\t\t\t\t<\/div>\n\t\t<\/div>\n\t\t\t\t<div class=\"elementor-column elementor-col-33 elementor-top-column elementor-element elementor-element-c25fcbf\" data-id=\"c25fcbf\" data-element_type=\"column\" data-e-type=\"column\">\n\t\t\t<div class=\"elementor-widget-wrap elementor-element-populated\">\n\t\t\t\t\t\t<div class=\"elementor-element elementor-element-497df0a elementor-invisible elementor-widget elementor-widget-wp-widget-nav_menu\" data-id=\"497df0a\" data-element_type=\"widget\" data-e-type=\"widget\" data-settings=\"{&quot;_animation&quot;:&quot;fadeInUp&quot;}\" data-widget_type=\"wp-widget-nav_menu.default\">\n\t\t\t\t<div class=\"elementor-widget-container\">\n\t\t\t\t\t<div class=\"menu-untermenue-profil-container\"><ul id=\"menu-untermenue-profil\" class=\"menu\"><li id=\"menu-item-4191\" class=\"menu-item menu-item-type-post_type menu-item-object-page menu-item-4191\"><a href=\"https:\/\/gymnasium-nordenham.de\/en\/wir-stellen-uns-vor\">We introduce ourselves<\/a><\/li>\n<li id=\"menu-item-3959\" class=\"menu-item menu-item-type-post_type menu-item-object-page menu-item-3959\"><a href=\"https:\/\/gymnasium-nordenham.de\/en\/leitbild\">Leitbild<\/a><\/li>\n<li id=\"menu-item-4089\" class=\"menu-item menu-item-type-post_type menu-item-object-page menu-item-4089\"><a href=\"https:\/\/gymnasium-nordenham.de\/en\/informationen-sek-i\">Sekundarstufe I<\/a><\/li>\n<li id=\"menu-item-4088\" class=\"menu-item menu-item-type-post_type menu-item-object-page menu-item-4088\"><a href=\"https:\/\/gymnasium-nordenham.de\/en\/informationen-sek-ii\">Sekundarstufe II<\/a><\/li>\n<li id=\"menu-item-4047\" class=\"menu-item menu-item-type-post_type menu-item-object-page menu-item-4047\"><a href=\"https:\/\/gymnasium-nordenham.de\/en\/ganztag-2\">Ganztag<\/a><\/li>\n<li id=\"menu-item-14122\" class=\"menu-item menu-item-type-post_type menu-item-object-page menu-item-14122\"><a href=\"https:\/\/gymnasium-nordenham.de\/en\/europaschule\">Europaschule<\/a><\/li>\n<li id=\"menu-item-4250\" class=\"menu-item menu-item-type-post_type menu-item-object-page menu-item-4250\"><a href=\"https:\/\/gymnasium-nordenham.de\/en\/umweltschule\">Umweltschule<\/a><\/li>\n<li id=\"menu-item-4647\" class=\"menu-item menu-item-type-post_type menu-item-object-page menu-item-4647\"><a href=\"https:\/\/gymnasium-nordenham.de\/en\/erasmus\">Erasmus +<\/a><\/li>\n<li id=\"menu-item-4486\" class=\"menu-item menu-item-type-post_type menu-item-object-page menu-item-4486\"><a href=\"https:\/\/gymnasium-nordenham.de\/en\/schule-ohne-rassismus\">Schule ohne Rassismus<\/a><\/li>\n<li id=\"menu-item-12212\" class=\"menu-item menu-item-type-post_type menu-item-object-page menu-item-12212\"><a href=\"https:\/\/gymnasium-nordenham.de\/en\/berufsorientierung\">Berufsorientierung<\/a><\/li>\n<li id=\"menu-item-4230\" class=\"menu-item menu-item-type-post_type menu-item-object-page menu-item-4230\"><a href=\"https:\/\/gymnasium-nordenham.de\/en\/blaeserklasse-profil\">Bl\u00e4serklasse<\/a><\/li>\n<li id=\"menu-item-12862\" class=\"menu-item menu-item-type-post_type menu-item-object-page menu-item-12862\"><a href=\"https:\/\/gymnasium-nordenham.de\/en\/medienkonzept\">Medienkonzept<\/a><\/li>\n<li id=\"menu-item-6470\" class=\"menu-item menu-item-type-post_type menu-item-object-page menu-item-6470\"><a href=\"https:\/\/gymnasium-nordenham.de\/en\/schulbroschuere-2\">Schulbrosch\u00fcre<\/a><\/li>\n<li id=\"menu-item-3955\" class=\"menu-item menu-item-type-post_type menu-item-object-page menu-item-3955\"><a href=\"https:\/\/gymnasium-nordenham.de\/en\/schulprogramm\">Chronik<\/a><\/li>\n<\/ul><\/div>\t\t\t\t<\/div>\n\t\t\t\t<\/div>\n\t\t\t\t\t<\/div>\n\t\t<\/div>\n\t\t\t\t\t<\/div>\n\t\t<\/section>\n\t\t\t\t<\/div>","protected":false},"excerpt":{"rendered":"<p>Pressespiegel Eine Auswahl an Presseberichten finden Sie ab 2020 unter den entsprechenden Themenbereichen auf unserer Homepage oder im Archiv im rechten Seitenmen\u00fc auf der Startseite dieser Homepage. 2019 Ein Paradies f\u00fcr Leckerm\u00e4ulerNWZ vom 19.12.19Hier klickenGymnasium auf dem Weg zur GanztagsschuleNWZ &hellip; <a href=\"https:\/\/gymnasium-nordenham.de\/en\/pressespiegel\">Continue reading <span class=\"meta-nav\">&rarr;<\/span><\/a><\/p>","protected":false},"author":4,"featured_media":0,"parent":0,"menu_order":0,"comment_status":"closed","ping_status":"closed","template":"elementor_header_footer","meta":{"_crdt_document":"","footnotes":""},"class_list":["post-3960","page","type-page","status-publish","hentry"],"yoast_head":"<!-- This site is optimized with the Yoast SEO plugin v27.5 - https:\/\/yoast.com\/product\/yoast-seo-wordpress\/ -->\n<title>Pressespiegel - Gymnasium Nordenham<\/title>\n<meta name=\"robots\" content=\"index, follow, max-snippet:-1, max-image-preview:large, max-video-preview:-1\" \/>\n<link rel=\"canonical\" href=\"https:\/\/gymnasium-nordenham.de\/en\/pressespiegel\/\" \/>\n<meta property=\"og:locale\" content=\"en_GB\" \/>\n<meta property=\"og:type\" content=\"article\" \/>\n<meta property=\"og:title\" content=\"Pressespiegel - Gymnasium Nordenham\" \/>\n<meta property=\"og:description\" content=\"Pressespiegel Eine Auswahl an Presseberichten finden Sie ab 2020 unter den entsprechenden Themenbereichen auf unserer Homepage oder im Archiv im rechten Seitenmen\u00fc auf der Startseite dieser Homepage. 2019 Ein Paradies f\u00fcr Leckerm\u00e4ulerNWZ vom 19.12.19Hier klickenGymnasium auf dem Weg zur GanztagsschuleNWZ &hellip; Continue reading &rarr;\" \/>\n<meta property=\"og:url\" content=\"https:\/\/gymnasium-nordenham.de\/en\/pressespiegel\/\" \/>\n<meta property=\"og:site_name\" content=\"Gymnasium Nordenham\" \/>\n<meta property=\"article:modified_time\" content=\"2022-03-15T07:18:32+00:00\" \/>\n<meta name=\"twitter:card\" content=\"summary_large_image\" \/>\n<meta name=\"twitter:label1\" content=\"Estimated reading time\" \/>\n\t<meta name=\"twitter:data1\" content=\"1 minute\" \/>\n<script type=\"application\/ld+json\" class=\"yoast-schema-graph\">{\"@context\":\"https:\\\/\\\/schema.org\",\"@graph\":[{\"@type\":\"WebPage\",\"@id\":\"https:\\\/\\\/gymnasium-nordenham.de\\\/pressespiegel\",\"url\":\"https:\\\/\\\/gymnasium-nordenham.de\\\/pressespiegel\",\"name\":\"Pressespiegel - Gymnasium Nordenham\",\"isPartOf\":{\"@id\":\"https:\\\/\\\/gymnasium-nordenham.de\\\/#website\"},\"datePublished\":\"2020-12-29T08:47:25+00:00\",\"dateModified\":\"2022-03-15T07:18:32+00:00\",\"breadcrumb\":{\"@id\":\"https:\\\/\\\/gymnasium-nordenham.de\\\/pressespiegel#breadcrumb\"},\"inLanguage\":\"en-GB\",\"potentialAction\":[{\"@type\":\"ReadAction\",\"target\":[\"https:\\\/\\\/gymnasium-nordenham.de\\\/pressespiegel\"]}]},{\"@type\":\"BreadcrumbList\",\"@id\":\"https:\\\/\\\/gymnasium-nordenham.de\\\/pressespiegel#breadcrumb\",\"itemListElement\":[{\"@type\":\"ListItem\",\"position\":1,\"name\":\"Startseite\",\"item\":\"https:\\\/\\\/gymnasium-nordenham.de\\\/\"},{\"@type\":\"ListItem\",\"position\":2,\"name\":\"Pressespiegel\"}]},{\"@type\":\"WebSite\",\"@id\":\"https:\\\/\\\/gymnasium-nordenham.de\\\/#website\",\"url\":\"https:\\\/\\\/gymnasium-nordenham.de\\\/\",\"name\":\"Gymnasium Nordenham\",\"description\":\"Miteinander, voneinander und f\u00fcreinander lernen\",\"potentialAction\":[{\"@type\":\"SearchAction\",\"target\":{\"@type\":\"EntryPoint\",\"urlTemplate\":\"https:\\\/\\\/gymnasium-nordenham.de\\\/?s={search_term_string}\"},\"query-input\":{\"@type\":\"PropertyValueSpecification\",\"valueRequired\":true,\"valueName\":\"search_term_string\"}}],\"inLanguage\":\"en-GB\"}]}<\/script>\n<!-- \/ Yoast SEO plugin. -->","yoast_head_json":{"title":"Pressespiegel - Gymnasium Nordenham","robots":{"index":"index","follow":"follow","max-snippet":"max-snippet:-1","max-image-preview":"max-image-preview:large","max-video-preview":"max-video-preview:-1"},"canonical":"https:\/\/gymnasium-nordenham.de\/en\/pressespiegel\/","og_locale":"en_GB","og_type":"article","og_title":"Pressespiegel - Gymnasium Nordenham","og_description":"Pressespiegel Eine Auswahl an Presseberichten finden Sie ab 2020 unter den entsprechenden Themenbereichen auf unserer Homepage oder im Archiv im rechten Seitenmen\u00fc auf der Startseite dieser Homepage. 2019 Ein Paradies f\u00fcr Leckerm\u00e4ulerNWZ vom 19.12.19Hier klickenGymnasium auf dem Weg zur GanztagsschuleNWZ &hellip; Continue reading &rarr;","og_url":"https:\/\/gymnasium-nordenham.de\/en\/pressespiegel\/","og_site_name":"Gymnasium Nordenham","article_modified_time":"2022-03-15T07:18:32+00:00","twitter_card":"summary_large_image","twitter_misc":{"Estimated reading time":"1 minute"},"schema":{"@context":"https:\/\/schema.org","@graph":[{"@type":"WebPage","@id":"https:\/\/gymnasium-nordenham.de\/pressespiegel","url":"https:\/\/gymnasium-nordenham.de\/pressespiegel","name":"Pressespiegel - Gymnasium Nordenham","isPartOf":{"@id":"https:\/\/gymnasium-nordenham.de\/#website"},"datePublished":"2020-12-29T08:47:25+00:00","dateModified":"2022-03-15T07:18:32+00:00","breadcrumb":{"@id":"https:\/\/gymnasium-nordenham.de\/pressespiegel#breadcrumb"},"inLanguage":"en-GB","potentialAction":[{"@type":"ReadAction","target":["https:\/\/gymnasium-nordenham.de\/pressespiegel"]}]},{"@type":"BreadcrumbList","@id":"https:\/\/gymnasium-nordenham.de\/pressespiegel#breadcrumb","itemListElement":[{"@type":"ListItem","position":1,"name":"Startseite","item":"https:\/\/gymnasium-nordenham.de\/"},{"@type":"ListItem","position":2,"name":"Pressespiegel"}]},{"@type":"WebSite","@id":"https:\/\/gymnasium-nordenham.de\/#website","url":"https:\/\/gymnasium-nordenham.de\/","name":"Gymnasium Nordenham","description":"Miteinander, voneinander und f\u00fcreinander lernen","potentialAction":[{"@type":"SearchAction","target":{"@type":"EntryPoint","urlTemplate":"https:\/\/gymnasium-nordenham.de\/?s={search_term_string}"},"query-input":{"@type":"PropertyValueSpecification","valueRequired":true,"valueName":"search_term_string"}}],"inLanguage":"en-GB"}]}},"_links":{"self":[{"href":"https:\/\/gymnasium-nordenham.de\/en\/wp-json\/wp\/v2\/pages\/3960","targetHints":{"allow":["GET"]}}],"collection":[{"href":"https:\/\/gymnasium-nordenham.de\/en\/wp-json\/wp\/v2\/pages"}],"about":[{"href":"https:\/\/gymnasium-nordenham.de\/en\/wp-json\/wp\/v2\/types\/page"}],"author":[{"embeddable":true,"href":"https:\/\/gymnasium-nordenham.de\/en\/wp-json\/wp\/v2\/users\/4"}],"replies":[{"embeddable":true,"href":"https:\/\/gymnasium-nordenham.de\/en\/wp-json\/wp\/v2\/comments?post=3960"}],"version-history":[{"count":0,"href":"https:\/\/gymnasium-nordenham.de\/en\/wp-json\/wp\/v2\/pages\/3960\/revisions"}],"wp:attachment":[{"href":"https:\/\/gymnasium-nordenham.de\/en\/wp-json\/wp\/v2\/media?parent=3960"}],"curies":[{"name":"wp","href":"https:\/\/api.w.org\/{rel}","templated":true}]}}