{"id":3128,"date":"2020-12-21T17:53:40","date_gmt":"2020-12-21T16:53:40","guid":{"rendered":"https:\/\/gymnasiumnordenhamtest.live-website.com\/?page_id=3128"},"modified":"2024-05-22T20:11:57","modified_gmt":"2024-05-22T18:11:57","slug":"schulbuecher","status":"publish","type":"page","link":"https:\/\/gymnasium-nordenham.de\/en\/schulbuecher","title":{"rendered":"Schulb\u00fccher"},"content":{"rendered":"<div data-elementor-type=\"wp-page\" data-elementor-id=\"3128\" class=\"elementor elementor-3128\" data-elementor-post-type=\"page\">\n\t\t\t\t\t\t<section class=\"elementor-section elementor-top-section elementor-element elementor-element-5257c4b elementor-section-full_width elementor-section-height-default elementor-section-height-default\" data-id=\"5257c4b\" data-element_type=\"section\" data-e-type=\"section\">\n\t\t\t\t\t\t<div class=\"elementor-container elementor-column-gap-default\">\n\t\t\t\t\t<div class=\"elementor-column elementor-col-100 elementor-top-column elementor-element elementor-element-929ce8f\" data-id=\"929ce8f\" data-element_type=\"column\" data-e-type=\"column\" data-settings=\"{&quot;background_background&quot;:&quot;classic&quot;}\">\n\t\t\t<div class=\"elementor-widget-wrap elementor-element-populated\">\n\t\t\t\t\t\t<div class=\"elementor-element elementor-element-de78d44 elementor-widget elementor-widget-heading\" data-id=\"de78d44\" data-element_type=\"widget\" data-e-type=\"widget\" data-widget_type=\"heading.default\">\n\t\t\t\t<div class=\"elementor-widget-container\">\n\t\t\t\t\t<h2 class=\"elementor-heading-title elementor-size-large\">Schulb\u00fccher<\/h2>\t\t\t\t<\/div>\n\t\t\t\t<\/div>\n\t\t\t\t\t<\/div>\n\t\t<\/div>\n\t\t\t\t\t<\/div>\n\t\t<\/section>\n\t\t\t\t<section class=\"elementor-section elementor-top-section elementor-element elementor-element-9215942 elementor-section-full_width elementor-section-height-default elementor-section-height-default\" data-id=\"9215942\" data-element_type=\"section\" data-e-type=\"section\">\n\t\t\t\t\t\t<div class=\"elementor-container elementor-column-gap-default\">\n\t\t\t\t\t<div class=\"elementor-column elementor-col-66 elementor-top-column elementor-element elementor-element-bc4bb8e\" data-id=\"bc4bb8e\" data-element_type=\"column\" data-e-type=\"column\">\n\t\t\t<div class=\"elementor-widget-wrap elementor-element-populated\">\n\t\t\t\t\t\t<div class=\"elementor-element elementor-element-809aad3 elementor-widget elementor-widget-text-editor\" data-id=\"809aad3\" data-element_type=\"widget\" data-e-type=\"widget\" data-widget_type=\"text-editor.default\">\n\t\t\t\t<div class=\"elementor-widget-container\">\n\t\t\t\t\t\t\t\t\t<div><span style=\"font-family: georgia, palatino, serif;\"><strong><span style=\"font-size: 12pt;\">Ausleihe <br \/><\/span><\/strong><\/span><\/div><div style=\"text-align: justify;\"><span style=\"font-family: georgia, palatino, serif; font-size: 12pt;\">Die Lehrmittelausleihe findet \u00fcber IServ statt. Den Link zur Schulbuchausleihe finden Sie <a href=\"https:\/\/gym-nordenham.de\/buecher\" target=\"_blank\" rel=\"noopener noreferrer\"><strong>hier<\/strong><\/a>. Eine ausf\u00fchrliche Videoanleitung sehen <\/span><span style=\"font-family: georgia, palatino, serif; font-size: 12pt;\">Sie im folgenden Video:<\/span><\/div>\t\t\t\t\t\t\t\t<\/div>\n\t\t\t\t<\/div>\n\t\t\t\t<div class=\"elementor-element elementor-element-a062834 elementor-widget elementor-widget-video\" data-id=\"a062834\" data-element_type=\"widget\" data-e-type=\"widget\" data-settings=\"{&quot;youtube_url&quot;:&quot;https:\\\/\\\/www.youtube.com\\\/watch?v=sZrGqkW2UAI&quot;,&quot;video_type&quot;:&quot;youtube&quot;,&quot;controls&quot;:&quot;yes&quot;}\" data-widget_type=\"video.default\">\n\t\t\t\t<div class=\"elementor-widget-container\">\n\t\t\t\t\t\t\t<div class=\"elementor-wrapper elementor-open-inline\">\n\t\t\t<div class=\"elementor-video\"><\/div>\t\t<\/div>\n\t\t\t\t\t\t<\/div>\n\t\t\t\t<\/div>\n\t\t\t\t<div class=\"elementor-element elementor-element-d639859 elementor-widget elementor-widget-text-editor\" data-id=\"d639859\" data-element_type=\"widget\" data-e-type=\"widget\" data-widget_type=\"text-editor.default\">\n\t\t\t\t<div class=\"elementor-widget-container\">\n\t\t\t\t\t\t\t\t\t<div style=\"text-align: justify;\"><span style=\"font-family: georgia, palatino, serif; font-size: 12pt;\"><strong>Selbstzahler und Schulbuchlisten Klassen 5 &#8211; 11<br \/><\/strong><\/span><\/div><div style=\"text-align: justify;\"><span style=\"font-family: georgia, palatino, serif; font-size: 12pt;\">Die aktuellen Schulbuchlisten finden Sie <span style=\"font-size: 18pt; color: #000000;\"><a style=\"color: #000000;\" href=\"https:\/\/gym-nordenham.de\/buecher\" target=\"_blank\" rel=\"noopener noreferrer\"><strong>hier<\/strong><\/a><\/span>. Die Betrachtung der Listen ist ohne Anmeldung m\u00f6glich. Klicken Sie einfach auf das jeweilige Auge im gew\u00fcnschten Jahrgang. Die Schulbuchlisten sind nur als Information f\u00fcr Selbstzahler gedacht. Die Teilnahme an der Ausleihe ist nur \u00fcber das iServ-Formular m\u00f6glich. Dort erfahren Sie auch alle Infos zum \u00dcberweisungsvorgang.<\/span><\/div>\t\t\t\t\t\t\t\t<\/div>\n\t\t\t\t<\/div>\n\t\t\t\t\t<\/div>\n\t\t<\/div>\n\t\t\t\t<div class=\"elementor-column elementor-col-33 elementor-top-column elementor-element elementor-element-c25fcbf\" data-id=\"c25fcbf\" data-element_type=\"column\" data-e-type=\"column\">\n\t\t\t<div class=\"elementor-widget-wrap elementor-element-populated\">\n\t\t\t\t\t\t<div class=\"elementor-element elementor-element-497df0a elementor-invisible elementor-widget elementor-widget-wp-widget-nav_menu\" data-id=\"497df0a\" data-element_type=\"widget\" data-e-type=\"widget\" data-settings=\"{&quot;_animation&quot;:&quot;fadeInUp&quot;}\" data-widget_type=\"wp-widget-nav_menu.default\">\n\t\t\t\t<div class=\"elementor-widget-container\">\n\t\t\t\t\t<div class=\"menu-untermenue-organisatorisches-container\"><ul id=\"menu-untermenue-organisatorisches\" class=\"menu\"><li id=\"menu-item-4169\" class=\"menu-item menu-item-type-post_type menu-item-object-page menu-item-4169\"><a href=\"https:\/\/gymnasium-nordenham.de\/en\/austauschjahr\">Austauschjahr<\/a><\/li>\n<li id=\"menu-item-2255\" class=\"menu-item menu-item-type-post_type menu-item-object-page menu-item-2255\"><a href=\"https:\/\/gymnasium-nordenham.de\/en\/lageplan\">Lageplan<\/a><\/li>\n<li id=\"menu-item-2257\" class=\"menu-item menu-item-type-post_type menu-item-object-page menu-item-2257\"><a href=\"https:\/\/gymnasium-nordenham.de\/en\/organigramm\">Organigramm<\/a><\/li>\n<li id=\"menu-item-4335\" class=\"menu-item menu-item-type-post_type menu-item-object-page menu-item-4335\"><a href=\"https:\/\/gymnasium-nordenham.de\/en\/mensa\">Mensa<\/a><\/li>\n<li id=\"menu-item-3147\" class=\"menu-item menu-item-type-post_type menu-item-object-page menu-item-3147\"><a href=\"https:\/\/gymnasium-nordenham.de\/en\/schulbuecher\">Schulb\u00fccher<\/a><\/li>\n<li id=\"menu-item-2256\" class=\"menu-item menu-item-type-post_type menu-item-object-page menu-item-2256\"><a href=\"https:\/\/gymnasium-nordenham.de\/en\/schulordnung\">Schulordnung<\/a><\/li>\n<li id=\"menu-item-2271\" class=\"menu-item menu-item-type-post_type menu-item-object-page menu-item-2271\"><a href=\"https:\/\/gymnasium-nordenham.de\/en\/terminkalender\">Terminkalender<\/a><\/li>\n<li id=\"menu-item-4227\" class=\"menu-item menu-item-type-post_type menu-item-object-page menu-item-4227\"><a href=\"https:\/\/gymnasium-nordenham.de\/en\/zeiten\">Zeiten<\/a><\/li>\n<\/ul><\/div>\t\t\t\t<\/div>\n\t\t\t\t<\/div>\n\t\t\t\t\t<\/div>\n\t\t<\/div>\n\t\t\t\t\t<\/div>\n\t\t<\/section>\n\t\t\t\t<\/div>","protected":false},"excerpt":{"rendered":"<p>Schulb\u00fccher Ausleihe Die Lehrmittelausleihe findet \u00fcber IServ statt. Den Link zur Schulbuchausleihe finden Sie hier. Eine ausf\u00fchrliche Videoanleitung sehen Sie im folgenden Video:https:\/\/www.youtube.com\/watch?v=sZrGqkW2UAISelbstzahler und Schulbuchlisten Klassen 5 &#8211; 11Die aktuellen Schulbuchlisten finden Sie hier. Die Betrachtung der Listen ist ohne &hellip; <a href=\"https:\/\/gymnasium-nordenham.de\/en\/schulbuecher\">Continue reading <span class=\"meta-nav\">&rarr;<\/span><\/a><\/p>","protected":false},"author":4,"featured_media":0,"parent":0,"menu_order":0,"comment_status":"closed","ping_status":"closed","template":"elementor_header_footer","meta":{"_crdt_document":"","footnotes":""},"class_list":["post-3128","page","type-page","status-publish","hentry"],"yoast_head":"<!-- This site is optimized with the Yoast SEO plugin v27.3 - https:\/\/yoast.com\/product\/yoast-seo-wordpress\/ -->\n<title>Schulb\u00fccher - Gymnasium Nordenham<\/title>\n<meta name=\"robots\" content=\"index, follow, max-snippet:-1, max-image-preview:large, max-video-preview:-1\" \/>\n<link rel=\"canonical\" href=\"https:\/\/gymnasium-nordenham.de\/en\/schulbuecher\/\" \/>\n<meta property=\"og:locale\" content=\"en_GB\" \/>\n<meta property=\"og:type\" content=\"article\" \/>\n<meta property=\"og:title\" content=\"Schulb\u00fccher - Gymnasium Nordenham\" \/>\n<meta property=\"og:description\" content=\"Schulb\u00fccher Ausleihe Die Lehrmittelausleihe findet \u00fcber IServ statt. Den Link zur Schulbuchausleihe finden Sie hier. Eine ausf\u00fchrliche Videoanleitung sehen Sie im folgenden Video:https:\/\/www.youtube.com\/watch?v=sZrGqkW2UAISelbstzahler und Schulbuchlisten Klassen 5 &#8211; 11Die aktuellen Schulbuchlisten finden Sie hier. Die Betrachtung der Listen ist ohne &hellip; Continue reading &rarr;\" \/>\n<meta property=\"og:url\" content=\"https:\/\/gymnasium-nordenham.de\/en\/schulbuecher\/\" \/>\n<meta property=\"og:site_name\" content=\"Gymnasium Nordenham\" \/>\n<meta property=\"article:modified_time\" content=\"2024-05-22T18:11:57+00:00\" \/>\n<meta name=\"twitter:card\" content=\"summary_large_image\" \/>\n<meta name=\"twitter:label1\" content=\"Estimated reading time\" \/>\n\t<meta name=\"twitter:data1\" content=\"1 minute\" \/>\n<script type=\"application\/ld+json\" class=\"yoast-schema-graph\">{\"@context\":\"https:\\\/\\\/schema.org\",\"@graph\":[{\"@type\":\"WebPage\",\"@id\":\"https:\\\/\\\/gymnasium-nordenham.de\\\/schulbuecher\",\"url\":\"https:\\\/\\\/gymnasium-nordenham.de\\\/schulbuecher\",\"name\":\"Schulb\u00fccher - Gymnasium Nordenham\",\"isPartOf\":{\"@id\":\"https:\\\/\\\/gymnasium-nordenham.de\\\/#website\"},\"datePublished\":\"2020-12-21T16:53:40+00:00\",\"dateModified\":\"2024-05-22T18:11:57+00:00\",\"breadcrumb\":{\"@id\":\"https:\\\/\\\/gymnasium-nordenham.de\\\/schulbuecher#breadcrumb\"},\"inLanguage\":\"en-GB\",\"potentialAction\":[{\"@type\":\"ReadAction\",\"target\":[\"https:\\\/\\\/gymnasium-nordenham.de\\\/schulbuecher\"]}]},{\"@type\":\"BreadcrumbList\",\"@id\":\"https:\\\/\\\/gymnasium-nordenham.de\\\/schulbuecher#breadcrumb\",\"itemListElement\":[{\"@type\":\"ListItem\",\"position\":1,\"name\":\"Startseite\",\"item\":\"https:\\\/\\\/gymnasium-nordenham.de\\\/\"},{\"@type\":\"ListItem\",\"position\":2,\"name\":\"Schulb\u00fccher\"}]},{\"@type\":\"WebSite\",\"@id\":\"https:\\\/\\\/gymnasium-nordenham.de\\\/#website\",\"url\":\"https:\\\/\\\/gymnasium-nordenham.de\\\/\",\"name\":\"Gymnasium Nordenham\",\"description\":\"Miteinander, voneinander und f\u00fcreinander lernen\",\"potentialAction\":[{\"@type\":\"SearchAction\",\"target\":{\"@type\":\"EntryPoint\",\"urlTemplate\":\"https:\\\/\\\/gymnasium-nordenham.de\\\/?s={search_term_string}\"},\"query-input\":{\"@type\":\"PropertyValueSpecification\",\"valueRequired\":true,\"valueName\":\"search_term_string\"}}],\"inLanguage\":\"en-GB\"}]}<\/script>\n<!-- \/ Yoast SEO plugin. -->","yoast_head_json":{"title":"Schulb\u00fccher - Gymnasium Nordenham","robots":{"index":"index","follow":"follow","max-snippet":"max-snippet:-1","max-image-preview":"max-image-preview:large","max-video-preview":"max-video-preview:-1"},"canonical":"https:\/\/gymnasium-nordenham.de\/en\/schulbuecher\/","og_locale":"en_GB","og_type":"article","og_title":"Schulb\u00fccher - Gymnasium Nordenham","og_description":"Schulb\u00fccher Ausleihe Die Lehrmittelausleihe findet \u00fcber IServ statt. Den Link zur Schulbuchausleihe finden Sie hier. Eine ausf\u00fchrliche Videoanleitung sehen Sie im folgenden Video:https:\/\/www.youtube.com\/watch?v=sZrGqkW2UAISelbstzahler und Schulbuchlisten Klassen 5 &#8211; 11Die aktuellen Schulbuchlisten finden Sie hier. Die Betrachtung der Listen ist ohne &hellip; Continue reading &rarr;","og_url":"https:\/\/gymnasium-nordenham.de\/en\/schulbuecher\/","og_site_name":"Gymnasium Nordenham","article_modified_time":"2024-05-22T18:11:57+00:00","twitter_card":"summary_large_image","twitter_misc":{"Estimated reading time":"1 minute"},"schema":{"@context":"https:\/\/schema.org","@graph":[{"@type":"WebPage","@id":"https:\/\/gymnasium-nordenham.de\/schulbuecher","url":"https:\/\/gymnasium-nordenham.de\/schulbuecher","name":"Schulb\u00fccher - Gymnasium Nordenham","isPartOf":{"@id":"https:\/\/gymnasium-nordenham.de\/#website"},"datePublished":"2020-12-21T16:53:40+00:00","dateModified":"2024-05-22T18:11:57+00:00","breadcrumb":{"@id":"https:\/\/gymnasium-nordenham.de\/schulbuecher#breadcrumb"},"inLanguage":"en-GB","potentialAction":[{"@type":"ReadAction","target":["https:\/\/gymnasium-nordenham.de\/schulbuecher"]}]},{"@type":"BreadcrumbList","@id":"https:\/\/gymnasium-nordenham.de\/schulbuecher#breadcrumb","itemListElement":[{"@type":"ListItem","position":1,"name":"Startseite","item":"https:\/\/gymnasium-nordenham.de\/"},{"@type":"ListItem","position":2,"name":"Schulb\u00fccher"}]},{"@type":"WebSite","@id":"https:\/\/gymnasium-nordenham.de\/#website","url":"https:\/\/gymnasium-nordenham.de\/","name":"Gymnasium Nordenham","description":"Miteinander, voneinander und f\u00fcreinander lernen","potentialAction":[{"@type":"SearchAction","target":{"@type":"EntryPoint","urlTemplate":"https:\/\/gymnasium-nordenham.de\/?s={search_term_string}"},"query-input":{"@type":"PropertyValueSpecification","valueRequired":true,"valueName":"search_term_string"}}],"inLanguage":"en-GB"}]}},"_links":{"self":[{"href":"https:\/\/gymnasium-nordenham.de\/en\/wp-json\/wp\/v2\/pages\/3128","targetHints":{"allow":["GET"]}}],"collection":[{"href":"https:\/\/gymnasium-nordenham.de\/en\/wp-json\/wp\/v2\/pages"}],"about":[{"href":"https:\/\/gymnasium-nordenham.de\/en\/wp-json\/wp\/v2\/types\/page"}],"author":[{"embeddable":true,"href":"https:\/\/gymnasium-nordenham.de\/en\/wp-json\/wp\/v2\/users\/4"}],"replies":[{"embeddable":true,"href":"https:\/\/gymnasium-nordenham.de\/en\/wp-json\/wp\/v2\/comments?post=3128"}],"version-history":[{"count":0,"href":"https:\/\/gymnasium-nordenham.de\/en\/wp-json\/wp\/v2\/pages\/3128\/revisions"}],"wp:attachment":[{"href":"https:\/\/gymnasium-nordenham.de\/en\/wp-json\/wp\/v2\/media?parent=3128"}],"curies":[{"name":"wp","href":"https:\/\/api.w.org\/{rel}","templated":true}]}}