{"id":3,"date":"2019-09-16T12:01:03","date_gmt":"2019-09-16T10:01:03","guid":{"rendered":"http:\/\/gymnasiumnordenhamtest.live-website.com\/?page_id=3"},"modified":"2023-10-08T12:44:49","modified_gmt":"2023-10-08T10:44:49","slug":"privacy-policy","status":"publish","type":"page","link":"https:\/\/gymnasium-nordenham.de\/en\/privacy-policy","title":{"rendered":"Datenschutzbestimmungen"},"content":{"rendered":"<div data-elementor-type=\"wp-page\" data-elementor-id=\"3\" class=\"elementor elementor-3\" data-elementor-post-type=\"page\">\n\t\t\t\t\t\t<section class=\"elementor-section elementor-top-section elementor-element elementor-element-bafd118 elementor-section-full_width elementor-section-height-default elementor-section-height-default\" data-id=\"bafd118\" data-element_type=\"section\" data-e-type=\"section\">\n\t\t\t\t\t\t<div class=\"elementor-container elementor-column-gap-default\">\n\t\t\t\t\t<div class=\"elementor-column elementor-col-100 elementor-top-column elementor-element elementor-element-5519b95a\" data-id=\"5519b95a\" data-element_type=\"column\" data-e-type=\"column\">\n\t\t\t<div class=\"elementor-widget-wrap elementor-element-populated\">\n\t\t\t\t\t\t<div class=\"elementor-element elementor-element-294162f8 elementor-widget elementor-widget-text-editor\" data-id=\"294162f8\" data-element_type=\"widget\" data-e-type=\"widget\" data-widget_type=\"text-editor.default\">\n\t\t\t\t<div class=\"elementor-widget-container\">\n\t\t\t\t\t\t\t\t\t<div>\n<h1><strong><span style=\"font-family: georgia, palatino, serif; font-size: 12pt;\"><span style=\"font-size: 18pt;\">Datenschutzerkl\u00e4rung<\/span> <\/span><\/strong><\/h1>\n<p>\u00a0<\/p>\n<\/div>\n<div>\n<p><span style=\"font-family: georgia, palatino, serif; font-size: 12pt;\"><strong>I. Name und Anschrift des Verantwortlichen<\/strong><\/span><\/p>\n<p><span style=\"font-family: georgia, palatino, serif; font-size: 12pt;\">Gymnasium Nordenham<\/span><br \/><span style=\"font-family: georgia, palatino, serif; font-size: 12pt;\">Bahnhofstr. 52<\/span><br \/><span style=\"font-family: georgia, palatino, serif; font-size: 12pt;\">26954 Nordenham<\/span><\/p>\n<p><span style=\"font-family: georgia, palatino, serif; font-size: 12pt;\">Telefon: 04731-93950<\/span><\/p>\n<p><span style=\"font-family: georgia, palatino, serif; font-size: 12pt;\">E-Mail: verwaltung@gymnasium-nordenham.de<\/span><\/p>\n<p><span style=\"font-family: georgia, palatino, serif; font-size: 12pt;\">Vertretungsberechtigt<\/span><\/p>\n<p><span style=\"font-family: georgia, palatino, serif; font-size: 12pt;\"><!-- \/wp:paragraph --><!-- wp:paragraph {\"fontSize\":\"small\"} --><\/span><\/p>\n<p><span style=\"font-family: georgia, palatino, serif; font-size: 12pt;\">Oliver Horn, Schulleiter<\/span><\/p>\n<p><br \/><strong><span style=\"font-family: georgia, palatino, serif; font-size: 12pt;\">II. Kontaktdaten der oder des beh\u00f6rdlichen Datenschutzbeauftragten<\/span><\/strong><\/p>\n<p><span style=\"font-family: georgia, palatino, serif; font-size: 12pt;\">Tel.: 04731 93950<\/span><br \/><span style=\"font-family: georgia, palatino, serif; font-size: 12pt;\">E-Mail: datenschutzbeauftragter@gym-nordenham.de<\/span><\/p>\n<h3><strong><span style=\"font-family: georgia, palatino, serif; font-size: 12pt;\">III. Bereitstellung der Website und Erstellung von Logfiles<\/span><\/strong><\/h3>\n<p><span style=\"font-family: georgia, palatino, serif; font-size: 12pt;\">Bei jedem Aufruf unserer Internetseite erfasst unser System automatisiert Daten und Informationen vom Computersystem des aufrufenden Rechners. Folgende Daten werden hierbei erhoben:<\/span><\/p>\n<ol>\n<li><span style=\"font-family: georgia, palatino, serif; font-size: 12pt;\">Datum und Uhrzeit des Zugriffes<\/span><\/li>\n<li><span style=\"font-family: georgia, palatino, serif; font-size: 12pt;\">Die IP-Adresse des Nutzers<\/span><\/li>\n<li><span style=\"font-family: georgia, palatino, serif; font-size: 12pt;\">Die Betriebssystemversion des Nutzers<\/span><\/li>\n<li><span style=\"font-family: georgia, palatino, serif; font-size: 12pt;\">Der Browsertyp des Nutzers<\/span><\/li>\n<li><span style=\"font-family: georgia, palatino, serif; font-size: 12pt;\">Die vom Nutzer aufgerufene Seite<\/span><\/li>\n<\/ol>\n<p><span style=\"font-family: georgia, palatino, serif; font-size: 12pt;\">Die Daten werden in den Logfiles unseres Systems gespeichert. Eine Speicherung dieser Daten zusammen mit anderen personenbezogenen Daten des Nutzers findet nicht statt. Zweck der Datenspeicherung ist die technische Optimierung unserer Internetseite. Rechtsgrundlage f\u00fcr die vor\u00fcbergehende Speicherung der Daten ist Art. 6 Abs.1 lit.f DSGVO.<\/span><\/p>\n<p><span style=\"font-family: georgia, palatino, serif; font-size: 12pt;\">Die Daten werden f\u00fcr zwei Monate gespeichert, sie werden lediglich statistisch ausgewertet.<\/span><\/p>\n<h2><strong><span style=\"font-family: georgia, palatino, serif; font-size: 12pt;\">IV. Verwendung von Cookies<\/span><\/strong><\/h2>\n<p><span style=\"font-family: georgia, palatino, serif; font-size: 12pt;\">Wir verwenden keine Cookies.<\/span><\/p>\n<\/div>\n<h2><strong><span style=\"font-family: georgia, palatino, serif; font-size: 12pt;\">V. Speicherung personenbezogener Daten bei Kontaktaufnahme<\/span><\/strong><\/h2>\n<p><span style=\"font-family: georgia, palatino, serif; font-size: 12pt;\">Sofern Sie per E-Mail den Kontakt mit uns aufnehmen, werden die von Ihnen \u00fcbermittelten personenbezogenen Daten automatisch gespeichert. Diese Daten werden f\u00fcr Zwecke der Bearbeitung Ihres Anliegens und der Kontaktaufnahme mit Ihnen gespeichert.<\/span><\/p>\n<p><span style=\"font-family: georgia, palatino, serif; font-size: 12pt;\">Wenn Sie Gebrauch von unserem Kontaktformular machen, werden die folgenden personenbezogenen Daten von Ihnen gespeichert: Ihr Name, Ihre E-Mail-Adresse.<\/span><\/p>\n<p><span style=\"font-family: georgia, palatino, serif; font-size: 12pt;\">Die L\u00f6schung der Daten erfolgt, sobald deren Speicherung f\u00fcr die Bearbeitung Ihres Anliegens nicht mehr erforderlich ist.<\/span><\/p>\n<p><strong><span style=\"font-family: georgia, palatino, serif; font-size: 12pt;\">VI. Betroffenenrechte<\/span><\/strong><\/p>\n<p><span style=\"font-family: georgia, palatino, serif; font-size: 12pt;\">Sie k\u00f6nnen folgende Rechte geltend machen:<\/span><\/p>\n<h3><strong><span style=\"font-family: georgia, palatino, serif; font-size: 12pt;\">Auskunft\/ Akteneinsicht<\/span><\/strong><\/h3>\n<p><span style=\"font-family: georgia, palatino, serif; font-size: 12pt;\">Gem. Art. 15 DSGVO haben Sie das Recht, Auskunft bzw. Akteneinsicht \u00fcber die von uns verarbeiteten personenbezogenen Daten zu erhalten.<\/span><\/p>\n<h3><strong><span style=\"font-family: georgia, palatino, serif; font-size: 12pt;\">Berichtigung<\/span><\/strong><\/h3>\n<p><span style=\"font-family: georgia, palatino, serif; font-size: 12pt;\">Sind bei uns gespeicherte personenbezogene Daten unrichtig oder unvollst\u00e4ndig, haben Sie gem. Art. 16 DSGVO das Recht, diese berichtigen bzw. vervollst\u00e4ndigen zu lassen.<\/span><\/p>\n<h3><strong><span style=\"font-family: georgia, palatino, serif; font-size: 12pt;\">L\u00f6schung<\/span><\/strong><\/h3>\n<p><span style=\"font-family: georgia, palatino, serif; font-size: 12pt;\">Art. 17 DSGVO normiert das Recht auf L\u00f6schung personenbezogener Daten. Dieses Recht steht Ihnen insbesondere dann zu, wenn die Speicherung der personenbezogenen Daten zur Erf\u00fcllung unserer gesetzlichen Aufgaben nicht mehr erforderlich ist oder Sie Ihre Einwilligung zur Datenverarbeitung mit Wirkung f\u00fcr die Zukunft widerrufen haben.<\/span><\/p>\n<h3><strong><span style=\"font-family: georgia, palatino, serif; font-size: 12pt;\">Einschr\u00e4nkung der Verarbeitung<\/span><\/strong><\/h3>\n<p><span style=\"font-family: georgia, palatino, serif; font-size: 12pt;\">Gem. Art. 18 DSGVO k\u00f6nnen Sie die Einschr\u00e4nkung der personenbezogenen Daten verlangen, wenn<\/span><\/p>\n<ul>\n<li><span style=\"font-family: georgia, palatino, serif; font-size: 12pt;\">die Richtigkeit der Daten von Ihnen bestritten wird<\/span><\/li>\n<li><span style=\"font-family: georgia, palatino, serif; font-size: 12pt;\">die Verarbeitung unrechtm\u00e4\u00dfig ist, Sie aber deren L\u00f6schung ablehnen<\/span><\/li>\n<li><span style=\"font-family: georgia, palatino, serif; font-size: 12pt;\">wir die Daten nicht mehr ben\u00f6tigen, Sie jedoch diese zur Geltendmachung, Aus\u00fcbung oder Verteidigung von Rechtsanspr\u00fcchen ben\u00f6tigen<\/span><\/li>\n<li><span style=\"font-family: georgia, palatino, serif; font-size: 12pt;\">oder Sie gem\u00e4\u00df Art. 21 DSGVO Widerspruch gegen die Verarbeitung eingelegt haben<\/span><\/li>\n<\/ul>\n<h3><strong><span style=\"font-family: georgia, palatino, serif; font-size: 12pt;\">Widerspruch<\/span><\/strong><\/h3>\n<p><span style=\"font-family: georgia, palatino, serif; font-size: 12pt;\">Sie k\u00f6nnen bei Gr\u00fcnden, die sich aus Ihrer besonderen Situation ergeben, ein Widerspruchsrecht geltend machen. Gem. Art. 21 DSGVO ist jedoch zu ber\u00fccksichtigten, ob schutzw\u00fcrdige Gr\u00fcnde f\u00fcr die Verarbeitung vorliegen oder die Verarbeitung der Geltendmachung, Aus\u00fcbung oder Verteidigung von Rechtsanspr\u00fcchen dient.<\/span><\/p>\n<h3><strong><span style=\"font-family: georgia, palatino, serif; font-size: 12pt;\">Daten\u00fcbertragbarkeit<\/span><\/strong><\/h3>\n<p><span style=\"font-family: georgia, palatino, serif; font-size: 12pt;\">Ist die Verarbeitung Ihrer Daten mit \u00a0Hilfe eines automatisierten Verfahrens erfolgt, haben Sie gem. Art. 20 DSGVO das Recht, die Daten in einem g\u00e4ngigen und maschinenlesbaren Format zu erhalten und an eine andere Schule zu \u00fcbermitteln bzw. durch uns \u00fcbermitteln zu lassen.<\/span><\/p>\n<h3><strong><span style=\"font-family: georgia, palatino, serif; font-size: 12pt;\">Widerruf der Einwilligung<\/span><\/strong><\/h3>\n<p><span style=\"font-family: georgia, palatino, serif; font-size: 12pt;\">Sie haben gem. Art. 7 Absatz 3 DSGVO das Recht, uns erteilte Einwilligungen jederzeit mit Wirkung f\u00fcr die Zukunft zu widerrufen.<\/span><\/p>\n<h3><strong><span style=\"font-family: georgia, palatino, serif; font-size: 12pt;\">Beschwerde<\/span><\/strong><\/h3>\n<p><span style=\"font-family: georgia, palatino, serif; font-size: 12pt;\">Art. 77 DSGVO normiert ein Beschwerderecht bei der Aufsichtsbeh\u00f6rde. Die f\u00fcr uns zust\u00e4ndige Aufsichtsbeh\u00f6rde ist die Landesbeauftragte f\u00fcr den Datenschutz Niedersachsen, Prinzenstra\u00dfe 5, 30159 Hannover. E-Mail: <a href=\"mailto:poststelle@lfd.niedersachsen.de\">poststelle@lfd.niedersachsen.de<\/a><\/span><\/p>\t\t\t\t\t\t\t\t<\/div>\n\t\t\t\t<\/div>\n\t\t\t\t\t<\/div>\n\t\t<\/div>\n\t\t\t\t\t<\/div>\n\t\t<\/section>\n\t\t\t\t<\/div>","protected":false},"excerpt":{"rendered":"<p>Datenschutzerkl\u00e4rung \u00a0 I. Name und Anschrift des Verantwortlichen Gymnasium NordenhamBahnhofstr. 5226954 Nordenham Telefon: 04731-93950 E-Mail: verwaltung@gymnasium-nordenham.de Vertretungsberechtigt Oliver Horn, Schulleiter II. Kontaktdaten der oder des beh\u00f6rdlichen Datenschutzbeauftragten Tel.: 04731 93950E-Mail: datenschutzbeauftragter@gym-nordenham.de III. Bereitstellung der Website und Erstellung von Logfiles Bei &hellip; <a href=\"https:\/\/gymnasium-nordenham.de\/en\/privacy-policy\">Continue reading <span class=\"meta-nav\">&rarr;<\/span><\/a><\/p>","protected":false},"author":4,"featured_media":0,"parent":0,"menu_order":0,"comment_status":"closed","ping_status":"closed","template":"elementor_header_footer","meta":{"_crdt_document":"","footnotes":""},"class_list":["post-3","page","type-page","status-publish","hentry"],"yoast_head":"<!-- This site is optimized with the Yoast SEO plugin v27.3 - https:\/\/yoast.com\/product\/yoast-seo-wordpress\/ -->\n<title>Datenschutzbestimmungen - Gymnasium Nordenham<\/title>\n<meta name=\"robots\" content=\"index, follow, max-snippet:-1, max-image-preview:large, max-video-preview:-1\" \/>\n<link rel=\"canonical\" href=\"https:\/\/gymnasium-nordenham.de\/en\/privacy-policy\/\" \/>\n<meta property=\"og:locale\" content=\"en_GB\" \/>\n<meta property=\"og:type\" content=\"article\" \/>\n<meta property=\"og:title\" content=\"Datenschutzbestimmungen - Gymnasium Nordenham\" \/>\n<meta property=\"og:description\" content=\"Datenschutzerkl\u00e4rung \u00a0 I. Name und Anschrift des Verantwortlichen Gymnasium NordenhamBahnhofstr. 5226954 Nordenham Telefon: 04731-93950 E-Mail: verwaltung@gymnasium-nordenham.de Vertretungsberechtigt Oliver Horn, Schulleiter II. Kontaktdaten der oder des beh\u00f6rdlichen Datenschutzbeauftragten Tel.: 04731 93950E-Mail: datenschutzbeauftragter@gym-nordenham.de III. Bereitstellung der Website und Erstellung von Logfiles Bei &hellip; Continue reading &rarr;\" \/>\n<meta property=\"og:url\" content=\"https:\/\/gymnasium-nordenham.de\/en\/privacy-policy\/\" \/>\n<meta property=\"og:site_name\" content=\"Gymnasium Nordenham\" \/>\n<meta property=\"article:modified_time\" content=\"2023-10-08T10:44:49+00:00\" \/>\n<meta name=\"twitter:card\" content=\"summary_large_image\" \/>\n<meta name=\"twitter:label1\" content=\"Estimated reading time\" \/>\n\t<meta name=\"twitter:data1\" content=\"3 minutes\" \/>\n<script type=\"application\/ld+json\" class=\"yoast-schema-graph\">{\"@context\":\"https:\\\/\\\/schema.org\",\"@graph\":[{\"@type\":\"WebPage\",\"@id\":\"https:\\\/\\\/gymnasium-nordenham.de\\\/privacy-policy\",\"url\":\"https:\\\/\\\/gymnasium-nordenham.de\\\/privacy-policy\",\"name\":\"Datenschutzbestimmungen - Gymnasium Nordenham\",\"isPartOf\":{\"@id\":\"https:\\\/\\\/gymnasium-nordenham.de\\\/#website\"},\"datePublished\":\"2019-09-16T10:01:03+00:00\",\"dateModified\":\"2023-10-08T10:44:49+00:00\",\"breadcrumb\":{\"@id\":\"https:\\\/\\\/gymnasium-nordenham.de\\\/privacy-policy#breadcrumb\"},\"inLanguage\":\"en-GB\",\"potentialAction\":[{\"@type\":\"ReadAction\",\"target\":[\"https:\\\/\\\/gymnasium-nordenham.de\\\/privacy-policy\"]}]},{\"@type\":\"BreadcrumbList\",\"@id\":\"https:\\\/\\\/gymnasium-nordenham.de\\\/privacy-policy#breadcrumb\",\"itemListElement\":[{\"@type\":\"ListItem\",\"position\":1,\"name\":\"Startseite\",\"item\":\"https:\\\/\\\/gymnasium-nordenham.de\\\/\"},{\"@type\":\"ListItem\",\"position\":2,\"name\":\"Datenschutzbestimmungen\"}]},{\"@type\":\"WebSite\",\"@id\":\"https:\\\/\\\/gymnasium-nordenham.de\\\/#website\",\"url\":\"https:\\\/\\\/gymnasium-nordenham.de\\\/\",\"name\":\"Gymnasium Nordenham\",\"description\":\"Miteinander, voneinander und f\u00fcreinander lernen\",\"potentialAction\":[{\"@type\":\"SearchAction\",\"target\":{\"@type\":\"EntryPoint\",\"urlTemplate\":\"https:\\\/\\\/gymnasium-nordenham.de\\\/?s={search_term_string}\"},\"query-input\":{\"@type\":\"PropertyValueSpecification\",\"valueRequired\":true,\"valueName\":\"search_term_string\"}}],\"inLanguage\":\"en-GB\"}]}<\/script>\n<!-- \/ Yoast SEO plugin. -->","yoast_head_json":{"title":"Datenschutzbestimmungen - Gymnasium Nordenham","robots":{"index":"index","follow":"follow","max-snippet":"max-snippet:-1","max-image-preview":"max-image-preview:large","max-video-preview":"max-video-preview:-1"},"canonical":"https:\/\/gymnasium-nordenham.de\/en\/privacy-policy\/","og_locale":"en_GB","og_type":"article","og_title":"Datenschutzbestimmungen - Gymnasium Nordenham","og_description":"Datenschutzerkl\u00e4rung \u00a0 I. Name und Anschrift des Verantwortlichen Gymnasium NordenhamBahnhofstr. 5226954 Nordenham Telefon: 04731-93950 E-Mail: verwaltung@gymnasium-nordenham.de Vertretungsberechtigt Oliver Horn, Schulleiter II. Kontaktdaten der oder des beh\u00f6rdlichen Datenschutzbeauftragten Tel.: 04731 93950E-Mail: datenschutzbeauftragter@gym-nordenham.de III. Bereitstellung der Website und Erstellung von Logfiles Bei &hellip; Continue reading &rarr;","og_url":"https:\/\/gymnasium-nordenham.de\/en\/privacy-policy\/","og_site_name":"Gymnasium Nordenham","article_modified_time":"2023-10-08T10:44:49+00:00","twitter_card":"summary_large_image","twitter_misc":{"Estimated reading time":"3 minutes"},"schema":{"@context":"https:\/\/schema.org","@graph":[{"@type":"WebPage","@id":"https:\/\/gymnasium-nordenham.de\/privacy-policy","url":"https:\/\/gymnasium-nordenham.de\/privacy-policy","name":"Datenschutzbestimmungen - Gymnasium Nordenham","isPartOf":{"@id":"https:\/\/gymnasium-nordenham.de\/#website"},"datePublished":"2019-09-16T10:01:03+00:00","dateModified":"2023-10-08T10:44:49+00:00","breadcrumb":{"@id":"https:\/\/gymnasium-nordenham.de\/privacy-policy#breadcrumb"},"inLanguage":"en-GB","potentialAction":[{"@type":"ReadAction","target":["https:\/\/gymnasium-nordenham.de\/privacy-policy"]}]},{"@type":"BreadcrumbList","@id":"https:\/\/gymnasium-nordenham.de\/privacy-policy#breadcrumb","itemListElement":[{"@type":"ListItem","position":1,"name":"Startseite","item":"https:\/\/gymnasium-nordenham.de\/"},{"@type":"ListItem","position":2,"name":"Datenschutzbestimmungen"}]},{"@type":"WebSite","@id":"https:\/\/gymnasium-nordenham.de\/#website","url":"https:\/\/gymnasium-nordenham.de\/","name":"Gymnasium Nordenham","description":"Miteinander, voneinander und f\u00fcreinander lernen","potentialAction":[{"@type":"SearchAction","target":{"@type":"EntryPoint","urlTemplate":"https:\/\/gymnasium-nordenham.de\/?s={search_term_string}"},"query-input":{"@type":"PropertyValueSpecification","valueRequired":true,"valueName":"search_term_string"}}],"inLanguage":"en-GB"}]}},"_links":{"self":[{"href":"https:\/\/gymnasium-nordenham.de\/en\/wp-json\/wp\/v2\/pages\/3","targetHints":{"allow":["GET"]}}],"collection":[{"href":"https:\/\/gymnasium-nordenham.de\/en\/wp-json\/wp\/v2\/pages"}],"about":[{"href":"https:\/\/gymnasium-nordenham.de\/en\/wp-json\/wp\/v2\/types\/page"}],"author":[{"embeddable":true,"href":"https:\/\/gymnasium-nordenham.de\/en\/wp-json\/wp\/v2\/users\/4"}],"replies":[{"embeddable":true,"href":"https:\/\/gymnasium-nordenham.de\/en\/wp-json\/wp\/v2\/comments?post=3"}],"version-history":[{"count":0,"href":"https:\/\/gymnasium-nordenham.de\/en\/wp-json\/wp\/v2\/pages\/3\/revisions"}],"wp:attachment":[{"href":"https:\/\/gymnasium-nordenham.de\/en\/wp-json\/wp\/v2\/media?parent=3"}],"curies":[{"name":"wp","href":"https:\/\/api.w.org\/{rel}","templated":true}]}}