{"id":2983,"date":"2020-12-21T13:27:30","date_gmt":"2020-12-21T12:27:30","guid":{"rendered":"https:\/\/gymnasiumnordenhamtest.live-website.com\/?page_id=2983"},"modified":"2021-01-11T16:24:08","modified_gmt":"2021-01-11T15:24:08","slug":"schulsanitaetsdienst-ag","status":"publish","type":"page","link":"https:\/\/gymnasium-nordenham.de\/en\/schulsanitaetsdienst-ag","title":{"rendered":"Schulsanit\u00e4tsdienst AG"},"content":{"rendered":"\t\t<div data-elementor-type=\"wp-page\" data-elementor-id=\"2983\" class=\"elementor elementor-2983\" data-elementor-post-type=\"page\">\n\t\t\t\t\t\t<section class=\"elementor-section elementor-top-section elementor-element elementor-element-5257c4b elementor-section-full_width elementor-section-height-default elementor-section-height-default\" data-id=\"5257c4b\" data-element_type=\"section\" data-e-type=\"section\">\n\t\t\t\t\t\t<div class=\"elementor-container elementor-column-gap-default\">\n\t\t\t\t\t<div class=\"elementor-column elementor-col-100 elementor-top-column elementor-element elementor-element-929ce8f\" data-id=\"929ce8f\" data-element_type=\"column\" data-e-type=\"column\" data-settings=\"{&quot;background_background&quot;:&quot;classic&quot;}\">\n\t\t\t<div class=\"elementor-widget-wrap elementor-element-populated\">\n\t\t\t\t\t\t<div class=\"elementor-element elementor-element-de78d44 elementor-widget elementor-widget-heading\" data-id=\"de78d44\" data-element_type=\"widget\" data-e-type=\"widget\" data-widget_type=\"heading.default\">\n\t\t\t\t<div class=\"elementor-widget-container\">\n\t\t\t\t\t<h2 class=\"elementor-heading-title elementor-size-large\">AG: Schulsanit\u00e4tsdienst<\/h2>\t\t\t\t<\/div>\n\t\t\t\t<\/div>\n\t\t\t\t\t<\/div>\n\t\t<\/div>\n\t\t\t\t\t<\/div>\n\t\t<\/section>\n\t\t\t\t<section class=\"elementor-section elementor-top-section elementor-element elementor-element-9215942 elementor-section-full_width elementor-section-height-default elementor-section-height-default\" data-id=\"9215942\" data-element_type=\"section\" data-e-type=\"section\">\n\t\t\t\t\t\t<div class=\"elementor-container elementor-column-gap-default\">\n\t\t\t\t\t<div class=\"elementor-column elementor-col-66 elementor-top-column elementor-element elementor-element-bc4bb8e\" data-id=\"bc4bb8e\" data-element_type=\"column\" data-e-type=\"column\">\n\t\t\t<div class=\"elementor-widget-wrap elementor-element-populated\">\n\t\t\t\t\t\t<div class=\"elementor-element elementor-element-d0fc3c6 elementor-widget__width-auto elementor-nav-menu--dropdown-tablet elementor-nav-menu__text-align-aside elementor-nav-menu--toggle elementor-nav-menu--burger elementor-invisible elementor-widget elementor-widget-nav-menu\" data-id=\"d0fc3c6\" data-element_type=\"widget\" data-e-type=\"widget\" data-settings=\"{&quot;_animation&quot;:&quot;zoomIn&quot;,&quot;layout&quot;:&quot;horizontal&quot;,&quot;submenu_icon&quot;:{&quot;value&quot;:&quot;&lt;i class=\\&quot;fas fa-caret-down\\&quot; aria-hidden=\\&quot;true\\&quot;&gt;&lt;\\\/i&gt;&quot;,&quot;library&quot;:&quot;fa-solid&quot;},&quot;toggle&quot;:&quot;burger&quot;}\" data-widget_type=\"nav-menu.default\">\n\t\t\t\t<div class=\"elementor-widget-container\">\n\t\t\t\t\t\t\t\t<nav aria-label=\"Menu\" class=\"elementor-nav-menu--main elementor-nav-menu__container elementor-nav-menu--layout-horizontal e--pointer-none\">\n\t\t\t\t<ul id=\"menu-1-d0fc3c6\" class=\"elementor-nav-menu\"><li class=\"menu-item menu-item-type-post_type menu-item-object-page menu-item-1115\"><a href=\"https:\/\/gymnasium-nordenham.de\/en\/fach-x-biologie\" class=\"elementor-item\">Biologie am GN<\/a><\/li>\n<li class=\"menu-item menu-item-type-post_type menu-item-object-page menu-item-1111\"><a href=\"https:\/\/gymnasium-nordenham.de\/en\/fach-x-biologie-lehrwerke\" class=\"elementor-item\">Lehrwerke<\/a><\/li>\n<li class=\"menu-item menu-item-type-post_type menu-item-object-page menu-item-1113\"><a href=\"https:\/\/gymnasium-nordenham.de\/en\/fach-x-biologie-curricula\" class=\"elementor-item\">Curricula<\/a><\/li>\n<li class=\"menu-item menu-item-type-post_type menu-item-object-page menu-item-1112\"><a href=\"https:\/\/gymnasium-nordenham.de\/en\/fach-x-biologie-klassenarbeiten-und-klausuren\" class=\"elementor-item\">Klassenarbeiten und Klausuren<\/a><\/li>\n<li class=\"menu-item menu-item-type-post_type menu-item-object-page menu-item-1110\"><a href=\"https:\/\/gymnasium-nordenham.de\/en\/fach-x-biologie-weitere-angebote\" class=\"elementor-item\">Weitere Angebote<\/a><\/li>\n<\/ul>\t\t\t<\/nav>\n\t\t\t\t\t<div class=\"elementor-menu-toggle\" role=\"button\" tabindex=\"0\" aria-label=\"Menu Toggle\" aria-expanded=\"false\">\n\t\t\t<i aria-hidden=\"true\" role=\"presentation\" class=\"elementor-menu-toggle__icon--open eicon-menu-bar\"><\/i><i aria-hidden=\"true\" role=\"presentation\" class=\"elementor-menu-toggle__icon--close eicon-close\"><\/i>\t\t<\/div>\n\t\t\t\t\t<nav class=\"elementor-nav-menu--dropdown elementor-nav-menu__container\" aria-hidden=\"true\">\n\t\t\t\t<ul id=\"menu-2-d0fc3c6\" class=\"elementor-nav-menu\"><li class=\"menu-item menu-item-type-post_type menu-item-object-page menu-item-1115\"><a href=\"https:\/\/gymnasium-nordenham.de\/en\/fach-x-biologie\" class=\"elementor-item\" tabindex=\"-1\">Biologie am GN<\/a><\/li>\n<li class=\"menu-item menu-item-type-post_type menu-item-object-page menu-item-1111\"><a href=\"https:\/\/gymnasium-nordenham.de\/en\/fach-x-biologie-lehrwerke\" class=\"elementor-item\" tabindex=\"-1\">Lehrwerke<\/a><\/li>\n<li class=\"menu-item menu-item-type-post_type menu-item-object-page menu-item-1113\"><a href=\"https:\/\/gymnasium-nordenham.de\/en\/fach-x-biologie-curricula\" class=\"elementor-item\" tabindex=\"-1\">Curricula<\/a><\/li>\n<li class=\"menu-item menu-item-type-post_type menu-item-object-page menu-item-1112\"><a href=\"https:\/\/gymnasium-nordenham.de\/en\/fach-x-biologie-klassenarbeiten-und-klausuren\" class=\"elementor-item\" tabindex=\"-1\">Klassenarbeiten und Klausuren<\/a><\/li>\n<li class=\"menu-item menu-item-type-post_type menu-item-object-page menu-item-1110\"><a href=\"https:\/\/gymnasium-nordenham.de\/en\/fach-x-biologie-weitere-angebote\" class=\"elementor-item\" tabindex=\"-1\">Weitere Angebote<\/a><\/li>\n<\/ul>\t\t\t<\/nav>\n\t\t\t\t\t\t<\/div>\n\t\t\t\t<\/div>\n\t\t\t\t<div class=\"elementor-element elementor-element-381246b elementor-widget elementor-widget-image\" data-id=\"381246b\" data-element_type=\"widget\" data-e-type=\"widget\" data-widget_type=\"image.default\">\n\t\t\t\t<div class=\"elementor-widget-container\">\n\t\t\t\t\t\t\t\t\t\t\t\t\t\t\t<img fetchpriority=\"high\" decoding=\"async\" width=\"1552\" height=\"873\" src=\"https:\/\/gymnasium-nordenham.de\/wp-content\/uploads\/2020\/12\/2020-05-07-001.jpg\" class=\"attachment-2048x2048 size-2048x2048 wp-image-2810\" alt=\"\" srcset=\"https:\/\/gymnasium-nordenham.de\/wp-content\/uploads\/2020\/12\/2020-05-07-001.jpg 1552w, https:\/\/gymnasium-nordenham.de\/wp-content\/uploads\/2020\/12\/2020-05-07-001-300x169.jpg 300w, https:\/\/gymnasium-nordenham.de\/wp-content\/uploads\/2020\/12\/2020-05-07-001-1024x576.jpg 1024w, https:\/\/gymnasium-nordenham.de\/wp-content\/uploads\/2020\/12\/2020-05-07-001-768x432.jpg 768w, https:\/\/gymnasium-nordenham.de\/wp-content\/uploads\/2020\/12\/2020-05-07-001-1536x864.jpg 1536w\" sizes=\"(max-width: 1552px) 100vw, 1552px\" \/>\t\t\t\t\t\t\t\t\t\t\t\t\t\t\t<\/div>\n\t\t\t\t<\/div>\n\t\t\t\t<div class=\"elementor-element elementor-element-cf5fd3c elementor-widget elementor-widget-text-editor\" data-id=\"cf5fd3c\" data-element_type=\"widget\" data-e-type=\"widget\" data-widget_type=\"text-editor.default\">\n\t\t\t\t<div class=\"elementor-widget-container\">\n\t\t\t\t\t\t\t\t\t<p style=\"text-align: justify;\"><span style=\"font-size: 12pt; font-family: georgia, palatino, serif;\"><strong>Ausbildung der Schulsanit\u00e4ter am Gymnasium Nordenham<\/strong><\/span><\/p><p style=\"text-align: justify;\"><span style=\"font-size: 12pt; font-family: georgia, palatino, serif;\">\u201eIhr seid in guten H\u00e4nden\u201c! <br \/><\/span><\/p><p style=\"text-align: justify;\"><span style=\"font-size: 12pt; font-family: georgia, palatino, serif;\">Seit 2003 gibt es am Gymnasium Nordenham die Arbeitsgemeinschaft (AG) \u201eSchulsanit\u00e4tsdienst\u201c. Sie setzt sich zur Zeit aus 21 Sch\u00fcler\/innen plus der betreuenden Lehrkraft, Frau Wassmann, zusammen. Sobald die Schulsanit\u00e4ter \u00fcber spezielle Handys \u00fcber ein Geschehen informiert werden, machen sie sich auf den Weg, um ihren Mitsch\u00fclerinnen und Mitsch\u00fclern oder Lehrerinnen und Lehrern bei Unf\u00e4llen, Verletzungen oder akuten gesundheitlichen Problemen zu helfen. Somit ist die Arbeit des Schulsanit\u00e4tsdienstes ein wichtiger und wertvoller Bestandteil des schulischen Lebens am Gymnasium Nordenham. Au\u00dfer, dass durch ihn eine schnelle und kompetente Hilfe bzw. Erstversorgung gew\u00e4hrleistet wird, bietet der \u201eDienst am Menschen\u201c den teilnehmenden Sch\u00fclerinnen und Sch\u00fclern die Gelegenheit, soziale Kompetenzen zu erwerben und sich charakterlich durch die ehrenamtliche Arbeit weiterzuentwickeln. Somit werden den Jugendlichen und jungen Erwachsenen Lernerfahrungen in einem Praxisbereich er\u00f6ffnet, die der normale Schulalltag nicht bieten kann. Der Schulsanit\u00e4tsdienst ist daher auch eine Berufsorientierung hinsichtlich sozialer Berufe.<sup>[1]<\/sup><\/span><\/p><p style=\"text-align: justify;\"><span style=\"font-size: 12pt; font-family: georgia, palatino, serif;\">Sch\u00fclerinnen und Sch\u00fcler k\u00f6nnen ab dem neunten Jahrgang aufw\u00e4rts an dieser AG teilnehmen, nachdem sie sowohl den f\u00fcr sie im Rahmen des Schulprogramms vorgesehenen, in der Schule stattfindenden Erste-Hilfe-Kurs als auch weitere Fortbildungsstunden zum Schulsanit\u00e4ter absolviert haben. Diese Vertiefung und \u00dcberpr\u00fcfung der Inhalte findet in Kooperation mit der Johanniter Unfallhilfe Nordenham statt.<\/span><\/p><p style=\"text-align: justify;\"><span style=\"font-size: 12pt; font-family: georgia, palatino, serif;\"><strong>Aufgaben der Schulsanit\u00e4ter<\/strong><\/span><\/p><p style=\"text-align: justify;\"><span style=\"font-size: 12pt; font-family: georgia, palatino, serif;\">Die Hauptaufgabe der Schulsanit\u00e4ter ist es, bei Unf\u00e4llen oder akuten Krankheitserscheinungen Erste Hilfe zu leisten. Jeder der Schulsanit\u00e4ter ist zusammen mit mindestens zwei weiteren f\u00fcr einen Tag in der Woche f\u00fcr den \u201eDienst\u201c eingeteilt und muss, sobald sich zum Beispiel ein Unfall auf dem Schulgel\u00e4nde ereignet hat, nach Verst\u00e4ndigung \u00fcber das Diensthandy wie folgt handeln: Aus dem Unterricht heraus, Sanit\u00e4tstasche holen, hin zum Verletzten, die Lage \u00fcberblicken und richtig einsch\u00e4tzen. Danach folgt die Versorgung. Wenn n\u00f6tig, wird ein Krankenwagen \/ Notarzt gerufen oder die verletzte, erkrankte Person in die Obhut der Eltern \u00fcbergeben. W\u00e4hrend des Einsatzes oder kurze Zeit danach wird zur Dokumentation ein Protokoll angefertigt.<\/span><\/p><p style=\"text-align: justify;\"><span style=\"font-size: 12pt; font-family: georgia, palatino, serif;\">Weiterhin stellen die Jugendlichen die medizinische Erstversorgung auch bei Schulveranstaltungen und Sportfesten sicher.<\/span><\/p><p style=\"text-align: justify;\"><span style=\"font-size: 12pt; font-family: georgia, palatino, serif;\"><strong>Schlusswort\u00a0<\/strong><\/span><\/p><p style=\"text-align: justify;\"><span style=\"font-size: 12pt; font-family: georgia, palatino, serif;\">\u201eWir werden immer das Beste geben, um unseren Mitsch\u00fcler\/innen und Lehrer\/innen in Notsituationen helfen zu k\u00f6nnen\u201c<\/span><\/p><p style=\"text-align: justify;\"><span style=\"font-size: 12pt; font-family: georgia, palatino, serif;\">&#8230; und damit das m\u00f6glich ist, m\u00f6chten wir uns bei der Schulleitung, dem Elternrat und F\u00f6rderverein des Gymnasiums Nordenham sowie dem GUV Oldenburg bedanken, die die Arbeitsgemeinschaft \u201eSchulsanit\u00e4tsdienst\u201c finanziell unterst\u00fctzen.<\/span><\/p><p style=\"text-align: justify;\"><span style=\"font-size: 12pt; font-family: georgia, palatino, serif;\">verfasst von Meike Wassmann\u00a0<\/span><\/p><p style=\"text-align: justify;\"><span style=\"font-size: 12pt; font-family: georgia, palatino, serif;\">[1] Teilweise entnommen aus der von der GeKo des Gymnasiums beschlossenen Vorlage.<\/span><\/p><p style=\"text-align: justify;\"><span style=\"font-size: 12pt; font-family: georgia, palatino, serif;\">[2] menschliche Anatomie, Einf\u00fchrung u.a. in die Thematiken \u201eHerz-Kreislauf-System\u201c, \u201eBewusstsein\u201c, \u201eStoffwechsel\u201c, \u201eVerletzungen des St\u00fctz- und Bewegungsapparates\u201c plus vieler schulrelevanter Fallbeispiele\u00a0<\/span><\/p><p style=\"text-align: justify;\"><span style=\"font-size: 12pt; font-family: georgia, palatino, serif;\">[3] seit 2010 Kooperationspartner des Gymnasiums<\/span><\/p>\t\t\t\t\t\t\t\t<\/div>\n\t\t\t\t<\/div>\n\t\t\t\t\t<\/div>\n\t\t<\/div>\n\t\t\t\t<div class=\"elementor-column elementor-col-33 elementor-top-column elementor-element elementor-element-c25fcbf\" data-id=\"c25fcbf\" data-element_type=\"column\" data-e-type=\"column\">\n\t\t\t<div class=\"elementor-widget-wrap elementor-element-populated\">\n\t\t\t\t\t\t<div class=\"elementor-element elementor-element-497df0a elementor-invisible elementor-widget elementor-widget-wp-widget-nav_menu\" data-id=\"497df0a\" data-element_type=\"widget\" data-e-type=\"widget\" data-settings=\"{&quot;_animation&quot;:&quot;fadeInUp&quot;}\" data-widget_type=\"wp-widget-nav_menu.default\">\n\t\t\t\t<div class=\"elementor-widget-container\">\n\t\t\t\t\t<div class=\"menu-untermenue-schulleben-container\"><ul id=\"menu-untermenue-schulleben\" class=\"menu\"><li id=\"menu-item-12330\" class=\"menu-item menu-item-type-post_type menu-item-object-page menu-item-12330\"><a href=\"https:\/\/gymnasium-nordenham.de\/en\/ag-ubersicht-ubersicht\">AG-\u00dcbersicht<\/a><\/li>\n<li id=\"menu-item-11712\" class=\"menu-item menu-item-type-post_type menu-item-object-page menu-item-11712\"><a href=\"https:\/\/gymnasium-nordenham.de\/en\/astronomie\">Astronomie<\/a><\/li>\n<li id=\"menu-item-4251\" class=\"menu-item menu-item-type-post_type menu-item-object-page menu-item-4251\"><a href=\"https:\/\/gymnasium-nordenham.de\/en\/bewegte-pause\">Bewegte Pause<\/a><\/li>\n<li id=\"menu-item-3930\" class=\"menu-item menu-item-type-post_type menu-item-object-page menu-item-3930\"><a href=\"https:\/\/gymnasium-nordenham.de\/en\/blaeserklasse\">Bl\u00e4serklasse<\/a><\/li>\n<li id=\"menu-item-2565\" class=\"menu-item menu-item-type-post_type menu-item-object-page menu-item-2565\"><a href=\"https:\/\/gymnasium-nordenham.de\/en\/erste-hilfe-kurs\">Erste Hilfe Kurs<\/a><\/li>\n<li id=\"menu-item-2586\" class=\"menu-item menu-item-type-post_type menu-item-object-page menu-item-2586\"><a href=\"https:\/\/gymnasium-nordenham.de\/en\/lernen-lernen\">Lernen lernen<\/a><\/li>\n<li id=\"menu-item-4059\" class=\"menu-item menu-item-type-post_type menu-item-object-page menu-item-4059\"><a href=\"https:\/\/gymnasium-nordenham.de\/en\/schueleraustausch\">Sch\u00fcleraustausch<\/a><\/li>\n<li id=\"menu-item-2709\" class=\"menu-item menu-item-type-post_type menu-item-object-page menu-item-2709\"><a href=\"https:\/\/gymnasium-nordenham.de\/en\/studien-und-berufsinfomesse\">Studien- und Berufsinfomesse<\/a><\/li>\n<li id=\"menu-item-2668\" class=\"menu-item menu-item-type-post_type menu-item-object-page menu-item-2668\"><a href=\"https:\/\/gymnasium-nordenham.de\/en\/patenprojekt\">Patenprojekt<\/a><\/li>\n<\/ul><\/div>\t\t\t\t<\/div>\n\t\t\t\t<\/div>\n\t\t\t\t\t<\/div>\n\t\t<\/div>\n\t\t\t\t\t<\/div>\n\t\t<\/section>\n\t\t\t\t<section class=\"elementor-section elementor-top-section elementor-element elementor-element-45a5691 elementor-section-boxed elementor-section-height-default elementor-section-height-default\" data-id=\"45a5691\" data-element_type=\"section\" data-e-type=\"section\">\n\t\t\t\t\t\t<div class=\"elementor-container elementor-column-gap-default\">\n\t\t\t\t\t<div class=\"elementor-column elementor-col-100 elementor-top-column elementor-element elementor-element-ecafff6\" data-id=\"ecafff6\" data-element_type=\"column\" data-e-type=\"column\">\n\t\t\t<div class=\"elementor-widget-wrap\">\n\t\t\t\t\t\t\t<\/div>\n\t\t<\/div>\n\t\t\t\t\t<\/div>\n\t\t<\/section>\n\t\t\t\t<\/div>\n\t\t","protected":false},"excerpt":{"rendered":"<p>AG: Schulsanit\u00e4tsdienst Ausbildung der Schulsanit\u00e4ter am Gymnasium Nordenham \u201eIhr seid in guten H\u00e4nden\u201c! Seit 2003 gibt es am Gymnasium Nordenham die Arbeitsgemeinschaft (AG) \u201eSchulsanit\u00e4tsdienst\u201c. Sie setzt sich zur Zeit aus 21 Sch\u00fcler\/innen plus der betreuenden Lehrkraft, Frau Wassmann, zusammen. Sobald &hellip; <a href=\"https:\/\/gymnasium-nordenham.de\/en\/schulsanitaetsdienst-ag\">Continue reading <span class=\"meta-nav\">&rarr;<\/span><\/a><\/p>","protected":false},"author":4,"featured_media":0,"parent":0,"menu_order":0,"comment_status":"closed","ping_status":"closed","template":"elementor_header_footer","meta":{"_crdt_document":"","footnotes":""},"class_list":["post-2983","page","type-page","status-publish","hentry"],"yoast_head":"<!-- This site is optimized with the Yoast SEO plugin v27.5 - https:\/\/yoast.com\/product\/yoast-seo-wordpress\/ -->\n<title>Schulsanit\u00e4tsdienst AG - Gymnasium Nordenham<\/title>\n<meta name=\"robots\" content=\"index, follow, max-snippet:-1, max-image-preview:large, max-video-preview:-1\" \/>\n<link rel=\"canonical\" href=\"https:\/\/gymnasium-nordenham.de\/en\/schulsanitaetsdienst-ag\/\" \/>\n<meta property=\"og:locale\" content=\"en_GB\" \/>\n<meta property=\"og:type\" content=\"article\" \/>\n<meta property=\"og:title\" content=\"Schulsanit\u00e4tsdienst AG - Gymnasium Nordenham\" \/>\n<meta property=\"og:description\" content=\"AG: Schulsanit\u00e4tsdienst Ausbildung der Schulsanit\u00e4ter am Gymnasium Nordenham \u201eIhr seid in guten H\u00e4nden\u201c! Seit 2003 gibt es am Gymnasium Nordenham die Arbeitsgemeinschaft (AG) \u201eSchulsanit\u00e4tsdienst\u201c. Sie setzt sich zur Zeit aus 21 Sch\u00fcler\/innen plus der betreuenden Lehrkraft, Frau Wassmann, zusammen. Sobald &hellip; Continue reading &rarr;\" \/>\n<meta property=\"og:url\" content=\"https:\/\/gymnasium-nordenham.de\/en\/schulsanitaetsdienst-ag\/\" \/>\n<meta property=\"og:site_name\" content=\"Gymnasium Nordenham\" \/>\n<meta property=\"article:modified_time\" content=\"2021-01-11T15:24:08+00:00\" \/>\n<meta property=\"og:image\" content=\"https:\/\/gymnasium-nordenham.de\/wp-content\/uploads\/2020\/12\/2020-05-07-001.jpg\" \/>\n<meta name=\"twitter:card\" content=\"summary_large_image\" \/>\n<meta name=\"twitter:label1\" content=\"Estimated reading time\" \/>\n\t<meta name=\"twitter:data1\" content=\"2 minutes\" \/>\n<script type=\"application\/ld+json\" class=\"yoast-schema-graph\">{\"@context\":\"https:\\\/\\\/schema.org\",\"@graph\":[{\"@type\":\"WebPage\",\"@id\":\"https:\\\/\\\/gymnasium-nordenham.de\\\/schulsanitaetsdienst-ag\",\"url\":\"https:\\\/\\\/gymnasium-nordenham.de\\\/schulsanitaetsdienst-ag\",\"name\":\"Schulsanit\u00e4tsdienst AG - Gymnasium Nordenham\",\"isPartOf\":{\"@id\":\"https:\\\/\\\/gymnasium-nordenham.de\\\/#website\"},\"primaryImageOfPage\":{\"@id\":\"https:\\\/\\\/gymnasium-nordenham.de\\\/schulsanitaetsdienst-ag#primaryimage\"},\"image\":{\"@id\":\"https:\\\/\\\/gymnasium-nordenham.de\\\/schulsanitaetsdienst-ag#primaryimage\"},\"thumbnailUrl\":\"https:\\\/\\\/gymnasium-nordenham.de\\\/wp-content\\\/uploads\\\/2020\\\/12\\\/2020-05-07-001.jpg\",\"datePublished\":\"2020-12-21T12:27:30+00:00\",\"dateModified\":\"2021-01-11T15:24:08+00:00\",\"breadcrumb\":{\"@id\":\"https:\\\/\\\/gymnasium-nordenham.de\\\/schulsanitaetsdienst-ag#breadcrumb\"},\"inLanguage\":\"en-GB\",\"potentialAction\":[{\"@type\":\"ReadAction\",\"target\":[\"https:\\\/\\\/gymnasium-nordenham.de\\\/schulsanitaetsdienst-ag\"]}]},{\"@type\":\"ImageObject\",\"inLanguage\":\"en-GB\",\"@id\":\"https:\\\/\\\/gymnasium-nordenham.de\\\/schulsanitaetsdienst-ag#primaryimage\",\"url\":\"https:\\\/\\\/gymnasium-nordenham.de\\\/wp-content\\\/uploads\\\/2020\\\/12\\\/2020-05-07-001.jpg\",\"contentUrl\":\"https:\\\/\\\/gymnasium-nordenham.de\\\/wp-content\\\/uploads\\\/2020\\\/12\\\/2020-05-07-001.jpg\"},{\"@type\":\"BreadcrumbList\",\"@id\":\"https:\\\/\\\/gymnasium-nordenham.de\\\/schulsanitaetsdienst-ag#breadcrumb\",\"itemListElement\":[{\"@type\":\"ListItem\",\"position\":1,\"name\":\"Startseite\",\"item\":\"https:\\\/\\\/gymnasium-nordenham.de\\\/\"},{\"@type\":\"ListItem\",\"position\":2,\"name\":\"Schulsanit\u00e4tsdienst AG\"}]},{\"@type\":\"WebSite\",\"@id\":\"https:\\\/\\\/gymnasium-nordenham.de\\\/#website\",\"url\":\"https:\\\/\\\/gymnasium-nordenham.de\\\/\",\"name\":\"Gymnasium Nordenham\",\"description\":\"Miteinander, voneinander und f\u00fcreinander lernen\",\"potentialAction\":[{\"@type\":\"SearchAction\",\"target\":{\"@type\":\"EntryPoint\",\"urlTemplate\":\"https:\\\/\\\/gymnasium-nordenham.de\\\/?s={search_term_string}\"},\"query-input\":{\"@type\":\"PropertyValueSpecification\",\"valueRequired\":true,\"valueName\":\"search_term_string\"}}],\"inLanguage\":\"en-GB\"}]}<\/script>\n<!-- \/ Yoast SEO plugin. -->","yoast_head_json":{"title":"Schulsanit\u00e4tsdienst AG - Gymnasium Nordenham","robots":{"index":"index","follow":"follow","max-snippet":"max-snippet:-1","max-image-preview":"max-image-preview:large","max-video-preview":"max-video-preview:-1"},"canonical":"https:\/\/gymnasium-nordenham.de\/en\/schulsanitaetsdienst-ag\/","og_locale":"en_GB","og_type":"article","og_title":"Schulsanit\u00e4tsdienst AG - Gymnasium Nordenham","og_description":"AG: Schulsanit\u00e4tsdienst Ausbildung der Schulsanit\u00e4ter am Gymnasium Nordenham \u201eIhr seid in guten H\u00e4nden\u201c! Seit 2003 gibt es am Gymnasium Nordenham die Arbeitsgemeinschaft (AG) \u201eSchulsanit\u00e4tsdienst\u201c. Sie setzt sich zur Zeit aus 21 Sch\u00fcler\/innen plus der betreuenden Lehrkraft, Frau Wassmann, zusammen. Sobald &hellip; Continue reading &rarr;","og_url":"https:\/\/gymnasium-nordenham.de\/en\/schulsanitaetsdienst-ag\/","og_site_name":"Gymnasium Nordenham","article_modified_time":"2021-01-11T15:24:08+00:00","og_image":[{"url":"https:\/\/gymnasium-nordenham.de\/wp-content\/uploads\/2020\/12\/2020-05-07-001.jpg","type":"","width":"","height":""}],"twitter_card":"summary_large_image","twitter_misc":{"Estimated reading time":"2 minutes"},"schema":{"@context":"https:\/\/schema.org","@graph":[{"@type":"WebPage","@id":"https:\/\/gymnasium-nordenham.de\/schulsanitaetsdienst-ag","url":"https:\/\/gymnasium-nordenham.de\/schulsanitaetsdienst-ag","name":"Schulsanit\u00e4tsdienst AG - Gymnasium Nordenham","isPartOf":{"@id":"https:\/\/gymnasium-nordenham.de\/#website"},"primaryImageOfPage":{"@id":"https:\/\/gymnasium-nordenham.de\/schulsanitaetsdienst-ag#primaryimage"},"image":{"@id":"https:\/\/gymnasium-nordenham.de\/schulsanitaetsdienst-ag#primaryimage"},"thumbnailUrl":"https:\/\/gymnasium-nordenham.de\/wp-content\/uploads\/2020\/12\/2020-05-07-001.jpg","datePublished":"2020-12-21T12:27:30+00:00","dateModified":"2021-01-11T15:24:08+00:00","breadcrumb":{"@id":"https:\/\/gymnasium-nordenham.de\/schulsanitaetsdienst-ag#breadcrumb"},"inLanguage":"en-GB","potentialAction":[{"@type":"ReadAction","target":["https:\/\/gymnasium-nordenham.de\/schulsanitaetsdienst-ag"]}]},{"@type":"ImageObject","inLanguage":"en-GB","@id":"https:\/\/gymnasium-nordenham.de\/schulsanitaetsdienst-ag#primaryimage","url":"https:\/\/gymnasium-nordenham.de\/wp-content\/uploads\/2020\/12\/2020-05-07-001.jpg","contentUrl":"https:\/\/gymnasium-nordenham.de\/wp-content\/uploads\/2020\/12\/2020-05-07-001.jpg"},{"@type":"BreadcrumbList","@id":"https:\/\/gymnasium-nordenham.de\/schulsanitaetsdienst-ag#breadcrumb","itemListElement":[{"@type":"ListItem","position":1,"name":"Startseite","item":"https:\/\/gymnasium-nordenham.de\/"},{"@type":"ListItem","position":2,"name":"Schulsanit\u00e4tsdienst AG"}]},{"@type":"WebSite","@id":"https:\/\/gymnasium-nordenham.de\/#website","url":"https:\/\/gymnasium-nordenham.de\/","name":"Gymnasium Nordenham","description":"Miteinander, voneinander und f\u00fcreinander lernen","potentialAction":[{"@type":"SearchAction","target":{"@type":"EntryPoint","urlTemplate":"https:\/\/gymnasium-nordenham.de\/?s={search_term_string}"},"query-input":{"@type":"PropertyValueSpecification","valueRequired":true,"valueName":"search_term_string"}}],"inLanguage":"en-GB"}]}},"_links":{"self":[{"href":"https:\/\/gymnasium-nordenham.de\/en\/wp-json\/wp\/v2\/pages\/2983","targetHints":{"allow":["GET"]}}],"collection":[{"href":"https:\/\/gymnasium-nordenham.de\/en\/wp-json\/wp\/v2\/pages"}],"about":[{"href":"https:\/\/gymnasium-nordenham.de\/en\/wp-json\/wp\/v2\/types\/page"}],"author":[{"embeddable":true,"href":"https:\/\/gymnasium-nordenham.de\/en\/wp-json\/wp\/v2\/users\/4"}],"replies":[{"embeddable":true,"href":"https:\/\/gymnasium-nordenham.de\/en\/wp-json\/wp\/v2\/comments?post=2983"}],"version-history":[{"count":0,"href":"https:\/\/gymnasium-nordenham.de\/en\/wp-json\/wp\/v2\/pages\/2983\/revisions"}],"wp:attachment":[{"href":"https:\/\/gymnasium-nordenham.de\/en\/wp-json\/wp\/v2\/media?parent=2983"}],"curies":[{"name":"wp","href":"https:\/\/api.w.org\/{rel}","templated":true}]}}