{"id":2981,"date":"2020-12-21T13:26:48","date_gmt":"2020-12-21T12:26:48","guid":{"rendered":"https:\/\/gymnasiumnordenhamtest.live-website.com\/?page_id=2981"},"modified":"2020-12-21T13:46:26","modified_gmt":"2020-12-21T12:46:26","slug":"schach-go","status":"publish","type":"page","link":"https:\/\/gymnasium-nordenham.de\/en\/schach-go","title":{"rendered":"Schach &#038; Go"},"content":{"rendered":"<div data-elementor-type=\"wp-page\" data-elementor-id=\"2981\" class=\"elementor elementor-2981\" data-elementor-post-type=\"page\">\n\t\t\t\t\t\t<section class=\"elementor-section elementor-top-section elementor-element elementor-element-5257c4b elementor-section-full_width elementor-section-height-default elementor-section-height-default\" data-id=\"5257c4b\" data-element_type=\"section\" data-e-type=\"section\">\n\t\t\t\t\t\t<div class=\"elementor-container elementor-column-gap-default\">\n\t\t\t\t\t<div class=\"elementor-column elementor-col-100 elementor-top-column elementor-element elementor-element-929ce8f\" data-id=\"929ce8f\" data-element_type=\"column\" data-e-type=\"column\" data-settings=\"{&quot;background_background&quot;:&quot;classic&quot;}\">\n\t\t\t<div class=\"elementor-widget-wrap elementor-element-populated\">\n\t\t\t\t\t\t<div class=\"elementor-element elementor-element-de78d44 elementor-widget elementor-widget-heading\" data-id=\"de78d44\" data-element_type=\"widget\" data-e-type=\"widget\" data-widget_type=\"heading.default\">\n\t\t\t\t<div class=\"elementor-widget-container\">\n\t\t\t\t\t<h2 class=\"elementor-heading-title elementor-size-large\">AG: Schach &amp; Go<\/h2>\t\t\t\t<\/div>\n\t\t\t\t<\/div>\n\t\t\t\t\t<\/div>\n\t\t<\/div>\n\t\t\t\t\t<\/div>\n\t\t<\/section>\n\t\t\t\t<section class=\"elementor-section elementor-top-section elementor-element elementor-element-9215942 elementor-section-full_width elementor-section-height-default elementor-section-height-default\" data-id=\"9215942\" data-element_type=\"section\" data-e-type=\"section\">\n\t\t\t\t\t\t<div class=\"elementor-container elementor-column-gap-default\">\n\t\t\t\t\t<div class=\"elementor-column elementor-col-66 elementor-top-column elementor-element elementor-element-bc4bb8e\" data-id=\"bc4bb8e\" data-element_type=\"column\" data-e-type=\"column\">\n\t\t\t<div class=\"elementor-widget-wrap elementor-element-populated\">\n\t\t\t\t\t\t<div class=\"elementor-element elementor-element-d0fc3c6 elementor-widget__width-auto elementor-nav-menu--dropdown-tablet elementor-nav-menu__text-align-aside elementor-nav-menu--toggle elementor-nav-menu--burger elementor-invisible elementor-widget elementor-widget-nav-menu\" data-id=\"d0fc3c6\" data-element_type=\"widget\" data-e-type=\"widget\" data-settings=\"{&quot;_animation&quot;:&quot;zoomIn&quot;,&quot;layout&quot;:&quot;horizontal&quot;,&quot;submenu_icon&quot;:{&quot;value&quot;:&quot;&lt;i class=\\&quot;fas fa-caret-down\\&quot; aria-hidden=\\&quot;true\\&quot;&gt;&lt;\\\/i&gt;&quot;,&quot;library&quot;:&quot;fa-solid&quot;},&quot;toggle&quot;:&quot;burger&quot;}\" data-widget_type=\"nav-menu.default\">\n\t\t\t\t<div class=\"elementor-widget-container\">\n\t\t\t\t\t\t\t\t<nav aria-label=\"Menu\" class=\"elementor-nav-menu--main elementor-nav-menu__container elementor-nav-menu--layout-horizontal e--pointer-none\">\n\t\t\t\t<ul id=\"menu-1-d0fc3c6\" class=\"elementor-nav-menu\"><li class=\"menu-item menu-item-type-post_type menu-item-object-page menu-item-1115\"><a href=\"https:\/\/gymnasium-nordenham.de\/en\/fach-x-biologie\" class=\"elementor-item\">Biologie am GN<\/a><\/li>\n<li class=\"menu-item menu-item-type-post_type menu-item-object-page menu-item-1111\"><a href=\"https:\/\/gymnasium-nordenham.de\/en\/fach-x-biologie-lehrwerke\" class=\"elementor-item\">Lehrwerke<\/a><\/li>\n<li class=\"menu-item menu-item-type-post_type menu-item-object-page menu-item-1113\"><a href=\"https:\/\/gymnasium-nordenham.de\/en\/fach-x-biologie-curricula\" class=\"elementor-item\">Curricula<\/a><\/li>\n<li class=\"menu-item menu-item-type-post_type menu-item-object-page menu-item-1112\"><a href=\"https:\/\/gymnasium-nordenham.de\/en\/fach-x-biologie-klassenarbeiten-und-klausuren\" class=\"elementor-item\">Klassenarbeiten und Klausuren<\/a><\/li>\n<li class=\"menu-item menu-item-type-post_type menu-item-object-page menu-item-1110\"><a href=\"https:\/\/gymnasium-nordenham.de\/en\/fach-x-biologie-weitere-angebote\" class=\"elementor-item\">Weitere Angebote<\/a><\/li>\n<\/ul>\t\t\t<\/nav>\n\t\t\t\t\t<div class=\"elementor-menu-toggle\" role=\"button\" tabindex=\"0\" aria-label=\"Menu Toggle\" aria-expanded=\"false\">\n\t\t\t<i aria-hidden=\"true\" role=\"presentation\" class=\"elementor-menu-toggle__icon--open eicon-menu-bar\"><\/i><i aria-hidden=\"true\" role=\"presentation\" class=\"elementor-menu-toggle__icon--close eicon-close\"><\/i>\t\t<\/div>\n\t\t\t\t\t<nav class=\"elementor-nav-menu--dropdown elementor-nav-menu__container\" aria-hidden=\"true\">\n\t\t\t\t<ul id=\"menu-2-d0fc3c6\" class=\"elementor-nav-menu\"><li class=\"menu-item menu-item-type-post_type menu-item-object-page menu-item-1115\"><a href=\"https:\/\/gymnasium-nordenham.de\/en\/fach-x-biologie\" class=\"elementor-item\" tabindex=\"-1\">Biologie am GN<\/a><\/li>\n<li class=\"menu-item menu-item-type-post_type menu-item-object-page menu-item-1111\"><a href=\"https:\/\/gymnasium-nordenham.de\/en\/fach-x-biologie-lehrwerke\" class=\"elementor-item\" tabindex=\"-1\">Lehrwerke<\/a><\/li>\n<li class=\"menu-item menu-item-type-post_type menu-item-object-page menu-item-1113\"><a href=\"https:\/\/gymnasium-nordenham.de\/en\/fach-x-biologie-curricula\" class=\"elementor-item\" tabindex=\"-1\">Curricula<\/a><\/li>\n<li class=\"menu-item menu-item-type-post_type menu-item-object-page menu-item-1112\"><a href=\"https:\/\/gymnasium-nordenham.de\/en\/fach-x-biologie-klassenarbeiten-und-klausuren\" class=\"elementor-item\" tabindex=\"-1\">Klassenarbeiten und Klausuren<\/a><\/li>\n<li class=\"menu-item menu-item-type-post_type menu-item-object-page menu-item-1110\"><a href=\"https:\/\/gymnasium-nordenham.de\/en\/fach-x-biologie-weitere-angebote\" class=\"elementor-item\" tabindex=\"-1\">Weitere Angebote<\/a><\/li>\n<\/ul>\t\t\t<\/nav>\n\t\t\t\t\t\t<\/div>\n\t\t\t\t<\/div>\n\t\t\t\t<div class=\"elementor-element elementor-element-185a7aa elementor-widget elementor-widget-text-editor\" data-id=\"185a7aa\" data-element_type=\"widget\" data-e-type=\"widget\" data-widget_type=\"text-editor.default\">\n\t\t\t\t<div class=\"elementor-widget-container\">\n\t\t\t\t\t\t\t\t\t<p style=\"text-align: justify;\"><span style=\"font-family: georgia, palatino, serif; font-size: 12pt;\">Schach ist das durch Alexander den Gro\u00dfen vor \u00fcber 2000 Jahren aus Indien nach Europa gebrachte Strategiespiel, welches von zwei Spielern auf einem Feld von 8&#215;8 schwarz-wei\u00dfen Feldern gespielt wird mit K\u00f6nig, Dame, L\u00e4ufern, Springern, T\u00fcrmen und Bauern. Die heutigen Regeln haben sich in den letzten 1000 Jahren herausgebildet. Go wird auf einem Brett von 19&#215;19 Schnittpunkten gespielt, auf dem schwarze und wei\u00dfe Steine von zwei Spielern gesetzt werden. Die Regeln (siehe <a href=\"http:\/\/www.dgob.de\" target=\"_blank\" rel=\"noopener noreferrer\">www.dgob.de<\/a>) sind sehr einfach und praktisch sofort zu verstehen &#8211; anders als beim Schach. Dennoch ist Go deutlich komplexer, es gibt weitaus mehr Zugm\u00f6glichkeiten. Das Spiel wurde vor etwa 4000 Jahren (prinzipiell schon mit den heutigen Regeln!) in China erfunden, breitete sich in Asien aus und wird heute mit verschiedenen Namen vor allem in Korea (Baduk), Japan (Go) und auch wieder in China (Weiqi) gespielt. Anbei ein Foto von der Deutschen Schul-Go-Meisterschaft, welche von Dreiermannschaften verschiedener Schule gespielt wird und die am 21.\/22.09.2019 am Gymnasium Nordenham stattfand.<\/span><\/p>\t\t\t\t\t\t\t\t<\/div>\n\t\t\t\t<\/div>\n\t\t\t\t<div class=\"elementor-element elementor-element-381246b elementor-widget elementor-widget-image\" data-id=\"381246b\" data-element_type=\"widget\" data-e-type=\"widget\" data-widget_type=\"image.default\">\n\t\t\t\t<div class=\"elementor-widget-container\">\n\t\t\t\t\t\t\t\t\t\t\t\t\t\t\t<img fetchpriority=\"high\" decoding=\"async\" width=\"2048\" height=\"1536\" src=\"https:\/\/gymnasium-nordenham.de\/wp-content\/uploads\/2020\/12\/go-2048x1536.jpg\" class=\"attachment-2048x2048 size-2048x2048 wp-image-2987\" alt=\"\" srcset=\"https:\/\/gymnasium-nordenham.de\/wp-content\/uploads\/2020\/12\/go-2048x1536.jpg 2048w, https:\/\/gymnasium-nordenham.de\/wp-content\/uploads\/2020\/12\/go-300x225.jpg 300w, https:\/\/gymnasium-nordenham.de\/wp-content\/uploads\/2020\/12\/go-1024x768.jpg 1024w, https:\/\/gymnasium-nordenham.de\/wp-content\/uploads\/2020\/12\/go-768x576.jpg 768w, https:\/\/gymnasium-nordenham.de\/wp-content\/uploads\/2020\/12\/go-1536x1152.jpg 1536w\" sizes=\"(max-width: 2048px) 100vw, 2048px\" \/>\t\t\t\t\t\t\t\t\t\t\t\t\t\t\t<\/div>\n\t\t\t\t<\/div>\n\t\t\t\t\t<\/div>\n\t\t<\/div>\n\t\t\t\t<div class=\"elementor-column elementor-col-33 elementor-top-column elementor-element elementor-element-c25fcbf\" data-id=\"c25fcbf\" data-element_type=\"column\" data-e-type=\"column\">\n\t\t\t<div class=\"elementor-widget-wrap elementor-element-populated\">\n\t\t\t\t\t\t<div class=\"elementor-element elementor-element-497df0a elementor-invisible elementor-widget elementor-widget-wp-widget-nav_menu\" data-id=\"497df0a\" data-element_type=\"widget\" data-e-type=\"widget\" data-settings=\"{&quot;_animation&quot;:&quot;fadeInUp&quot;}\" data-widget_type=\"wp-widget-nav_menu.default\">\n\t\t\t\t<div class=\"elementor-widget-container\">\n\t\t\t\t\t<div class=\"menu-untermenue-schulleben-container\"><ul id=\"menu-untermenue-schulleben\" class=\"menu\"><li id=\"menu-item-12330\" class=\"menu-item menu-item-type-post_type menu-item-object-page menu-item-12330\"><a href=\"https:\/\/gymnasium-nordenham.de\/en\/ag-ubersicht-ubersicht\">AG-\u00dcbersicht<\/a><\/li>\n<li id=\"menu-item-11712\" class=\"menu-item menu-item-type-post_type menu-item-object-page menu-item-11712\"><a href=\"https:\/\/gymnasium-nordenham.de\/en\/astronomie\">Astronomie<\/a><\/li>\n<li id=\"menu-item-4251\" class=\"menu-item menu-item-type-post_type menu-item-object-page menu-item-4251\"><a href=\"https:\/\/gymnasium-nordenham.de\/en\/bewegte-pause\">Movement Break<\/a><\/li>\n<li id=\"menu-item-3930\" class=\"menu-item menu-item-type-post_type menu-item-object-page menu-item-3930\"><a href=\"https:\/\/gymnasium-nordenham.de\/en\/blaeserklasse\">Bl\u00e4serklasse<\/a><\/li>\n<li id=\"menu-item-2565\" class=\"menu-item menu-item-type-post_type menu-item-object-page menu-item-2565\"><a href=\"https:\/\/gymnasium-nordenham.de\/en\/erste-hilfe-kurs\">Erste Hilfe Kurs<\/a><\/li>\n<li id=\"menu-item-2586\" class=\"menu-item menu-item-type-post_type menu-item-object-page menu-item-2586\"><a href=\"https:\/\/gymnasium-nordenham.de\/en\/lernen-lernen\">Lernen lernen<\/a><\/li>\n<li id=\"menu-item-4059\" class=\"menu-item menu-item-type-post_type menu-item-object-page menu-item-4059\"><a href=\"https:\/\/gymnasium-nordenham.de\/en\/schueleraustausch\">Student exchange as well.<\/a><\/li>\n<li id=\"menu-item-2709\" class=\"menu-item menu-item-type-post_type menu-item-object-page menu-item-2709\"><a href=\"https:\/\/gymnasium-nordenham.de\/en\/studien-und-berufsinfomesse\">Studien- und Berufsinfomesse<\/a><\/li>\n<li id=\"menu-item-2668\" class=\"menu-item menu-item-type-post_type menu-item-object-page menu-item-2668\"><a href=\"https:\/\/gymnasium-nordenham.de\/en\/patenprojekt\">Patenprojekt<\/a><\/li>\n<\/ul><\/div>\t\t\t\t<\/div>\n\t\t\t\t<\/div>\n\t\t\t\t\t<\/div>\n\t\t<\/div>\n\t\t\t\t\t<\/div>\n\t\t<\/section>\n\t\t\t\t<section class=\"elementor-section elementor-top-section elementor-element elementor-element-45a5691 elementor-section-boxed elementor-section-height-default elementor-section-height-default\" data-id=\"45a5691\" data-element_type=\"section\" data-e-type=\"section\">\n\t\t\t\t\t\t<div class=\"elementor-container elementor-column-gap-default\">\n\t\t\t\t\t<div class=\"elementor-column elementor-col-100 elementor-top-column elementor-element elementor-element-ecafff6\" data-id=\"ecafff6\" data-element_type=\"column\" data-e-type=\"column\">\n\t\t\t<div class=\"elementor-widget-wrap\">\n\t\t\t\t\t\t\t<\/div>\n\t\t<\/div>\n\t\t\t\t\t<\/div>\n\t\t<\/section>\n\t\t\t\t<\/div>","protected":false},"excerpt":{"rendered":"<p>AG: Schach &#038; Go Schach ist das durch Alexander den Gro\u00dfen vor \u00fcber 2000 Jahren aus Indien nach Europa gebrachte Strategiespiel, welches von zwei Spielern auf einem Feld von 8&#215;8 schwarz-wei\u00dfen Feldern gespielt wird mit K\u00f6nig, Dame, L\u00e4ufern, Springern, T\u00fcrmen &hellip; <a href=\"https:\/\/gymnasium-nordenham.de\/en\/schach-go\">Continue reading <span class=\"meta-nav\">&rarr;<\/span><\/a><\/p>","protected":false},"author":4,"featured_media":0,"parent":0,"menu_order":0,"comment_status":"closed","ping_status":"closed","template":"elementor_header_footer","meta":{"_crdt_document":"","footnotes":""},"class_list":["post-2981","page","type-page","status-publish","hentry"],"yoast_head":"<!-- This site is optimized with the Yoast SEO plugin v27.5 - https:\/\/yoast.com\/product\/yoast-seo-wordpress\/ -->\n<title>Schach &amp; Go - Gymnasium Nordenham<\/title>\n<meta name=\"robots\" content=\"index, follow, max-snippet:-1, max-image-preview:large, max-video-preview:-1\" \/>\n<link rel=\"canonical\" href=\"https:\/\/gymnasium-nordenham.de\/en\/schach-go\/\" \/>\n<meta property=\"og:locale\" content=\"en_GB\" \/>\n<meta property=\"og:type\" content=\"article\" \/>\n<meta property=\"og:title\" content=\"Schach &amp; Go - Gymnasium Nordenham\" \/>\n<meta property=\"og:description\" content=\"AG: Schach &#038; Go Schach ist das durch Alexander den Gro\u00dfen vor \u00fcber 2000 Jahren aus Indien nach Europa gebrachte Strategiespiel, welches von zwei Spielern auf einem Feld von 8&#215;8 schwarz-wei\u00dfen Feldern gespielt wird mit K\u00f6nig, Dame, L\u00e4ufern, Springern, T\u00fcrmen &hellip; Continue reading &rarr;\" \/>\n<meta property=\"og:url\" content=\"https:\/\/gymnasium-nordenham.de\/en\/schach-go\/\" \/>\n<meta property=\"og:site_name\" content=\"Gymnasium Nordenham\" \/>\n<meta property=\"article:modified_time\" content=\"2020-12-21T12:46:26+00:00\" \/>\n<meta property=\"og:image\" content=\"https:\/\/gymnasium-nordenham.de\/wp-content\/uploads\/2020\/12\/go-2048x1536.jpg\" \/>\n<meta name=\"twitter:card\" content=\"summary_large_image\" \/>\n<meta name=\"twitter:label1\" content=\"Estimated reading time\" \/>\n\t<meta name=\"twitter:data1\" content=\"1 minute\" \/>\n<script type=\"application\/ld+json\" class=\"yoast-schema-graph\">{\"@context\":\"https:\\\/\\\/schema.org\",\"@graph\":[{\"@type\":\"WebPage\",\"@id\":\"https:\\\/\\\/gymnasium-nordenham.de\\\/schach-go\",\"url\":\"https:\\\/\\\/gymnasium-nordenham.de\\\/schach-go\",\"name\":\"Schach & Go - Gymnasium Nordenham\",\"isPartOf\":{\"@id\":\"https:\\\/\\\/gymnasium-nordenham.de\\\/#website\"},\"primaryImageOfPage\":{\"@id\":\"https:\\\/\\\/gymnasium-nordenham.de\\\/schach-go#primaryimage\"},\"image\":{\"@id\":\"https:\\\/\\\/gymnasium-nordenham.de\\\/schach-go#primaryimage\"},\"thumbnailUrl\":\"https:\\\/\\\/gymnasium-nordenham.de\\\/wp-content\\\/uploads\\\/2020\\\/12\\\/go-2048x1536.jpg\",\"datePublished\":\"2020-12-21T12:26:48+00:00\",\"dateModified\":\"2020-12-21T12:46:26+00:00\",\"breadcrumb\":{\"@id\":\"https:\\\/\\\/gymnasium-nordenham.de\\\/schach-go#breadcrumb\"},\"inLanguage\":\"en-GB\",\"potentialAction\":[{\"@type\":\"ReadAction\",\"target\":[\"https:\\\/\\\/gymnasium-nordenham.de\\\/schach-go\"]}]},{\"@type\":\"ImageObject\",\"inLanguage\":\"en-GB\",\"@id\":\"https:\\\/\\\/gymnasium-nordenham.de\\\/schach-go#primaryimage\",\"url\":\"https:\\\/\\\/gymnasium-nordenham.de\\\/wp-content\\\/uploads\\\/2020\\\/12\\\/go-2048x1536.jpg\",\"contentUrl\":\"https:\\\/\\\/gymnasium-nordenham.de\\\/wp-content\\\/uploads\\\/2020\\\/12\\\/go-2048x1536.jpg\"},{\"@type\":\"BreadcrumbList\",\"@id\":\"https:\\\/\\\/gymnasium-nordenham.de\\\/schach-go#breadcrumb\",\"itemListElement\":[{\"@type\":\"ListItem\",\"position\":1,\"name\":\"Startseite\",\"item\":\"https:\\\/\\\/gymnasium-nordenham.de\\\/\"},{\"@type\":\"ListItem\",\"position\":2,\"name\":\"Schach &#038; Go\"}]},{\"@type\":\"WebSite\",\"@id\":\"https:\\\/\\\/gymnasium-nordenham.de\\\/#website\",\"url\":\"https:\\\/\\\/gymnasium-nordenham.de\\\/\",\"name\":\"Gymnasium Nordenham\",\"description\":\"Miteinander, voneinander und f\u00fcreinander lernen\",\"potentialAction\":[{\"@type\":\"SearchAction\",\"target\":{\"@type\":\"EntryPoint\",\"urlTemplate\":\"https:\\\/\\\/gymnasium-nordenham.de\\\/?s={search_term_string}\"},\"query-input\":{\"@type\":\"PropertyValueSpecification\",\"valueRequired\":true,\"valueName\":\"search_term_string\"}}],\"inLanguage\":\"en-GB\"}]}<\/script>\n<!-- \/ Yoast SEO plugin. -->","yoast_head_json":{"title":"Schach & Go - Gymnasium Nordenham","robots":{"index":"index","follow":"follow","max-snippet":"max-snippet:-1","max-image-preview":"max-image-preview:large","max-video-preview":"max-video-preview:-1"},"canonical":"https:\/\/gymnasium-nordenham.de\/en\/schach-go\/","og_locale":"en_GB","og_type":"article","og_title":"Schach & Go - Gymnasium Nordenham","og_description":"AG: Schach &#038; Go Schach ist das durch Alexander den Gro\u00dfen vor \u00fcber 2000 Jahren aus Indien nach Europa gebrachte Strategiespiel, welches von zwei Spielern auf einem Feld von 8&#215;8 schwarz-wei\u00dfen Feldern gespielt wird mit K\u00f6nig, Dame, L\u00e4ufern, Springern, T\u00fcrmen &hellip; Continue reading &rarr;","og_url":"https:\/\/gymnasium-nordenham.de\/en\/schach-go\/","og_site_name":"Gymnasium Nordenham","article_modified_time":"2020-12-21T12:46:26+00:00","og_image":[{"url":"https:\/\/gymnasium-nordenham.de\/wp-content\/uploads\/2020\/12\/go-2048x1536.jpg","type":"","width":"","height":""}],"twitter_card":"summary_large_image","twitter_misc":{"Estimated reading time":"1 minute"},"schema":{"@context":"https:\/\/schema.org","@graph":[{"@type":"WebPage","@id":"https:\/\/gymnasium-nordenham.de\/schach-go","url":"https:\/\/gymnasium-nordenham.de\/schach-go","name":"Schach & Go - Gymnasium Nordenham","isPartOf":{"@id":"https:\/\/gymnasium-nordenham.de\/#website"},"primaryImageOfPage":{"@id":"https:\/\/gymnasium-nordenham.de\/schach-go#primaryimage"},"image":{"@id":"https:\/\/gymnasium-nordenham.de\/schach-go#primaryimage"},"thumbnailUrl":"https:\/\/gymnasium-nordenham.de\/wp-content\/uploads\/2020\/12\/go-2048x1536.jpg","datePublished":"2020-12-21T12:26:48+00:00","dateModified":"2020-12-21T12:46:26+00:00","breadcrumb":{"@id":"https:\/\/gymnasium-nordenham.de\/schach-go#breadcrumb"},"inLanguage":"en-GB","potentialAction":[{"@type":"ReadAction","target":["https:\/\/gymnasium-nordenham.de\/schach-go"]}]},{"@type":"ImageObject","inLanguage":"en-GB","@id":"https:\/\/gymnasium-nordenham.de\/schach-go#primaryimage","url":"https:\/\/gymnasium-nordenham.de\/wp-content\/uploads\/2020\/12\/go-2048x1536.jpg","contentUrl":"https:\/\/gymnasium-nordenham.de\/wp-content\/uploads\/2020\/12\/go-2048x1536.jpg"},{"@type":"BreadcrumbList","@id":"https:\/\/gymnasium-nordenham.de\/schach-go#breadcrumb","itemListElement":[{"@type":"ListItem","position":1,"name":"Startseite","item":"https:\/\/gymnasium-nordenham.de\/"},{"@type":"ListItem","position":2,"name":"Schach &#038; Go"}]},{"@type":"WebSite","@id":"https:\/\/gymnasium-nordenham.de\/#website","url":"https:\/\/gymnasium-nordenham.de\/","name":"Gymnasium Nordenham","description":"Miteinander, voneinander und f\u00fcreinander lernen","potentialAction":[{"@type":"SearchAction","target":{"@type":"EntryPoint","urlTemplate":"https:\/\/gymnasium-nordenham.de\/?s={search_term_string}"},"query-input":{"@type":"PropertyValueSpecification","valueRequired":true,"valueName":"search_term_string"}}],"inLanguage":"en-GB"}]}},"_links":{"self":[{"href":"https:\/\/gymnasium-nordenham.de\/en\/wp-json\/wp\/v2\/pages\/2981","targetHints":{"allow":["GET"]}}],"collection":[{"href":"https:\/\/gymnasium-nordenham.de\/en\/wp-json\/wp\/v2\/pages"}],"about":[{"href":"https:\/\/gymnasium-nordenham.de\/en\/wp-json\/wp\/v2\/types\/page"}],"author":[{"embeddable":true,"href":"https:\/\/gymnasium-nordenham.de\/en\/wp-json\/wp\/v2\/users\/4"}],"replies":[{"embeddable":true,"href":"https:\/\/gymnasium-nordenham.de\/en\/wp-json\/wp\/v2\/comments?post=2981"}],"version-history":[{"count":0,"href":"https:\/\/gymnasium-nordenham.de\/en\/wp-json\/wp\/v2\/pages\/2981\/revisions"}],"wp:attachment":[{"href":"https:\/\/gymnasium-nordenham.de\/en\/wp-json\/wp\/v2\/media?parent=2981"}],"curies":[{"name":"wp","href":"https:\/\/api.w.org\/{rel}","templated":true}]}}