{"id":2843,"date":"2020-12-19T11:55:20","date_gmt":"2020-12-19T10:55:20","guid":{"rendered":"https:\/\/gymnasiumnordenhamtest.live-website.com\/?page_id=2843"},"modified":"2026-03-05T14:50:56","modified_gmt":"2026-03-05T13:50:56","slug":"foerderverein-2","status":"publish","type":"page","link":"https:\/\/gymnasium-nordenham.de\/en\/foerderverein-2","title":{"rendered":"F\u00f6rderverein"},"content":{"rendered":"<div data-elementor-type=\"wp-page\" data-elementor-id=\"2843\" class=\"elementor elementor-2843\" data-elementor-post-type=\"page\">\n\t\t\t\t\t\t<section class=\"elementor-section elementor-top-section elementor-element elementor-element-5257c4b elementor-section-full_width elementor-section-height-default elementor-section-height-default\" data-id=\"5257c4b\" data-element_type=\"section\" data-e-type=\"section\">\n\t\t\t\t\t\t<div class=\"elementor-container elementor-column-gap-default\">\n\t\t\t\t\t<div class=\"elementor-column elementor-col-100 elementor-top-column elementor-element elementor-element-929ce8f\" data-id=\"929ce8f\" data-element_type=\"column\" data-e-type=\"column\" data-settings=\"{&quot;background_background&quot;:&quot;classic&quot;}\">\n\t\t\t<div class=\"elementor-widget-wrap elementor-element-populated\">\n\t\t\t\t\t\t<div class=\"elementor-element elementor-element-de78d44 elementor-widget elementor-widget-heading\" data-id=\"de78d44\" data-element_type=\"widget\" data-e-type=\"widget\" data-settings=\"{&quot;_animation&quot;:&quot;none&quot;}\" data-widget_type=\"heading.default\">\n\t\t\t\t<div class=\"elementor-widget-container\">\n\t\t\t\t\t<h2 class=\"elementor-heading-title elementor-size-large\">Der F\u00f6rderverein <\/h2>\t\t\t\t<\/div>\n\t\t\t\t<\/div>\n\t\t\t\t\t<\/div>\n\t\t<\/div>\n\t\t\t\t\t<\/div>\n\t\t<\/section>\n\t\t\t\t<section class=\"elementor-section elementor-top-section elementor-element elementor-element-9215942 elementor-section-full_width elementor-section-height-default elementor-section-height-default\" data-id=\"9215942\" data-element_type=\"section\" data-e-type=\"section\">\n\t\t\t\t\t\t<div class=\"elementor-container elementor-column-gap-default\">\n\t\t\t\t\t<div class=\"elementor-column elementor-col-66 elementor-top-column elementor-element elementor-element-bc4bb8e\" data-id=\"bc4bb8e\" data-element_type=\"column\" data-e-type=\"column\">\n\t\t\t<div class=\"elementor-widget-wrap elementor-element-populated\">\n\t\t\t\t\t\t<div class=\"elementor-element elementor-element-3488fb2 elementor-widget__width-auto elementor-nav-menu--dropdown-tablet elementor-nav-menu__text-align-aside elementor-nav-menu--toggle elementor-nav-menu--burger elementor-invisible elementor-widget elementor-widget-nav-menu\" data-id=\"3488fb2\" data-element_type=\"widget\" data-e-type=\"widget\" data-settings=\"{&quot;_animation&quot;:&quot;zoomIn&quot;,&quot;layout&quot;:&quot;horizontal&quot;,&quot;submenu_icon&quot;:{&quot;value&quot;:&quot;&lt;i class=\\&quot;fas fa-caret-down\\&quot; aria-hidden=\\&quot;true\\&quot;&gt;&lt;\\\/i&gt;&quot;,&quot;library&quot;:&quot;fa-solid&quot;},&quot;toggle&quot;:&quot;burger&quot;}\" data-widget_type=\"nav-menu.default\">\n\t\t\t\t<div class=\"elementor-widget-container\">\n\t\t\t\t\t\t\t\t<nav aria-label=\"Men\u00fc\" class=\"elementor-nav-menu--main elementor-nav-menu__container elementor-nav-menu--layout-horizontal e--pointer-none\">\n\t\t\t\t<ul id=\"menu-1-3488fb2\" class=\"elementor-nav-menu\"><li class=\"menu-item menu-item-type-post_type menu-item-object-page menu-item-2865\"><a href=\"https:\/\/gymnasium-nordenham.de\/en\/foerderverein-2\" class=\"elementor-item\">\u00dcber uns<\/a><\/li>\n<li class=\"menu-item menu-item-type-post_type menu-item-object-page menu-item-2899\"><a href=\"https:\/\/gymnasium-nordenham.de\/en\/vostand\" class=\"elementor-item\">Vorstand<\/a><\/li>\n<li class=\"menu-item menu-item-type-post_type menu-item-object-page menu-item-2863\"><a href=\"https:\/\/gymnasium-nordenham.de\/en\/foerderverein-satzung\" class=\"elementor-item\">Satzung<\/a><\/li>\n<li class=\"menu-item menu-item-type-custom menu-item-object-custom menu-item-2864\"><a href=\"https:\/\/gymnasium-nordenham.de\/wp-content\/uploads\/2020\/12\/Foerderverein-Beitrittserklaerung.pdf\" class=\"elementor-item\">Beitrittserkl\u00e4rung<\/a><\/li>\n<li class=\"menu-item menu-item-type-post_type menu-item-object-page menu-item-14242\"><a href=\"https:\/\/gymnasium-nordenham.de\/en\/foerderverein-foerderungen\" class=\"elementor-item\">F\u00f6rderprojekte<\/a><\/li>\n<\/ul>\t\t\t<\/nav>\n\t\t\t\t\t<div class=\"elementor-menu-toggle\" role=\"button\" tabindex=\"0\" aria-label=\"Menu Toggle\" aria-expanded=\"false\">\n\t\t\t<i aria-hidden=\"true\" role=\"presentation\" class=\"elementor-menu-toggle__icon--open eicon-menu-bar\"><\/i><i aria-hidden=\"true\" role=\"presentation\" class=\"elementor-menu-toggle__icon--close eicon-close\"><\/i>\t\t<\/div>\n\t\t\t\t\t<nav class=\"elementor-nav-menu--dropdown elementor-nav-menu__container\" aria-hidden=\"true\">\n\t\t\t\t<ul id=\"menu-2-3488fb2\" class=\"elementor-nav-menu\"><li class=\"menu-item menu-item-type-post_type menu-item-object-page menu-item-2865\"><a href=\"https:\/\/gymnasium-nordenham.de\/en\/foerderverein-2\" class=\"elementor-item\" tabindex=\"-1\">\u00dcber uns<\/a><\/li>\n<li class=\"menu-item menu-item-type-post_type menu-item-object-page menu-item-2899\"><a href=\"https:\/\/gymnasium-nordenham.de\/en\/vostand\" class=\"elementor-item\" tabindex=\"-1\">Vorstand<\/a><\/li>\n<li class=\"menu-item menu-item-type-post_type menu-item-object-page menu-item-2863\"><a href=\"https:\/\/gymnasium-nordenham.de\/en\/foerderverein-satzung\" class=\"elementor-item\" tabindex=\"-1\">Satzung<\/a><\/li>\n<li class=\"menu-item menu-item-type-custom menu-item-object-custom menu-item-2864\"><a href=\"https:\/\/gymnasium-nordenham.de\/wp-content\/uploads\/2020\/12\/Foerderverein-Beitrittserklaerung.pdf\" class=\"elementor-item\" tabindex=\"-1\">Beitrittserkl\u00e4rung<\/a><\/li>\n<li class=\"menu-item menu-item-type-post_type menu-item-object-page menu-item-14242\"><a href=\"https:\/\/gymnasium-nordenham.de\/en\/foerderverein-foerderungen\" class=\"elementor-item\" tabindex=\"-1\">F\u00f6rderprojekte<\/a><\/li>\n<\/ul>\t\t\t<\/nav>\n\t\t\t\t\t\t<\/div>\n\t\t\t\t<\/div>\n\t\t\t\t<div class=\"elementor-element elementor-element-31581a7 elementor-widget elementor-widget-spacer\" data-id=\"31581a7\" data-element_type=\"widget\" data-e-type=\"widget\" data-widget_type=\"spacer.default\">\n\t\t\t\t<div class=\"elementor-widget-container\">\n\t\t\t\t\t\t\t<div class=\"elementor-spacer\">\n\t\t\t<div class=\"elementor-spacer-inner\"><\/div>\n\t\t<\/div>\n\t\t\t\t\t\t<\/div>\n\t\t\t\t<\/div>\n\t\t\t\t<div class=\"elementor-element elementor-element-809aad3 elementor-widget elementor-widget-text-editor\" data-id=\"809aad3\" data-element_type=\"widget\" data-e-type=\"widget\" data-widget_type=\"text-editor.default\">\n\t\t\t\t<div class=\"elementor-widget-container\">\n\t\t\t\t\t\t\t\t\t<p style=\"text-align: justify;\"><strong><span style=\"font-size: 12pt; font-family: georgia, palatino, serif;\"><span style=\"font-size: 10pt;\"><span style=\"font-size: 12pt;\">Herzlich<\/span> w<span style=\"font-size: 12pt;\">illkommen<\/span><\/span> beim <\/span><span style=\"font-size: 12pt; font-family: georgia, palatino, serif;\">Verein der Ehemaligen, Eltern und Freunde des Gymnasiums Nordenham <span style=\"font-size: 10pt;\">e.V.<\/span>!<\/span><\/strong><\/p><p style=\"text-align: justify;\"><span style=\"font-family: georgia, palatino, serif; font-size: 12pt;\">Der Verein der Ehemaligen, Freunde und F\u00f6rderer des Gymnasiums Nordenham hat es sich zur Aufgabe gemacht, das p\u00e4dagogische, kulturelle und soziale Umfeld, in dem unsere Sch\u00fclerinnen und Sch\u00fcler ihre schulischen Leistungen erbringen m\u00fcssen, positiv zu gestalten. <\/span><\/p><p style=\"text-align: justify;\"><span style=\"font-family: georgia, palatino, serif; font-size: 12pt;\">Deshalb f\u00f6rdern wir Veranstaltungen, die den Schulalltag bereichern, und beteiligen uns an Anschaffungen von Lehrmitteln f\u00fcr einen zeitgem\u00e4\u00dfen, motivierenden Unterricht \u2013 auch im AG-Bereich. Wir helfen auch mit Einzelzusch\u00fcssen, um allen Sch\u00fclerinnen und Sch\u00fclern die Teilnahme an Veranstaltungen wie z. B. Schulfahrten oder die Anschaffung teurer Lernmittel zu erm\u00f6glichen. Wenn Sie ein entsprechendes Anliegen haben, wenden Sie sich bitte an die Klassenlehrkr\u00e4fte oder an eines der\u00a0 Vorstandsmitglieder. <\/span><\/p><p style=\"text-align: justify;\"><span style=\"font-family: georgia, palatino, serif; font-size: 12pt;\">Damit wir effektiv Sch\u00fclerinnen und Sch\u00fcler f\u00f6rdern und ihr Lernumfeld am Gymnasium Nordenham verbessern k\u00f6nnen, brauchen wir m\u00f6glichst viele Mitglieder, die durch ihren Beitrag die finanzielle Kraft unseres Vereins st\u00e4rken. Was das kostet? Der Mindestbeitrag betr\u00e4gt 20 \u20ac im Jahr, f\u00fcr Mitglieder in Berufsausbildung 7,50 \u20ac. Ein h\u00f6herer Beitrag ist nat\u00fcrlich m\u00f6glich, genauso wie einmalige Spenden. Beitr\u00e4ge und Spenden sind steuerlich absetzbar, denn wir sind als gemeinn\u00fctzig und besonders f\u00f6rderungsw\u00fcrdig anerkannt. Was Sie daf\u00fcr bekommen? Einmal im Jahr unser Magazin Gymnasiales aus Nordenham mit Berichten und Bildern aus der Schule, vor allem aber das Gef\u00fchl, etwas Sinnvolles f\u00fcr die Sch\u00fclerinnen und Sch\u00fcler oder \u2012 ganz direkt \u2012 f\u00fcr Ihr Kind am Gymnasium Nordenham zu tun! <\/span><\/p><p style=\"text-align: justify;\"><span style=\"font-family: georgia, palatino, serif; font-size: 12pt;\">Machen Sie es wie schon \u00fcber 700 vor Ihnen \u2012 werden Sie Mitglied! <\/span><\/p><p style=\"text-align: justify;\"><span style=\"font-family: georgia, palatino, serif; font-size: 12pt;\">Wie das geht? Beitrittserkl\u00e4rung ausf\u00fcllen, ausdrucken, unterschreiben und an die Schule senden oder im Sekretariat abgeben! Vielen Dank \u2012 wir freuen uns \u00fcber Ihre Unterst\u00fctzung!<\/span><\/p>\t\t\t\t\t\t\t\t<\/div>\n\t\t\t\t<\/div>\n\t\t\t\t\t<\/div>\n\t\t<\/div>\n\t\t\t\t<div class=\"elementor-column elementor-col-33 elementor-top-column elementor-element elementor-element-c25fcbf\" data-id=\"c25fcbf\" data-element_type=\"column\" data-e-type=\"column\">\n\t\t\t<div class=\"elementor-widget-wrap elementor-element-populated\">\n\t\t\t\t\t\t<div class=\"elementor-element elementor-element-497df0a elementor-invisible elementor-widget elementor-widget-wp-widget-nav_menu\" data-id=\"497df0a\" data-element_type=\"widget\" data-e-type=\"widget\" data-settings=\"{&quot;_animation&quot;:&quot;fadeInUp&quot;}\" data-widget_type=\"wp-widget-nav_menu.default\">\n\t\t\t\t<div class=\"elementor-widget-container\">\n\t\t\t\t\t<div class=\"menu-untermenue-wir-am-gn-container\"><ul id=\"menu-untermenue-wir-am-gn\" class=\"menu\"><li id=\"menu-item-1553\" class=\"menu-item menu-item-type-post_type menu-item-object-page menu-item-1553\"><a href=\"https:\/\/gymnasium-nordenham.de\/en\/die\">Schulleitungsteam<\/a><\/li>\n<li id=\"menu-item-1555\" class=\"menu-item menu-item-type-post_type menu-item-object-page menu-item-1555\"><a href=\"https:\/\/gymnasium-nordenham.de\/en\/kollegium\">Kollegium<\/a><\/li>\n<li id=\"menu-item-1560\" class=\"menu-item menu-item-type-post_type menu-item-object-page menu-item-1560\"><a href=\"https:\/\/gymnasium-nordenham.de\/en\/verwaltung\">Verwaltung<\/a><\/li>\n<li id=\"menu-item-2785\" class=\"menu-item menu-item-type-post_type menu-item-object-page menu-item-2785\"><a href=\"https:\/\/gymnasium-nordenham.de\/en\/schulelternrat\">Schulelternrat<\/a><\/li>\n<li id=\"menu-item-1558\" class=\"menu-item menu-item-type-post_type menu-item-object-page menu-item-1558\"><a href=\"https:\/\/gymnasium-nordenham.de\/en\/schuelervertretung-ersatz\">Sch\u00fclervertretung<\/a><\/li>\n<li id=\"menu-item-1556\" class=\"menu-item menu-item-type-post_type menu-item-object-page menu-item-1556\"><a href=\"https:\/\/gymnasium-nordenham.de\/en\/personalrat\">Personalrat<\/a><\/li>\n<li id=\"menu-item-1552\" class=\"menu-item menu-item-type-post_type menu-item-object-page menu-item-1552\"><a href=\"https:\/\/gymnasium-nordenham.de\/en\/beratungslehrer\">Beratungslehrer<\/a><\/li>\n<li id=\"menu-item-2808\" class=\"menu-item menu-item-type-post_type menu-item-object-page menu-item-2808\"><a href=\"https:\/\/gymnasium-nordenham.de\/en\/streitschlichter-wir-am-gn\">Streitschlichter<\/a><\/li>\n<li id=\"menu-item-4271\" class=\"menu-item menu-item-type-post_type menu-item-object-page menu-item-4271\"><a href=\"https:\/\/gymnasium-nordenham.de\/en\/medienscouts\">Medienscouts<\/a><\/li>\n<li id=\"menu-item-2901\" class=\"menu-item menu-item-type-post_type menu-item-object-page menu-item-2901\"><a href=\"https:\/\/gymnasium-nordenham.de\/en\/foerderverein-2\">F\u00f6rderverein<\/a><\/li>\n<\/ul><\/div>\t\t\t\t<\/div>\n\t\t\t\t<\/div>\n\t\t\t\t<div class=\"elementor-element elementor-element-9082813 elementor-widget elementor-widget-image\" data-id=\"9082813\" data-element_type=\"widget\" data-e-type=\"widget\" data-widget_type=\"image.default\">\n\t\t\t\t<div class=\"elementor-widget-container\">\n\t\t\t\t\t\t\t\t\t\t\t\t\t\t\t<img decoding=\"async\" width=\"150\" height=\"150\" src=\"https:\/\/gymnasium-nordenham.de\/wp-content\/uploads\/2020\/04\/Logo_fv.png\" class=\"attachment-large size-large wp-image-1600\" alt=\"\" srcset=\"https:\/\/gymnasium-nordenham.de\/wp-content\/uploads\/2020\/04\/Logo_fv.png 150w, https:\/\/gymnasium-nordenham.de\/wp-content\/uploads\/2020\/04\/Logo_fv-144x144.png 144w, https:\/\/gymnasium-nordenham.de\/wp-content\/uploads\/2020\/04\/elementor\/thumbs\/Logo_fv-ooez5koo7widilov31qt4476klmgyfiy2o2aiiusbs.png 100w\" sizes=\"(max-width: 150px) 100vw, 150px\" \/>\t\t\t\t\t\t\t\t\t\t\t\t\t\t\t<\/div>\n\t\t\t\t<\/div>\n\t\t\t\t\t<\/div>\n\t\t<\/div>\n\t\t\t\t\t<\/div>\n\t\t<\/section>\n\t\t\t\t<section class=\"elementor-section elementor-top-section elementor-element elementor-element-3a16e34 elementor-section-full_width elementor-section-height-default elementor-section-height-default\" data-id=\"3a16e34\" data-element_type=\"section\" data-e-type=\"section\">\n\t\t\t\t\t\t<div class=\"elementor-container elementor-column-gap-default\">\n\t\t\t\t\t<div class=\"elementor-column elementor-col-100 elementor-top-column elementor-element elementor-element-6b51f63\" data-id=\"6b51f63\" data-element_type=\"column\" data-e-type=\"column\">\n\t\t\t<div class=\"elementor-widget-wrap elementor-element-populated\">\n\t\t\t\t\t\t\t<\/div>\n\t\t<\/div>\n\t\t\t\t\t<\/div>\n\t\t<\/section>\n\t\t\t\t<\/div>","protected":false},"excerpt":{"rendered":"<p>Der F\u00f6rderverein Herzlich willkommen beim Verein der Ehemaligen, Eltern und Freunde des Gymnasiums Nordenham e.V.! Der Verein der Ehemaligen, Freunde und F\u00f6rderer des Gymnasiums Nordenham hat es sich zur Aufgabe gemacht, das p\u00e4dagogische, kulturelle und soziale Umfeld, in dem unsere &hellip; <a href=\"https:\/\/gymnasium-nordenham.de\/en\/foerderverein-2\">Continue reading <span class=\"meta-nav\">&rarr;<\/span><\/a><\/p>","protected":false},"author":4,"featured_media":0,"parent":0,"menu_order":0,"comment_status":"closed","ping_status":"closed","template":"elementor_header_footer","meta":{"_crdt_document":"","footnotes":""},"class_list":["post-2843","page","type-page","status-publish","hentry"],"yoast_head":"<!-- This site is optimized with the Yoast SEO plugin v27.3 - https:\/\/yoast.com\/product\/yoast-seo-wordpress\/ -->\n<title>F\u00f6rderverein - Gymnasium Nordenham<\/title>\n<meta name=\"robots\" content=\"index, follow, max-snippet:-1, max-image-preview:large, max-video-preview:-1\" \/>\n<link rel=\"canonical\" href=\"https:\/\/gymnasium-nordenham.de\/en\/foerderverein-2\/\" \/>\n<meta property=\"og:locale\" content=\"en_GB\" \/>\n<meta property=\"og:type\" content=\"article\" \/>\n<meta property=\"og:title\" content=\"F\u00f6rderverein - Gymnasium Nordenham\" \/>\n<meta property=\"og:description\" content=\"Der F\u00f6rderverein Herzlich willkommen beim Verein der Ehemaligen, Eltern und Freunde des Gymnasiums Nordenham e.V.! Der Verein der Ehemaligen, Freunde und F\u00f6rderer des Gymnasiums Nordenham hat es sich zur Aufgabe gemacht, das p\u00e4dagogische, kulturelle und soziale Umfeld, in dem unsere &hellip; Continue reading &rarr;\" \/>\n<meta property=\"og:url\" content=\"https:\/\/gymnasium-nordenham.de\/en\/foerderverein-2\/\" \/>\n<meta property=\"og:site_name\" content=\"Gymnasium Nordenham\" \/>\n<meta property=\"article:modified_time\" content=\"2026-03-05T13:50:56+00:00\" \/>\n<meta property=\"og:image\" content=\"https:\/\/gymnasium-nordenham.de\/wp-content\/uploads\/2020\/04\/Logo_fv.png\" \/>\n\t<meta property=\"og:image:width\" content=\"150\" \/>\n\t<meta property=\"og:image:height\" content=\"150\" \/>\n\t<meta property=\"og:image:type\" content=\"image\/png\" \/>\n<meta name=\"twitter:card\" content=\"summary_large_image\" \/>\n<meta name=\"twitter:label1\" content=\"Estimated reading time\" \/>\n\t<meta name=\"twitter:data1\" content=\"2 minutes\" \/>\n<script type=\"application\/ld+json\" class=\"yoast-schema-graph\">{\"@context\":\"https:\\\/\\\/schema.org\",\"@graph\":[{\"@type\":\"WebPage\",\"@id\":\"https:\\\/\\\/gymnasium-nordenham.de\\\/foerderverein-2\",\"url\":\"https:\\\/\\\/gymnasium-nordenham.de\\\/foerderverein-2\",\"name\":\"F\u00f6rderverein - Gymnasium Nordenham\",\"isPartOf\":{\"@id\":\"https:\\\/\\\/gymnasium-nordenham.de\\\/#website\"},\"primaryImageOfPage\":{\"@id\":\"https:\\\/\\\/gymnasium-nordenham.de\\\/foerderverein-2#primaryimage\"},\"image\":{\"@id\":\"https:\\\/\\\/gymnasium-nordenham.de\\\/foerderverein-2#primaryimage\"},\"thumbnailUrl\":\"https:\\\/\\\/gymnasium-nordenham.de\\\/wp-content\\\/uploads\\\/2020\\\/04\\\/Logo_fv.png\",\"datePublished\":\"2020-12-19T10:55:20+00:00\",\"dateModified\":\"2026-03-05T13:50:56+00:00\",\"breadcrumb\":{\"@id\":\"https:\\\/\\\/gymnasium-nordenham.de\\\/foerderverein-2#breadcrumb\"},\"inLanguage\":\"en-GB\",\"potentialAction\":[{\"@type\":\"ReadAction\",\"target\":[\"https:\\\/\\\/gymnasium-nordenham.de\\\/foerderverein-2\"]}]},{\"@type\":\"ImageObject\",\"inLanguage\":\"en-GB\",\"@id\":\"https:\\\/\\\/gymnasium-nordenham.de\\\/foerderverein-2#primaryimage\",\"url\":\"https:\\\/\\\/gymnasium-nordenham.de\\\/wp-content\\\/uploads\\\/2020\\\/04\\\/Logo_fv.png\",\"contentUrl\":\"https:\\\/\\\/gymnasium-nordenham.de\\\/wp-content\\\/uploads\\\/2020\\\/04\\\/Logo_fv.png\"},{\"@type\":\"BreadcrumbList\",\"@id\":\"https:\\\/\\\/gymnasium-nordenham.de\\\/foerderverein-2#breadcrumb\",\"itemListElement\":[{\"@type\":\"ListItem\",\"position\":1,\"name\":\"Startseite\",\"item\":\"https:\\\/\\\/gymnasium-nordenham.de\\\/\"},{\"@type\":\"ListItem\",\"position\":2,\"name\":\"F\u00f6rderverein\"}]},{\"@type\":\"WebSite\",\"@id\":\"https:\\\/\\\/gymnasium-nordenham.de\\\/#website\",\"url\":\"https:\\\/\\\/gymnasium-nordenham.de\\\/\",\"name\":\"Gymnasium Nordenham\",\"description\":\"Miteinander, voneinander und f\u00fcreinander lernen\",\"potentialAction\":[{\"@type\":\"SearchAction\",\"target\":{\"@type\":\"EntryPoint\",\"urlTemplate\":\"https:\\\/\\\/gymnasium-nordenham.de\\\/?s={search_term_string}\"},\"query-input\":{\"@type\":\"PropertyValueSpecification\",\"valueRequired\":true,\"valueName\":\"search_term_string\"}}],\"inLanguage\":\"en-GB\"}]}<\/script>\n<!-- \/ Yoast SEO plugin. -->","yoast_head_json":{"title":"F\u00f6rderverein - Gymnasium Nordenham","robots":{"index":"index","follow":"follow","max-snippet":"max-snippet:-1","max-image-preview":"max-image-preview:large","max-video-preview":"max-video-preview:-1"},"canonical":"https:\/\/gymnasium-nordenham.de\/en\/foerderverein-2\/","og_locale":"en_GB","og_type":"article","og_title":"F\u00f6rderverein - Gymnasium Nordenham","og_description":"Der F\u00f6rderverein Herzlich willkommen beim Verein der Ehemaligen, Eltern und Freunde des Gymnasiums Nordenham e.V.! Der Verein der Ehemaligen, Freunde und F\u00f6rderer des Gymnasiums Nordenham hat es sich zur Aufgabe gemacht, das p\u00e4dagogische, kulturelle und soziale Umfeld, in dem unsere &hellip; Continue reading &rarr;","og_url":"https:\/\/gymnasium-nordenham.de\/en\/foerderverein-2\/","og_site_name":"Gymnasium Nordenham","article_modified_time":"2026-03-05T13:50:56+00:00","og_image":[{"width":150,"height":150,"url":"https:\/\/gymnasium-nordenham.de\/wp-content\/uploads\/2020\/04\/Logo_fv.png","type":"image\/png"}],"twitter_card":"summary_large_image","twitter_misc":{"Estimated reading time":"2 minutes"},"schema":{"@context":"https:\/\/schema.org","@graph":[{"@type":"WebPage","@id":"https:\/\/gymnasium-nordenham.de\/foerderverein-2","url":"https:\/\/gymnasium-nordenham.de\/foerderverein-2","name":"F\u00f6rderverein - Gymnasium Nordenham","isPartOf":{"@id":"https:\/\/gymnasium-nordenham.de\/#website"},"primaryImageOfPage":{"@id":"https:\/\/gymnasium-nordenham.de\/foerderverein-2#primaryimage"},"image":{"@id":"https:\/\/gymnasium-nordenham.de\/foerderverein-2#primaryimage"},"thumbnailUrl":"https:\/\/gymnasium-nordenham.de\/wp-content\/uploads\/2020\/04\/Logo_fv.png","datePublished":"2020-12-19T10:55:20+00:00","dateModified":"2026-03-05T13:50:56+00:00","breadcrumb":{"@id":"https:\/\/gymnasium-nordenham.de\/foerderverein-2#breadcrumb"},"inLanguage":"en-GB","potentialAction":[{"@type":"ReadAction","target":["https:\/\/gymnasium-nordenham.de\/foerderverein-2"]}]},{"@type":"ImageObject","inLanguage":"en-GB","@id":"https:\/\/gymnasium-nordenham.de\/foerderverein-2#primaryimage","url":"https:\/\/gymnasium-nordenham.de\/wp-content\/uploads\/2020\/04\/Logo_fv.png","contentUrl":"https:\/\/gymnasium-nordenham.de\/wp-content\/uploads\/2020\/04\/Logo_fv.png"},{"@type":"BreadcrumbList","@id":"https:\/\/gymnasium-nordenham.de\/foerderverein-2#breadcrumb","itemListElement":[{"@type":"ListItem","position":1,"name":"Startseite","item":"https:\/\/gymnasium-nordenham.de\/"},{"@type":"ListItem","position":2,"name":"F\u00f6rderverein"}]},{"@type":"WebSite","@id":"https:\/\/gymnasium-nordenham.de\/#website","url":"https:\/\/gymnasium-nordenham.de\/","name":"Gymnasium Nordenham","description":"Miteinander, voneinander und f\u00fcreinander lernen","potentialAction":[{"@type":"SearchAction","target":{"@type":"EntryPoint","urlTemplate":"https:\/\/gymnasium-nordenham.de\/?s={search_term_string}"},"query-input":{"@type":"PropertyValueSpecification","valueRequired":true,"valueName":"search_term_string"}}],"inLanguage":"en-GB"}]}},"_links":{"self":[{"href":"https:\/\/gymnasium-nordenham.de\/en\/wp-json\/wp\/v2\/pages\/2843","targetHints":{"allow":["GET"]}}],"collection":[{"href":"https:\/\/gymnasium-nordenham.de\/en\/wp-json\/wp\/v2\/pages"}],"about":[{"href":"https:\/\/gymnasium-nordenham.de\/en\/wp-json\/wp\/v2\/types\/page"}],"author":[{"embeddable":true,"href":"https:\/\/gymnasium-nordenham.de\/en\/wp-json\/wp\/v2\/users\/4"}],"replies":[{"embeddable":true,"href":"https:\/\/gymnasium-nordenham.de\/en\/wp-json\/wp\/v2\/comments?post=2843"}],"version-history":[{"count":3,"href":"https:\/\/gymnasium-nordenham.de\/en\/wp-json\/wp\/v2\/pages\/2843\/revisions"}],"predecessor-version":[{"id":14828,"href":"https:\/\/gymnasium-nordenham.de\/en\/wp-json\/wp\/v2\/pages\/2843\/revisions\/14828"}],"wp:attachment":[{"href":"https:\/\/gymnasium-nordenham.de\/en\/wp-json\/wp\/v2\/media?parent=2843"}],"curies":[{"name":"wp","href":"https:\/\/api.w.org\/{rel}","templated":true}]}}