{"id":2775,"date":"2020-12-19T07:58:56","date_gmt":"2020-12-19T06:58:56","guid":{"rendered":"https:\/\/gymnasiumnordenhamtest.live-website.com\/?page_id=2775"},"modified":"2020-12-19T08:25:28","modified_gmt":"2020-12-19T07:25:28","slug":"schulelternrat","status":"publish","type":"page","link":"https:\/\/gymnasium-nordenham.de\/en\/schulelternrat","title":{"rendered":"Schulelternrat"},"content":{"rendered":"<div data-elementor-type=\"wp-page\" data-elementor-id=\"2775\" class=\"elementor elementor-2775\" data-elementor-post-type=\"page\">\n\t\t\t\t\t\t<section class=\"elementor-section elementor-top-section elementor-element elementor-element-5257c4b elementor-section-full_width elementor-section-height-default elementor-section-height-default\" data-id=\"5257c4b\" data-element_type=\"section\" data-e-type=\"section\">\n\t\t\t\t\t\t<div class=\"elementor-container elementor-column-gap-default\">\n\t\t\t\t\t<div class=\"elementor-column elementor-col-100 elementor-top-column elementor-element elementor-element-929ce8f\" data-id=\"929ce8f\" data-element_type=\"column\" data-e-type=\"column\" data-settings=\"{&quot;background_background&quot;:&quot;classic&quot;}\">\n\t\t\t<div class=\"elementor-widget-wrap elementor-element-populated\">\n\t\t\t\t\t\t<div class=\"elementor-element elementor-element-de78d44 elementor-widget elementor-widget-heading\" data-id=\"de78d44\" data-element_type=\"widget\" data-e-type=\"widget\" data-widget_type=\"heading.default\">\n\t\t\t\t<div class=\"elementor-widget-container\">\n\t\t\t\t\t<h2 class=\"elementor-heading-title elementor-size-large\">Der Schulelternrat <\/h2>\t\t\t\t<\/div>\n\t\t\t\t<\/div>\n\t\t\t\t\t<\/div>\n\t\t<\/div>\n\t\t\t\t\t<\/div>\n\t\t<\/section>\n\t\t\t\t<section class=\"elementor-section elementor-top-section elementor-element elementor-element-9215942 elementor-section-full_width elementor-section-height-default elementor-section-height-default\" data-id=\"9215942\" data-element_type=\"section\" data-e-type=\"section\">\n\t\t\t\t\t\t<div class=\"elementor-container elementor-column-gap-default\">\n\t\t\t\t\t<div class=\"elementor-column elementor-col-66 elementor-top-column elementor-element elementor-element-bc4bb8e\" data-id=\"bc4bb8e\" data-element_type=\"column\" data-e-type=\"column\">\n\t\t\t<div class=\"elementor-widget-wrap elementor-element-populated\">\n\t\t\t\t\t\t<div class=\"elementor-element elementor-element-809aad3 elementor-widget elementor-widget-text-editor\" data-id=\"809aad3\" data-element_type=\"widget\" data-e-type=\"widget\" data-widget_type=\"text-editor.default\">\n\t\t\t\t<div class=\"elementor-widget-container\">\n\t\t\t\t\t\t\t\t\t<p style=\"text-align: justify;\"><span style=\"font-family: georgia, palatino, serif; font-size: 12pt;\">Elternmitarbeit ist wichtig f\u00fcr den gemeinsamen Erziehungsauftrag von Schule und Elternhaus. Durch die Elternvertreterinnen und Elternvertreter besteht eine Verbindung zwischen Elternhaus und Schule. Probleme und Konflikte werden gemeinsam bew\u00e4ltigt. Gemeinsam arbeiten die Schulleitung, die Lehrerinnen und Lehrer und die Elternvertreterinnen und -vertreter daran, das Lernumfeld f\u00fcr die Sch\u00fclerinnen und Sch\u00fcler zu optimieren. Die Aufgaben des Schulelternrates (SER) sind in den \u00a7\u00a7 90 und 96 NSchG beschrieben. Der Schulelternrat kann alle Themen er\u00f6rtern, die die Schule betreffen, private Angelegenheiten von Lehrkr\u00e4ften und Sch\u00fclerinnen und Sch\u00fclern d\u00fcrfen nicht er\u00f6rtert werden. Er muss vor grunds\u00e4tzlichen Entscheidungen, vor allem \u00fcber die Organisation der Schule und die Leistungsbewertung von der Schulleitung, dem Schulvorstand oder der zust\u00e4ndigen Konferenz geh\u00f6rt werden.<\/span><\/p><p style=\"text-align: justify;\"><span style=\"font-family: georgia, palatino, serif; font-size: 12pt;\">Die Vorsitzenden und die Stellvertreterinnen und Stellvertreter aller Klassenelternschaften bilden zusammen den SER. Sie w\u00e4hlen f\u00fcr zwei Jahre den Vorstand des SER, sowie Vertreterinnen und Vertreter f\u00fcr den Schulvorstand, die Gesamtkonferenz, die Fachkonferenzen sowie den Stadt- und Kreiselternrat. Ansprechpartner f\u00fcr Eltern, Sch\u00fcler und Lehrer sind die jeweiligen Klassenelternvertreterinnen und -vertreter sowie der Vorstand des SER.<\/span><\/p>\t\t\t\t\t\t\t\t<\/div>\n\t\t\t\t<\/div>\n\t\t\t\t<section class=\"elementor-section elementor-inner-section elementor-element elementor-element-9b34cc1 elementor-section-full_width elementor-section-height-default elementor-section-height-default\" data-id=\"9b34cc1\" data-element_type=\"section\" data-e-type=\"section\">\n\t\t\t\t\t\t<div class=\"elementor-container elementor-column-gap-default\">\n\t\t\t\t\t<div class=\"elementor-column elementor-col-50 elementor-inner-column elementor-element elementor-element-b9f3abd\" data-id=\"b9f3abd\" data-element_type=\"column\" data-e-type=\"column\">\n\t\t\t<div class=\"elementor-widget-wrap elementor-element-populated\">\n\t\t\t\t\t\t<div class=\"elementor-element elementor-element-b0f326c elementor-widget elementor-widget-image\" data-id=\"b0f326c\" data-element_type=\"widget\" data-e-type=\"widget\" data-widget_type=\"image.default\">\n\t\t\t\t<div class=\"elementor-widget-container\">\n\t\t\t\t\t\t\t\t\t\t\t\t\t\t\t<img fetchpriority=\"high\" decoding=\"async\" width=\"335\" height=\"237\" src=\"https:\/\/gymnasium-nordenham.de\/wp-content\/uploads\/2020\/12\/SER-1.jpg\" class=\"attachment-1536x1536 size-1536x1536 wp-image-2778\" alt=\"\" srcset=\"https:\/\/gymnasium-nordenham.de\/wp-content\/uploads\/2020\/12\/SER-1.jpg 335w, https:\/\/gymnasium-nordenham.de\/wp-content\/uploads\/2020\/12\/SER-1-300x212.jpg 300w\" sizes=\"(max-width: 335px) 100vw, 335px\" \/>\t\t\t\t\t\t\t\t\t\t\t\t\t\t\t<\/div>\n\t\t\t\t<\/div>\n\t\t\t\t\t<\/div>\n\t\t<\/div>\n\t\t\t\t<div class=\"elementor-column elementor-col-50 elementor-inner-column elementor-element elementor-element-22a7152\" data-id=\"22a7152\" data-element_type=\"column\" data-e-type=\"column\">\n\t\t\t<div class=\"elementor-widget-wrap elementor-element-populated\">\n\t\t\t\t\t\t<div class=\"elementor-element elementor-element-2934f26 elementor-widget elementor-widget-text-editor\" data-id=\"2934f26\" data-element_type=\"widget\" data-e-type=\"widget\" data-widget_type=\"text-editor.default\">\n\t\t\t\t<div class=\"elementor-widget-container\">\n\t\t\t\t\t\t\t\t\t<p style=\"text-align: right;\"><span style=\"font-family: georgia, palatino, serif; font-size: 12pt;\">Aktuelle Ansprechpartner im Vorstand:<\/span><\/p><p style=\"text-align: right;\">\u00a0<\/p><p style=\"text-align: right;\"><span style=\"font-family: georgia, palatino, serif; font-size: 12pt;\">Bernd Bierfischer &#8211; SER-Vorsitzender<\/span><\/p><p style=\"text-align: right;\"><span style=\"font-family: georgia, palatino, serif; font-size: 12pt;\">Rhonda Eich &#8211; stellvertretende Vorsitzende<\/span><\/p>\t\t\t\t\t\t\t\t<\/div>\n\t\t\t\t<\/div>\n\t\t\t\t\t<\/div>\n\t\t<\/div>\n\t\t\t\t\t<\/div>\n\t\t<\/section>\n\t\t\t\t\t<\/div>\n\t\t<\/div>\n\t\t\t\t<div class=\"elementor-column elementor-col-33 elementor-top-column elementor-element elementor-element-c25fcbf\" data-id=\"c25fcbf\" data-element_type=\"column\" data-e-type=\"column\">\n\t\t\t<div class=\"elementor-widget-wrap elementor-element-populated\">\n\t\t\t\t\t\t<div class=\"elementor-element elementor-element-497df0a elementor-invisible elementor-widget elementor-widget-wp-widget-nav_menu\" data-id=\"497df0a\" data-element_type=\"widget\" data-e-type=\"widget\" data-settings=\"{&quot;_animation&quot;:&quot;fadeInUp&quot;}\" data-widget_type=\"wp-widget-nav_menu.default\">\n\t\t\t\t<div class=\"elementor-widget-container\">\n\t\t\t\t\t<div class=\"menu-untermenue-wir-am-gn-container\"><ul id=\"menu-untermenue-wir-am-gn\" class=\"menu\"><li id=\"menu-item-1553\" class=\"menu-item menu-item-type-post_type menu-item-object-page menu-item-1553\"><a href=\"https:\/\/gymnasium-nordenham.de\/en\/die\">Schulleitungsteam<\/a><\/li>\n<li id=\"menu-item-1555\" class=\"menu-item menu-item-type-post_type menu-item-object-page menu-item-1555\"><a href=\"https:\/\/gymnasium-nordenham.de\/en\/kollegium\">Kollegium<\/a><\/li>\n<li id=\"menu-item-1560\" class=\"menu-item menu-item-type-post_type menu-item-object-page menu-item-1560\"><a href=\"https:\/\/gymnasium-nordenham.de\/en\/verwaltung\">Verwaltung<\/a><\/li>\n<li id=\"menu-item-2785\" class=\"menu-item menu-item-type-post_type menu-item-object-page menu-item-2785\"><a href=\"https:\/\/gymnasium-nordenham.de\/en\/schulelternrat\">Schulelternrat<\/a><\/li>\n<li id=\"menu-item-1558\" class=\"menu-item menu-item-type-post_type menu-item-object-page menu-item-1558\"><a href=\"https:\/\/gymnasium-nordenham.de\/en\/schuelervertretung-ersatz\">Sch\u00fclervertretung<\/a><\/li>\n<li id=\"menu-item-1556\" class=\"menu-item menu-item-type-post_type menu-item-object-page menu-item-1556\"><a href=\"https:\/\/gymnasium-nordenham.de\/en\/personalrat\">Personalrat<\/a><\/li>\n<li id=\"menu-item-1552\" class=\"menu-item menu-item-type-post_type menu-item-object-page menu-item-1552\"><a href=\"https:\/\/gymnasium-nordenham.de\/en\/beratungslehrer\">Beratungslehrer<\/a><\/li>\n<li id=\"menu-item-2808\" class=\"menu-item menu-item-type-post_type menu-item-object-page menu-item-2808\"><a href=\"https:\/\/gymnasium-nordenham.de\/en\/streitschlichter-wir-am-gn\">Streitschlichter<\/a><\/li>\n<li id=\"menu-item-4271\" class=\"menu-item menu-item-type-post_type menu-item-object-page menu-item-4271\"><a href=\"https:\/\/gymnasium-nordenham.de\/en\/medienscouts\">Medienscouts<\/a><\/li>\n<li id=\"menu-item-2901\" class=\"menu-item menu-item-type-post_type menu-item-object-page menu-item-2901\"><a href=\"https:\/\/gymnasium-nordenham.de\/en\/foerderverein-2\">F\u00f6rderverein<\/a><\/li>\n<\/ul><\/div>\t\t\t\t<\/div>\n\t\t\t\t<\/div>\n\t\t\t\t\t<\/div>\n\t\t<\/div>\n\t\t\t\t\t<\/div>\n\t\t<\/section>\n\t\t\t\t<section class=\"elementor-section elementor-top-section elementor-element elementor-element-3a16e34 elementor-section-full_width elementor-section-height-default elementor-section-height-default\" data-id=\"3a16e34\" data-element_type=\"section\" data-e-type=\"section\">\n\t\t\t\t\t\t<div class=\"elementor-container elementor-column-gap-default\">\n\t\t\t\t\t<div class=\"elementor-column elementor-col-100 elementor-top-column elementor-element elementor-element-6b51f63\" data-id=\"6b51f63\" data-element_type=\"column\" data-e-type=\"column\">\n\t\t\t<div class=\"elementor-widget-wrap elementor-element-populated\">\n\t\t\t\t\t\t\t<\/div>\n\t\t<\/div>\n\t\t\t\t\t<\/div>\n\t\t<\/section>\n\t\t\t\t<\/div>","protected":false},"excerpt":{"rendered":"<p>Der Schulelternrat Elternmitarbeit ist wichtig f\u00fcr den gemeinsamen Erziehungsauftrag von Schule und Elternhaus. Durch die Elternvertreterinnen und Elternvertreter besteht eine Verbindung zwischen Elternhaus und Schule. Probleme und Konflikte werden gemeinsam bew\u00e4ltigt. Gemeinsam arbeiten die Schulleitung, die Lehrerinnen und Lehrer und &hellip; <a href=\"https:\/\/gymnasium-nordenham.de\/en\/schulelternrat\">Continue reading <span class=\"meta-nav\">&rarr;<\/span><\/a><\/p>","protected":false},"author":4,"featured_media":0,"parent":0,"menu_order":0,"comment_status":"closed","ping_status":"closed","template":"elementor_header_footer","meta":{"_crdt_document":"","footnotes":""},"class_list":["post-2775","page","type-page","status-publish","hentry"],"yoast_head":"<!-- This site is optimized with the Yoast SEO plugin v27.3 - https:\/\/yoast.com\/product\/yoast-seo-wordpress\/ -->\n<title>Schulelternrat - Gymnasium Nordenham<\/title>\n<meta name=\"robots\" content=\"index, follow, max-snippet:-1, max-image-preview:large, max-video-preview:-1\" \/>\n<link rel=\"canonical\" href=\"https:\/\/gymnasium-nordenham.de\/en\/schulelternrat\/\" \/>\n<meta property=\"og:locale\" content=\"en_GB\" \/>\n<meta property=\"og:type\" content=\"article\" \/>\n<meta property=\"og:title\" content=\"Schulelternrat - Gymnasium Nordenham\" \/>\n<meta property=\"og:description\" content=\"Der Schulelternrat Elternmitarbeit ist wichtig f\u00fcr den gemeinsamen Erziehungsauftrag von Schule und Elternhaus. Durch die Elternvertreterinnen und Elternvertreter besteht eine Verbindung zwischen Elternhaus und Schule. Probleme und Konflikte werden gemeinsam bew\u00e4ltigt. Gemeinsam arbeiten die Schulleitung, die Lehrerinnen und Lehrer und &hellip; Continue reading &rarr;\" \/>\n<meta property=\"og:url\" content=\"https:\/\/gymnasium-nordenham.de\/en\/schulelternrat\/\" \/>\n<meta property=\"og:site_name\" content=\"Gymnasium Nordenham\" \/>\n<meta property=\"article:modified_time\" content=\"2020-12-19T07:25:28+00:00\" \/>\n<meta property=\"og:image\" content=\"https:\/\/gymnasium-nordenham.de\/wp-content\/uploads\/2020\/12\/SER-1.jpg\" \/>\n<meta name=\"twitter:card\" content=\"summary_large_image\" \/>\n<meta name=\"twitter:label1\" content=\"Estimated reading time\" \/>\n\t<meta name=\"twitter:data1\" content=\"1 minute\" \/>\n<script type=\"application\/ld+json\" class=\"yoast-schema-graph\">{\"@context\":\"https:\\\/\\\/schema.org\",\"@graph\":[{\"@type\":\"WebPage\",\"@id\":\"https:\\\/\\\/gymnasium-nordenham.de\\\/schulelternrat\",\"url\":\"https:\\\/\\\/gymnasium-nordenham.de\\\/schulelternrat\",\"name\":\"Schulelternrat - Gymnasium Nordenham\",\"isPartOf\":{\"@id\":\"https:\\\/\\\/gymnasium-nordenham.de\\\/#website\"},\"primaryImageOfPage\":{\"@id\":\"https:\\\/\\\/gymnasium-nordenham.de\\\/schulelternrat#primaryimage\"},\"image\":{\"@id\":\"https:\\\/\\\/gymnasium-nordenham.de\\\/schulelternrat#primaryimage\"},\"thumbnailUrl\":\"https:\\\/\\\/gymnasium-nordenham.de\\\/wp-content\\\/uploads\\\/2020\\\/12\\\/SER-1.jpg\",\"datePublished\":\"2020-12-19T06:58:56+00:00\",\"dateModified\":\"2020-12-19T07:25:28+00:00\",\"breadcrumb\":{\"@id\":\"https:\\\/\\\/gymnasium-nordenham.de\\\/schulelternrat#breadcrumb\"},\"inLanguage\":\"en-GB\",\"potentialAction\":[{\"@type\":\"ReadAction\",\"target\":[\"https:\\\/\\\/gymnasium-nordenham.de\\\/schulelternrat\"]}]},{\"@type\":\"ImageObject\",\"inLanguage\":\"en-GB\",\"@id\":\"https:\\\/\\\/gymnasium-nordenham.de\\\/schulelternrat#primaryimage\",\"url\":\"https:\\\/\\\/gymnasium-nordenham.de\\\/wp-content\\\/uploads\\\/2020\\\/12\\\/SER-1.jpg\",\"contentUrl\":\"https:\\\/\\\/gymnasium-nordenham.de\\\/wp-content\\\/uploads\\\/2020\\\/12\\\/SER-1.jpg\"},{\"@type\":\"BreadcrumbList\",\"@id\":\"https:\\\/\\\/gymnasium-nordenham.de\\\/schulelternrat#breadcrumb\",\"itemListElement\":[{\"@type\":\"ListItem\",\"position\":1,\"name\":\"Startseite\",\"item\":\"https:\\\/\\\/gymnasium-nordenham.de\\\/\"},{\"@type\":\"ListItem\",\"position\":2,\"name\":\"Schulelternrat\"}]},{\"@type\":\"WebSite\",\"@id\":\"https:\\\/\\\/gymnasium-nordenham.de\\\/#website\",\"url\":\"https:\\\/\\\/gymnasium-nordenham.de\\\/\",\"name\":\"Gymnasium Nordenham\",\"description\":\"Miteinander, voneinander und f\u00fcreinander lernen\",\"potentialAction\":[{\"@type\":\"SearchAction\",\"target\":{\"@type\":\"EntryPoint\",\"urlTemplate\":\"https:\\\/\\\/gymnasium-nordenham.de\\\/?s={search_term_string}\"},\"query-input\":{\"@type\":\"PropertyValueSpecification\",\"valueRequired\":true,\"valueName\":\"search_term_string\"}}],\"inLanguage\":\"en-GB\"}]}<\/script>\n<!-- \/ Yoast SEO plugin. -->","yoast_head_json":{"title":"Schulelternrat - Gymnasium Nordenham","robots":{"index":"index","follow":"follow","max-snippet":"max-snippet:-1","max-image-preview":"max-image-preview:large","max-video-preview":"max-video-preview:-1"},"canonical":"https:\/\/gymnasium-nordenham.de\/en\/schulelternrat\/","og_locale":"en_GB","og_type":"article","og_title":"Schulelternrat - Gymnasium Nordenham","og_description":"Der Schulelternrat Elternmitarbeit ist wichtig f\u00fcr den gemeinsamen Erziehungsauftrag von Schule und Elternhaus. Durch die Elternvertreterinnen und Elternvertreter besteht eine Verbindung zwischen Elternhaus und Schule. Probleme und Konflikte werden gemeinsam bew\u00e4ltigt. Gemeinsam arbeiten die Schulleitung, die Lehrerinnen und Lehrer und &hellip; Continue reading &rarr;","og_url":"https:\/\/gymnasium-nordenham.de\/en\/schulelternrat\/","og_site_name":"Gymnasium Nordenham","article_modified_time":"2020-12-19T07:25:28+00:00","og_image":[{"url":"https:\/\/gymnasium-nordenham.de\/wp-content\/uploads\/2020\/12\/SER-1.jpg","type":"","width":"","height":""}],"twitter_card":"summary_large_image","twitter_misc":{"Estimated reading time":"1 minute"},"schema":{"@context":"https:\/\/schema.org","@graph":[{"@type":"WebPage","@id":"https:\/\/gymnasium-nordenham.de\/schulelternrat","url":"https:\/\/gymnasium-nordenham.de\/schulelternrat","name":"Schulelternrat - Gymnasium Nordenham","isPartOf":{"@id":"https:\/\/gymnasium-nordenham.de\/#website"},"primaryImageOfPage":{"@id":"https:\/\/gymnasium-nordenham.de\/schulelternrat#primaryimage"},"image":{"@id":"https:\/\/gymnasium-nordenham.de\/schulelternrat#primaryimage"},"thumbnailUrl":"https:\/\/gymnasium-nordenham.de\/wp-content\/uploads\/2020\/12\/SER-1.jpg","datePublished":"2020-12-19T06:58:56+00:00","dateModified":"2020-12-19T07:25:28+00:00","breadcrumb":{"@id":"https:\/\/gymnasium-nordenham.de\/schulelternrat#breadcrumb"},"inLanguage":"en-GB","potentialAction":[{"@type":"ReadAction","target":["https:\/\/gymnasium-nordenham.de\/schulelternrat"]}]},{"@type":"ImageObject","inLanguage":"en-GB","@id":"https:\/\/gymnasium-nordenham.de\/schulelternrat#primaryimage","url":"https:\/\/gymnasium-nordenham.de\/wp-content\/uploads\/2020\/12\/SER-1.jpg","contentUrl":"https:\/\/gymnasium-nordenham.de\/wp-content\/uploads\/2020\/12\/SER-1.jpg"},{"@type":"BreadcrumbList","@id":"https:\/\/gymnasium-nordenham.de\/schulelternrat#breadcrumb","itemListElement":[{"@type":"ListItem","position":1,"name":"Startseite","item":"https:\/\/gymnasium-nordenham.de\/"},{"@type":"ListItem","position":2,"name":"Schulelternrat"}]},{"@type":"WebSite","@id":"https:\/\/gymnasium-nordenham.de\/#website","url":"https:\/\/gymnasium-nordenham.de\/","name":"Gymnasium Nordenham","description":"Miteinander, voneinander und f\u00fcreinander lernen","potentialAction":[{"@type":"SearchAction","target":{"@type":"EntryPoint","urlTemplate":"https:\/\/gymnasium-nordenham.de\/?s={search_term_string}"},"query-input":{"@type":"PropertyValueSpecification","valueRequired":true,"valueName":"search_term_string"}}],"inLanguage":"en-GB"}]}},"_links":{"self":[{"href":"https:\/\/gymnasium-nordenham.de\/en\/wp-json\/wp\/v2\/pages\/2775","targetHints":{"allow":["GET"]}}],"collection":[{"href":"https:\/\/gymnasium-nordenham.de\/en\/wp-json\/wp\/v2\/pages"}],"about":[{"href":"https:\/\/gymnasium-nordenham.de\/en\/wp-json\/wp\/v2\/types\/page"}],"author":[{"embeddable":true,"href":"https:\/\/gymnasium-nordenham.de\/en\/wp-json\/wp\/v2\/users\/4"}],"replies":[{"embeddable":true,"href":"https:\/\/gymnasium-nordenham.de\/en\/wp-json\/wp\/v2\/comments?post=2775"}],"version-history":[{"count":0,"href":"https:\/\/gymnasium-nordenham.de\/en\/wp-json\/wp\/v2\/pages\/2775\/revisions"}],"wp:attachment":[{"href":"https:\/\/gymnasium-nordenham.de\/en\/wp-json\/wp\/v2\/media?parent=2775"}],"curies":[{"name":"wp","href":"https:\/\/api.w.org\/{rel}","templated":true}]}}