{"id":2711,"date":"2020-12-18T18:34:37","date_gmt":"2020-12-18T17:34:37","guid":{"rendered":"https:\/\/gymnasiumnordenhamtest.live-website.com\/?page_id=2711"},"modified":"2021-01-11T15:45:13","modified_gmt":"2021-01-11T14:45:13","slug":"medienscouts","status":"publish","type":"page","link":"https:\/\/gymnasium-nordenham.de\/en\/medienscouts","title":{"rendered":"Medienscouts"},"content":{"rendered":"<div data-elementor-type=\"wp-page\" data-elementor-id=\"2711\" class=\"elementor elementor-2711\" data-elementor-post-type=\"page\">\n\t\t\t\t\t\t<section class=\"elementor-section elementor-top-section elementor-element elementor-element-5257c4b elementor-section-full_width elementor-section-height-default elementor-section-height-default\" data-id=\"5257c4b\" data-element_type=\"section\" data-e-type=\"section\">\n\t\t\t\t\t\t<div class=\"elementor-container elementor-column-gap-default\">\n\t\t\t\t\t<div class=\"elementor-column elementor-col-100 elementor-top-column elementor-element elementor-element-929ce8f\" data-id=\"929ce8f\" data-element_type=\"column\" data-e-type=\"column\" data-settings=\"{&quot;background_background&quot;:&quot;classic&quot;}\">\n\t\t\t<div class=\"elementor-widget-wrap elementor-element-populated\">\n\t\t\t\t\t\t<div class=\"elementor-element elementor-element-de78d44 elementor-widget elementor-widget-heading\" data-id=\"de78d44\" data-element_type=\"widget\" data-e-type=\"widget\" data-widget_type=\"heading.default\">\n\t\t\t\t<div class=\"elementor-widget-container\">\n\t\t\t\t\t<h2 class=\"elementor-heading-title elementor-size-large\">Die Medienscouts<\/h2>\t\t\t\t<\/div>\n\t\t\t\t<\/div>\n\t\t\t\t\t<\/div>\n\t\t<\/div>\n\t\t\t\t\t<\/div>\n\t\t<\/section>\n\t\t\t\t<section class=\"elementor-section elementor-top-section elementor-element elementor-element-9215942 elementor-section-full_width elementor-section-height-default elementor-section-height-default\" data-id=\"9215942\" data-element_type=\"section\" data-e-type=\"section\">\n\t\t\t\t\t\t<div class=\"elementor-container elementor-column-gap-default\">\n\t\t\t\t\t<div class=\"elementor-column elementor-col-66 elementor-top-column elementor-element elementor-element-bc4bb8e\" data-id=\"bc4bb8e\" data-element_type=\"column\" data-e-type=\"column\">\n\t\t\t<div class=\"elementor-widget-wrap elementor-element-populated\">\n\t\t\t\t\t\t<div class=\"elementor-element elementor-element-bab2484 elementor-widget elementor-widget-text-editor\" data-id=\"bab2484\" data-element_type=\"widget\" data-e-type=\"widget\" data-widget_type=\"text-editor.default\">\n\t\t\t\t<div class=\"elementor-widget-container\">\n\t\t\t\t\t\t\t\t\t<p style=\"text-align: justify;\"><span style=\"font-family: georgia, palatino, serif; font-size: 12pt;\"><strong>Die Medienscouts des Gymnasiums Nordenham<\/strong><\/span><\/p><p style=\"text-align: justify;\"><span style=\"font-family: georgia, palatino, serif; font-size: 12pt;\">Die Medienscout-AG besteht derzeit aus vier Sch\u00fclerinnen und Sch\u00fclern der zehnten Klassen des Gymnasiums Nordenham: Anna Br\u00f6dje, Josy Schirdewan, Conner Freese und Maris Baum. Sie haben ihre Ausbildung im November 2019 abgeschlossen und werden von Frau Bercha und Herrn Lange betreut. Des Weiteren ist geplant, die Arbeitsgemeinschaft zu erweitern und zus\u00e4tzliche Medienscouts auszubilden.<\/span><\/p><p style=\"text-align: justify;\"><span style=\"font-family: georgia, palatino, serif; font-size: 12pt;\"><strong> Projekte<\/strong>: Im Juni 2019 besuchten die Medienscouts die f\u00fcnften Klassen des Gymnasiums Nordenham und stellten sich und das Projekt unter dem Leitthema \u201eIch im Netz\u201c vor. Sie berichteten \u00fcber \u201ePhishing\u201c, \u201eScamming\u201c und weitere Gefahren im Internet sowie \u00fcber m\u00f6gliche Schutzma\u00dfnahmen. Im Erfahrungsaustausch mit den Sch\u00fclerinnen und Sch\u00fclern der f\u00fcnften Klassen entstanden produktive Diskussionen und es konnten zahlreiche Fragen zum Thema \u201eInternetsicherheit\u201c beantwortet werden. Auch ein kleines Gewinnspiel, das \u00fcber die Gefahren des Datenmissbrauches aufkl\u00e4ren sollte, wurde in die Pr\u00e4sentation eingearbeitet. Auch die Medienscouts des Gymnasiums haben viel lernen und zahlreiche Anregungen aus den Gespr\u00e4chen mit den F\u00fcnftkl\u00e4sslern und einem anschlie\u00dfenden Feedbackbogen mitnehmen k\u00f6nnen, sodass in den kommenden AG-Stunden weitere Projekte geplant werden k\u00f6nnen. Anna, Josy, Conner und Maris sind jederzeit f\u00fcr alle Sch\u00fclerinnen und Sch\u00fcler des Gymnasiums ansprechbar und\/oder per <a href=\"mailto:medienscouts.niedersachsen@gym-nordenham.de\">E-Mail<\/a> <\/span><span style=\"font-family: georgia, palatino, serif; font-size: 12pt;\">erreichbar.<\/span><\/p>\t\t\t\t\t\t\t\t<\/div>\n\t\t\t\t<\/div>\n\t\t\t\t<div class=\"elementor-element elementor-element-83ce2b4 elementor-widget elementor-widget-image\" data-id=\"83ce2b4\" data-element_type=\"widget\" data-e-type=\"widget\" data-widget_type=\"image.default\">\n\t\t\t\t<div class=\"elementor-widget-container\">\n\t\t\t\t\t\t\t\t\t\t\t\t\t\t\t<img fetchpriority=\"high\" decoding=\"async\" width=\"640\" height=\"201\" src=\"https:\/\/gymnasium-nordenham.de\/wp-content\/uploads\/2020\/12\/Mscout-2.jpg\" class=\"attachment-large size-large wp-image-2722\" alt=\"\" srcset=\"https:\/\/gymnasium-nordenham.de\/wp-content\/uploads\/2020\/12\/Mscout-2.jpg 663w, https:\/\/gymnasium-nordenham.de\/wp-content\/uploads\/2020\/12\/Mscout-2-300x94.jpg 300w\" sizes=\"(max-width: 640px) 100vw, 640px\" \/>\t\t\t\t\t\t\t\t\t\t\t\t\t\t\t<\/div>\n\t\t\t\t<\/div>\n\t\t\t\t<div class=\"elementor-element elementor-element-809aad3 elementor-widget elementor-widget-text-editor\" data-id=\"809aad3\" data-element_type=\"widget\" data-e-type=\"widget\" data-widget_type=\"text-editor.default\">\n\t\t\t\t<div class=\"elementor-widget-container\">\n\t\t\t\t\t\t\t\t\t<p style=\"text-align: justify;\"><strong><span style=\"font-family: georgia, palatino, serif; font-size: 12pt;\">\u00dcber das Projekt<\/span><\/strong><\/p><p style=\"text-align: justify;\"><span style=\"font-family: georgia, palatino, serif; font-size: 12pt;\">Seit dem Schuljahr 2016\/2017 f\u00fchrt die Landesinitiative n-21: Schulen in Niedersachsen online e. V. in Kooperation mit der Nieders\u00e4chsischen Landesmedienanstalt (NLM), dem Nieders\u00e4chsischen Kultusministerium und dem Nieders\u00e4chsischen Landesinstitut f\u00fcr schulische Qualit\u00e4tsentwicklung (NLQ) Qualifizierungen zur Ausbildung von Medienscouts durch. <\/span><\/p><p style=\"text-align: justify;\"><span style=\"font-family: georgia, palatino, serif; font-size: 12pt;\"><strong>Ziele<\/strong>: <\/span><span style=\"font-family: georgia, palatino, serif; font-size: 12pt;\">Die betreuenden Lehrerkr\u00e4fte und Schulsozialarbeiter\/-innen werden gemeinsam mit den Sch\u00fclerinnen und Sch\u00fclern geschult. Sie sind Unterst\u00fctzer der Medienscouts, organisieren und strukturieren die Beratungsarbeit an der Schule und sorgen daf\u00fcr, dass die Beratungsstrukturen nachhaltig eingerichtet werden. Jugendliche sollen gewonnen und angeleitet werden, Mitsch\u00fclerinnen &amp; Mitsch\u00fcler bei der Nutzung des Internets zu beraten! <\/span><\/p><p style=\"text-align: justify;\"><span style=\"font-family: georgia, palatino, serif; font-size: 12pt;\"><strong>Inhalte:<\/strong> Die Medienscouts werden in schulinternen Beratungsstrukturen arbeiten, die im Rahmen des Projektes aufgebaut und \u00fcber den Projektzeitraum hinaus nachhaltig an den Schulen etabliert werden sollen. Die Zusammenarbeit mit der Selbsthilfeplattform www.juuuport.de wird dabei einen besonderen Stellenwert einnehmen. Die Medienscouts kommunizieren auf Augenh\u00f6he mit ihren Mitsch\u00fclerinnen und Mitsch\u00fclern. Das Handeln der Scouts soll immer einen informativen, aber keinen Verbots-Charakter haben. Dazu werden entsprechende Beratungsstrategien im Projekt erarbeitet und einge\u00fcbt. Das Projekt richtet sich gleicherma\u00dfen an Sch\u00fclerinnen und Sch\u00fcler des 8. Jahrgangs sowie auch an ihre Lehrer\/-innen und Schulsozialarbeiter\/-innen und bietet ihnen gemeinsam Fortbildungen und Beratung an. Das Internet ist entscheidender Bestandteil jugendlicher Kommunikationskultur. Die Erfahrungen der Sch\u00fclerinnen und Sch\u00fcler im Umgang mit dem Internet definieren daher die Inhalte und Themen der Beratungsarbeit. Wichtiger Aspekt der Schulung und der sp\u00e4teren Beratung ist, den Sch\u00fclerinnen und Sch\u00fclern Verantwortung f\u00fcr ihre Pr\u00e4senz sowie f\u00fcr ihr Tun und Handeln im Internet zu \u00fcbertragen. Ausgebildete Dozentinnen und Dozenten f\u00fchren die Schulungen durch und begleiten die Arbeit der Medienscouts w\u00e4hrend der Projektphase. Die angehenden Medienscouts erfahren, welche Chancen und Risikobereiche das Internet bietet.<\/span><\/p><p style=\"text-align: justify;\"><span style=\"font-family: georgia, palatino, serif; font-size: 10pt;\">Quelle: https:\/\/www.n-21.de\/staticsite\/staticsite.php?menuid=471&amp;topmenu=4<\/span><\/p>\t\t\t\t\t\t\t\t<\/div>\n\t\t\t\t<\/div>\n\t\t\t\t\t<\/div>\n\t\t<\/div>\n\t\t\t\t<div class=\"elementor-column elementor-col-33 elementor-top-column elementor-element elementor-element-c25fcbf\" data-id=\"c25fcbf\" data-element_type=\"column\" data-e-type=\"column\">\n\t\t\t<div class=\"elementor-widget-wrap elementor-element-populated\">\n\t\t\t\t\t\t<div class=\"elementor-element elementor-element-497df0a elementor-invisible elementor-widget elementor-widget-wp-widget-nav_menu\" data-id=\"497df0a\" data-element_type=\"widget\" data-e-type=\"widget\" data-settings=\"{&quot;_animation&quot;:&quot;fadeInUp&quot;}\" data-widget_type=\"wp-widget-nav_menu.default\">\n\t\t\t\t<div class=\"elementor-widget-container\">\n\t\t\t\t\t<div class=\"menu-untermenue-wir-am-gn-container\"><ul id=\"menu-untermenue-wir-am-gn\" class=\"menu\"><li id=\"menu-item-1553\" class=\"menu-item menu-item-type-post_type menu-item-object-page menu-item-1553\"><a href=\"https:\/\/gymnasium-nordenham.de\/en\/die\">Schulleitungsteam<\/a><\/li>\n<li id=\"menu-item-1555\" class=\"menu-item menu-item-type-post_type menu-item-object-page menu-item-1555\"><a href=\"https:\/\/gymnasium-nordenham.de\/en\/kollegium\">Kollegium<\/a><\/li>\n<li id=\"menu-item-1560\" class=\"menu-item menu-item-type-post_type menu-item-object-page menu-item-1560\"><a href=\"https:\/\/gymnasium-nordenham.de\/en\/verwaltung\">Verwaltung<\/a><\/li>\n<li id=\"menu-item-2785\" class=\"menu-item menu-item-type-post_type menu-item-object-page menu-item-2785\"><a href=\"https:\/\/gymnasium-nordenham.de\/en\/schulelternrat\">Schulelternrat<\/a><\/li>\n<li id=\"menu-item-1558\" class=\"menu-item menu-item-type-post_type menu-item-object-page menu-item-1558\"><a href=\"https:\/\/gymnasium-nordenham.de\/en\/schuelervertretung-ersatz\">Sch\u00fclervertretung<\/a><\/li>\n<li id=\"menu-item-1556\" class=\"menu-item menu-item-type-post_type menu-item-object-page menu-item-1556\"><a href=\"https:\/\/gymnasium-nordenham.de\/en\/personalrat\">Personalrat<\/a><\/li>\n<li id=\"menu-item-1552\" class=\"menu-item menu-item-type-post_type menu-item-object-page menu-item-1552\"><a href=\"https:\/\/gymnasium-nordenham.de\/en\/beratungslehrer\">Beratungslehrer<\/a><\/li>\n<li id=\"menu-item-2808\" class=\"menu-item menu-item-type-post_type menu-item-object-page menu-item-2808\"><a href=\"https:\/\/gymnasium-nordenham.de\/en\/streitschlichter-wir-am-gn\">Streitschlichter<\/a><\/li>\n<li id=\"menu-item-4271\" class=\"menu-item menu-item-type-post_type menu-item-object-page menu-item-4271\"><a href=\"https:\/\/gymnasium-nordenham.de\/en\/medienscouts\">Medienscouts<\/a><\/li>\n<li id=\"menu-item-2901\" class=\"menu-item menu-item-type-post_type menu-item-object-page menu-item-2901\"><a href=\"https:\/\/gymnasium-nordenham.de\/en\/foerderverein-2\">F\u00f6rderverein<\/a><\/li>\n<\/ul><\/div>\t\t\t\t<\/div>\n\t\t\t\t<\/div>\n\t\t\t\t\t<\/div>\n\t\t<\/div>\n\t\t\t\t\t<\/div>\n\t\t<\/section>\n\t\t\t\t<\/div>","protected":false},"excerpt":{"rendered":"<p>Die Medienscouts Die Medienscouts des Gymnasiums Nordenham Die Medienscout-AG besteht derzeit aus vier Sch\u00fclerinnen und Sch\u00fclern der zehnten Klassen des Gymnasiums Nordenham: Anna Br\u00f6dje, Josy Schirdewan, Conner Freese und Maris Baum. Sie haben ihre Ausbildung im November 2019 abgeschlossen und &hellip; <a href=\"https:\/\/gymnasium-nordenham.de\/en\/medienscouts\">Continue reading <span class=\"meta-nav\">&rarr;<\/span><\/a><\/p>","protected":false},"author":4,"featured_media":0,"parent":0,"menu_order":0,"comment_status":"closed","ping_status":"closed","template":"elementor_header_footer","meta":{"_crdt_document":"","footnotes":""},"class_list":["post-2711","page","type-page","status-publish","hentry"],"yoast_head":"<!-- This site is optimized with the Yoast SEO plugin v27.3 - https:\/\/yoast.com\/product\/yoast-seo-wordpress\/ -->\n<title>Medienscouts - Gymnasium Nordenham<\/title>\n<meta name=\"robots\" content=\"index, follow, max-snippet:-1, max-image-preview:large, max-video-preview:-1\" \/>\n<link rel=\"canonical\" href=\"https:\/\/gymnasium-nordenham.de\/en\/medienscouts\/\" \/>\n<meta property=\"og:locale\" content=\"en_GB\" \/>\n<meta property=\"og:type\" content=\"article\" \/>\n<meta property=\"og:title\" content=\"Medienscouts - Gymnasium Nordenham\" \/>\n<meta property=\"og:description\" content=\"Die Medienscouts Die Medienscouts des Gymnasiums Nordenham Die Medienscout-AG besteht derzeit aus vier Sch\u00fclerinnen und Sch\u00fclern der zehnten Klassen des Gymnasiums Nordenham: Anna Br\u00f6dje, Josy Schirdewan, Conner Freese und Maris Baum. Sie haben ihre Ausbildung im November 2019 abgeschlossen und &hellip; Continue reading &rarr;\" \/>\n<meta property=\"og:url\" content=\"https:\/\/gymnasium-nordenham.de\/en\/medienscouts\/\" \/>\n<meta property=\"og:site_name\" content=\"Gymnasium Nordenham\" \/>\n<meta property=\"article:modified_time\" content=\"2021-01-11T14:45:13+00:00\" \/>\n<meta property=\"og:image\" content=\"https:\/\/gymnasium-nordenham.de\/wp-content\/uploads\/2020\/12\/Mscout-2.jpg\" \/>\n<meta name=\"twitter:card\" content=\"summary_large_image\" \/>\n<meta name=\"twitter:label1\" content=\"Estimated reading time\" \/>\n\t<meta name=\"twitter:data1\" content=\"3 minutes\" \/>\n<script type=\"application\/ld+json\" class=\"yoast-schema-graph\">{\"@context\":\"https:\\\/\\\/schema.org\",\"@graph\":[{\"@type\":\"WebPage\",\"@id\":\"https:\\\/\\\/gymnasium-nordenham.de\\\/medienscouts\",\"url\":\"https:\\\/\\\/gymnasium-nordenham.de\\\/medienscouts\",\"name\":\"Medienscouts - Gymnasium Nordenham\",\"isPartOf\":{\"@id\":\"https:\\\/\\\/gymnasium-nordenham.de\\\/#website\"},\"primaryImageOfPage\":{\"@id\":\"https:\\\/\\\/gymnasium-nordenham.de\\\/medienscouts#primaryimage\"},\"image\":{\"@id\":\"https:\\\/\\\/gymnasium-nordenham.de\\\/medienscouts#primaryimage\"},\"thumbnailUrl\":\"https:\\\/\\\/gymnasium-nordenham.de\\\/wp-content\\\/uploads\\\/2020\\\/12\\\/Mscout-2.jpg\",\"datePublished\":\"2020-12-18T17:34:37+00:00\",\"dateModified\":\"2021-01-11T14:45:13+00:00\",\"breadcrumb\":{\"@id\":\"https:\\\/\\\/gymnasium-nordenham.de\\\/medienscouts#breadcrumb\"},\"inLanguage\":\"en-GB\",\"potentialAction\":[{\"@type\":\"ReadAction\",\"target\":[\"https:\\\/\\\/gymnasium-nordenham.de\\\/medienscouts\"]}]},{\"@type\":\"ImageObject\",\"inLanguage\":\"en-GB\",\"@id\":\"https:\\\/\\\/gymnasium-nordenham.de\\\/medienscouts#primaryimage\",\"url\":\"https:\\\/\\\/gymnasium-nordenham.de\\\/wp-content\\\/uploads\\\/2020\\\/12\\\/Mscout-2.jpg\",\"contentUrl\":\"https:\\\/\\\/gymnasium-nordenham.de\\\/wp-content\\\/uploads\\\/2020\\\/12\\\/Mscout-2.jpg\"},{\"@type\":\"BreadcrumbList\",\"@id\":\"https:\\\/\\\/gymnasium-nordenham.de\\\/medienscouts#breadcrumb\",\"itemListElement\":[{\"@type\":\"ListItem\",\"position\":1,\"name\":\"Startseite\",\"item\":\"https:\\\/\\\/gymnasium-nordenham.de\\\/\"},{\"@type\":\"ListItem\",\"position\":2,\"name\":\"Medienscouts\"}]},{\"@type\":\"WebSite\",\"@id\":\"https:\\\/\\\/gymnasium-nordenham.de\\\/#website\",\"url\":\"https:\\\/\\\/gymnasium-nordenham.de\\\/\",\"name\":\"Gymnasium Nordenham\",\"description\":\"Miteinander, voneinander und f\u00fcreinander lernen\",\"potentialAction\":[{\"@type\":\"SearchAction\",\"target\":{\"@type\":\"EntryPoint\",\"urlTemplate\":\"https:\\\/\\\/gymnasium-nordenham.de\\\/?s={search_term_string}\"},\"query-input\":{\"@type\":\"PropertyValueSpecification\",\"valueRequired\":true,\"valueName\":\"search_term_string\"}}],\"inLanguage\":\"en-GB\"}]}<\/script>\n<!-- \/ Yoast SEO plugin. -->","yoast_head_json":{"title":"Medienscouts - Gymnasium Nordenham","robots":{"index":"index","follow":"follow","max-snippet":"max-snippet:-1","max-image-preview":"max-image-preview:large","max-video-preview":"max-video-preview:-1"},"canonical":"https:\/\/gymnasium-nordenham.de\/en\/medienscouts\/","og_locale":"en_GB","og_type":"article","og_title":"Medienscouts - Gymnasium Nordenham","og_description":"Die Medienscouts Die Medienscouts des Gymnasiums Nordenham Die Medienscout-AG besteht derzeit aus vier Sch\u00fclerinnen und Sch\u00fclern der zehnten Klassen des Gymnasiums Nordenham: Anna Br\u00f6dje, Josy Schirdewan, Conner Freese und Maris Baum. Sie haben ihre Ausbildung im November 2019 abgeschlossen und &hellip; Continue reading &rarr;","og_url":"https:\/\/gymnasium-nordenham.de\/en\/medienscouts\/","og_site_name":"Gymnasium Nordenham","article_modified_time":"2021-01-11T14:45:13+00:00","og_image":[{"url":"https:\/\/gymnasium-nordenham.de\/wp-content\/uploads\/2020\/12\/Mscout-2.jpg","type":"","width":"","height":""}],"twitter_card":"summary_large_image","twitter_misc":{"Estimated reading time":"3 minutes"},"schema":{"@context":"https:\/\/schema.org","@graph":[{"@type":"WebPage","@id":"https:\/\/gymnasium-nordenham.de\/medienscouts","url":"https:\/\/gymnasium-nordenham.de\/medienscouts","name":"Medienscouts - Gymnasium Nordenham","isPartOf":{"@id":"https:\/\/gymnasium-nordenham.de\/#website"},"primaryImageOfPage":{"@id":"https:\/\/gymnasium-nordenham.de\/medienscouts#primaryimage"},"image":{"@id":"https:\/\/gymnasium-nordenham.de\/medienscouts#primaryimage"},"thumbnailUrl":"https:\/\/gymnasium-nordenham.de\/wp-content\/uploads\/2020\/12\/Mscout-2.jpg","datePublished":"2020-12-18T17:34:37+00:00","dateModified":"2021-01-11T14:45:13+00:00","breadcrumb":{"@id":"https:\/\/gymnasium-nordenham.de\/medienscouts#breadcrumb"},"inLanguage":"en-GB","potentialAction":[{"@type":"ReadAction","target":["https:\/\/gymnasium-nordenham.de\/medienscouts"]}]},{"@type":"ImageObject","inLanguage":"en-GB","@id":"https:\/\/gymnasium-nordenham.de\/medienscouts#primaryimage","url":"https:\/\/gymnasium-nordenham.de\/wp-content\/uploads\/2020\/12\/Mscout-2.jpg","contentUrl":"https:\/\/gymnasium-nordenham.de\/wp-content\/uploads\/2020\/12\/Mscout-2.jpg"},{"@type":"BreadcrumbList","@id":"https:\/\/gymnasium-nordenham.de\/medienscouts#breadcrumb","itemListElement":[{"@type":"ListItem","position":1,"name":"Startseite","item":"https:\/\/gymnasium-nordenham.de\/"},{"@type":"ListItem","position":2,"name":"Medienscouts"}]},{"@type":"WebSite","@id":"https:\/\/gymnasium-nordenham.de\/#website","url":"https:\/\/gymnasium-nordenham.de\/","name":"Gymnasium Nordenham","description":"Miteinander, voneinander und f\u00fcreinander lernen","potentialAction":[{"@type":"SearchAction","target":{"@type":"EntryPoint","urlTemplate":"https:\/\/gymnasium-nordenham.de\/?s={search_term_string}"},"query-input":{"@type":"PropertyValueSpecification","valueRequired":true,"valueName":"search_term_string"}}],"inLanguage":"en-GB"}]}},"_links":{"self":[{"href":"https:\/\/gymnasium-nordenham.de\/en\/wp-json\/wp\/v2\/pages\/2711","targetHints":{"allow":["GET"]}}],"collection":[{"href":"https:\/\/gymnasium-nordenham.de\/en\/wp-json\/wp\/v2\/pages"}],"about":[{"href":"https:\/\/gymnasium-nordenham.de\/en\/wp-json\/wp\/v2\/types\/page"}],"author":[{"embeddable":true,"href":"https:\/\/gymnasium-nordenham.de\/en\/wp-json\/wp\/v2\/users\/4"}],"replies":[{"embeddable":true,"href":"https:\/\/gymnasium-nordenham.de\/en\/wp-json\/wp\/v2\/comments?post=2711"}],"version-history":[{"count":0,"href":"https:\/\/gymnasium-nordenham.de\/en\/wp-json\/wp\/v2\/pages\/2711\/revisions"}],"wp:attachment":[{"href":"https:\/\/gymnasium-nordenham.de\/en\/wp-json\/wp\/v2\/media?parent=2711"}],"curies":[{"name":"wp","href":"https:\/\/api.w.org\/{rel}","templated":true}]}}