{"id":2692,"date":"2020-12-18T17:52:40","date_gmt":"2020-12-18T16:52:40","guid":{"rendered":"https:\/\/gymnasiumnordenhamtest.live-website.com\/?page_id=2692"},"modified":"2023-01-20T15:33:47","modified_gmt":"2023-01-20T14:33:47","slug":"studien-und-berufsinfomesse","status":"publish","type":"page","link":"https:\/\/gymnasium-nordenham.de\/en\/studien-und-berufsinfomesse","title":{"rendered":"Studien- und Berufsinfomesse"},"content":{"rendered":"<div data-elementor-type=\"wp-page\" data-elementor-id=\"2692\" class=\"elementor elementor-2692\" data-elementor-post-type=\"page\">\n\t\t\t\t\t\t<section class=\"elementor-section elementor-top-section elementor-element elementor-element-5257c4b elementor-section-full_width elementor-section-height-default elementor-section-height-default\" data-id=\"5257c4b\" data-element_type=\"section\" data-e-type=\"section\">\n\t\t\t\t\t\t<div class=\"elementor-container elementor-column-gap-default\">\n\t\t\t\t\t<div class=\"elementor-column elementor-col-100 elementor-top-column elementor-element elementor-element-929ce8f\" data-id=\"929ce8f\" data-element_type=\"column\" data-e-type=\"column\" data-settings=\"{&quot;background_background&quot;:&quot;classic&quot;}\">\n\t\t\t<div class=\"elementor-widget-wrap elementor-element-populated\">\n\t\t\t\t\t\t<div class=\"elementor-element elementor-element-de78d44 elementor-widget elementor-widget-heading\" data-id=\"de78d44\" data-element_type=\"widget\" data-e-type=\"widget\" data-widget_type=\"heading.default\">\n\t\t\t\t<div class=\"elementor-widget-container\">\n\t\t\t\t\t<h2 class=\"elementor-heading-title elementor-size-large\">Studien- und Berufsinfomesse<\/h2>\t\t\t\t<\/div>\n\t\t\t\t<\/div>\n\t\t\t\t\t<\/div>\n\t\t<\/div>\n\t\t\t\t\t<\/div>\n\t\t<\/section>\n\t\t\t\t<section class=\"elementor-section elementor-top-section elementor-element elementor-element-9215942 elementor-section-full_width elementor-section-height-default elementor-section-height-default\" data-id=\"9215942\" data-element_type=\"section\" data-e-type=\"section\">\n\t\t\t\t\t\t<div class=\"elementor-container elementor-column-gap-default\">\n\t\t\t\t\t<div class=\"elementor-column elementor-col-66 elementor-top-column elementor-element elementor-element-bc4bb8e\" data-id=\"bc4bb8e\" data-element_type=\"column\" data-e-type=\"column\">\n\t\t\t<div class=\"elementor-widget-wrap elementor-element-populated\">\n\t\t\t\t\t\t<div class=\"elementor-element elementor-element-f063bae elementor-widget elementor-widget-text-editor\" data-id=\"f063bae\" data-element_type=\"widget\" data-e-type=\"widget\" data-widget_type=\"text-editor.default\">\n\t\t\t\t<div class=\"elementor-widget-container\">\n\t\t\t\t\t\t\t\t\t<p style=\"text-align: justify;\"><span style=\"font-family: georgia, palatino, serif; font-size: 12pt;\">Jedes Jahr veranstaltet das Gymnasium Nordenham Ende Januar eine Studien- und Berufsinfomesse. Dann besuchen uns viele regionale und \u00fcberregionale Unternehmen und Hochschulen und stellen sich unseren Sch\u00fclern der Jahrg\u00e4nge 10 bis 12 vor. Zudem statten uns an diesem Tag auch Sch\u00fcler umliegender Schulen einen Besuch ab, um das Informationangebot der Anbieter wahrzunehmen. Dabei ist die Studien- und Berufsinfomesse eine Mischung aus Infost\u00e4nden und Fachvortr\u00e4gen.<\/span><\/p><p style=\"text-align: justify;\"><span style=\"font-family: georgia, palatino, serif; font-size: 12pt;\">2023 fand die Messe am 25.01. statt. Der beigef\u00fcgte Flyer soll Ihnen einen kleinen Einblick in das breite Angebot dieser Veranstaltung geben:<\/span><\/p>\t\t\t\t\t\t\t\t<\/div>\n\t\t\t\t<\/div>\n\t\t\t\t<div class=\"elementor-element elementor-element-5040b60 elementor-widget elementor-widget-pdf_viewer\" data-id=\"5040b60\" data-element_type=\"widget\" data-e-type=\"widget\" data-widget_type=\"pdf_viewer.default\">\n\t\t\t\t<div class=\"elementor-widget-container\">\n\t\t\t\t\t<iframe src=\"https:\/\/docs.google.com\/viewer?url=https:\/\/gymnasium-nordenham.de\/wp-content\/uploads\/2023\/01\/Studien-und-Berufsinfomesse_2023.pdf&amp;embedded=true\" style=\"display: block; margin-left: auto; margin-right: auto; width: 1345px; height: 700px;\" frameborder=\"1\" marginheight=\"0px\" marginwidth=\"0px\" allowfullscreen><\/iframe>\t\t\t\t<\/div>\n\t\t\t\t<\/div>\n\t\t\t\t\t<\/div>\n\t\t<\/div>\n\t\t\t\t<div class=\"elementor-column elementor-col-33 elementor-top-column elementor-element elementor-element-c25fcbf\" data-id=\"c25fcbf\" data-element_type=\"column\" data-e-type=\"column\">\n\t\t\t<div class=\"elementor-widget-wrap elementor-element-populated\">\n\t\t\t\t\t\t<div class=\"elementor-element elementor-element-497df0a elementor-invisible elementor-widget elementor-widget-wp-widget-nav_menu\" data-id=\"497df0a\" data-element_type=\"widget\" data-e-type=\"widget\" data-settings=\"{&quot;_animation&quot;:&quot;fadeInUp&quot;}\" data-widget_type=\"wp-widget-nav_menu.default\">\n\t\t\t\t<div class=\"elementor-widget-container\">\n\t\t\t\t\t<div class=\"menu-untermenue-schulleben-container\"><ul id=\"menu-untermenue-schulleben\" class=\"menu\"><li id=\"menu-item-12330\" class=\"menu-item menu-item-type-post_type menu-item-object-page menu-item-12330\"><a href=\"https:\/\/gymnasium-nordenham.de\/en\/ag-ubersicht-ubersicht\">AG-\u00dcbersicht<\/a><\/li>\n<li id=\"menu-item-11712\" class=\"menu-item menu-item-type-post_type menu-item-object-page menu-item-11712\"><a href=\"https:\/\/gymnasium-nordenham.de\/en\/astronomie\">Astronomie<\/a><\/li>\n<li id=\"menu-item-4251\" class=\"menu-item menu-item-type-post_type menu-item-object-page menu-item-4251\"><a href=\"https:\/\/gymnasium-nordenham.de\/en\/bewegte-pause\">Movement Break<\/a><\/li>\n<li id=\"menu-item-3930\" class=\"menu-item menu-item-type-post_type menu-item-object-page menu-item-3930\"><a href=\"https:\/\/gymnasium-nordenham.de\/en\/blaeserklasse\">Bl\u00e4serklasse<\/a><\/li>\n<li id=\"menu-item-2565\" class=\"menu-item menu-item-type-post_type menu-item-object-page menu-item-2565\"><a href=\"https:\/\/gymnasium-nordenham.de\/en\/erste-hilfe-kurs\">Erste Hilfe Kurs<\/a><\/li>\n<li id=\"menu-item-2586\" class=\"menu-item menu-item-type-post_type menu-item-object-page menu-item-2586\"><a href=\"https:\/\/gymnasium-nordenham.de\/en\/lernen-lernen\">Lernen lernen<\/a><\/li>\n<li id=\"menu-item-4059\" class=\"menu-item menu-item-type-post_type menu-item-object-page menu-item-4059\"><a href=\"https:\/\/gymnasium-nordenham.de\/en\/schueleraustausch\">Student exchange as well.<\/a><\/li>\n<li id=\"menu-item-2709\" class=\"menu-item menu-item-type-post_type menu-item-object-page menu-item-2709\"><a href=\"https:\/\/gymnasium-nordenham.de\/en\/studien-und-berufsinfomesse\">Studien- und Berufsinfomesse<\/a><\/li>\n<li id=\"menu-item-2668\" class=\"menu-item menu-item-type-post_type menu-item-object-page menu-item-2668\"><a href=\"https:\/\/gymnasium-nordenham.de\/en\/patenprojekt\">Patenprojekt<\/a><\/li>\n<\/ul><\/div>\t\t\t\t<\/div>\n\t\t\t\t<\/div>\n\t\t\t\t\t<\/div>\n\t\t<\/div>\n\t\t\t\t\t<\/div>\n\t\t<\/section>\n\t\t\t\t<\/div>","protected":false},"excerpt":{"rendered":"<p>Studien- und Berufsinfomesse Jedes Jahr veranstaltet das Gymnasium Nordenham Ende Januar eine Studien- und Berufsinfomesse. Dann besuchen uns viele regionale und \u00fcberregionale Unternehmen und Hochschulen und stellen sich unseren Sch\u00fclern der Jahrg\u00e4nge 10 bis 12 vor. Zudem statten uns an &hellip; <a href=\"https:\/\/gymnasium-nordenham.de\/en\/studien-und-berufsinfomesse\">Continue reading <span class=\"meta-nav\">&rarr;<\/span><\/a><\/p>","protected":false},"author":4,"featured_media":0,"parent":0,"menu_order":0,"comment_status":"closed","ping_status":"closed","template":"elementor_header_footer","meta":{"_crdt_document":"","footnotes":""},"class_list":["post-2692","page","type-page","status-publish","hentry"],"yoast_head":"<!-- This site is optimized with the Yoast SEO plugin v27.3 - https:\/\/yoast.com\/product\/yoast-seo-wordpress\/ -->\n<title>Studien- und Berufsinfomesse - Gymnasium Nordenham<\/title>\n<meta name=\"robots\" content=\"index, follow, max-snippet:-1, max-image-preview:large, max-video-preview:-1\" \/>\n<link rel=\"canonical\" href=\"https:\/\/gymnasium-nordenham.de\/en\/studien-und-berufsinfomesse\/\" \/>\n<meta property=\"og:locale\" content=\"en_GB\" \/>\n<meta property=\"og:type\" content=\"article\" \/>\n<meta property=\"og:title\" content=\"Studien- und Berufsinfomesse - Gymnasium Nordenham\" \/>\n<meta property=\"og:description\" content=\"Studien- und Berufsinfomesse Jedes Jahr veranstaltet das Gymnasium Nordenham Ende Januar eine Studien- und Berufsinfomesse. Dann besuchen uns viele regionale und \u00fcberregionale Unternehmen und Hochschulen und stellen sich unseren Sch\u00fclern der Jahrg\u00e4nge 10 bis 12 vor. Zudem statten uns an &hellip; Continue reading &rarr;\" \/>\n<meta property=\"og:url\" content=\"https:\/\/gymnasium-nordenham.de\/en\/studien-und-berufsinfomesse\/\" \/>\n<meta property=\"og:site_name\" content=\"Gymnasium Nordenham\" \/>\n<meta property=\"article:modified_time\" content=\"2023-01-20T14:33:47+00:00\" \/>\n<meta name=\"twitter:card\" content=\"summary_large_image\" \/>\n<meta name=\"twitter:label1\" content=\"Estimated reading time\" \/>\n\t<meta name=\"twitter:data1\" content=\"1 minute\" \/>\n<script type=\"application\/ld+json\" class=\"yoast-schema-graph\">{\"@context\":\"https:\\\/\\\/schema.org\",\"@graph\":[{\"@type\":\"WebPage\",\"@id\":\"https:\\\/\\\/gymnasium-nordenham.de\\\/studien-und-berufsinfomesse\",\"url\":\"https:\\\/\\\/gymnasium-nordenham.de\\\/studien-und-berufsinfomesse\",\"name\":\"Studien- und Berufsinfomesse - Gymnasium Nordenham\",\"isPartOf\":{\"@id\":\"https:\\\/\\\/gymnasium-nordenham.de\\\/#website\"},\"datePublished\":\"2020-12-18T16:52:40+00:00\",\"dateModified\":\"2023-01-20T14:33:47+00:00\",\"breadcrumb\":{\"@id\":\"https:\\\/\\\/gymnasium-nordenham.de\\\/studien-und-berufsinfomesse#breadcrumb\"},\"inLanguage\":\"en-GB\",\"potentialAction\":[{\"@type\":\"ReadAction\",\"target\":[\"https:\\\/\\\/gymnasium-nordenham.de\\\/studien-und-berufsinfomesse\"]}]},{\"@type\":\"BreadcrumbList\",\"@id\":\"https:\\\/\\\/gymnasium-nordenham.de\\\/studien-und-berufsinfomesse#breadcrumb\",\"itemListElement\":[{\"@type\":\"ListItem\",\"position\":1,\"name\":\"Startseite\",\"item\":\"https:\\\/\\\/gymnasium-nordenham.de\\\/\"},{\"@type\":\"ListItem\",\"position\":2,\"name\":\"Studien- und Berufsinfomesse\"}]},{\"@type\":\"WebSite\",\"@id\":\"https:\\\/\\\/gymnasium-nordenham.de\\\/#website\",\"url\":\"https:\\\/\\\/gymnasium-nordenham.de\\\/\",\"name\":\"Gymnasium Nordenham\",\"description\":\"Miteinander, voneinander und f\u00fcreinander lernen\",\"potentialAction\":[{\"@type\":\"SearchAction\",\"target\":{\"@type\":\"EntryPoint\",\"urlTemplate\":\"https:\\\/\\\/gymnasium-nordenham.de\\\/?s={search_term_string}\"},\"query-input\":{\"@type\":\"PropertyValueSpecification\",\"valueRequired\":true,\"valueName\":\"search_term_string\"}}],\"inLanguage\":\"en-GB\"}]}<\/script>\n<!-- \/ Yoast SEO plugin. -->","yoast_head_json":{"title":"Studien- und Berufsinfomesse - Gymnasium Nordenham","robots":{"index":"index","follow":"follow","max-snippet":"max-snippet:-1","max-image-preview":"max-image-preview:large","max-video-preview":"max-video-preview:-1"},"canonical":"https:\/\/gymnasium-nordenham.de\/en\/studien-und-berufsinfomesse\/","og_locale":"en_GB","og_type":"article","og_title":"Studien- und Berufsinfomesse - Gymnasium Nordenham","og_description":"Studien- und Berufsinfomesse Jedes Jahr veranstaltet das Gymnasium Nordenham Ende Januar eine Studien- und Berufsinfomesse. Dann besuchen uns viele regionale und \u00fcberregionale Unternehmen und Hochschulen und stellen sich unseren Sch\u00fclern der Jahrg\u00e4nge 10 bis 12 vor. Zudem statten uns an &hellip; Continue reading &rarr;","og_url":"https:\/\/gymnasium-nordenham.de\/en\/studien-und-berufsinfomesse\/","og_site_name":"Gymnasium Nordenham","article_modified_time":"2023-01-20T14:33:47+00:00","twitter_card":"summary_large_image","twitter_misc":{"Estimated reading time":"1 minute"},"schema":{"@context":"https:\/\/schema.org","@graph":[{"@type":"WebPage","@id":"https:\/\/gymnasium-nordenham.de\/studien-und-berufsinfomesse","url":"https:\/\/gymnasium-nordenham.de\/studien-und-berufsinfomesse","name":"Studien- und Berufsinfomesse - Gymnasium Nordenham","isPartOf":{"@id":"https:\/\/gymnasium-nordenham.de\/#website"},"datePublished":"2020-12-18T16:52:40+00:00","dateModified":"2023-01-20T14:33:47+00:00","breadcrumb":{"@id":"https:\/\/gymnasium-nordenham.de\/studien-und-berufsinfomesse#breadcrumb"},"inLanguage":"en-GB","potentialAction":[{"@type":"ReadAction","target":["https:\/\/gymnasium-nordenham.de\/studien-und-berufsinfomesse"]}]},{"@type":"BreadcrumbList","@id":"https:\/\/gymnasium-nordenham.de\/studien-und-berufsinfomesse#breadcrumb","itemListElement":[{"@type":"ListItem","position":1,"name":"Startseite","item":"https:\/\/gymnasium-nordenham.de\/"},{"@type":"ListItem","position":2,"name":"Studien- und Berufsinfomesse"}]},{"@type":"WebSite","@id":"https:\/\/gymnasium-nordenham.de\/#website","url":"https:\/\/gymnasium-nordenham.de\/","name":"Gymnasium Nordenham","description":"Miteinander, voneinander und f\u00fcreinander lernen","potentialAction":[{"@type":"SearchAction","target":{"@type":"EntryPoint","urlTemplate":"https:\/\/gymnasium-nordenham.de\/?s={search_term_string}"},"query-input":{"@type":"PropertyValueSpecification","valueRequired":true,"valueName":"search_term_string"}}],"inLanguage":"en-GB"}]}},"_links":{"self":[{"href":"https:\/\/gymnasium-nordenham.de\/en\/wp-json\/wp\/v2\/pages\/2692","targetHints":{"allow":["GET"]}}],"collection":[{"href":"https:\/\/gymnasium-nordenham.de\/en\/wp-json\/wp\/v2\/pages"}],"about":[{"href":"https:\/\/gymnasium-nordenham.de\/en\/wp-json\/wp\/v2\/types\/page"}],"author":[{"embeddable":true,"href":"https:\/\/gymnasium-nordenham.de\/en\/wp-json\/wp\/v2\/users\/4"}],"replies":[{"embeddable":true,"href":"https:\/\/gymnasium-nordenham.de\/en\/wp-json\/wp\/v2\/comments?post=2692"}],"version-history":[{"count":0,"href":"https:\/\/gymnasium-nordenham.de\/en\/wp-json\/wp\/v2\/pages\/2692\/revisions"}],"wp:attachment":[{"href":"https:\/\/gymnasium-nordenham.de\/en\/wp-json\/wp\/v2\/media?parent=2692"}],"curies":[{"name":"wp","href":"https:\/\/api.w.org\/{rel}","templated":true}]}}