{"id":2608,"date":"2020-12-18T14:51:37","date_gmt":"2020-12-18T13:51:37","guid":{"rendered":"https:\/\/gymnasiumnordenhamtest.live-website.com\/?page_id=2608"},"modified":"2023-02-07T12:05:34","modified_gmt":"2023-02-07T11:05:34","slug":"schueler-foerdern-schueler-sfs","status":"publish","type":"page","link":"https:\/\/gymnasium-nordenham.de\/en\/schueler-foerdern-schueler-sfs","title":{"rendered":"Sch\u00fcler f\u00f6rdern Sch\u00fcler (SfS)"},"content":{"rendered":"<div data-elementor-type=\"wp-page\" data-elementor-id=\"2608\" class=\"elementor elementor-2608\" data-elementor-post-type=\"page\">\n\t\t\t\t\t\t<section class=\"elementor-section elementor-top-section elementor-element elementor-element-5257c4b elementor-section-full_width elementor-section-height-default elementor-section-height-default\" data-id=\"5257c4b\" data-element_type=\"section\" data-e-type=\"section\">\n\t\t\t\t\t\t<div class=\"elementor-container elementor-column-gap-default\">\n\t\t\t\t\t<div class=\"elementor-column elementor-col-100 elementor-top-column elementor-element elementor-element-929ce8f\" data-id=\"929ce8f\" data-element_type=\"column\" data-e-type=\"column\" data-settings=\"{&quot;background_background&quot;:&quot;classic&quot;}\">\n\t\t\t<div class=\"elementor-widget-wrap elementor-element-populated\">\n\t\t\t\t\t\t<div class=\"elementor-element elementor-element-de78d44 elementor-widget elementor-widget-heading\" data-id=\"de78d44\" data-element_type=\"widget\" data-e-type=\"widget\" data-widget_type=\"heading.default\">\n\t\t\t\t<div class=\"elementor-widget-container\">\n\t\t\t\t\t<h2 class=\"elementor-heading-title elementor-size-large\">Sch\u00fcler f\u00f6rdern Sch\u00fcler<\/h2>\t\t\t\t<\/div>\n\t\t\t\t<\/div>\n\t\t\t\t\t<\/div>\n\t\t<\/div>\n\t\t\t\t\t<\/div>\n\t\t<\/section>\n\t\t\t\t<section class=\"elementor-section elementor-top-section elementor-element elementor-element-9215942 elementor-section-full_width elementor-section-height-default elementor-section-height-default\" data-id=\"9215942\" data-element_type=\"section\" data-e-type=\"section\">\n\t\t\t\t\t\t<div class=\"elementor-container elementor-column-gap-default\">\n\t\t\t\t\t<div class=\"elementor-column elementor-col-66 elementor-top-column elementor-element elementor-element-bc4bb8e\" data-id=\"bc4bb8e\" data-element_type=\"column\" data-e-type=\"column\">\n\t\t\t<div class=\"elementor-widget-wrap elementor-element-populated\">\n\t\t\t\t\t\t<div class=\"elementor-element elementor-element-809aad3 elementor-widget elementor-widget-text-editor\" data-id=\"809aad3\" data-element_type=\"widget\" data-e-type=\"widget\" data-widget_type=\"text-editor.default\">\n\t\t\t\t<div class=\"elementor-widget-container\">\n\t\t\t\t\t\t\t\t\t<p style=\"text-align: justify;\"><span style=\"font-family: georgia, palatino, serif; font-size: 12pt;\">Bei \u201eSfS\u201c (Sch\u00fcler f\u00f6rdern Sch\u00fcler) handelt es sich um eine AG des Gymnasiums Nordenham, bei der Sch\u00fclerinnen und Sch\u00fcler der Klassenstufen 10 bis 12 j\u00fcngeren Sch\u00fclerinnen und Sch\u00fclern der Jahrg\u00e4nge 5 bis 8 Nachhilfe in den F\u00e4chern Deutsch, Englisch, Mathematik und der zweiten Fremdsprache (Franz\u00f6sisch, Spanisch, Latein) anbieten. Die Nachhilfe findet in sogenannten F\u00f6rdergruppen statt, die in der Regel zwei bis vier Sch\u00fcler stark sind, auf Wunsch kann jedoch auch Einzelunterricht angeboten werden.<\/span><\/p><p style=\"text-align: justify;\"><span style=\"font-family: georgia, palatino, serif; font-size: 12pt;\">Die n\u00e4chste F\u00f6rderperiode beginnt am 27. Februar 2023.<\/span><br \/><span style=\"font-family: georgia, palatino, serif; font-size: 12pt;\">Anmeldungen sind bis zum 17. Februar 2023 m\u00f6glich.<\/span><\/p><p style=\"text-align: justify;\"><span style=\"font-family: georgia, palatino, serif; font-size: 12pt;\">Weitere Informationen zu SfS sowie den Anmeldebogen f\u00fcr die aktuelle F\u00f6rderperiode gibt es hier:<\/span><\/p><p style=\"text-align: justify;\"><span style=\"font-family: georgia, palatino, serif; font-size: 12pt;\">Zum <a href=\"https:\/\/gymnasium-nordenham.de\/wp-content\/uploads\/2021\/10\/SfS-Konzept-2021.pdf\" target=\"_blank\" rel=\"noopener\">Konzept<\/a><\/span><\/p><p style=\"text-align: justify;\"><span style=\"font-family: georgia, palatino, serif; font-size: 12pt;\">Zum <a href=\"https:\/\/gymnasium-nordenham.de\/en\/formulare-und-downloads\/\" target=\"_blank\" rel=\"noopener\">Anmeldebogen<\/a> unter &#8220;Formulare und Downloads&#8221; <\/span><\/p><p style=\"text-align: justify;\"><span style=\"font-family: georgia, palatino, serif; font-size: 12pt;\">Bei Fragen zu Ablauf und Organisation von SfS erreichen Sie uns per Mail unter <a href=\"mailto:sfs@gym-nordenham.de\" target=\"_blank\" rel=\"noopener\">sfs@gym-nordenham.de<\/a><\/span><\/p>\t\t\t\t\t\t\t\t<\/div>\n\t\t\t\t<\/div>\n\t\t\t\t\t<\/div>\n\t\t<\/div>\n\t\t\t\t<div class=\"elementor-column elementor-col-33 elementor-top-column elementor-element elementor-element-c25fcbf\" data-id=\"c25fcbf\" data-element_type=\"column\" data-e-type=\"column\">\n\t\t\t<div class=\"elementor-widget-wrap elementor-element-populated\">\n\t\t\t\t\t\t<div class=\"elementor-element elementor-element-497df0a elementor-invisible elementor-widget elementor-widget-wp-widget-nav_menu\" data-id=\"497df0a\" data-element_type=\"widget\" data-e-type=\"widget\" data-settings=\"{&quot;_animation&quot;:&quot;fadeInUp&quot;}\" data-widget_type=\"wp-widget-nav_menu.default\">\n\t\t\t\t<div class=\"elementor-widget-container\">\n\t\t\t\t\t<div class=\"menu-untermenue-schulleben-container\"><ul id=\"menu-untermenue-schulleben\" class=\"menu\"><li id=\"menu-item-12330\" class=\"menu-item menu-item-type-post_type menu-item-object-page menu-item-12330\"><a href=\"https:\/\/gymnasium-nordenham.de\/en\/ag-ubersicht-ubersicht\">AG-\u00dcbersicht<\/a><\/li>\n<li id=\"menu-item-11712\" class=\"menu-item menu-item-type-post_type menu-item-object-page menu-item-11712\"><a href=\"https:\/\/gymnasium-nordenham.de\/en\/astronomie\">Astronomie<\/a><\/li>\n<li id=\"menu-item-4251\" class=\"menu-item menu-item-type-post_type menu-item-object-page menu-item-4251\"><a href=\"https:\/\/gymnasium-nordenham.de\/en\/bewegte-pause\">Movement Break<\/a><\/li>\n<li id=\"menu-item-3930\" class=\"menu-item menu-item-type-post_type menu-item-object-page menu-item-3930\"><a href=\"https:\/\/gymnasium-nordenham.de\/en\/blaeserklasse\">Bl\u00e4serklasse<\/a><\/li>\n<li id=\"menu-item-2565\" class=\"menu-item menu-item-type-post_type menu-item-object-page menu-item-2565\"><a href=\"https:\/\/gymnasium-nordenham.de\/en\/erste-hilfe-kurs\">Erste Hilfe Kurs<\/a><\/li>\n<li id=\"menu-item-2586\" class=\"menu-item menu-item-type-post_type menu-item-object-page menu-item-2586\"><a href=\"https:\/\/gymnasium-nordenham.de\/en\/lernen-lernen\">Lernen lernen<\/a><\/li>\n<li id=\"menu-item-4059\" class=\"menu-item menu-item-type-post_type menu-item-object-page menu-item-4059\"><a href=\"https:\/\/gymnasium-nordenham.de\/en\/schueleraustausch\">Student exchange as well.<\/a><\/li>\n<li id=\"menu-item-2709\" class=\"menu-item menu-item-type-post_type menu-item-object-page menu-item-2709\"><a href=\"https:\/\/gymnasium-nordenham.de\/en\/studien-und-berufsinfomesse\">Studien- und Berufsinfomesse<\/a><\/li>\n<li id=\"menu-item-2668\" class=\"menu-item menu-item-type-post_type menu-item-object-page menu-item-2668\"><a href=\"https:\/\/gymnasium-nordenham.de\/en\/patenprojekt\">Patenprojekt<\/a><\/li>\n<\/ul><\/div>\t\t\t\t<\/div>\n\t\t\t\t<\/div>\n\t\t\t\t\t<\/div>\n\t\t<\/div>\n\t\t\t\t\t<\/div>\n\t\t<\/section>\n\t\t\t\t<\/div>","protected":false},"excerpt":{"rendered":"<p>Sch\u00fcler f\u00f6rdern Sch\u00fcler Bei \u201eSfS\u201c (Sch\u00fcler f\u00f6rdern Sch\u00fcler) handelt es sich um eine AG des Gymnasiums Nordenham, bei der Sch\u00fclerinnen und Sch\u00fcler der Klassenstufen 10 bis 12 j\u00fcngeren Sch\u00fclerinnen und Sch\u00fclern der Jahrg\u00e4nge 5 bis 8 Nachhilfe in den F\u00e4chern &hellip; <a href=\"https:\/\/gymnasium-nordenham.de\/en\/schueler-foerdern-schueler-sfs\">Continue reading <span class=\"meta-nav\">&rarr;<\/span><\/a><\/p>","protected":false},"author":4,"featured_media":0,"parent":0,"menu_order":0,"comment_status":"closed","ping_status":"closed","template":"elementor_header_footer","meta":{"_crdt_document":"","footnotes":""},"class_list":["post-2608","page","type-page","status-publish","hentry"],"yoast_head":"<!-- This site is optimized with the Yoast SEO plugin v27.4 - https:\/\/yoast.com\/product\/yoast-seo-wordpress\/ -->\n<title>Sch\u00fcler f\u00f6rdern Sch\u00fcler (SfS) - Gymnasium Nordenham<\/title>\n<meta name=\"robots\" content=\"index, follow, max-snippet:-1, max-image-preview:large, max-video-preview:-1\" \/>\n<link rel=\"canonical\" href=\"https:\/\/gymnasium-nordenham.de\/en\/schueler-foerdern-schueler-sfs\/\" \/>\n<meta property=\"og:locale\" content=\"en_GB\" \/>\n<meta property=\"og:type\" content=\"article\" \/>\n<meta property=\"og:title\" content=\"Sch\u00fcler f\u00f6rdern Sch\u00fcler (SfS) - Gymnasium Nordenham\" \/>\n<meta property=\"og:description\" content=\"Sch\u00fcler f\u00f6rdern Sch\u00fcler Bei \u201eSfS\u201c (Sch\u00fcler f\u00f6rdern Sch\u00fcler) handelt es sich um eine AG des Gymnasiums Nordenham, bei der Sch\u00fclerinnen und Sch\u00fcler der Klassenstufen 10 bis 12 j\u00fcngeren Sch\u00fclerinnen und Sch\u00fclern der Jahrg\u00e4nge 5 bis 8 Nachhilfe in den F\u00e4chern &hellip; Continue reading &rarr;\" \/>\n<meta property=\"og:url\" content=\"https:\/\/gymnasium-nordenham.de\/en\/schueler-foerdern-schueler-sfs\/\" \/>\n<meta property=\"og:site_name\" content=\"Gymnasium Nordenham\" \/>\n<meta property=\"article:modified_time\" content=\"2023-02-07T11:05:34+00:00\" \/>\n<meta name=\"twitter:card\" content=\"summary_large_image\" \/>\n<meta name=\"twitter:label1\" content=\"Estimated reading time\" \/>\n\t<meta name=\"twitter:data1\" content=\"1 minute\" \/>\n<script type=\"application\/ld+json\" class=\"yoast-schema-graph\">{\"@context\":\"https:\\\/\\\/schema.org\",\"@graph\":[{\"@type\":\"WebPage\",\"@id\":\"https:\\\/\\\/gymnasium-nordenham.de\\\/schueler-foerdern-schueler-sfs\",\"url\":\"https:\\\/\\\/gymnasium-nordenham.de\\\/schueler-foerdern-schueler-sfs\",\"name\":\"Sch\u00fcler f\u00f6rdern Sch\u00fcler (SfS) - Gymnasium Nordenham\",\"isPartOf\":{\"@id\":\"https:\\\/\\\/gymnasium-nordenham.de\\\/#website\"},\"datePublished\":\"2020-12-18T13:51:37+00:00\",\"dateModified\":\"2023-02-07T11:05:34+00:00\",\"breadcrumb\":{\"@id\":\"https:\\\/\\\/gymnasium-nordenham.de\\\/schueler-foerdern-schueler-sfs#breadcrumb\"},\"inLanguage\":\"en-GB\",\"potentialAction\":[{\"@type\":\"ReadAction\",\"target\":[\"https:\\\/\\\/gymnasium-nordenham.de\\\/schueler-foerdern-schueler-sfs\"]}]},{\"@type\":\"BreadcrumbList\",\"@id\":\"https:\\\/\\\/gymnasium-nordenham.de\\\/schueler-foerdern-schueler-sfs#breadcrumb\",\"itemListElement\":[{\"@type\":\"ListItem\",\"position\":1,\"name\":\"Startseite\",\"item\":\"https:\\\/\\\/gymnasium-nordenham.de\\\/\"},{\"@type\":\"ListItem\",\"position\":2,\"name\":\"Sch\u00fcler f\u00f6rdern Sch\u00fcler (SfS)\"}]},{\"@type\":\"WebSite\",\"@id\":\"https:\\\/\\\/gymnasium-nordenham.de\\\/#website\",\"url\":\"https:\\\/\\\/gymnasium-nordenham.de\\\/\",\"name\":\"Gymnasium Nordenham\",\"description\":\"Miteinander, voneinander und f\u00fcreinander lernen\",\"potentialAction\":[{\"@type\":\"SearchAction\",\"target\":{\"@type\":\"EntryPoint\",\"urlTemplate\":\"https:\\\/\\\/gymnasium-nordenham.de\\\/?s={search_term_string}\"},\"query-input\":{\"@type\":\"PropertyValueSpecification\",\"valueRequired\":true,\"valueName\":\"search_term_string\"}}],\"inLanguage\":\"en-GB\"}]}<\/script>\n<!-- \/ Yoast SEO plugin. -->","yoast_head_json":{"title":"Sch\u00fcler f\u00f6rdern Sch\u00fcler (SfS) - Gymnasium Nordenham","robots":{"index":"index","follow":"follow","max-snippet":"max-snippet:-1","max-image-preview":"max-image-preview:large","max-video-preview":"max-video-preview:-1"},"canonical":"https:\/\/gymnasium-nordenham.de\/en\/schueler-foerdern-schueler-sfs\/","og_locale":"en_GB","og_type":"article","og_title":"Sch\u00fcler f\u00f6rdern Sch\u00fcler (SfS) - Gymnasium Nordenham","og_description":"Sch\u00fcler f\u00f6rdern Sch\u00fcler Bei \u201eSfS\u201c (Sch\u00fcler f\u00f6rdern Sch\u00fcler) handelt es sich um eine AG des Gymnasiums Nordenham, bei der Sch\u00fclerinnen und Sch\u00fcler der Klassenstufen 10 bis 12 j\u00fcngeren Sch\u00fclerinnen und Sch\u00fclern der Jahrg\u00e4nge 5 bis 8 Nachhilfe in den F\u00e4chern &hellip; Continue reading &rarr;","og_url":"https:\/\/gymnasium-nordenham.de\/en\/schueler-foerdern-schueler-sfs\/","og_site_name":"Gymnasium Nordenham","article_modified_time":"2023-02-07T11:05:34+00:00","twitter_card":"summary_large_image","twitter_misc":{"Estimated reading time":"1 minute"},"schema":{"@context":"https:\/\/schema.org","@graph":[{"@type":"WebPage","@id":"https:\/\/gymnasium-nordenham.de\/schueler-foerdern-schueler-sfs","url":"https:\/\/gymnasium-nordenham.de\/schueler-foerdern-schueler-sfs","name":"Sch\u00fcler f\u00f6rdern Sch\u00fcler (SfS) - Gymnasium Nordenham","isPartOf":{"@id":"https:\/\/gymnasium-nordenham.de\/#website"},"datePublished":"2020-12-18T13:51:37+00:00","dateModified":"2023-02-07T11:05:34+00:00","breadcrumb":{"@id":"https:\/\/gymnasium-nordenham.de\/schueler-foerdern-schueler-sfs#breadcrumb"},"inLanguage":"en-GB","potentialAction":[{"@type":"ReadAction","target":["https:\/\/gymnasium-nordenham.de\/schueler-foerdern-schueler-sfs"]}]},{"@type":"BreadcrumbList","@id":"https:\/\/gymnasium-nordenham.de\/schueler-foerdern-schueler-sfs#breadcrumb","itemListElement":[{"@type":"ListItem","position":1,"name":"Startseite","item":"https:\/\/gymnasium-nordenham.de\/"},{"@type":"ListItem","position":2,"name":"Sch\u00fcler f\u00f6rdern Sch\u00fcler (SfS)"}]},{"@type":"WebSite","@id":"https:\/\/gymnasium-nordenham.de\/#website","url":"https:\/\/gymnasium-nordenham.de\/","name":"Gymnasium Nordenham","description":"Miteinander, voneinander und f\u00fcreinander lernen","potentialAction":[{"@type":"SearchAction","target":{"@type":"EntryPoint","urlTemplate":"https:\/\/gymnasium-nordenham.de\/?s={search_term_string}"},"query-input":{"@type":"PropertyValueSpecification","valueRequired":true,"valueName":"search_term_string"}}],"inLanguage":"en-GB"}]}},"_links":{"self":[{"href":"https:\/\/gymnasium-nordenham.de\/en\/wp-json\/wp\/v2\/pages\/2608","targetHints":{"allow":["GET"]}}],"collection":[{"href":"https:\/\/gymnasium-nordenham.de\/en\/wp-json\/wp\/v2\/pages"}],"about":[{"href":"https:\/\/gymnasium-nordenham.de\/en\/wp-json\/wp\/v2\/types\/page"}],"author":[{"embeddable":true,"href":"https:\/\/gymnasium-nordenham.de\/en\/wp-json\/wp\/v2\/users\/4"}],"replies":[{"embeddable":true,"href":"https:\/\/gymnasium-nordenham.de\/en\/wp-json\/wp\/v2\/comments?post=2608"}],"version-history":[{"count":0,"href":"https:\/\/gymnasium-nordenham.de\/en\/wp-json\/wp\/v2\/pages\/2608\/revisions"}],"wp:attachment":[{"href":"https:\/\/gymnasium-nordenham.de\/en\/wp-json\/wp\/v2\/media?parent=2608"}],"curies":[{"name":"wp","href":"https:\/\/api.w.org\/{rel}","templated":true}]}}