{"id":2573,"date":"2020-12-18T13:07:32","date_gmt":"2020-12-18T12:07:32","guid":{"rendered":"https:\/\/gymnasiumnordenhamtest.live-website.com\/?page_id=2573"},"modified":"2020-12-21T18:36:16","modified_gmt":"2020-12-21T17:36:16","slug":"lernen-lernen","status":"publish","type":"page","link":"https:\/\/gymnasium-nordenham.de\/en\/lernen-lernen","title":{"rendered":"Lernen lernen"},"content":{"rendered":"<div data-elementor-type=\"wp-page\" data-elementor-id=\"2573\" class=\"elementor elementor-2573\" data-elementor-post-type=\"page\">\n\t\t\t\t\t\t<section class=\"elementor-section elementor-top-section elementor-element elementor-element-5257c4b elementor-section-full_width elementor-section-height-default elementor-section-height-default\" data-id=\"5257c4b\" data-element_type=\"section\" data-e-type=\"section\">\n\t\t\t\t\t\t<div class=\"elementor-container elementor-column-gap-default\">\n\t\t\t\t\t<div class=\"elementor-column elementor-col-100 elementor-top-column elementor-element elementor-element-929ce8f\" data-id=\"929ce8f\" data-element_type=\"column\" data-e-type=\"column\" data-settings=\"{&quot;background_background&quot;:&quot;classic&quot;}\">\n\t\t\t<div class=\"elementor-widget-wrap elementor-element-populated\">\n\t\t\t\t\t\t<div class=\"elementor-element elementor-element-de78d44 elementor-widget elementor-widget-heading\" data-id=\"de78d44\" data-element_type=\"widget\" data-e-type=\"widget\" data-widget_type=\"heading.default\">\n\t\t\t\t<div class=\"elementor-widget-container\">\n\t\t\t\t\t<h2 class=\"elementor-heading-title elementor-size-large\">Lernen lernen<\/h2>\t\t\t\t<\/div>\n\t\t\t\t<\/div>\n\t\t\t\t\t<\/div>\n\t\t<\/div>\n\t\t\t\t\t<\/div>\n\t\t<\/section>\n\t\t\t\t<section class=\"elementor-section elementor-top-section elementor-element elementor-element-9215942 elementor-section-full_width elementor-section-height-default elementor-section-height-default\" data-id=\"9215942\" data-element_type=\"section\" data-e-type=\"section\">\n\t\t\t\t\t\t<div class=\"elementor-container elementor-column-gap-default\">\n\t\t\t\t\t<div class=\"elementor-column elementor-col-66 elementor-top-column elementor-element elementor-element-bc4bb8e\" data-id=\"bc4bb8e\" data-element_type=\"column\" data-e-type=\"column\">\n\t\t\t<div class=\"elementor-widget-wrap elementor-element-populated\">\n\t\t\t\t\t\t<div class=\"elementor-element elementor-element-809aad3 elementor-widget elementor-widget-text-editor\" data-id=\"809aad3\" data-element_type=\"widget\" data-e-type=\"widget\" data-widget_type=\"text-editor.default\">\n\t\t\t\t<div class=\"elementor-widget-container\">\n\t\t\t\t\t\t\t\t\t<p style=\"text-align: justify;\"><strong><span style=\"font-family: georgia, palatino, serif; font-size: 12pt;\">Methodentraining \u201eDas Lernen lernen\u201c<\/span><\/strong><\/p><p style=\"text-align: justify;\"><span style=\"font-family: georgia, palatino, serif; font-size: 12pt;\">Mit zwei Einf\u00fchrungstagen zum Ankommen in der neuen Schule und in der neuen Klasse beginnt die Schulzeit der F\u00fcnftkl\u00e4ssler am Gymnasium Nordenham. In der Folgezeit kommen verschiedenste Lernerfahrungen im Unterricht dazu.<\/span><\/p><p style=\"text-align: justify;\"><strong><span style=\"font-family: georgia, palatino, serif; font-size: 12pt;\">Methodentraining<\/span><\/strong><\/p><p style=\"text-align: justify;\"><span style=\"font-family: georgia, palatino, serif; font-size: 12pt;\">Da die Anzahl der F\u00e4cher und damit der Hausaufgaben sowie das Lernpensum im Vergleich zur Grundschule am Gymnasium stetig steigen, m\u00f6chten wir den Sch\u00fclerinnen und Sch\u00fclern den \u00dcbergang erleichtern, indem wir ihnen Tipps und Tricks mit auf den Weg geben, wie das Lernen strukturierter und damit leichter gelingt.<\/span><\/p><p style=\"text-align: justify;\"><strong><span style=\"font-family: georgia, palatino, serif; font-size: 12pt;\">Lernen lernen \u2013 aber wie?<\/span><\/strong><\/p><p style=\"text-align: justify;\"><span style=\"font-family: georgia, palatino, serif; font-size: 12pt;\">Die Klassen- und Fachlehrer stellen im Unterricht verschiedene Methoden und Techniken vor, die sie mit den Kindern an konkreten Unterrichtsinhalten besprechen und ein\u00fcben.<\/span><\/p><p style=\"text-align: justify;\"><span style=\"font-family: georgia, palatino, serif; font-size: 12pt;\">Die folgende \u00dcbersicht zeigt beispielhaft, welche Methode in welchem Fach vermittelt wird:<\/span><\/p><p style=\"text-align: justify;\"><span style=\"font-family: georgia, palatino, serif; font-size: 12pt;\">Mathematik: 4-Tage-Paln zur Vorbereitung auf Klassenarbeiten &amp; Tipps f\u00fcr Klassenarbeiten<\/span><\/p><p style=\"text-align: justify;\"><span style=\"font-family: georgia, palatino, serif; font-size: 12pt;\">Geschichte: Loci-Technik<\/span><\/p><p style=\"text-align: justify;\"><span style=\"font-family: georgia, palatino, serif; font-size: 12pt;\">Biologie: Wie lernt das Gehirn<\/span><\/p><p style=\"text-align: justify;\"><span style=\"font-family: georgia, palatino, serif; font-size: 12pt;\">Erdkunde: Merktechniken (z.B. Eselsbr\u00fccken, Assoziationstechniken &#8230;)<\/span><\/p><p style=\"text-align: justify;\"><span style=\"font-family: georgia, palatino, serif; font-size: 12pt;\">Kunst: Zeitmanagement &#8211; Pausen zur rechten Zeit<\/span><\/p><p style=\"text-align: justify;\"><span style=\"font-family: georgia, palatino, serif; font-size: 12pt;\">Nach einem vorher vereinbarten Zeitraum k\u00f6nnen alle Fachlehrer s\u00e4mtliche Methoden ebenfalls in ihrem Unterricht anwenden und vertiefen.<\/span><\/p><p style=\"text-align: justify;\"><strong><span style=\"font-family: georgia, palatino, serif; font-size: 12pt;\">Gute Ausr\u00fcstung und h\u00e4usliche Unterst\u00fctzung<\/span><\/strong><\/p><p style=\"text-align: justify;\"><span style=\"font-family: georgia, palatino, serif; font-size: 12pt;\">Die Informationsbl\u00e4tter, die zu den Lerntechniken ausgegeben werden, bewahren die Sch\u00fclerinnen und Sch\u00fcler in einem Hefter auf, so dass sie f\u00fcr die kommende Schulzeit eine gute Ausr\u00fcstung besitzen, auf die immer wieder zur\u00fcckgegriffen werden kann. Au\u00dferdem erlaubt dieses Vorgehen, dass auch die Eltern etwas \u00fcber die Inhalte nachlesen k\u00f6nnen, dadurch neueste Lerntechniken erfahren und somit in die Lage versetzt werden, ihre Kinder beim h\u00e4uslichen Lernen zu unterst\u00fctzen.<\/span><\/p>\t\t\t\t\t\t\t\t<\/div>\n\t\t\t\t<\/div>\n\t\t\t\t\t<\/div>\n\t\t<\/div>\n\t\t\t\t<div class=\"elementor-column elementor-col-33 elementor-top-column elementor-element elementor-element-c25fcbf\" data-id=\"c25fcbf\" data-element_type=\"column\" data-e-type=\"column\">\n\t\t\t<div class=\"elementor-widget-wrap elementor-element-populated\">\n\t\t\t\t\t\t<div class=\"elementor-element elementor-element-497df0a elementor-invisible elementor-widget elementor-widget-wp-widget-nav_menu\" data-id=\"497df0a\" data-element_type=\"widget\" data-e-type=\"widget\" data-settings=\"{&quot;_animation&quot;:&quot;fadeInUp&quot;}\" data-widget_type=\"wp-widget-nav_menu.default\">\n\t\t\t\t<div class=\"elementor-widget-container\">\n\t\t\t\t\t<div class=\"menu-untermenue-schulleben-container\"><ul id=\"menu-untermenue-schulleben\" class=\"menu\"><li id=\"menu-item-12330\" class=\"menu-item menu-item-type-post_type menu-item-object-page menu-item-12330\"><a href=\"https:\/\/gymnasium-nordenham.de\/en\/ag-ubersicht-ubersicht\">AG-\u00dcbersicht<\/a><\/li>\n<li id=\"menu-item-11712\" class=\"menu-item menu-item-type-post_type menu-item-object-page menu-item-11712\"><a href=\"https:\/\/gymnasium-nordenham.de\/en\/astronomie\">Astronomie<\/a><\/li>\n<li id=\"menu-item-4251\" class=\"menu-item menu-item-type-post_type menu-item-object-page menu-item-4251\"><a href=\"https:\/\/gymnasium-nordenham.de\/en\/bewegte-pause\">Movement Break<\/a><\/li>\n<li id=\"menu-item-3930\" class=\"menu-item menu-item-type-post_type menu-item-object-page menu-item-3930\"><a href=\"https:\/\/gymnasium-nordenham.de\/en\/blaeserklasse\">Bl\u00e4serklasse<\/a><\/li>\n<li id=\"menu-item-2565\" class=\"menu-item menu-item-type-post_type menu-item-object-page menu-item-2565\"><a href=\"https:\/\/gymnasium-nordenham.de\/en\/erste-hilfe-kurs\">Erste Hilfe Kurs<\/a><\/li>\n<li id=\"menu-item-2586\" class=\"menu-item menu-item-type-post_type menu-item-object-page menu-item-2586\"><a href=\"https:\/\/gymnasium-nordenham.de\/en\/lernen-lernen\">Lernen lernen<\/a><\/li>\n<li id=\"menu-item-4059\" class=\"menu-item menu-item-type-post_type menu-item-object-page menu-item-4059\"><a href=\"https:\/\/gymnasium-nordenham.de\/en\/schueleraustausch\">Student exchange as well.<\/a><\/li>\n<li id=\"menu-item-2709\" class=\"menu-item menu-item-type-post_type menu-item-object-page menu-item-2709\"><a href=\"https:\/\/gymnasium-nordenham.de\/en\/studien-und-berufsinfomesse\">Studien- und Berufsinfomesse<\/a><\/li>\n<li id=\"menu-item-2668\" class=\"menu-item menu-item-type-post_type menu-item-object-page menu-item-2668\"><a href=\"https:\/\/gymnasium-nordenham.de\/en\/patenprojekt\">Patenprojekt<\/a><\/li>\n<\/ul><\/div>\t\t\t\t<\/div>\n\t\t\t\t<\/div>\n\t\t\t\t\t<\/div>\n\t\t<\/div>\n\t\t\t\t\t<\/div>\n\t\t<\/section>\n\t\t\t\t<\/div>","protected":false},"excerpt":{"rendered":"<p>Lernen lernen Methodentraining \u201eDas Lernen lernen\u201c Mit zwei Einf\u00fchrungstagen zum Ankommen in der neuen Schule und in der neuen Klasse beginnt die Schulzeit der F\u00fcnftkl\u00e4ssler am Gymnasium Nordenham. In der Folgezeit kommen verschiedenste Lernerfahrungen im Unterricht dazu. Methodentraining Da die &hellip; <a href=\"https:\/\/gymnasium-nordenham.de\/en\/lernen-lernen\">Continue reading <span class=\"meta-nav\">&rarr;<\/span><\/a><\/p>","protected":false},"author":4,"featured_media":0,"parent":0,"menu_order":0,"comment_status":"closed","ping_status":"closed","template":"elementor_header_footer","meta":{"_crdt_document":"","footnotes":""},"class_list":["post-2573","page","type-page","status-publish","hentry"],"yoast_head":"<!-- This site is optimized with the Yoast SEO plugin v27.3 - https:\/\/yoast.com\/product\/yoast-seo-wordpress\/ -->\n<title>Lernen lernen - Gymnasium Nordenham<\/title>\n<meta name=\"robots\" content=\"index, follow, max-snippet:-1, max-image-preview:large, max-video-preview:-1\" \/>\n<link rel=\"canonical\" href=\"https:\/\/gymnasium-nordenham.de\/en\/lernen-lernen\/\" \/>\n<meta property=\"og:locale\" content=\"en_GB\" \/>\n<meta property=\"og:type\" content=\"article\" \/>\n<meta property=\"og:title\" content=\"Lernen lernen - Gymnasium Nordenham\" \/>\n<meta property=\"og:description\" content=\"Lernen lernen Methodentraining \u201eDas Lernen lernen\u201c Mit zwei Einf\u00fchrungstagen zum Ankommen in der neuen Schule und in der neuen Klasse beginnt die Schulzeit der F\u00fcnftkl\u00e4ssler am Gymnasium Nordenham. In der Folgezeit kommen verschiedenste Lernerfahrungen im Unterricht dazu. Methodentraining Da die &hellip; Continue reading &rarr;\" \/>\n<meta property=\"og:url\" content=\"https:\/\/gymnasium-nordenham.de\/en\/lernen-lernen\/\" \/>\n<meta property=\"og:site_name\" content=\"Gymnasium Nordenham\" \/>\n<meta property=\"article:modified_time\" content=\"2020-12-21T17:36:16+00:00\" \/>\n<meta name=\"twitter:card\" content=\"summary_large_image\" \/>\n<meta name=\"twitter:label1\" content=\"Estimated reading time\" \/>\n\t<meta name=\"twitter:data1\" content=\"1 minute\" \/>\n<script type=\"application\/ld+json\" class=\"yoast-schema-graph\">{\"@context\":\"https:\\\/\\\/schema.org\",\"@graph\":[{\"@type\":\"WebPage\",\"@id\":\"https:\\\/\\\/gymnasium-nordenham.de\\\/lernen-lernen\",\"url\":\"https:\\\/\\\/gymnasium-nordenham.de\\\/lernen-lernen\",\"name\":\"Lernen lernen - Gymnasium Nordenham\",\"isPartOf\":{\"@id\":\"https:\\\/\\\/gymnasium-nordenham.de\\\/#website\"},\"datePublished\":\"2020-12-18T12:07:32+00:00\",\"dateModified\":\"2020-12-21T17:36:16+00:00\",\"breadcrumb\":{\"@id\":\"https:\\\/\\\/gymnasium-nordenham.de\\\/lernen-lernen#breadcrumb\"},\"inLanguage\":\"en-GB\",\"potentialAction\":[{\"@type\":\"ReadAction\",\"target\":[\"https:\\\/\\\/gymnasium-nordenham.de\\\/lernen-lernen\"]}]},{\"@type\":\"BreadcrumbList\",\"@id\":\"https:\\\/\\\/gymnasium-nordenham.de\\\/lernen-lernen#breadcrumb\",\"itemListElement\":[{\"@type\":\"ListItem\",\"position\":1,\"name\":\"Startseite\",\"item\":\"https:\\\/\\\/gymnasium-nordenham.de\\\/\"},{\"@type\":\"ListItem\",\"position\":2,\"name\":\"Lernen lernen\"}]},{\"@type\":\"WebSite\",\"@id\":\"https:\\\/\\\/gymnasium-nordenham.de\\\/#website\",\"url\":\"https:\\\/\\\/gymnasium-nordenham.de\\\/\",\"name\":\"Gymnasium Nordenham\",\"description\":\"Miteinander, voneinander und f\u00fcreinander lernen\",\"potentialAction\":[{\"@type\":\"SearchAction\",\"target\":{\"@type\":\"EntryPoint\",\"urlTemplate\":\"https:\\\/\\\/gymnasium-nordenham.de\\\/?s={search_term_string}\"},\"query-input\":{\"@type\":\"PropertyValueSpecification\",\"valueRequired\":true,\"valueName\":\"search_term_string\"}}],\"inLanguage\":\"en-GB\"}]}<\/script>\n<!-- \/ Yoast SEO plugin. -->","yoast_head_json":{"title":"Lernen lernen - Gymnasium Nordenham","robots":{"index":"index","follow":"follow","max-snippet":"max-snippet:-1","max-image-preview":"max-image-preview:large","max-video-preview":"max-video-preview:-1"},"canonical":"https:\/\/gymnasium-nordenham.de\/en\/lernen-lernen\/","og_locale":"en_GB","og_type":"article","og_title":"Lernen lernen - Gymnasium Nordenham","og_description":"Lernen lernen Methodentraining \u201eDas Lernen lernen\u201c Mit zwei Einf\u00fchrungstagen zum Ankommen in der neuen Schule und in der neuen Klasse beginnt die Schulzeit der F\u00fcnftkl\u00e4ssler am Gymnasium Nordenham. In der Folgezeit kommen verschiedenste Lernerfahrungen im Unterricht dazu. Methodentraining Da die &hellip; Continue reading &rarr;","og_url":"https:\/\/gymnasium-nordenham.de\/en\/lernen-lernen\/","og_site_name":"Gymnasium Nordenham","article_modified_time":"2020-12-21T17:36:16+00:00","twitter_card":"summary_large_image","twitter_misc":{"Estimated reading time":"1 minute"},"schema":{"@context":"https:\/\/schema.org","@graph":[{"@type":"WebPage","@id":"https:\/\/gymnasium-nordenham.de\/lernen-lernen","url":"https:\/\/gymnasium-nordenham.de\/lernen-lernen","name":"Lernen lernen - Gymnasium Nordenham","isPartOf":{"@id":"https:\/\/gymnasium-nordenham.de\/#website"},"datePublished":"2020-12-18T12:07:32+00:00","dateModified":"2020-12-21T17:36:16+00:00","breadcrumb":{"@id":"https:\/\/gymnasium-nordenham.de\/lernen-lernen#breadcrumb"},"inLanguage":"en-GB","potentialAction":[{"@type":"ReadAction","target":["https:\/\/gymnasium-nordenham.de\/lernen-lernen"]}]},{"@type":"BreadcrumbList","@id":"https:\/\/gymnasium-nordenham.de\/lernen-lernen#breadcrumb","itemListElement":[{"@type":"ListItem","position":1,"name":"Startseite","item":"https:\/\/gymnasium-nordenham.de\/"},{"@type":"ListItem","position":2,"name":"Lernen lernen"}]},{"@type":"WebSite","@id":"https:\/\/gymnasium-nordenham.de\/#website","url":"https:\/\/gymnasium-nordenham.de\/","name":"Gymnasium Nordenham","description":"Miteinander, voneinander und f\u00fcreinander lernen","potentialAction":[{"@type":"SearchAction","target":{"@type":"EntryPoint","urlTemplate":"https:\/\/gymnasium-nordenham.de\/?s={search_term_string}"},"query-input":{"@type":"PropertyValueSpecification","valueRequired":true,"valueName":"search_term_string"}}],"inLanguage":"en-GB"}]}},"_links":{"self":[{"href":"https:\/\/gymnasium-nordenham.de\/en\/wp-json\/wp\/v2\/pages\/2573","targetHints":{"allow":["GET"]}}],"collection":[{"href":"https:\/\/gymnasium-nordenham.de\/en\/wp-json\/wp\/v2\/pages"}],"about":[{"href":"https:\/\/gymnasium-nordenham.de\/en\/wp-json\/wp\/v2\/types\/page"}],"author":[{"embeddable":true,"href":"https:\/\/gymnasium-nordenham.de\/en\/wp-json\/wp\/v2\/users\/4"}],"replies":[{"embeddable":true,"href":"https:\/\/gymnasium-nordenham.de\/en\/wp-json\/wp\/v2\/comments?post=2573"}],"version-history":[{"count":0,"href":"https:\/\/gymnasium-nordenham.de\/en\/wp-json\/wp\/v2\/pages\/2573\/revisions"}],"wp:attachment":[{"href":"https:\/\/gymnasium-nordenham.de\/en\/wp-json\/wp\/v2\/media?parent=2573"}],"curies":[{"name":"wp","href":"https:\/\/api.w.org\/{rel}","templated":true}]}}