{"id":2292,"date":"2020-07-07T11:00:16","date_gmt":"2020-07-07T09:00:16","guid":{"rendered":"https:\/\/gymnasiumnordenhamtest.live-website.com\/?page_id=2292"},"modified":"2021-01-11T15:29:55","modified_gmt":"2021-01-11T14:29:55","slug":"informationen-sek-ii","status":"publish","type":"page","link":"https:\/\/gymnasium-nordenham.de\/en\/informationen-sek-ii","title":{"rendered":"Sekundarstufe II"},"content":{"rendered":"<div data-elementor-type=\"wp-page\" data-elementor-id=\"2292\" class=\"elementor elementor-2292\" data-elementor-post-type=\"page\">\n\t\t\t\t\t\t<section class=\"elementor-section elementor-top-section elementor-element elementor-element-5257c4b elementor-section-full_width elementor-section-height-default elementor-section-height-default\" data-id=\"5257c4b\" data-element_type=\"section\" data-e-type=\"section\">\n\t\t\t\t\t\t<div class=\"elementor-container elementor-column-gap-default\">\n\t\t\t\t\t<div class=\"elementor-column elementor-col-100 elementor-top-column elementor-element elementor-element-929ce8f\" data-id=\"929ce8f\" data-element_type=\"column\" data-e-type=\"column\" data-settings=\"{&quot;background_background&quot;:&quot;classic&quot;}\">\n\t\t\t<div class=\"elementor-widget-wrap elementor-element-populated\">\n\t\t\t\t\t\t<div class=\"elementor-element elementor-element-de78d44 elementor-widget elementor-widget-heading\" data-id=\"de78d44\" data-element_type=\"widget\" data-e-type=\"widget\" data-widget_type=\"heading.default\">\n\t\t\t\t<div class=\"elementor-widget-container\">\n\t\t\t\t\t<h2 class=\"elementor-heading-title elementor-size-large\">Informationen zur Sek II<\/h2>\t\t\t\t<\/div>\n\t\t\t\t<\/div>\n\t\t\t\t\t<\/div>\n\t\t<\/div>\n\t\t\t\t\t<\/div>\n\t\t<\/section>\n\t\t\t\t<section class=\"elementor-section elementor-top-section elementor-element elementor-element-9215942 elementor-section-full_width elementor-section-height-default elementor-section-height-default\" data-id=\"9215942\" data-element_type=\"section\" data-e-type=\"section\">\n\t\t\t\t\t\t<div class=\"elementor-container elementor-column-gap-default\">\n\t\t\t\t\t<div class=\"elementor-column elementor-col-66 elementor-top-column elementor-element elementor-element-bc4bb8e\" data-id=\"bc4bb8e\" data-element_type=\"column\" data-e-type=\"column\">\n\t\t\t<div class=\"elementor-widget-wrap elementor-element-populated\">\n\t\t\t\t\t\t<div class=\"elementor-element elementor-element-809aad3 elementor-widget elementor-widget-text-editor\" data-id=\"809aad3\" data-element_type=\"widget\" data-e-type=\"widget\" data-widget_type=\"text-editor.default\">\n\t\t\t\t<div class=\"elementor-widget-container\">\n\t\t\t\t\t\t\t\t\t<div class=\"art-postcontent clearfix\"><div class=\"art-article\"><p style=\"text-align: justify;\"><span style=\"font-size: 12pt; font-family: georgia, palatino, serif;\"><strong>Oberstufe<\/strong><\/span><\/p><p style=\"text-align: justify;\"><span style=\"font-size: 12pt; font-family: georgia, palatino, serif;\">Die \u00fcberwiegende Anzahl der Informationen ist in der Brosch\u00fcre \u201e<a href=\"https:\/\/www.mk.niedersachsen.de\/download\/5741\" target=\"_blank\" rel=\"noopener\">Die gymnasiale Oberstufe und die Abiturpr\u00fcfung<\/a>\u201c des Nieders\u00e4chsischen Kultusministeriums nachzulesen. <br \/><\/span><\/p><p style=\"text-align: justify;\"><span style=\"font-size: 12pt; font-family: georgia, palatino, serif;\"><strong>Abitur<\/strong><\/span><\/p><p style=\"text-align: justify;\"><span style=\"font-size: 12pt; font-family: georgia, palatino, serif;\">Die schriftlichen Abiturtermine sowie die festgelegten Korridore f\u00fcr m\u00fcndliche Pr\u00fcfungen und Nachpr\u00fcfungen sind sp\u00e4testens zu Beginn des ersten Semesters unter <a href=\"http:\/\/www.nibis.de\">www.nibis.de<\/a> zu finden.<\/span><\/p><p style=\"text-align: justify;\"><span style=\"font-size: 12pt; font-family: georgia, palatino, serif;\"><strong>Abiturthemen<\/strong><\/span><\/p><p style=\"text-align: justify;\"><span style=\"font-size: 12pt; font-family: georgia, palatino, serif;\">Die verbindlichen Schwerpunkte f\u00fcr einen Abiturjahrgang sind sp\u00e4testens ab Eintritt in die Einf\u00fchrungsphase unter <a href=\"http:\/\/www.nibis.de\">www.nibis.de<\/a> &gt; Curriculare Vorgaben &gt; Zentralabitur &gt; Jahreszahl &gt; Fachbezogene Hinweise und thematische Schwerpunkte zu finden.<\/span><\/p><p style=\"text-align: justify;\"><span style=\"font-size: 12pt; font-family: georgia, palatino, serif;\">Diese Vorgaben erleichtern die Wahl der Pr\u00fcfungsf\u00e4cher und der sonstigen Kurse.<\/span><\/p><p style=\"text-align: justify;\"><span style=\"font-size: 12pt; font-family: georgia, palatino, serif;\"><strong>Ansprechpartner<\/strong><\/span><\/p><p style=\"text-align: justify;\"><span style=\"font-size: 12pt; font-family: georgia, palatino, serif;\">Einf\u00fchrungsphase Frau Kaufhold, StD\u2018<\/span><\/p><p style=\"text-align: justify;\"><span style=\"font-size: 12pt; font-family: georgia, palatino, serif;\">Oberstufe Frau Gerlach, StD\u2018\/derzeit auch Frau Kaufhold, StD\u2018<\/span><\/p><p style=\"text-align: justify;\"><span style=\"font-size: 12pt; font-family: georgia, palatino, serif;\"><strong>Beratung<\/strong><\/span><\/p><p style=\"text-align: justify;\"><span style=\"font-size: 12pt; font-family: georgia, palatino, serif;\">Bitte die Anfragen per <a href=\"mailto:sandra.kaufhold@gym-nordenham.de\">Mail<\/a> an Frau Kaufhold <span id=\"cloak272da73418dc3105552ef0ab85e7f60a\"><\/span> richten.<\/span><\/p><p style=\"text-align: justify;\"><span style=\"font-size: 12pt; font-family: georgia, palatino, serif;\"><strong>Berufsberatung<\/strong><\/span><\/p><p style=\"text-align: justify;\"><span style=\"font-size: 12pt; font-family: georgia, palatino, serif;\">Hingewiesen sei auf die j\u00e4hrlich stattfindende Berufs- und Studienorientungsmesse Ende Januar in unserem Hause. Vor dem Oberstufenb\u00fcro liegen zudem zahlreiche Infomaterialien aus. Wegen pers\u00f6nlichen Terminen bitte zurzeit an die Agentur f\u00fcr Arbeit wenden.<\/span><\/p><p style=\"text-align: justify;\"><span style=\"font-size: 12pt; font-family: georgia, palatino, serif;\"><strong>Einf\u00fchrungsphase<\/strong><\/span><\/p><p style=\"text-align: justify;\"><span style=\"font-size: 12pt; font-family: georgia, palatino, serif;\">Der Wahlbogen kann unter &#8220;Downloads&#8221; heruntergeladen werden.<\/span><\/p><p style=\"text-align: justify;\"><span style=\"font-size: 12pt; font-family: georgia, palatino, serif;\"><strong>Elternvertreter<\/strong><\/span><\/p><p style=\"text-align: justify;\"><span style=\"font-size: 12pt; font-family: georgia, palatino, serif;\">Solange das eigene Kind noch nicht vollj\u00e4hrig ist, haben Eltern der Jahrg\u00e4nge 11 bis 13 das Recht, als Elternvertreter in der Klasse 11 bzw. im Jahrgang 12 und 13 aktiv t\u00e4tig zu sein.<\/span><\/p><p style=\"text-align: justify;\"><span style=\"font-size: 12pt; font-family: georgia, palatino, serif;\"><strong>Fachhochschulreife<\/strong><\/span><\/p><p style=\"text-align: justify;\"><span style=\"font-size: 12pt; font-family: georgia, palatino, serif;\">Fr\u00fchestens nach der 12. Klasse kann man zun\u00e4chst den schulischen Teil der Fachhochschulreife erhalten. Eine \u00dcbersicht \u00fcber Einbringungsverpflichtungen ist hier zu finden. Nachdem ein einj\u00e4hriges Praktikum, ein FSJ\/F\u00d6J oder eine Berufsausbildung abgeschlossen wurde, kann nach Vorlage im Oberstufenb\u00fcro die Fachhochschulreife ausgestellt werden. Mit dieser kann ein Studium an einer Fachhochschule begonnen werden.<\/span><\/p><p style=\"text-align: justify;\"><span style=\"font-size: 12pt; font-family: georgia, palatino, serif;\"><strong>Freistellungen<\/strong><\/span><\/p><p style=\"text-align: justify;\"><span style=\"font-size: 12pt; font-family: georgia, palatino, serif;\">F\u00fcr nicht verschiebbare Termine wie Vorstellungsgespr\u00e4che, Fahrpr\u00fcfungen, Teilnahme an Wettk\u00e4mpfen kann eine Freistellung <strong><u>vorab<\/u><\/strong> beantragt werden. Stundenweise und eint\u00e4gige Freistellungen bewilligt der Tutor, l\u00e4ngere Freistellung der Schulleiter. Die Freistellungsantr\u00e4ge sind im Oberstufenb\u00fcro erh\u00e4ltlich und dort auch wieder ausgef\u00fcllt abzugeben.<\/span><\/p><p style=\"text-align: justify;\"><span style=\"font-size: 12pt; font-family: georgia, palatino, serif;\"><strong>Jahreskalender<\/strong><\/span><\/p><p style=\"text-align: justify;\"><span style=\"font-size: 12pt; font-family: georgia, palatino, serif;\">Der Jahreskalender ist in IServ und auf der Homepage einsehbar.<\/span><\/p><p style=\"text-align: justify;\"><span style=\"font-size: 12pt; font-family: georgia, palatino, serif;\"><strong>Klausurplan<\/strong><\/span><\/p><p style=\"text-align: justify;\"><span style=\"font-size: 12pt; font-family: georgia, palatino, serif;\">Der Klausurenplan ist unter IServ einsehbar.<\/span><\/p><p style=\"text-align: justify;\"><span style=\"font-size: 12pt; font-family: georgia, palatino, serif;\"><strong>Profilwahlen<\/strong><\/span><\/p><p style=\"text-align: justify;\"><span style=\"font-size: 12pt; font-family: georgia, palatino, serif;\">Der Wahlbogen kann hier eingesehen werden.<\/span><\/p><p style=\"text-align: justify;\"><span style=\"font-size: 12pt; font-family: georgia, palatino, serif;\"><strong>R\u00fccktritt und maximale Verweildauer<\/strong><\/span><\/p><p style=\"text-align: justify;\"><span style=\"font-size: 12pt; font-family: georgia, palatino, serif;\">Grunds\u00e4tzlich gilt die maximale Verweildauer von vier Jahren in der gymnasialen Oberstufe. D.h. es kann entweder einmal Jg. 11, Jg. 12 oder Jg. 13 wiederholt werden.<\/span><\/p><p style=\"text-align: justify;\"><span style=\"font-size: 12pt; font-family: georgia, palatino, serif;\">Hat man sein Abitur auch mit Nachpr\u00fcfungen nicht bestanden, kann einmal die 13. Klasse wiederholt werden.<\/span><\/p><p style=\"text-align: justify;\"><span style=\"font-size: 12pt; font-family: georgia, palatino, serif;\"><strong>Seminarf\u00e4cher<\/strong><\/span><\/p><p style=\"text-align: justify;\"><span style=\"font-size: 12pt; font-family: georgia, palatino, serif;\">In der Regel endet der Besuch der gymnasialen Oberstufe mit dem bestandenen Abitur, welches gleichzeitig eine Hochschulzugangsberechtigung darstellt. Im Seminarfach werden die Sch\u00fclerinnen und Sch\u00fcler hierf\u00fcr in drei Semestern mit den Grundlagen wissenschaftsprop\u00e4deutischen Arbeitens vertraut gemacht, d.h. der Besuch einer Universit\u00e4tsbibliothek, die Recherche f\u00fcr eine Ausarbeitung zu einer spezifischen Themenstellung, das Bibliographieren, das Erstellen einer Facharbeit im Umfang von 12 bis 15 Seiten, die Pr\u00e4sentation dieser Arbeit usw. sind Inhalte. Die thematische Ausgestaltung obliegt den Lehrkr\u00e4ften, die in einem Jahrgang ein Seminarfach anbieten.<\/span><\/p><p style=\"text-align: justify;\"><span style=\"font-size: 12pt; font-family: georgia, palatino, serif;\"><strong>Stundenplan<\/strong><\/span><\/p><p style=\"text-align: justify;\"><span style=\"font-size: 12pt; font-family: georgia, palatino, serif;\">F\u00fcr den Jahrgang 11 erfolgt die Ausgabe des Stundenplans \u00fcber die Klassenleitung. F\u00fcr die Jahrg\u00e4nge 12 und 13 gibt das Oberstufenb\u00fcro am Anfang eines Schuljahres die individuellen Sch\u00fclerpl\u00e4ne im Rahmen einer Jahrgangsversammlung aus.<\/span><\/p><p style=\"text-align: justify;\"><span style=\"font-size: 12pt; font-family: georgia, palatino, serif;\"><strong>Tutoren <\/strong><\/span><\/p><p style=\"text-align: justify;\"><span style=\"font-size: 12pt; font-family: georgia, palatino, serif;\">W\u00e4hrend von Klasse 5 bis 11 der Klassenlehrer oder die Klassenlehrerin Ansprechperson f\u00fcr Entschuldigungen, Laufbahnberatung, kurzfristige Freistellungen u.a. ist, wird in Klasse 12 und 13 ein Leistungskurslehrer der Tutor sein.<\/span><\/p><p style=\"text-align: justify;\"><span style=\"font-size: 12pt; font-family: georgia, palatino, serif;\"><strong>Unterkurse<\/strong><\/span><\/p><p style=\"text-align: justify;\"><span style=\"font-size: 12pt; font-family: georgia, palatino, serif;\">In der <u>Einf\u00fchrungsphase<\/u> sind max. zwei Unterkurse (04 bis 01 Punkte) bzw. einmal 00 Punkte zul\u00e4ssig, um eine Versetzung in die gymnasiale Oberstufe zu erhalten. Zudem m\u00fcssen im Schnitt min. 05 Punkte oder mehr erreicht werden.<\/span><\/p><p style=\"text-align: justify;\"><span style=\"font-size: 12pt; font-family: georgia, palatino, serif;\">In der <u>gymnasialen Oberstufe<\/u> d\u00fcrfen in allen vier Semestern max. drei Unterkurse in den Pr\u00fcfungsf\u00e4chern auf erh\u00f6htem Niveau und max. vier Unterkurse in allen sonstigen zu belegenden Kursen erreicht werden. Ansonsten wird die Zulassung zum Abitur nicht erteilt. Es ist m\u00f6glich, bis zu drei Unterkurse aus P1 bis P3 in den Bereich der sonstigen zu belegenden Kurse zu verschieben, jedoch nicht umgekehrt.<\/span><\/p><p style=\"text-align: justify;\"><span style=\"font-size: 12pt; font-family: georgia, palatino, serif;\">Ein Kurs, der mit 00 Punkten abgeschlossen wird, gilt als nicht belegt und kann die Nichtzulassung zum Abitur nach sich ziehen.<\/span><\/p><p style=\"text-align: justify;\"><span style=\"font-size: 12pt; font-family: georgia, palatino, serif;\"><strong>Vers\u00e4umnisse<\/strong><\/span><\/p><p style=\"text-align: justify;\"><span style=\"font-size: 12pt; font-family: georgia, palatino, serif;\">Im Krankheitsfall sollte auch in der Einf\u00fchrungsphase und Oberstufe die Schule informiert werden (04731 \u2013 93 95 21, Frau Specka). Nach R\u00fcckkehr muss innerhalb von f\u00fcnf Tagen eine schriftliche Entschuldigung durch die Erziehungsberechtigten bzw. den vollj\u00e4hrigen Sch\u00fcler\/die vollj\u00e4hrige Sch\u00fclerin vorgelegt werden. Sollte der Krankheitsfall \u00fcber drei Tage hinausgehen, ist ein Arzt aufzusuchen und eine AU vorzulegen.<\/span><\/p><p style=\"text-align: justify;\"><span style=\"font-size: 12pt; font-family: georgia, palatino, serif;\">Bei Klausuren sind zwingend eine Krankmeldung am Morgen sowie eine schriftliche Entschuldigung nach R\u00fcckkehr erforderlich, da die Klausur ansonsten mit 00 Punkten bewertet wird.<\/span><\/p><p style=\"text-align: justify;\"><span style=\"font-size: 12pt; font-family: georgia, palatino, serif;\">Die Schule beh\u00e4lt sich bei auff\u00e4lligen Fehlzeiten das Ansetzen einer Attestpflicht vor.<\/span><\/p><\/div><\/div>\t\t\t\t\t\t\t\t<\/div>\n\t\t\t\t<\/div>\n\t\t\t\t\t<\/div>\n\t\t<\/div>\n\t\t\t\t<div class=\"elementor-column elementor-col-33 elementor-top-column elementor-element elementor-element-c25fcbf\" data-id=\"c25fcbf\" data-element_type=\"column\" data-e-type=\"column\">\n\t\t\t<div class=\"elementor-widget-wrap elementor-element-populated\">\n\t\t\t\t\t\t<div class=\"elementor-element elementor-element-497df0a elementor-invisible elementor-widget elementor-widget-wp-widget-nav_menu\" data-id=\"497df0a\" data-element_type=\"widget\" data-e-type=\"widget\" data-settings=\"{&quot;_animation&quot;:&quot;fadeInUp&quot;}\" data-widget_type=\"wp-widget-nav_menu.default\">\n\t\t\t\t<div class=\"elementor-widget-container\">\n\t\t\t\t\t<div class=\"menu-untermenue-profil-container\"><ul id=\"menu-untermenue-profil\" class=\"menu\"><li id=\"menu-item-4191\" class=\"menu-item menu-item-type-post_type menu-item-object-page menu-item-4191\"><a href=\"https:\/\/gymnasium-nordenham.de\/en\/wir-stellen-uns-vor\">We introduce ourselves<\/a><\/li>\n<li id=\"menu-item-3959\" class=\"menu-item menu-item-type-post_type menu-item-object-page menu-item-3959\"><a href=\"https:\/\/gymnasium-nordenham.de\/en\/leitbild\">Leitbild<\/a><\/li>\n<li id=\"menu-item-4089\" class=\"menu-item menu-item-type-post_type menu-item-object-page menu-item-4089\"><a href=\"https:\/\/gymnasium-nordenham.de\/en\/informationen-sek-i\">Sekundarstufe I<\/a><\/li>\n<li id=\"menu-item-4088\" class=\"menu-item menu-item-type-post_type menu-item-object-page menu-item-4088\"><a href=\"https:\/\/gymnasium-nordenham.de\/en\/informationen-sek-ii\">Sekundarstufe II<\/a><\/li>\n<li id=\"menu-item-4047\" class=\"menu-item menu-item-type-post_type menu-item-object-page menu-item-4047\"><a href=\"https:\/\/gymnasium-nordenham.de\/en\/ganztag-2\">Ganztag<\/a><\/li>\n<li id=\"menu-item-14122\" class=\"menu-item menu-item-type-post_type menu-item-object-page menu-item-14122\"><a href=\"https:\/\/gymnasium-nordenham.de\/en\/europaschule\">Europaschule<\/a><\/li>\n<li id=\"menu-item-4250\" class=\"menu-item menu-item-type-post_type menu-item-object-page menu-item-4250\"><a href=\"https:\/\/gymnasium-nordenham.de\/en\/umweltschule\">Umweltschule<\/a><\/li>\n<li id=\"menu-item-4647\" class=\"menu-item menu-item-type-post_type menu-item-object-page menu-item-4647\"><a href=\"https:\/\/gymnasium-nordenham.de\/en\/erasmus\">Erasmus +<\/a><\/li>\n<li id=\"menu-item-4486\" class=\"menu-item menu-item-type-post_type menu-item-object-page menu-item-4486\"><a href=\"https:\/\/gymnasium-nordenham.de\/en\/schule-ohne-rassismus\">Schule ohne Rassismus<\/a><\/li>\n<li id=\"menu-item-12212\" class=\"menu-item menu-item-type-post_type menu-item-object-page menu-item-12212\"><a href=\"https:\/\/gymnasium-nordenham.de\/en\/berufsorientierung\">Berufsorientierung<\/a><\/li>\n<li id=\"menu-item-4230\" class=\"menu-item menu-item-type-post_type menu-item-object-page menu-item-4230\"><a href=\"https:\/\/gymnasium-nordenham.de\/en\/blaeserklasse-profil\">Bl\u00e4serklasse<\/a><\/li>\n<li id=\"menu-item-12862\" class=\"menu-item menu-item-type-post_type menu-item-object-page menu-item-12862\"><a href=\"https:\/\/gymnasium-nordenham.de\/en\/medienkonzept\">Medienkonzept<\/a><\/li>\n<li id=\"menu-item-6470\" class=\"menu-item menu-item-type-post_type menu-item-object-page menu-item-6470\"><a href=\"https:\/\/gymnasium-nordenham.de\/en\/schulbroschuere-2\">Schulbrosch\u00fcre<\/a><\/li>\n<li id=\"menu-item-3955\" class=\"menu-item menu-item-type-post_type menu-item-object-page menu-item-3955\"><a href=\"https:\/\/gymnasium-nordenham.de\/en\/schulprogramm\">Chronik<\/a><\/li>\n<\/ul><\/div>\t\t\t\t<\/div>\n\t\t\t\t<\/div>\n\t\t\t\t\t<\/div>\n\t\t<\/div>\n\t\t\t\t\t<\/div>\n\t\t<\/section>\n\t\t\t\t<\/div>","protected":false},"excerpt":{"rendered":"<p>Informationen zur Sek II Oberstufe Die \u00fcberwiegende Anzahl der Informationen ist in der Brosch\u00fcre \u201eDie gymnasiale Oberstufe und die Abiturpr\u00fcfung\u201c des Nieders\u00e4chsischen Kultusministeriums nachzulesen. Abitur Die schriftlichen Abiturtermine sowie die festgelegten Korridore f\u00fcr m\u00fcndliche Pr\u00fcfungen und Nachpr\u00fcfungen sind sp\u00e4testens zu &hellip; <a href=\"https:\/\/gymnasium-nordenham.de\/en\/informationen-sek-ii\">Continue reading <span class=\"meta-nav\">&rarr;<\/span><\/a><\/p>","protected":false},"author":4,"featured_media":0,"parent":0,"menu_order":0,"comment_status":"closed","ping_status":"closed","template":"elementor_header_footer","meta":{"_crdt_document":"","footnotes":""},"class_list":["post-2292","page","type-page","status-publish","hentry"],"yoast_head":"<!-- This site is optimized with the Yoast SEO plugin v27.3 - https:\/\/yoast.com\/product\/yoast-seo-wordpress\/ -->\n<title>Sekundarstufe II - Gymnasium Nordenham<\/title>\n<meta name=\"robots\" content=\"index, follow, max-snippet:-1, max-image-preview:large, max-video-preview:-1\" \/>\n<link rel=\"canonical\" href=\"https:\/\/gymnasium-nordenham.de\/en\/informationen-sek-ii\/\" \/>\n<meta property=\"og:locale\" content=\"en_GB\" \/>\n<meta property=\"og:type\" content=\"article\" \/>\n<meta property=\"og:title\" content=\"Sekundarstufe II - Gymnasium Nordenham\" \/>\n<meta property=\"og:description\" content=\"Informationen zur Sek II Oberstufe Die \u00fcberwiegende Anzahl der Informationen ist in der Brosch\u00fcre \u201eDie gymnasiale Oberstufe und die Abiturpr\u00fcfung\u201c des Nieders\u00e4chsischen Kultusministeriums nachzulesen. Abitur Die schriftlichen Abiturtermine sowie die festgelegten Korridore f\u00fcr m\u00fcndliche Pr\u00fcfungen und Nachpr\u00fcfungen sind sp\u00e4testens zu &hellip; Continue reading &rarr;\" \/>\n<meta property=\"og:url\" content=\"https:\/\/gymnasium-nordenham.de\/en\/informationen-sek-ii\/\" \/>\n<meta property=\"og:site_name\" content=\"Gymnasium Nordenham\" \/>\n<meta property=\"article:modified_time\" content=\"2021-01-11T14:29:55+00:00\" \/>\n<meta name=\"twitter:card\" content=\"summary_large_image\" \/>\n<meta name=\"twitter:label1\" content=\"Estimated reading time\" \/>\n\t<meta name=\"twitter:data1\" content=\"4 minutes\" \/>\n<script type=\"application\/ld+json\" class=\"yoast-schema-graph\">{\"@context\":\"https:\\\/\\\/schema.org\",\"@graph\":[{\"@type\":\"WebPage\",\"@id\":\"https:\\\/\\\/gymnasium-nordenham.de\\\/informationen-sek-ii\",\"url\":\"https:\\\/\\\/gymnasium-nordenham.de\\\/informationen-sek-ii\",\"name\":\"Sekundarstufe II - Gymnasium Nordenham\",\"isPartOf\":{\"@id\":\"https:\\\/\\\/gymnasium-nordenham.de\\\/#website\"},\"datePublished\":\"2020-07-07T09:00:16+00:00\",\"dateModified\":\"2021-01-11T14:29:55+00:00\",\"breadcrumb\":{\"@id\":\"https:\\\/\\\/gymnasium-nordenham.de\\\/informationen-sek-ii#breadcrumb\"},\"inLanguage\":\"en-GB\",\"potentialAction\":[{\"@type\":\"ReadAction\",\"target\":[\"https:\\\/\\\/gymnasium-nordenham.de\\\/informationen-sek-ii\"]}]},{\"@type\":\"BreadcrumbList\",\"@id\":\"https:\\\/\\\/gymnasium-nordenham.de\\\/informationen-sek-ii#breadcrumb\",\"itemListElement\":[{\"@type\":\"ListItem\",\"position\":1,\"name\":\"Startseite\",\"item\":\"https:\\\/\\\/gymnasium-nordenham.de\\\/\"},{\"@type\":\"ListItem\",\"position\":2,\"name\":\"Sekundarstufe II\"}]},{\"@type\":\"WebSite\",\"@id\":\"https:\\\/\\\/gymnasium-nordenham.de\\\/#website\",\"url\":\"https:\\\/\\\/gymnasium-nordenham.de\\\/\",\"name\":\"Gymnasium Nordenham\",\"description\":\"Miteinander, voneinander und f\u00fcreinander lernen\",\"potentialAction\":[{\"@type\":\"SearchAction\",\"target\":{\"@type\":\"EntryPoint\",\"urlTemplate\":\"https:\\\/\\\/gymnasium-nordenham.de\\\/?s={search_term_string}\"},\"query-input\":{\"@type\":\"PropertyValueSpecification\",\"valueRequired\":true,\"valueName\":\"search_term_string\"}}],\"inLanguage\":\"en-GB\"}]}<\/script>\n<!-- \/ Yoast SEO plugin. -->","yoast_head_json":{"title":"Sekundarstufe II - Gymnasium Nordenham","robots":{"index":"index","follow":"follow","max-snippet":"max-snippet:-1","max-image-preview":"max-image-preview:large","max-video-preview":"max-video-preview:-1"},"canonical":"https:\/\/gymnasium-nordenham.de\/en\/informationen-sek-ii\/","og_locale":"en_GB","og_type":"article","og_title":"Sekundarstufe II - Gymnasium Nordenham","og_description":"Informationen zur Sek II Oberstufe Die \u00fcberwiegende Anzahl der Informationen ist in der Brosch\u00fcre \u201eDie gymnasiale Oberstufe und die Abiturpr\u00fcfung\u201c des Nieders\u00e4chsischen Kultusministeriums nachzulesen. Abitur Die schriftlichen Abiturtermine sowie die festgelegten Korridore f\u00fcr m\u00fcndliche Pr\u00fcfungen und Nachpr\u00fcfungen sind sp\u00e4testens zu &hellip; Continue reading &rarr;","og_url":"https:\/\/gymnasium-nordenham.de\/en\/informationen-sek-ii\/","og_site_name":"Gymnasium Nordenham","article_modified_time":"2021-01-11T14:29:55+00:00","twitter_card":"summary_large_image","twitter_misc":{"Estimated reading time":"4 minutes"},"schema":{"@context":"https:\/\/schema.org","@graph":[{"@type":"WebPage","@id":"https:\/\/gymnasium-nordenham.de\/informationen-sek-ii","url":"https:\/\/gymnasium-nordenham.de\/informationen-sek-ii","name":"Sekundarstufe II - Gymnasium Nordenham","isPartOf":{"@id":"https:\/\/gymnasium-nordenham.de\/#website"},"datePublished":"2020-07-07T09:00:16+00:00","dateModified":"2021-01-11T14:29:55+00:00","breadcrumb":{"@id":"https:\/\/gymnasium-nordenham.de\/informationen-sek-ii#breadcrumb"},"inLanguage":"en-GB","potentialAction":[{"@type":"ReadAction","target":["https:\/\/gymnasium-nordenham.de\/informationen-sek-ii"]}]},{"@type":"BreadcrumbList","@id":"https:\/\/gymnasium-nordenham.de\/informationen-sek-ii#breadcrumb","itemListElement":[{"@type":"ListItem","position":1,"name":"Startseite","item":"https:\/\/gymnasium-nordenham.de\/"},{"@type":"ListItem","position":2,"name":"Sekundarstufe II"}]},{"@type":"WebSite","@id":"https:\/\/gymnasium-nordenham.de\/#website","url":"https:\/\/gymnasium-nordenham.de\/","name":"Gymnasium Nordenham","description":"Miteinander, voneinander und f\u00fcreinander lernen","potentialAction":[{"@type":"SearchAction","target":{"@type":"EntryPoint","urlTemplate":"https:\/\/gymnasium-nordenham.de\/?s={search_term_string}"},"query-input":{"@type":"PropertyValueSpecification","valueRequired":true,"valueName":"search_term_string"}}],"inLanguage":"en-GB"}]}},"_links":{"self":[{"href":"https:\/\/gymnasium-nordenham.de\/en\/wp-json\/wp\/v2\/pages\/2292","targetHints":{"allow":["GET"]}}],"collection":[{"href":"https:\/\/gymnasium-nordenham.de\/en\/wp-json\/wp\/v2\/pages"}],"about":[{"href":"https:\/\/gymnasium-nordenham.de\/en\/wp-json\/wp\/v2\/types\/page"}],"author":[{"embeddable":true,"href":"https:\/\/gymnasium-nordenham.de\/en\/wp-json\/wp\/v2\/users\/4"}],"replies":[{"embeddable":true,"href":"https:\/\/gymnasium-nordenham.de\/en\/wp-json\/wp\/v2\/comments?post=2292"}],"version-history":[{"count":0,"href":"https:\/\/gymnasium-nordenham.de\/en\/wp-json\/wp\/v2\/pages\/2292\/revisions"}],"wp:attachment":[{"href":"https:\/\/gymnasium-nordenham.de\/en\/wp-json\/wp\/v2\/media?parent=2292"}],"curies":[{"name":"wp","href":"https:\/\/api.w.org\/{rel}","templated":true}]}}