{"id":2290,"date":"2020-07-07T10:59:17","date_gmt":"2020-07-07T08:59:17","guid":{"rendered":"https:\/\/gymnasiumnordenhamtest.live-website.com\/?page_id=2290"},"modified":"2021-01-11T15:29:15","modified_gmt":"2021-01-11T14:29:15","slug":"informationen-sek-i","status":"publish","type":"page","link":"https:\/\/gymnasium-nordenham.de\/en\/informationen-sek-i","title":{"rendered":"Sekundarstufe I"},"content":{"rendered":"<div data-elementor-type=\"wp-page\" data-elementor-id=\"2290\" class=\"elementor elementor-2290\" data-elementor-post-type=\"page\">\n\t\t\t\t\t\t<section class=\"elementor-section elementor-top-section elementor-element elementor-element-5257c4b elementor-section-full_width elementor-section-height-default elementor-section-height-default\" data-id=\"5257c4b\" data-element_type=\"section\" data-e-type=\"section\">\n\t\t\t\t\t\t<div class=\"elementor-container elementor-column-gap-default\">\n\t\t\t\t\t<div class=\"elementor-column elementor-col-100 elementor-top-column elementor-element elementor-element-929ce8f\" data-id=\"929ce8f\" data-element_type=\"column\" data-e-type=\"column\" data-settings=\"{&quot;background_background&quot;:&quot;classic&quot;}\">\n\t\t\t<div class=\"elementor-widget-wrap elementor-element-populated\">\n\t\t\t\t\t\t<div class=\"elementor-element elementor-element-de78d44 elementor-widget elementor-widget-heading\" data-id=\"de78d44\" data-element_type=\"widget\" data-e-type=\"widget\" data-widget_type=\"heading.default\">\n\t\t\t\t<div class=\"elementor-widget-container\">\n\t\t\t\t\t<h2 class=\"elementor-heading-title elementor-size-large\">Informationen zur Sek I<\/h2>\t\t\t\t<\/div>\n\t\t\t\t<\/div>\n\t\t\t\t\t<\/div>\n\t\t<\/div>\n\t\t\t\t\t<\/div>\n\t\t<\/section>\n\t\t\t\t<section class=\"elementor-section elementor-top-section elementor-element elementor-element-9215942 elementor-section-full_width elementor-section-height-default elementor-section-height-default\" data-id=\"9215942\" data-element_type=\"section\" data-e-type=\"section\">\n\t\t\t\t\t\t<div class=\"elementor-container elementor-column-gap-default\">\n\t\t\t\t\t<div class=\"elementor-column elementor-col-66 elementor-top-column elementor-element elementor-element-bc4bb8e\" data-id=\"bc4bb8e\" data-element_type=\"column\" data-e-type=\"column\">\n\t\t\t<div class=\"elementor-widget-wrap elementor-element-populated\">\n\t\t\t\t\t\t<div class=\"elementor-element elementor-element-809aad3 elementor-widget elementor-widget-text-editor\" data-id=\"809aad3\" data-element_type=\"widget\" data-e-type=\"widget\" data-widget_type=\"text-editor.default\">\n\t\t\t\t<div class=\"elementor-widget-container\">\n\t\t\t\t\t\t\t\t\t<p style=\"text-align: justify;\"><span style=\"font-family: georgia, palatino, serif; font-size: 12pt;\"><strong>Soziales Lernen und Fahrtenkonzept<\/strong><\/span><\/p><p style=\"text-align: justify;\"><span style=\"font-family: georgia, palatino, serif; font-size: 12pt;\">Der Bereich \u201aSoziales Lernen\u2018 ist ein Schwerpunkt unserer p\u00e4dagogischen Arbeit. Wir sind <em>\u201aSchule ohne Gewalt\u2018<\/em> und <em>\u201aSchule ohne Rassismus\u2018<\/em> und versuchen, durch verschiedene Konzepte das friedliche soziale Miteinander unserer Sch\u00fcler zu f\u00f6rdern. Unser Fahrtenkonzept ist eng mit dem Bereich \u201aSoziales Lernen\u2018 verkn\u00fcpft, welches Teil unseres schulinternen Pr\u00e4ventionskonzepts ist. So gibt es zum Beispiel in Jahrgang 5 eine zweit\u00e4gige Fahrt in eine Jugendherberge; hier geht es um das Kennenlernen und die St\u00e4rkung des Miteinanders ganz am Anfang. In Jahrgang 8 gehen die Sch\u00fclerinnen und Sch\u00fcler erneut mit ihrer Klasse auf Tour, wobei nun der Fokus auf das soziale Miteinander und das konstruktive L\u00f6sen von m\u00f6glicherweise bestehenden Konflikten gelegt wird. <br \/><\/span><\/p><p style=\"text-align: justify;\"><span style=\"font-family: georgia, palatino, serif; font-size: 12pt;\"><strong>Klasse 5: Sanfter \u00dcbergang<\/strong><\/span><\/p><p style=\"text-align: justify;\"><span style=\"font-family: georgia, palatino, serif; font-size: 12pt;\">Unsere Schule versucht durch zahlreiche Angebote und p\u00e4dagogische Konzepte, den \u00dcbergang zwischen Grundschule und Gymnasium so \u201asanft\u2018 wie m\u00f6glich zu gestalten. Hierzu geh\u00f6ren die beiden Einf\u00fchrungstage, an denen die neuen F\u00fcnftkl\u00e4ssler ihre Schule, ihre Klassenleitungen und ihre Mitsch\u00fclerinnen und Mitsch\u00fcler kennenlernen. Erst am dritten Tag nach den Sommerferien beginnt der Unterricht nach Plan.<\/span><\/p><p style=\"text-align: justify;\"><span style=\"font-family: georgia, palatino, serif; font-size: 12pt;\">Im Herbst folgt f\u00fcr unsere \u201aKleinen\u2018 eine erste aufregende Klassenfahrt \u2013 alle f\u00fcnften Klassen fahren gemeinsam zu den zweit\u00e4gigen Kennenlerntagen in die Jugendherberge. Dort wird auch der \u201aKlassenrat\u2018 ge\u00fcbt (eine Form der demokratischen Probleml\u00f6sung in der Gruppe), damit in den KLT-Stunden, den Klassenleitungs-Stunden, sinnvoll, strukturiert und demokratisch gearbeitet werden kann. Nat\u00fcrlich wird neben weiteren inhaltlichen Bausteinen auch viel gespielt. Wichtig ist uns hierbei auch eine klassen\u00fcbergreifende Vermischung der Sch\u00fclerinnen und Sch\u00fcler. Der Abend klingt mit einem besonderen Programm und einem Nachtmahl aus.<\/span><\/p><p style=\"text-align: justify;\"><span style=\"font-family: georgia, palatino, serif; font-size: 12pt;\">Die Arbeit der Klassenleitungen wird auch durch unsere Paten aus den h\u00f6heren Klassen unterst\u00fctzt, die Patenschaften f\u00fcr die 5. Klassen \u00fcbernehmen und diese z.B. auf Exkursionen oder bei Klassenfeiern begleiten und bei \u00c4rger und Problemen helfen. Manchmal nehmen sie auch am Klassenrat teil. Die Paten kommen meist aus den Jahrg\u00e4ngen 9-11.<\/span><\/p><p style=\"text-align: justify;\"><span style=\"font-family: georgia, palatino, serif; font-size: 12pt;\">Im Winter gibt es den ersten Elternsprechtag f\u00fcr die 5. Klassen, an dem die Eltern in l\u00e4ngeren Gespr\u00e4chen mit den Klassenlehrern oder ihren Stellvertretern eine erste R\u00fcckmeldung zur Entwicklung ihrer Kinder bekommen.<\/span><\/p><p style=\"text-align: justify;\"><span style=\"font-family: georgia, palatino, serif; font-size: 12pt;\">Die Lehrkr\u00e4fte unserer Schule setzen sich regelm\u00e4\u00dfig mit den Grundschullehrern zusammen, die im jeweils vergangenen Schuljahr Kinder der 4. Klassen an uns abgegeben haben. Dieser Austausch bewirkt, dass wir auf die Erfahrungen der Grundschullehrerinnen und -lehrern zur\u00fcckgreifen k\u00f6nnen und wertvolle Ratschl\u00e4ge im Umgang mit Problemen bekommen.<\/span><\/p><p style=\"text-align: justify;\"><span style=\"font-family: georgia, palatino, serif; font-size: 12pt;\">In der w\u00f6chentlich zur Verf\u00fcgung stehenden Klassenleiterstunde (KLT) tagt der Klassenrat \u2013 hier werden Probleme besprochen und gel\u00f6st; hier wird diskutiert und geplant.<\/span><\/p><p style=\"text-align: justify;\"><span style=\"font-family: georgia, palatino, serif; font-size: 12pt;\"><strong>Klasse 6<\/strong><\/span><\/p><p style=\"text-align: justify;\"><span style=\"font-family: georgia, palatino, serif; font-size: 12pt;\">Im sechsten Jahrgang gibt es f\u00fcr alle Sch\u00fcler den \u201aTag der Zivilcourage\u2018. Hier arbeiten der Pr\u00e4ventionsbeauftragte der Nordenhamer Polizei, Edwin Kr\u00fcger, und unsere Schulmediatoren und Beratungslehrerinnen und -lehrer immer zu zweit einen ganzen Tag mit einer Klasse. Die Sch\u00fclerinnen und Sch\u00fcler lernen, die eigenen Grenzen wahrzunehmen, sich klar zu positionieren, zu erkennen, was Gewalt ist, begreifen die Verpflichtung zur Hilfeleistung, \u00fcben, eigene Gef\u00fchle besser zu beschreiben; aber auch, sich in andere hineinzuversetzen und dadurch besser urteilen und handeln zu k\u00f6nnen.<\/span><\/p><p style=\"text-align: justify;\"><span style=\"font-family: georgia, palatino, serif; font-size: 12pt;\"><strong>Klasse 7<\/strong><\/span><\/p><p style=\"text-align: justify;\"><span style=\"font-family: georgia, palatino, serif; font-size: 12pt;\">In Jahrgang 7 findet die erste gro\u00dfe Klassenfahrt statt, an der die Sch\u00fclerinnen und Sch\u00fcler 3-5 Tage in einer Jugendherberge in Niedersachsen (oft Bremen oder Hannover) verbringen. Diese Klassenfahrt steht nun \u2013 anders als das Sozialtraining \u2013 unter der Regie der Klassen selbst bzw. der Klassenlehrerinnen und -lehrer und ihrer Stellvertreter.<\/span><\/p><p style=\"text-align: justify;\"><span style=\"font-family: georgia, palatino, serif; font-size: 12pt;\"><strong>Klasse 8<\/strong><\/span><\/p><p style=\"text-align: justify;\"><span style=\"font-family: georgia, palatino, serif; font-size: 12pt;\">In Jahrgang 8 finden erneut zwei Tage in einer Jugendherberge zum Sozialtraining statt. Dieses setzt, ebenso wie vereinzelt im Schulalltag verankerte Bausteine, den Fokus auf das soziale Miteinander und ist als erg\u00e4nzende Einheit im Rahmen unseres schulinternen Pr\u00e4ventionskonzepts gedacht. Es soll dazu dienen, die Aspekte \u201eKonflikte konstruktiv l\u00f6sen\u201c und \u201eCybermobbing\u201c aufzugreifen und bei Bedarf zu vertiefen. Allerdings gibt es hier auch die Gelegenheit, andere m\u00f6gliche Probleme, die sich eventuell im Klassenverband entwickelt haben, zu besprechen und gemeinsam nach L\u00f6sungsm\u00f6glichkeiten zu suchen.<\/span><\/p><p style=\"text-align: justify;\"><span style=\"font-family: georgia, palatino, serif; font-size: 12pt;\"><strong>Klasse 9<\/strong><\/span><\/p><p style=\"text-align: justify;\"><span style=\"font-family: georgia, palatino, serif; font-size: 12pt;\">Im neunten Jahrgang findet an unserer Schule eine ganzt\u00e4gige Erste-Hilfe-Ausbildung f\u00fcr alle Sch\u00fclerinnen und Sch\u00fcler statt. Teilnehmende, die sich hierf\u00fcr besonders interessieren, k\u00f6nnen sich zum Schulsanit\u00e4ter ausbilden lassen. Zust\u00e4ndig hierf\u00fcr ist unsere Kollegin Meike Wassmann in Kooperation mit der Johanniter-Unfallhilfe Nordenham. Das Schulsanit\u00e4ter-Konzept funktioniert an unserer Schule ganz hervorragend. Verletzt sich oder erkrankt eine Sch\u00fclerin oder ein Sch\u00fcler, brummt eines der Diensthandys der Schulsanit\u00e4ter und sie erscheinen innerhalb k\u00fcrzester Zeit zur Hilfeleistung im Verwaltungstrakt. Dar\u00fcber hinaus findet f\u00fcr die 9. Klassen ein Suchtpr\u00e4ventionstag in Kooperation mit der Suchtberatungsstelle \u201aRose 12\u2018 statt. Hierbei berichten u.a. ehemals oder noch abh\u00e4ngige Menschen, wie die Droge ihren Lebensalltag bestimmt und ver\u00e4ndert bzw. dieses getan hat. Diese authentische Begegnung mit Betroffenen bietet neben den unterrichtlichen Bausteinen im Fach Biologie eine gro\u00dfe Chance der Pr\u00e4vention.<\/span><\/p><p style=\"text-align: justify;\"><span style=\"font-family: georgia, palatino, serif; font-size: 12pt;\"><strong>Klasse 10<\/strong><\/span><\/p><p style=\"text-align: justify;\"><span style=\"font-family: georgia, palatino, serif; font-size: 12pt;\">In Klasse 10 findet die zweite, nun f\u00fcnft\u00e4gige Klassenfahrt statt. Die Sch\u00fclerinnen und Sch\u00fcler fahren mit ihren Klassenleitungen und deren Stellvertreterinnen und Stellvertretern zumeist in eine deutsche Gro\u00dfstadt oder zum Segeln aufs Ijsselmeer. Jede Klassenfahrt st\u00e4rkt den Klassenverband und die Sozialkompetenz jedes Einzelnen. Au\u00dferdem wird in Klasse 10 die Suchtpr\u00e4vention fortgesetzt. Herr Kr\u00fcger spricht in einer Doppelstunde \u00fcber <em>\u201cDon\u2019t drug and drive\u201c<\/em> und vermittelt den Jugendlichen dabei sehr anschaulich und eindr\u00fccklich, welche fatalen Folgen eine Teilnahme am Stra\u00dfenverkehr unter Drogeneinfluss haben kann.<\/span><\/p>\t\t\t\t\t\t\t\t<\/div>\n\t\t\t\t<\/div>\n\t\t\t\t<div class=\"elementor-element elementor-element-6e1a7d2 elementor-widget elementor-widget-text-editor\" data-id=\"6e1a7d2\" data-element_type=\"widget\" data-e-type=\"widget\" data-widget_type=\"text-editor.default\">\n\t\t\t\t<div class=\"elementor-widget-container\">\n\t\t\t\t\t\t\t\t\t<p>\u00a0<\/p><p>\u00a0<\/p>\t\t\t\t\t\t\t\t<\/div>\n\t\t\t\t<\/div>\n\t\t\t\t\t<\/div>\n\t\t<\/div>\n\t\t\t\t<div class=\"elementor-column elementor-col-33 elementor-top-column elementor-element elementor-element-c25fcbf\" data-id=\"c25fcbf\" data-element_type=\"column\" data-e-type=\"column\">\n\t\t\t<div class=\"elementor-widget-wrap elementor-element-populated\">\n\t\t\t\t\t\t<div class=\"elementor-element elementor-element-497df0a elementor-invisible elementor-widget elementor-widget-wp-widget-nav_menu\" data-id=\"497df0a\" data-element_type=\"widget\" data-e-type=\"widget\" data-settings=\"{&quot;_animation&quot;:&quot;fadeInUp&quot;}\" data-widget_type=\"wp-widget-nav_menu.default\">\n\t\t\t\t<div class=\"elementor-widget-container\">\n\t\t\t\t\t<div class=\"menu-untermenue-profil-container\"><ul id=\"menu-untermenue-profil\" class=\"menu\"><li id=\"menu-item-4191\" class=\"menu-item menu-item-type-post_type menu-item-object-page menu-item-4191\"><a href=\"https:\/\/gymnasium-nordenham.de\/en\/wir-stellen-uns-vor\">We introduce ourselves<\/a><\/li>\n<li id=\"menu-item-3959\" class=\"menu-item menu-item-type-post_type menu-item-object-page menu-item-3959\"><a href=\"https:\/\/gymnasium-nordenham.de\/en\/leitbild\">Leitbild<\/a><\/li>\n<li id=\"menu-item-4089\" class=\"menu-item menu-item-type-post_type menu-item-object-page menu-item-4089\"><a href=\"https:\/\/gymnasium-nordenham.de\/en\/informationen-sek-i\">Sekundarstufe I<\/a><\/li>\n<li id=\"menu-item-4088\" class=\"menu-item menu-item-type-post_type menu-item-object-page menu-item-4088\"><a href=\"https:\/\/gymnasium-nordenham.de\/en\/informationen-sek-ii\">Sekundarstufe II<\/a><\/li>\n<li id=\"menu-item-4047\" class=\"menu-item menu-item-type-post_type menu-item-object-page menu-item-4047\"><a href=\"https:\/\/gymnasium-nordenham.de\/en\/ganztag-2\">Ganztag<\/a><\/li>\n<li id=\"menu-item-14122\" class=\"menu-item menu-item-type-post_type menu-item-object-page menu-item-14122\"><a href=\"https:\/\/gymnasium-nordenham.de\/en\/europaschule\">Europaschule<\/a><\/li>\n<li id=\"menu-item-4250\" class=\"menu-item menu-item-type-post_type menu-item-object-page menu-item-4250\"><a href=\"https:\/\/gymnasium-nordenham.de\/en\/umweltschule\">Umweltschule<\/a><\/li>\n<li id=\"menu-item-4647\" class=\"menu-item menu-item-type-post_type menu-item-object-page menu-item-4647\"><a href=\"https:\/\/gymnasium-nordenham.de\/en\/erasmus\">Erasmus +<\/a><\/li>\n<li id=\"menu-item-4486\" class=\"menu-item menu-item-type-post_type menu-item-object-page menu-item-4486\"><a href=\"https:\/\/gymnasium-nordenham.de\/en\/schule-ohne-rassismus\">Schule ohne Rassismus<\/a><\/li>\n<li id=\"menu-item-12212\" class=\"menu-item menu-item-type-post_type menu-item-object-page menu-item-12212\"><a href=\"https:\/\/gymnasium-nordenham.de\/en\/berufsorientierung\">Berufsorientierung<\/a><\/li>\n<li id=\"menu-item-4230\" class=\"menu-item menu-item-type-post_type menu-item-object-page menu-item-4230\"><a href=\"https:\/\/gymnasium-nordenham.de\/en\/blaeserklasse-profil\">Bl\u00e4serklasse<\/a><\/li>\n<li id=\"menu-item-12862\" class=\"menu-item menu-item-type-post_type menu-item-object-page menu-item-12862\"><a href=\"https:\/\/gymnasium-nordenham.de\/en\/medienkonzept\">Medienkonzept<\/a><\/li>\n<li id=\"menu-item-6470\" class=\"menu-item menu-item-type-post_type menu-item-object-page menu-item-6470\"><a href=\"https:\/\/gymnasium-nordenham.de\/en\/schulbroschuere-2\">Schulbrosch\u00fcre<\/a><\/li>\n<li id=\"menu-item-3955\" class=\"menu-item menu-item-type-post_type menu-item-object-page menu-item-3955\"><a href=\"https:\/\/gymnasium-nordenham.de\/en\/schulprogramm\">Chronik<\/a><\/li>\n<\/ul><\/div>\t\t\t\t<\/div>\n\t\t\t\t<\/div>\n\t\t\t\t\t<\/div>\n\t\t<\/div>\n\t\t\t\t\t<\/div>\n\t\t<\/section>\n\t\t\t\t<\/div>","protected":false},"excerpt":{"rendered":"<p>Informationen zur Sek I Soziales Lernen und Fahrtenkonzept Der Bereich \u201aSoziales Lernen\u2018 ist ein Schwerpunkt unserer p\u00e4dagogischen Arbeit. Wir sind \u201aSchule ohne Gewalt\u2018 und \u201aSchule ohne Rassismus\u2018 und versuchen, durch verschiedene Konzepte das friedliche soziale Miteinander unserer Sch\u00fcler zu f\u00f6rdern. &hellip; <a href=\"https:\/\/gymnasium-nordenham.de\/en\/informationen-sek-i\">Continue reading <span class=\"meta-nav\">&rarr;<\/span><\/a><\/p>","protected":false},"author":4,"featured_media":0,"parent":0,"menu_order":0,"comment_status":"closed","ping_status":"closed","template":"elementor_header_footer","meta":{"_crdt_document":"","footnotes":""},"class_list":["post-2290","page","type-page","status-publish","hentry"],"yoast_head":"<!-- This site is optimized with the Yoast SEO plugin v27.3 - https:\/\/yoast.com\/product\/yoast-seo-wordpress\/ -->\n<title>Sekundarstufe I - Gymnasium Nordenham<\/title>\n<meta name=\"robots\" content=\"index, follow, max-snippet:-1, max-image-preview:large, max-video-preview:-1\" \/>\n<link rel=\"canonical\" href=\"https:\/\/gymnasium-nordenham.de\/en\/informationen-sek-i\/\" \/>\n<meta property=\"og:locale\" content=\"en_GB\" \/>\n<meta property=\"og:type\" content=\"article\" \/>\n<meta property=\"og:title\" content=\"Sekundarstufe I - Gymnasium Nordenham\" \/>\n<meta property=\"og:description\" content=\"Informationen zur Sek I Soziales Lernen und Fahrtenkonzept Der Bereich \u201aSoziales Lernen\u2018 ist ein Schwerpunkt unserer p\u00e4dagogischen Arbeit. Wir sind \u201aSchule ohne Gewalt\u2018 und \u201aSchule ohne Rassismus\u2018 und versuchen, durch verschiedene Konzepte das friedliche soziale Miteinander unserer Sch\u00fcler zu f\u00f6rdern. &hellip; Continue reading &rarr;\" \/>\n<meta property=\"og:url\" content=\"https:\/\/gymnasium-nordenham.de\/en\/informationen-sek-i\/\" \/>\n<meta property=\"og:site_name\" content=\"Gymnasium Nordenham\" \/>\n<meta property=\"article:modified_time\" content=\"2021-01-11T14:29:15+00:00\" \/>\n<meta name=\"twitter:card\" content=\"summary_large_image\" \/>\n<meta name=\"twitter:label1\" content=\"Estimated reading time\" \/>\n\t<meta name=\"twitter:data1\" content=\"5 minutes\" \/>\n<script type=\"application\/ld+json\" class=\"yoast-schema-graph\">{\"@context\":\"https:\\\/\\\/schema.org\",\"@graph\":[{\"@type\":\"WebPage\",\"@id\":\"https:\\\/\\\/gymnasium-nordenham.de\\\/informationen-sek-i\",\"url\":\"https:\\\/\\\/gymnasium-nordenham.de\\\/informationen-sek-i\",\"name\":\"Sekundarstufe I - Gymnasium Nordenham\",\"isPartOf\":{\"@id\":\"https:\\\/\\\/gymnasium-nordenham.de\\\/#website\"},\"datePublished\":\"2020-07-07T08:59:17+00:00\",\"dateModified\":\"2021-01-11T14:29:15+00:00\",\"breadcrumb\":{\"@id\":\"https:\\\/\\\/gymnasium-nordenham.de\\\/informationen-sek-i#breadcrumb\"},\"inLanguage\":\"en-GB\",\"potentialAction\":[{\"@type\":\"ReadAction\",\"target\":[\"https:\\\/\\\/gymnasium-nordenham.de\\\/informationen-sek-i\"]}]},{\"@type\":\"BreadcrumbList\",\"@id\":\"https:\\\/\\\/gymnasium-nordenham.de\\\/informationen-sek-i#breadcrumb\",\"itemListElement\":[{\"@type\":\"ListItem\",\"position\":1,\"name\":\"Startseite\",\"item\":\"https:\\\/\\\/gymnasium-nordenham.de\\\/\"},{\"@type\":\"ListItem\",\"position\":2,\"name\":\"Sekundarstufe I\"}]},{\"@type\":\"WebSite\",\"@id\":\"https:\\\/\\\/gymnasium-nordenham.de\\\/#website\",\"url\":\"https:\\\/\\\/gymnasium-nordenham.de\\\/\",\"name\":\"Gymnasium Nordenham\",\"description\":\"Miteinander, voneinander und f\u00fcreinander lernen\",\"potentialAction\":[{\"@type\":\"SearchAction\",\"target\":{\"@type\":\"EntryPoint\",\"urlTemplate\":\"https:\\\/\\\/gymnasium-nordenham.de\\\/?s={search_term_string}\"},\"query-input\":{\"@type\":\"PropertyValueSpecification\",\"valueRequired\":true,\"valueName\":\"search_term_string\"}}],\"inLanguage\":\"en-GB\"}]}<\/script>\n<!-- \/ Yoast SEO plugin. -->","yoast_head_json":{"title":"Sekundarstufe I - Gymnasium Nordenham","robots":{"index":"index","follow":"follow","max-snippet":"max-snippet:-1","max-image-preview":"max-image-preview:large","max-video-preview":"max-video-preview:-1"},"canonical":"https:\/\/gymnasium-nordenham.de\/en\/informationen-sek-i\/","og_locale":"en_GB","og_type":"article","og_title":"Sekundarstufe I - Gymnasium Nordenham","og_description":"Informationen zur Sek I Soziales Lernen und Fahrtenkonzept Der Bereich \u201aSoziales Lernen\u2018 ist ein Schwerpunkt unserer p\u00e4dagogischen Arbeit. Wir sind \u201aSchule ohne Gewalt\u2018 und \u201aSchule ohne Rassismus\u2018 und versuchen, durch verschiedene Konzepte das friedliche soziale Miteinander unserer Sch\u00fcler zu f\u00f6rdern. &hellip; Continue reading &rarr;","og_url":"https:\/\/gymnasium-nordenham.de\/en\/informationen-sek-i\/","og_site_name":"Gymnasium Nordenham","article_modified_time":"2021-01-11T14:29:15+00:00","twitter_card":"summary_large_image","twitter_misc":{"Estimated reading time":"5 minutes"},"schema":{"@context":"https:\/\/schema.org","@graph":[{"@type":"WebPage","@id":"https:\/\/gymnasium-nordenham.de\/informationen-sek-i","url":"https:\/\/gymnasium-nordenham.de\/informationen-sek-i","name":"Sekundarstufe I - Gymnasium Nordenham","isPartOf":{"@id":"https:\/\/gymnasium-nordenham.de\/#website"},"datePublished":"2020-07-07T08:59:17+00:00","dateModified":"2021-01-11T14:29:15+00:00","breadcrumb":{"@id":"https:\/\/gymnasium-nordenham.de\/informationen-sek-i#breadcrumb"},"inLanguage":"en-GB","potentialAction":[{"@type":"ReadAction","target":["https:\/\/gymnasium-nordenham.de\/informationen-sek-i"]}]},{"@type":"BreadcrumbList","@id":"https:\/\/gymnasium-nordenham.de\/informationen-sek-i#breadcrumb","itemListElement":[{"@type":"ListItem","position":1,"name":"Startseite","item":"https:\/\/gymnasium-nordenham.de\/"},{"@type":"ListItem","position":2,"name":"Sekundarstufe I"}]},{"@type":"WebSite","@id":"https:\/\/gymnasium-nordenham.de\/#website","url":"https:\/\/gymnasium-nordenham.de\/","name":"Gymnasium Nordenham","description":"Miteinander, voneinander und f\u00fcreinander lernen","potentialAction":[{"@type":"SearchAction","target":{"@type":"EntryPoint","urlTemplate":"https:\/\/gymnasium-nordenham.de\/?s={search_term_string}"},"query-input":{"@type":"PropertyValueSpecification","valueRequired":true,"valueName":"search_term_string"}}],"inLanguage":"en-GB"}]}},"_links":{"self":[{"href":"https:\/\/gymnasium-nordenham.de\/en\/wp-json\/wp\/v2\/pages\/2290","targetHints":{"allow":["GET"]}}],"collection":[{"href":"https:\/\/gymnasium-nordenham.de\/en\/wp-json\/wp\/v2\/pages"}],"about":[{"href":"https:\/\/gymnasium-nordenham.de\/en\/wp-json\/wp\/v2\/types\/page"}],"author":[{"embeddable":true,"href":"https:\/\/gymnasium-nordenham.de\/en\/wp-json\/wp\/v2\/users\/4"}],"replies":[{"embeddable":true,"href":"https:\/\/gymnasium-nordenham.de\/en\/wp-json\/wp\/v2\/comments?post=2290"}],"version-history":[{"count":0,"href":"https:\/\/gymnasium-nordenham.de\/en\/wp-json\/wp\/v2\/pages\/2290\/revisions"}],"wp:attachment":[{"href":"https:\/\/gymnasium-nordenham.de\/en\/wp-json\/wp\/v2\/media?parent=2290"}],"curies":[{"name":"wp","href":"https:\/\/api.w.org\/{rel}","templated":true}]}}