{"id":2128,"date":"2020-06-24T14:48:22","date_gmt":"2020-06-24T12:48:22","guid":{"rendered":"https:\/\/gymnasiumnordenhamtest.live-website.com\/?page_id=2128"},"modified":"2020-06-24T15:34:45","modified_gmt":"2020-06-24T13:34:45","slug":"beratungslehrer-test-dreispaltig","status":"publish","type":"page","link":"https:\/\/gymnasium-nordenham.de\/en\/beratungslehrer-test-dreispaltig","title":{"rendered":"Beratungslehrer TEST Dreispaltig"},"content":{"rendered":"\t\t<div data-elementor-type=\"wp-page\" data-elementor-id=\"2128\" class=\"elementor elementor-2128\" data-elementor-post-type=\"page\">\n\t\t\t\t\t\t<section class=\"elementor-section elementor-top-section elementor-element elementor-element-5257c4b elementor-section-full_width elementor-section-height-default elementor-section-height-default\" data-id=\"5257c4b\" data-element_type=\"section\" data-e-type=\"section\">\n\t\t\t\t\t\t<div class=\"elementor-container elementor-column-gap-default\">\n\t\t\t\t\t<div class=\"elementor-column elementor-col-100 elementor-top-column elementor-element elementor-element-929ce8f\" data-id=\"929ce8f\" data-element_type=\"column\" data-e-type=\"column\" data-settings=\"{&quot;background_background&quot;:&quot;classic&quot;}\">\n\t\t\t<div class=\"elementor-widget-wrap elementor-element-populated\">\n\t\t\t\t\t\t<div class=\"elementor-element elementor-element-de78d44 elementor-widget elementor-widget-heading\" data-id=\"de78d44\" data-element_type=\"widget\" data-e-type=\"widget\" data-widget_type=\"heading.default\">\n\t\t\t\t<div class=\"elementor-widget-container\">\n\t\t\t\t\t<h2 class=\"elementor-heading-title elementor-size-large\">Dreispaltig<\/h2>\t\t\t\t<\/div>\n\t\t\t\t<\/div>\n\t\t\t\t\t<\/div>\n\t\t<\/div>\n\t\t\t\t\t<\/div>\n\t\t<\/section>\n\t\t\t\t<section class=\"elementor-section elementor-top-section elementor-element elementor-element-7e7a82c elementor-section-full_width elementor-section-height-default elementor-section-height-default\" data-id=\"7e7a82c\" data-element_type=\"section\" data-e-type=\"section\">\n\t\t\t\t\t\t<div class=\"elementor-container elementor-column-gap-default\">\n\t\t\t\t\t<div class=\"elementor-column elementor-col-33 elementor-top-column elementor-element elementor-element-451b9ba\" data-id=\"451b9ba\" data-element_type=\"column\" data-e-type=\"column\">\n\t\t\t<div class=\"elementor-widget-wrap elementor-element-populated\">\n\t\t\t\t\t\t<div class=\"elementor-element elementor-element-33d7831 elementor-widget elementor-widget-heading\" data-id=\"33d7831\" data-element_type=\"widget\" data-e-type=\"widget\" data-widget_type=\"heading.default\">\n\t\t\t\t<div class=\"elementor-widget-container\">\n\t\t\t\t\t<h2 class=\"elementor-heading-title elementor-size-default\">Beitr\u00e4ge<\/h2>\t\t\t\t<\/div>\n\t\t\t\t<\/div>\n\t\t\t\t<div class=\"elementor-element elementor-element-8f009d3 elementor-widget elementor-widget-text-editor\" data-id=\"8f009d3\" data-element_type=\"widget\" data-e-type=\"widget\" data-widget_type=\"text-editor.default\">\n\t\t\t\t<div class=\"elementor-widget-container\">\n\t\t\t\t\t\t\t\t\t<p><span style=\"color: #808080;\">29.05.20 &#8211; Alle Eltern, von denen uns die Grundschulen gemeldet haben, dass sie ihr Kind bei uns anmelden m\u00f6chten, haben in dieser Woche Post von uns erhalten. Hierin befanden sich alle Anmeldeunterlagen sowie Informationsmaterial. Parallel dazu stehen den Eltern auf unserer Homepage (s. Info unten vom 21.05.) alle Informationen und Dokumente zur Anmeldung zur Verf\u00fcgung.<\/span><\/p><p><span style=\"color: #808080;\">Die Unterlagen k\u00f6nnen uns per Post zugesendet oder pers\u00f6nlich in den Briefkasten geworfen werden.<\/span><\/p><p><span style=\"color: #808080;\">F\u00fcr die Eltern, bei denen dringender Beratungsbedarf besteht, gibt es in der n\u00e4chsten Woche auch ein pers\u00f6nliches Beratungsangebot an userer Schule:<\/span><\/p>\t\t\t\t\t\t\t\t<\/div>\n\t\t\t\t<\/div>\n\t\t\t\t\t<\/div>\n\t\t<\/div>\n\t\t\t\t<div class=\"elementor-column elementor-col-33 elementor-top-column elementor-element elementor-element-d9548f8\" data-id=\"d9548f8\" data-element_type=\"column\" data-e-type=\"column\">\n\t\t\t<div class=\"elementor-widget-wrap elementor-element-populated\">\n\t\t\t\t\t\t<div class=\"elementor-element elementor-element-bf53064 elementor-widget elementor-widget-heading\" data-id=\"bf53064\" data-element_type=\"widget\" data-e-type=\"widget\" data-widget_type=\"heading.default\">\n\t\t\t\t<div class=\"elementor-widget-container\">\n\t\t\t\t\t<h2 class=\"elementor-heading-title elementor-size-default\">Sponsoren<\/h2>\t\t\t\t<\/div>\n\t\t\t\t<\/div>\n\t\t\t\t<div class=\"elementor-element elementor-element-b1cb1e0 elementor-widget elementor-widget-text-editor\" data-id=\"b1cb1e0\" data-element_type=\"widget\" data-e-type=\"widget\" data-widget_type=\"text-editor.default\">\n\t\t\t\t<div class=\"elementor-widget-container\">\n\t\t\t\t\t\t\t\t\t<p>Lorem ipsum dolor sit amet, consectetur adipiscing elit. Ut elit tellus, luctus nec ullamcorper mattis, pulvinar dapibus leo.<\/p>\t\t\t\t\t\t\t\t<\/div>\n\t\t\t\t<\/div>\n\t\t\t\t\t<\/div>\n\t\t<\/div>\n\t\t\t\t<div class=\"elementor-column elementor-col-33 elementor-top-column elementor-element elementor-element-ce833b3\" data-id=\"ce833b3\" data-element_type=\"column\" data-e-type=\"column\">\n\t\t\t<div class=\"elementor-widget-wrap elementor-element-populated\">\n\t\t\t\t\t\t<div class=\"elementor-element elementor-element-f8b0c20 elementor-widget elementor-widget-heading\" data-id=\"f8b0c20\" data-element_type=\"widget\" data-e-type=\"widget\" data-widget_type=\"heading.default\">\n\t\t\t\t<div class=\"elementor-widget-container\">\n\t\t\t\t\t<h2 class=\"elementor-heading-title elementor-size-default\">Men\u00fcleiste<\/h2>\t\t\t\t<\/div>\n\t\t\t\t<\/div>\n\t\t\t\t<div class=\"elementor-element elementor-element-21a433a elementor-widget elementor-widget-wp-widget-archives\" data-id=\"21a433a\" data-element_type=\"widget\" data-e-type=\"widget\" data-widget_type=\"wp-widget-archives.default\">\n\t\t\t\t<div class=\"elementor-widget-container\">\n\t\t\t\t\t<h5>TEST ARCHIV<\/h5>\t\t<label class=\"screen-reader-text\" for=\"archives-dropdown-REPLACE_TO_ID\">TEST ARCHIV<\/label>\n\t\t<select id=\"archives-dropdown-REPLACE_TO_ID\" name=\"archive-dropdown\">\n\t\t\t\n\t\t\t<option value=\"\">Select Month<\/option>\n\t\t\t\t<option value='https:\/\/gymnasium-nordenham.de\/en\/2026\/04'> April 2026 <\/option>\n\t<option value='https:\/\/gymnasium-nordenham.de\/en\/2026\/03'> March 2026 <\/option>\n\t<option value='https:\/\/gymnasium-nordenham.de\/en\/2026\/02'> February 2026 <\/option>\n\t<option value='https:\/\/gymnasium-nordenham.de\/en\/2026\/01'> January 2026 <\/option>\n\t<option value='https:\/\/gymnasium-nordenham.de\/en\/2025\/12'> December 2025 <\/option>\n\t<option value='https:\/\/gymnasium-nordenham.de\/en\/2025\/11'> November 2025 <\/option>\n\t<option value='https:\/\/gymnasium-nordenham.de\/en\/2025\/10'> October 2025 <\/option>\n\t<option value='https:\/\/gymnasium-nordenham.de\/en\/2025\/09'> September 2025 <\/option>\n\t<option value='https:\/\/gymnasium-nordenham.de\/en\/2025\/08'> August 2025 <\/option>\n\t<option value='https:\/\/gymnasium-nordenham.de\/en\/2025\/07'> July 2025 <\/option>\n\t<option value='https:\/\/gymnasium-nordenham.de\/en\/2025\/06'> June 2025 <\/option>\n\t<option value='https:\/\/gymnasium-nordenham.de\/en\/2025\/05'> May 2025 <\/option>\n\t<option value='https:\/\/gymnasium-nordenham.de\/en\/2025\/04'> April 2025 <\/option>\n\t<option value='https:\/\/gymnasium-nordenham.de\/en\/2025\/03'> March 2025 <\/option>\n\t<option value='https:\/\/gymnasium-nordenham.de\/en\/2025\/02'> February 2025 <\/option>\n\t<option value='https:\/\/gymnasium-nordenham.de\/en\/2025\/01'> January 2025 <\/option>\n\t<option value='https:\/\/gymnasium-nordenham.de\/en\/2024\/12'> December 2024 <\/option>\n\t<option value='https:\/\/gymnasium-nordenham.de\/en\/2024\/11'> November 2024 <\/option>\n\t<option value='https:\/\/gymnasium-nordenham.de\/en\/2024\/09'> September 2024 <\/option>\n\t<option value='https:\/\/gymnasium-nordenham.de\/en\/2024\/08'> August 2024 <\/option>\n\t<option value='https:\/\/gymnasium-nordenham.de\/en\/2024\/06'> June 2024 <\/option>\n\t<option value='https:\/\/gymnasium-nordenham.de\/en\/2024\/05'> May 2024 <\/option>\n\t<option value='https:\/\/gymnasium-nordenham.de\/en\/2024\/04'> April 2024 <\/option>\n\t<option value='https:\/\/gymnasium-nordenham.de\/en\/2024\/03'> March 2024 <\/option>\n\t<option value='https:\/\/gymnasium-nordenham.de\/en\/2024\/02'> February 2024 <\/option>\n\t<option value='https:\/\/gymnasium-nordenham.de\/en\/2024\/01'> January 2024 <\/option>\n\t<option value='https:\/\/gymnasium-nordenham.de\/en\/2023\/12'> December 2023 <\/option>\n\t<option value='https:\/\/gymnasium-nordenham.de\/en\/2023\/11'> November 2023 <\/option>\n\t<option value='https:\/\/gymnasium-nordenham.de\/en\/2023\/10'> October 2023 <\/option>\n\t<option value='https:\/\/gymnasium-nordenham.de\/en\/2023\/09'> September 2023 <\/option>\n\t<option value='https:\/\/gymnasium-nordenham.de\/en\/2023\/08'> August 2023 <\/option>\n\t<option value='https:\/\/gymnasium-nordenham.de\/en\/2023\/07'> July 2023 <\/option>\n\t<option value='https:\/\/gymnasium-nordenham.de\/en\/2023\/06'> June 2023 <\/option>\n\t<option value='https:\/\/gymnasium-nordenham.de\/en\/2023\/05'> May 2023 <\/option>\n\t<option value='https:\/\/gymnasium-nordenham.de\/en\/2023\/04'> April 2023 <\/option>\n\t<option value='https:\/\/gymnasium-nordenham.de\/en\/2023\/03'> March 2023 <\/option>\n\t<option value='https:\/\/gymnasium-nordenham.de\/en\/2023\/02'> February 2023 <\/option>\n\t<option value='https:\/\/gymnasium-nordenham.de\/en\/2023\/01'> January 2023 <\/option>\n\t<option value='https:\/\/gymnasium-nordenham.de\/en\/2022\/12'> December 2022 <\/option>\n\t<option value='https:\/\/gymnasium-nordenham.de\/en\/2022\/11'> November 2022 <\/option>\n\t<option value='https:\/\/gymnasium-nordenham.de\/en\/2022\/10'> October 2022 <\/option>\n\t<option value='https:\/\/gymnasium-nordenham.de\/en\/2022\/09'> September 2022 <\/option>\n\t<option value='https:\/\/gymnasium-nordenham.de\/en\/2022\/08'> August 2022 <\/option>\n\t<option value='https:\/\/gymnasium-nordenham.de\/en\/2022\/07'> July 2022 <\/option>\n\t<option value='https:\/\/gymnasium-nordenham.de\/en\/2022\/06'> June 2022 <\/option>\n\t<option value='https:\/\/gymnasium-nordenham.de\/en\/2022\/05'> May 2022 <\/option>\n\t<option value='https:\/\/gymnasium-nordenham.de\/en\/2022\/04'> April 2022 <\/option>\n\t<option value='https:\/\/gymnasium-nordenham.de\/en\/2022\/03'> March 2022 <\/option>\n\t<option value='https:\/\/gymnasium-nordenham.de\/en\/2022\/02'> February 2022 <\/option>\n\t<option value='https:\/\/gymnasium-nordenham.de\/en\/2022\/01'> January 2022 <\/option>\n\t<option value='https:\/\/gymnasium-nordenham.de\/en\/2021\/12'> December 2021 <\/option>\n\t<option value='https:\/\/gymnasium-nordenham.de\/en\/2021\/11'> November 2021 <\/option>\n\t<option value='https:\/\/gymnasium-nordenham.de\/en\/2021\/10'> October 2021 <\/option>\n\t<option value='https:\/\/gymnasium-nordenham.de\/en\/2021\/09'> September 2021 <\/option>\n\t<option value='https:\/\/gymnasium-nordenham.de\/en\/2021\/08'> August 2021 <\/option>\n\t<option value='https:\/\/gymnasium-nordenham.de\/en\/2021\/07'> July 2021 <\/option>\n\t<option value='https:\/\/gymnasium-nordenham.de\/en\/2021\/06'> June 2021 <\/option>\n\t<option value='https:\/\/gymnasium-nordenham.de\/en\/2021\/05'> May 2021 <\/option>\n\t<option value='https:\/\/gymnasium-nordenham.de\/en\/2021\/04'> April 2021 <\/option>\n\t<option value='https:\/\/gymnasium-nordenham.de\/en\/2021\/03'> March 2021 <\/option>\n\t<option value='https:\/\/gymnasium-nordenham.de\/en\/2021\/02'> February 2021 <\/option>\n\t<option value='https:\/\/gymnasium-nordenham.de\/en\/2021\/01'> January 2021 <\/option>\n\n\t\t<\/select>\n\n\t\t\t<script type=\"text\/javascript\">\n\/* <![CDATA[ *\/\n\n( ( dropdownId ) => {\n\tconst dropdown = document.getElementById( dropdownId );\n\tfunction onSelectChange() {\n\t\tsetTimeout( () => {\n\t\t\tif ( 'escape' === dropdown.dataset.lastkey ) {\n\t\t\t\treturn;\n\t\t\t}\n\t\t\tif ( dropdown.value ) {\n\t\t\t\tdocument.location.href = dropdown.value;\n\t\t\t}\n\t\t}, 250 );\n\t}\n\tfunction onKeyUp( event ) {\n\t\tif ( 'Escape' === event.key ) {\n\t\t\tdropdown.dataset.lastkey = 'escape';\n\t\t} else {\n\t\t\tdelete dropdown.dataset.lastkey;\n\t\t}\n\t}\n\tfunction onClick() {\n\t\tdelete dropdown.dataset.lastkey;\n\t}\n\tdropdown.addEventListener( 'keyup', onKeyUp );\n\tdropdown.addEventListener( 'click', onClick );\n\tdropdown.addEventListener( 'change', onSelectChange );\n})( \"archives-dropdown-REPLACE_TO_ID\" );\n\n\/\/# sourceURL=WP_Widget_Archives%3A%3Awidget\n\/* ]]> *\/\n<\/script>\n\t\t\t\t<\/div>\n\t\t\t\t<\/div>\n\t\t\t\t\t<\/div>\n\t\t<\/div>\n\t\t\t\t\t<\/div>\n\t\t<\/section>\n\t\t\t\t<\/div>\n\t\t","protected":false},"excerpt":{"rendered":"<p>Dreispaltig Beitr\u00e4ge 29.05.20 &#8211; Alle Eltern, von denen uns die Grundschulen gemeldet haben, dass sie ihr Kind bei uns anmelden m\u00f6chten, haben in dieser Woche Post von uns erhalten. Hierin befanden sich alle Anmeldeunterlagen sowie Informationsmaterial. Parallel dazu stehen den &hellip; <a href=\"https:\/\/gymnasium-nordenham.de\/en\/beratungslehrer-test-dreispaltig\">Continue reading <span class=\"meta-nav\">&rarr;<\/span><\/a><\/p>","protected":false},"author":4,"featured_media":0,"parent":0,"menu_order":0,"comment_status":"closed","ping_status":"closed","template":"elementor_header_footer","meta":{"_crdt_document":"","footnotes":""},"class_list":["post-2128","page","type-page","status-publish","hentry"],"yoast_head":"<!-- This site is optimized with the Yoast SEO plugin v27.5 - https:\/\/yoast.com\/product\/yoast-seo-wordpress\/ -->\n<title>Beratungslehrer TEST Dreispaltig - Gymnasium Nordenham<\/title>\n<meta name=\"robots\" content=\"index, follow, max-snippet:-1, max-image-preview:large, max-video-preview:-1\" \/>\n<link rel=\"canonical\" href=\"https:\/\/gymnasium-nordenham.de\/en\/beratungslehrer-test-dreispaltig\/\" \/>\n<meta property=\"og:locale\" content=\"en_GB\" \/>\n<meta property=\"og:type\" content=\"article\" \/>\n<meta property=\"og:title\" content=\"Beratungslehrer TEST Dreispaltig - Gymnasium Nordenham\" \/>\n<meta property=\"og:description\" content=\"Dreispaltig Beitr\u00e4ge 29.05.20 &#8211; Alle Eltern, von denen uns die Grundschulen gemeldet haben, dass sie ihr Kind bei uns anmelden m\u00f6chten, haben in dieser Woche Post von uns erhalten. Hierin befanden sich alle Anmeldeunterlagen sowie Informationsmaterial. Parallel dazu stehen den &hellip; Continue reading &rarr;\" \/>\n<meta property=\"og:url\" content=\"https:\/\/gymnasium-nordenham.de\/en\/beratungslehrer-test-dreispaltig\/\" \/>\n<meta property=\"og:site_name\" content=\"Gymnasium Nordenham\" \/>\n<meta property=\"article:modified_time\" content=\"2020-06-24T13:34:45+00:00\" \/>\n<meta name=\"twitter:card\" content=\"summary_large_image\" \/>\n<meta name=\"twitter:label1\" content=\"Estimated reading time\" \/>\n\t<meta name=\"twitter:data1\" content=\"1 minute\" \/>\n<script type=\"application\/ld+json\" class=\"yoast-schema-graph\">{\"@context\":\"https:\\\/\\\/schema.org\",\"@graph\":[{\"@type\":\"WebPage\",\"@id\":\"https:\\\/\\\/gymnasium-nordenham.de\\\/beratungslehrer-test-dreispaltig\",\"url\":\"https:\\\/\\\/gymnasium-nordenham.de\\\/beratungslehrer-test-dreispaltig\",\"name\":\"Beratungslehrer TEST Dreispaltig - Gymnasium Nordenham\",\"isPartOf\":{\"@id\":\"https:\\\/\\\/gymnasium-nordenham.de\\\/#website\"},\"datePublished\":\"2020-06-24T12:48:22+00:00\",\"dateModified\":\"2020-06-24T13:34:45+00:00\",\"breadcrumb\":{\"@id\":\"https:\\\/\\\/gymnasium-nordenham.de\\\/beratungslehrer-test-dreispaltig#breadcrumb\"},\"inLanguage\":\"en-GB\",\"potentialAction\":[{\"@type\":\"ReadAction\",\"target\":[\"https:\\\/\\\/gymnasium-nordenham.de\\\/beratungslehrer-test-dreispaltig\"]}]},{\"@type\":\"BreadcrumbList\",\"@id\":\"https:\\\/\\\/gymnasium-nordenham.de\\\/beratungslehrer-test-dreispaltig#breadcrumb\",\"itemListElement\":[{\"@type\":\"ListItem\",\"position\":1,\"name\":\"Startseite\",\"item\":\"https:\\\/\\\/gymnasium-nordenham.de\\\/\"},{\"@type\":\"ListItem\",\"position\":2,\"name\":\"Beratungslehrer TEST Dreispaltig\"}]},{\"@type\":\"WebSite\",\"@id\":\"https:\\\/\\\/gymnasium-nordenham.de\\\/#website\",\"url\":\"https:\\\/\\\/gymnasium-nordenham.de\\\/\",\"name\":\"Gymnasium Nordenham\",\"description\":\"Miteinander, voneinander und f\u00fcreinander lernen\",\"potentialAction\":[{\"@type\":\"SearchAction\",\"target\":{\"@type\":\"EntryPoint\",\"urlTemplate\":\"https:\\\/\\\/gymnasium-nordenham.de\\\/?s={search_term_string}\"},\"query-input\":{\"@type\":\"PropertyValueSpecification\",\"valueRequired\":true,\"valueName\":\"search_term_string\"}}],\"inLanguage\":\"en-GB\"}]}<\/script>\n<!-- \/ Yoast SEO plugin. -->","yoast_head_json":{"title":"Beratungslehrer TEST Dreispaltig - Gymnasium Nordenham","robots":{"index":"index","follow":"follow","max-snippet":"max-snippet:-1","max-image-preview":"max-image-preview:large","max-video-preview":"max-video-preview:-1"},"canonical":"https:\/\/gymnasium-nordenham.de\/en\/beratungslehrer-test-dreispaltig\/","og_locale":"en_GB","og_type":"article","og_title":"Beratungslehrer TEST Dreispaltig - Gymnasium Nordenham","og_description":"Dreispaltig Beitr\u00e4ge 29.05.20 &#8211; Alle Eltern, von denen uns die Grundschulen gemeldet haben, dass sie ihr Kind bei uns anmelden m\u00f6chten, haben in dieser Woche Post von uns erhalten. Hierin befanden sich alle Anmeldeunterlagen sowie Informationsmaterial. Parallel dazu stehen den &hellip; Continue reading &rarr;","og_url":"https:\/\/gymnasium-nordenham.de\/en\/beratungslehrer-test-dreispaltig\/","og_site_name":"Gymnasium Nordenham","article_modified_time":"2020-06-24T13:34:45+00:00","twitter_card":"summary_large_image","twitter_misc":{"Estimated reading time":"1 minute"},"schema":{"@context":"https:\/\/schema.org","@graph":[{"@type":"WebPage","@id":"https:\/\/gymnasium-nordenham.de\/beratungslehrer-test-dreispaltig","url":"https:\/\/gymnasium-nordenham.de\/beratungslehrer-test-dreispaltig","name":"Beratungslehrer TEST Dreispaltig - Gymnasium Nordenham","isPartOf":{"@id":"https:\/\/gymnasium-nordenham.de\/#website"},"datePublished":"2020-06-24T12:48:22+00:00","dateModified":"2020-06-24T13:34:45+00:00","breadcrumb":{"@id":"https:\/\/gymnasium-nordenham.de\/beratungslehrer-test-dreispaltig#breadcrumb"},"inLanguage":"en-GB","potentialAction":[{"@type":"ReadAction","target":["https:\/\/gymnasium-nordenham.de\/beratungslehrer-test-dreispaltig"]}]},{"@type":"BreadcrumbList","@id":"https:\/\/gymnasium-nordenham.de\/beratungslehrer-test-dreispaltig#breadcrumb","itemListElement":[{"@type":"ListItem","position":1,"name":"Startseite","item":"https:\/\/gymnasium-nordenham.de\/"},{"@type":"ListItem","position":2,"name":"Beratungslehrer TEST Dreispaltig"}]},{"@type":"WebSite","@id":"https:\/\/gymnasium-nordenham.de\/#website","url":"https:\/\/gymnasium-nordenham.de\/","name":"Gymnasium Nordenham","description":"Miteinander, voneinander und f\u00fcreinander lernen","potentialAction":[{"@type":"SearchAction","target":{"@type":"EntryPoint","urlTemplate":"https:\/\/gymnasium-nordenham.de\/?s={search_term_string}"},"query-input":{"@type":"PropertyValueSpecification","valueRequired":true,"valueName":"search_term_string"}}],"inLanguage":"en-GB"}]}},"_links":{"self":[{"href":"https:\/\/gymnasium-nordenham.de\/en\/wp-json\/wp\/v2\/pages\/2128","targetHints":{"allow":["GET"]}}],"collection":[{"href":"https:\/\/gymnasium-nordenham.de\/en\/wp-json\/wp\/v2\/pages"}],"about":[{"href":"https:\/\/gymnasium-nordenham.de\/en\/wp-json\/wp\/v2\/types\/page"}],"author":[{"embeddable":true,"href":"https:\/\/gymnasium-nordenham.de\/en\/wp-json\/wp\/v2\/users\/4"}],"replies":[{"embeddable":true,"href":"https:\/\/gymnasium-nordenham.de\/en\/wp-json\/wp\/v2\/comments?post=2128"}],"version-history":[{"count":0,"href":"https:\/\/gymnasium-nordenham.de\/en\/wp-json\/wp\/v2\/pages\/2128\/revisions"}],"wp:attachment":[{"href":"https:\/\/gymnasium-nordenham.de\/en\/wp-json\/wp\/v2\/media?parent=2128"}],"curies":[{"name":"wp","href":"https:\/\/api.w.org\/{rel}","templated":true}]}}