{"id":2049,"date":"2020-05-21T16:17:04","date_gmt":"2020-05-21T14:17:04","guid":{"rendered":"https:\/\/gymnasiumnordenhamtest.live-website.com\/?page_id=2049"},"modified":"2020-12-22T11:13:52","modified_gmt":"2020-12-22T10:13:52","slug":"musik-curricula","status":"publish","type":"page","link":"https:\/\/gymnasium-nordenham.de\/en\/musik-curricula","title":{"rendered":"Musik &#8211; Curricula"},"content":{"rendered":"<div data-elementor-type=\"wp-page\" data-elementor-id=\"2049\" class=\"elementor elementor-2049\" data-elementor-post-type=\"page\">\n\t\t\t\t\t\t<section class=\"elementor-section elementor-top-section elementor-element elementor-element-5257c4b elementor-section-full_width elementor-section-height-default elementor-section-height-default\" data-id=\"5257c4b\" data-element_type=\"section\" data-e-type=\"section\">\n\t\t\t\t\t\t<div class=\"elementor-container elementor-column-gap-default\">\n\t\t\t\t\t<div class=\"elementor-column elementor-col-100 elementor-top-column elementor-element elementor-element-929ce8f\" data-id=\"929ce8f\" data-element_type=\"column\" data-e-type=\"column\" data-settings=\"{&quot;background_background&quot;:&quot;classic&quot;}\">\n\t\t\t<div class=\"elementor-widget-wrap elementor-element-populated\">\n\t\t\t\t\t\t<div class=\"elementor-element elementor-element-de78d44 elementor-widget elementor-widget-heading\" data-id=\"de78d44\" data-element_type=\"widget\" data-e-type=\"widget\" data-widget_type=\"heading.default\">\n\t\t\t\t<div class=\"elementor-widget-container\">\n\t\t\t\t\t<h2 class=\"elementor-heading-title elementor-size-large\">Curricula<\/h2>\t\t\t\t<\/div>\n\t\t\t\t<\/div>\n\t\t\t\t\t<\/div>\n\t\t<\/div>\n\t\t\t\t\t<\/div>\n\t\t<\/section>\n\t\t\t\t<section class=\"elementor-section elementor-top-section elementor-element elementor-element-9215942 elementor-section-full_width elementor-section-height-default elementor-section-height-default\" data-id=\"9215942\" data-element_type=\"section\" data-e-type=\"section\">\n\t\t\t\t\t\t<div class=\"elementor-container elementor-column-gap-default\">\n\t\t\t\t\t<div class=\"elementor-column elementor-col-66 elementor-top-column elementor-element elementor-element-bc4bb8e\" data-id=\"bc4bb8e\" data-element_type=\"column\" data-e-type=\"column\">\n\t\t\t<div class=\"elementor-widget-wrap elementor-element-populated\">\n\t\t\t\t\t\t<div class=\"elementor-element elementor-element-809aad3 elementor-widget elementor-widget-text-editor\" data-id=\"809aad3\" data-element_type=\"widget\" data-e-type=\"widget\" data-widget_type=\"text-editor.default\">\n\t\t\t\t<div class=\"elementor-widget-container\">\n\t\t\t\t\t\t\t\t\t<p><span style=\"font-size: 12pt; font-family: georgia, palatino, serif;\"><strong>Sekundarstufe I<\/strong> <strong>(Jahrg\u00e4nge 5-10)<\/strong><\/span><\/p><ul style=\"list-style-type: square;\"><li><span style=\"font-size: 12pt; font-family: georgia, palatino, serif;\"><a href=\"https:\/\/gymnasium-nordenham.de\/wp-content\/uploads\/2020\/05\/mu_gym_si_kc_druck_2017.pdf\" target=\"_blank\" rel=\"noopener\">Kerncurriculum Schuljahrg\u00e4nge 5 \u2013 10<\/a> <\/span><\/li><\/ul><p><span style=\"font-size: 12pt; font-family: georgia, palatino, serif;\"><strong>Sekundarstufe II (Einf\u00fchrungsphase Jg.11 und Qualifikationsphase Jg. 12-13)<\/strong><\/span><\/p><ul style=\"list-style-type: square;\"><li><span style=\"font-size: 12pt; font-family: georgia, palatino, serif;\"><a href=\"https:\/\/gymnasium-nordenham.de\/wp-content\/uploads\/2020\/05\/mu_go_kc_druck.pdf\" target=\"_blank\" rel=\"noopener\">Kerncurriculum f\u00fcr die gymnasiale Oberstufe<\/a> <br \/><\/span><\/li><li><span style=\"font-size: 12pt; font-family: georgia, palatino, serif;\"><a href=\"https:\/\/gymnasium-nordenham.de\/wp-content\/uploads\/2020\/05\/Schwerpunkthemen-Musik-Abitur-2021.pdf\" target=\"_blank\" rel=\"noopener\">Schwerpunktthemen des Zentralabiturs 2021<\/a><br \/><\/span><\/li><li><span style=\"font-family: georgia, palatino, serif; font-size: 12pt;\"><a href=\"https:\/\/gymnasium-nordenham.de\/wp-content\/uploads\/2020\/05\/Schwerpunktthemen-Musik-Abitur-2022.pdf\" target=\"_blank\" rel=\"noopener\">Schwerpunktthemen des Zentralabiturs 2022<\/a><br \/><\/span><\/li><\/ul><p><strong><span style=\"font-family: georgia, palatino, serif; font-size: 12pt;\">Erg\u00e4nzende Informationen und Regelungen<\/span><\/strong><\/p><ul><li><span style=\"font-family: georgia, palatino, serif; font-size: 12pt;\"><a href=\"https:\/\/gymnasium-nordenham.de\/wp-content\/uploads\/2020\/05\/epa_musik.pdf\" target=\"_blank\" rel=\"noopener\">Allgemeine Pr\u00fcfungsanforderungen EPA Musik<\/a> <\/span><\/li><li><span style=\"font-family: georgia, palatino, serif; font-size: 12pt;\"><a href=\"https:\/\/gymnasium-nordenham.de\/wp-content\/uploads\/2020\/05\/MU_2021Abi_Operatoren.pdf\" target=\"_blank\" rel=\"noopener\">Operatoren im Fach Musik Sek II<\/a> <\/span><\/li><\/ul>\t\t\t\t\t\t\t\t<\/div>\n\t\t\t\t<\/div>\n\t\t\t\t\t<\/div>\n\t\t<\/div>\n\t\t\t\t<div class=\"elementor-column elementor-col-33 elementor-top-column elementor-element elementor-element-c25fcbf\" data-id=\"c25fcbf\" data-element_type=\"column\" data-e-type=\"column\">\n\t\t\t<div class=\"elementor-widget-wrap elementor-element-populated\">\n\t\t\t\t\t\t<div class=\"elementor-element elementor-element-497df0a elementor-invisible elementor-widget elementor-widget-wp-widget-nav_menu\" data-id=\"497df0a\" data-element_type=\"widget\" data-e-type=\"widget\" data-settings=\"{&quot;_animation&quot;:&quot;fadeInUp&quot;}\" data-widget_type=\"wp-widget-nav_menu.default\">\n\t\t\t\t<div class=\"elementor-widget-container\">\n\t\t\t\t\t<div class=\"menu-fachmenue-musik-container\"><ul id=\"menu-fachmenue-musik\" class=\"menu\"><li id=\"menu-item-2060\" class=\"menu-item menu-item-type-post_type menu-item-object-page menu-item-2060\"><a href=\"https:\/\/gymnasium-nordenham.de\/en\/musik-am-gn\">Musik am GN<\/a><\/li>\n<li id=\"menu-item-2058\" class=\"menu-item menu-item-type-post_type menu-item-object-page menu-item-2058\"><a href=\"https:\/\/gymnasium-nordenham.de\/en\/musik-lehrwerke\">Lehrwerke<\/a><\/li>\n<li id=\"menu-item-2057\" class=\"menu-item menu-item-type-post_type menu-item-object-page menu-item-2057\"><a href=\"https:\/\/gymnasium-nordenham.de\/en\/musik-curricula\">Curricula<\/a><\/li>\n<li id=\"menu-item-2056\" class=\"menu-item menu-item-type-post_type menu-item-object-page menu-item-2056\"><a href=\"https:\/\/gymnasium-nordenham.de\/en\/musik-klassenarbeiten-und-klausuren\">Klassenarbeiten und Klausuren<\/a><\/li>\n<li id=\"menu-item-2055\" class=\"menu-item menu-item-type-post_type menu-item-object-page menu-item-2055\"><a href=\"https:\/\/gymnasium-nordenham.de\/en\/musik-weitere-angebote\">Weitere Angebote<\/a><\/li>\n<\/ul><\/div>\t\t\t\t<\/div>\n\t\t\t\t<\/div>\n\t\t\t\t\t<\/div>\n\t\t<\/div>\n\t\t\t\t\t<\/div>\n\t\t<\/section>\n\t\t\t\t<\/div>","protected":false},"excerpt":{"rendered":"<p>Curricula Sekundarstufe I (Jahrg\u00e4nge 5-10) Kerncurriculum Schuljahrg\u00e4nge 5 \u2013 10 Sekundarstufe II (Einf\u00fchrungsphase Jg.11 und Qualifikationsphase Jg. 12-13) Kerncurriculum f\u00fcr die gymnasiale Oberstufe Schwerpunktthemen des Zentralabiturs 2021 Schwerpunktthemen des Zentralabiturs 2022 Erg\u00e4nzende Informationen und Regelungen Allgemeine Pr\u00fcfungsanforderungen EPA Musik Operatoren &hellip; <a href=\"https:\/\/gymnasium-nordenham.de\/en\/musik-curricula\">Continue reading <span class=\"meta-nav\">&rarr;<\/span><\/a><\/p>","protected":false},"author":4,"featured_media":0,"parent":0,"menu_order":0,"comment_status":"closed","ping_status":"closed","template":"elementor_header_footer","meta":{"_crdt_document":"","footnotes":""},"class_list":["post-2049","page","type-page","status-publish","hentry"],"yoast_head":"<!-- This site is optimized with the Yoast SEO plugin v27.3 - https:\/\/yoast.com\/product\/yoast-seo-wordpress\/ -->\n<title>Musik - Curricula - Gymnasium Nordenham<\/title>\n<meta name=\"robots\" content=\"index, follow, max-snippet:-1, max-image-preview:large, max-video-preview:-1\" \/>\n<link rel=\"canonical\" href=\"https:\/\/gymnasium-nordenham.de\/en\/musik-curricula\/\" \/>\n<meta property=\"og:locale\" content=\"en_GB\" \/>\n<meta property=\"og:type\" content=\"article\" \/>\n<meta property=\"og:title\" content=\"Musik - Curricula - Gymnasium Nordenham\" \/>\n<meta property=\"og:description\" content=\"Curricula Sekundarstufe I (Jahrg\u00e4nge 5-10) Kerncurriculum Schuljahrg\u00e4nge 5 \u2013 10 Sekundarstufe II (Einf\u00fchrungsphase Jg.11 und Qualifikationsphase Jg. 12-13) Kerncurriculum f\u00fcr die gymnasiale Oberstufe Schwerpunktthemen des Zentralabiturs 2021 Schwerpunktthemen des Zentralabiturs 2022 Erg\u00e4nzende Informationen und Regelungen Allgemeine Pr\u00fcfungsanforderungen EPA Musik Operatoren &hellip; Continue reading &rarr;\" \/>\n<meta property=\"og:url\" content=\"https:\/\/gymnasium-nordenham.de\/en\/musik-curricula\/\" \/>\n<meta property=\"og:site_name\" content=\"Gymnasium Nordenham\" \/>\n<meta property=\"article:modified_time\" content=\"2020-12-22T10:13:52+00:00\" \/>\n<meta name=\"twitter:card\" content=\"summary_large_image\" \/>\n<script type=\"application\/ld+json\" class=\"yoast-schema-graph\">{\"@context\":\"https:\\\/\\\/schema.org\",\"@graph\":[{\"@type\":\"WebPage\",\"@id\":\"https:\\\/\\\/gymnasium-nordenham.de\\\/musik-curricula\",\"url\":\"https:\\\/\\\/gymnasium-nordenham.de\\\/musik-curricula\",\"name\":\"Musik - Curricula - Gymnasium Nordenham\",\"isPartOf\":{\"@id\":\"https:\\\/\\\/gymnasium-nordenham.de\\\/#website\"},\"datePublished\":\"2020-05-21T14:17:04+00:00\",\"dateModified\":\"2020-12-22T10:13:52+00:00\",\"breadcrumb\":{\"@id\":\"https:\\\/\\\/gymnasium-nordenham.de\\\/musik-curricula#breadcrumb\"},\"inLanguage\":\"en-GB\",\"potentialAction\":[{\"@type\":\"ReadAction\",\"target\":[\"https:\\\/\\\/gymnasium-nordenham.de\\\/musik-curricula\"]}]},{\"@type\":\"BreadcrumbList\",\"@id\":\"https:\\\/\\\/gymnasium-nordenham.de\\\/musik-curricula#breadcrumb\",\"itemListElement\":[{\"@type\":\"ListItem\",\"position\":1,\"name\":\"Startseite\",\"item\":\"https:\\\/\\\/gymnasium-nordenham.de\\\/\"},{\"@type\":\"ListItem\",\"position\":2,\"name\":\"Musik &#8211; Curricula\"}]},{\"@type\":\"WebSite\",\"@id\":\"https:\\\/\\\/gymnasium-nordenham.de\\\/#website\",\"url\":\"https:\\\/\\\/gymnasium-nordenham.de\\\/\",\"name\":\"Gymnasium Nordenham\",\"description\":\"Miteinander, voneinander und f\u00fcreinander lernen\",\"potentialAction\":[{\"@type\":\"SearchAction\",\"target\":{\"@type\":\"EntryPoint\",\"urlTemplate\":\"https:\\\/\\\/gymnasium-nordenham.de\\\/?s={search_term_string}\"},\"query-input\":{\"@type\":\"PropertyValueSpecification\",\"valueRequired\":true,\"valueName\":\"search_term_string\"}}],\"inLanguage\":\"en-GB\"}]}<\/script>\n<!-- \/ Yoast SEO plugin. -->","yoast_head_json":{"title":"Musik - Curricula - Gymnasium Nordenham","robots":{"index":"index","follow":"follow","max-snippet":"max-snippet:-1","max-image-preview":"max-image-preview:large","max-video-preview":"max-video-preview:-1"},"canonical":"https:\/\/gymnasium-nordenham.de\/en\/musik-curricula\/","og_locale":"en_GB","og_type":"article","og_title":"Musik - Curricula - Gymnasium Nordenham","og_description":"Curricula Sekundarstufe I (Jahrg\u00e4nge 5-10) Kerncurriculum Schuljahrg\u00e4nge 5 \u2013 10 Sekundarstufe II (Einf\u00fchrungsphase Jg.11 und Qualifikationsphase Jg. 12-13) Kerncurriculum f\u00fcr die gymnasiale Oberstufe Schwerpunktthemen des Zentralabiturs 2021 Schwerpunktthemen des Zentralabiturs 2022 Erg\u00e4nzende Informationen und Regelungen Allgemeine Pr\u00fcfungsanforderungen EPA Musik Operatoren &hellip; Continue reading &rarr;","og_url":"https:\/\/gymnasium-nordenham.de\/en\/musik-curricula\/","og_site_name":"Gymnasium Nordenham","article_modified_time":"2020-12-22T10:13:52+00:00","twitter_card":"summary_large_image","schema":{"@context":"https:\/\/schema.org","@graph":[{"@type":"WebPage","@id":"https:\/\/gymnasium-nordenham.de\/musik-curricula","url":"https:\/\/gymnasium-nordenham.de\/musik-curricula","name":"Musik - Curricula - Gymnasium Nordenham","isPartOf":{"@id":"https:\/\/gymnasium-nordenham.de\/#website"},"datePublished":"2020-05-21T14:17:04+00:00","dateModified":"2020-12-22T10:13:52+00:00","breadcrumb":{"@id":"https:\/\/gymnasium-nordenham.de\/musik-curricula#breadcrumb"},"inLanguage":"en-GB","potentialAction":[{"@type":"ReadAction","target":["https:\/\/gymnasium-nordenham.de\/musik-curricula"]}]},{"@type":"BreadcrumbList","@id":"https:\/\/gymnasium-nordenham.de\/musik-curricula#breadcrumb","itemListElement":[{"@type":"ListItem","position":1,"name":"Startseite","item":"https:\/\/gymnasium-nordenham.de\/"},{"@type":"ListItem","position":2,"name":"Musik &#8211; Curricula"}]},{"@type":"WebSite","@id":"https:\/\/gymnasium-nordenham.de\/#website","url":"https:\/\/gymnasium-nordenham.de\/","name":"Gymnasium Nordenham","description":"Miteinander, voneinander und f\u00fcreinander lernen","potentialAction":[{"@type":"SearchAction","target":{"@type":"EntryPoint","urlTemplate":"https:\/\/gymnasium-nordenham.de\/?s={search_term_string}"},"query-input":{"@type":"PropertyValueSpecification","valueRequired":true,"valueName":"search_term_string"}}],"inLanguage":"en-GB"}]}},"_links":{"self":[{"href":"https:\/\/gymnasium-nordenham.de\/en\/wp-json\/wp\/v2\/pages\/2049","targetHints":{"allow":["GET"]}}],"collection":[{"href":"https:\/\/gymnasium-nordenham.de\/en\/wp-json\/wp\/v2\/pages"}],"about":[{"href":"https:\/\/gymnasium-nordenham.de\/en\/wp-json\/wp\/v2\/types\/page"}],"author":[{"embeddable":true,"href":"https:\/\/gymnasium-nordenham.de\/en\/wp-json\/wp\/v2\/users\/4"}],"replies":[{"embeddable":true,"href":"https:\/\/gymnasium-nordenham.de\/en\/wp-json\/wp\/v2\/comments?post=2049"}],"version-history":[{"count":0,"href":"https:\/\/gymnasium-nordenham.de\/en\/wp-json\/wp\/v2\/pages\/2049\/revisions"}],"wp:attachment":[{"href":"https:\/\/gymnasium-nordenham.de\/en\/wp-json\/wp\/v2\/media?parent=2049"}],"curies":[{"name":"wp","href":"https:\/\/api.w.org\/{rel}","templated":true}]}}