{"id":2043,"date":"2020-05-21T16:15:01","date_gmt":"2020-05-21T14:15:01","guid":{"rendered":"https:\/\/gymnasiumnordenhamtest.live-website.com\/?page_id=2043"},"modified":"2021-04-25T11:22:53","modified_gmt":"2021-04-25T09:22:53","slug":"musik-am-gn","status":"publish","type":"page","link":"https:\/\/gymnasium-nordenham.de\/en\/musik-am-gn","title":{"rendered":"Musik am GN"},"content":{"rendered":"<div data-elementor-type=\"wp-page\" data-elementor-id=\"2043\" class=\"elementor elementor-2043\" data-elementor-post-type=\"page\">\n\t\t\t\t\t\t<section class=\"elementor-section elementor-top-section elementor-element elementor-element-5257c4b elementor-section-full_width elementor-section-height-default elementor-section-height-default\" data-id=\"5257c4b\" data-element_type=\"section\" data-e-type=\"section\">\n\t\t\t\t\t\t<div class=\"elementor-container elementor-column-gap-default\">\n\t\t\t\t\t<div class=\"elementor-column elementor-col-100 elementor-top-column elementor-element elementor-element-929ce8f\" data-id=\"929ce8f\" data-element_type=\"column\" data-e-type=\"column\" data-settings=\"{&quot;background_background&quot;:&quot;classic&quot;}\">\n\t\t\t<div class=\"elementor-widget-wrap elementor-element-populated\">\n\t\t\t\t\t\t<div class=\"elementor-element elementor-element-de78d44 elementor-widget elementor-widget-heading\" data-id=\"de78d44\" data-element_type=\"widget\" data-e-type=\"widget\" data-widget_type=\"heading.default\">\n\t\t\t\t<div class=\"elementor-widget-container\">\n\t\t\t\t\t<h2 class=\"elementor-heading-title elementor-size-large\">Musik<\/h2>\t\t\t\t<\/div>\n\t\t\t\t<\/div>\n\t\t\t\t\t<\/div>\n\t\t<\/div>\n\t\t\t\t\t<\/div>\n\t\t<\/section>\n\t\t\t\t<section class=\"elementor-section elementor-top-section elementor-element elementor-element-9215942 elementor-section-full_width elementor-section-height-default elementor-section-height-default\" data-id=\"9215942\" data-element_type=\"section\" data-e-type=\"section\">\n\t\t\t\t\t\t<div class=\"elementor-container elementor-column-gap-default\">\n\t\t\t\t\t<div class=\"elementor-column elementor-col-66 elementor-top-column elementor-element elementor-element-bc4bb8e\" data-id=\"bc4bb8e\" data-element_type=\"column\" data-e-type=\"column\">\n\t\t\t<div class=\"elementor-widget-wrap elementor-element-populated\">\n\t\t\t\t\t\t<div class=\"elementor-element elementor-element-d725487 elementor-widget elementor-widget-image\" data-id=\"d725487\" data-element_type=\"widget\" data-e-type=\"widget\" data-widget_type=\"image.default\">\n\t\t\t\t<div class=\"elementor-widget-container\">\n\t\t\t\t\t\t\t\t\t\t\t\t\t\t\t<img fetchpriority=\"high\" decoding=\"async\" width=\"640\" height=\"476\" src=\"https:\/\/gymnasium-nordenham.de\/wp-content\/uploads\/2020\/12\/P1020654-scaled-e1608639934189-1024x762.jpeg\" class=\"attachment-large size-large wp-image-3456\" alt=\"\" srcset=\"https:\/\/gymnasium-nordenham.de\/wp-content\/uploads\/2020\/12\/P1020654-scaled-e1608639934189-1024x762.jpeg 1024w, https:\/\/gymnasium-nordenham.de\/wp-content\/uploads\/2020\/12\/P1020654-scaled-e1608639934189-300x223.jpeg 300w, https:\/\/gymnasium-nordenham.de\/wp-content\/uploads\/2020\/12\/P1020654-scaled-e1608639934189-768x571.jpeg 768w, https:\/\/gymnasium-nordenham.de\/wp-content\/uploads\/2020\/12\/P1020654-scaled-e1608639934189-1536x1142.jpeg 1536w, https:\/\/gymnasium-nordenham.de\/wp-content\/uploads\/2020\/12\/P1020654-scaled-e1608639934189.jpeg 2048w\" sizes=\"(max-width: 640px) 100vw, 640px\" \/>\t\t\t\t\t\t\t\t\t\t\t\t\t\t\t<\/div>\n\t\t\t\t<\/div>\n\t\t\t\t<div class=\"elementor-element elementor-element-809aad3 elementor-widget elementor-widget-text-editor\" data-id=\"809aad3\" data-element_type=\"widget\" data-e-type=\"widget\" data-widget_type=\"text-editor.default\">\n\t\t\t\t<div class=\"elementor-widget-container\">\n\t\t\t\t\t\t\t\t\t<p style=\"text-align: justify;\"><span style=\"font-size: 12pt; font-family: georgia, palatino, serif;\">Das Fach Musik wird am Gymnasium Nordenham in Anlehnung an die derzeit g\u00fcltigen Stundentafeln in den Klassen 5-11 durchgehend unterrichtet. Im 5. und 6. Jahrgang wird je eine Klasse als Bl\u00e4serklasse in Kooperation mit der <em>Musikschule Wesermarsch<\/em> gef\u00fchrt (<a href=\"https:\/\/gymnasium-nordenham.de\/wp-content\/uploads\/2020\/05\/MUS_Flyer.pdf\" target=\"_blank\" rel=\"noopener\">Flyer \u201eBl\u00e4serklasse\u201c<\/a>). Diese Bl\u00e4serensembles zeigen ihr musikalisches K\u00f6nnen auch der \u00d6ffentlichkeit, z.B. bei gemeinsamen Konzerten mit dem Turn- und Musikverein Rodenkirchen.<\/span><\/p><p style=\"text-align: justify;\"><span style=\"font-size: 12pt; font-family: georgia, palatino, serif;\">Die Grundlage des schulinternen Arbeitsplanes bildet die im aktuellen Kerncurriculum geforderte Kernkompetenz der \u201e<em>erfahrenden Erschlie\u00dfung von Musik<\/em>\u201c. Durch das Zusammenwirken von Unterricht und vielf\u00e4ltig angebotenen musikalischen Arbeitsgemeinschaften, mit Schwerpunkt im praktischen Musizieren, f\u00f6rdert dieses Konzept insbesondere die Vertiefung von Lerninhalten, aber auch soziale Kompetenzen und die St\u00e4rkung der Klassen- und Schulgemeinschaft. Die Ensembles werden sowohl von Lehrkr\u00e4ften des Gymnasiums, als auch von Kolleginnen und Kollegen der Musikschule Wesermarsch, mit der das Gymnasium eng kooperiert, geleitet. Eine weitere Kooperation besteht mit der Jahnhalle Nordenham als Veranstaltungs-und Kulturzentrum. Hier findet nicht nur die j\u00e4hrlich wiederkehrende Schulmusikveranstaltung \u201eGymnagroove\u201c statt, auch k\u00f6nnen tontechnik-begeisterte Sch\u00fclerinnen und Sch\u00fcler Grundlagen der Tontechnik erfahren.<\/span><\/p>\t\t\t\t\t\t\t\t<\/div>\n\t\t\t\t<\/div>\n\t\t\t\t<div class=\"elementor-element elementor-element-efbc28c elementor-widget elementor-widget-image\" data-id=\"efbc28c\" data-element_type=\"widget\" data-e-type=\"widget\" data-widget_type=\"image.default\">\n\t\t\t\t<div class=\"elementor-widget-container\">\n\t\t\t\t\t\t\t\t\t\t\t\t\t\t\t<img decoding=\"async\" width=\"640\" height=\"638\" src=\"https:\/\/gymnasium-nordenham.de\/wp-content\/uploads\/2020\/05\/Kompetenzen-im-Fach-Musik.jpg\" class=\"attachment-large size-large wp-image-2070\" alt=\"\" srcset=\"https:\/\/gymnasium-nordenham.de\/wp-content\/uploads\/2020\/05\/Kompetenzen-im-Fach-Musik.jpg 692w, https:\/\/gymnasium-nordenham.de\/wp-content\/uploads\/2020\/05\/Kompetenzen-im-Fach-Musik-300x300.jpg 300w, https:\/\/gymnasium-nordenham.de\/wp-content\/uploads\/2020\/05\/Kompetenzen-im-Fach-Musik-150x150.jpg 150w, https:\/\/gymnasium-nordenham.de\/wp-content\/uploads\/2020\/05\/Kompetenzen-im-Fach-Musik-144x144.jpg 144w\" sizes=\"(max-width: 640px) 100vw, 640px\" \/>\t\t\t\t\t\t\t\t\t\t\t\t\t\t\t<\/div>\n\t\t\t\t<\/div>\n\t\t\t\t<div class=\"elementor-element elementor-element-0651352 elementor-widget elementor-widget-text-editor\" data-id=\"0651352\" data-element_type=\"widget\" data-e-type=\"widget\" data-widget_type=\"text-editor.default\">\n\t\t\t\t<div class=\"elementor-widget-container\">\n\t\t\t\t\t\t\t\t\t<p style=\"text-align: justify;\"><span style=\"font-family: georgia, palatino, serif; font-size: 12pt;\">In der Oberstufe existiert z.Z. ein Pr\u00fcfungskurs auf grundlegendem Niveau. L\u00e4ngerfristig sind auch Kurse auf erh\u00f6htem Niveau geplant.<\/span><\/p><p style=\"text-align: justify;\"><span style=\"font-family: georgia, palatino, serif; font-size: 12pt;\">Der Musikbereich verf\u00fcgt \u00fcber zwei modern ausgestattete Musikfachr\u00e4ume, vier separate \u00dcbezellen mit je einem Klavier f\u00fcr Gruppenarbeiten oder praktische \u00dcbungsphasen sowie eine vielf\u00e4ltig ausgestattete Instrumentensammlung.<\/span><\/p>\t\t\t\t\t\t\t\t<\/div>\n\t\t\t\t<\/div>\n\t\t\t\t\t<\/div>\n\t\t<\/div>\n\t\t\t\t<div class=\"elementor-column elementor-col-33 elementor-top-column elementor-element elementor-element-c25fcbf\" data-id=\"c25fcbf\" data-element_type=\"column\" data-e-type=\"column\">\n\t\t\t<div class=\"elementor-widget-wrap elementor-element-populated\">\n\t\t\t\t\t\t<div class=\"elementor-element elementor-element-497df0a elementor-invisible elementor-widget elementor-widget-wp-widget-nav_menu\" data-id=\"497df0a\" data-element_type=\"widget\" data-e-type=\"widget\" data-settings=\"{&quot;_animation&quot;:&quot;fadeInUp&quot;}\" data-widget_type=\"wp-widget-nav_menu.default\">\n\t\t\t\t<div class=\"elementor-widget-container\">\n\t\t\t\t\t<div class=\"menu-fachmenue-musik-container\"><ul id=\"menu-fachmenue-musik\" class=\"menu\"><li id=\"menu-item-2060\" class=\"menu-item menu-item-type-post_type menu-item-object-page menu-item-2060\"><a href=\"https:\/\/gymnasium-nordenham.de\/en\/musik-am-gn\">Musik am GN<\/a><\/li>\n<li id=\"menu-item-2058\" class=\"menu-item menu-item-type-post_type menu-item-object-page menu-item-2058\"><a href=\"https:\/\/gymnasium-nordenham.de\/en\/musik-lehrwerke\">Lehrwerke<\/a><\/li>\n<li id=\"menu-item-2057\" class=\"menu-item menu-item-type-post_type menu-item-object-page menu-item-2057\"><a href=\"https:\/\/gymnasium-nordenham.de\/en\/musik-curricula\">Curricula<\/a><\/li>\n<li id=\"menu-item-2056\" class=\"menu-item menu-item-type-post_type menu-item-object-page menu-item-2056\"><a href=\"https:\/\/gymnasium-nordenham.de\/en\/musik-klassenarbeiten-und-klausuren\">Klassenarbeiten und Klausuren<\/a><\/li>\n<li id=\"menu-item-2055\" class=\"menu-item menu-item-type-post_type menu-item-object-page menu-item-2055\"><a href=\"https:\/\/gymnasium-nordenham.de\/en\/musik-weitere-angebote\">Weitere Angebote<\/a><\/li>\n<\/ul><\/div>\t\t\t\t<\/div>\n\t\t\t\t<\/div>\n\t\t\t\t\t<\/div>\n\t\t<\/div>\n\t\t\t\t\t<\/div>\n\t\t<\/section>\n\t\t\t\t<\/div>","protected":false},"excerpt":{"rendered":"<p>Musik Das Fach Musik wird am Gymnasium Nordenham in Anlehnung an die derzeit g\u00fcltigen Stundentafeln in den Klassen 5-11 durchgehend unterrichtet. Im 5. und 6. Jahrgang wird je eine Klasse als Bl\u00e4serklasse in Kooperation mit der Musikschule Wesermarsch gef\u00fchrt (Flyer &hellip; <a href=\"https:\/\/gymnasium-nordenham.de\/en\/musik-am-gn\">Continue reading <span class=\"meta-nav\">&rarr;<\/span><\/a><\/p>","protected":false},"author":4,"featured_media":0,"parent":0,"menu_order":0,"comment_status":"closed","ping_status":"closed","template":"elementor_header_footer","meta":{"_crdt_document":"","footnotes":""},"class_list":["post-2043","page","type-page","status-publish","hentry"],"yoast_head":"<!-- This site is optimized with the Yoast SEO plugin v27.5 - https:\/\/yoast.com\/product\/yoast-seo-wordpress\/ -->\n<title>Musik am GN - Gymnasium Nordenham<\/title>\n<meta name=\"robots\" content=\"index, follow, max-snippet:-1, max-image-preview:large, max-video-preview:-1\" \/>\n<link rel=\"canonical\" href=\"https:\/\/gymnasium-nordenham.de\/en\/musik-am-gn\/\" \/>\n<meta property=\"og:locale\" content=\"en_GB\" \/>\n<meta property=\"og:type\" content=\"article\" \/>\n<meta property=\"og:title\" content=\"Musik am GN - Gymnasium Nordenham\" \/>\n<meta property=\"og:description\" content=\"Musik Das Fach Musik wird am Gymnasium Nordenham in Anlehnung an die derzeit g\u00fcltigen Stundentafeln in den Klassen 5-11 durchgehend unterrichtet. Im 5. und 6. Jahrgang wird je eine Klasse als Bl\u00e4serklasse in Kooperation mit der Musikschule Wesermarsch gef\u00fchrt (Flyer &hellip; Continue reading &rarr;\" \/>\n<meta property=\"og:url\" content=\"https:\/\/gymnasium-nordenham.de\/en\/musik-am-gn\/\" \/>\n<meta property=\"og:site_name\" content=\"Gymnasium Nordenham\" \/>\n<meta property=\"article:modified_time\" content=\"2021-04-25T09:22:53+00:00\" \/>\n<meta property=\"og:image\" content=\"https:\/\/gymnasium-nordenham.de\/wp-content\/uploads\/2020\/12\/P1020654-scaled-e1608639934189-1024x762.jpeg\" \/>\n<meta name=\"twitter:card\" content=\"summary_large_image\" \/>\n<meta name=\"twitter:label1\" content=\"Estimated reading time\" \/>\n\t<meta name=\"twitter:data1\" content=\"2 minutes\" \/>\n<script type=\"application\/ld+json\" class=\"yoast-schema-graph\">{\"@context\":\"https:\\\/\\\/schema.org\",\"@graph\":[{\"@type\":\"WebPage\",\"@id\":\"https:\\\/\\\/gymnasium-nordenham.de\\\/musik-am-gn\",\"url\":\"https:\\\/\\\/gymnasium-nordenham.de\\\/musik-am-gn\",\"name\":\"Musik am GN - Gymnasium Nordenham\",\"isPartOf\":{\"@id\":\"https:\\\/\\\/gymnasium-nordenham.de\\\/#website\"},\"primaryImageOfPage\":{\"@id\":\"https:\\\/\\\/gymnasium-nordenham.de\\\/musik-am-gn#primaryimage\"},\"image\":{\"@id\":\"https:\\\/\\\/gymnasium-nordenham.de\\\/musik-am-gn#primaryimage\"},\"thumbnailUrl\":\"https:\\\/\\\/gymnasium-nordenham.de\\\/wp-content\\\/uploads\\\/2020\\\/12\\\/P1020654-scaled-e1608639934189-1024x762.jpeg\",\"datePublished\":\"2020-05-21T14:15:01+00:00\",\"dateModified\":\"2021-04-25T09:22:53+00:00\",\"breadcrumb\":{\"@id\":\"https:\\\/\\\/gymnasium-nordenham.de\\\/musik-am-gn#breadcrumb\"},\"inLanguage\":\"en-GB\",\"potentialAction\":[{\"@type\":\"ReadAction\",\"target\":[\"https:\\\/\\\/gymnasium-nordenham.de\\\/musik-am-gn\"]}]},{\"@type\":\"ImageObject\",\"inLanguage\":\"en-GB\",\"@id\":\"https:\\\/\\\/gymnasium-nordenham.de\\\/musik-am-gn#primaryimage\",\"url\":\"https:\\\/\\\/gymnasium-nordenham.de\\\/wp-content\\\/uploads\\\/2020\\\/12\\\/P1020654-scaled-e1608639934189-1024x762.jpeg\",\"contentUrl\":\"https:\\\/\\\/gymnasium-nordenham.de\\\/wp-content\\\/uploads\\\/2020\\\/12\\\/P1020654-scaled-e1608639934189-1024x762.jpeg\"},{\"@type\":\"BreadcrumbList\",\"@id\":\"https:\\\/\\\/gymnasium-nordenham.de\\\/musik-am-gn#breadcrumb\",\"itemListElement\":[{\"@type\":\"ListItem\",\"position\":1,\"name\":\"Startseite\",\"item\":\"https:\\\/\\\/gymnasium-nordenham.de\\\/\"},{\"@type\":\"ListItem\",\"position\":2,\"name\":\"Musik am GN\"}]},{\"@type\":\"WebSite\",\"@id\":\"https:\\\/\\\/gymnasium-nordenham.de\\\/#website\",\"url\":\"https:\\\/\\\/gymnasium-nordenham.de\\\/\",\"name\":\"Gymnasium Nordenham\",\"description\":\"Miteinander, voneinander und f\u00fcreinander lernen\",\"potentialAction\":[{\"@type\":\"SearchAction\",\"target\":{\"@type\":\"EntryPoint\",\"urlTemplate\":\"https:\\\/\\\/gymnasium-nordenham.de\\\/?s={search_term_string}\"},\"query-input\":{\"@type\":\"PropertyValueSpecification\",\"valueRequired\":true,\"valueName\":\"search_term_string\"}}],\"inLanguage\":\"en-GB\"}]}<\/script>\n<!-- \/ Yoast SEO plugin. -->","yoast_head_json":{"title":"Musik am GN - Gymnasium Nordenham","robots":{"index":"index","follow":"follow","max-snippet":"max-snippet:-1","max-image-preview":"max-image-preview:large","max-video-preview":"max-video-preview:-1"},"canonical":"https:\/\/gymnasium-nordenham.de\/en\/musik-am-gn\/","og_locale":"en_GB","og_type":"article","og_title":"Musik am GN - Gymnasium Nordenham","og_description":"Musik Das Fach Musik wird am Gymnasium Nordenham in Anlehnung an die derzeit g\u00fcltigen Stundentafeln in den Klassen 5-11 durchgehend unterrichtet. Im 5. und 6. Jahrgang wird je eine Klasse als Bl\u00e4serklasse in Kooperation mit der Musikschule Wesermarsch gef\u00fchrt (Flyer &hellip; Continue reading &rarr;","og_url":"https:\/\/gymnasium-nordenham.de\/en\/musik-am-gn\/","og_site_name":"Gymnasium Nordenham","article_modified_time":"2021-04-25T09:22:53+00:00","og_image":[{"url":"https:\/\/gymnasium-nordenham.de\/wp-content\/uploads\/2020\/12\/P1020654-scaled-e1608639934189-1024x762.jpeg","type":"","width":"","height":""}],"twitter_card":"summary_large_image","twitter_misc":{"Estimated reading time":"2 minutes"},"schema":{"@context":"https:\/\/schema.org","@graph":[{"@type":"WebPage","@id":"https:\/\/gymnasium-nordenham.de\/musik-am-gn","url":"https:\/\/gymnasium-nordenham.de\/musik-am-gn","name":"Musik am GN - Gymnasium Nordenham","isPartOf":{"@id":"https:\/\/gymnasium-nordenham.de\/#website"},"primaryImageOfPage":{"@id":"https:\/\/gymnasium-nordenham.de\/musik-am-gn#primaryimage"},"image":{"@id":"https:\/\/gymnasium-nordenham.de\/musik-am-gn#primaryimage"},"thumbnailUrl":"https:\/\/gymnasium-nordenham.de\/wp-content\/uploads\/2020\/12\/P1020654-scaled-e1608639934189-1024x762.jpeg","datePublished":"2020-05-21T14:15:01+00:00","dateModified":"2021-04-25T09:22:53+00:00","breadcrumb":{"@id":"https:\/\/gymnasium-nordenham.de\/musik-am-gn#breadcrumb"},"inLanguage":"en-GB","potentialAction":[{"@type":"ReadAction","target":["https:\/\/gymnasium-nordenham.de\/musik-am-gn"]}]},{"@type":"ImageObject","inLanguage":"en-GB","@id":"https:\/\/gymnasium-nordenham.de\/musik-am-gn#primaryimage","url":"https:\/\/gymnasium-nordenham.de\/wp-content\/uploads\/2020\/12\/P1020654-scaled-e1608639934189-1024x762.jpeg","contentUrl":"https:\/\/gymnasium-nordenham.de\/wp-content\/uploads\/2020\/12\/P1020654-scaled-e1608639934189-1024x762.jpeg"},{"@type":"BreadcrumbList","@id":"https:\/\/gymnasium-nordenham.de\/musik-am-gn#breadcrumb","itemListElement":[{"@type":"ListItem","position":1,"name":"Startseite","item":"https:\/\/gymnasium-nordenham.de\/"},{"@type":"ListItem","position":2,"name":"Musik am GN"}]},{"@type":"WebSite","@id":"https:\/\/gymnasium-nordenham.de\/#website","url":"https:\/\/gymnasium-nordenham.de\/","name":"Gymnasium Nordenham","description":"Miteinander, voneinander und f\u00fcreinander lernen","potentialAction":[{"@type":"SearchAction","target":{"@type":"EntryPoint","urlTemplate":"https:\/\/gymnasium-nordenham.de\/?s={search_term_string}"},"query-input":{"@type":"PropertyValueSpecification","valueRequired":true,"valueName":"search_term_string"}}],"inLanguage":"en-GB"}]}},"_links":{"self":[{"href":"https:\/\/gymnasium-nordenham.de\/en\/wp-json\/wp\/v2\/pages\/2043","targetHints":{"allow":["GET"]}}],"collection":[{"href":"https:\/\/gymnasium-nordenham.de\/en\/wp-json\/wp\/v2\/pages"}],"about":[{"href":"https:\/\/gymnasium-nordenham.de\/en\/wp-json\/wp\/v2\/types\/page"}],"author":[{"embeddable":true,"href":"https:\/\/gymnasium-nordenham.de\/en\/wp-json\/wp\/v2\/users\/4"}],"replies":[{"embeddable":true,"href":"https:\/\/gymnasium-nordenham.de\/en\/wp-json\/wp\/v2\/comments?post=2043"}],"version-history":[{"count":0,"href":"https:\/\/gymnasium-nordenham.de\/en\/wp-json\/wp\/v2\/pages\/2043\/revisions"}],"wp:attachment":[{"href":"https:\/\/gymnasium-nordenham.de\/en\/wp-json\/wp\/v2\/media?parent=2043"}],"curies":[{"name":"wp","href":"https:\/\/api.w.org\/{rel}","templated":true}]}}