{"id":2014,"date":"2020-05-21T15:26:02","date_gmt":"2020-05-21T13:26:02","guid":{"rendered":"https:\/\/gymnasiumnordenhamtest.live-website.com\/?page_id=2014"},"modified":"2020-12-23T16:36:47","modified_gmt":"2020-12-23T15:36:47","slug":"latein-curricula","status":"publish","type":"page","link":"https:\/\/gymnasium-nordenham.de\/en\/latein-curricula","title":{"rendered":"Latein &#8211; Curricula"},"content":{"rendered":"<div data-elementor-type=\"wp-page\" data-elementor-id=\"2014\" class=\"elementor elementor-2014\" data-elementor-post-type=\"page\">\n\t\t\t\t\t\t<section class=\"elementor-section elementor-top-section elementor-element elementor-element-5257c4b elementor-section-full_width elementor-section-height-default elementor-section-height-default\" data-id=\"5257c4b\" data-element_type=\"section\" data-e-type=\"section\">\n\t\t\t\t\t\t<div class=\"elementor-container elementor-column-gap-default\">\n\t\t\t\t\t<div class=\"elementor-column elementor-col-100 elementor-top-column elementor-element elementor-element-929ce8f\" data-id=\"929ce8f\" data-element_type=\"column\" data-e-type=\"column\" data-settings=\"{&quot;background_background&quot;:&quot;classic&quot;}\">\n\t\t\t<div class=\"elementor-widget-wrap elementor-element-populated\">\n\t\t\t\t\t\t<div class=\"elementor-element elementor-element-de78d44 elementor-widget elementor-widget-heading\" data-id=\"de78d44\" data-element_type=\"widget\" data-e-type=\"widget\" data-widget_type=\"heading.default\">\n\t\t\t\t<div class=\"elementor-widget-container\">\n\t\t\t\t\t<h2 class=\"elementor-heading-title elementor-size-large\">Curricula<\/h2>\t\t\t\t<\/div>\n\t\t\t\t<\/div>\n\t\t\t\t\t<\/div>\n\t\t<\/div>\n\t\t\t\t\t<\/div>\n\t\t<\/section>\n\t\t\t\t<section class=\"elementor-section elementor-top-section elementor-element elementor-element-9215942 elementor-section-full_width elementor-section-height-default elementor-section-height-default\" data-id=\"9215942\" data-element_type=\"section\" data-e-type=\"section\">\n\t\t\t\t\t\t<div class=\"elementor-container elementor-column-gap-default\">\n\t\t\t\t\t<div class=\"elementor-column elementor-col-66 elementor-top-column elementor-element elementor-element-bc4bb8e\" data-id=\"bc4bb8e\" data-element_type=\"column\" data-e-type=\"column\">\n\t\t\t<div class=\"elementor-widget-wrap elementor-element-populated\">\n\t\t\t\t\t\t<div class=\"elementor-element elementor-element-809aad3 elementor-widget elementor-widget-text-editor\" data-id=\"809aad3\" data-element_type=\"widget\" data-e-type=\"widget\" data-widget_type=\"text-editor.default\">\n\t\t\t\t<div class=\"elementor-widget-container\">\n\t\t\t\t\t\t\t\t\t<p style=\"text-align: justify;\"><span style=\"font-size: 12pt; font-family: georgia, palatino, serif;\"><strong>Sek. I:<\/strong> <\/span><\/p><p style=\"text-align: justify;\"><span style=\"font-size: 12pt; font-family: georgia, palatino, serif;\">Gliederung in Lehrbuchphase (Klasse 6 bis 9.1), \u00dcbergangslekt\u00fcre (9.2)und Originallekt\u00fcre (10 und 11) mit Aufbau der Basiskompetenzen f\u00fcr die Sek. II in den Bereichen Sprache, Text und Kultur. In den Klassen 10 und 11 werden a) unter anderem und b) unter Ber\u00fccksichtigung der f\u00fcr den jeweiligen Jahrgang vorgegebenen Themen des Zentralabiturs sicher Caesar und Cicero sowie ein Dichter (Ovid, Vergil, Martial, Catull) Unterrichtsgrundlage sein. Jeder Autor wird ein oder zwei Quartale unterrichtet.<\/span><\/p><p style=\"text-align: justify;\"><span style=\"font-size: 12pt; font-family: georgia, palatino, serif;\">Es gilt das aktuelle Kerncurriculum f\u00fcr das Gymnasium f\u00fcr die Schuljahrg\u00e4nge 5-10 Latein, Hannover 2017<\/span><\/p><p style=\"text-align: justify;\"><span style=\"font-size: 12pt; font-family: georgia, palatino, serif;\"><strong>Sek. II:<\/strong> <\/span><\/p><p style=\"text-align: justify;\"><span style=\"font-size: 12pt; font-family: georgia, palatino, serif;\">Nach der Einf\u00fchrungsphase (Klasse 11, siehe auch in Sek I)) ist in der Qualifizierungsphase (12 und 13) jeweils pro Halbjahr ein (jahrgangsweise wechselndes) Leitthema vom Kultusministerium vorgegeben.<\/span><\/p><p style=\"text-align: justify;\"><span style=\"font-size: 12pt; font-family: georgia, palatino, serif;\">Dabei werden jahrgangsweise wechselnd aus 13 m\u00f6glichen Leitthemen mit den Autoren Cicero, Ovid, Seneca, Vergil, Plinius, Sallust, Livius, Tacitus aus den Gegenstandsbereichen Sprache \u2013 Literatur, Gesellschaft \u2013 Kultur, Politik \u2013 Geschichte, Philosophie \u2013 Religion jeweils vier Themen ausgew\u00e4hlt. Siehe dazu (<a href=\"https:\/\/www.nibis.de\/nli1\/allgemein\/gosin\/zentralabitur\/za_2021.html\" target=\"_blank\" rel=\"noopener\">hier<\/a>) beziehungsweise das jeweils aktuelle Jahr!<\/span><\/p><p style=\"text-align: justify;\"><span style=\"font-size: 12pt; font-family: georgia, palatino, serif;\">Es gilt das aktuelle Kerncurriculum f\u00fcr das Gymnasium \u2013 gymnasiale Oberstufe, die Gesamtschule \u2013 gymnasiale Oberstufe, das Abendgymnasium, das Kolleg, Hannover 2018<\/span><\/p><p style=\"text-align: justify;\"><span style=\"font-size: 12pt; font-family: georgia, palatino, serif;\">Es gelten ferner: Einheitliche Pr\u00fcfungsanforderungenin der Abiturpr\u00fcfung Latein, Beschluss der Kultusministerkonferenz vom 01.02.1980 i. d. F.vom 10.02.2005<\/span><\/p>\t\t\t\t\t\t\t\t<\/div>\n\t\t\t\t<\/div>\n\t\t\t\t\t<\/div>\n\t\t<\/div>\n\t\t\t\t<div class=\"elementor-column elementor-col-33 elementor-top-column elementor-element elementor-element-c25fcbf\" data-id=\"c25fcbf\" data-element_type=\"column\" data-e-type=\"column\">\n\t\t\t<div class=\"elementor-widget-wrap elementor-element-populated\">\n\t\t\t\t\t\t<div class=\"elementor-element elementor-element-497df0a elementor-invisible elementor-widget elementor-widget-wp-widget-nav_menu\" data-id=\"497df0a\" data-element_type=\"widget\" data-e-type=\"widget\" data-settings=\"{&quot;_animation&quot;:&quot;fadeInUp&quot;}\" data-widget_type=\"wp-widget-nav_menu.default\">\n\t\t\t\t<div class=\"elementor-widget-container\">\n\t\t\t\t\t<div class=\"menu-fachmenue-latein-container\"><ul id=\"menu-fachmenue-latein\" class=\"menu\"><li id=\"menu-item-2025\" class=\"menu-item menu-item-type-post_type menu-item-object-page menu-item-2025\"><a href=\"https:\/\/gymnasium-nordenham.de\/en\/latein-am-gn\">Latein am GN<\/a><\/li>\n<li id=\"menu-item-2023\" class=\"menu-item menu-item-type-post_type menu-item-object-page menu-item-2023\"><a href=\"https:\/\/gymnasium-nordenham.de\/en\/latein-lehrwerke\">Lehrwerke<\/a><\/li>\n<li id=\"menu-item-2022\" class=\"menu-item menu-item-type-post_type menu-item-object-page menu-item-2022\"><a href=\"https:\/\/gymnasium-nordenham.de\/en\/latein-curricula\">Curricula<\/a><\/li>\n<li id=\"menu-item-2021\" class=\"menu-item menu-item-type-post_type menu-item-object-page menu-item-2021\"><a href=\"https:\/\/gymnasium-nordenham.de\/en\/latein-klassenarbeiten-und-klausuren\">Klassenarbeiten und Klausuren<\/a><\/li>\n<li id=\"menu-item-2020\" class=\"menu-item menu-item-type-post_type menu-item-object-page menu-item-2020\"><a href=\"https:\/\/gymnasium-nordenham.de\/en\/latein-weitere-angebote\">Weitere Angebote<\/a><\/li>\n<\/ul><\/div>\t\t\t\t<\/div>\n\t\t\t\t<\/div>\n\t\t\t\t\t<\/div>\n\t\t<\/div>\n\t\t\t\t\t<\/div>\n\t\t<\/section>\n\t\t\t\t<\/div>","protected":false},"excerpt":{"rendered":"<p>Curricula Sek. I: Gliederung in Lehrbuchphase (Klasse 6 bis 9.1), \u00dcbergangslekt\u00fcre (9.2)und Originallekt\u00fcre (10 und 11) mit Aufbau der Basiskompetenzen f\u00fcr die Sek. II in den Bereichen Sprache, Text und Kultur. In den Klassen 10 und 11 werden a) unter &hellip; <a href=\"https:\/\/gymnasium-nordenham.de\/en\/latein-curricula\">Continue reading <span class=\"meta-nav\">&rarr;<\/span><\/a><\/p>","protected":false},"author":4,"featured_media":0,"parent":0,"menu_order":0,"comment_status":"closed","ping_status":"closed","template":"elementor_header_footer","meta":{"_crdt_document":"","footnotes":""},"class_list":["post-2014","page","type-page","status-publish","hentry"],"yoast_head":"<!-- This site is optimized with the Yoast SEO plugin v27.3 - https:\/\/yoast.com\/product\/yoast-seo-wordpress\/ -->\n<title>Latein - Curricula - Gymnasium Nordenham<\/title>\n<meta name=\"robots\" content=\"index, follow, max-snippet:-1, max-image-preview:large, max-video-preview:-1\" \/>\n<link rel=\"canonical\" href=\"https:\/\/gymnasium-nordenham.de\/en\/latein-curricula\/\" \/>\n<meta property=\"og:locale\" content=\"en_GB\" \/>\n<meta property=\"og:type\" content=\"article\" \/>\n<meta property=\"og:title\" content=\"Latein - Curricula - Gymnasium Nordenham\" \/>\n<meta property=\"og:description\" content=\"Curricula Sek. I: Gliederung in Lehrbuchphase (Klasse 6 bis 9.1), \u00dcbergangslekt\u00fcre (9.2)und Originallekt\u00fcre (10 und 11) mit Aufbau der Basiskompetenzen f\u00fcr die Sek. II in den Bereichen Sprache, Text und Kultur. In den Klassen 10 und 11 werden a) unter &hellip; Continue reading &rarr;\" \/>\n<meta property=\"og:url\" content=\"https:\/\/gymnasium-nordenham.de\/en\/latein-curricula\/\" \/>\n<meta property=\"og:site_name\" content=\"Gymnasium Nordenham\" \/>\n<meta property=\"article:modified_time\" content=\"2020-12-23T15:36:47+00:00\" \/>\n<meta name=\"twitter:card\" content=\"summary_large_image\" \/>\n<meta name=\"twitter:label1\" content=\"Estimated reading time\" \/>\n\t<meta name=\"twitter:data1\" content=\"1 minute\" \/>\n<script type=\"application\/ld+json\" class=\"yoast-schema-graph\">{\"@context\":\"https:\\\/\\\/schema.org\",\"@graph\":[{\"@type\":\"WebPage\",\"@id\":\"https:\\\/\\\/gymnasium-nordenham.de\\\/latein-curricula\",\"url\":\"https:\\\/\\\/gymnasium-nordenham.de\\\/latein-curricula\",\"name\":\"Latein - Curricula - Gymnasium Nordenham\",\"isPartOf\":{\"@id\":\"https:\\\/\\\/gymnasium-nordenham.de\\\/#website\"},\"datePublished\":\"2020-05-21T13:26:02+00:00\",\"dateModified\":\"2020-12-23T15:36:47+00:00\",\"breadcrumb\":{\"@id\":\"https:\\\/\\\/gymnasium-nordenham.de\\\/latein-curricula#breadcrumb\"},\"inLanguage\":\"en-GB\",\"potentialAction\":[{\"@type\":\"ReadAction\",\"target\":[\"https:\\\/\\\/gymnasium-nordenham.de\\\/latein-curricula\"]}]},{\"@type\":\"BreadcrumbList\",\"@id\":\"https:\\\/\\\/gymnasium-nordenham.de\\\/latein-curricula#breadcrumb\",\"itemListElement\":[{\"@type\":\"ListItem\",\"position\":1,\"name\":\"Startseite\",\"item\":\"https:\\\/\\\/gymnasium-nordenham.de\\\/\"},{\"@type\":\"ListItem\",\"position\":2,\"name\":\"Latein &#8211; Curricula\"}]},{\"@type\":\"WebSite\",\"@id\":\"https:\\\/\\\/gymnasium-nordenham.de\\\/#website\",\"url\":\"https:\\\/\\\/gymnasium-nordenham.de\\\/\",\"name\":\"Gymnasium Nordenham\",\"description\":\"Miteinander, voneinander und f\u00fcreinander lernen\",\"potentialAction\":[{\"@type\":\"SearchAction\",\"target\":{\"@type\":\"EntryPoint\",\"urlTemplate\":\"https:\\\/\\\/gymnasium-nordenham.de\\\/?s={search_term_string}\"},\"query-input\":{\"@type\":\"PropertyValueSpecification\",\"valueRequired\":true,\"valueName\":\"search_term_string\"}}],\"inLanguage\":\"en-GB\"}]}<\/script>\n<!-- \/ Yoast SEO plugin. -->","yoast_head_json":{"title":"Latein - Curricula - Gymnasium Nordenham","robots":{"index":"index","follow":"follow","max-snippet":"max-snippet:-1","max-image-preview":"max-image-preview:large","max-video-preview":"max-video-preview:-1"},"canonical":"https:\/\/gymnasium-nordenham.de\/en\/latein-curricula\/","og_locale":"en_GB","og_type":"article","og_title":"Latein - Curricula - Gymnasium Nordenham","og_description":"Curricula Sek. I: Gliederung in Lehrbuchphase (Klasse 6 bis 9.1), \u00dcbergangslekt\u00fcre (9.2)und Originallekt\u00fcre (10 und 11) mit Aufbau der Basiskompetenzen f\u00fcr die Sek. II in den Bereichen Sprache, Text und Kultur. In den Klassen 10 und 11 werden a) unter &hellip; Continue reading &rarr;","og_url":"https:\/\/gymnasium-nordenham.de\/en\/latein-curricula\/","og_site_name":"Gymnasium Nordenham","article_modified_time":"2020-12-23T15:36:47+00:00","twitter_card":"summary_large_image","twitter_misc":{"Estimated reading time":"1 minute"},"schema":{"@context":"https:\/\/schema.org","@graph":[{"@type":"WebPage","@id":"https:\/\/gymnasium-nordenham.de\/latein-curricula","url":"https:\/\/gymnasium-nordenham.de\/latein-curricula","name":"Latein - Curricula - Gymnasium Nordenham","isPartOf":{"@id":"https:\/\/gymnasium-nordenham.de\/#website"},"datePublished":"2020-05-21T13:26:02+00:00","dateModified":"2020-12-23T15:36:47+00:00","breadcrumb":{"@id":"https:\/\/gymnasium-nordenham.de\/latein-curricula#breadcrumb"},"inLanguage":"en-GB","potentialAction":[{"@type":"ReadAction","target":["https:\/\/gymnasium-nordenham.de\/latein-curricula"]}]},{"@type":"BreadcrumbList","@id":"https:\/\/gymnasium-nordenham.de\/latein-curricula#breadcrumb","itemListElement":[{"@type":"ListItem","position":1,"name":"Startseite","item":"https:\/\/gymnasium-nordenham.de\/"},{"@type":"ListItem","position":2,"name":"Latein &#8211; Curricula"}]},{"@type":"WebSite","@id":"https:\/\/gymnasium-nordenham.de\/#website","url":"https:\/\/gymnasium-nordenham.de\/","name":"Gymnasium Nordenham","description":"Miteinander, voneinander und f\u00fcreinander lernen","potentialAction":[{"@type":"SearchAction","target":{"@type":"EntryPoint","urlTemplate":"https:\/\/gymnasium-nordenham.de\/?s={search_term_string}"},"query-input":{"@type":"PropertyValueSpecification","valueRequired":true,"valueName":"search_term_string"}}],"inLanguage":"en-GB"}]}},"_links":{"self":[{"href":"https:\/\/gymnasium-nordenham.de\/en\/wp-json\/wp\/v2\/pages\/2014","targetHints":{"allow":["GET"]}}],"collection":[{"href":"https:\/\/gymnasium-nordenham.de\/en\/wp-json\/wp\/v2\/pages"}],"about":[{"href":"https:\/\/gymnasium-nordenham.de\/en\/wp-json\/wp\/v2\/types\/page"}],"author":[{"embeddable":true,"href":"https:\/\/gymnasium-nordenham.de\/en\/wp-json\/wp\/v2\/users\/4"}],"replies":[{"embeddable":true,"href":"https:\/\/gymnasium-nordenham.de\/en\/wp-json\/wp\/v2\/comments?post=2014"}],"version-history":[{"count":0,"href":"https:\/\/gymnasium-nordenham.de\/en\/wp-json\/wp\/v2\/pages\/2014\/revisions"}],"wp:attachment":[{"href":"https:\/\/gymnasium-nordenham.de\/en\/wp-json\/wp\/v2\/media?parent=2014"}],"curies":[{"name":"wp","href":"https:\/\/api.w.org\/{rel}","templated":true}]}}