{"id":2008,"date":"2020-05-21T15:23:57","date_gmt":"2020-05-21T13:23:57","guid":{"rendered":"https:\/\/gymnasiumnordenhamtest.live-website.com\/?page_id=2008"},"modified":"2021-01-11T15:50:35","modified_gmt":"2021-01-11T14:50:35","slug":"latein-am-gn","status":"publish","type":"page","link":"https:\/\/gymnasium-nordenham.de\/en\/latein-am-gn","title":{"rendered":"Latein am GN"},"content":{"rendered":"<div data-elementor-type=\"wp-page\" data-elementor-id=\"2008\" class=\"elementor elementor-2008\" data-elementor-post-type=\"page\">\n\t\t\t\t\t\t<section class=\"elementor-section elementor-top-section elementor-element elementor-element-5257c4b elementor-section-full_width elementor-section-height-default elementor-section-height-default\" data-id=\"5257c4b\" data-element_type=\"section\" data-e-type=\"section\">\n\t\t\t\t\t\t<div class=\"elementor-container elementor-column-gap-default\">\n\t\t\t\t\t<div class=\"elementor-column elementor-col-100 elementor-top-column elementor-element elementor-element-929ce8f\" data-id=\"929ce8f\" data-element_type=\"column\" data-e-type=\"column\" data-settings=\"{&quot;background_background&quot;:&quot;classic&quot;}\">\n\t\t\t<div class=\"elementor-widget-wrap elementor-element-populated\">\n\t\t\t\t\t\t<div class=\"elementor-element elementor-element-de78d44 elementor-widget elementor-widget-heading\" data-id=\"de78d44\" data-element_type=\"widget\" data-e-type=\"widget\" data-widget_type=\"heading.default\">\n\t\t\t\t<div class=\"elementor-widget-container\">\n\t\t\t\t\t<h2 class=\"elementor-heading-title elementor-size-large\">Latein<\/h2>\t\t\t\t<\/div>\n\t\t\t\t<\/div>\n\t\t\t\t\t<\/div>\n\t\t<\/div>\n\t\t\t\t\t<\/div>\n\t\t<\/section>\n\t\t\t\t<section class=\"elementor-section elementor-top-section elementor-element elementor-element-9215942 elementor-section-full_width elementor-section-height-default elementor-section-height-default\" data-id=\"9215942\" data-element_type=\"section\" data-e-type=\"section\">\n\t\t\t\t\t\t<div class=\"elementor-container elementor-column-gap-default\">\n\t\t\t\t\t<div class=\"elementor-column elementor-col-66 elementor-top-column elementor-element elementor-element-bc4bb8e\" data-id=\"bc4bb8e\" data-element_type=\"column\" data-e-type=\"column\">\n\t\t\t<div class=\"elementor-widget-wrap elementor-element-populated\">\n\t\t\t\t\t\t<div class=\"elementor-element elementor-element-809aad3 elementor-widget elementor-widget-text-editor\" data-id=\"809aad3\" data-element_type=\"widget\" data-e-type=\"widget\" data-widget_type=\"text-editor.default\">\n\t\t\t\t<div class=\"elementor-widget-container\">\n\t\t\t\t\t\t\t\t\t<p style=\"text-align: justify;\"><span style=\"font-size: 12pt; font-family: georgia, palatino, serif;\">In vielen Sprachen Europas, besonders den romanischen Sprachen (Franz\u00f6sisch, Italienisch, Portugiesisch, Spanisch, Rum\u00e4nisch), lebt Latein weiter. Latein ist die Basissprache Europas. Das liegt daran, dass die R\u00f6mer vor etwa 2000 Jahren fast ganz Europa beherrscht haben. Jeder, der Asterix liest, wei\u00df das.<\/span><\/p><p style=\"text-align: justify;\"><span style=\"font-size: 12pt; font-family: georgia, palatino, serif;\">Lateinische Originaltexte sind die beste M\u00f6glichkeit, sich mit den Gedanken, Ideen und Problemen der R\u00f6mer auseinanderzusetzen. Antike Literatur, Geschichte, Mythologie, Philosophie und Rhetorik werden auch heute immer wieder aufgegriffen und weiterentwickelt. Wer sich mit lateinischer Sprache befasst, besch\u00e4ftigt sich mit dem kulturellen Erbe der Antike<strong>.<\/strong><\/span><\/p>\t\t\t\t\t\t\t\t<\/div>\n\t\t\t\t<\/div>\n\t\t\t\t<div class=\"elementor-element elementor-element-d03d40e elementor-widget elementor-widget-image\" data-id=\"d03d40e\" data-element_type=\"widget\" data-e-type=\"widget\" data-widget_type=\"image.default\">\n\t\t\t\t<div class=\"elementor-widget-container\">\n\t\t\t\t\t\t\t\t\t\t\t\t\t\t\t<img fetchpriority=\"high\" decoding=\"async\" width=\"640\" height=\"449\" src=\"https:\/\/gymnasium-nordenham.de\/wp-content\/uploads\/2020\/05\/LA_1.jpg\" class=\"attachment-large size-large wp-image-2028\" alt=\"\" srcset=\"https:\/\/gymnasium-nordenham.de\/wp-content\/uploads\/2020\/05\/LA_1.jpg 640w, https:\/\/gymnasium-nordenham.de\/wp-content\/uploads\/2020\/05\/LA_1-300x210.jpg 300w\" sizes=\"(max-width: 640px) 100vw, 640px\" \/>\t\t\t\t\t\t\t\t\t\t\t\t\t\t\t<\/div>\n\t\t\t\t<\/div>\n\t\t\t\t<div class=\"elementor-element elementor-element-d71cf35 elementor-widget elementor-widget-text-editor\" data-id=\"d71cf35\" data-element_type=\"widget\" data-e-type=\"widget\" data-widget_type=\"text-editor.default\">\n\t\t\t\t<div class=\"elementor-widget-container\">\n\t\t\t\t\t\t\t\t\t<p><span style=\"font-size: 12pt; font-family: georgia, palatino, serif;\">Latein lebt heute weiter\u2026<\/span><\/p><p style=\"text-align: center;\"><span style=\"font-family: georgia, palatino, serif; font-size: 12pt;\">\u00a0\u00a0\u00a0\u00a0\u00a0\u00a0\u00a0\u00a0\u00a0\u00a0\u00a0\u00a0\u00a0\u00a0\u00a0\u00a0\u00a0\u00a0\u00a0\u00a0\u00a0\u00a0\u00a0 \u2026in einem Fremdwort wie \u201eComputer\u201c (lateinisch <em>computare<\/em>: zusammenre<br \/>\u00a0\u00a0\u00a0\u00a0\u00a0\u00a0\u00a0\u00a0\u00a0\u00a0\u00a0\u00a0\u00a0\u00a0\u00a0\u00a0\u00a0\u00a0\u00a0\u00a0\u00a0\u00a0\u00a0\u00a0\u00a0\u00a0\u00a0\u00a0\u00a0\u00a0\u00a0\u00a0 \u2026in einem Lehnwort wie \u201eFenster\u201c (lateinisch <em>fenestra<\/em>). <strong><br \/><\/strong><\/span><\/p>\t\t\t\t\t\t\t\t<\/div>\n\t\t\t\t<\/div>\n\t\t\t\t<div class=\"elementor-element elementor-element-cb194dd elementor-widget elementor-widget-text-editor\" data-id=\"cb194dd\" data-element_type=\"widget\" data-e-type=\"widget\" data-widget_type=\"text-editor.default\">\n\t\t\t\t<div class=\"elementor-widget-container\">\n\t\t\t\t\t\t\t\t\t<p style=\"text-align: justify;\"><span style=\"font-size: 12pt; font-family: georgia, palatino, serif;\"><strong>Der Lateinunterricht ist durch seine vielf\u00e4ltigen Angebote an der Entwicklung der Pers\u00f6nlichkeit beteiligt, indem er z. B.<\/strong><\/span><\/p><ul><li style=\"text-align: justify;\"><span style=\"font-size: 12pt; font-family: georgia, palatino, serif;\">den Weg zu den Wurzeln unserer Lebensweise und Kultur in einem vereinten Europa zeigt.<\/span><\/li><li style=\"text-align: justify;\"><span style=\"font-size: 12pt; font-family: georgia, palatino, serif;\">zu einem eigenen Standpunkt herausfordert und einen bewussten Umgang mit den eigenen Gewohnheiten f\u00f6rdert. Der Lateinunterricht fordert zur Stellungnahme gegen\u00fcber einer als fremd empfundenen Kultur und Lebensweise auf und motiviert dazu, in kultureller Offenheit (fremde) Weltanschauungen kritisch zu \u00fcberpr\u00fcfen und sich in der Gegenwart zu orientieren.<\/span><\/li><li style=\"text-align: justify;\"><span style=\"font-size: 12pt; font-family: georgia, palatino, serif;\">das analytische Denken schult: Jede Lateinstunde gibt ein R\u00e4tsel auf, das man mit intelligentem Nachdenken l\u00f6sen muss. Das macht vielen Spa\u00df, besonders denen, die ihren Verstand m\u00f6gen. Wer Latein lernt, \u00fcbt genau hinzusehen, nach Regeln zu kombinieren, Zusammenh\u00e4nge zu \u00fcberblicken, mit Gr\u00fcndlichkeit, Pr\u00e4zision, Ausdauer und Flei\u00df zu arbeiten.<\/span><\/li><li style=\"text-align: justify;\"><span style=\"font-size: 12pt; font-family: georgia, palatino, serif;\">\u00b7das Verst\u00e4ndnis von Texten verbessert. Im Lateinunterricht steht das \u00dcbersetzen von Original\u00adtexten im Vordergrund. Dabei geht es darum, lateinische Texte zu erschlie\u00dfen und das Textver\u00adst\u00e4ndnis in einer sorgf\u00e4ltigen deutschen \u00dcbersetzung auszudr\u00fccken. Latein ist eine Reflexionssprache ist, also eine Sprache, bei der man viel nachdenkt (lateinisch <em>reflectere<\/em>, deutsch <em>reflektieren<\/em>).<\/span><\/li><li style=\"text-align: justify;\"><span style=\"font-size: 12pt; font-family: georgia, palatino, serif;\">die Sprachf\u00e4higkeit in der Muttersprache (muttersprachliche Kompetenz) deutlich erweitert. Das gemeinsame Feilen an einer guten \u00dcbersetzung kommt der Ausdrucksf\u00e4higkeit und sprachlichen Sicherheit im Deutschen zugute. Zudem hilft die systematische Auseinandersetzung mit der lateinischen Grammatik beim Erlernen weiterer Sprachen.<\/span><\/li><li style=\"text-align: justify;\"><span style=\"font-size: 12pt; font-family: georgia, palatino, serif;\">die Kreativit\u00e4t der Sch\u00fclerinnen und Sch\u00fcler f\u00f6rdert. Durch das Schreiben und Inszenieren von Dialogen, die Umgestaltung lateinischer Texte in andere Formen wie z. B. Comics oder das Vertonen lateinischer Verse stellen sie das Textverst\u00e4ndnis spielerisch-kreativ unter Beweis.<\/span><\/li><li style=\"text-align: justify;\"><span style=\"font-family: georgia, palatino, serif; font-size: 12pt;\">das Latinum als verbindlichen Abschluss nach sechs Jahren Latein, also nach der Klasse elf (bei ausreichenden Leistungen) erm\u00f6glicht. In vielen Studienf\u00e4chern gilt das Latinum als Zugangsvoraussetzung, f\u00fcr andere ist es zwar nicht zwingend vorgegeben, das Studium mit Latinum gestaltet sich aber h\u00e4ufig effizienter. Denn Textverst\u00e4ndnis als Basiskompetenz ist f\u00fcr jedes Studienfach unverzichtbar. H\u00e4ufig ist es \u00fcbrigens f\u00fcr Studenten zu Beginn des Studiums sehr m\u00fchsam, das Latinum in sogenannten \u201eCrash-Kursen\u201c an der Uni nachzuholen.<strong><br \/><\/strong><\/span><\/li><\/ul>\t\t\t\t\t\t\t\t<\/div>\n\t\t\t\t<\/div>\n\t\t\t\t<div class=\"elementor-element elementor-element-eb406b8 elementor-widget elementor-widget-image\" data-id=\"eb406b8\" data-element_type=\"widget\" data-e-type=\"widget\" data-widget_type=\"image.default\">\n\t\t\t\t<div class=\"elementor-widget-container\">\n\t\t\t\t\t\t\t\t\t\t\t\t\t\t\t<img decoding=\"async\" width=\"550\" height=\"389\" src=\"https:\/\/gymnasium-nordenham.de\/wp-content\/uploads\/2020\/05\/LA_2.jpg\" class=\"attachment-large size-large wp-image-2029\" alt=\"\" srcset=\"https:\/\/gymnasium-nordenham.de\/wp-content\/uploads\/2020\/05\/LA_2.jpg 550w, https:\/\/gymnasium-nordenham.de\/wp-content\/uploads\/2020\/05\/LA_2-300x212.jpg 300w\" sizes=\"(max-width: 550px) 100vw, 550px\" \/>\t\t\t\t\t\t\t\t\t\t\t\t\t\t\t<\/div>\n\t\t\t\t<\/div>\n\t\t\t\t<div class=\"elementor-element elementor-element-7c33f30 elementor-widget elementor-widget-text-editor\" data-id=\"7c33f30\" data-element_type=\"widget\" data-e-type=\"widget\" data-widget_type=\"text-editor.default\">\n\t\t\t\t<div class=\"elementor-widget-container\">\n\t\t\t\t\t\t\t\t\t<p style=\"text-align: justify;\"><span style=\"font-size: 12pt; font-family: georgia, palatino, serif;\">Im Fach Latein kann man eintauchen in eine fremde und faszinierende Welt mit ihren G\u00f6ttern (Jupiter, Mars, Neptun\u2026), mit ihren gro\u00dfen Namen wie Caesar und Augustus und ihrer besonderen Lebensweise (Gastm\u00e4hler, Wagenrennen, Thermen, Bauwerke usw.). Noch heute kann man im Mittelmeerraum viele \u00dcberreste der antiken Kultur bewundern, besonders in Rom oder Pompeji, aber auch bei uns im \u201er\u00f6mischen Germanien\u201c, zum Beispiel in K\u00f6ln, Xanten oder Trier, beliebten Klassenfahrtszielen.<\/span><\/p>\t\t\t\t\t\t\t\t<\/div>\n\t\t\t\t<\/div>\n\t\t\t\t<div class=\"elementor-element elementor-element-59cd797 elementor-widget elementor-widget-text-editor\" data-id=\"59cd797\" data-element_type=\"widget\" data-e-type=\"widget\" data-widget_type=\"text-editor.default\">\n\t\t\t\t<div class=\"elementor-widget-container\">\n\t\t\t\t\t\t\t\t\t<p style=\"text-align: justify;\"><span style=\"font-size: 12pt; font-family: georgia, palatino, serif;\">Jedes Kind, das die Bereitschaft zum kontinuierlichen Lernen mitbringt, kann ab der 6. Klasse mit Erfolg Latein lernen. Das Fach eignet sich besonders f\u00fcr Kinder, die sich gerne Zeit zum Lesen nehmen, \u00fcber das Gelesene nachdenken, gerne kombinieren und sich f\u00fcr Geschichte(n) interessieren. Auch visuell begabten Kindern kommt das Erlernen der lateinischen Sprache entgegen, da das Lateinische lesend und verstehend aufgenommen wird. Probleme der Rechtschreibung und Aussprache in der Fremdsprache entfallen; die Unterrichtssprache ist Deutsch. Die besondere Didaktik und Methodik des Lateinunterrichts bieten zudem eher zur\u00fcckhaltenden Kindern vielf\u00e4ltige Chancen, sich mit den Ergebnissen ihrer Arbeit am Unterricht zu beteiligen.<\/span><\/p><p style=\"text-align: justify;\"><span style=\"font-size: 12pt; font-family: georgia, palatino, serif;\">Wissensdrang, eine ausgepr\u00e4gte Lernbereitschaft und auch Begeisterung der Sch\u00fclerinnen und Sch\u00fcler f\u00fcr Neues sind beste Voraussetzungen, sich die Besonderheiten dieser Sprache anzueignen. Moderne Lehrb\u00fccher mit reichem Anschauungs-material aus der Antike unterst\u00fctzen den entdeckenden Lernprozess. Wir Lehrerinnen und Lehrer sehen uns als Teil dieses Lernprozesses, den wir methodisch begleiten und Ihre Kinder individuell f\u00f6rdern. Lateinkenntnisse der Eltern sind nicht erforderlich.<\/span><\/p>\t\t\t\t\t\t\t\t<\/div>\n\t\t\t\t<\/div>\n\t\t\t\t\t<\/div>\n\t\t<\/div>\n\t\t\t\t<div class=\"elementor-column elementor-col-33 elementor-top-column elementor-element elementor-element-c25fcbf\" data-id=\"c25fcbf\" data-element_type=\"column\" data-e-type=\"column\">\n\t\t\t<div class=\"elementor-widget-wrap elementor-element-populated\">\n\t\t\t\t\t\t<div class=\"elementor-element elementor-element-497df0a elementor-invisible elementor-widget elementor-widget-wp-widget-nav_menu\" data-id=\"497df0a\" data-element_type=\"widget\" data-e-type=\"widget\" data-settings=\"{&quot;_animation&quot;:&quot;fadeInUp&quot;}\" data-widget_type=\"wp-widget-nav_menu.default\">\n\t\t\t\t<div class=\"elementor-widget-container\">\n\t\t\t\t\t<div class=\"menu-fachmenue-latein-container\"><ul id=\"menu-fachmenue-latein\" class=\"menu\"><li id=\"menu-item-2025\" class=\"menu-item menu-item-type-post_type menu-item-object-page menu-item-2025\"><a href=\"https:\/\/gymnasium-nordenham.de\/en\/latein-am-gn\">Latein am GN<\/a><\/li>\n<li id=\"menu-item-2023\" class=\"menu-item menu-item-type-post_type menu-item-object-page menu-item-2023\"><a href=\"https:\/\/gymnasium-nordenham.de\/en\/latein-lehrwerke\">Lehrwerke<\/a><\/li>\n<li id=\"menu-item-2022\" class=\"menu-item menu-item-type-post_type menu-item-object-page menu-item-2022\"><a href=\"https:\/\/gymnasium-nordenham.de\/en\/latein-curricula\">Curricula<\/a><\/li>\n<li id=\"menu-item-2021\" class=\"menu-item menu-item-type-post_type menu-item-object-page menu-item-2021\"><a href=\"https:\/\/gymnasium-nordenham.de\/en\/latein-klassenarbeiten-und-klausuren\">Klassenarbeiten und Klausuren<\/a><\/li>\n<li id=\"menu-item-2020\" class=\"menu-item menu-item-type-post_type menu-item-object-page menu-item-2020\"><a href=\"https:\/\/gymnasium-nordenham.de\/en\/latein-weitere-angebote\">Weitere Angebote<\/a><\/li>\n<\/ul><\/div>\t\t\t\t<\/div>\n\t\t\t\t<\/div>\n\t\t\t\t\t<\/div>\n\t\t<\/div>\n\t\t\t\t\t<\/div>\n\t\t<\/section>\n\t\t\t\t<\/div>","protected":false},"excerpt":{"rendered":"<p>Latein In vielen Sprachen Europas, besonders den romanischen Sprachen (Franz\u00f6sisch, Italienisch, Portugiesisch, Spanisch, Rum\u00e4nisch), lebt Latein weiter. Latein ist die Basissprache Europas. Das liegt daran, dass die R\u00f6mer vor etwa 2000 Jahren fast ganz Europa beherrscht haben. Jeder, der Asterix &hellip; <a href=\"https:\/\/gymnasium-nordenham.de\/en\/latein-am-gn\">Continue reading <span class=\"meta-nav\">&rarr;<\/span><\/a><\/p>","protected":false},"author":4,"featured_media":0,"parent":0,"menu_order":0,"comment_status":"closed","ping_status":"closed","template":"elementor_header_footer","meta":{"_crdt_document":"","footnotes":""},"class_list":["post-2008","page","type-page","status-publish","hentry"],"yoast_head":"<!-- This site is optimized with the Yoast SEO plugin v27.3 - https:\/\/yoast.com\/product\/yoast-seo-wordpress\/ -->\n<title>Latein am GN - Gymnasium Nordenham<\/title>\n<meta name=\"robots\" content=\"index, follow, max-snippet:-1, max-image-preview:large, max-video-preview:-1\" \/>\n<link rel=\"canonical\" href=\"https:\/\/gymnasium-nordenham.de\/en\/latein-am-gn\/\" \/>\n<meta property=\"og:locale\" content=\"en_GB\" \/>\n<meta property=\"og:type\" content=\"article\" \/>\n<meta property=\"og:title\" content=\"Latein am GN - Gymnasium Nordenham\" \/>\n<meta property=\"og:description\" content=\"Latein In vielen Sprachen Europas, besonders den romanischen Sprachen (Franz\u00f6sisch, Italienisch, Portugiesisch, Spanisch, Rum\u00e4nisch), lebt Latein weiter. Latein ist die Basissprache Europas. Das liegt daran, dass die R\u00f6mer vor etwa 2000 Jahren fast ganz Europa beherrscht haben. Jeder, der Asterix &hellip; Continue reading &rarr;\" \/>\n<meta property=\"og:url\" content=\"https:\/\/gymnasium-nordenham.de\/en\/latein-am-gn\/\" \/>\n<meta property=\"og:site_name\" content=\"Gymnasium Nordenham\" \/>\n<meta property=\"article:modified_time\" content=\"2021-01-11T14:50:35+00:00\" \/>\n<meta property=\"og:image\" content=\"https:\/\/gymnasium-nordenham.de\/wp-content\/uploads\/2020\/05\/LA_1.jpg\" \/>\n<meta name=\"twitter:card\" content=\"summary_large_image\" \/>\n<meta name=\"twitter:label1\" content=\"Estimated reading time\" \/>\n\t<meta name=\"twitter:data1\" content=\"4 minutes\" \/>\n<script type=\"application\/ld+json\" class=\"yoast-schema-graph\">{\"@context\":\"https:\\\/\\\/schema.org\",\"@graph\":[{\"@type\":\"WebPage\",\"@id\":\"https:\\\/\\\/gymnasium-nordenham.de\\\/latein-am-gn\",\"url\":\"https:\\\/\\\/gymnasium-nordenham.de\\\/latein-am-gn\",\"name\":\"Latein am GN - Gymnasium Nordenham\",\"isPartOf\":{\"@id\":\"https:\\\/\\\/gymnasium-nordenham.de\\\/#website\"},\"primaryImageOfPage\":{\"@id\":\"https:\\\/\\\/gymnasium-nordenham.de\\\/latein-am-gn#primaryimage\"},\"image\":{\"@id\":\"https:\\\/\\\/gymnasium-nordenham.de\\\/latein-am-gn#primaryimage\"},\"thumbnailUrl\":\"https:\\\/\\\/gymnasium-nordenham.de\\\/wp-content\\\/uploads\\\/2020\\\/05\\\/LA_1.jpg\",\"datePublished\":\"2020-05-21T13:23:57+00:00\",\"dateModified\":\"2021-01-11T14:50:35+00:00\",\"breadcrumb\":{\"@id\":\"https:\\\/\\\/gymnasium-nordenham.de\\\/latein-am-gn#breadcrumb\"},\"inLanguage\":\"en-GB\",\"potentialAction\":[{\"@type\":\"ReadAction\",\"target\":[\"https:\\\/\\\/gymnasium-nordenham.de\\\/latein-am-gn\"]}]},{\"@type\":\"ImageObject\",\"inLanguage\":\"en-GB\",\"@id\":\"https:\\\/\\\/gymnasium-nordenham.de\\\/latein-am-gn#primaryimage\",\"url\":\"https:\\\/\\\/gymnasium-nordenham.de\\\/wp-content\\\/uploads\\\/2020\\\/05\\\/LA_1.jpg\",\"contentUrl\":\"https:\\\/\\\/gymnasium-nordenham.de\\\/wp-content\\\/uploads\\\/2020\\\/05\\\/LA_1.jpg\"},{\"@type\":\"BreadcrumbList\",\"@id\":\"https:\\\/\\\/gymnasium-nordenham.de\\\/latein-am-gn#breadcrumb\",\"itemListElement\":[{\"@type\":\"ListItem\",\"position\":1,\"name\":\"Startseite\",\"item\":\"https:\\\/\\\/gymnasium-nordenham.de\\\/\"},{\"@type\":\"ListItem\",\"position\":2,\"name\":\"Latein am GN\"}]},{\"@type\":\"WebSite\",\"@id\":\"https:\\\/\\\/gymnasium-nordenham.de\\\/#website\",\"url\":\"https:\\\/\\\/gymnasium-nordenham.de\\\/\",\"name\":\"Gymnasium Nordenham\",\"description\":\"Miteinander, voneinander und f\u00fcreinander lernen\",\"potentialAction\":[{\"@type\":\"SearchAction\",\"target\":{\"@type\":\"EntryPoint\",\"urlTemplate\":\"https:\\\/\\\/gymnasium-nordenham.de\\\/?s={search_term_string}\"},\"query-input\":{\"@type\":\"PropertyValueSpecification\",\"valueRequired\":true,\"valueName\":\"search_term_string\"}}],\"inLanguage\":\"en-GB\"}]}<\/script>\n<!-- \/ Yoast SEO plugin. -->","yoast_head_json":{"title":"Latein am GN - Gymnasium Nordenham","robots":{"index":"index","follow":"follow","max-snippet":"max-snippet:-1","max-image-preview":"max-image-preview:large","max-video-preview":"max-video-preview:-1"},"canonical":"https:\/\/gymnasium-nordenham.de\/en\/latein-am-gn\/","og_locale":"en_GB","og_type":"article","og_title":"Latein am GN - Gymnasium Nordenham","og_description":"Latein In vielen Sprachen Europas, besonders den romanischen Sprachen (Franz\u00f6sisch, Italienisch, Portugiesisch, Spanisch, Rum\u00e4nisch), lebt Latein weiter. Latein ist die Basissprache Europas. Das liegt daran, dass die R\u00f6mer vor etwa 2000 Jahren fast ganz Europa beherrscht haben. Jeder, der Asterix &hellip; Continue reading &rarr;","og_url":"https:\/\/gymnasium-nordenham.de\/en\/latein-am-gn\/","og_site_name":"Gymnasium Nordenham","article_modified_time":"2021-01-11T14:50:35+00:00","og_image":[{"url":"https:\/\/gymnasium-nordenham.de\/wp-content\/uploads\/2020\/05\/LA_1.jpg","type":"","width":"","height":""}],"twitter_card":"summary_large_image","twitter_misc":{"Estimated reading time":"4 minutes"},"schema":{"@context":"https:\/\/schema.org","@graph":[{"@type":"WebPage","@id":"https:\/\/gymnasium-nordenham.de\/latein-am-gn","url":"https:\/\/gymnasium-nordenham.de\/latein-am-gn","name":"Latein am GN - Gymnasium Nordenham","isPartOf":{"@id":"https:\/\/gymnasium-nordenham.de\/#website"},"primaryImageOfPage":{"@id":"https:\/\/gymnasium-nordenham.de\/latein-am-gn#primaryimage"},"image":{"@id":"https:\/\/gymnasium-nordenham.de\/latein-am-gn#primaryimage"},"thumbnailUrl":"https:\/\/gymnasium-nordenham.de\/wp-content\/uploads\/2020\/05\/LA_1.jpg","datePublished":"2020-05-21T13:23:57+00:00","dateModified":"2021-01-11T14:50:35+00:00","breadcrumb":{"@id":"https:\/\/gymnasium-nordenham.de\/latein-am-gn#breadcrumb"},"inLanguage":"en-GB","potentialAction":[{"@type":"ReadAction","target":["https:\/\/gymnasium-nordenham.de\/latein-am-gn"]}]},{"@type":"ImageObject","inLanguage":"en-GB","@id":"https:\/\/gymnasium-nordenham.de\/latein-am-gn#primaryimage","url":"https:\/\/gymnasium-nordenham.de\/wp-content\/uploads\/2020\/05\/LA_1.jpg","contentUrl":"https:\/\/gymnasium-nordenham.de\/wp-content\/uploads\/2020\/05\/LA_1.jpg"},{"@type":"BreadcrumbList","@id":"https:\/\/gymnasium-nordenham.de\/latein-am-gn#breadcrumb","itemListElement":[{"@type":"ListItem","position":1,"name":"Startseite","item":"https:\/\/gymnasium-nordenham.de\/"},{"@type":"ListItem","position":2,"name":"Latein am GN"}]},{"@type":"WebSite","@id":"https:\/\/gymnasium-nordenham.de\/#website","url":"https:\/\/gymnasium-nordenham.de\/","name":"Gymnasium Nordenham","description":"Miteinander, voneinander und f\u00fcreinander lernen","potentialAction":[{"@type":"SearchAction","target":{"@type":"EntryPoint","urlTemplate":"https:\/\/gymnasium-nordenham.de\/?s={search_term_string}"},"query-input":{"@type":"PropertyValueSpecification","valueRequired":true,"valueName":"search_term_string"}}],"inLanguage":"en-GB"}]}},"_links":{"self":[{"href":"https:\/\/gymnasium-nordenham.de\/en\/wp-json\/wp\/v2\/pages\/2008","targetHints":{"allow":["GET"]}}],"collection":[{"href":"https:\/\/gymnasium-nordenham.de\/en\/wp-json\/wp\/v2\/pages"}],"about":[{"href":"https:\/\/gymnasium-nordenham.de\/en\/wp-json\/wp\/v2\/types\/page"}],"author":[{"embeddable":true,"href":"https:\/\/gymnasium-nordenham.de\/en\/wp-json\/wp\/v2\/users\/4"}],"replies":[{"embeddable":true,"href":"https:\/\/gymnasium-nordenham.de\/en\/wp-json\/wp\/v2\/comments?post=2008"}],"version-history":[{"count":0,"href":"https:\/\/gymnasium-nordenham.de\/en\/wp-json\/wp\/v2\/pages\/2008\/revisions"}],"wp:attachment":[{"href":"https:\/\/gymnasium-nordenham.de\/en\/wp-json\/wp\/v2\/media?parent=2008"}],"curies":[{"name":"wp","href":"https:\/\/api.w.org\/{rel}","templated":true}]}}