{"id":1976,"date":"2020-05-21T14:05:06","date_gmt":"2020-05-21T12:05:06","guid":{"rendered":"https:\/\/gymnasiumnordenhamtest.live-website.com\/?page_id=1976"},"modified":"2023-08-15T19:17:08","modified_gmt":"2023-08-15T17:17:08","slug":"geschichte-curricula","status":"publish","type":"page","link":"https:\/\/gymnasium-nordenham.de\/en\/geschichte-curricula","title":{"rendered":"Geschichte &#8211; Curricula"},"content":{"rendered":"<div data-elementor-type=\"wp-page\" data-elementor-id=\"1976\" class=\"elementor elementor-1976\" data-elementor-post-type=\"page\">\n\t\t\t\t\t\t<section class=\"elementor-section elementor-top-section elementor-element elementor-element-5257c4b elementor-section-full_width elementor-section-height-default elementor-section-height-default\" data-id=\"5257c4b\" data-element_type=\"section\" data-e-type=\"section\">\n\t\t\t\t\t\t<div class=\"elementor-container elementor-column-gap-default\">\n\t\t\t\t\t<div class=\"elementor-column elementor-col-100 elementor-top-column elementor-element elementor-element-929ce8f\" data-id=\"929ce8f\" data-element_type=\"column\" data-e-type=\"column\" data-settings=\"{&quot;background_background&quot;:&quot;classic&quot;}\">\n\t\t\t<div class=\"elementor-widget-wrap elementor-element-populated\">\n\t\t\t\t\t\t<div class=\"elementor-element elementor-element-de78d44 elementor-widget elementor-widget-heading\" data-id=\"de78d44\" data-element_type=\"widget\" data-e-type=\"widget\" data-widget_type=\"heading.default\">\n\t\t\t\t<div class=\"elementor-widget-container\">\n\t\t\t\t\t<h2 class=\"elementor-heading-title elementor-size-large\">Curricula<\/h2>\t\t\t\t<\/div>\n\t\t\t\t<\/div>\n\t\t\t\t\t<\/div>\n\t\t<\/div>\n\t\t\t\t\t<\/div>\n\t\t<\/section>\n\t\t\t\t<section class=\"elementor-section elementor-top-section elementor-element elementor-element-9215942 elementor-section-full_width elementor-section-height-default elementor-section-height-default\" data-id=\"9215942\" data-element_type=\"section\" data-e-type=\"section\">\n\t\t\t\t\t\t<div class=\"elementor-container elementor-column-gap-default\">\n\t\t\t\t\t<div class=\"elementor-column elementor-col-66 elementor-top-column elementor-element elementor-element-bc4bb8e\" data-id=\"bc4bb8e\" data-element_type=\"column\" data-e-type=\"column\">\n\t\t\t<div class=\"elementor-widget-wrap elementor-element-populated\">\n\t\t\t\t\t\t<div class=\"elementor-element elementor-element-809aad3 elementor-widget elementor-widget-text-editor\" data-id=\"809aad3\" data-element_type=\"widget\" data-e-type=\"widget\" data-widget_type=\"text-editor.default\">\n\t\t\t\t<div class=\"elementor-widget-container\">\n\t\t\t\t\t\t\t\t\t<p style=\"text-align: justify;\"><span style=\"font-size: 12pt; font-family: georgia, palatino, serif;\"><strong>F\u00fcr die Jahrg\u00e4nge 5 bis 10:<\/strong> Curriculare Vorgaben f\u00fcr den Unterricht in allgemeinbildenden Schulen und im Beruflichen Gymnasium, Gymnasium Sekundarstufe I, Kerncurriculum Geschichte, verbindlich ab dem Schuljahr 1.8.2015 f\u00fcr die Schuljahrg\u00e4nge 5-8, ab dem 1.8.2016 f\u00fcr den Schuljahrgang 9, ab dem 1.8.2017 f\u00fcr den Schuljahrgang 10, <\/span><\/p><p style=\"text-align: justify;\"><span style=\"font-size: 12pt; font-family: georgia, palatino, serif;\"><a href=\"https:\/\/gymnasium-nordenham.de\/wp-content\/uploads\/2020\/12\/ge_gym_si_kc_druck.pdf\" target=\"_blank\" rel=\"noopener\">Kerncurriculum Sek I<\/a> <\/span><\/p><p style=\"text-align: justify;\"><span style=\"font-family: georgia, palatino, serif; font-size: 12pt;\"><strong>F\u00fcr die gymnasiale Oberstufe und die Einf\u00fchrungsphase:<\/strong> Curriculare Vorgaben f\u00fcr den Unterricht in allgemeinbildenden Schulen und im Beruflichen Gymnasium, Gymnasium, Sekundarstufe II, Kerncurriculum Geschichte, f\u00fcr Einf\u00fchrungsphase am GYM, an IGS, Beruflichem Gymnasium, Abendgymnasium und Kolleg verbindlich zum 1.8.2018; ab dem 1.8.2019 f\u00fcr das erste Jahr der Qualifikationsphase, ab dem 1.8.2020 f\u00fcr das zweite Jahr der Qualifikationsphase<\/span><\/p><p style=\"text-align: justify;\"><span style=\"font-family: georgia, palatino, serif; font-size: 10pt;\"><a href=\"https:\/\/gymnasium-nordenham.de\/wp-content\/uploads\/2020\/12\/ge_go_kc_druck_2017.pdf\" target=\"_blank\" rel=\"noopener\">Kerncurriculum Sek II<\/a><\/span><\/p><p style=\"text-align: justify;\"><span style=\"font-size: 12pt; font-family: georgia, palatino, serif;\"><a href=\"https:\/\/gymnasium-nordenham.de\/wp-content\/uploads\/2023\/08\/Schulinternes-Fachcurriculum-Geschichte-August-2023.pdf\" target=\"_blank\" rel=\"noopener\">Schulinternes Curriculum<\/a><\/span><\/p><p style=\"text-align: justify;\"><span style=\"font-family: georgia, palatino, serif; font-size: 12pt;\"><a href=\"https:\/\/gymnasium-nordenham.de\/wp-content\/uploads\/2020\/12\/2009_10Ek_Ge_Po_neu.pdf\" target=\"_blank\" rel=\"noopener\">Operatoren f\u00fcr das Fach Geschichte<\/a> <br \/><\/span><\/p><p style=\"text-align: justify;\"><span style=\"font-size: 12pt; font-family: georgia, palatino, serif;\"><strong>F\u00fcr die Schuljahrg\u00e4nge 12 und 13 galten und gelten folgende verbindliche Kursthemen\u2026<\/strong><\/span><\/p><ul style=\"text-align: justify;\"><li><span style=\"font-size: 12pt; font-family: georgia, palatino, serif;\"><strong>F\u00fcr das Zentralabitur 2021:<\/strong><\/span><\/li><\/ul><ol style=\"text-align: justify;\"><li><span style=\"font-size: 12pt; font-family: georgia, palatino, serif;\">Schulhalbjahr: Amerikanische Unabh\u00e4ngigkeit \u2013 \u201eAmerican Revolution\u201c<\/span><\/li><li><span style=\"font-size: 12pt; font-family: georgia, palatino, serif;\">Schulhalbjahr: Die \u201eV\u00f6lkerwanderung\u201c<\/span><\/li><li><span style=\"font-size: 12pt; font-family: georgia, palatino, serif;\">Schulhalbjahr: Das deutsch-polnische Verh\u00e4ltnis im 19. und 20. Jahrhundert<\/span><\/li><li><span style=\"font-size: 12pt; font-family: georgia, palatino, serif;\">Schulhalbjahr: Begegnung mit Geschichte im Film<\/span><\/li><\/ol><ul style=\"text-align: justify;\"><li><span style=\"font-family: georgia, palatino, serif; font-size: 12pt;\"><strong>F\u00fcr das Zentralabitur 2022:<\/strong><\/span><\/li><\/ul><ol style=\"text-align: justify;\"><li><span style=\"font-size: 12pt; font-family: georgia, palatino, serif;\">Schulhalbjahr: Amerikanische Unabh\u00e4ngigkeit \u2013 \u201eAmerican Revolution\u201c<\/span><\/li><li><span style=\"font-size: 12pt; font-family: georgia, palatino, serif;\">Schulhalbjahr: Die \u201eV\u00f6lkerwanderung\u201c<\/span><\/li><li><span style=\"font-size: 12pt; font-family: georgia, palatino, serif;\">Schulhalbjahr: Das deutsch-polnische Verh\u00e4ltnis im 19. und 20. Jahrhundert<\/span><\/li><li><span style=\"font-size: 12pt; font-family: georgia, palatino, serif;\">Schulhalbjahr: Nationale Gedenk- und Feiertage in verschiedenen L\u00e4ndern<\/span><\/li><\/ol><ul style=\"text-align: justify;\"><li><span style=\"font-family: georgia, palatino, serif; font-size: 12pt;\"><strong>F\u00fcr das Zentralabitur 2023: <\/strong><\/span><\/li><\/ul><ol><li style=\"text-align: justify;\"><span style=\"font-family: georgia, palatino, serif; font-size: 12pt;\">Schulhalbjahr: Amerikanische Unabh\u00e4ngigkeit \u2013 \u201eAmerican Revolution\u201c<\/span><\/li><li style=\"text-align: justify;\"><span style=\"font-family: georgia, palatino, serif; font-size: 12pt;\">Schulhalbjahr: Die \u201eV\u00f6lkerwanderung\u201c<\/span><\/li><li style=\"text-align: justify;\"><span style=\"font-family: georgia, palatino, serif; font-size: 12pt;\">Schulhalbjahr: Zwischen Krise und Modernisierung &#8211; Die Gesellschaft der Weimarer Republik <br \/><\/span><\/li><li style=\"text-align: justify;\"><span style=\"font-family: georgia, palatino, serif; font-size: 12pt;\">Schulhalbjahr: Nationale Gedenk- und Feiertage in verschiedenen L\u00e4ndern<\/span><\/li><\/ol><p><span style=\"font-family: georgia, palatino, serif; font-size: 12pt;\"><strong>Hilfreiche Dokumente f\u00fcr die Oberstufe<\/strong><\/span><\/p><p><a href=\"https:\/\/gymnasium-nordenham.de\/wp-content\/uploads\/2020\/12\/epa_geschichte.pdf\" target=\"_blank\" rel=\"noopener\"><span style=\"font-family: georgia, palatino, serif; font-size: 12pt;\">EPA Geschichte Sek II <\/span><\/a><\/p>\t\t\t\t\t\t\t\t<\/div>\n\t\t\t\t<\/div>\n\t\t\t\t\t<\/div>\n\t\t<\/div>\n\t\t\t\t<div class=\"elementor-column elementor-col-33 elementor-top-column elementor-element elementor-element-c25fcbf\" data-id=\"c25fcbf\" data-element_type=\"column\" data-e-type=\"column\">\n\t\t\t<div class=\"elementor-widget-wrap elementor-element-populated\">\n\t\t\t\t\t\t<div class=\"elementor-element elementor-element-497df0a elementor-invisible elementor-widget elementor-widget-wp-widget-nav_menu\" data-id=\"497df0a\" data-element_type=\"widget\" data-e-type=\"widget\" data-settings=\"{&quot;_animation&quot;:&quot;fadeInUp&quot;}\" data-widget_type=\"wp-widget-nav_menu.default\">\n\t\t\t\t<div class=\"elementor-widget-container\">\n\t\t\t\t\t<div class=\"menu-fachmenue-geschichte-container\"><ul id=\"menu-fachmenue-geschichte\" class=\"menu\"><li id=\"menu-item-1990\" class=\"menu-item menu-item-type-post_type menu-item-object-page menu-item-1990\"><a href=\"https:\/\/gymnasium-nordenham.de\/en\/geschichte-am-gn\">Geschichte am GN<\/a><\/li>\n<li id=\"menu-item-1988\" class=\"menu-item menu-item-type-post_type menu-item-object-page menu-item-1988\"><a href=\"https:\/\/gymnasium-nordenham.de\/en\/geschichte-lehrwerke\">Lehrwerke<\/a><\/li>\n<li id=\"menu-item-1987\" class=\"menu-item menu-item-type-post_type menu-item-object-page menu-item-1987\"><a href=\"https:\/\/gymnasium-nordenham.de\/en\/geschichte-curricula\">Curricula<\/a><\/li>\n<li id=\"menu-item-1986\" class=\"menu-item menu-item-type-post_type menu-item-object-page menu-item-1986\"><a href=\"https:\/\/gymnasium-nordenham.de\/en\/geschichte-klassenarbeiten-und-klausuren\">Klassenarbeiten und Klausuren<\/a><\/li>\n<li id=\"menu-item-1985\" class=\"menu-item menu-item-type-post_type menu-item-object-page menu-item-1985\"><a href=\"https:\/\/gymnasium-nordenham.de\/en\/geschichte-weitere-angebote\">Weitere Angebote<\/a><\/li>\n<\/ul><\/div>\t\t\t\t<\/div>\n\t\t\t\t<\/div>\n\t\t\t\t\t<\/div>\n\t\t<\/div>\n\t\t\t\t\t<\/div>\n\t\t<\/section>\n\t\t\t\t<\/div>","protected":false},"excerpt":{"rendered":"<p>Curricula F\u00fcr die Jahrg\u00e4nge 5 bis 10: Curriculare Vorgaben f\u00fcr den Unterricht in allgemeinbildenden Schulen und im Beruflichen Gymnasium, Gymnasium Sekundarstufe I, Kerncurriculum Geschichte, verbindlich ab dem Schuljahr 1.8.2015 f\u00fcr die Schuljahrg\u00e4nge 5-8, ab dem 1.8.2016 f\u00fcr den Schuljahrgang 9, &hellip; <a href=\"https:\/\/gymnasium-nordenham.de\/en\/geschichte-curricula\">Continue reading <span class=\"meta-nav\">&rarr;<\/span><\/a><\/p>","protected":false},"author":4,"featured_media":0,"parent":0,"menu_order":0,"comment_status":"closed","ping_status":"closed","template":"elementor_header_footer","meta":{"_crdt_document":"","footnotes":""},"class_list":["post-1976","page","type-page","status-publish","hentry"],"yoast_head":"<!-- This site is optimized with the Yoast SEO plugin v27.3 - https:\/\/yoast.com\/product\/yoast-seo-wordpress\/ -->\n<title>Geschichte - Curricula - Gymnasium Nordenham<\/title>\n<meta name=\"robots\" content=\"index, follow, max-snippet:-1, max-image-preview:large, max-video-preview:-1\" \/>\n<link rel=\"canonical\" href=\"https:\/\/gymnasium-nordenham.de\/en\/geschichte-curricula\/\" \/>\n<meta property=\"og:locale\" content=\"en_GB\" \/>\n<meta property=\"og:type\" content=\"article\" \/>\n<meta property=\"og:title\" content=\"Geschichte - Curricula - Gymnasium Nordenham\" \/>\n<meta property=\"og:description\" content=\"Curricula F\u00fcr die Jahrg\u00e4nge 5 bis 10: Curriculare Vorgaben f\u00fcr den Unterricht in allgemeinbildenden Schulen und im Beruflichen Gymnasium, Gymnasium Sekundarstufe I, Kerncurriculum Geschichte, verbindlich ab dem Schuljahr 1.8.2015 f\u00fcr die Schuljahrg\u00e4nge 5-8, ab dem 1.8.2016 f\u00fcr den Schuljahrgang 9, &hellip; Continue reading &rarr;\" \/>\n<meta property=\"og:url\" content=\"https:\/\/gymnasium-nordenham.de\/en\/geschichte-curricula\/\" \/>\n<meta property=\"og:site_name\" content=\"Gymnasium Nordenham\" \/>\n<meta property=\"article:modified_time\" content=\"2023-08-15T17:17:08+00:00\" \/>\n<meta name=\"twitter:card\" content=\"summary_large_image\" \/>\n<meta name=\"twitter:label1\" content=\"Estimated reading time\" \/>\n\t<meta name=\"twitter:data1\" content=\"2 minutes\" \/>\n<script type=\"application\/ld+json\" class=\"yoast-schema-graph\">{\"@context\":\"https:\\\/\\\/schema.org\",\"@graph\":[{\"@type\":\"WebPage\",\"@id\":\"https:\\\/\\\/gymnasium-nordenham.de\\\/geschichte-curricula\",\"url\":\"https:\\\/\\\/gymnasium-nordenham.de\\\/geschichte-curricula\",\"name\":\"Geschichte - Curricula - Gymnasium Nordenham\",\"isPartOf\":{\"@id\":\"https:\\\/\\\/gymnasium-nordenham.de\\\/#website\"},\"datePublished\":\"2020-05-21T12:05:06+00:00\",\"dateModified\":\"2023-08-15T17:17:08+00:00\",\"breadcrumb\":{\"@id\":\"https:\\\/\\\/gymnasium-nordenham.de\\\/geschichte-curricula#breadcrumb\"},\"inLanguage\":\"en-GB\",\"potentialAction\":[{\"@type\":\"ReadAction\",\"target\":[\"https:\\\/\\\/gymnasium-nordenham.de\\\/geschichte-curricula\"]}]},{\"@type\":\"BreadcrumbList\",\"@id\":\"https:\\\/\\\/gymnasium-nordenham.de\\\/geschichte-curricula#breadcrumb\",\"itemListElement\":[{\"@type\":\"ListItem\",\"position\":1,\"name\":\"Startseite\",\"item\":\"https:\\\/\\\/gymnasium-nordenham.de\\\/\"},{\"@type\":\"ListItem\",\"position\":2,\"name\":\"Geschichte &#8211; Curricula\"}]},{\"@type\":\"WebSite\",\"@id\":\"https:\\\/\\\/gymnasium-nordenham.de\\\/#website\",\"url\":\"https:\\\/\\\/gymnasium-nordenham.de\\\/\",\"name\":\"Gymnasium Nordenham\",\"description\":\"Miteinander, voneinander und f\u00fcreinander lernen\",\"potentialAction\":[{\"@type\":\"SearchAction\",\"target\":{\"@type\":\"EntryPoint\",\"urlTemplate\":\"https:\\\/\\\/gymnasium-nordenham.de\\\/?s={search_term_string}\"},\"query-input\":{\"@type\":\"PropertyValueSpecification\",\"valueRequired\":true,\"valueName\":\"search_term_string\"}}],\"inLanguage\":\"en-GB\"}]}<\/script>\n<!-- \/ Yoast SEO plugin. -->","yoast_head_json":{"title":"Geschichte - Curricula - Gymnasium Nordenham","robots":{"index":"index","follow":"follow","max-snippet":"max-snippet:-1","max-image-preview":"max-image-preview:large","max-video-preview":"max-video-preview:-1"},"canonical":"https:\/\/gymnasium-nordenham.de\/en\/geschichte-curricula\/","og_locale":"en_GB","og_type":"article","og_title":"Geschichte - Curricula - Gymnasium Nordenham","og_description":"Curricula F\u00fcr die Jahrg\u00e4nge 5 bis 10: Curriculare Vorgaben f\u00fcr den Unterricht in allgemeinbildenden Schulen und im Beruflichen Gymnasium, Gymnasium Sekundarstufe I, Kerncurriculum Geschichte, verbindlich ab dem Schuljahr 1.8.2015 f\u00fcr die Schuljahrg\u00e4nge 5-8, ab dem 1.8.2016 f\u00fcr den Schuljahrgang 9, &hellip; Continue reading &rarr;","og_url":"https:\/\/gymnasium-nordenham.de\/en\/geschichte-curricula\/","og_site_name":"Gymnasium Nordenham","article_modified_time":"2023-08-15T17:17:08+00:00","twitter_card":"summary_large_image","twitter_misc":{"Estimated reading time":"2 minutes"},"schema":{"@context":"https:\/\/schema.org","@graph":[{"@type":"WebPage","@id":"https:\/\/gymnasium-nordenham.de\/geschichte-curricula","url":"https:\/\/gymnasium-nordenham.de\/geschichte-curricula","name":"Geschichte - Curricula - Gymnasium Nordenham","isPartOf":{"@id":"https:\/\/gymnasium-nordenham.de\/#website"},"datePublished":"2020-05-21T12:05:06+00:00","dateModified":"2023-08-15T17:17:08+00:00","breadcrumb":{"@id":"https:\/\/gymnasium-nordenham.de\/geschichte-curricula#breadcrumb"},"inLanguage":"en-GB","potentialAction":[{"@type":"ReadAction","target":["https:\/\/gymnasium-nordenham.de\/geschichte-curricula"]}]},{"@type":"BreadcrumbList","@id":"https:\/\/gymnasium-nordenham.de\/geschichte-curricula#breadcrumb","itemListElement":[{"@type":"ListItem","position":1,"name":"Startseite","item":"https:\/\/gymnasium-nordenham.de\/"},{"@type":"ListItem","position":2,"name":"Geschichte &#8211; Curricula"}]},{"@type":"WebSite","@id":"https:\/\/gymnasium-nordenham.de\/#website","url":"https:\/\/gymnasium-nordenham.de\/","name":"Gymnasium Nordenham","description":"Miteinander, voneinander und f\u00fcreinander lernen","potentialAction":[{"@type":"SearchAction","target":{"@type":"EntryPoint","urlTemplate":"https:\/\/gymnasium-nordenham.de\/?s={search_term_string}"},"query-input":{"@type":"PropertyValueSpecification","valueRequired":true,"valueName":"search_term_string"}}],"inLanguage":"en-GB"}]}},"_links":{"self":[{"href":"https:\/\/gymnasium-nordenham.de\/en\/wp-json\/wp\/v2\/pages\/1976","targetHints":{"allow":["GET"]}}],"collection":[{"href":"https:\/\/gymnasium-nordenham.de\/en\/wp-json\/wp\/v2\/pages"}],"about":[{"href":"https:\/\/gymnasium-nordenham.de\/en\/wp-json\/wp\/v2\/types\/page"}],"author":[{"embeddable":true,"href":"https:\/\/gymnasium-nordenham.de\/en\/wp-json\/wp\/v2\/users\/4"}],"replies":[{"embeddable":true,"href":"https:\/\/gymnasium-nordenham.de\/en\/wp-json\/wp\/v2\/comments?post=1976"}],"version-history":[{"count":0,"href":"https:\/\/gymnasium-nordenham.de\/en\/wp-json\/wp\/v2\/pages\/1976\/revisions"}],"wp:attachment":[{"href":"https:\/\/gymnasium-nordenham.de\/en\/wp-json\/wp\/v2\/media?parent=1976"}],"curies":[{"name":"wp","href":"https:\/\/api.w.org\/{rel}","templated":true}]}}