{"id":1973,"date":"2020-05-21T14:04:15","date_gmt":"2020-05-21T12:04:15","guid":{"rendered":"https:\/\/gymnasiumnordenhamtest.live-website.com\/?page_id=1973"},"modified":"2020-12-22T22:46:11","modified_gmt":"2020-12-22T21:46:11","slug":"geschichte-lehrwerke","status":"publish","type":"page","link":"https:\/\/gymnasium-nordenham.de\/en\/geschichte-lehrwerke","title":{"rendered":"Geschichte &#8211; Lehrwerke"},"content":{"rendered":"<div data-elementor-type=\"wp-page\" data-elementor-id=\"1973\" class=\"elementor elementor-1973\" data-elementor-post-type=\"page\">\n\t\t\t\t\t\t<section class=\"elementor-section elementor-top-section elementor-element elementor-element-5257c4b elementor-section-full_width elementor-section-height-default elementor-section-height-default\" data-id=\"5257c4b\" data-element_type=\"section\" data-e-type=\"section\">\n\t\t\t\t\t\t<div class=\"elementor-container elementor-column-gap-default\">\n\t\t\t\t\t<div class=\"elementor-column elementor-col-100 elementor-top-column elementor-element elementor-element-929ce8f\" data-id=\"929ce8f\" data-element_type=\"column\" data-e-type=\"column\" data-settings=\"{&quot;background_background&quot;:&quot;classic&quot;}\">\n\t\t\t<div class=\"elementor-widget-wrap elementor-element-populated\">\n\t\t\t\t\t\t<div class=\"elementor-element elementor-element-de78d44 elementor-widget elementor-widget-heading\" data-id=\"de78d44\" data-element_type=\"widget\" data-e-type=\"widget\" data-widget_type=\"heading.default\">\n\t\t\t\t<div class=\"elementor-widget-container\">\n\t\t\t\t\t<h2 class=\"elementor-heading-title elementor-size-large\">Lehrwerke<\/h2>\t\t\t\t<\/div>\n\t\t\t\t<\/div>\n\t\t\t\t\t<\/div>\n\t\t<\/div>\n\t\t\t\t\t<\/div>\n\t\t<\/section>\n\t\t\t\t<section class=\"elementor-section elementor-top-section elementor-element elementor-element-9215942 elementor-section-full_width elementor-section-height-default elementor-section-height-default\" data-id=\"9215942\" data-element_type=\"section\" data-e-type=\"section\">\n\t\t\t\t\t\t<div class=\"elementor-container elementor-column-gap-default\">\n\t\t\t\t\t<div class=\"elementor-column elementor-col-66 elementor-top-column elementor-element elementor-element-bc4bb8e\" data-id=\"bc4bb8e\" data-element_type=\"column\" data-e-type=\"column\">\n\t\t\t<div class=\"elementor-widget-wrap elementor-element-populated\">\n\t\t\t\t\t\t<div class=\"elementor-element elementor-element-809aad3 elementor-widget elementor-widget-text-editor\" data-id=\"809aad3\" data-element_type=\"widget\" data-e-type=\"widget\" data-widget_type=\"text-editor.default\">\n\t\t\t\t<div class=\"elementor-widget-container\">\n\t\t\t\t\t\t\t\t\t<p style=\"text-align: justify;\"><span style=\"font-size: 12pt; font-family: georgia, palatino, serif;\">Momentan eingef\u00fchrte Lehrwerke f\u00fcr die Sch\u00fclerinnen und Sch\u00fcler:<\/span><\/p><p style=\"text-align: justify;\"><span style=\"font-size: 12pt; font-family: georgia, palatino, serif;\"><strong>Jahrg\u00e4nge 5 und 6:<\/strong> <\/span><\/p><p style=\"text-align: justify;\"><span style=\"font-size: 12pt; font-family: georgia, palatino, serif;\">Hans-Wilhelm Eckhardt (u.a.), Zeit f\u00fcr Geschichte, Gymnasium Niedersachsen 5 und 6, Braunschweig 2015.<\/span><\/p><p style=\"text-align: justify;\"><span style=\"font-size: 12pt; font-family: georgia, palatino, serif;\"><strong>Jahrg\u00e4nge 7 und 8:<\/strong> <\/span><\/p><p style=\"text-align: justify;\"><span style=\"font-size: 12pt; font-family: georgia, palatino, serif;\">s.o. Band 7 und 8<\/span><\/p><p style=\"text-align: justify;\"><span style=\"font-size: 12pt; font-family: georgia, palatino, serif;\"><strong>Jahrg\u00e4nge 9 und 10:<\/strong> <\/span><\/p><p style=\"text-align: justify;\"><span style=\"font-size: 12pt; font-family: georgia, palatino, serif;\">derzeit noch Michael Sauer (Hg.), Geschichte und Geschehen 5 und 6, Stuttgart 2010.<\/span><\/p><p style=\"text-align: justify;\"><span style=\"font-size: 12pt; font-family: georgia, palatino, serif;\"><strong>Jahrgang 11:<\/strong> <\/span><\/p><p style=\"text-align: justify;\"><span style=\"font-size: 12pt; font-family: georgia, palatino, serif;\">Boris Barth (u.a.), Buchners Kolleg Geschichte, Neue Ausgabe Niedersachsen, Einf\u00fchrungsphase, Bamberg 2018.<\/span><\/p><p style=\"text-align: justify;\"><span style=\"font-size: 12pt; font-family: georgia, palatino, serif;\">In der <strong>Oberstufe<\/strong> in Kursen auf erh\u00f6htem und grundlegendem Anforderungsniveau: i.d.R. Buchners Kolleg Geschichte, Bamberg (abh\u00e4ngig vom Beschluss der Fachkonferenz).<\/span><\/p>\t\t\t\t\t\t\t\t<\/div>\n\t\t\t\t<\/div>\n\t\t\t\t\t<\/div>\n\t\t<\/div>\n\t\t\t\t<div class=\"elementor-column elementor-col-33 elementor-top-column elementor-element elementor-element-c25fcbf\" data-id=\"c25fcbf\" data-element_type=\"column\" data-e-type=\"column\">\n\t\t\t<div class=\"elementor-widget-wrap elementor-element-populated\">\n\t\t\t\t\t\t<div class=\"elementor-element elementor-element-497df0a elementor-invisible elementor-widget elementor-widget-wp-widget-nav_menu\" data-id=\"497df0a\" data-element_type=\"widget\" data-e-type=\"widget\" data-settings=\"{&quot;_animation&quot;:&quot;fadeInUp&quot;}\" data-widget_type=\"wp-widget-nav_menu.default\">\n\t\t\t\t<div class=\"elementor-widget-container\">\n\t\t\t\t\t<div class=\"menu-fachmenue-geschichte-container\"><ul id=\"menu-fachmenue-geschichte\" class=\"menu\"><li id=\"menu-item-1990\" class=\"menu-item menu-item-type-post_type menu-item-object-page menu-item-1990\"><a href=\"https:\/\/gymnasium-nordenham.de\/en\/geschichte-am-gn\">Geschichte am GN<\/a><\/li>\n<li id=\"menu-item-1988\" class=\"menu-item menu-item-type-post_type menu-item-object-page menu-item-1988\"><a href=\"https:\/\/gymnasium-nordenham.de\/en\/geschichte-lehrwerke\">Lehrwerke<\/a><\/li>\n<li id=\"menu-item-1987\" class=\"menu-item menu-item-type-post_type menu-item-object-page menu-item-1987\"><a href=\"https:\/\/gymnasium-nordenham.de\/en\/geschichte-curricula\">Curricula<\/a><\/li>\n<li id=\"menu-item-1986\" class=\"menu-item menu-item-type-post_type menu-item-object-page menu-item-1986\"><a href=\"https:\/\/gymnasium-nordenham.de\/en\/geschichte-klassenarbeiten-und-klausuren\">Klassenarbeiten und Klausuren<\/a><\/li>\n<li id=\"menu-item-1985\" class=\"menu-item menu-item-type-post_type menu-item-object-page menu-item-1985\"><a href=\"https:\/\/gymnasium-nordenham.de\/en\/geschichte-weitere-angebote\">Weitere Angebote<\/a><\/li>\n<\/ul><\/div>\t\t\t\t<\/div>\n\t\t\t\t<\/div>\n\t\t\t\t\t<\/div>\n\t\t<\/div>\n\t\t\t\t\t<\/div>\n\t\t<\/section>\n\t\t\t\t<\/div>","protected":false},"excerpt":{"rendered":"<p>Lehrwerke Momentan eingef\u00fchrte Lehrwerke f\u00fcr die Sch\u00fclerinnen und Sch\u00fcler: Jahrg\u00e4nge 5 und 6: Hans-Wilhelm Eckhardt (u.a.), Zeit f\u00fcr Geschichte, Gymnasium Niedersachsen 5 und 6, Braunschweig 2015. Jahrg\u00e4nge 7 und 8: s.o. Band 7 und 8 Jahrg\u00e4nge 9 und 10: derzeit &hellip; <a href=\"https:\/\/gymnasium-nordenham.de\/en\/geschichte-lehrwerke\">Continue reading <span class=\"meta-nav\">&rarr;<\/span><\/a><\/p>","protected":false},"author":4,"featured_media":0,"parent":0,"menu_order":0,"comment_status":"closed","ping_status":"closed","template":"elementor_header_footer","meta":{"_crdt_document":"","footnotes":""},"class_list":["post-1973","page","type-page","status-publish","hentry"],"yoast_head":"<!-- This site is optimized with the Yoast SEO plugin v27.3 - https:\/\/yoast.com\/product\/yoast-seo-wordpress\/ -->\n<title>Geschichte - Lehrwerke - Gymnasium Nordenham<\/title>\n<meta name=\"robots\" content=\"index, follow, max-snippet:-1, max-image-preview:large, max-video-preview:-1\" \/>\n<link rel=\"canonical\" href=\"https:\/\/gymnasium-nordenham.de\/en\/geschichte-lehrwerke\/\" \/>\n<meta property=\"og:locale\" content=\"en_GB\" \/>\n<meta property=\"og:type\" content=\"article\" \/>\n<meta property=\"og:title\" content=\"Geschichte - Lehrwerke - Gymnasium Nordenham\" \/>\n<meta property=\"og:description\" content=\"Lehrwerke Momentan eingef\u00fchrte Lehrwerke f\u00fcr die Sch\u00fclerinnen und Sch\u00fcler: Jahrg\u00e4nge 5 und 6: Hans-Wilhelm Eckhardt (u.a.), Zeit f\u00fcr Geschichte, Gymnasium Niedersachsen 5 und 6, Braunschweig 2015. Jahrg\u00e4nge 7 und 8: s.o. Band 7 und 8 Jahrg\u00e4nge 9 und 10: derzeit &hellip; Continue reading &rarr;\" \/>\n<meta property=\"og:url\" content=\"https:\/\/gymnasium-nordenham.de\/en\/geschichte-lehrwerke\/\" \/>\n<meta property=\"og:site_name\" content=\"Gymnasium Nordenham\" \/>\n<meta property=\"article:modified_time\" content=\"2020-12-22T21:46:11+00:00\" \/>\n<meta name=\"twitter:card\" content=\"summary_large_image\" \/>\n<script type=\"application\/ld+json\" class=\"yoast-schema-graph\">{\"@context\":\"https:\\\/\\\/schema.org\",\"@graph\":[{\"@type\":\"WebPage\",\"@id\":\"https:\\\/\\\/gymnasium-nordenham.de\\\/geschichte-lehrwerke\",\"url\":\"https:\\\/\\\/gymnasium-nordenham.de\\\/geschichte-lehrwerke\",\"name\":\"Geschichte - Lehrwerke - Gymnasium Nordenham\",\"isPartOf\":{\"@id\":\"https:\\\/\\\/gymnasium-nordenham.de\\\/#website\"},\"datePublished\":\"2020-05-21T12:04:15+00:00\",\"dateModified\":\"2020-12-22T21:46:11+00:00\",\"breadcrumb\":{\"@id\":\"https:\\\/\\\/gymnasium-nordenham.de\\\/geschichte-lehrwerke#breadcrumb\"},\"inLanguage\":\"en-GB\",\"potentialAction\":[{\"@type\":\"ReadAction\",\"target\":[\"https:\\\/\\\/gymnasium-nordenham.de\\\/geschichte-lehrwerke\"]}]},{\"@type\":\"BreadcrumbList\",\"@id\":\"https:\\\/\\\/gymnasium-nordenham.de\\\/geschichte-lehrwerke#breadcrumb\",\"itemListElement\":[{\"@type\":\"ListItem\",\"position\":1,\"name\":\"Startseite\",\"item\":\"https:\\\/\\\/gymnasium-nordenham.de\\\/\"},{\"@type\":\"ListItem\",\"position\":2,\"name\":\"Geschichte &#8211; Lehrwerke\"}]},{\"@type\":\"WebSite\",\"@id\":\"https:\\\/\\\/gymnasium-nordenham.de\\\/#website\",\"url\":\"https:\\\/\\\/gymnasium-nordenham.de\\\/\",\"name\":\"Gymnasium Nordenham\",\"description\":\"Miteinander, voneinander und f\u00fcreinander lernen\",\"potentialAction\":[{\"@type\":\"SearchAction\",\"target\":{\"@type\":\"EntryPoint\",\"urlTemplate\":\"https:\\\/\\\/gymnasium-nordenham.de\\\/?s={search_term_string}\"},\"query-input\":{\"@type\":\"PropertyValueSpecification\",\"valueRequired\":true,\"valueName\":\"search_term_string\"}}],\"inLanguage\":\"en-GB\"}]}<\/script>\n<!-- \/ Yoast SEO plugin. -->","yoast_head_json":{"title":"Geschichte - Lehrwerke - Gymnasium Nordenham","robots":{"index":"index","follow":"follow","max-snippet":"max-snippet:-1","max-image-preview":"max-image-preview:large","max-video-preview":"max-video-preview:-1"},"canonical":"https:\/\/gymnasium-nordenham.de\/en\/geschichte-lehrwerke\/","og_locale":"en_GB","og_type":"article","og_title":"Geschichte - Lehrwerke - Gymnasium Nordenham","og_description":"Lehrwerke Momentan eingef\u00fchrte Lehrwerke f\u00fcr die Sch\u00fclerinnen und Sch\u00fcler: Jahrg\u00e4nge 5 und 6: Hans-Wilhelm Eckhardt (u.a.), Zeit f\u00fcr Geschichte, Gymnasium Niedersachsen 5 und 6, Braunschweig 2015. Jahrg\u00e4nge 7 und 8: s.o. Band 7 und 8 Jahrg\u00e4nge 9 und 10: derzeit &hellip; Continue reading &rarr;","og_url":"https:\/\/gymnasium-nordenham.de\/en\/geschichte-lehrwerke\/","og_site_name":"Gymnasium Nordenham","article_modified_time":"2020-12-22T21:46:11+00:00","twitter_card":"summary_large_image","schema":{"@context":"https:\/\/schema.org","@graph":[{"@type":"WebPage","@id":"https:\/\/gymnasium-nordenham.de\/geschichte-lehrwerke","url":"https:\/\/gymnasium-nordenham.de\/geschichte-lehrwerke","name":"Geschichte - Lehrwerke - Gymnasium Nordenham","isPartOf":{"@id":"https:\/\/gymnasium-nordenham.de\/#website"},"datePublished":"2020-05-21T12:04:15+00:00","dateModified":"2020-12-22T21:46:11+00:00","breadcrumb":{"@id":"https:\/\/gymnasium-nordenham.de\/geschichte-lehrwerke#breadcrumb"},"inLanguage":"en-GB","potentialAction":[{"@type":"ReadAction","target":["https:\/\/gymnasium-nordenham.de\/geschichte-lehrwerke"]}]},{"@type":"BreadcrumbList","@id":"https:\/\/gymnasium-nordenham.de\/geschichte-lehrwerke#breadcrumb","itemListElement":[{"@type":"ListItem","position":1,"name":"Startseite","item":"https:\/\/gymnasium-nordenham.de\/"},{"@type":"ListItem","position":2,"name":"Geschichte &#8211; Lehrwerke"}]},{"@type":"WebSite","@id":"https:\/\/gymnasium-nordenham.de\/#website","url":"https:\/\/gymnasium-nordenham.de\/","name":"Gymnasium Nordenham","description":"Miteinander, voneinander und f\u00fcreinander lernen","potentialAction":[{"@type":"SearchAction","target":{"@type":"EntryPoint","urlTemplate":"https:\/\/gymnasium-nordenham.de\/?s={search_term_string}"},"query-input":{"@type":"PropertyValueSpecification","valueRequired":true,"valueName":"search_term_string"}}],"inLanguage":"en-GB"}]}},"_links":{"self":[{"href":"https:\/\/gymnasium-nordenham.de\/en\/wp-json\/wp\/v2\/pages\/1973","targetHints":{"allow":["GET"]}}],"collection":[{"href":"https:\/\/gymnasium-nordenham.de\/en\/wp-json\/wp\/v2\/pages"}],"about":[{"href":"https:\/\/gymnasium-nordenham.de\/en\/wp-json\/wp\/v2\/types\/page"}],"author":[{"embeddable":true,"href":"https:\/\/gymnasium-nordenham.de\/en\/wp-json\/wp\/v2\/users\/4"}],"replies":[{"embeddable":true,"href":"https:\/\/gymnasium-nordenham.de\/en\/wp-json\/wp\/v2\/comments?post=1973"}],"version-history":[{"count":0,"href":"https:\/\/gymnasium-nordenham.de\/en\/wp-json\/wp\/v2\/pages\/1973\/revisions"}],"wp:attachment":[{"href":"https:\/\/gymnasium-nordenham.de\/en\/wp-json\/wp\/v2\/media?parent=1973"}],"curies":[{"name":"wp","href":"https:\/\/api.w.org\/{rel}","templated":true}]}}