{"id":1969,"date":"2020-05-21T14:02:54","date_gmt":"2020-05-21T12:02:54","guid":{"rendered":"https:\/\/gymnasiumnordenhamtest.live-website.com\/?page_id=1969"},"modified":"2021-10-13T21:30:48","modified_gmt":"2021-10-13T19:30:48","slug":"geschichte-am-gn","status":"publish","type":"page","link":"https:\/\/gymnasium-nordenham.de\/en\/geschichte-am-gn","title":{"rendered":"Geschichte am GN"},"content":{"rendered":"<div data-elementor-type=\"wp-page\" data-elementor-id=\"1969\" class=\"elementor elementor-1969\" data-elementor-post-type=\"page\">\n\t\t\t\t\t\t<section class=\"elementor-section elementor-top-section elementor-element elementor-element-5257c4b elementor-section-full_width elementor-section-height-default elementor-section-height-default\" data-id=\"5257c4b\" data-element_type=\"section\" data-e-type=\"section\">\n\t\t\t\t\t\t<div class=\"elementor-container elementor-column-gap-default\">\n\t\t\t\t\t<div class=\"elementor-column elementor-col-100 elementor-top-column elementor-element elementor-element-929ce8f\" data-id=\"929ce8f\" data-element_type=\"column\" data-e-type=\"column\" data-settings=\"{&quot;background_background&quot;:&quot;classic&quot;}\">\n\t\t\t<div class=\"elementor-widget-wrap elementor-element-populated\">\n\t\t\t\t\t\t<div class=\"elementor-element elementor-element-de78d44 elementor-widget elementor-widget-heading\" data-id=\"de78d44\" data-element_type=\"widget\" data-e-type=\"widget\" data-widget_type=\"heading.default\">\n\t\t\t\t<div class=\"elementor-widget-container\">\n\t\t\t\t\t<h2 class=\"elementor-heading-title elementor-size-large\">Geschichte<\/h2>\t\t\t\t<\/div>\n\t\t\t\t<\/div>\n\t\t\t\t\t<\/div>\n\t\t<\/div>\n\t\t\t\t\t<\/div>\n\t\t<\/section>\n\t\t\t\t<section class=\"elementor-section elementor-top-section elementor-element elementor-element-9215942 elementor-section-full_width elementor-section-height-default elementor-section-height-default\" data-id=\"9215942\" data-element_type=\"section\" data-e-type=\"section\">\n\t\t\t\t\t\t<div class=\"elementor-container elementor-column-gap-default\">\n\t\t\t\t\t<div class=\"elementor-column elementor-col-66 elementor-top-column elementor-element elementor-element-bc4bb8e\" data-id=\"bc4bb8e\" data-element_type=\"column\" data-e-type=\"column\">\n\t\t\t<div class=\"elementor-widget-wrap elementor-element-populated\">\n\t\t\t\t\t\t<div class=\"elementor-element elementor-element-530b1bf elementor-widget elementor-widget-image\" data-id=\"530b1bf\" data-element_type=\"widget\" data-e-type=\"widget\" data-widget_type=\"image.default\">\n\t\t\t\t<div class=\"elementor-widget-container\">\n\t\t\t\t\t\t\t\t\t\t\t\t\t\t\t<img fetchpriority=\"high\" decoding=\"async\" width=\"1536\" height=\"834\" src=\"https:\/\/gymnasium-nordenham.de\/wp-content\/uploads\/2020\/05\/GE_BILD-1536x834.jpg\" class=\"attachment-1536x1536 size-1536x1536 wp-image-1968\" alt=\"\" srcset=\"https:\/\/gymnasium-nordenham.de\/wp-content\/uploads\/2020\/05\/GE_BILD-1536x834.jpg 1536w, https:\/\/gymnasium-nordenham.de\/wp-content\/uploads\/2020\/05\/GE_BILD-300x163.jpg 300w, https:\/\/gymnasium-nordenham.de\/wp-content\/uploads\/2020\/05\/GE_BILD-1024x556.jpg 1024w, https:\/\/gymnasium-nordenham.de\/wp-content\/uploads\/2020\/05\/GE_BILD-768x417.jpg 768w, https:\/\/gymnasium-nordenham.de\/wp-content\/uploads\/2020\/05\/GE_BILD.jpg 1776w\" sizes=\"(max-width: 1536px) 100vw, 1536px\" \/>\t\t\t\t\t\t\t\t\t\t\t\t\t\t\t<\/div>\n\t\t\t\t<\/div>\n\t\t\t\t<div class=\"elementor-element elementor-element-99d1e08 elementor-widget elementor-widget-text-editor\" data-id=\"99d1e08\" data-element_type=\"widget\" data-e-type=\"widget\" data-widget_type=\"text-editor.default\">\n\t\t\t\t<div class=\"elementor-widget-container\">\n\t\t\t\t\t\t\t\t\t<p style=\"text-align: right;\"><span style=\"font-family: georgia, palatino, serif; font-size: 10pt;\">Foto: Ann-Katrin Edel<\/span><\/p>\t\t\t\t\t\t\t\t<\/div>\n\t\t\t\t<\/div>\n\t\t\t\t<div class=\"elementor-element elementor-element-809aad3 elementor-widget elementor-widget-text-editor\" data-id=\"809aad3\" data-element_type=\"widget\" data-e-type=\"widget\" data-widget_type=\"text-editor.default\">\n\t\t\t\t<div class=\"elementor-widget-container\">\n\t\t\t\t\t\t\t\t\t<p style=\"text-align: justify;\"><span style=\"font-family: georgia, palatino, serif; font-size: 12pt;\">Das Fach Geschichte geh\u00f6rt im Land Niedersachsen zum F\u00e4cherkanon des Gymnasiums und leistet einen wichtigen Beitrag bez\u00fcglich einer modernen, kompetenzorientierten Bildung. Bereits ab der f\u00fcnften Klasse wird das Fach epochal oder ganzj\u00e4hrig bis zur Oberstufe unterrichtet. Ab Jahrgang 12 kann das Fach sowohl auf grundlegendem als auch auf erh\u00f6htem Anforderungsniveau angew\u00e4hlt werden. Sch\u00fclerinnen und Sch\u00fcler haben demnach die M\u00f6glichkeit, eine der Abiturpr\u00fcfungen in Geschichte als m\u00fcndliche oder schriftliche Pr\u00fcfung abzulegen.<\/span><\/p>\n<p style=\"text-align: justify;\"><span style=\"font-family: georgia, palatino, serif; font-size: 12pt;\">Die Sch\u00fclerinnen und Sch\u00fcler sollen im Laufe ihrer Schulzeit ein reflektiertes Geschichtsbewusstsein erlangen und diesbez\u00fcglich Problemlagen erkennen und bewerten, die in der heutigen Zeit immer wieder hervortreten. Zur Herausbildung eines historischen Denkens erlernen die Sch\u00fclerinnen und Sch\u00fcler die F\u00e4higkeit, geschichtliche Ereignisse u.a. zu analysieren, zu deuten und zu vergleichen. Die Sch\u00fclerinnen und Sch\u00fcler sollen durch historische Bildung dazu ermutigt werden, am geschichtlichen Diskurs teilzunehmen und sich der Mitgestaltung von Gegenwart und Zukunft bewusst zu werden.<\/span><\/p>\n<p style=\"text-align: justify;\"><span style=\"font-family: georgia, palatino, serif; font-size: 12pt;\">Ebenso wie Geschichte stets einem Wandel unterlegen ist, so ist es auch der Geschichtsunterricht. Schon l\u00e4ngst ist aus dem einstigen <em>Lernfach<\/em> ein <em>Denkfach<\/em> geworden, welches \u00fcber die Aneinanderreihung chronologischen Fachwissens weit hinaus geht. Geschichtsunterricht bietet vielmehr die M\u00f6glichkeit, Erkenntnisse zu gewinnen und Orientierung zu erfahren und kritisch-reflektiert mit Ereignissen umzugehen.<\/span><\/p>\n<p style=\"text-align: justify;\"><span style=\"font-family: georgia, palatino, serif; font-size: 12pt;\">Um den Sch\u00fclern eine bestm\u00f6gliche Auseinandersetzung mit historischen Themen zu erm\u00f6glichen, werden sie in der Sekundarstufe I chronologisch mit allen relevanten Phasen der (vorrangig) europ\u00e4ischen Geschichte vertraut gemacht. Dabei lernen sie sowohl fr\u00fche Hochkulturen als auch das antike bis neuzeitliche Zeitalter kennen (grobe Themenu\u0308bersicht nach G9):<\/span><\/p>\n<p style=\"text-align: justify;\"><span style=\"font-family: georgia, palatino, serif; font-size: 12pt;\"><br><\/span><\/p>\n<table>\n<tbody>\n<tr>\n<td width=\"461\">\n<p><span style=\"font-family: georgia, palatino, serif; font-size: 12pt;\">Jahrgang 5\/6<\/span><\/p>\n<\/td>\n<td width=\"461\">\n<p><span style=\"font-family: georgia, palatino, serif; font-size: 12pt;\">\u2022 Die Alt- und Jungsteinzeit<\/span><\/p>\n<p><span style=\"font-family: georgia, palatino, serif; font-size: 12pt;\">\u2022 Das Alte \u00c4gypten<\/span><\/p>\n<p><span style=\"font-family: georgia, palatino, serif; font-size: 12pt;\">\u2022 Das antike Griechenland<\/span><\/p>\n<p><span style=\"font-family: georgia, palatino, serif; font-size: 12pt;\">\u2022 Das R\u00f6mische Reich<\/span><\/p>\n<p><span style=\"font-family: georgia, palatino, serif; font-size: 12pt;\">\u2022 Herrschaft und Leben im Mittelalter<\/span><\/p>\n<p><span style=\"font-family: georgia, palatino, serif; font-size: 12pt;\">\u2022 Unterschiedliche Formen von Kulturbegegnung<\/span><\/p>\n<p><span style=\"font-family: georgia, palatino, serif; font-size: 12pt;\">\u2022 Die Welt des Sp\u00e4tmittelalters<\/span><\/p>\n<p><span style=\"font-family: georgia, palatino, serif; font-size: 12pt;\">&nbsp;<\/span><\/p>\n<\/td>\n<\/tr>\n<tr>\n<td width=\"461\">\n<p><span style=\"font-family: georgia, palatino, serif; font-size: 12pt;\">Jahrgang 7\/8<\/span><\/p>\n<\/td>\n<td width=\"461\">\n<p><span style=\"font-family: georgia, palatino, serif; font-size: 12pt;\">\u2022 Der fr\u00fchneuzeitliche F\u00fcrstenstaat<\/span><\/p>\n<p><span style=\"font-family: georgia, palatino, serif; font-size: 12pt;\">\u2022 Das Zeitalter der b\u00fcrgerlichen Revolutionen<\/span><\/p>\n<p><span style=\"font-family: georgia, palatino, serif; font-size: 12pt;\">\u2022 Industrialisierung<\/span><\/p>\n<p><span style=\"font-family: georgia, palatino, serif; font-size: 12pt;\">\u2022 Der deutsche Nationalstaat entsteht<\/span><\/p>\n<p><span style=\"font-family: georgia, palatino, serif; font-size: 12pt;\">\u2022 Die soziale Frage<\/span><\/p>\n<p><span style=\"font-family: georgia, palatino, serif; font-size: 12pt;\">\u2022 Imperialismus<\/span><\/p>\n<p><span style=\"font-family: georgia, palatino, serif; font-size: 12pt;\">\u2022 Der Erste Weltkrieg<\/span><\/p>\n<p><span style=\"font-family: georgia, palatino, serif; font-size: 12pt;\">&nbsp;<\/span><\/p>\n<\/td>\n<\/tr>\n<tr>\n<td width=\"461\">\n<p><span style=\"font-family: georgia, palatino, serif; font-size: 12pt;\">Jahrgang 9\/10<\/span><\/p>\n<\/td>\n<td width=\"461\">\n<p><span style=\"font-family: georgia, palatino, serif; font-size: 12pt;\">\u2022 Die Weimarer Republik<\/span><\/p>\n<p><span style=\"font-family: georgia, palatino, serif; font-size: 12pt;\">\u2022 Nationalsozialismus und Zweiter Weltkrieg<\/span><\/p>\n<p><span style=\"font-family: georgia, palatino, serif; font-size: 12pt;\">\u2022 Deutschland nach 1945<\/span><\/p>\n<p><span style=\"font-family: georgia, palatino, serif; font-size: 12pt;\">\u2022 Zwei deutsche Staaten<\/span><\/p>\n<p><span style=\"font-family: georgia, palatino, serif; font-size: 12pt;\">\u2022 Wiedervereinigung<\/span><\/p><p><span style=\"font-family: georgia, palatino, serif; font-size: 12pt;\"><br><\/span><\/p>\n<\/td>\n<\/tr>\n<\/tbody>\n<\/table>\n<p style=\"text-align: justify;\"><span style=\"font-family: georgia, palatino, serif; font-size: 12pt;\">Die thematischen Schwerpunkte lassen sich dabei nach folgenden Aspekten strukturieren: a) Herrschaft und Staatlichkeit, b) Gesellschaft und Recht, c) Weltdeutung und Religion, d) Wirtschaft und Umwelt und e) Transkulturalit\u00e4t. Ebenso werden altersgerecht bzw. jahrgangsspezifisch verschiedene Kompetenzbereiche wie Sach-, Methoden-, Urteils- und Medienkompetenz vermittelt.<\/span><\/p>\n<p style=\"text-align: justify;\"><span style=\"font-size: 12pt; font-family: georgia, palatino, serif;\">Gem\u00e4\u00df den Vorgaben des Nieders\u00e4chsischen Kultusministeriums werden die Sch\u00fclerinnen und Sch\u00fcler der Sekundarstufe II vor allem mit sinnvoll ausgew\u00e4hlten Themen konfrontiert, die <em>den gegenw\u00e4rtigen kulturellen, gesellschaftlichen und wissenschaftlichen Rahmenbedingungen <\/em>entsprechen<em>. <\/em>Besonders hervorzuheben sind hier Inhalte, die europ\u00e4ische Errungenschaften und historisch begr\u00fcndbare Werte, <em>die Christentum und Humanismus sowie die liberale, demokratische und soziale Freiheitsbewegungen hervorgebracht haben, <\/em>thematisieren. Das KC f\u00fcr das Fach Geschichte entspricht dabei selbstverst\u00e4ndlich dem GG der Bundesrepublik Deutschland, der Nieders\u00e4chsischen Verfassung sowie dem Schulgesetz des Landes.<\/span><\/p>\n<p style=\"text-align: justify;\"><span style=\"font-size: 12pt; font-family: georgia, palatino, serif;\">Ebenso erwerben die Sch\u00fclerinnen und Sch\u00fcler Kenntnisse \u00fcber <em>kulturelle Ph\u00e4nomene<\/em>, die <em>globalisierte Welt<\/em>, <em>wechselseitige Abh\u00e4ngigkeiten<\/em> und auch Verst\u00e4ndnis f\u00fcr <em>gesellschaftliche Entscheidungen<\/em>. Daran angelehnt sollen sie <em>Wertma\u00dfst\u00e4be f\u00fcr das eigene Handeln<\/em> herausbilden und <em>politische Bildung<\/em> erfahren. Insbesondere ein reflektierter Blick auf die Lebenswelt sowie eine aufgeschlossene und tolerante Haltung gegen\u00fcber inner- und au\u00dfereurop\u00e4ischen Kulturen sollen herausgebildet werden, sodass Geschichte auch einen deutlichen Gegenwartsbezug erf\u00e4hrt.<\/span><\/p>\n<p style=\"text-align: justify;\"><span style=\"font-size: 12pt; font-family: georgia, palatino, serif;\"><em>Nachweis: <a href=\"https:\/\/gymnasium-nordenham.de\/wp-content\/uploads\/2020\/12\/ge_go_kc_druck_2017.pdf\" target=\"_blank\" rel=\"noopener\">Nieders\u00e4chsisches Kultusministerium, Kerncurriculum f\u00fcr das Gymnasium<\/a> (Stand: Januar 2020)<\/em><\/span><\/p>\t\t\t\t\t\t\t\t<\/div>\n\t\t\t\t<\/div>\n\t\t\t\t\t<\/div>\n\t\t<\/div>\n\t\t\t\t<div class=\"elementor-column elementor-col-33 elementor-top-column elementor-element elementor-element-c25fcbf\" data-id=\"c25fcbf\" data-element_type=\"column\" data-e-type=\"column\">\n\t\t\t<div class=\"elementor-widget-wrap elementor-element-populated\">\n\t\t\t\t\t\t<div class=\"elementor-element elementor-element-497df0a elementor-invisible elementor-widget elementor-widget-wp-widget-nav_menu\" data-id=\"497df0a\" data-element_type=\"widget\" data-e-type=\"widget\" data-settings=\"{&quot;_animation&quot;:&quot;fadeInUp&quot;}\" data-widget_type=\"wp-widget-nav_menu.default\">\n\t\t\t\t<div class=\"elementor-widget-container\">\n\t\t\t\t\t<div class=\"menu-fachmenue-geschichte-container\"><ul id=\"menu-fachmenue-geschichte\" class=\"menu\"><li id=\"menu-item-1990\" class=\"menu-item menu-item-type-post_type menu-item-object-page menu-item-1990\"><a href=\"https:\/\/gymnasium-nordenham.de\/en\/geschichte-am-gn\">Geschichte am GN<\/a><\/li>\n<li id=\"menu-item-1988\" class=\"menu-item menu-item-type-post_type menu-item-object-page menu-item-1988\"><a href=\"https:\/\/gymnasium-nordenham.de\/en\/geschichte-lehrwerke\">Lehrwerke<\/a><\/li>\n<li id=\"menu-item-1987\" class=\"menu-item menu-item-type-post_type menu-item-object-page menu-item-1987\"><a href=\"https:\/\/gymnasium-nordenham.de\/en\/geschichte-curricula\">Curricula<\/a><\/li>\n<li id=\"menu-item-1986\" class=\"menu-item menu-item-type-post_type menu-item-object-page menu-item-1986\"><a href=\"https:\/\/gymnasium-nordenham.de\/en\/geschichte-klassenarbeiten-und-klausuren\">Klassenarbeiten und Klausuren<\/a><\/li>\n<li id=\"menu-item-1985\" class=\"menu-item menu-item-type-post_type menu-item-object-page menu-item-1985\"><a href=\"https:\/\/gymnasium-nordenham.de\/en\/geschichte-weitere-angebote\">Weitere Angebote<\/a><\/li>\n<\/ul><\/div>\t\t\t\t<\/div>\n\t\t\t\t<\/div>\n\t\t\t\t\t<\/div>\n\t\t<\/div>\n\t\t\t\t\t<\/div>\n\t\t<\/section>\n\t\t\t\t<\/div>","protected":false},"excerpt":{"rendered":"<p>Geschichte Foto: Ann-Katrin Edel Das Fach Geschichte geh\u00f6rt im Land Niedersachsen zum F\u00e4cherkanon des Gymnasiums und leistet einen wichtigen Beitrag bez\u00fcglich einer modernen, kompetenzorientierten Bildung. Bereits ab der f\u00fcnften Klasse wird das Fach epochal oder ganzj\u00e4hrig bis zur Oberstufe unterrichtet. &hellip; <a href=\"https:\/\/gymnasium-nordenham.de\/en\/geschichte-am-gn\">Continue reading <span class=\"meta-nav\">&rarr;<\/span><\/a><\/p>","protected":false},"author":4,"featured_media":0,"parent":0,"menu_order":0,"comment_status":"closed","ping_status":"closed","template":"elementor_header_footer","meta":{"_crdt_document":"","footnotes":""},"class_list":["post-1969","page","type-page","status-publish","hentry"],"yoast_head":"<!-- This site is optimized with the Yoast SEO plugin v27.3 - https:\/\/yoast.com\/product\/yoast-seo-wordpress\/ -->\n<title>Geschichte am GN - Gymnasium Nordenham<\/title>\n<meta name=\"robots\" content=\"index, follow, max-snippet:-1, max-image-preview:large, max-video-preview:-1\" \/>\n<link rel=\"canonical\" href=\"https:\/\/gymnasium-nordenham.de\/en\/geschichte-am-gn\/\" \/>\n<meta property=\"og:locale\" content=\"en_GB\" \/>\n<meta property=\"og:type\" content=\"article\" \/>\n<meta property=\"og:title\" content=\"Geschichte am GN - Gymnasium Nordenham\" \/>\n<meta property=\"og:description\" content=\"Geschichte Foto: Ann-Katrin Edel Das Fach Geschichte geh\u00f6rt im Land Niedersachsen zum F\u00e4cherkanon des Gymnasiums und leistet einen wichtigen Beitrag bez\u00fcglich einer modernen, kompetenzorientierten Bildung. Bereits ab der f\u00fcnften Klasse wird das Fach epochal oder ganzj\u00e4hrig bis zur Oberstufe unterrichtet. &hellip; Continue reading &rarr;\" \/>\n<meta property=\"og:url\" content=\"https:\/\/gymnasium-nordenham.de\/en\/geschichte-am-gn\/\" \/>\n<meta property=\"og:site_name\" content=\"Gymnasium Nordenham\" \/>\n<meta property=\"article:modified_time\" content=\"2021-10-13T19:30:48+00:00\" \/>\n<meta property=\"og:image\" content=\"https:\/\/gymnasium-nordenham.de\/wp-content\/uploads\/2020\/05\/GE_BILD-1536x834.jpg\" \/>\n<meta name=\"twitter:card\" content=\"summary_large_image\" \/>\n<meta name=\"twitter:label1\" content=\"Estimated reading time\" \/>\n\t<meta name=\"twitter:data1\" content=\"3 minutes\" \/>\n<script type=\"application\/ld+json\" class=\"yoast-schema-graph\">{\"@context\":\"https:\\\/\\\/schema.org\",\"@graph\":[{\"@type\":\"WebPage\",\"@id\":\"https:\\\/\\\/gymnasium-nordenham.de\\\/geschichte-am-gn\",\"url\":\"https:\\\/\\\/gymnasium-nordenham.de\\\/geschichte-am-gn\",\"name\":\"Geschichte am GN - Gymnasium Nordenham\",\"isPartOf\":{\"@id\":\"https:\\\/\\\/gymnasium-nordenham.de\\\/#website\"},\"primaryImageOfPage\":{\"@id\":\"https:\\\/\\\/gymnasium-nordenham.de\\\/geschichte-am-gn#primaryimage\"},\"image\":{\"@id\":\"https:\\\/\\\/gymnasium-nordenham.de\\\/geschichte-am-gn#primaryimage\"},\"thumbnailUrl\":\"https:\\\/\\\/gymnasium-nordenham.de\\\/wp-content\\\/uploads\\\/2020\\\/05\\\/GE_BILD-1536x834.jpg\",\"datePublished\":\"2020-05-21T12:02:54+00:00\",\"dateModified\":\"2021-10-13T19:30:48+00:00\",\"breadcrumb\":{\"@id\":\"https:\\\/\\\/gymnasium-nordenham.de\\\/geschichte-am-gn#breadcrumb\"},\"inLanguage\":\"en-GB\",\"potentialAction\":[{\"@type\":\"ReadAction\",\"target\":[\"https:\\\/\\\/gymnasium-nordenham.de\\\/geschichte-am-gn\"]}]},{\"@type\":\"ImageObject\",\"inLanguage\":\"en-GB\",\"@id\":\"https:\\\/\\\/gymnasium-nordenham.de\\\/geschichte-am-gn#primaryimage\",\"url\":\"https:\\\/\\\/gymnasium-nordenham.de\\\/wp-content\\\/uploads\\\/2020\\\/05\\\/GE_BILD-1536x834.jpg\",\"contentUrl\":\"https:\\\/\\\/gymnasium-nordenham.de\\\/wp-content\\\/uploads\\\/2020\\\/05\\\/GE_BILD-1536x834.jpg\"},{\"@type\":\"BreadcrumbList\",\"@id\":\"https:\\\/\\\/gymnasium-nordenham.de\\\/geschichte-am-gn#breadcrumb\",\"itemListElement\":[{\"@type\":\"ListItem\",\"position\":1,\"name\":\"Startseite\",\"item\":\"https:\\\/\\\/gymnasium-nordenham.de\\\/\"},{\"@type\":\"ListItem\",\"position\":2,\"name\":\"Geschichte am GN\"}]},{\"@type\":\"WebSite\",\"@id\":\"https:\\\/\\\/gymnasium-nordenham.de\\\/#website\",\"url\":\"https:\\\/\\\/gymnasium-nordenham.de\\\/\",\"name\":\"Gymnasium Nordenham\",\"description\":\"Miteinander, voneinander und f\u00fcreinander lernen\",\"potentialAction\":[{\"@type\":\"SearchAction\",\"target\":{\"@type\":\"EntryPoint\",\"urlTemplate\":\"https:\\\/\\\/gymnasium-nordenham.de\\\/?s={search_term_string}\"},\"query-input\":{\"@type\":\"PropertyValueSpecification\",\"valueRequired\":true,\"valueName\":\"search_term_string\"}}],\"inLanguage\":\"en-GB\"}]}<\/script>\n<!-- \/ Yoast SEO plugin. -->","yoast_head_json":{"title":"Geschichte am GN - Gymnasium Nordenham","robots":{"index":"index","follow":"follow","max-snippet":"max-snippet:-1","max-image-preview":"max-image-preview:large","max-video-preview":"max-video-preview:-1"},"canonical":"https:\/\/gymnasium-nordenham.de\/en\/geschichte-am-gn\/","og_locale":"en_GB","og_type":"article","og_title":"Geschichte am GN - Gymnasium Nordenham","og_description":"Geschichte Foto: Ann-Katrin Edel Das Fach Geschichte geh\u00f6rt im Land Niedersachsen zum F\u00e4cherkanon des Gymnasiums und leistet einen wichtigen Beitrag bez\u00fcglich einer modernen, kompetenzorientierten Bildung. Bereits ab der f\u00fcnften Klasse wird das Fach epochal oder ganzj\u00e4hrig bis zur Oberstufe unterrichtet. &hellip; Continue reading &rarr;","og_url":"https:\/\/gymnasium-nordenham.de\/en\/geschichte-am-gn\/","og_site_name":"Gymnasium Nordenham","article_modified_time":"2021-10-13T19:30:48+00:00","og_image":[{"url":"https:\/\/gymnasium-nordenham.de\/wp-content\/uploads\/2020\/05\/GE_BILD-1536x834.jpg","type":"","width":"","height":""}],"twitter_card":"summary_large_image","twitter_misc":{"Estimated reading time":"3 minutes"},"schema":{"@context":"https:\/\/schema.org","@graph":[{"@type":"WebPage","@id":"https:\/\/gymnasium-nordenham.de\/geschichte-am-gn","url":"https:\/\/gymnasium-nordenham.de\/geschichte-am-gn","name":"Geschichte am GN - Gymnasium Nordenham","isPartOf":{"@id":"https:\/\/gymnasium-nordenham.de\/#website"},"primaryImageOfPage":{"@id":"https:\/\/gymnasium-nordenham.de\/geschichte-am-gn#primaryimage"},"image":{"@id":"https:\/\/gymnasium-nordenham.de\/geschichte-am-gn#primaryimage"},"thumbnailUrl":"https:\/\/gymnasium-nordenham.de\/wp-content\/uploads\/2020\/05\/GE_BILD-1536x834.jpg","datePublished":"2020-05-21T12:02:54+00:00","dateModified":"2021-10-13T19:30:48+00:00","breadcrumb":{"@id":"https:\/\/gymnasium-nordenham.de\/geschichte-am-gn#breadcrumb"},"inLanguage":"en-GB","potentialAction":[{"@type":"ReadAction","target":["https:\/\/gymnasium-nordenham.de\/geschichte-am-gn"]}]},{"@type":"ImageObject","inLanguage":"en-GB","@id":"https:\/\/gymnasium-nordenham.de\/geschichte-am-gn#primaryimage","url":"https:\/\/gymnasium-nordenham.de\/wp-content\/uploads\/2020\/05\/GE_BILD-1536x834.jpg","contentUrl":"https:\/\/gymnasium-nordenham.de\/wp-content\/uploads\/2020\/05\/GE_BILD-1536x834.jpg"},{"@type":"BreadcrumbList","@id":"https:\/\/gymnasium-nordenham.de\/geschichte-am-gn#breadcrumb","itemListElement":[{"@type":"ListItem","position":1,"name":"Startseite","item":"https:\/\/gymnasium-nordenham.de\/"},{"@type":"ListItem","position":2,"name":"Geschichte am GN"}]},{"@type":"WebSite","@id":"https:\/\/gymnasium-nordenham.de\/#website","url":"https:\/\/gymnasium-nordenham.de\/","name":"Gymnasium Nordenham","description":"Miteinander, voneinander und f\u00fcreinander lernen","potentialAction":[{"@type":"SearchAction","target":{"@type":"EntryPoint","urlTemplate":"https:\/\/gymnasium-nordenham.de\/?s={search_term_string}"},"query-input":{"@type":"PropertyValueSpecification","valueRequired":true,"valueName":"search_term_string"}}],"inLanguage":"en-GB"}]}},"_links":{"self":[{"href":"https:\/\/gymnasium-nordenham.de\/en\/wp-json\/wp\/v2\/pages\/1969","targetHints":{"allow":["GET"]}}],"collection":[{"href":"https:\/\/gymnasium-nordenham.de\/en\/wp-json\/wp\/v2\/pages"}],"about":[{"href":"https:\/\/gymnasium-nordenham.de\/en\/wp-json\/wp\/v2\/types\/page"}],"author":[{"embeddable":true,"href":"https:\/\/gymnasium-nordenham.de\/en\/wp-json\/wp\/v2\/users\/4"}],"replies":[{"embeddable":true,"href":"https:\/\/gymnasium-nordenham.de\/en\/wp-json\/wp\/v2\/comments?post=1969"}],"version-history":[{"count":0,"href":"https:\/\/gymnasium-nordenham.de\/en\/wp-json\/wp\/v2\/pages\/1969\/revisions"}],"wp:attachment":[{"href":"https:\/\/gymnasium-nordenham.de\/en\/wp-json\/wp\/v2\/media?parent=1969"}],"curies":[{"name":"wp","href":"https:\/\/api.w.org\/{rel}","templated":true}]}}