{"id":1936,"date":"2020-05-21T12:40:37","date_gmt":"2020-05-21T10:40:37","guid":{"rendered":"https:\/\/gymnasiumnordenhamtest.live-website.com\/?page_id=1936"},"modified":"2022-08-23T08:37:39","modified_gmt":"2022-08-23T06:37:39","slug":"franzoesisch-klassenarbeiten-und-klausuren","status":"publish","type":"page","link":"https:\/\/gymnasium-nordenham.de\/en\/franzoesisch-klassenarbeiten-und-klausuren","title":{"rendered":"Franz\u00f6sisch &#8211; Klassenarbeiten und Klausuren"},"content":{"rendered":"<div data-elementor-type=\"wp-page\" data-elementor-id=\"1936\" class=\"elementor elementor-1936\" data-elementor-post-type=\"page\">\n\t\t\t\t\t\t<section class=\"elementor-section elementor-top-section elementor-element elementor-element-5257c4b elementor-section-full_width elementor-section-height-default elementor-section-height-default\" data-id=\"5257c4b\" data-element_type=\"section\" data-e-type=\"section\">\n\t\t\t\t\t\t<div class=\"elementor-container elementor-column-gap-default\">\n\t\t\t\t\t<div class=\"elementor-column elementor-col-100 elementor-top-column elementor-element elementor-element-929ce8f\" data-id=\"929ce8f\" data-element_type=\"column\" data-e-type=\"column\" data-settings=\"{&quot;background_background&quot;:&quot;classic&quot;}\">\n\t\t\t<div class=\"elementor-widget-wrap elementor-element-populated\">\n\t\t\t\t\t\t<div class=\"elementor-element elementor-element-de78d44 elementor-widget elementor-widget-heading\" data-id=\"de78d44\" data-element_type=\"widget\" data-e-type=\"widget\" data-widget_type=\"heading.default\">\n\t\t\t\t<div class=\"elementor-widget-container\">\n\t\t\t\t\t<h2 class=\"elementor-heading-title elementor-size-large\">Klassenarbeiten und Klausuren<\/h2>\t\t\t\t<\/div>\n\t\t\t\t<\/div>\n\t\t\t\t\t<\/div>\n\t\t<\/div>\n\t\t\t\t\t<\/div>\n\t\t<\/section>\n\t\t\t\t<section class=\"elementor-section elementor-top-section elementor-element elementor-element-9215942 elementor-section-full_width elementor-section-height-default elementor-section-height-default\" data-id=\"9215942\" data-element_type=\"section\" data-e-type=\"section\">\n\t\t\t\t\t\t<div class=\"elementor-container elementor-column-gap-default\">\n\t\t\t\t\t<div class=\"elementor-column elementor-col-66 elementor-top-column elementor-element elementor-element-bc4bb8e\" data-id=\"bc4bb8e\" data-element_type=\"column\" data-e-type=\"column\">\n\t\t\t<div class=\"elementor-widget-wrap elementor-element-populated\">\n\t\t\t\t\t\t<div class=\"elementor-element elementor-element-809aad3 elementor-widget elementor-widget-text-editor\" data-id=\"809aad3\" data-element_type=\"widget\" data-e-type=\"widget\" data-widget_type=\"text-editor.default\">\n\t\t\t\t<div class=\"elementor-widget-container\">\n\t\t\t\t\t\t\t\t\t<p style=\"text-align: justify;\"><span style=\"font-size: 12pt; font-family: georgia, palatino, serif;\">Die Anzahl der Klassenarbeiten und Klausuren richtet sich nach den unterrichteten Wochenstunden.<\/span><\/p><p style=\"text-align: justify;\"><span style=\"font-size: 12pt; font-family: georgia, palatino, serif;\">Im Laufe eines Schuljahres werden dadurch alle Kompetenzen abgefragt, hierzu z\u00e4hlen z.B. Leseverstehen, H\u00f6rverstehen, Mediationsaufgaben, das Anwenden grammatikalischer Ph\u00e4nomene sowie das eigenst\u00e4ndige Verfassen von Texten.<\/span><\/p><p style=\"text-align: justify;\"><span style=\"font-size: 12pt; font-family: georgia, palatino, serif;\">In den Jahrgangsstufen 7 und 9 wird jeweils eine der vier Klassenarbeiten durch eine Sprechpr\u00fcfung ersetzt, die in ihrer Wertigkeit einer Klassenarbeit gleichgestellt sind.<\/span><\/p><p style=\"text-align: justify;\"><span style=\"font-size: 12pt; font-family: georgia, palatino, serif;\">Die Bewertung der verschiedenen Sch\u00fclerleistungen erfolgt entsprechend folgender Gewichtung:<\/span><\/p>\t\t\t\t\t\t\t\t<\/div>\n\t\t\t\t<\/div>\n\t\t\t\t<div class=\"elementor-element elementor-element-e0c7050 elementor-widget elementor-widget-image\" data-id=\"e0c7050\" data-element_type=\"widget\" data-e-type=\"widget\" data-widget_type=\"image.default\">\n\t\t\t\t<div class=\"elementor-widget-container\">\n\t\t\t\t\t\t\t\t\t\t\t\t\t\t\t<img fetchpriority=\"high\" decoding=\"async\" width=\"608\" height=\"258\" src=\"https:\/\/gymnasium-nordenham.de\/wp-content\/uploads\/2020\/05\/FR_NOTE.png\" class=\"attachment-large size-large wp-image-1956\" alt=\"\" srcset=\"https:\/\/gymnasium-nordenham.de\/wp-content\/uploads\/2020\/05\/FR_NOTE.png 608w, https:\/\/gymnasium-nordenham.de\/wp-content\/uploads\/2020\/05\/FR_NOTE-300x127.png 300w\" sizes=\"(max-width: 608px) 100vw, 608px\" \/>\t\t\t\t\t\t\t\t\t\t\t\t\t\t\t<\/div>\n\t\t\t\t<\/div>\n\t\t\t\t<div class=\"elementor-element elementor-element-fd0920d elementor-widget elementor-widget-text-editor\" data-id=\"fd0920d\" data-element_type=\"widget\" data-e-type=\"widget\" data-widget_type=\"text-editor.default\">\n\t\t\t\t<div class=\"elementor-widget-container\">\n\t\t\t\t\t\t\t\t\t<p style=\"text-align: justify;\"><span style=\"font-size: 12pt; font-family: georgia, palatino, serif;\">Die schriftlichen Leistungen in der Oberstufe werden durch drei zwei- bis dreist\u00fcndige Klausuren pro Schuljahr erhoben, i.d.R. werden zwei im ersten und die dritte Klausur im zweiten Halbjahr geschrieben &#8211; Ausnahmen: eine vierst\u00fcndige Klausur im Rahmen der Klausuren unter Abiturbedingungen, wenn das Fach Franz\u00f6sisch als P4-Fach (d.h. als schriftliches Abiturfach) angew\u00e4hlt wurde.<\/span><\/p>\t\t\t\t\t\t\t\t<\/div>\n\t\t\t\t<\/div>\n\t\t\t\t\t<\/div>\n\t\t<\/div>\n\t\t\t\t<div class=\"elementor-column elementor-col-33 elementor-top-column elementor-element elementor-element-c25fcbf\" data-id=\"c25fcbf\" data-element_type=\"column\" data-e-type=\"column\">\n\t\t\t<div class=\"elementor-widget-wrap elementor-element-populated\">\n\t\t\t\t\t\t<div class=\"elementor-element elementor-element-497df0a elementor-invisible elementor-widget elementor-widget-wp-widget-nav_menu\" data-id=\"497df0a\" data-element_type=\"widget\" data-e-type=\"widget\" data-settings=\"{&quot;_animation&quot;:&quot;fadeInUp&quot;}\" data-widget_type=\"wp-widget-nav_menu.default\">\n\t\t\t\t<div class=\"elementor-widget-container\">\n\t\t\t\t\t<div class=\"menu-fachmenue-franzoesisch-container\"><ul id=\"menu-fachmenue-franzoesisch\" class=\"menu\"><li id=\"menu-item-1945\" class=\"menu-item menu-item-type-post_type menu-item-object-page menu-item-1945\"><a href=\"https:\/\/gymnasium-nordenham.de\/en\/franzoesisch-am-gn\">Franz\u00f6sisch am GN<\/a><\/li>\n<li id=\"menu-item-1943\" class=\"menu-item menu-item-type-post_type menu-item-object-page menu-item-1943\"><a href=\"https:\/\/gymnasium-nordenham.de\/en\/franzoesisch-lehrwerke\">Lehrwerke<\/a><\/li>\n<li id=\"menu-item-1942\" class=\"menu-item menu-item-type-post_type menu-item-object-page menu-item-1942\"><a href=\"https:\/\/gymnasium-nordenham.de\/en\/franzoesisch-curricula\">Curricula<\/a><\/li>\n<li id=\"menu-item-1941\" class=\"menu-item menu-item-type-post_type menu-item-object-page menu-item-1941\"><a href=\"https:\/\/gymnasium-nordenham.de\/en\/franzoesisch-klassenarbeiten-und-klausuren\">Klassenarbeiten und Klausuren<\/a><\/li>\n<li id=\"menu-item-1940\" class=\"menu-item menu-item-type-post_type menu-item-object-page menu-item-1940\"><a href=\"https:\/\/gymnasium-nordenham.de\/en\/franzoesisch-weitere-angebote\">Weitere Angebote<\/a><\/li>\n<\/ul><\/div>\t\t\t\t<\/div>\n\t\t\t\t<\/div>\n\t\t\t\t\t<\/div>\n\t\t<\/div>\n\t\t\t\t\t<\/div>\n\t\t<\/section>\n\t\t\t\t<\/div>","protected":false},"excerpt":{"rendered":"<p>Klassenarbeiten und Klausuren Die Anzahl der Klassenarbeiten und Klausuren richtet sich nach den unterrichteten Wochenstunden. Im Laufe eines Schuljahres werden dadurch alle Kompetenzen abgefragt, hierzu z\u00e4hlen z.B. Leseverstehen, H\u00f6rverstehen, Mediationsaufgaben, das Anwenden grammatikalischer Ph\u00e4nomene sowie das eigenst\u00e4ndige Verfassen von Texten. &hellip; <a href=\"https:\/\/gymnasium-nordenham.de\/en\/franzoesisch-klassenarbeiten-und-klausuren\">Continue reading <span class=\"meta-nav\">&rarr;<\/span><\/a><\/p>","protected":false},"author":4,"featured_media":0,"parent":0,"menu_order":0,"comment_status":"closed","ping_status":"closed","template":"elementor_header_footer","meta":{"_crdt_document":"","footnotes":""},"class_list":["post-1936","page","type-page","status-publish","hentry"],"yoast_head":"<!-- This site is optimized with the Yoast SEO plugin v27.3 - https:\/\/yoast.com\/product\/yoast-seo-wordpress\/ -->\n<title>Franz\u00f6sisch - Klassenarbeiten und Klausuren - Gymnasium Nordenham<\/title>\n<meta name=\"robots\" content=\"index, follow, max-snippet:-1, max-image-preview:large, max-video-preview:-1\" \/>\n<link rel=\"canonical\" href=\"https:\/\/gymnasium-nordenham.de\/en\/franzoesisch-klassenarbeiten-und-klausuren\/\" \/>\n<meta property=\"og:locale\" content=\"en_GB\" \/>\n<meta property=\"og:type\" content=\"article\" \/>\n<meta property=\"og:title\" content=\"Franz\u00f6sisch - Klassenarbeiten und Klausuren - Gymnasium Nordenham\" \/>\n<meta property=\"og:description\" content=\"Klassenarbeiten und Klausuren Die Anzahl der Klassenarbeiten und Klausuren richtet sich nach den unterrichteten Wochenstunden. Im Laufe eines Schuljahres werden dadurch alle Kompetenzen abgefragt, hierzu z\u00e4hlen z.B. Leseverstehen, H\u00f6rverstehen, Mediationsaufgaben, das Anwenden grammatikalischer Ph\u00e4nomene sowie das eigenst\u00e4ndige Verfassen von Texten. &hellip; Continue reading &rarr;\" \/>\n<meta property=\"og:url\" content=\"https:\/\/gymnasium-nordenham.de\/en\/franzoesisch-klassenarbeiten-und-klausuren\/\" \/>\n<meta property=\"og:site_name\" content=\"Gymnasium Nordenham\" \/>\n<meta property=\"article:modified_time\" content=\"2022-08-23T06:37:39+00:00\" \/>\n<meta property=\"og:image\" content=\"https:\/\/gymnasium-nordenham.de\/wp-content\/uploads\/2020\/05\/FR_NOTE.png\" \/>\n<meta name=\"twitter:card\" content=\"summary_large_image\" \/>\n<meta name=\"twitter:label1\" content=\"Estimated reading time\" \/>\n\t<meta name=\"twitter:data1\" content=\"1 minute\" \/>\n<script type=\"application\/ld+json\" class=\"yoast-schema-graph\">{\"@context\":\"https:\\\/\\\/schema.org\",\"@graph\":[{\"@type\":\"WebPage\",\"@id\":\"https:\\\/\\\/gymnasium-nordenham.de\\\/franzoesisch-klassenarbeiten-und-klausuren\",\"url\":\"https:\\\/\\\/gymnasium-nordenham.de\\\/franzoesisch-klassenarbeiten-und-klausuren\",\"name\":\"Franz\u00f6sisch - Klassenarbeiten und Klausuren - Gymnasium Nordenham\",\"isPartOf\":{\"@id\":\"https:\\\/\\\/gymnasium-nordenham.de\\\/#website\"},\"primaryImageOfPage\":{\"@id\":\"https:\\\/\\\/gymnasium-nordenham.de\\\/franzoesisch-klassenarbeiten-und-klausuren#primaryimage\"},\"image\":{\"@id\":\"https:\\\/\\\/gymnasium-nordenham.de\\\/franzoesisch-klassenarbeiten-und-klausuren#primaryimage\"},\"thumbnailUrl\":\"https:\\\/\\\/gymnasium-nordenham.de\\\/wp-content\\\/uploads\\\/2020\\\/05\\\/FR_NOTE.png\",\"datePublished\":\"2020-05-21T10:40:37+00:00\",\"dateModified\":\"2022-08-23T06:37:39+00:00\",\"breadcrumb\":{\"@id\":\"https:\\\/\\\/gymnasium-nordenham.de\\\/franzoesisch-klassenarbeiten-und-klausuren#breadcrumb\"},\"inLanguage\":\"en-GB\",\"potentialAction\":[{\"@type\":\"ReadAction\",\"target\":[\"https:\\\/\\\/gymnasium-nordenham.de\\\/franzoesisch-klassenarbeiten-und-klausuren\"]}]},{\"@type\":\"ImageObject\",\"inLanguage\":\"en-GB\",\"@id\":\"https:\\\/\\\/gymnasium-nordenham.de\\\/franzoesisch-klassenarbeiten-und-klausuren#primaryimage\",\"url\":\"https:\\\/\\\/gymnasium-nordenham.de\\\/wp-content\\\/uploads\\\/2020\\\/05\\\/FR_NOTE.png\",\"contentUrl\":\"https:\\\/\\\/gymnasium-nordenham.de\\\/wp-content\\\/uploads\\\/2020\\\/05\\\/FR_NOTE.png\"},{\"@type\":\"BreadcrumbList\",\"@id\":\"https:\\\/\\\/gymnasium-nordenham.de\\\/franzoesisch-klassenarbeiten-und-klausuren#breadcrumb\",\"itemListElement\":[{\"@type\":\"ListItem\",\"position\":1,\"name\":\"Startseite\",\"item\":\"https:\\\/\\\/gymnasium-nordenham.de\\\/\"},{\"@type\":\"ListItem\",\"position\":2,\"name\":\"Franz\u00f6sisch &#8211; Klassenarbeiten und Klausuren\"}]},{\"@type\":\"WebSite\",\"@id\":\"https:\\\/\\\/gymnasium-nordenham.de\\\/#website\",\"url\":\"https:\\\/\\\/gymnasium-nordenham.de\\\/\",\"name\":\"Gymnasium Nordenham\",\"description\":\"Miteinander, voneinander und f\u00fcreinander lernen\",\"potentialAction\":[{\"@type\":\"SearchAction\",\"target\":{\"@type\":\"EntryPoint\",\"urlTemplate\":\"https:\\\/\\\/gymnasium-nordenham.de\\\/?s={search_term_string}\"},\"query-input\":{\"@type\":\"PropertyValueSpecification\",\"valueRequired\":true,\"valueName\":\"search_term_string\"}}],\"inLanguage\":\"en-GB\"}]}<\/script>\n<!-- \/ Yoast SEO plugin. -->","yoast_head_json":{"title":"Franz\u00f6sisch - Klassenarbeiten und Klausuren - Gymnasium Nordenham","robots":{"index":"index","follow":"follow","max-snippet":"max-snippet:-1","max-image-preview":"max-image-preview:large","max-video-preview":"max-video-preview:-1"},"canonical":"https:\/\/gymnasium-nordenham.de\/en\/franzoesisch-klassenarbeiten-und-klausuren\/","og_locale":"en_GB","og_type":"article","og_title":"Franz\u00f6sisch - Klassenarbeiten und Klausuren - Gymnasium Nordenham","og_description":"Klassenarbeiten und Klausuren Die Anzahl der Klassenarbeiten und Klausuren richtet sich nach den unterrichteten Wochenstunden. Im Laufe eines Schuljahres werden dadurch alle Kompetenzen abgefragt, hierzu z\u00e4hlen z.B. Leseverstehen, H\u00f6rverstehen, Mediationsaufgaben, das Anwenden grammatikalischer Ph\u00e4nomene sowie das eigenst\u00e4ndige Verfassen von Texten. &hellip; Continue reading &rarr;","og_url":"https:\/\/gymnasium-nordenham.de\/en\/franzoesisch-klassenarbeiten-und-klausuren\/","og_site_name":"Gymnasium Nordenham","article_modified_time":"2022-08-23T06:37:39+00:00","og_image":[{"url":"https:\/\/gymnasium-nordenham.de\/wp-content\/uploads\/2020\/05\/FR_NOTE.png","type":"","width":"","height":""}],"twitter_card":"summary_large_image","twitter_misc":{"Estimated reading time":"1 minute"},"schema":{"@context":"https:\/\/schema.org","@graph":[{"@type":"WebPage","@id":"https:\/\/gymnasium-nordenham.de\/franzoesisch-klassenarbeiten-und-klausuren","url":"https:\/\/gymnasium-nordenham.de\/franzoesisch-klassenarbeiten-und-klausuren","name":"Franz\u00f6sisch - Klassenarbeiten und Klausuren - Gymnasium Nordenham","isPartOf":{"@id":"https:\/\/gymnasium-nordenham.de\/#website"},"primaryImageOfPage":{"@id":"https:\/\/gymnasium-nordenham.de\/franzoesisch-klassenarbeiten-und-klausuren#primaryimage"},"image":{"@id":"https:\/\/gymnasium-nordenham.de\/franzoesisch-klassenarbeiten-und-klausuren#primaryimage"},"thumbnailUrl":"https:\/\/gymnasium-nordenham.de\/wp-content\/uploads\/2020\/05\/FR_NOTE.png","datePublished":"2020-05-21T10:40:37+00:00","dateModified":"2022-08-23T06:37:39+00:00","breadcrumb":{"@id":"https:\/\/gymnasium-nordenham.de\/franzoesisch-klassenarbeiten-und-klausuren#breadcrumb"},"inLanguage":"en-GB","potentialAction":[{"@type":"ReadAction","target":["https:\/\/gymnasium-nordenham.de\/franzoesisch-klassenarbeiten-und-klausuren"]}]},{"@type":"ImageObject","inLanguage":"en-GB","@id":"https:\/\/gymnasium-nordenham.de\/franzoesisch-klassenarbeiten-und-klausuren#primaryimage","url":"https:\/\/gymnasium-nordenham.de\/wp-content\/uploads\/2020\/05\/FR_NOTE.png","contentUrl":"https:\/\/gymnasium-nordenham.de\/wp-content\/uploads\/2020\/05\/FR_NOTE.png"},{"@type":"BreadcrumbList","@id":"https:\/\/gymnasium-nordenham.de\/franzoesisch-klassenarbeiten-und-klausuren#breadcrumb","itemListElement":[{"@type":"ListItem","position":1,"name":"Startseite","item":"https:\/\/gymnasium-nordenham.de\/"},{"@type":"ListItem","position":2,"name":"Franz\u00f6sisch &#8211; Klassenarbeiten und Klausuren"}]},{"@type":"WebSite","@id":"https:\/\/gymnasium-nordenham.de\/#website","url":"https:\/\/gymnasium-nordenham.de\/","name":"Gymnasium Nordenham","description":"Miteinander, voneinander und f\u00fcreinander lernen","potentialAction":[{"@type":"SearchAction","target":{"@type":"EntryPoint","urlTemplate":"https:\/\/gymnasium-nordenham.de\/?s={search_term_string}"},"query-input":{"@type":"PropertyValueSpecification","valueRequired":true,"valueName":"search_term_string"}}],"inLanguage":"en-GB"}]}},"_links":{"self":[{"href":"https:\/\/gymnasium-nordenham.de\/en\/wp-json\/wp\/v2\/pages\/1936","targetHints":{"allow":["GET"]}}],"collection":[{"href":"https:\/\/gymnasium-nordenham.de\/en\/wp-json\/wp\/v2\/pages"}],"about":[{"href":"https:\/\/gymnasium-nordenham.de\/en\/wp-json\/wp\/v2\/types\/page"}],"author":[{"embeddable":true,"href":"https:\/\/gymnasium-nordenham.de\/en\/wp-json\/wp\/v2\/users\/4"}],"replies":[{"embeddable":true,"href":"https:\/\/gymnasium-nordenham.de\/en\/wp-json\/wp\/v2\/comments?post=1936"}],"version-history":[{"count":0,"href":"https:\/\/gymnasium-nordenham.de\/en\/wp-json\/wp\/v2\/pages\/1936\/revisions"}],"wp:attachment":[{"href":"https:\/\/gymnasium-nordenham.de\/en\/wp-json\/wp\/v2\/media?parent=1936"}],"curies":[{"name":"wp","href":"https:\/\/api.w.org\/{rel}","templated":true}]}}