{"id":1934,"date":"2020-05-21T12:39:46","date_gmt":"2020-05-21T10:39:46","guid":{"rendered":"https:\/\/gymnasiumnordenhamtest.live-website.com\/?page_id=1934"},"modified":"2022-08-28T16:38:48","modified_gmt":"2022-08-28T14:38:48","slug":"franzoesisch-curricula","status":"publish","type":"page","link":"https:\/\/gymnasium-nordenham.de\/en\/franzoesisch-curricula","title":{"rendered":"Franz\u00f6sisch &#8211; Curricula"},"content":{"rendered":"<div data-elementor-type=\"wp-page\" data-elementor-id=\"1934\" class=\"elementor elementor-1934\" data-elementor-post-type=\"page\">\n\t\t\t\t\t\t<section class=\"elementor-section elementor-top-section elementor-element elementor-element-5257c4b elementor-section-full_width elementor-section-height-default elementor-section-height-default\" data-id=\"5257c4b\" data-element_type=\"section\" data-e-type=\"section\">\n\t\t\t\t\t\t<div class=\"elementor-container elementor-column-gap-default\">\n\t\t\t\t\t<div class=\"elementor-column elementor-col-100 elementor-top-column elementor-element elementor-element-929ce8f\" data-id=\"929ce8f\" data-element_type=\"column\" data-e-type=\"column\" data-settings=\"{&quot;background_background&quot;:&quot;classic&quot;}\">\n\t\t\t<div class=\"elementor-widget-wrap elementor-element-populated\">\n\t\t\t\t\t\t<div class=\"elementor-element elementor-element-de78d44 elementor-widget elementor-widget-heading\" data-id=\"de78d44\" data-element_type=\"widget\" data-e-type=\"widget\" data-widget_type=\"heading.default\">\n\t\t\t\t<div class=\"elementor-widget-container\">\n\t\t\t\t\t<h2 class=\"elementor-heading-title elementor-size-large\">Curricula und Themenfelder<\/h2>\t\t\t\t<\/div>\n\t\t\t\t<\/div>\n\t\t\t\t\t<\/div>\n\t\t<\/div>\n\t\t\t\t\t<\/div>\n\t\t<\/section>\n\t\t\t\t<section class=\"elementor-section elementor-top-section elementor-element elementor-element-9215942 elementor-section-full_width elementor-section-height-default elementor-section-height-default\" data-id=\"9215942\" data-element_type=\"section\" data-e-type=\"section\">\n\t\t\t\t\t\t<div class=\"elementor-container elementor-column-gap-default\">\n\t\t\t\t\t<div class=\"elementor-column elementor-col-66 elementor-top-column elementor-element elementor-element-bc4bb8e\" data-id=\"bc4bb8e\" data-element_type=\"column\" data-e-type=\"column\">\n\t\t\t<div class=\"elementor-widget-wrap elementor-element-populated\">\n\t\t\t\t\t\t<div class=\"elementor-element elementor-element-dec8734 elementor-widget elementor-widget-text-editor\" data-id=\"dec8734\" data-element_type=\"widget\" data-e-type=\"widget\" data-widget_type=\"text-editor.default\">\n\t\t\t\t<div class=\"elementor-widget-container\">\n\t\t\t\t\t\t\t\t\t<p><span style=\"text-decoration: underline; font-size: 14pt;\"><strong>Curricula<\/strong><\/span><\/p><p><strong>Sekundarstufe I<\/strong> <strong>(Jahrg\u00e4nge 6-10)<\/strong><\/p><ul><li><a href=\"https:\/\/gymnasium-nordenham.de\/wp-content\/uploads\/2022\/08\/fr_gym_si_kc_druck_2017.pdf\" target=\"_blank\" rel=\"noopener\">Kerncurriculum Schuljahrg\u00e4nge 6 \u2013 10<\/a><\/li><\/ul><p><strong>Sekundarstufe II (Einf\u00fchrungsphase Jg.11 und Qualifikationsphase Jg. 12-13)<\/strong><\/p><ul><li><a href=\"https:\/\/gymnasium-nordenham.de\/wp-content\/uploads\/2022\/08\/fr_go_kc_druck_2017.pdf\" target=\"_blank\" rel=\"noopener\">Kerncurriculum f\u00fcr die gymnasiale Oberstufe<\/a><\/li><\/ul><p><strong>Schulinternes Curriculum<\/strong><\/p><ul><li><a href=\"https:\/\/gymnasium-nordenham.de\/wp-content\/uploads\/2022\/08\/Schulinternes-Curriculum-Franzoesisch.pdf\" target=\"_blank\" rel=\"noopener\">Schulinternes KC<\/a><\/li><\/ul>\t\t\t\t\t\t\t\t<\/div>\n\t\t\t\t<\/div>\n\t\t\t\t<div class=\"elementor-element elementor-element-809aad3 elementor-widget elementor-widget-text-editor\" data-id=\"809aad3\" data-element_type=\"widget\" data-e-type=\"widget\" data-widget_type=\"text-editor.default\">\n\t\t\t\t<div class=\"elementor-widget-container\">\n\t\t\t\t\t\t\t\t\t<p><span style=\"font-family: georgia, palatino, serif; font-size: 14pt;\"><strong><u>\u00dcbersicht \u00fcber die Themenfelder<\/u><\/strong><\/span><\/p><p><span style=\"font-family: georgia, palatino, serif; font-size: 12pt;\"><strong><u>Jahrgang 6:<\/u><\/strong><\/span><\/p><ul><li><span style=\"font-family: georgia, palatino, serif; font-size: 12pt;\">Moi et mes amis<\/span><\/li><li><span style=\"font-family: georgia, palatino, serif; font-size: 12pt;\">Wie nimmt man Kontakt zu jemandem auf?<\/span><\/li><li><span style=\"font-family: georgia, palatino, serif; font-size: 12pt;\">Moi, mes amis et mes activit\u00e9s<\/span><\/li><li><span style=\"font-family: georgia, palatino, serif; font-size: 12pt;\">Wie beteiligt man sich an Kennenlerngespr\u00e4chen?<\/span><\/li><li><span style=\"font-family: georgia, palatino, serif; font-size: 12pt;\">Moi, ma famille et mes amis<\/span><\/li><li><span style=\"font-family: georgia, palatino, serif; font-size: 12pt;\">Wie sieht eine Geburtstagsfeier in Frankreich aus?<\/span><\/li><li><span style=\"font-family: georgia, palatino, serif; font-size: 12pt;\">Moi et mon coll\u00e8ge<\/span><\/li><li><span style=\"font-family: georgia, palatino, serif; font-size: 12pt;\">Was ist ein \u201ecoll\u00e8ge\u201c?<\/span><\/li><li><span style=\"font-family: georgia, palatino, serif; font-size: 12pt;\">Moi et mon quartier<\/span><\/li><li><span style=\"font-family: georgia, palatino, serif; font-size: 12pt;\">Was kann man im quartier unternehmen?<\/span><\/li><li><span style=\"font-family: georgia, palatino, serif; font-size: 12pt;\">Moi et les f\u00eates<\/span><\/li><li><span style=\"font-family: georgia, palatino, serif; font-size: 12pt;\">Wie kann man etwas erz\u00e4hlen?<\/span><\/li><li><span style=\"font-family: georgia, palatino, serif; font-size: 12pt;\">Moi et ma ville<\/span><\/li><li><span style=\"font-family: georgia, palatino, serif; font-size: 12pt;\">Wie kann man selbstst\u00e4ndig arbeiten?<\/span><\/li><li><span style=\"font-family: georgia, palatino, serif; font-size: 12pt;\">Moi et ma ville<\/span><\/li><li><span style=\"font-family: georgia, palatino, serif; font-size: 12pt;\">Wie kann man selbstst\u00e4ndig arbeiten?<\/span><\/li><\/ul><p><span style=\"font-family: georgia, palatino, serif; font-size: 12pt;\"><strong><u>Jahrgang 7:<\/u><\/strong><\/span><\/p><ul><li><span style=\"font-family: georgia, palatino, serif; font-size: 12pt;\">Mes amis et moi<\/span><\/li><li><span style=\"font-family: georgia, palatino, serif; font-size: 12pt;\">Wie beschreibe ich Gef\u00fchle?<\/span><\/li><li><span style=\"font-family: georgia, palatino, serif; font-size: 12pt;\">Mes amis et mes activit\u00e9s<\/span><\/li><li><span style=\"font-family: georgia, palatino, serif; font-size: 12pt;\">Wie berichte ich von Erlegbnissen?<\/span><\/li><li><span style=\"font-family: georgia, palatino, serif; font-size: 12pt;\">La vie au coll\u00e8ge<\/span><\/li><li><span style=\"font-family: georgia, palatino, serif; font-size: 12pt;\">L\u2019\u00e9cole et moi<\/span><\/li><li><span style=\"font-family: georgia, palatino, serif; font-size: 12pt;\">Wie sieht der Schulalltag in Frankreich aus?<\/span><\/li><li><span style=\"font-family: georgia, palatino, serif; font-size: 12pt;\">Le mode de vie<\/span><\/li><li><span style=\"font-family: georgia, palatino, serif; font-size: 12pt;\">Was isst man in Frankreich?<\/span><\/li><li><span style=\"font-family: georgia, palatino, serif; font-size: 12pt;\">Ma r\u00e9gion et moi<\/span><\/li><li><span style=\"font-family: georgia, palatino, serif; font-size: 12pt;\">Wie plant man ene Reise?<\/span><\/li><li><span style=\"font-family: georgia, palatino, serif; font-size: 12pt;\">Les m\u00e9dias et moi<\/span><\/li><li><span style=\"font-family: georgia, palatino, serif; font-size: 12pt;\">Wie kann ich beschreiben, was ich gerne h\u00f6re, sehe, lese?<\/span><\/li><li><span style=\"font-family: georgia, palatino, serif; font-size: 12pt;\">Mes r\u00eaves et moi<\/span><\/li><li><span style=\"font-family: georgia, palatino, serif; font-size: 12pt;\">Wie kann ich \u00fcber meine W\u00fcnsche sprechen?<\/span><\/li><\/ul><p><span style=\"font-family: georgia, palatino, serif; font-size: 12pt;\"><strong><u>Jahrgang 8:<\/u><\/strong><\/span><\/p><ul><li><span style=\"font-family: georgia, palatino, serif; font-size: 12pt;\">Mes amis et moi<\/span><\/li><li><span style=\"font-family: georgia, palatino, serif; font-size: 12pt;\">Wie kann ich meine Freunde unterst\u00fctzen?<\/span><\/li><li><span style=\"font-family: georgia, palatino, serif; font-size: 12pt;\">La lecture et moi<\/span><\/li><li><span style=\"font-family: georgia, palatino, serif; font-size: 12pt;\">Wie brichte ich von Ereignissen?<\/span><\/li><li><span style=\"font-family: georgia, palatino, serif; font-size: 12pt;\">Le travail et moi<\/span><\/li><li><span style=\"font-family: georgia, palatino, serif; font-size: 12pt;\">Wie sieht der Familienalltag in Frankreich aus?<\/span><\/li><li><span style=\"font-family: georgia, palatino, serif; font-size: 12pt;\">Les \u00e9changes et moi<\/span><\/li><li><span style=\"font-family: georgia, palatino, serif; font-size: 12pt;\">Wie bereite ich mich auf einen Sch\u00fcleraustausch vor?<\/span><\/li><li><span style=\"font-family: georgia, palatino, serif; font-size: 12pt;\">Le monde francophone et moi<\/span><\/li><li><span style=\"font-family: georgia, palatino, serif; font-size: 12pt;\">Wo in der Welt wird Franz\u00f6sisch gesprochen?<\/span><\/li><li><span style=\"font-family: georgia, palatino, serif; font-size: 12pt;\">Ma r\u00e9gion et moi<\/span><\/li><li><span style=\"font-family: georgia, palatino, serif; font-size: 12pt;\">Wie stelle ich meine Region vor?<\/span><\/li><li><span style=\"font-family: georgia, palatino, serif; font-size: 12pt;\">L\u2019engagement social et moi<\/span><\/li><li><span style=\"font-family: georgia, palatino, serif; font-size: 12pt;\">Wie kann ich mich f\u00fcr einen guten Zweck einsetzen?<\/span><\/li><\/ul><p><span style=\"font-family: georgia, palatino, serif; font-size: 12pt;\"><strong><u>Jahrgang 9:<\/u><\/strong><\/span><\/p><ul><li><span style=\"font-family: georgia, palatino, serif; font-size: 12pt;\">La culture et moi<\/span><\/li><li><span style=\"font-family: georgia, palatino, serif; font-size: 12pt;\">Wie berichte ich von einem Festival?<\/span><\/li><li><span style=\"font-family: georgia, palatino, serif; font-size: 12pt;\">Le monde du travail et moi<\/span><\/li><li><span style=\"font-family: georgia, palatino, serif; font-size: 12pt;\">Wie bewerbe ich mich?<\/span><\/li><li><span style=\"font-family: georgia, palatino, serif; font-size: 12pt;\">Les Fran\u00e7ais et moi<\/span><\/li><li><span style=\"font-family: georgia, palatino, serif; font-size: 12pt;\">Wie bereite ich mich auf eine journ\u00e9e franco-allemande vor?<\/span><\/li><li><span style=\"font-family: georgia, palatino, serif; font-size: 12pt;\">La lecture et moi<\/span><\/li><li><span style=\"font-family: georgia, palatino, serif; font-size: 12pt;\">Wie kann man sich zwischen verschiedenen Kulturen verst\u00e4ndigen\u00a0?<\/span><\/li><li><span style=\"font-family: georgia, palatino, serif; font-size: 12pt;\">Mes activit\u00e9s et moi<\/span><\/li><li><span style=\"font-family: georgia, palatino, serif; font-size: 12pt;\">Wie finde ich mich auf einer Ferienreise zurecht?<\/span><\/li><li><span style=\"font-family: georgia, palatino, serif; font-size: 12pt;\">La culture et moi<\/span><\/li><li><span style=\"font-family: georgia, palatino, serif; font-size: 12pt;\">Wie stelle ich eine bekannte Pers\u00f6nlichkeit vor\u00a0?<\/span><\/li><\/ul><p><span style=\"font-family: georgia, palatino, serif; font-size: 12pt;\"><strong><u>Jahrgang 10:<\/u><\/strong><\/span><\/p><ul><li><span style=\"font-family: georgia, palatino, serif; font-size: 12pt;\">La soci\u00e9t\u00e9 et moi<\/span><\/li><li><span style=\"font-family: georgia, palatino, serif; font-size: 12pt;\">Le monde du travail et moi<\/span><\/li><li><span style=\"font-family: georgia, palatino, serif; font-size: 12pt;\">L\u2019\u00e9cologie et moi<\/span><\/li><li><span style=\"font-family: georgia, palatino, serif; font-size: 12pt;\">Ma r\u00e9gion et moi\u00a0<\/span><\/li><\/ul><p style=\"text-align: justify;\"><span style=\"text-decoration: underline;\"><strong><span style=\"font-size: 12pt; font-family: georgia, palatino, serif;\">Jahrgang 11:<br \/><\/span><\/strong><\/span><\/p><ul style=\"list-style-type: square; text-align: justify;\"><li><span style=\"font-size: 12pt; font-family: georgia, palatino, serif;\">intensive Besch\u00e4ftigung mit dem Themenfeld <em>Le monde du travail<\/em><\/span><\/li><li><span style=\"font-size: 12pt; font-family: georgia, palatino, serif;\">Lesen einer Originallekt\u00fcre<\/span><\/li><li><span style=\"font-size: 12pt; font-family: georgia, palatino, serif;\">eigenst\u00e4ndiges Arbeiten an einem mehrw\u00f6chigen Projekt sowie Pr\u00e4sentation der Resultate<\/span><\/li><\/ul><p style=\"text-align: justify;\"><span style=\"text-decoration: underline;\"><strong><span style=\"font-size: 12pt; font-family: georgia, palatino, serif;\">Jahrgang 12 &amp; 13:<\/span><\/strong><\/span><\/p><p><span style=\"font-family: georgia, palatino, serif; font-size: 12pt;\">Hinweise Abitur 2023: <a href=\"https:\/\/www.nibis.de\/uploads\/mk-bolhoefer\/2023\/03Franz\u00f6sischHinweise2023_Juni2021.pdf\" target=\"_blank\" rel=\"noopener\">Link<\/a> <br \/><\/span><\/p><p><span style=\"font-family: georgia, palatino, serif; font-size: 12pt;\">Hinweise Abitur 2024: <a href=\"https:\/\/www.nibis.de\/uploads\/mk-bolhoefer\/2024\/03Franz\u00f6sischHinweise2024.pdf\" target=\"_blank\" rel=\"noopener\">Link<\/a><\/span><\/p><p style=\"text-align: justify;\"><span style=\"font-size: 12pt; font-family: georgia, palatino, serif;\"><em>Es besteht die M\u00f6glichkeit der schriftlichen oder m\u00fcndlichen Abiturpr\u00fcfung.<\/em><\/span><\/p><p style=\"text-align: justify;\"><span style=\"font-family: georgia, palatino, serif; font-size: 12pt;\"><strong>Weitere Informationen<\/strong><\/span><\/p><p style=\"text-align: justify;\"><span style=\"font-family: georgia, palatino, serif; font-size: 12pt;\">Unter diesem <a href=\"https:\/\/bildungsportal-niedersachsen.de\/allgemeinbildung\/unterrichtsfaecher\/sprachen-und-literatur\/franzoesisch\" target=\"_blank\" rel=\"noopener\">Link<\/a> finden Sie weiterf\u00fchrende Informationen zum Fach Franz\u00f6sisch, bereitgestellt von NLQ (Nieders\u00e4chsisches Landesinstitut f\u00fcr schulische Qualit\u00e4tsentwicklung).<\/span><\/p>\t\t\t\t\t\t\t\t<\/div>\n\t\t\t\t<\/div>\n\t\t\t\t\t<\/div>\n\t\t<\/div>\n\t\t\t\t<div class=\"elementor-column elementor-col-33 elementor-top-column elementor-element elementor-element-c25fcbf\" data-id=\"c25fcbf\" data-element_type=\"column\" data-e-type=\"column\">\n\t\t\t<div class=\"elementor-widget-wrap elementor-element-populated\">\n\t\t\t\t\t\t<div class=\"elementor-element elementor-element-497df0a elementor-invisible elementor-widget elementor-widget-wp-widget-nav_menu\" data-id=\"497df0a\" data-element_type=\"widget\" data-e-type=\"widget\" data-settings=\"{&quot;_animation&quot;:&quot;fadeInUp&quot;}\" data-widget_type=\"wp-widget-nav_menu.default\">\n\t\t\t\t<div class=\"elementor-widget-container\">\n\t\t\t\t\t<div class=\"menu-fachmenue-franzoesisch-container\"><ul id=\"menu-fachmenue-franzoesisch\" class=\"menu\"><li id=\"menu-item-1945\" class=\"menu-item menu-item-type-post_type menu-item-object-page menu-item-1945\"><a href=\"https:\/\/gymnasium-nordenham.de\/en\/franzoesisch-am-gn\">Franz\u00f6sisch am GN<\/a><\/li>\n<li id=\"menu-item-1943\" class=\"menu-item menu-item-type-post_type menu-item-object-page menu-item-1943\"><a href=\"https:\/\/gymnasium-nordenham.de\/en\/franzoesisch-lehrwerke\">Lehrwerke<\/a><\/li>\n<li id=\"menu-item-1942\" class=\"menu-item menu-item-type-post_type menu-item-object-page menu-item-1942\"><a href=\"https:\/\/gymnasium-nordenham.de\/en\/franzoesisch-curricula\">Curricula<\/a><\/li>\n<li id=\"menu-item-1941\" class=\"menu-item menu-item-type-post_type menu-item-object-page menu-item-1941\"><a href=\"https:\/\/gymnasium-nordenham.de\/en\/franzoesisch-klassenarbeiten-und-klausuren\">Klassenarbeiten und Klausuren<\/a><\/li>\n<li id=\"menu-item-1940\" class=\"menu-item menu-item-type-post_type menu-item-object-page menu-item-1940\"><a href=\"https:\/\/gymnasium-nordenham.de\/en\/franzoesisch-weitere-angebote\">Weitere Angebote<\/a><\/li>\n<\/ul><\/div>\t\t\t\t<\/div>\n\t\t\t\t<\/div>\n\t\t\t\t\t<\/div>\n\t\t<\/div>\n\t\t\t\t\t<\/div>\n\t\t<\/section>\n\t\t\t\t<\/div>","protected":false},"excerpt":{"rendered":"<p>Curricula und Themenfelder Curricula Sekundarstufe I (Jahrg\u00e4nge 6-10) Kerncurriculum Schuljahrg\u00e4nge 6 \u2013 10 Sekundarstufe II (Einf\u00fchrungsphase Jg.11 und Qualifikationsphase Jg. 12-13) Kerncurriculum f\u00fcr die gymnasiale Oberstufe Schulinternes Curriculum Schulinternes KC \u00dcbersicht \u00fcber die Themenfelder Jahrgang 6: Moi et mes amis &hellip; <a href=\"https:\/\/gymnasium-nordenham.de\/en\/franzoesisch-curricula\">Continue reading <span class=\"meta-nav\">&rarr;<\/span><\/a><\/p>","protected":false},"author":4,"featured_media":0,"parent":0,"menu_order":0,"comment_status":"closed","ping_status":"closed","template":"elementor_header_footer","meta":{"_crdt_document":"","footnotes":""},"class_list":["post-1934","page","type-page","status-publish","hentry"],"yoast_head":"<!-- This site is optimized with the Yoast SEO plugin v27.3 - https:\/\/yoast.com\/product\/yoast-seo-wordpress\/ -->\n<title>Franz\u00f6sisch - Curricula - Gymnasium Nordenham<\/title>\n<meta name=\"robots\" content=\"index, follow, max-snippet:-1, max-image-preview:large, max-video-preview:-1\" \/>\n<link rel=\"canonical\" href=\"https:\/\/gymnasium-nordenham.de\/en\/franzoesisch-curricula\/\" \/>\n<meta property=\"og:locale\" content=\"en_GB\" \/>\n<meta property=\"og:type\" content=\"article\" \/>\n<meta property=\"og:title\" content=\"Franz\u00f6sisch - Curricula - Gymnasium Nordenham\" \/>\n<meta property=\"og:description\" content=\"Curricula und Themenfelder Curricula Sekundarstufe I (Jahrg\u00e4nge 6-10) Kerncurriculum Schuljahrg\u00e4nge 6 \u2013 10 Sekundarstufe II (Einf\u00fchrungsphase Jg.11 und Qualifikationsphase Jg. 12-13) Kerncurriculum f\u00fcr die gymnasiale Oberstufe Schulinternes Curriculum Schulinternes KC \u00dcbersicht \u00fcber die Themenfelder Jahrgang 6: Moi et mes amis &hellip; Continue reading &rarr;\" \/>\n<meta property=\"og:url\" content=\"https:\/\/gymnasium-nordenham.de\/en\/franzoesisch-curricula\/\" \/>\n<meta property=\"og:site_name\" content=\"Gymnasium Nordenham\" \/>\n<meta property=\"article:modified_time\" content=\"2022-08-28T14:38:48+00:00\" \/>\n<meta name=\"twitter:card\" content=\"summary_large_image\" \/>\n<meta name=\"twitter:label1\" content=\"Estimated reading time\" \/>\n\t<meta name=\"twitter:data1\" content=\"3 minutes\" \/>\n<script type=\"application\/ld+json\" class=\"yoast-schema-graph\">{\"@context\":\"https:\\\/\\\/schema.org\",\"@graph\":[{\"@type\":\"WebPage\",\"@id\":\"https:\\\/\\\/gymnasium-nordenham.de\\\/franzoesisch-curricula\",\"url\":\"https:\\\/\\\/gymnasium-nordenham.de\\\/franzoesisch-curricula\",\"name\":\"Franz\u00f6sisch - Curricula - Gymnasium Nordenham\",\"isPartOf\":{\"@id\":\"https:\\\/\\\/gymnasium-nordenham.de\\\/#website\"},\"datePublished\":\"2020-05-21T10:39:46+00:00\",\"dateModified\":\"2022-08-28T14:38:48+00:00\",\"breadcrumb\":{\"@id\":\"https:\\\/\\\/gymnasium-nordenham.de\\\/franzoesisch-curricula#breadcrumb\"},\"inLanguage\":\"en-GB\",\"potentialAction\":[{\"@type\":\"ReadAction\",\"target\":[\"https:\\\/\\\/gymnasium-nordenham.de\\\/franzoesisch-curricula\"]}]},{\"@type\":\"BreadcrumbList\",\"@id\":\"https:\\\/\\\/gymnasium-nordenham.de\\\/franzoesisch-curricula#breadcrumb\",\"itemListElement\":[{\"@type\":\"ListItem\",\"position\":1,\"name\":\"Startseite\",\"item\":\"https:\\\/\\\/gymnasium-nordenham.de\\\/\"},{\"@type\":\"ListItem\",\"position\":2,\"name\":\"Franz\u00f6sisch &#8211; Curricula\"}]},{\"@type\":\"WebSite\",\"@id\":\"https:\\\/\\\/gymnasium-nordenham.de\\\/#website\",\"url\":\"https:\\\/\\\/gymnasium-nordenham.de\\\/\",\"name\":\"Gymnasium Nordenham\",\"description\":\"Miteinander, voneinander und f\u00fcreinander lernen\",\"potentialAction\":[{\"@type\":\"SearchAction\",\"target\":{\"@type\":\"EntryPoint\",\"urlTemplate\":\"https:\\\/\\\/gymnasium-nordenham.de\\\/?s={search_term_string}\"},\"query-input\":{\"@type\":\"PropertyValueSpecification\",\"valueRequired\":true,\"valueName\":\"search_term_string\"}}],\"inLanguage\":\"en-GB\"}]}<\/script>\n<!-- \/ Yoast SEO plugin. -->","yoast_head_json":{"title":"Franz\u00f6sisch - Curricula - Gymnasium Nordenham","robots":{"index":"index","follow":"follow","max-snippet":"max-snippet:-1","max-image-preview":"max-image-preview:large","max-video-preview":"max-video-preview:-1"},"canonical":"https:\/\/gymnasium-nordenham.de\/en\/franzoesisch-curricula\/","og_locale":"en_GB","og_type":"article","og_title":"Franz\u00f6sisch - Curricula - Gymnasium Nordenham","og_description":"Curricula und Themenfelder Curricula Sekundarstufe I (Jahrg\u00e4nge 6-10) Kerncurriculum Schuljahrg\u00e4nge 6 \u2013 10 Sekundarstufe II (Einf\u00fchrungsphase Jg.11 und Qualifikationsphase Jg. 12-13) Kerncurriculum f\u00fcr die gymnasiale Oberstufe Schulinternes Curriculum Schulinternes KC \u00dcbersicht \u00fcber die Themenfelder Jahrgang 6: Moi et mes amis &hellip; Continue reading &rarr;","og_url":"https:\/\/gymnasium-nordenham.de\/en\/franzoesisch-curricula\/","og_site_name":"Gymnasium Nordenham","article_modified_time":"2022-08-28T14:38:48+00:00","twitter_card":"summary_large_image","twitter_misc":{"Estimated reading time":"3 minutes"},"schema":{"@context":"https:\/\/schema.org","@graph":[{"@type":"WebPage","@id":"https:\/\/gymnasium-nordenham.de\/franzoesisch-curricula","url":"https:\/\/gymnasium-nordenham.de\/franzoesisch-curricula","name":"Franz\u00f6sisch - Curricula - Gymnasium Nordenham","isPartOf":{"@id":"https:\/\/gymnasium-nordenham.de\/#website"},"datePublished":"2020-05-21T10:39:46+00:00","dateModified":"2022-08-28T14:38:48+00:00","breadcrumb":{"@id":"https:\/\/gymnasium-nordenham.de\/franzoesisch-curricula#breadcrumb"},"inLanguage":"en-GB","potentialAction":[{"@type":"ReadAction","target":["https:\/\/gymnasium-nordenham.de\/franzoesisch-curricula"]}]},{"@type":"BreadcrumbList","@id":"https:\/\/gymnasium-nordenham.de\/franzoesisch-curricula#breadcrumb","itemListElement":[{"@type":"ListItem","position":1,"name":"Startseite","item":"https:\/\/gymnasium-nordenham.de\/"},{"@type":"ListItem","position":2,"name":"Franz\u00f6sisch &#8211; Curricula"}]},{"@type":"WebSite","@id":"https:\/\/gymnasium-nordenham.de\/#website","url":"https:\/\/gymnasium-nordenham.de\/","name":"Gymnasium Nordenham","description":"Miteinander, voneinander und f\u00fcreinander lernen","potentialAction":[{"@type":"SearchAction","target":{"@type":"EntryPoint","urlTemplate":"https:\/\/gymnasium-nordenham.de\/?s={search_term_string}"},"query-input":{"@type":"PropertyValueSpecification","valueRequired":true,"valueName":"search_term_string"}}],"inLanguage":"en-GB"}]}},"_links":{"self":[{"href":"https:\/\/gymnasium-nordenham.de\/en\/wp-json\/wp\/v2\/pages\/1934","targetHints":{"allow":["GET"]}}],"collection":[{"href":"https:\/\/gymnasium-nordenham.de\/en\/wp-json\/wp\/v2\/pages"}],"about":[{"href":"https:\/\/gymnasium-nordenham.de\/en\/wp-json\/wp\/v2\/types\/page"}],"author":[{"embeddable":true,"href":"https:\/\/gymnasium-nordenham.de\/en\/wp-json\/wp\/v2\/users\/4"}],"replies":[{"embeddable":true,"href":"https:\/\/gymnasium-nordenham.de\/en\/wp-json\/wp\/v2\/comments?post=1934"}],"version-history":[{"count":0,"href":"https:\/\/gymnasium-nordenham.de\/en\/wp-json\/wp\/v2\/pages\/1934\/revisions"}],"wp:attachment":[{"href":"https:\/\/gymnasium-nordenham.de\/en\/wp-json\/wp\/v2\/media?parent=1934"}],"curies":[{"name":"wp","href":"https:\/\/api.w.org\/{rel}","templated":true}]}}