{"id":1928,"date":"2020-05-21T12:37:39","date_gmt":"2020-05-21T10:37:39","guid":{"rendered":"https:\/\/gymnasiumnordenhamtest.live-website.com\/?page_id=1928"},"modified":"2025-05-14T15:09:38","modified_gmt":"2025-05-14T13:09:38","slug":"franzoesisch-am-gn","status":"publish","type":"page","link":"https:\/\/gymnasium-nordenham.de\/en\/franzoesisch-am-gn","title":{"rendered":"Franz\u00f6sisch am GN"},"content":{"rendered":"\t\t<div data-elementor-type=\"wp-page\" data-elementor-id=\"1928\" class=\"elementor elementor-1928\" data-elementor-post-type=\"page\">\n\t\t\t\t\t\t<section class=\"elementor-section elementor-top-section elementor-element elementor-element-5257c4b elementor-section-full_width elementor-section-height-default elementor-section-height-default\" data-id=\"5257c4b\" data-element_type=\"section\" data-e-type=\"section\">\n\t\t\t\t\t\t<div class=\"elementor-container elementor-column-gap-default\">\n\t\t\t\t\t<div class=\"elementor-column elementor-col-100 elementor-top-column elementor-element elementor-element-929ce8f\" data-id=\"929ce8f\" data-element_type=\"column\" data-e-type=\"column\" data-settings=\"{&quot;background_background&quot;:&quot;classic&quot;}\">\n\t\t\t<div class=\"elementor-widget-wrap elementor-element-populated\">\n\t\t\t\t\t\t<div class=\"elementor-element elementor-element-de78d44 elementor-widget elementor-widget-heading\" data-id=\"de78d44\" data-element_type=\"widget\" data-e-type=\"widget\" data-widget_type=\"heading.default\">\n\t\t\t\t<div class=\"elementor-widget-container\">\n\t\t\t\t\t<h2 class=\"elementor-heading-title elementor-size-large\">Franz\u00f6sisch<\/h2>\t\t\t\t<\/div>\n\t\t\t\t<\/div>\n\t\t\t\t\t<\/div>\n\t\t<\/div>\n\t\t\t\t\t<\/div>\n\t\t<\/section>\n\t\t\t\t<section class=\"elementor-section elementor-top-section elementor-element elementor-element-9215942 elementor-section-full_width elementor-section-height-default elementor-section-height-default\" data-id=\"9215942\" data-element_type=\"section\" data-e-type=\"section\">\n\t\t\t\t\t\t<div class=\"elementor-container elementor-column-gap-default\">\n\t\t\t\t\t<div class=\"elementor-column elementor-col-66 elementor-top-column elementor-element elementor-element-bc4bb8e\" data-id=\"bc4bb8e\" data-element_type=\"column\" data-e-type=\"column\">\n\t\t\t<div class=\"elementor-widget-wrap elementor-element-populated\">\n\t\t\t\t\t\t<div class=\"elementor-element elementor-element-4bea8c0 elementor-widget elementor-widget-image\" data-id=\"4bea8c0\" data-element_type=\"widget\" data-e-type=\"widget\" data-widget_type=\"image.default\">\n\t\t\t\t<div class=\"elementor-widget-container\">\n\t\t\t\t\t\t\t\t\t\t\t\t\t\t\t<img fetchpriority=\"high\" decoding=\"async\" width=\"640\" height=\"294\" src=\"https:\/\/gymnasium-nordenham.de\/wp-content\/uploads\/2020\/12\/Paris-1024x471.jpg\" class=\"attachment-large size-large wp-image-3780\" alt=\"\" srcset=\"https:\/\/gymnasium-nordenham.de\/wp-content\/uploads\/2020\/12\/Paris-1024x471.jpg 1024w, https:\/\/gymnasium-nordenham.de\/wp-content\/uploads\/2020\/12\/Paris-300x138.jpg 300w, https:\/\/gymnasium-nordenham.de\/wp-content\/uploads\/2020\/12\/Paris-768x353.jpg 768w, https:\/\/gymnasium-nordenham.de\/wp-content\/uploads\/2020\/12\/Paris-1536x706.jpg 1536w, https:\/\/gymnasium-nordenham.de\/wp-content\/uploads\/2020\/12\/Paris-2048x941.jpg 2048w\" sizes=\"(max-width: 640px) 100vw, 640px\" \/>\t\t\t\t\t\t\t\t\t\t\t\t\t\t\t<\/div>\n\t\t\t\t<\/div>\n\t\t\t\t<div class=\"elementor-element elementor-element-809aad3 elementor-widget elementor-widget-text-editor\" data-id=\"809aad3\" data-element_type=\"widget\" data-e-type=\"widget\" data-widget_type=\"text-editor.default\">\n\t\t\t\t<div class=\"elementor-widget-container\">\n\t\t\t\t\t\t\t\t\t<p style=\"text-align: justify;\"><span style=\"font-size: 12pt; font-family: georgia, palatino, serif;\"><strong>Franz\u00f6sisch am Gymnasium Nordenham <\/strong><\/span><\/p><p style=\"text-align: justify;\"><span style=\"font-size: 12pt; font-family: georgia, palatino, serif;\">Das Fach Franz\u00f6sisch wird am Gymnasium Nordenham in den Jahrg\u00e4ngen 6 bis 13 unterrichtet, in den Klassenstufen 6 bis 9 werden vier Stunden, ab Klassenstufe 10 werden drei Stunden Franz\u00f6sischunterricht erteilt.<\/span><span style=\"font-size: 12pt; font-family: georgia, palatino, serif;\">Der \u201eAufbau einer interkulturellen Handlungsf\u00e4higkeit\u201c[1] ist das oberste Ziel des Franz\u00f6sischunterrichts. Hierf\u00fcr gestalten wir den Franz\u00f6sischunterricht am Gymnasium Nordenham ganzheitlich, handlungs- und sch\u00fcler:innenorientiert, motivierend, offen und kompetenzorientiert. Die im Unterricht gestellten sprachlichen Herausforderungen an die Lernenden orientieren sich dabei an den Aufgaben der realen Welt, um den Lernenden zu verdeutlichen, in welchen alltagssprachlichen, relevanten Situationen die neu erlernten Strukturen angewendet werden.[2]<\/span><\/p><p style=\"text-align: justify;\"><span style=\"font-size: 12pt; font-family: georgia, palatino, serif;\">[1] Nieders\u00e4chsisches Kultusministerium (2017), S. 13.<\/span><\/p><p style=\"text-align: justify;\"><span style=\"font-size: 12pt; font-family: georgia, palatino, serif;\">[2] Vgl. Mu\u0308ller-Hartmann (2005), S.3.<\/span><\/p><p style=\"text-align: justify;\"><span style=\"font-size: 12pt; font-family: georgia, palatino, serif;\">Literatur<\/span><\/p><p style=\"text-align: justify;\"><span style=\"font-size: 12pt; font-family: georgia, palatino, serif;\">M\u00dcLLER-HARTMANN, ANDREAS (2005): \u201eEin Themenheft zum aufgabenorientierten Fremdsprachenlernen? Weshalb es wahrscheinlich eine sehr gute Idee ist, sich mit diesem Ansatz auseinander zu setzten.\u201c In: Praxis Fremdsprachenunterricht 4\/05, S. 3-6.<\/span><\/p><p style=\"text-align: justify;\"><span style=\"font-size: 12pt; font-family: georgia, palatino, serif;\">NIEDERS\u00c4CHSISCHES KULTUSMINISTERIUM (2017): \u201eKerncurriculum f\u00fcr das Gymnasium. Jahrg\u00e4nge 6-10. Franz\u00f6sisch\u201c In: (<a href=\"https:\/\/cuvo.nibis.de\/cuvo.php?p=search&amp;k0_0=Fach&amp;v0_0=Franz\u00f6sisch&amp;k0_1=Schulbereich&amp;v0_1=Sek+I&amp;k0_2=Dokumentenart&amp;v0_2=Kerncurriculum&amp;\" target=\"_blank\" rel=\"noopener\">Link<\/a>) , 23.4.2025.<\/span><\/p><p style=\"text-align: justify;\">\u00a0<\/p>\t\t\t\t\t\t\t\t<\/div>\n\t\t\t\t<\/div>\n\t\t\t\t\t<\/div>\n\t\t<\/div>\n\t\t\t\t<div class=\"elementor-column elementor-col-33 elementor-top-column elementor-element elementor-element-c25fcbf\" data-id=\"c25fcbf\" data-element_type=\"column\" data-e-type=\"column\">\n\t\t\t<div class=\"elementor-widget-wrap elementor-element-populated\">\n\t\t\t\t\t\t<div class=\"elementor-element elementor-element-497df0a elementor-invisible elementor-widget elementor-widget-wp-widget-nav_menu\" data-id=\"497df0a\" data-element_type=\"widget\" data-e-type=\"widget\" data-settings=\"{&quot;_animation&quot;:&quot;fadeInUp&quot;}\" data-widget_type=\"wp-widget-nav_menu.default\">\n\t\t\t\t<div class=\"elementor-widget-container\">\n\t\t\t\t\t<div class=\"menu-fachmenue-franzoesisch-container\"><ul id=\"menu-fachmenue-franzoesisch\" class=\"menu\"><li id=\"menu-item-1945\" class=\"menu-item menu-item-type-post_type menu-item-object-page menu-item-1945\"><a href=\"https:\/\/gymnasium-nordenham.de\/en\/franzoesisch-am-gn\">Franz\u00f6sisch am GN<\/a><\/li>\n<li id=\"menu-item-1943\" class=\"menu-item menu-item-type-post_type menu-item-object-page menu-item-1943\"><a href=\"https:\/\/gymnasium-nordenham.de\/en\/franzoesisch-lehrwerke\">Lehrwerke<\/a><\/li>\n<li id=\"menu-item-1942\" class=\"menu-item menu-item-type-post_type menu-item-object-page menu-item-1942\"><a href=\"https:\/\/gymnasium-nordenham.de\/en\/franzoesisch-curricula\">Curricula<\/a><\/li>\n<li id=\"menu-item-1941\" class=\"menu-item menu-item-type-post_type menu-item-object-page menu-item-1941\"><a href=\"https:\/\/gymnasium-nordenham.de\/en\/franzoesisch-klassenarbeiten-und-klausuren\">Klassenarbeiten und Klausuren<\/a><\/li>\n<li id=\"menu-item-1940\" class=\"menu-item menu-item-type-post_type menu-item-object-page menu-item-1940\"><a href=\"https:\/\/gymnasium-nordenham.de\/en\/franzoesisch-weitere-angebote\">Weitere Angebote<\/a><\/li>\n<\/ul><\/div>\t\t\t\t<\/div>\n\t\t\t\t<\/div>\n\t\t\t\t\t<\/div>\n\t\t<\/div>\n\t\t\t\t\t<\/div>\n\t\t<\/section>\n\t\t\t\t<\/div>\n\t\t","protected":false},"excerpt":{"rendered":"<p>Franz\u00f6sisch Franz\u00f6sisch am Gymnasium Nordenham Das Fach Franz\u00f6sisch wird am Gymnasium Nordenham in den Jahrg\u00e4ngen 6 bis 13 unterrichtet, in den Klassenstufen 6 bis 9 werden vier Stunden, ab Klassenstufe 10 werden drei Stunden Franz\u00f6sischunterricht erteilt.Der \u201eAufbau einer interkulturellen Handlungsf\u00e4higkeit\u201c[1] &hellip; <a href=\"https:\/\/gymnasium-nordenham.de\/en\/franzoesisch-am-gn\">Continue reading <span class=\"meta-nav\">&rarr;<\/span><\/a><\/p>\n","protected":false},"author":4,"featured_media":0,"parent":0,"menu_order":0,"comment_status":"closed","ping_status":"closed","template":"elementor_header_footer","meta":{"_crdt_document":"","footnotes":""},"class_list":["post-1928","page","type-page","status-publish","hentry"],"yoast_head":"<!-- This site is optimized with the Yoast SEO plugin v27.3 - https:\/\/yoast.com\/product\/yoast-seo-wordpress\/ -->\n<title>Franz\u00f6sisch am GN - Gymnasium Nordenham<\/title>\n<meta name=\"robots\" content=\"index, follow, max-snippet:-1, max-image-preview:large, max-video-preview:-1\" \/>\n<link rel=\"canonical\" href=\"https:\/\/gymnasium-nordenham.de\/en\/franzoesisch-am-gn\/\" \/>\n<meta property=\"og:locale\" content=\"en_GB\" \/>\n<meta property=\"og:type\" content=\"article\" \/>\n<meta property=\"og:title\" content=\"Franz\u00f6sisch am GN - Gymnasium Nordenham\" \/>\n<meta property=\"og:description\" content=\"Franz\u00f6sisch Franz\u00f6sisch am Gymnasium Nordenham Das Fach Franz\u00f6sisch wird am Gymnasium Nordenham in den Jahrg\u00e4ngen 6 bis 13 unterrichtet, in den Klassenstufen 6 bis 9 werden vier Stunden, ab Klassenstufe 10 werden drei Stunden Franz\u00f6sischunterricht erteilt.Der \u201eAufbau einer interkulturellen Handlungsf\u00e4higkeit\u201c[1] &hellip; Continue reading &rarr;\" \/>\n<meta property=\"og:url\" content=\"https:\/\/gymnasium-nordenham.de\/en\/franzoesisch-am-gn\/\" \/>\n<meta property=\"og:site_name\" content=\"Gymnasium Nordenham\" \/>\n<meta property=\"article:modified_time\" content=\"2025-05-14T13:09:38+00:00\" \/>\n<meta property=\"og:image\" content=\"https:\/\/gymnasium-nordenham.de\/wp-content\/uploads\/2020\/12\/Paris-scaled.jpg\" \/>\n\t<meta property=\"og:image:width\" content=\"2560\" \/>\n\t<meta property=\"og:image:height\" content=\"1177\" \/>\n\t<meta property=\"og:image:type\" content=\"image\/jpeg\" \/>\n<meta name=\"twitter:card\" content=\"summary_large_image\" \/>\n<meta name=\"twitter:label1\" content=\"Estimated reading time\" \/>\n\t<meta name=\"twitter:data1\" content=\"2 minutes\" \/>\n<script type=\"application\/ld+json\" class=\"yoast-schema-graph\">{\"@context\":\"https:\\\/\\\/schema.org\",\"@graph\":[{\"@type\":\"WebPage\",\"@id\":\"https:\\\/\\\/gymnasium-nordenham.de\\\/franzoesisch-am-gn\",\"url\":\"https:\\\/\\\/gymnasium-nordenham.de\\\/franzoesisch-am-gn\",\"name\":\"Franz\u00f6sisch am GN - Gymnasium Nordenham\",\"isPartOf\":{\"@id\":\"https:\\\/\\\/gymnasium-nordenham.de\\\/#website\"},\"primaryImageOfPage\":{\"@id\":\"https:\\\/\\\/gymnasium-nordenham.de\\\/franzoesisch-am-gn#primaryimage\"},\"image\":{\"@id\":\"https:\\\/\\\/gymnasium-nordenham.de\\\/franzoesisch-am-gn#primaryimage\"},\"thumbnailUrl\":\"https:\\\/\\\/gymnasium-nordenham.de\\\/wp-content\\\/uploads\\\/2020\\\/12\\\/Paris-1024x471.jpg\",\"datePublished\":\"2020-05-21T10:37:39+00:00\",\"dateModified\":\"2025-05-14T13:09:38+00:00\",\"breadcrumb\":{\"@id\":\"https:\\\/\\\/gymnasium-nordenham.de\\\/franzoesisch-am-gn#breadcrumb\"},\"inLanguage\":\"en-GB\",\"potentialAction\":[{\"@type\":\"ReadAction\",\"target\":[\"https:\\\/\\\/gymnasium-nordenham.de\\\/franzoesisch-am-gn\"]}]},{\"@type\":\"ImageObject\",\"inLanguage\":\"en-GB\",\"@id\":\"https:\\\/\\\/gymnasium-nordenham.de\\\/franzoesisch-am-gn#primaryimage\",\"url\":\"https:\\\/\\\/gymnasium-nordenham.de\\\/wp-content\\\/uploads\\\/2020\\\/12\\\/Paris-1024x471.jpg\",\"contentUrl\":\"https:\\\/\\\/gymnasium-nordenham.de\\\/wp-content\\\/uploads\\\/2020\\\/12\\\/Paris-1024x471.jpg\"},{\"@type\":\"BreadcrumbList\",\"@id\":\"https:\\\/\\\/gymnasium-nordenham.de\\\/franzoesisch-am-gn#breadcrumb\",\"itemListElement\":[{\"@type\":\"ListItem\",\"position\":1,\"name\":\"Startseite\",\"item\":\"https:\\\/\\\/gymnasium-nordenham.de\\\/\"},{\"@type\":\"ListItem\",\"position\":2,\"name\":\"Franz\u00f6sisch am GN\"}]},{\"@type\":\"WebSite\",\"@id\":\"https:\\\/\\\/gymnasium-nordenham.de\\\/#website\",\"url\":\"https:\\\/\\\/gymnasium-nordenham.de\\\/\",\"name\":\"Gymnasium Nordenham\",\"description\":\"Miteinander, voneinander und f\u00fcreinander lernen\",\"potentialAction\":[{\"@type\":\"SearchAction\",\"target\":{\"@type\":\"EntryPoint\",\"urlTemplate\":\"https:\\\/\\\/gymnasium-nordenham.de\\\/?s={search_term_string}\"},\"query-input\":{\"@type\":\"PropertyValueSpecification\",\"valueRequired\":true,\"valueName\":\"search_term_string\"}}],\"inLanguage\":\"en-GB\"}]}<\/script>\n<!-- \/ Yoast SEO plugin. -->","yoast_head_json":{"title":"Franz\u00f6sisch am GN - Gymnasium Nordenham","robots":{"index":"index","follow":"follow","max-snippet":"max-snippet:-1","max-image-preview":"max-image-preview:large","max-video-preview":"max-video-preview:-1"},"canonical":"https:\/\/gymnasium-nordenham.de\/en\/franzoesisch-am-gn\/","og_locale":"en_GB","og_type":"article","og_title":"Franz\u00f6sisch am GN - Gymnasium Nordenham","og_description":"Franz\u00f6sisch Franz\u00f6sisch am Gymnasium Nordenham Das Fach Franz\u00f6sisch wird am Gymnasium Nordenham in den Jahrg\u00e4ngen 6 bis 13 unterrichtet, in den Klassenstufen 6 bis 9 werden vier Stunden, ab Klassenstufe 10 werden drei Stunden Franz\u00f6sischunterricht erteilt.Der \u201eAufbau einer interkulturellen Handlungsf\u00e4higkeit\u201c[1] &hellip; Continue reading &rarr;","og_url":"https:\/\/gymnasium-nordenham.de\/en\/franzoesisch-am-gn\/","og_site_name":"Gymnasium Nordenham","article_modified_time":"2025-05-14T13:09:38+00:00","og_image":[{"width":2560,"height":1177,"url":"https:\/\/gymnasium-nordenham.de\/wp-content\/uploads\/2020\/12\/Paris-scaled.jpg","type":"image\/jpeg"}],"twitter_card":"summary_large_image","twitter_misc":{"Estimated reading time":"2 minutes"},"schema":{"@context":"https:\/\/schema.org","@graph":[{"@type":"WebPage","@id":"https:\/\/gymnasium-nordenham.de\/franzoesisch-am-gn","url":"https:\/\/gymnasium-nordenham.de\/franzoesisch-am-gn","name":"Franz\u00f6sisch am GN - Gymnasium Nordenham","isPartOf":{"@id":"https:\/\/gymnasium-nordenham.de\/#website"},"primaryImageOfPage":{"@id":"https:\/\/gymnasium-nordenham.de\/franzoesisch-am-gn#primaryimage"},"image":{"@id":"https:\/\/gymnasium-nordenham.de\/franzoesisch-am-gn#primaryimage"},"thumbnailUrl":"https:\/\/gymnasium-nordenham.de\/wp-content\/uploads\/2020\/12\/Paris-1024x471.jpg","datePublished":"2020-05-21T10:37:39+00:00","dateModified":"2025-05-14T13:09:38+00:00","breadcrumb":{"@id":"https:\/\/gymnasium-nordenham.de\/franzoesisch-am-gn#breadcrumb"},"inLanguage":"en-GB","potentialAction":[{"@type":"ReadAction","target":["https:\/\/gymnasium-nordenham.de\/franzoesisch-am-gn"]}]},{"@type":"ImageObject","inLanguage":"en-GB","@id":"https:\/\/gymnasium-nordenham.de\/franzoesisch-am-gn#primaryimage","url":"https:\/\/gymnasium-nordenham.de\/wp-content\/uploads\/2020\/12\/Paris-1024x471.jpg","contentUrl":"https:\/\/gymnasium-nordenham.de\/wp-content\/uploads\/2020\/12\/Paris-1024x471.jpg"},{"@type":"BreadcrumbList","@id":"https:\/\/gymnasium-nordenham.de\/franzoesisch-am-gn#breadcrumb","itemListElement":[{"@type":"ListItem","position":1,"name":"Startseite","item":"https:\/\/gymnasium-nordenham.de\/"},{"@type":"ListItem","position":2,"name":"Franz\u00f6sisch am GN"}]},{"@type":"WebSite","@id":"https:\/\/gymnasium-nordenham.de\/#website","url":"https:\/\/gymnasium-nordenham.de\/","name":"Gymnasium Nordenham","description":"Miteinander, voneinander und f\u00fcreinander lernen","potentialAction":[{"@type":"SearchAction","target":{"@type":"EntryPoint","urlTemplate":"https:\/\/gymnasium-nordenham.de\/?s={search_term_string}"},"query-input":{"@type":"PropertyValueSpecification","valueRequired":true,"valueName":"search_term_string"}}],"inLanguage":"en-GB"}]}},"_links":{"self":[{"href":"https:\/\/gymnasium-nordenham.de\/en\/wp-json\/wp\/v2\/pages\/1928","targetHints":{"allow":["GET"]}}],"collection":[{"href":"https:\/\/gymnasium-nordenham.de\/en\/wp-json\/wp\/v2\/pages"}],"about":[{"href":"https:\/\/gymnasium-nordenham.de\/en\/wp-json\/wp\/v2\/types\/page"}],"author":[{"embeddable":true,"href":"https:\/\/gymnasium-nordenham.de\/en\/wp-json\/wp\/v2\/users\/4"}],"replies":[{"embeddable":true,"href":"https:\/\/gymnasium-nordenham.de\/en\/wp-json\/wp\/v2\/comments?post=1928"}],"version-history":[{"count":3,"href":"https:\/\/gymnasium-nordenham.de\/en\/wp-json\/wp\/v2\/pages\/1928\/revisions"}],"predecessor-version":[{"id":13546,"href":"https:\/\/gymnasium-nordenham.de\/en\/wp-json\/wp\/v2\/pages\/1928\/revisions\/13546"}],"wp:attachment":[{"href":"https:\/\/gymnasium-nordenham.de\/en\/wp-json\/wp\/v2\/media?parent=1928"}],"curies":[{"name":"wp","href":"https:\/\/api.w.org\/{rel}","templated":true}]}}