{"id":1879,"date":"2020-05-21T10:34:58","date_gmt":"2020-05-21T08:34:58","guid":{"rendered":"https:\/\/gymnasiumnordenhamtest.live-website.com\/?page_id=1879"},"modified":"2020-12-23T00:36:43","modified_gmt":"2020-12-22T23:36:43","slug":"chemie-lehrwerke","status":"publish","type":"page","link":"https:\/\/gymnasium-nordenham.de\/en\/chemie-lehrwerke","title":{"rendered":"Chemie &#8211; Lehrwerke"},"content":{"rendered":"<div data-elementor-type=\"wp-page\" data-elementor-id=\"1879\" class=\"elementor elementor-1879\" data-elementor-post-type=\"page\">\n\t\t\t\t\t\t<section class=\"elementor-section elementor-top-section elementor-element elementor-element-5257c4b elementor-section-full_width elementor-section-height-default elementor-section-height-default\" data-id=\"5257c4b\" data-element_type=\"section\" data-e-type=\"section\">\n\t\t\t\t\t\t<div class=\"elementor-container elementor-column-gap-default\">\n\t\t\t\t\t<div class=\"elementor-column elementor-col-100 elementor-top-column elementor-element elementor-element-929ce8f\" data-id=\"929ce8f\" data-element_type=\"column\" data-e-type=\"column\" data-settings=\"{&quot;background_background&quot;:&quot;classic&quot;}\">\n\t\t\t<div class=\"elementor-widget-wrap elementor-element-populated\">\n\t\t\t\t\t\t<div class=\"elementor-element elementor-element-de78d44 elementor-widget elementor-widget-heading\" data-id=\"de78d44\" data-element_type=\"widget\" data-e-type=\"widget\" data-widget_type=\"heading.default\">\n\t\t\t\t<div class=\"elementor-widget-container\">\n\t\t\t\t\t<h2 class=\"elementor-heading-title elementor-size-large\">Lehrwerke<\/h2>\t\t\t\t<\/div>\n\t\t\t\t<\/div>\n\t\t\t\t\t<\/div>\n\t\t<\/div>\n\t\t\t\t\t<\/div>\n\t\t<\/section>\n\t\t\t\t<section class=\"elementor-section elementor-top-section elementor-element elementor-element-9215942 elementor-section-full_width elementor-section-height-default elementor-section-height-default\" data-id=\"9215942\" data-element_type=\"section\" data-e-type=\"section\">\n\t\t\t\t\t\t<div class=\"elementor-container elementor-column-gap-default\">\n\t\t\t\t\t<div class=\"elementor-column elementor-col-66 elementor-top-column elementor-element elementor-element-bc4bb8e\" data-id=\"bc4bb8e\" data-element_type=\"column\" data-e-type=\"column\">\n\t\t\t<div class=\"elementor-widget-wrap elementor-element-populated\">\n\t\t\t\t\t\t<div class=\"elementor-element elementor-element-809aad3 elementor-widget elementor-widget-text-editor\" data-id=\"809aad3\" data-element_type=\"widget\" data-e-type=\"widget\" data-widget_type=\"text-editor.default\">\n\t\t\t\t<div class=\"elementor-widget-container\">\n\t\t\t\t\t\t\t\t\t<p style=\"text-align: justify;\"><span style=\"font-size: 12pt; font-family: georgia, palatino, serif;\">Am Gymnasium Nordenham sind durchgehend von der Sekundarstufe I bis in die Sekundarstufe II die B\u00fccher der Reihe \u201eElemente Chemie\u201c des Klett Verlages eingef\u00fchrt.<\/span><\/p><p style=\"text-align: justify;\"><span style=\"font-size: 12pt; font-family: georgia, palatino, serif;\">Dies sind im Einzelnen:<\/span><\/p><p style=\"text-align: justify;\"><span style=\"font-size: 12pt; font-family: georgia, palatino, serif;\"><strong>Klasse 5\/6:<\/strong> Elemente Chemie 5\/6 (ISBN 978-3-12-756331-3)<\/span><\/p><p style=\"text-align: justify;\"><span style=\"font-size: 12pt; font-family: georgia, palatino, serif;\"><strong>Klasse 7\/8: <\/strong>Elemente Chemie 7\/8 (ISBN 978-3-12-756332-0)<\/span><\/p><p style=\"text-align: justify;\"><span style=\"font-size: 12pt; font-family: georgia, palatino, serif;\"><strong>Klasse 9\/10: <\/strong>Elemente Chemie 9\/10 (ISBN 978-3-12-756333-7)<\/span><\/p><p style=\"text-align: justify;\"><span style=\"font-size: 12pt; font-family: georgia, palatino, serif;\"><strong>Klasse 11 (Einf\u00fchrungsphase): <\/strong>Elemente Chemie Einf\u00fchrungsphase (ISBN 978-3-12-756890-5)<\/span><\/p><p style=\"text-align: justify;\"><span style=\"font-size: 12pt; font-family: georgia, palatino, serif;\"><strong>Klasse 12\/13 (Qualifikationsphase): <\/strong>Elemente Chemie Oberstufe (ISBN\u00a0 978-3-12-756891-2)<\/span><\/p><p style=\"text-align: justify;\"><span style=\"font-size: 12pt; font-family: georgia, palatino, serif;\">Zus\u00e4tzlich wird in <strong>Klasse 9<\/strong> die Formelsammlung \u201eDas gro\u00dfe Tafelwerk \u2013 Formelsammlung f\u00fcr Niedersachsen\u201c aus dem Cornelsen-Verlag f\u00e4cher\u00fcbergreifend (MINT) eingef\u00fchrt:<\/span><\/p><p style=\"text-align: justify;\"><span style=\"font-size: 12pt; font-family: georgia, palatino, serif;\">Das gro\u00dfe Tafelwerk, Formelsammlung (ISBN 978-3-06-001615-0)<\/span><\/p>\t\t\t\t\t\t\t\t<\/div>\n\t\t\t\t<\/div>\n\t\t\t\t\t<\/div>\n\t\t<\/div>\n\t\t\t\t<div class=\"elementor-column elementor-col-33 elementor-top-column elementor-element elementor-element-c25fcbf\" data-id=\"c25fcbf\" data-element_type=\"column\" data-e-type=\"column\">\n\t\t\t<div class=\"elementor-widget-wrap elementor-element-populated\">\n\t\t\t\t\t\t<div class=\"elementor-element elementor-element-497df0a elementor-invisible elementor-widget elementor-widget-wp-widget-nav_menu\" data-id=\"497df0a\" data-element_type=\"widget\" data-e-type=\"widget\" data-settings=\"{&quot;_animation&quot;:&quot;fadeInUp&quot;}\" data-widget_type=\"wp-widget-nav_menu.default\">\n\t\t\t\t<div class=\"elementor-widget-container\">\n\t\t\t\t\t<div class=\"menu-fachmenue-chemie-container\"><ul id=\"menu-fachmenue-chemie\" class=\"menu\"><li id=\"menu-item-1894\" class=\"menu-item menu-item-type-post_type menu-item-object-page menu-item-1894\"><a href=\"https:\/\/gymnasium-nordenham.de\/en\/chemie-am-gn\">Chemie am GN<\/a><\/li>\n<li id=\"menu-item-1892\" class=\"menu-item menu-item-type-post_type menu-item-object-page menu-item-1892\"><a href=\"https:\/\/gymnasium-nordenham.de\/en\/chemie-lehrwerke\">Lehrwerke<\/a><\/li>\n<li id=\"menu-item-1891\" class=\"menu-item menu-item-type-post_type menu-item-object-page menu-item-1891\"><a href=\"https:\/\/gymnasium-nordenham.de\/en\/chemie-curricula\">Curricula<\/a><\/li>\n<li id=\"menu-item-1890\" class=\"menu-item menu-item-type-post_type menu-item-object-page menu-item-1890\"><a href=\"https:\/\/gymnasium-nordenham.de\/en\/chemie-klassenarbeiten-und-klausuren\">Klassenarbeiten und Klausuren<\/a><\/li>\n<li id=\"menu-item-1889\" class=\"menu-item menu-item-type-post_type menu-item-object-page menu-item-1889\"><a href=\"https:\/\/gymnasium-nordenham.de\/en\/chemie-weitere-angebote\">Weitere Angebote<\/a><\/li>\n<\/ul><\/div>\t\t\t\t<\/div>\n\t\t\t\t<\/div>\n\t\t\t\t\t<\/div>\n\t\t<\/div>\n\t\t\t\t\t<\/div>\n\t\t<\/section>\n\t\t\t\t<\/div>","protected":false},"excerpt":{"rendered":"<p>Lehrwerke Am Gymnasium Nordenham sind durchgehend von der Sekundarstufe I bis in die Sekundarstufe II die B\u00fccher der Reihe \u201eElemente Chemie\u201c des Klett Verlages eingef\u00fchrt. Dies sind im Einzelnen: Klasse 5\/6: Elemente Chemie 5\/6 (ISBN 978-3-12-756331-3) Klasse 7\/8: Elemente Chemie &hellip; <a href=\"https:\/\/gymnasium-nordenham.de\/en\/chemie-lehrwerke\">Continue reading <span class=\"meta-nav\">&rarr;<\/span><\/a><\/p>","protected":false},"author":4,"featured_media":0,"parent":0,"menu_order":0,"comment_status":"closed","ping_status":"closed","template":"elementor_header_footer","meta":{"_crdt_document":"","footnotes":""},"class_list":["post-1879","page","type-page","status-publish","hentry"],"yoast_head":"<!-- This site is optimized with the Yoast SEO plugin v27.4 - https:\/\/yoast.com\/product\/yoast-seo-wordpress\/ -->\n<title>Chemie - Lehrwerke - Gymnasium Nordenham<\/title>\n<meta name=\"robots\" content=\"index, follow, max-snippet:-1, max-image-preview:large, max-video-preview:-1\" \/>\n<link rel=\"canonical\" href=\"https:\/\/gymnasium-nordenham.de\/en\/chemie-lehrwerke\/\" \/>\n<meta property=\"og:locale\" content=\"en_GB\" \/>\n<meta property=\"og:type\" content=\"article\" \/>\n<meta property=\"og:title\" content=\"Chemie - Lehrwerke - Gymnasium Nordenham\" \/>\n<meta property=\"og:description\" content=\"Lehrwerke Am Gymnasium Nordenham sind durchgehend von der Sekundarstufe I bis in die Sekundarstufe II die B\u00fccher der Reihe \u201eElemente Chemie\u201c des Klett Verlages eingef\u00fchrt. Dies sind im Einzelnen: Klasse 5\/6: Elemente Chemie 5\/6 (ISBN 978-3-12-756331-3) Klasse 7\/8: Elemente Chemie &hellip; Continue reading &rarr;\" \/>\n<meta property=\"og:url\" content=\"https:\/\/gymnasium-nordenham.de\/en\/chemie-lehrwerke\/\" \/>\n<meta property=\"og:site_name\" content=\"Gymnasium Nordenham\" \/>\n<meta property=\"article:modified_time\" content=\"2020-12-22T23:36:43+00:00\" \/>\n<meta name=\"twitter:card\" content=\"summary_large_image\" \/>\n<meta name=\"twitter:label1\" content=\"Estimated reading time\" \/>\n\t<meta name=\"twitter:data1\" content=\"1 minute\" \/>\n<script type=\"application\/ld+json\" class=\"yoast-schema-graph\">{\"@context\":\"https:\\\/\\\/schema.org\",\"@graph\":[{\"@type\":\"WebPage\",\"@id\":\"https:\\\/\\\/gymnasium-nordenham.de\\\/chemie-lehrwerke\",\"url\":\"https:\\\/\\\/gymnasium-nordenham.de\\\/chemie-lehrwerke\",\"name\":\"Chemie - Lehrwerke - Gymnasium Nordenham\",\"isPartOf\":{\"@id\":\"https:\\\/\\\/gymnasium-nordenham.de\\\/#website\"},\"datePublished\":\"2020-05-21T08:34:58+00:00\",\"dateModified\":\"2020-12-22T23:36:43+00:00\",\"breadcrumb\":{\"@id\":\"https:\\\/\\\/gymnasium-nordenham.de\\\/chemie-lehrwerke#breadcrumb\"},\"inLanguage\":\"en-GB\",\"potentialAction\":[{\"@type\":\"ReadAction\",\"target\":[\"https:\\\/\\\/gymnasium-nordenham.de\\\/chemie-lehrwerke\"]}]},{\"@type\":\"BreadcrumbList\",\"@id\":\"https:\\\/\\\/gymnasium-nordenham.de\\\/chemie-lehrwerke#breadcrumb\",\"itemListElement\":[{\"@type\":\"ListItem\",\"position\":1,\"name\":\"Startseite\",\"item\":\"https:\\\/\\\/gymnasium-nordenham.de\\\/\"},{\"@type\":\"ListItem\",\"position\":2,\"name\":\"Chemie &#8211; Lehrwerke\"}]},{\"@type\":\"WebSite\",\"@id\":\"https:\\\/\\\/gymnasium-nordenham.de\\\/#website\",\"url\":\"https:\\\/\\\/gymnasium-nordenham.de\\\/\",\"name\":\"Gymnasium Nordenham\",\"description\":\"Miteinander, voneinander und f\u00fcreinander lernen\",\"potentialAction\":[{\"@type\":\"SearchAction\",\"target\":{\"@type\":\"EntryPoint\",\"urlTemplate\":\"https:\\\/\\\/gymnasium-nordenham.de\\\/?s={search_term_string}\"},\"query-input\":{\"@type\":\"PropertyValueSpecification\",\"valueRequired\":true,\"valueName\":\"search_term_string\"}}],\"inLanguage\":\"en-GB\"}]}<\/script>\n<!-- \/ Yoast SEO plugin. -->","yoast_head_json":{"title":"Chemie - Lehrwerke - Gymnasium Nordenham","robots":{"index":"index","follow":"follow","max-snippet":"max-snippet:-1","max-image-preview":"max-image-preview:large","max-video-preview":"max-video-preview:-1"},"canonical":"https:\/\/gymnasium-nordenham.de\/en\/chemie-lehrwerke\/","og_locale":"en_GB","og_type":"article","og_title":"Chemie - Lehrwerke - Gymnasium Nordenham","og_description":"Lehrwerke Am Gymnasium Nordenham sind durchgehend von der Sekundarstufe I bis in die Sekundarstufe II die B\u00fccher der Reihe \u201eElemente Chemie\u201c des Klett Verlages eingef\u00fchrt. Dies sind im Einzelnen: Klasse 5\/6: Elemente Chemie 5\/6 (ISBN 978-3-12-756331-3) Klasse 7\/8: Elemente Chemie &hellip; Continue reading &rarr;","og_url":"https:\/\/gymnasium-nordenham.de\/en\/chemie-lehrwerke\/","og_site_name":"Gymnasium Nordenham","article_modified_time":"2020-12-22T23:36:43+00:00","twitter_card":"summary_large_image","twitter_misc":{"Estimated reading time":"1 minute"},"schema":{"@context":"https:\/\/schema.org","@graph":[{"@type":"WebPage","@id":"https:\/\/gymnasium-nordenham.de\/chemie-lehrwerke","url":"https:\/\/gymnasium-nordenham.de\/chemie-lehrwerke","name":"Chemie - Lehrwerke - Gymnasium Nordenham","isPartOf":{"@id":"https:\/\/gymnasium-nordenham.de\/#website"},"datePublished":"2020-05-21T08:34:58+00:00","dateModified":"2020-12-22T23:36:43+00:00","breadcrumb":{"@id":"https:\/\/gymnasium-nordenham.de\/chemie-lehrwerke#breadcrumb"},"inLanguage":"en-GB","potentialAction":[{"@type":"ReadAction","target":["https:\/\/gymnasium-nordenham.de\/chemie-lehrwerke"]}]},{"@type":"BreadcrumbList","@id":"https:\/\/gymnasium-nordenham.de\/chemie-lehrwerke#breadcrumb","itemListElement":[{"@type":"ListItem","position":1,"name":"Startseite","item":"https:\/\/gymnasium-nordenham.de\/"},{"@type":"ListItem","position":2,"name":"Chemie &#8211; Lehrwerke"}]},{"@type":"WebSite","@id":"https:\/\/gymnasium-nordenham.de\/#website","url":"https:\/\/gymnasium-nordenham.de\/","name":"Gymnasium Nordenham","description":"Miteinander, voneinander und f\u00fcreinander lernen","potentialAction":[{"@type":"SearchAction","target":{"@type":"EntryPoint","urlTemplate":"https:\/\/gymnasium-nordenham.de\/?s={search_term_string}"},"query-input":{"@type":"PropertyValueSpecification","valueRequired":true,"valueName":"search_term_string"}}],"inLanguage":"en-GB"}]}},"_links":{"self":[{"href":"https:\/\/gymnasium-nordenham.de\/en\/wp-json\/wp\/v2\/pages\/1879","targetHints":{"allow":["GET"]}}],"collection":[{"href":"https:\/\/gymnasium-nordenham.de\/en\/wp-json\/wp\/v2\/pages"}],"about":[{"href":"https:\/\/gymnasium-nordenham.de\/en\/wp-json\/wp\/v2\/types\/page"}],"author":[{"embeddable":true,"href":"https:\/\/gymnasium-nordenham.de\/en\/wp-json\/wp\/v2\/users\/4"}],"replies":[{"embeddable":true,"href":"https:\/\/gymnasium-nordenham.de\/en\/wp-json\/wp\/v2\/comments?post=1879"}],"version-history":[{"count":0,"href":"https:\/\/gymnasium-nordenham.de\/en\/wp-json\/wp\/v2\/pages\/1879\/revisions"}],"wp:attachment":[{"href":"https:\/\/gymnasium-nordenham.de\/en\/wp-json\/wp\/v2\/media?parent=1879"}],"curies":[{"name":"wp","href":"https:\/\/api.w.org\/{rel}","templated":true}]}}