{"id":1875,"date":"2020-05-21T10:23:46","date_gmt":"2020-05-21T08:23:46","guid":{"rendered":"https:\/\/gymnasiumnordenhamtest.live-website.com\/?page_id=1875"},"modified":"2021-01-11T14:57:54","modified_gmt":"2021-01-11T13:57:54","slug":"chemie-am-gn","status":"publish","type":"page","link":"https:\/\/gymnasium-nordenham.de\/en\/chemie-am-gn","title":{"rendered":"Chemie am GN"},"content":{"rendered":"<div data-elementor-type=\"wp-page\" data-elementor-id=\"1875\" class=\"elementor elementor-1875\" data-elementor-post-type=\"page\">\n\t\t\t\t\t\t<section class=\"elementor-section elementor-top-section elementor-element elementor-element-5257c4b elementor-section-full_width elementor-section-height-default elementor-section-height-default\" data-id=\"5257c4b\" data-element_type=\"section\" data-e-type=\"section\">\n\t\t\t\t\t\t<div class=\"elementor-container elementor-column-gap-default\">\n\t\t\t\t\t<div class=\"elementor-column elementor-col-100 elementor-top-column elementor-element elementor-element-929ce8f\" data-id=\"929ce8f\" data-element_type=\"column\" data-e-type=\"column\" data-settings=\"{&quot;background_background&quot;:&quot;classic&quot;}\">\n\t\t\t<div class=\"elementor-widget-wrap elementor-element-populated\">\n\t\t\t\t\t\t<div class=\"elementor-element elementor-element-de78d44 elementor-widget elementor-widget-heading\" data-id=\"de78d44\" data-element_type=\"widget\" data-e-type=\"widget\" data-widget_type=\"heading.default\">\n\t\t\t\t<div class=\"elementor-widget-container\">\n\t\t\t\t\t<h2 class=\"elementor-heading-title elementor-size-large\">Chemie<\/h2>\t\t\t\t<\/div>\n\t\t\t\t<\/div>\n\t\t\t\t\t<\/div>\n\t\t<\/div>\n\t\t\t\t\t<\/div>\n\t\t<\/section>\n\t\t\t\t<section class=\"elementor-section elementor-top-section elementor-element elementor-element-9215942 elementor-section-full_width elementor-section-height-default elementor-section-height-default\" data-id=\"9215942\" data-element_type=\"section\" data-e-type=\"section\">\n\t\t\t\t\t\t<div class=\"elementor-container elementor-column-gap-default\">\n\t\t\t\t\t<div class=\"elementor-column elementor-col-66 elementor-top-column elementor-element elementor-element-bc4bb8e\" data-id=\"bc4bb8e\" data-element_type=\"column\" data-e-type=\"column\">\n\t\t\t<div class=\"elementor-widget-wrap elementor-element-populated\">\n\t\t\t\t\t\t<div class=\"elementor-element elementor-element-2128115 elementor-widget elementor-widget-image\" data-id=\"2128115\" data-element_type=\"widget\" data-e-type=\"widget\" data-widget_type=\"image.default\">\n\t\t\t\t<div class=\"elementor-widget-container\">\n\t\t\t\t\t\t\t\t\t\t\t\t\t\t\t<img fetchpriority=\"high\" decoding=\"async\" width=\"640\" height=\"481\" src=\"https:\/\/gymnasium-nordenham.de\/wp-content\/uploads\/2020\/12\/P1020670-1024x769.jpeg\" class=\"attachment-large size-large wp-image-3691\" alt=\"\" srcset=\"https:\/\/gymnasium-nordenham.de\/wp-content\/uploads\/2020\/12\/P1020670-1024x769.jpeg 1024w, https:\/\/gymnasium-nordenham.de\/wp-content\/uploads\/2020\/12\/P1020670-300x225.jpeg 300w, https:\/\/gymnasium-nordenham.de\/wp-content\/uploads\/2020\/12\/P1020670-768x577.jpeg 768w, https:\/\/gymnasium-nordenham.de\/wp-content\/uploads\/2020\/12\/P1020670-1536x1153.jpeg 1536w, https:\/\/gymnasium-nordenham.de\/wp-content\/uploads\/2020\/12\/P1020670-2048x1538.jpeg 2048w\" sizes=\"(max-width: 640px) 100vw, 640px\" \/>\t\t\t\t\t\t\t\t\t\t\t\t\t\t\t<\/div>\n\t\t\t\t<\/div>\n\t\t\t\t<div class=\"elementor-element elementor-element-809aad3 elementor-widget elementor-widget-text-editor\" data-id=\"809aad3\" data-element_type=\"widget\" data-e-type=\"widget\" data-widget_type=\"text-editor.default\">\n\t\t\t\t<div class=\"elementor-widget-container\">\n\t\t\t\t\t\t\t\t\t<p style=\"text-align: justify;\"><span style=\"font-size: 12pt; color: #287da1; font-family: georgia, palatino, serif;\">Unsere Kultur entwickelt unterschiedliche Zug\u00e4nge, die Welt zu verstehen; diese sind nicht wechselseitig ersetzbar. Der Fortschritt der Naturwissenschaften Chemie, Physik und Biologie hat unsere Zeit in besonderem Ma\u00dfe gepr\u00e4gt. Dabei besteht der Beitrag des Chemieunterrichts zur Allgemeinbildung im Wesentlichen aus folgenden Aspekten:<\/span><\/p><p style=\"text-align: justify;\"><span style=\"font-size: 12pt; color: #287da1; font-family: georgia, palatino, serif;\">Chemie verbirgt sich in nahezu allen Prozessen der uns umgebenden Welt. Was wir tun, was uns umgibt, was wir f\u00fchlen \u2013 alles hat mit Chemie zu tun. Sch\u00fclerinnen und Sch\u00fcler k\u00f6nnen den chemischen Gehalt sie umgebender Stoffe und Prozesse wahrnehmen, verstehen und unter Nutzung chemischer Gesichtspunkte beurteilen. Indem sie Chemie als n\u00fctzliche und brauchbare Wissenschaft mit Anwendungen in vielen Bereichen erleben, kann die Chemie ihnen Orientierung in der stofflichen Welt bieten.<\/span><\/p><p style=\"text-align: justify;\"><span style=\"font-size: 12pt; color: #287da1; font-family: georgia, palatino, serif;\">Der Zugang zur Chemie beruht auf <strong>Beobachten und Experimentieren<\/strong>. Dadurch erhaltene Befunde k\u00f6nnen in Beziehung zueinander gebracht werden, was zu <strong>Hypothesen<\/strong>, sp\u00e4ter zu ganzen <strong>Theorien<\/strong> f\u00fchrt. Das regt zu neuen Experimenten an, so dass die Chemie in stetiger Entwicklung ist. Dieser Kreislauf f\u00fchrt nicht nur zu neuen Erkenntnissen, sondern auch zu neuen Verbindungen und Molek\u00fclen.<\/span><\/p><p style=\"text-align: justify;\"><span style=\"font-size: 12pt; color: #287da1; font-family: georgia, palatino, serif;\">Probleme l\u00f6sen\u00a0durch Erkennen und Begreifen von Zusammenh\u00e4ngen auf stofflicher und Teilchenebene \u2013 das ist eine wichtige Aufgabe der Naturwissenschaft Chemie.<\/span><br \/><span style=\"font-size: 12pt; color: #287da1; font-family: georgia, palatino, serif;\">Inhalte und Methoden des Chemieunterrichts wurden in den vergangenen Jahren auf dieses Ziel ausgerichtet, wie an den\u00a0Kerncurricula\u00a0und den Inhalten des Zentralabiturs zu erkennen ist.<\/span><\/p><p style=\"text-align: justify;\"><span style=\"font-size: 12pt; color: #287da1; font-family: georgia, palatino, serif;\">Damit haben sich auch die Schwerpunkte des Unterrichts ge\u00e4ndert.<\/span><br \/><span style=\"font-size: 12pt; color: #287da1; font-family: georgia, palatino, serif;\">Es wird mehr Wert gelegt auf:<\/span><\/p><ul><li style=\"text-align: justify;\"><span style=\"font-size: 12pt; color: #287da1; font-family: georgia, palatino, serif;\">Lernen durch selbstst\u00e4ndiges Entdecken von Zusammenh\u00e4ngen,<\/span><\/li><li style=\"text-align: justify;\"><span style=\"font-size: 12pt; color: #287da1; font-family: georgia, palatino, serif;\">Modellieren chemischer Prozesse auf verschiedenen Ebenen,<\/span><\/li><li style=\"text-align: justify;\"><span style=\"font-size: 12pt; color: #287da1; font-family: georgia, palatino, serif;\">Eigenst\u00e4ndiges Beschreiben, Begr\u00fcnden und Vergleichen von L\u00f6sungswegen und Ergebnissen.<\/span><\/li><\/ul>\t\t\t\t\t\t\t\t<\/div>\n\t\t\t\t<\/div>\n\t\t\t\t\t<\/div>\n\t\t<\/div>\n\t\t\t\t<div class=\"elementor-column elementor-col-33 elementor-top-column elementor-element elementor-element-c25fcbf\" data-id=\"c25fcbf\" data-element_type=\"column\" data-e-type=\"column\">\n\t\t\t<div class=\"elementor-widget-wrap elementor-element-populated\">\n\t\t\t\t\t\t<div class=\"elementor-element elementor-element-497df0a elementor-invisible elementor-widget elementor-widget-wp-widget-nav_menu\" data-id=\"497df0a\" data-element_type=\"widget\" data-e-type=\"widget\" data-settings=\"{&quot;_animation&quot;:&quot;fadeInUp&quot;}\" data-widget_type=\"wp-widget-nav_menu.default\">\n\t\t\t\t<div class=\"elementor-widget-container\">\n\t\t\t\t\t<div class=\"menu-fachmenue-chemie-container\"><ul id=\"menu-fachmenue-chemie\" class=\"menu\"><li id=\"menu-item-1894\" class=\"menu-item menu-item-type-post_type menu-item-object-page menu-item-1894\"><a href=\"https:\/\/gymnasium-nordenham.de\/en\/chemie-am-gn\">Chemie am GN<\/a><\/li>\n<li id=\"menu-item-1892\" class=\"menu-item menu-item-type-post_type menu-item-object-page menu-item-1892\"><a href=\"https:\/\/gymnasium-nordenham.de\/en\/chemie-lehrwerke\">Lehrwerke<\/a><\/li>\n<li id=\"menu-item-1891\" class=\"menu-item menu-item-type-post_type menu-item-object-page menu-item-1891\"><a href=\"https:\/\/gymnasium-nordenham.de\/en\/chemie-curricula\">Curricula<\/a><\/li>\n<li id=\"menu-item-1890\" class=\"menu-item menu-item-type-post_type menu-item-object-page menu-item-1890\"><a href=\"https:\/\/gymnasium-nordenham.de\/en\/chemie-klassenarbeiten-und-klausuren\">Klassenarbeiten und Klausuren<\/a><\/li>\n<li id=\"menu-item-1889\" class=\"menu-item menu-item-type-post_type menu-item-object-page menu-item-1889\"><a href=\"https:\/\/gymnasium-nordenham.de\/en\/chemie-weitere-angebote\">Weitere Angebote<\/a><\/li>\n<\/ul><\/div>\t\t\t\t<\/div>\n\t\t\t\t<\/div>\n\t\t\t\t\t<\/div>\n\t\t<\/div>\n\t\t\t\t\t<\/div>\n\t\t<\/section>\n\t\t\t\t<\/div>","protected":false},"excerpt":{"rendered":"<p>Chemie Unsere Kultur entwickelt unterschiedliche Zug\u00e4nge, die Welt zu verstehen; diese sind nicht wechselseitig ersetzbar. Der Fortschritt der Naturwissenschaften Chemie, Physik und Biologie hat unsere Zeit in besonderem Ma\u00dfe gepr\u00e4gt. Dabei besteht der Beitrag des Chemieunterrichts zur Allgemeinbildung im Wesentlichen &hellip; <a href=\"https:\/\/gymnasium-nordenham.de\/en\/chemie-am-gn\">Continue reading <span class=\"meta-nav\">&rarr;<\/span><\/a><\/p>","protected":false},"author":4,"featured_media":0,"parent":0,"menu_order":0,"comment_status":"closed","ping_status":"closed","template":"elementor_header_footer","meta":{"_crdt_document":"","footnotes":""},"class_list":["post-1875","page","type-page","status-publish","hentry"],"yoast_head":"<!-- This site is optimized with the Yoast SEO plugin v27.3 - https:\/\/yoast.com\/product\/yoast-seo-wordpress\/ -->\n<title>Chemie am GN - Gymnasium Nordenham<\/title>\n<meta name=\"robots\" content=\"index, follow, max-snippet:-1, max-image-preview:large, max-video-preview:-1\" \/>\n<link rel=\"canonical\" href=\"https:\/\/gymnasium-nordenham.de\/en\/chemie-am-gn\/\" \/>\n<meta property=\"og:locale\" content=\"en_GB\" \/>\n<meta property=\"og:type\" content=\"article\" \/>\n<meta property=\"og:title\" content=\"Chemie am GN - Gymnasium Nordenham\" \/>\n<meta property=\"og:description\" content=\"Chemie Unsere Kultur entwickelt unterschiedliche Zug\u00e4nge, die Welt zu verstehen; diese sind nicht wechselseitig ersetzbar. Der Fortschritt der Naturwissenschaften Chemie, Physik und Biologie hat unsere Zeit in besonderem Ma\u00dfe gepr\u00e4gt. Dabei besteht der Beitrag des Chemieunterrichts zur Allgemeinbildung im Wesentlichen &hellip; Continue reading &rarr;\" \/>\n<meta property=\"og:url\" content=\"https:\/\/gymnasium-nordenham.de\/en\/chemie-am-gn\/\" \/>\n<meta property=\"og:site_name\" content=\"Gymnasium Nordenham\" \/>\n<meta property=\"article:modified_time\" content=\"2021-01-11T13:57:54+00:00\" \/>\n<meta property=\"og:image\" content=\"https:\/\/gymnasium-nordenham.de\/wp-content\/uploads\/2020\/12\/P1020670-1024x769.jpeg\" \/>\n<meta name=\"twitter:card\" content=\"summary_large_image\" \/>\n<meta name=\"twitter:label1\" content=\"Estimated reading time\" \/>\n\t<meta name=\"twitter:data1\" content=\"1 minute\" \/>\n<script type=\"application\/ld+json\" class=\"yoast-schema-graph\">{\"@context\":\"https:\\\/\\\/schema.org\",\"@graph\":[{\"@type\":\"WebPage\",\"@id\":\"https:\\\/\\\/gymnasium-nordenham.de\\\/chemie-am-gn\",\"url\":\"https:\\\/\\\/gymnasium-nordenham.de\\\/chemie-am-gn\",\"name\":\"Chemie am GN - Gymnasium Nordenham\",\"isPartOf\":{\"@id\":\"https:\\\/\\\/gymnasium-nordenham.de\\\/#website\"},\"primaryImageOfPage\":{\"@id\":\"https:\\\/\\\/gymnasium-nordenham.de\\\/chemie-am-gn#primaryimage\"},\"image\":{\"@id\":\"https:\\\/\\\/gymnasium-nordenham.de\\\/chemie-am-gn#primaryimage\"},\"thumbnailUrl\":\"https:\\\/\\\/gymnasium-nordenham.de\\\/wp-content\\\/uploads\\\/2020\\\/12\\\/P1020670-1024x769.jpeg\",\"datePublished\":\"2020-05-21T08:23:46+00:00\",\"dateModified\":\"2021-01-11T13:57:54+00:00\",\"breadcrumb\":{\"@id\":\"https:\\\/\\\/gymnasium-nordenham.de\\\/chemie-am-gn#breadcrumb\"},\"inLanguage\":\"en-GB\",\"potentialAction\":[{\"@type\":\"ReadAction\",\"target\":[\"https:\\\/\\\/gymnasium-nordenham.de\\\/chemie-am-gn\"]}]},{\"@type\":\"ImageObject\",\"inLanguage\":\"en-GB\",\"@id\":\"https:\\\/\\\/gymnasium-nordenham.de\\\/chemie-am-gn#primaryimage\",\"url\":\"https:\\\/\\\/gymnasium-nordenham.de\\\/wp-content\\\/uploads\\\/2020\\\/12\\\/P1020670-1024x769.jpeg\",\"contentUrl\":\"https:\\\/\\\/gymnasium-nordenham.de\\\/wp-content\\\/uploads\\\/2020\\\/12\\\/P1020670-1024x769.jpeg\"},{\"@type\":\"BreadcrumbList\",\"@id\":\"https:\\\/\\\/gymnasium-nordenham.de\\\/chemie-am-gn#breadcrumb\",\"itemListElement\":[{\"@type\":\"ListItem\",\"position\":1,\"name\":\"Startseite\",\"item\":\"https:\\\/\\\/gymnasium-nordenham.de\\\/\"},{\"@type\":\"ListItem\",\"position\":2,\"name\":\"Chemie am GN\"}]},{\"@type\":\"WebSite\",\"@id\":\"https:\\\/\\\/gymnasium-nordenham.de\\\/#website\",\"url\":\"https:\\\/\\\/gymnasium-nordenham.de\\\/\",\"name\":\"Gymnasium Nordenham\",\"description\":\"Miteinander, voneinander und f\u00fcreinander lernen\",\"potentialAction\":[{\"@type\":\"SearchAction\",\"target\":{\"@type\":\"EntryPoint\",\"urlTemplate\":\"https:\\\/\\\/gymnasium-nordenham.de\\\/?s={search_term_string}\"},\"query-input\":{\"@type\":\"PropertyValueSpecification\",\"valueRequired\":true,\"valueName\":\"search_term_string\"}}],\"inLanguage\":\"en-GB\"}]}<\/script>\n<!-- \/ Yoast SEO plugin. -->","yoast_head_json":{"title":"Chemie am GN - Gymnasium Nordenham","robots":{"index":"index","follow":"follow","max-snippet":"max-snippet:-1","max-image-preview":"max-image-preview:large","max-video-preview":"max-video-preview:-1"},"canonical":"https:\/\/gymnasium-nordenham.de\/en\/chemie-am-gn\/","og_locale":"en_GB","og_type":"article","og_title":"Chemie am GN - Gymnasium Nordenham","og_description":"Chemie Unsere Kultur entwickelt unterschiedliche Zug\u00e4nge, die Welt zu verstehen; diese sind nicht wechselseitig ersetzbar. Der Fortschritt der Naturwissenschaften Chemie, Physik und Biologie hat unsere Zeit in besonderem Ma\u00dfe gepr\u00e4gt. Dabei besteht der Beitrag des Chemieunterrichts zur Allgemeinbildung im Wesentlichen &hellip; Continue reading &rarr;","og_url":"https:\/\/gymnasium-nordenham.de\/en\/chemie-am-gn\/","og_site_name":"Gymnasium Nordenham","article_modified_time":"2021-01-11T13:57:54+00:00","og_image":[{"url":"https:\/\/gymnasium-nordenham.de\/wp-content\/uploads\/2020\/12\/P1020670-1024x769.jpeg","type":"","width":"","height":""}],"twitter_card":"summary_large_image","twitter_misc":{"Estimated reading time":"1 minute"},"schema":{"@context":"https:\/\/schema.org","@graph":[{"@type":"WebPage","@id":"https:\/\/gymnasium-nordenham.de\/chemie-am-gn","url":"https:\/\/gymnasium-nordenham.de\/chemie-am-gn","name":"Chemie am GN - Gymnasium Nordenham","isPartOf":{"@id":"https:\/\/gymnasium-nordenham.de\/#website"},"primaryImageOfPage":{"@id":"https:\/\/gymnasium-nordenham.de\/chemie-am-gn#primaryimage"},"image":{"@id":"https:\/\/gymnasium-nordenham.de\/chemie-am-gn#primaryimage"},"thumbnailUrl":"https:\/\/gymnasium-nordenham.de\/wp-content\/uploads\/2020\/12\/P1020670-1024x769.jpeg","datePublished":"2020-05-21T08:23:46+00:00","dateModified":"2021-01-11T13:57:54+00:00","breadcrumb":{"@id":"https:\/\/gymnasium-nordenham.de\/chemie-am-gn#breadcrumb"},"inLanguage":"en-GB","potentialAction":[{"@type":"ReadAction","target":["https:\/\/gymnasium-nordenham.de\/chemie-am-gn"]}]},{"@type":"ImageObject","inLanguage":"en-GB","@id":"https:\/\/gymnasium-nordenham.de\/chemie-am-gn#primaryimage","url":"https:\/\/gymnasium-nordenham.de\/wp-content\/uploads\/2020\/12\/P1020670-1024x769.jpeg","contentUrl":"https:\/\/gymnasium-nordenham.de\/wp-content\/uploads\/2020\/12\/P1020670-1024x769.jpeg"},{"@type":"BreadcrumbList","@id":"https:\/\/gymnasium-nordenham.de\/chemie-am-gn#breadcrumb","itemListElement":[{"@type":"ListItem","position":1,"name":"Startseite","item":"https:\/\/gymnasium-nordenham.de\/"},{"@type":"ListItem","position":2,"name":"Chemie am GN"}]},{"@type":"WebSite","@id":"https:\/\/gymnasium-nordenham.de\/#website","url":"https:\/\/gymnasium-nordenham.de\/","name":"Gymnasium Nordenham","description":"Miteinander, voneinander und f\u00fcreinander lernen","potentialAction":[{"@type":"SearchAction","target":{"@type":"EntryPoint","urlTemplate":"https:\/\/gymnasium-nordenham.de\/?s={search_term_string}"},"query-input":{"@type":"PropertyValueSpecification","valueRequired":true,"valueName":"search_term_string"}}],"inLanguage":"en-GB"}]}},"_links":{"self":[{"href":"https:\/\/gymnasium-nordenham.de\/en\/wp-json\/wp\/v2\/pages\/1875","targetHints":{"allow":["GET"]}}],"collection":[{"href":"https:\/\/gymnasium-nordenham.de\/en\/wp-json\/wp\/v2\/pages"}],"about":[{"href":"https:\/\/gymnasium-nordenham.de\/en\/wp-json\/wp\/v2\/types\/page"}],"author":[{"embeddable":true,"href":"https:\/\/gymnasium-nordenham.de\/en\/wp-json\/wp\/v2\/users\/4"}],"replies":[{"embeddable":true,"href":"https:\/\/gymnasium-nordenham.de\/en\/wp-json\/wp\/v2\/comments?post=1875"}],"version-history":[{"count":0,"href":"https:\/\/gymnasium-nordenham.de\/en\/wp-json\/wp\/v2\/pages\/1875\/revisions"}],"wp:attachment":[{"href":"https:\/\/gymnasium-nordenham.de\/en\/wp-json\/wp\/v2\/media?parent=1875"}],"curies":[{"name":"wp","href":"https:\/\/api.w.org\/{rel}","templated":true}]}}