{"id":1844,"date":"2020-05-17T19:36:42","date_gmt":"2020-05-17T17:36:42","guid":{"rendered":"https:\/\/gymnasiumnordenhamtest.live-website.com\/?page_id=1844"},"modified":"2020-12-22T23:49:38","modified_gmt":"2020-12-22T22:49:38","slug":"erdkunde-klassenarbeiten-und-klausuren","status":"publish","type":"page","link":"https:\/\/gymnasium-nordenham.de\/en\/erdkunde-klassenarbeiten-und-klausuren","title":{"rendered":"Erdkunde &#8211; Klassenarbeiten und Klausuren"},"content":{"rendered":"<div data-elementor-type=\"wp-page\" data-elementor-id=\"1844\" class=\"elementor elementor-1844\" data-elementor-post-type=\"page\">\n\t\t\t\t\t\t<section class=\"elementor-section elementor-top-section elementor-element elementor-element-5257c4b elementor-section-full_width elementor-section-height-default elementor-section-height-default\" data-id=\"5257c4b\" data-element_type=\"section\" data-e-type=\"section\">\n\t\t\t\t\t\t<div class=\"elementor-container elementor-column-gap-default\">\n\t\t\t\t\t<div class=\"elementor-column elementor-col-100 elementor-top-column elementor-element elementor-element-929ce8f\" data-id=\"929ce8f\" data-element_type=\"column\" data-e-type=\"column\" data-settings=\"{&quot;background_background&quot;:&quot;classic&quot;}\">\n\t\t\t<div class=\"elementor-widget-wrap elementor-element-populated\">\n\t\t\t\t\t\t<div class=\"elementor-element elementor-element-de78d44 elementor-widget elementor-widget-heading\" data-id=\"de78d44\" data-element_type=\"widget\" data-e-type=\"widget\" data-widget_type=\"heading.default\">\n\t\t\t\t<div class=\"elementor-widget-container\">\n\t\t\t\t\t<h2 class=\"elementor-heading-title elementor-size-large\">Klassenarbeiten und Klausuren<\/h2>\t\t\t\t<\/div>\n\t\t\t\t<\/div>\n\t\t\t\t\t<\/div>\n\t\t<\/div>\n\t\t\t\t\t<\/div>\n\t\t<\/section>\n\t\t\t\t<section class=\"elementor-section elementor-top-section elementor-element elementor-element-9215942 elementor-section-full_width elementor-section-height-default elementor-section-height-default\" data-id=\"9215942\" data-element_type=\"section\" data-e-type=\"section\">\n\t\t\t\t\t\t<div class=\"elementor-container elementor-column-gap-default\">\n\t\t\t\t\t<div class=\"elementor-column elementor-col-66 elementor-top-column elementor-element elementor-element-bc4bb8e\" data-id=\"bc4bb8e\" data-element_type=\"column\" data-e-type=\"column\">\n\t\t\t<div class=\"elementor-widget-wrap elementor-element-populated\">\n\t\t\t\t\t\t<div class=\"elementor-element elementor-element-809aad3 elementor-widget elementor-widget-text-editor\" data-id=\"809aad3\" data-element_type=\"widget\" data-e-type=\"widget\" data-widget_type=\"text-editor.default\">\n\t\t\t\t<div class=\"elementor-widget-container\">\n\t\t\t\t\t\t\t\t\t<p style=\"text-align: justify;\"><span style=\"font-family: georgia, palatino, serif; font-size: 12pt;\"><strong>Klasse 5, 7, 9:<\/strong> 2-st\u00fcndiger, ganzj\u00e4hriger Unterricht<\/span><\/p><p style=\"text-align: justify;\"><span style=\"font-size: 12pt; font-family: georgia, palatino, serif;\"><strong>Klasse 6, 8, 10:<\/strong> 2-st\u00fcndiger, epochaler Unterricht<\/span><\/p><p style=\"text-align: justify;\"><span style=\"font-size: 12pt; font-family: georgia, palatino, serif;\"><strong>Klasse 5 bis 10:<\/strong><\/span><br \/><span style=\"font-size: 12pt; font-family: georgia, palatino, serif;\">m\u00fcndliche Mitarbeit: 60%;<\/span><br \/><span style=\"font-size: 12pt; font-family: georgia, palatino, serif;\">in 5-9: pro Halbjahr eine 1-st\u00fcndige Klassenarbeit: 40%<\/span><br \/><span style=\"font-size: 12pt; font-family: georgia, palatino, serif;\">in 10: eine 1-2-st\u00fcndige Klassenarbeit: 40%<\/span><\/p><p style=\"text-align: justify;\"><span style=\"font-size: 12pt; font-family: georgia, palatino, serif;\"><strong>Klasse 11:<\/strong><\/span><br \/><span style=\"font-size: 12pt; font-family: georgia, palatino, serif;\">m\u00fcndliche Mitarbeit: 60%; wenn eine Pr\u00e4sentation aus dem Thema 4 durchgef\u00fchrt wird, wird diese mit 1\/3 der m\u00fcndlichen Mitarbeitsnote bewertet;<\/span><br \/><span style=\"font-size: 12pt; font-family: georgia, palatino, serif;\">2-st\u00fcndige Klassenarbeit: 40%<\/span><\/p>\t\t\t\t\t\t\t\t<\/div>\n\t\t\t\t<\/div>\n\t\t\t\t\t<\/div>\n\t\t<\/div>\n\t\t\t\t<div class=\"elementor-column elementor-col-33 elementor-top-column elementor-element elementor-element-c25fcbf\" data-id=\"c25fcbf\" data-element_type=\"column\" data-e-type=\"column\">\n\t\t\t<div class=\"elementor-widget-wrap elementor-element-populated\">\n\t\t\t\t\t\t<div class=\"elementor-element elementor-element-497df0a elementor-invisible elementor-widget elementor-widget-wp-widget-nav_menu\" data-id=\"497df0a\" data-element_type=\"widget\" data-e-type=\"widget\" data-settings=\"{&quot;_animation&quot;:&quot;fadeInUp&quot;}\" data-widget_type=\"wp-widget-nav_menu.default\">\n\t\t\t\t<div class=\"elementor-widget-container\">\n\t\t\t\t\t<div class=\"menu-fachmenue-erdkunde-container\"><ul id=\"menu-fachmenue-erdkunde\" class=\"menu\"><li id=\"menu-item-1853\" class=\"menu-item menu-item-type-post_type menu-item-object-page menu-item-1853\"><a href=\"https:\/\/gymnasium-nordenham.de\/en\/erdkunde-am-gn\">Erdkunde am GN<\/a><\/li>\n<li id=\"menu-item-1851\" class=\"menu-item menu-item-type-post_type menu-item-object-page menu-item-1851\"><a href=\"https:\/\/gymnasium-nordenham.de\/en\/erdkunde-lehrwerke\">Lehrwerke<\/a><\/li>\n<li id=\"menu-item-1850\" class=\"menu-item menu-item-type-post_type menu-item-object-page menu-item-1850\"><a href=\"https:\/\/gymnasium-nordenham.de\/en\/erdkunde-curricula\">Curricula<\/a><\/li>\n<li id=\"menu-item-1849\" class=\"menu-item menu-item-type-post_type menu-item-object-page menu-item-1849\"><a href=\"https:\/\/gymnasium-nordenham.de\/en\/erdkunde-klassenarbeiten-und-klausuren\">Klassenarbeiten und Klausuren<\/a><\/li>\n<li id=\"menu-item-1848\" class=\"menu-item menu-item-type-post_type menu-item-object-page menu-item-1848\"><a href=\"https:\/\/gymnasium-nordenham.de\/en\/erdkunde-weitere-angebote\">Weitere Angebote<\/a><\/li>\n<\/ul><\/div>\t\t\t\t<\/div>\n\t\t\t\t<\/div>\n\t\t\t\t\t<\/div>\n\t\t<\/div>\n\t\t\t\t\t<\/div>\n\t\t<\/section>\n\t\t\t\t<\/div>","protected":false},"excerpt":{"rendered":"<p>Klassenarbeiten und Klausuren Klasse 5, 7, 9: 2-st\u00fcndiger, ganzj\u00e4hriger Unterricht Klasse 6, 8, 10: 2-st\u00fcndiger, epochaler Unterricht Klasse 5 bis 10:m\u00fcndliche Mitarbeit: 60%;in 5-9: pro Halbjahr eine 1-st\u00fcndige Klassenarbeit: 40%in 10: eine 1-2-st\u00fcndige Klassenarbeit: 40% Klasse 11:m\u00fcndliche Mitarbeit: 60%; wenn &hellip; <a href=\"https:\/\/gymnasium-nordenham.de\/en\/erdkunde-klassenarbeiten-und-klausuren\">Continue reading <span class=\"meta-nav\">&rarr;<\/span><\/a><\/p>","protected":false},"author":4,"featured_media":0,"parent":0,"menu_order":0,"comment_status":"closed","ping_status":"closed","template":"elementor_header_footer","meta":{"_crdt_document":"","footnotes":""},"class_list":["post-1844","page","type-page","status-publish","hentry"],"yoast_head":"<!-- This site is optimized with the Yoast SEO plugin v27.3 - https:\/\/yoast.com\/product\/yoast-seo-wordpress\/ -->\n<title>Erdkunde - Klassenarbeiten und Klausuren - Gymnasium Nordenham<\/title>\n<meta name=\"robots\" content=\"index, follow, max-snippet:-1, max-image-preview:large, max-video-preview:-1\" \/>\n<link rel=\"canonical\" href=\"https:\/\/gymnasium-nordenham.de\/en\/erdkunde-klassenarbeiten-und-klausuren\/\" \/>\n<meta property=\"og:locale\" content=\"en_GB\" \/>\n<meta property=\"og:type\" content=\"article\" \/>\n<meta property=\"og:title\" content=\"Erdkunde - Klassenarbeiten und Klausuren - Gymnasium Nordenham\" \/>\n<meta property=\"og:description\" content=\"Klassenarbeiten und Klausuren Klasse 5, 7, 9: 2-st\u00fcndiger, ganzj\u00e4hriger Unterricht Klasse 6, 8, 10: 2-st\u00fcndiger, epochaler Unterricht Klasse 5 bis 10:m\u00fcndliche Mitarbeit: 60%;in 5-9: pro Halbjahr eine 1-st\u00fcndige Klassenarbeit: 40%in 10: eine 1-2-st\u00fcndige Klassenarbeit: 40% Klasse 11:m\u00fcndliche Mitarbeit: 60%; wenn &hellip; Continue reading &rarr;\" \/>\n<meta property=\"og:url\" content=\"https:\/\/gymnasium-nordenham.de\/en\/erdkunde-klassenarbeiten-und-klausuren\/\" \/>\n<meta property=\"og:site_name\" content=\"Gymnasium Nordenham\" \/>\n<meta property=\"article:modified_time\" content=\"2020-12-22T22:49:38+00:00\" \/>\n<meta name=\"twitter:card\" content=\"summary_large_image\" \/>\n<script type=\"application\/ld+json\" class=\"yoast-schema-graph\">{\"@context\":\"https:\\\/\\\/schema.org\",\"@graph\":[{\"@type\":\"WebPage\",\"@id\":\"https:\\\/\\\/gymnasium-nordenham.de\\\/erdkunde-klassenarbeiten-und-klausuren\",\"url\":\"https:\\\/\\\/gymnasium-nordenham.de\\\/erdkunde-klassenarbeiten-und-klausuren\",\"name\":\"Erdkunde - Klassenarbeiten und Klausuren - Gymnasium Nordenham\",\"isPartOf\":{\"@id\":\"https:\\\/\\\/gymnasium-nordenham.de\\\/#website\"},\"datePublished\":\"2020-05-17T17:36:42+00:00\",\"dateModified\":\"2020-12-22T22:49:38+00:00\",\"breadcrumb\":{\"@id\":\"https:\\\/\\\/gymnasium-nordenham.de\\\/erdkunde-klassenarbeiten-und-klausuren#breadcrumb\"},\"inLanguage\":\"en-GB\",\"potentialAction\":[{\"@type\":\"ReadAction\",\"target\":[\"https:\\\/\\\/gymnasium-nordenham.de\\\/erdkunde-klassenarbeiten-und-klausuren\"]}]},{\"@type\":\"BreadcrumbList\",\"@id\":\"https:\\\/\\\/gymnasium-nordenham.de\\\/erdkunde-klassenarbeiten-und-klausuren#breadcrumb\",\"itemListElement\":[{\"@type\":\"ListItem\",\"position\":1,\"name\":\"Startseite\",\"item\":\"https:\\\/\\\/gymnasium-nordenham.de\\\/\"},{\"@type\":\"ListItem\",\"position\":2,\"name\":\"Erdkunde &#8211; Klassenarbeiten und Klausuren\"}]},{\"@type\":\"WebSite\",\"@id\":\"https:\\\/\\\/gymnasium-nordenham.de\\\/#website\",\"url\":\"https:\\\/\\\/gymnasium-nordenham.de\\\/\",\"name\":\"Gymnasium Nordenham\",\"description\":\"Miteinander, voneinander und f\u00fcreinander lernen\",\"potentialAction\":[{\"@type\":\"SearchAction\",\"target\":{\"@type\":\"EntryPoint\",\"urlTemplate\":\"https:\\\/\\\/gymnasium-nordenham.de\\\/?s={search_term_string}\"},\"query-input\":{\"@type\":\"PropertyValueSpecification\",\"valueRequired\":true,\"valueName\":\"search_term_string\"}}],\"inLanguage\":\"en-GB\"}]}<\/script>\n<!-- \/ Yoast SEO plugin. -->","yoast_head_json":{"title":"Erdkunde - Klassenarbeiten und Klausuren - Gymnasium Nordenham","robots":{"index":"index","follow":"follow","max-snippet":"max-snippet:-1","max-image-preview":"max-image-preview:large","max-video-preview":"max-video-preview:-1"},"canonical":"https:\/\/gymnasium-nordenham.de\/en\/erdkunde-klassenarbeiten-und-klausuren\/","og_locale":"en_GB","og_type":"article","og_title":"Erdkunde - Klassenarbeiten und Klausuren - Gymnasium Nordenham","og_description":"Klassenarbeiten und Klausuren Klasse 5, 7, 9: 2-st\u00fcndiger, ganzj\u00e4hriger Unterricht Klasse 6, 8, 10: 2-st\u00fcndiger, epochaler Unterricht Klasse 5 bis 10:m\u00fcndliche Mitarbeit: 60%;in 5-9: pro Halbjahr eine 1-st\u00fcndige Klassenarbeit: 40%in 10: eine 1-2-st\u00fcndige Klassenarbeit: 40% Klasse 11:m\u00fcndliche Mitarbeit: 60%; wenn &hellip; Continue reading &rarr;","og_url":"https:\/\/gymnasium-nordenham.de\/en\/erdkunde-klassenarbeiten-und-klausuren\/","og_site_name":"Gymnasium Nordenham","article_modified_time":"2020-12-22T22:49:38+00:00","twitter_card":"summary_large_image","schema":{"@context":"https:\/\/schema.org","@graph":[{"@type":"WebPage","@id":"https:\/\/gymnasium-nordenham.de\/erdkunde-klassenarbeiten-und-klausuren","url":"https:\/\/gymnasium-nordenham.de\/erdkunde-klassenarbeiten-und-klausuren","name":"Erdkunde - Klassenarbeiten und Klausuren - Gymnasium Nordenham","isPartOf":{"@id":"https:\/\/gymnasium-nordenham.de\/#website"},"datePublished":"2020-05-17T17:36:42+00:00","dateModified":"2020-12-22T22:49:38+00:00","breadcrumb":{"@id":"https:\/\/gymnasium-nordenham.de\/erdkunde-klassenarbeiten-und-klausuren#breadcrumb"},"inLanguage":"en-GB","potentialAction":[{"@type":"ReadAction","target":["https:\/\/gymnasium-nordenham.de\/erdkunde-klassenarbeiten-und-klausuren"]}]},{"@type":"BreadcrumbList","@id":"https:\/\/gymnasium-nordenham.de\/erdkunde-klassenarbeiten-und-klausuren#breadcrumb","itemListElement":[{"@type":"ListItem","position":1,"name":"Startseite","item":"https:\/\/gymnasium-nordenham.de\/"},{"@type":"ListItem","position":2,"name":"Erdkunde &#8211; Klassenarbeiten und Klausuren"}]},{"@type":"WebSite","@id":"https:\/\/gymnasium-nordenham.de\/#website","url":"https:\/\/gymnasium-nordenham.de\/","name":"Gymnasium Nordenham","description":"Miteinander, voneinander und f\u00fcreinander lernen","potentialAction":[{"@type":"SearchAction","target":{"@type":"EntryPoint","urlTemplate":"https:\/\/gymnasium-nordenham.de\/?s={search_term_string}"},"query-input":{"@type":"PropertyValueSpecification","valueRequired":true,"valueName":"search_term_string"}}],"inLanguage":"en-GB"}]}},"_links":{"self":[{"href":"https:\/\/gymnasium-nordenham.de\/en\/wp-json\/wp\/v2\/pages\/1844","targetHints":{"allow":["GET"]}}],"collection":[{"href":"https:\/\/gymnasium-nordenham.de\/en\/wp-json\/wp\/v2\/pages"}],"about":[{"href":"https:\/\/gymnasium-nordenham.de\/en\/wp-json\/wp\/v2\/types\/page"}],"author":[{"embeddable":true,"href":"https:\/\/gymnasium-nordenham.de\/en\/wp-json\/wp\/v2\/users\/4"}],"replies":[{"embeddable":true,"href":"https:\/\/gymnasium-nordenham.de\/en\/wp-json\/wp\/v2\/comments?post=1844"}],"version-history":[{"count":0,"href":"https:\/\/gymnasium-nordenham.de\/en\/wp-json\/wp\/v2\/pages\/1844\/revisions"}],"wp:attachment":[{"href":"https:\/\/gymnasium-nordenham.de\/en\/wp-json\/wp\/v2\/media?parent=1844"}],"curies":[{"name":"wp","href":"https:\/\/api.w.org\/{rel}","templated":true}]}}