{"id":1836,"date":"2020-05-17T19:32:50","date_gmt":"2020-05-17T17:32:50","guid":{"rendered":"https:\/\/gymnasiumnordenhamtest.live-website.com\/?page_id=1836"},"modified":"2020-12-22T23:32:02","modified_gmt":"2020-12-22T22:32:02","slug":"erdkunde-am-gn","status":"publish","type":"page","link":"https:\/\/gymnasium-nordenham.de\/en\/erdkunde-am-gn","title":{"rendered":"Erdkunde am GN"},"content":{"rendered":"<div data-elementor-type=\"wp-page\" data-elementor-id=\"1836\" class=\"elementor elementor-1836\" data-elementor-post-type=\"page\">\n\t\t\t\t\t\t<section class=\"elementor-section elementor-top-section elementor-element elementor-element-5257c4b elementor-section-full_width elementor-section-height-default elementor-section-height-default\" data-id=\"5257c4b\" data-element_type=\"section\" data-e-type=\"section\">\n\t\t\t\t\t\t<div class=\"elementor-container elementor-column-gap-default\">\n\t\t\t\t\t<div class=\"elementor-column elementor-col-100 elementor-top-column elementor-element elementor-element-929ce8f\" data-id=\"929ce8f\" data-element_type=\"column\" data-e-type=\"column\" data-settings=\"{&quot;background_background&quot;:&quot;classic&quot;}\">\n\t\t\t<div class=\"elementor-widget-wrap elementor-element-populated\">\n\t\t\t\t\t\t<div class=\"elementor-element elementor-element-de78d44 elementor-widget elementor-widget-heading\" data-id=\"de78d44\" data-element_type=\"widget\" data-e-type=\"widget\" data-widget_type=\"heading.default\">\n\t\t\t\t<div class=\"elementor-widget-container\">\n\t\t\t\t\t<h2 class=\"elementor-heading-title elementor-size-large\">Erdkunde<\/h2>\t\t\t\t<\/div>\n\t\t\t\t<\/div>\n\t\t\t\t\t<\/div>\n\t\t<\/div>\n\t\t\t\t\t<\/div>\n\t\t<\/section>\n\t\t\t\t<section class=\"elementor-section elementor-top-section elementor-element elementor-element-9215942 elementor-section-full_width elementor-section-height-default elementor-section-height-default\" data-id=\"9215942\" data-element_type=\"section\" data-e-type=\"section\">\n\t\t\t\t\t\t<div class=\"elementor-container elementor-column-gap-default\">\n\t\t\t\t\t<div class=\"elementor-column elementor-col-66 elementor-top-column elementor-element elementor-element-bc4bb8e\" data-id=\"bc4bb8e\" data-element_type=\"column\" data-e-type=\"column\">\n\t\t\t<div class=\"elementor-widget-wrap elementor-element-populated\">\n\t\t\t\t\t\t<div class=\"elementor-element elementor-element-fa3996f elementor-widget elementor-widget-image\" data-id=\"fa3996f\" data-element_type=\"widget\" data-e-type=\"widget\" data-widget_type=\"image.default\">\n\t\t\t\t<div class=\"elementor-widget-container\">\n\t\t\t\t\t\t\t\t\t\t\t\t\t\t\t<img fetchpriority=\"high\" decoding=\"async\" width=\"640\" height=\"343\" src=\"https:\/\/gymnasium-nordenham.de\/wp-content\/uploads\/2020\/12\/P1020642-1024x548.jpeg\" class=\"attachment-large size-large wp-image-3590\" alt=\"\" srcset=\"https:\/\/gymnasium-nordenham.de\/wp-content\/uploads\/2020\/12\/P1020642-1024x548.jpeg 1024w, https:\/\/gymnasium-nordenham.de\/wp-content\/uploads\/2020\/12\/P1020642-300x161.jpeg 300w, https:\/\/gymnasium-nordenham.de\/wp-content\/uploads\/2020\/12\/P1020642-768x411.jpeg 768w, https:\/\/gymnasium-nordenham.de\/wp-content\/uploads\/2020\/12\/P1020642-1536x823.jpeg 1536w, https:\/\/gymnasium-nordenham.de\/wp-content\/uploads\/2020\/12\/P1020642-2048x1097.jpeg 2048w\" sizes=\"(max-width: 640px) 100vw, 640px\" \/>\t\t\t\t\t\t\t\t\t\t\t\t\t\t\t<\/div>\n\t\t\t\t<\/div>\n\t\t\t\t<div class=\"elementor-element elementor-element-809aad3 elementor-widget elementor-widget-text-editor\" data-id=\"809aad3\" data-element_type=\"widget\" data-e-type=\"widget\" data-widget_type=\"text-editor.default\">\n\t\t\t\t<div class=\"elementor-widget-container\">\n\t\t\t\t\t\t\t\t\t<p style=\"text-align: justify;\"><span style=\"font-family: georgia, palatino, serif; font-size: 12pt;\">Nachhaltige Ressourcen- und Energienutzung, Eingriffe in \u00d6kosysteme, Aspekte des Klimawandels und Klimaschutz, Ursachen und Folgen globaler Migrationen, Strukturwandel in Industrie und Landwirtschaft, Globalisierung und ihre Folgen sind einige hochaktuellen Themen, die GesellschaS der n\u00e4chsten Jahre pr\u00e4gen werden.<br \/><\/span><br \/><span style=\"font-family: georgia, palatino, serif; font-size: 12pt;\">Seit Jahrzehnten greift die Erdkunde diese Themen sowohl in natur- als auch humangeographischen Kontexten auf und beleuchtet stets auch Anpassungsstrategien, L\u00f6sungsvorschl\u00e4ge und Schutzma\u00dfnahmen, z.B. gegen die unvermeidlichen Folgen des Klimawandels. Erdkunde ist mit diesen Gegenwarts- und Zukunftsbez\u00fcgen sowie mit seinen systematischen Ankn\u00fcpfungen zu den Nachhaltigkeitszielen der Vereinten Nationen damit schlechterdings das Leifach der Bildung f\u00fcr Nachhaltige Entwicklung (BNE).<br \/><\/span><br \/><span style=\"font-family: georgia, palatino, serif; font-size: 12pt;\">Am Gymnasium Nordenham werden diese Themen in einem aubaauenden Unterricht von Klasse 5 an gelehrt. Der Unterricht findet nach Stundentafel in einem Doppeljahrgang 3-st\u00fcndig (epochal in 6, 8, 10 und 11) statt.<\/span><\/p>\t\t\t\t\t\t\t\t<\/div>\n\t\t\t\t<\/div>\n\t\t\t\t\t<\/div>\n\t\t<\/div>\n\t\t\t\t<div class=\"elementor-column elementor-col-33 elementor-top-column elementor-element elementor-element-c25fcbf\" data-id=\"c25fcbf\" data-element_type=\"column\" data-e-type=\"column\">\n\t\t\t<div class=\"elementor-widget-wrap elementor-element-populated\">\n\t\t\t\t\t\t<div class=\"elementor-element elementor-element-497df0a elementor-invisible elementor-widget elementor-widget-wp-widget-nav_menu\" data-id=\"497df0a\" data-element_type=\"widget\" data-e-type=\"widget\" data-settings=\"{&quot;_animation&quot;:&quot;fadeInUp&quot;}\" data-widget_type=\"wp-widget-nav_menu.default\">\n\t\t\t\t<div class=\"elementor-widget-container\">\n\t\t\t\t\t<div class=\"menu-fachmenue-erdkunde-container\"><ul id=\"menu-fachmenue-erdkunde\" class=\"menu\"><li id=\"menu-item-1853\" class=\"menu-item menu-item-type-post_type menu-item-object-page menu-item-1853\"><a href=\"https:\/\/gymnasium-nordenham.de\/en\/erdkunde-am-gn\">Erdkunde am GN<\/a><\/li>\n<li id=\"menu-item-1851\" class=\"menu-item menu-item-type-post_type menu-item-object-page menu-item-1851\"><a href=\"https:\/\/gymnasium-nordenham.de\/en\/erdkunde-lehrwerke\">Lehrwerke<\/a><\/li>\n<li id=\"menu-item-1850\" class=\"menu-item menu-item-type-post_type menu-item-object-page menu-item-1850\"><a href=\"https:\/\/gymnasium-nordenham.de\/en\/erdkunde-curricula\">Curricula<\/a><\/li>\n<li id=\"menu-item-1849\" class=\"menu-item menu-item-type-post_type menu-item-object-page menu-item-1849\"><a href=\"https:\/\/gymnasium-nordenham.de\/en\/erdkunde-klassenarbeiten-und-klausuren\">Klassenarbeiten und Klausuren<\/a><\/li>\n<li id=\"menu-item-1848\" class=\"menu-item menu-item-type-post_type menu-item-object-page menu-item-1848\"><a href=\"https:\/\/gymnasium-nordenham.de\/en\/erdkunde-weitere-angebote\">Weitere Angebote<\/a><\/li>\n<\/ul><\/div>\t\t\t\t<\/div>\n\t\t\t\t<\/div>\n\t\t\t\t\t<\/div>\n\t\t<\/div>\n\t\t\t\t\t<\/div>\n\t\t<\/section>\n\t\t\t\t<\/div>","protected":false},"excerpt":{"rendered":"<p>Erdkunde Nachhaltige Ressourcen- und Energienutzung, Eingriffe in \u00d6kosysteme, Aspekte des Klimawandels und Klimaschutz, Ursachen und Folgen globaler Migrationen, Strukturwandel in Industrie und Landwirtschaft, Globalisierung und ihre Folgen sind einige hochaktuellen Themen, die GesellschaS der n\u00e4chsten Jahre pr\u00e4gen werden. Seit Jahrzehnten &hellip; <a href=\"https:\/\/gymnasium-nordenham.de\/en\/erdkunde-am-gn\">Continue reading <span class=\"meta-nav\">&rarr;<\/span><\/a><\/p>","protected":false},"author":4,"featured_media":0,"parent":0,"menu_order":0,"comment_status":"closed","ping_status":"closed","template":"elementor_header_footer","meta":{"_crdt_document":"","footnotes":""},"class_list":["post-1836","page","type-page","status-publish","hentry"],"yoast_head":"<!-- This site is optimized with the Yoast SEO plugin v27.3 - https:\/\/yoast.com\/product\/yoast-seo-wordpress\/ -->\n<title>Erdkunde am GN - Gymnasium Nordenham<\/title>\n<meta name=\"robots\" content=\"index, follow, max-snippet:-1, max-image-preview:large, max-video-preview:-1\" \/>\n<link rel=\"canonical\" href=\"https:\/\/gymnasium-nordenham.de\/en\/erdkunde-am-gn\/\" \/>\n<meta property=\"og:locale\" content=\"en_GB\" \/>\n<meta property=\"og:type\" content=\"article\" \/>\n<meta property=\"og:title\" content=\"Erdkunde am GN - Gymnasium Nordenham\" \/>\n<meta property=\"og:description\" content=\"Erdkunde Nachhaltige Ressourcen- und Energienutzung, Eingriffe in \u00d6kosysteme, Aspekte des Klimawandels und Klimaschutz, Ursachen und Folgen globaler Migrationen, Strukturwandel in Industrie und Landwirtschaft, Globalisierung und ihre Folgen sind einige hochaktuellen Themen, die GesellschaS der n\u00e4chsten Jahre pr\u00e4gen werden. Seit Jahrzehnten &hellip; Continue reading &rarr;\" \/>\n<meta property=\"og:url\" content=\"https:\/\/gymnasium-nordenham.de\/en\/erdkunde-am-gn\/\" \/>\n<meta property=\"og:site_name\" content=\"Gymnasium Nordenham\" \/>\n<meta property=\"article:modified_time\" content=\"2020-12-22T22:32:02+00:00\" \/>\n<meta property=\"og:image\" content=\"https:\/\/gymnasium-nordenham.de\/wp-content\/uploads\/2020\/12\/P1020642-1024x548.jpeg\" \/>\n<meta name=\"twitter:card\" content=\"summary_large_image\" \/>\n<meta name=\"twitter:label1\" content=\"Estimated reading time\" \/>\n\t<meta name=\"twitter:data1\" content=\"1 minute\" \/>\n<script type=\"application\/ld+json\" class=\"yoast-schema-graph\">{\"@context\":\"https:\\\/\\\/schema.org\",\"@graph\":[{\"@type\":\"WebPage\",\"@id\":\"https:\\\/\\\/gymnasium-nordenham.de\\\/erdkunde-am-gn\",\"url\":\"https:\\\/\\\/gymnasium-nordenham.de\\\/erdkunde-am-gn\",\"name\":\"Erdkunde am GN - Gymnasium Nordenham\",\"isPartOf\":{\"@id\":\"https:\\\/\\\/gymnasium-nordenham.de\\\/#website\"},\"primaryImageOfPage\":{\"@id\":\"https:\\\/\\\/gymnasium-nordenham.de\\\/erdkunde-am-gn#primaryimage\"},\"image\":{\"@id\":\"https:\\\/\\\/gymnasium-nordenham.de\\\/erdkunde-am-gn#primaryimage\"},\"thumbnailUrl\":\"https:\\\/\\\/gymnasium-nordenham.de\\\/wp-content\\\/uploads\\\/2020\\\/12\\\/P1020642-1024x548.jpeg\",\"datePublished\":\"2020-05-17T17:32:50+00:00\",\"dateModified\":\"2020-12-22T22:32:02+00:00\",\"breadcrumb\":{\"@id\":\"https:\\\/\\\/gymnasium-nordenham.de\\\/erdkunde-am-gn#breadcrumb\"},\"inLanguage\":\"en-GB\",\"potentialAction\":[{\"@type\":\"ReadAction\",\"target\":[\"https:\\\/\\\/gymnasium-nordenham.de\\\/erdkunde-am-gn\"]}]},{\"@type\":\"ImageObject\",\"inLanguage\":\"en-GB\",\"@id\":\"https:\\\/\\\/gymnasium-nordenham.de\\\/erdkunde-am-gn#primaryimage\",\"url\":\"https:\\\/\\\/gymnasium-nordenham.de\\\/wp-content\\\/uploads\\\/2020\\\/12\\\/P1020642-1024x548.jpeg\",\"contentUrl\":\"https:\\\/\\\/gymnasium-nordenham.de\\\/wp-content\\\/uploads\\\/2020\\\/12\\\/P1020642-1024x548.jpeg\"},{\"@type\":\"BreadcrumbList\",\"@id\":\"https:\\\/\\\/gymnasium-nordenham.de\\\/erdkunde-am-gn#breadcrumb\",\"itemListElement\":[{\"@type\":\"ListItem\",\"position\":1,\"name\":\"Startseite\",\"item\":\"https:\\\/\\\/gymnasium-nordenham.de\\\/\"},{\"@type\":\"ListItem\",\"position\":2,\"name\":\"Erdkunde am GN\"}]},{\"@type\":\"WebSite\",\"@id\":\"https:\\\/\\\/gymnasium-nordenham.de\\\/#website\",\"url\":\"https:\\\/\\\/gymnasium-nordenham.de\\\/\",\"name\":\"Gymnasium Nordenham\",\"description\":\"Miteinander, voneinander und f\u00fcreinander lernen\",\"potentialAction\":[{\"@type\":\"SearchAction\",\"target\":{\"@type\":\"EntryPoint\",\"urlTemplate\":\"https:\\\/\\\/gymnasium-nordenham.de\\\/?s={search_term_string}\"},\"query-input\":{\"@type\":\"PropertyValueSpecification\",\"valueRequired\":true,\"valueName\":\"search_term_string\"}}],\"inLanguage\":\"en-GB\"}]}<\/script>\n<!-- \/ Yoast SEO plugin. -->","yoast_head_json":{"title":"Erdkunde am GN - Gymnasium Nordenham","robots":{"index":"index","follow":"follow","max-snippet":"max-snippet:-1","max-image-preview":"max-image-preview:large","max-video-preview":"max-video-preview:-1"},"canonical":"https:\/\/gymnasium-nordenham.de\/en\/erdkunde-am-gn\/","og_locale":"en_GB","og_type":"article","og_title":"Erdkunde am GN - Gymnasium Nordenham","og_description":"Erdkunde Nachhaltige Ressourcen- und Energienutzung, Eingriffe in \u00d6kosysteme, Aspekte des Klimawandels und Klimaschutz, Ursachen und Folgen globaler Migrationen, Strukturwandel in Industrie und Landwirtschaft, Globalisierung und ihre Folgen sind einige hochaktuellen Themen, die GesellschaS der n\u00e4chsten Jahre pr\u00e4gen werden. Seit Jahrzehnten &hellip; Continue reading &rarr;","og_url":"https:\/\/gymnasium-nordenham.de\/en\/erdkunde-am-gn\/","og_site_name":"Gymnasium Nordenham","article_modified_time":"2020-12-22T22:32:02+00:00","og_image":[{"url":"https:\/\/gymnasium-nordenham.de\/wp-content\/uploads\/2020\/12\/P1020642-1024x548.jpeg","type":"","width":"","height":""}],"twitter_card":"summary_large_image","twitter_misc":{"Estimated reading time":"1 minute"},"schema":{"@context":"https:\/\/schema.org","@graph":[{"@type":"WebPage","@id":"https:\/\/gymnasium-nordenham.de\/erdkunde-am-gn","url":"https:\/\/gymnasium-nordenham.de\/erdkunde-am-gn","name":"Erdkunde am GN - Gymnasium Nordenham","isPartOf":{"@id":"https:\/\/gymnasium-nordenham.de\/#website"},"primaryImageOfPage":{"@id":"https:\/\/gymnasium-nordenham.de\/erdkunde-am-gn#primaryimage"},"image":{"@id":"https:\/\/gymnasium-nordenham.de\/erdkunde-am-gn#primaryimage"},"thumbnailUrl":"https:\/\/gymnasium-nordenham.de\/wp-content\/uploads\/2020\/12\/P1020642-1024x548.jpeg","datePublished":"2020-05-17T17:32:50+00:00","dateModified":"2020-12-22T22:32:02+00:00","breadcrumb":{"@id":"https:\/\/gymnasium-nordenham.de\/erdkunde-am-gn#breadcrumb"},"inLanguage":"en-GB","potentialAction":[{"@type":"ReadAction","target":["https:\/\/gymnasium-nordenham.de\/erdkunde-am-gn"]}]},{"@type":"ImageObject","inLanguage":"en-GB","@id":"https:\/\/gymnasium-nordenham.de\/erdkunde-am-gn#primaryimage","url":"https:\/\/gymnasium-nordenham.de\/wp-content\/uploads\/2020\/12\/P1020642-1024x548.jpeg","contentUrl":"https:\/\/gymnasium-nordenham.de\/wp-content\/uploads\/2020\/12\/P1020642-1024x548.jpeg"},{"@type":"BreadcrumbList","@id":"https:\/\/gymnasium-nordenham.de\/erdkunde-am-gn#breadcrumb","itemListElement":[{"@type":"ListItem","position":1,"name":"Startseite","item":"https:\/\/gymnasium-nordenham.de\/"},{"@type":"ListItem","position":2,"name":"Erdkunde am GN"}]},{"@type":"WebSite","@id":"https:\/\/gymnasium-nordenham.de\/#website","url":"https:\/\/gymnasium-nordenham.de\/","name":"Gymnasium Nordenham","description":"Miteinander, voneinander und f\u00fcreinander lernen","potentialAction":[{"@type":"SearchAction","target":{"@type":"EntryPoint","urlTemplate":"https:\/\/gymnasium-nordenham.de\/?s={search_term_string}"},"query-input":{"@type":"PropertyValueSpecification","valueRequired":true,"valueName":"search_term_string"}}],"inLanguage":"en-GB"}]}},"_links":{"self":[{"href":"https:\/\/gymnasium-nordenham.de\/en\/wp-json\/wp\/v2\/pages\/1836","targetHints":{"allow":["GET"]}}],"collection":[{"href":"https:\/\/gymnasium-nordenham.de\/en\/wp-json\/wp\/v2\/pages"}],"about":[{"href":"https:\/\/gymnasium-nordenham.de\/en\/wp-json\/wp\/v2\/types\/page"}],"author":[{"embeddable":true,"href":"https:\/\/gymnasium-nordenham.de\/en\/wp-json\/wp\/v2\/users\/4"}],"replies":[{"embeddable":true,"href":"https:\/\/gymnasium-nordenham.de\/en\/wp-json\/wp\/v2\/comments?post=1836"}],"version-history":[{"count":0,"href":"https:\/\/gymnasium-nordenham.de\/en\/wp-json\/wp\/v2\/pages\/1836\/revisions"}],"wp:attachment":[{"href":"https:\/\/gymnasium-nordenham.de\/en\/wp-json\/wp\/v2\/media?parent=1836"}],"curies":[{"name":"wp","href":"https:\/\/api.w.org\/{rel}","templated":true}]}}