{"id":1802,"date":"2020-05-17T16:26:36","date_gmt":"2020-05-17T14:26:36","guid":{"rendered":"https:\/\/gymnasiumnordenhamtest.live-website.com\/?page_id=1802"},"modified":"2020-12-23T00:11:52","modified_gmt":"2020-12-22T23:11:52","slug":"englisch-weitere-angebote","status":"publish","type":"page","link":"https:\/\/gymnasium-nordenham.de\/en\/englisch-weitere-angebote","title":{"rendered":"Englisch &#8211; Weitere Angebote"},"content":{"rendered":"<div data-elementor-type=\"wp-page\" data-elementor-id=\"1802\" class=\"elementor elementor-1802\" data-elementor-post-type=\"page\">\n\t\t\t\t\t\t<section class=\"elementor-section elementor-top-section elementor-element elementor-element-5257c4b elementor-section-full_width elementor-section-height-default elementor-section-height-default\" data-id=\"5257c4b\" data-element_type=\"section\" data-e-type=\"section\">\n\t\t\t\t\t\t<div class=\"elementor-container elementor-column-gap-default\">\n\t\t\t\t\t<div class=\"elementor-column elementor-col-100 elementor-top-column elementor-element elementor-element-929ce8f\" data-id=\"929ce8f\" data-element_type=\"column\" data-e-type=\"column\" data-settings=\"{&quot;background_background&quot;:&quot;classic&quot;}\">\n\t\t\t<div class=\"elementor-widget-wrap elementor-element-populated\">\n\t\t\t\t\t\t<div class=\"elementor-element elementor-element-de78d44 elementor-widget elementor-widget-heading\" data-id=\"de78d44\" data-element_type=\"widget\" data-e-type=\"widget\" data-widget_type=\"heading.default\">\n\t\t\t\t<div class=\"elementor-widget-container\">\n\t\t\t\t\t<h2 class=\"elementor-heading-title elementor-size-large\">Weitere Angebote<\/h2>\t\t\t\t<\/div>\n\t\t\t\t<\/div>\n\t\t\t\t\t<\/div>\n\t\t<\/div>\n\t\t\t\t\t<\/div>\n\t\t<\/section>\n\t\t\t\t<section class=\"elementor-section elementor-top-section elementor-element elementor-element-9215942 elementor-section-full_width elementor-section-height-default elementor-section-height-default\" data-id=\"9215942\" data-element_type=\"section\" data-e-type=\"section\">\n\t\t\t\t\t\t<div class=\"elementor-container elementor-column-gap-default\">\n\t\t\t\t\t<div class=\"elementor-column elementor-col-66 elementor-top-column elementor-element elementor-element-bc4bb8e\" data-id=\"bc4bb8e\" data-element_type=\"column\" data-e-type=\"column\">\n\t\t\t<div class=\"elementor-widget-wrap elementor-element-populated\">\n\t\t\t\t\t\t<div class=\"elementor-element elementor-element-809aad3 elementor-widget elementor-widget-text-editor\" data-id=\"809aad3\" data-element_type=\"widget\" data-e-type=\"widget\" data-widget_type=\"text-editor.default\">\n\t\t\t\t<div class=\"elementor-widget-container\">\n\t\t\t\t\t\t\t\t\t<p style=\"text-align: justify;\"><span style=\"font-size: 12pt; font-family: georgia, palatino, serif;\"><strong>White Horse Theatre<\/strong><\/span><\/p><p style=\"text-align: justify;\"><span style=\"font-size: 12pt; font-family: georgia, palatino, serif;\">Jedes Schuljahr kommen die Schauspieler des White Horse Theatre an das Gymnasium Nordenham und spielen f\u00fcr die Jahrg\u00e4nge 5 bis 13 englischsprachige Theaterst\u00fccke auf drei verschiedenen Sprachniveaus.<\/span><\/p><p style=\"text-align: justify;\"><span style=\"font-family: georgia, palatino, serif; font-size: 12pt;\"><strong>2018:<br \/><\/strong>Unterstufe \u2013 Honesty<\/span><br \/><span style=\"font-size: 12pt; font-family: georgia, palatino, serif;\">Mittelstufe \u2013 The Tyrant\u2019s Kiss<\/span><br \/><span style=\"font-size: 12pt; font-family: georgia, palatino, serif;\">Oberstufe \u2013 Dr Jekyll and Mr Hyde<\/span><\/p><p style=\"text-align: justify;\"><span style=\"font-size: 12pt; font-family: georgia, palatino, serif;\"><strong>2019:<\/strong><\/span><\/p><p style=\"text-align: justify;\"><span style=\"font-size: 12pt; font-family: georgia, palatino, serif;\"><strong><br \/>Unterstufe \u2013 The Green Knight<\/strong><\/span><\/p>\t\t\t\t\t\t\t\t<\/div>\n\t\t\t\t<\/div>\n\t\t\t\t<div class=\"elementor-element elementor-element-f46d145 elementor-widget elementor-widget-image\" data-id=\"f46d145\" data-element_type=\"widget\" data-e-type=\"widget\" data-widget_type=\"image.default\">\n\t\t\t\t<div class=\"elementor-widget-container\">\n\t\t\t\t\t\t\t\t\t\t\t\t\t\t\t<img fetchpriority=\"high\" decoding=\"async\" width=\"1536\" height=\"864\" src=\"https:\/\/gymnasium-nordenham.de\/wp-content\/uploads\/2020\/05\/ENGLISCH_Unterstufe-1536x864.jpg\" class=\"attachment-1536x1536 size-1536x1536 wp-image-1833\" alt=\"\" srcset=\"https:\/\/gymnasium-nordenham.de\/wp-content\/uploads\/2020\/05\/ENGLISCH_Unterstufe-1536x864.jpg 1536w, https:\/\/gymnasium-nordenham.de\/wp-content\/uploads\/2020\/05\/ENGLISCH_Unterstufe-300x169.jpg 300w, https:\/\/gymnasium-nordenham.de\/wp-content\/uploads\/2020\/05\/ENGLISCH_Unterstufe-1024x576.jpg 1024w, https:\/\/gymnasium-nordenham.de\/wp-content\/uploads\/2020\/05\/ENGLISCH_Unterstufe-768x432.jpg 768w, https:\/\/gymnasium-nordenham.de\/wp-content\/uploads\/2020\/05\/ENGLISCH_Unterstufe-2048x1152.jpg 2048w\" sizes=\"(max-width: 1536px) 100vw, 1536px\" \/>\t\t\t\t\t\t\t\t\t\t\t\t\t\t\t<\/div>\n\t\t\t\t<\/div>\n\t\t\t\t<div class=\"elementor-element elementor-element-86d0f6b elementor-widget elementor-widget-text-editor\" data-id=\"86d0f6b\" data-element_type=\"widget\" data-e-type=\"widget\" data-widget_type=\"text-editor.default\">\n\t\t\t\t<div class=\"elementor-widget-container\">\n\t\t\t\t\t\t\t\t\t<p><strong><span style=\"font-size: 12pt; font-family: georgia, palatino, serif;\">Mittelstufe \u2013 Salt &amp; Vinegar<\/span><\/strong><\/p>\t\t\t\t\t\t\t\t<\/div>\n\t\t\t\t<\/div>\n\t\t\t\t<div class=\"elementor-element elementor-element-32fdd83 elementor-widget elementor-widget-image\" data-id=\"32fdd83\" data-element_type=\"widget\" data-e-type=\"widget\" data-widget_type=\"image.default\">\n\t\t\t\t<div class=\"elementor-widget-container\">\n\t\t\t\t\t\t\t\t\t\t\t\t\t\t\t<img decoding=\"async\" width=\"1536\" height=\"864\" src=\"https:\/\/gymnasium-nordenham.de\/wp-content\/uploads\/2020\/05\/Englisch_Mittelstufe-1536x864.jpg\" class=\"attachment-1536x1536 size-1536x1536 wp-image-1831\" alt=\"\" srcset=\"https:\/\/gymnasium-nordenham.de\/wp-content\/uploads\/2020\/05\/Englisch_Mittelstufe-1536x864.jpg 1536w, https:\/\/gymnasium-nordenham.de\/wp-content\/uploads\/2020\/05\/Englisch_Mittelstufe-300x169.jpg 300w, https:\/\/gymnasium-nordenham.de\/wp-content\/uploads\/2020\/05\/Englisch_Mittelstufe-1024x576.jpg 1024w, https:\/\/gymnasium-nordenham.de\/wp-content\/uploads\/2020\/05\/Englisch_Mittelstufe-768x432.jpg 768w, https:\/\/gymnasium-nordenham.de\/wp-content\/uploads\/2020\/05\/Englisch_Mittelstufe-2048x1152.jpg 2048w\" sizes=\"(max-width: 1536px) 100vw, 1536px\" \/>\t\t\t\t\t\t\t\t\t\t\t\t\t\t\t<\/div>\n\t\t\t\t<\/div>\n\t\t\t\t<div class=\"elementor-element elementor-element-1538517 elementor-widget elementor-widget-text-editor\" data-id=\"1538517\" data-element_type=\"widget\" data-e-type=\"widget\" data-widget_type=\"text-editor.default\">\n\t\t\t\t<div class=\"elementor-widget-container\">\n\t\t\t\t\t\t\t\t\t<p><strong><span style=\"font-size: 12pt; font-family: georgia, palatino, serif;\">Oberstufe \u2013 Romeo and Juliette<\/span><\/strong><\/p>\t\t\t\t\t\t\t\t<\/div>\n\t\t\t\t<\/div>\n\t\t\t\t<div class=\"elementor-element elementor-element-dd7db84 elementor-widget elementor-widget-image\" data-id=\"dd7db84\" data-element_type=\"widget\" data-e-type=\"widget\" data-widget_type=\"image.default\">\n\t\t\t\t<div class=\"elementor-widget-container\">\n\t\t\t\t\t\t\t\t\t\t\t\t\t\t\t<img decoding=\"async\" width=\"1536\" height=\"864\" src=\"https:\/\/gymnasium-nordenham.de\/wp-content\/uploads\/2020\/05\/ENGLISCH_Oberstufe-1536x864.jpg\" class=\"attachment-1536x1536 size-1536x1536 wp-image-1832\" alt=\"\" srcset=\"https:\/\/gymnasium-nordenham.de\/wp-content\/uploads\/2020\/05\/ENGLISCH_Oberstufe-1536x864.jpg 1536w, https:\/\/gymnasium-nordenham.de\/wp-content\/uploads\/2020\/05\/ENGLISCH_Oberstufe-300x169.jpg 300w, https:\/\/gymnasium-nordenham.de\/wp-content\/uploads\/2020\/05\/ENGLISCH_Oberstufe-1024x576.jpg 1024w, https:\/\/gymnasium-nordenham.de\/wp-content\/uploads\/2020\/05\/ENGLISCH_Oberstufe-768x432.jpg 768w, https:\/\/gymnasium-nordenham.de\/wp-content\/uploads\/2020\/05\/ENGLISCH_Oberstufe-2048x1152.jpg 2048w\" sizes=\"(max-width: 1536px) 100vw, 1536px\" \/>\t\t\t\t\t\t\t\t\t\t\t\t\t\t\t<\/div>\n\t\t\t\t<\/div>\n\t\t\t\t<div class=\"elementor-element elementor-element-240bd76 elementor-widget elementor-widget-text-editor\" data-id=\"240bd76\" data-element_type=\"widget\" data-e-type=\"widget\" data-widget_type=\"text-editor.default\">\n\t\t\t\t<div class=\"elementor-widget-container\">\n\t\t\t\t\t\t\t\t\t<p><span style=\"font-size: 14pt;\"><strong><br \/>Big Challenge<\/strong><\/span><\/p><p style=\"text-align: justify;\"><span style=\"font-size: 12pt;\">Die Sch\u00fclerinnen und Sch\u00fcler der Jahrg\u00e4nge 5 bis 7 nehmen jedes Schuljahr verpflichtend am Big Challenge Wettbewerb teil und k\u00f6nnen dabei tolle Preise gewinnen. Die Sch\u00fclerinnen und Sch\u00fcler der Jahrg\u00e4nge 8 und 9 k\u00f6nnen freiwillig ebenfalls an der Big Challenge teilnehmen. Der F\u00f6rderverein unterst\u00fctzt die Teilnahme jedes Sch\u00fclers mit einem finanziellen Zuschuss.<\/span><\/p>\t\t\t\t\t\t\t\t<\/div>\n\t\t\t\t<\/div>\n\t\t\t\t<div class=\"elementor-element elementor-element-a6f5fae elementor-widget elementor-widget-image\" data-id=\"a6f5fae\" data-element_type=\"widget\" data-e-type=\"widget\" data-widget_type=\"image.default\">\n\t\t\t\t<div class=\"elementor-widget-container\">\n\t\t\t\t\t\t\t\t\t\t\t\t\t\t\t<img loading=\"lazy\" decoding=\"async\" width=\"352\" height=\"214\" src=\"https:\/\/gymnasium-nordenham.de\/wp-content\/uploads\/2020\/05\/Big-Challenge.jpg\" class=\"attachment-large size-large wp-image-1834\" alt=\"\" srcset=\"https:\/\/gymnasium-nordenham.de\/wp-content\/uploads\/2020\/05\/Big-Challenge.jpg 352w, https:\/\/gymnasium-nordenham.de\/wp-content\/uploads\/2020\/05\/Big-Challenge-300x182.jpg 300w\" sizes=\"(max-width: 352px) 100vw, 352px\" \/>\t\t\t\t\t\t\t\t\t\t\t\t\t\t\t<\/div>\n\t\t\t\t<\/div>\n\t\t\t\t\t<\/div>\n\t\t<\/div>\n\t\t\t\t<div class=\"elementor-column elementor-col-33 elementor-top-column elementor-element elementor-element-c25fcbf\" data-id=\"c25fcbf\" data-element_type=\"column\" data-e-type=\"column\">\n\t\t\t<div class=\"elementor-widget-wrap elementor-element-populated\">\n\t\t\t\t\t\t<div class=\"elementor-element elementor-element-497df0a elementor-invisible elementor-widget elementor-widget-wp-widget-nav_menu\" data-id=\"497df0a\" data-element_type=\"widget\" data-e-type=\"widget\" data-settings=\"{&quot;_animation&quot;:&quot;fadeInUp&quot;}\" data-widget_type=\"wp-widget-nav_menu.default\">\n\t\t\t\t<div class=\"elementor-widget-container\">\n\t\t\t\t\t<div class=\"menu-fachmenue-englisch-container\"><ul id=\"menu-fachmenue-englisch\" class=\"menu\"><li id=\"menu-item-1809\" class=\"menu-item menu-item-type-post_type menu-item-object-page menu-item-1809\"><a href=\"https:\/\/gymnasium-nordenham.de\/en\/englisch-am-gn\">Englisch am GN<\/a><\/li>\n<li id=\"menu-item-1807\" class=\"menu-item menu-item-type-post_type menu-item-object-page menu-item-1807\"><a href=\"https:\/\/gymnasium-nordenham.de\/en\/englisch-lehrwerke\">Lehrwerke<\/a><\/li>\n<li id=\"menu-item-1806\" class=\"menu-item menu-item-type-post_type menu-item-object-page menu-item-1806\"><a href=\"https:\/\/gymnasium-nordenham.de\/en\/englisch-curricula\">Curricula<\/a><\/li>\n<li id=\"menu-item-1805\" class=\"menu-item menu-item-type-post_type menu-item-object-page menu-item-1805\"><a href=\"https:\/\/gymnasium-nordenham.de\/en\/englisch-klassenarbeiten-und-klausuren\">Klassenarbeiten und Klausuren<\/a><\/li>\n<li id=\"menu-item-1804\" class=\"menu-item menu-item-type-post_type menu-item-object-page menu-item-1804\"><a href=\"https:\/\/gymnasium-nordenham.de\/en\/englisch-weitere-angebote\">Weitere Angebote<\/a><\/li>\n<\/ul><\/div>\t\t\t\t<\/div>\n\t\t\t\t<\/div>\n\t\t\t\t\t<\/div>\n\t\t<\/div>\n\t\t\t\t\t<\/div>\n\t\t<\/section>\n\t\t\t\t<\/div>","protected":false},"excerpt":{"rendered":"<p>Weitere Angebote White Horse Theatre Jedes Schuljahr kommen die Schauspieler des White Horse Theatre an das Gymnasium Nordenham und spielen f\u00fcr die Jahrg\u00e4nge 5 bis 13 englischsprachige Theaterst\u00fccke auf drei verschiedenen Sprachniveaus. 2018:Unterstufe \u2013 HonestyMittelstufe \u2013 The Tyrant\u2019s KissOberstufe \u2013 &hellip; <a href=\"https:\/\/gymnasium-nordenham.de\/en\/englisch-weitere-angebote\">Continue reading <span class=\"meta-nav\">&rarr;<\/span><\/a><\/p>","protected":false},"author":4,"featured_media":0,"parent":0,"menu_order":0,"comment_status":"closed","ping_status":"closed","template":"elementor_header_footer","meta":{"_crdt_document":"","footnotes":""},"class_list":["post-1802","page","type-page","status-publish","hentry"],"yoast_head":"<!-- This site is optimized with the Yoast SEO plugin v27.3 - https:\/\/yoast.com\/product\/yoast-seo-wordpress\/ -->\n<title>Englisch - Weitere Angebote - Gymnasium Nordenham<\/title>\n<meta name=\"robots\" content=\"index, follow, max-snippet:-1, max-image-preview:large, max-video-preview:-1\" \/>\n<link rel=\"canonical\" href=\"https:\/\/gymnasium-nordenham.de\/en\/englisch-weitere-angebote\/\" \/>\n<meta property=\"og:locale\" content=\"en_GB\" \/>\n<meta property=\"og:type\" content=\"article\" \/>\n<meta property=\"og:title\" content=\"Englisch - Weitere Angebote - Gymnasium Nordenham\" \/>\n<meta property=\"og:description\" content=\"Weitere Angebote White Horse Theatre Jedes Schuljahr kommen die Schauspieler des White Horse Theatre an das Gymnasium Nordenham und spielen f\u00fcr die Jahrg\u00e4nge 5 bis 13 englischsprachige Theaterst\u00fccke auf drei verschiedenen Sprachniveaus. 2018:Unterstufe \u2013 HonestyMittelstufe \u2013 The Tyrant\u2019s KissOberstufe \u2013 &hellip; Continue reading &rarr;\" \/>\n<meta property=\"og:url\" content=\"https:\/\/gymnasium-nordenham.de\/en\/englisch-weitere-angebote\/\" \/>\n<meta property=\"og:site_name\" content=\"Gymnasium Nordenham\" \/>\n<meta property=\"article:modified_time\" content=\"2020-12-22T23:11:52+00:00\" \/>\n<meta property=\"og:image\" content=\"https:\/\/gymnasium-nordenham.de\/wp-content\/uploads\/2020\/05\/ENGLISCH_Unterstufe-1536x864.jpg\" \/>\n<meta name=\"twitter:card\" content=\"summary_large_image\" \/>\n<meta name=\"twitter:label1\" content=\"Estimated reading time\" \/>\n\t<meta name=\"twitter:data1\" content=\"1 minute\" \/>\n<script type=\"application\/ld+json\" class=\"yoast-schema-graph\">{\"@context\":\"https:\\\/\\\/schema.org\",\"@graph\":[{\"@type\":\"WebPage\",\"@id\":\"https:\\\/\\\/gymnasium-nordenham.de\\\/englisch-weitere-angebote\",\"url\":\"https:\\\/\\\/gymnasium-nordenham.de\\\/englisch-weitere-angebote\",\"name\":\"Englisch - Weitere Angebote - Gymnasium Nordenham\",\"isPartOf\":{\"@id\":\"https:\\\/\\\/gymnasium-nordenham.de\\\/#website\"},\"primaryImageOfPage\":{\"@id\":\"https:\\\/\\\/gymnasium-nordenham.de\\\/englisch-weitere-angebote#primaryimage\"},\"image\":{\"@id\":\"https:\\\/\\\/gymnasium-nordenham.de\\\/englisch-weitere-angebote#primaryimage\"},\"thumbnailUrl\":\"https:\\\/\\\/gymnasium-nordenham.de\\\/wp-content\\\/uploads\\\/2020\\\/05\\\/ENGLISCH_Unterstufe-1536x864.jpg\",\"datePublished\":\"2020-05-17T14:26:36+00:00\",\"dateModified\":\"2020-12-22T23:11:52+00:00\",\"breadcrumb\":{\"@id\":\"https:\\\/\\\/gymnasium-nordenham.de\\\/englisch-weitere-angebote#breadcrumb\"},\"inLanguage\":\"en-GB\",\"potentialAction\":[{\"@type\":\"ReadAction\",\"target\":[\"https:\\\/\\\/gymnasium-nordenham.de\\\/englisch-weitere-angebote\"]}]},{\"@type\":\"ImageObject\",\"inLanguage\":\"en-GB\",\"@id\":\"https:\\\/\\\/gymnasium-nordenham.de\\\/englisch-weitere-angebote#primaryimage\",\"url\":\"https:\\\/\\\/gymnasium-nordenham.de\\\/wp-content\\\/uploads\\\/2020\\\/05\\\/ENGLISCH_Unterstufe-1536x864.jpg\",\"contentUrl\":\"https:\\\/\\\/gymnasium-nordenham.de\\\/wp-content\\\/uploads\\\/2020\\\/05\\\/ENGLISCH_Unterstufe-1536x864.jpg\"},{\"@type\":\"BreadcrumbList\",\"@id\":\"https:\\\/\\\/gymnasium-nordenham.de\\\/englisch-weitere-angebote#breadcrumb\",\"itemListElement\":[{\"@type\":\"ListItem\",\"position\":1,\"name\":\"Startseite\",\"item\":\"https:\\\/\\\/gymnasium-nordenham.de\\\/\"},{\"@type\":\"ListItem\",\"position\":2,\"name\":\"Englisch &#8211; Weitere Angebote\"}]},{\"@type\":\"WebSite\",\"@id\":\"https:\\\/\\\/gymnasium-nordenham.de\\\/#website\",\"url\":\"https:\\\/\\\/gymnasium-nordenham.de\\\/\",\"name\":\"Gymnasium Nordenham\",\"description\":\"Miteinander, voneinander und f\u00fcreinander lernen\",\"potentialAction\":[{\"@type\":\"SearchAction\",\"target\":{\"@type\":\"EntryPoint\",\"urlTemplate\":\"https:\\\/\\\/gymnasium-nordenham.de\\\/?s={search_term_string}\"},\"query-input\":{\"@type\":\"PropertyValueSpecification\",\"valueRequired\":true,\"valueName\":\"search_term_string\"}}],\"inLanguage\":\"en-GB\"}]}<\/script>\n<!-- \/ Yoast SEO plugin. -->","yoast_head_json":{"title":"Englisch - Weitere Angebote - Gymnasium Nordenham","robots":{"index":"index","follow":"follow","max-snippet":"max-snippet:-1","max-image-preview":"max-image-preview:large","max-video-preview":"max-video-preview:-1"},"canonical":"https:\/\/gymnasium-nordenham.de\/en\/englisch-weitere-angebote\/","og_locale":"en_GB","og_type":"article","og_title":"Englisch - Weitere Angebote - Gymnasium Nordenham","og_description":"Weitere Angebote White Horse Theatre Jedes Schuljahr kommen die Schauspieler des White Horse Theatre an das Gymnasium Nordenham und spielen f\u00fcr die Jahrg\u00e4nge 5 bis 13 englischsprachige Theaterst\u00fccke auf drei verschiedenen Sprachniveaus. 2018:Unterstufe \u2013 HonestyMittelstufe \u2013 The Tyrant\u2019s KissOberstufe \u2013 &hellip; Continue reading &rarr;","og_url":"https:\/\/gymnasium-nordenham.de\/en\/englisch-weitere-angebote\/","og_site_name":"Gymnasium Nordenham","article_modified_time":"2020-12-22T23:11:52+00:00","og_image":[{"url":"https:\/\/gymnasium-nordenham.de\/wp-content\/uploads\/2020\/05\/ENGLISCH_Unterstufe-1536x864.jpg","type":"","width":"","height":""}],"twitter_card":"summary_large_image","twitter_misc":{"Estimated reading time":"1 minute"},"schema":{"@context":"https:\/\/schema.org","@graph":[{"@type":"WebPage","@id":"https:\/\/gymnasium-nordenham.de\/englisch-weitere-angebote","url":"https:\/\/gymnasium-nordenham.de\/englisch-weitere-angebote","name":"Englisch - Weitere Angebote - Gymnasium Nordenham","isPartOf":{"@id":"https:\/\/gymnasium-nordenham.de\/#website"},"primaryImageOfPage":{"@id":"https:\/\/gymnasium-nordenham.de\/englisch-weitere-angebote#primaryimage"},"image":{"@id":"https:\/\/gymnasium-nordenham.de\/englisch-weitere-angebote#primaryimage"},"thumbnailUrl":"https:\/\/gymnasium-nordenham.de\/wp-content\/uploads\/2020\/05\/ENGLISCH_Unterstufe-1536x864.jpg","datePublished":"2020-05-17T14:26:36+00:00","dateModified":"2020-12-22T23:11:52+00:00","breadcrumb":{"@id":"https:\/\/gymnasium-nordenham.de\/englisch-weitere-angebote#breadcrumb"},"inLanguage":"en-GB","potentialAction":[{"@type":"ReadAction","target":["https:\/\/gymnasium-nordenham.de\/englisch-weitere-angebote"]}]},{"@type":"ImageObject","inLanguage":"en-GB","@id":"https:\/\/gymnasium-nordenham.de\/englisch-weitere-angebote#primaryimage","url":"https:\/\/gymnasium-nordenham.de\/wp-content\/uploads\/2020\/05\/ENGLISCH_Unterstufe-1536x864.jpg","contentUrl":"https:\/\/gymnasium-nordenham.de\/wp-content\/uploads\/2020\/05\/ENGLISCH_Unterstufe-1536x864.jpg"},{"@type":"BreadcrumbList","@id":"https:\/\/gymnasium-nordenham.de\/englisch-weitere-angebote#breadcrumb","itemListElement":[{"@type":"ListItem","position":1,"name":"Startseite","item":"https:\/\/gymnasium-nordenham.de\/"},{"@type":"ListItem","position":2,"name":"Englisch &#8211; Weitere Angebote"}]},{"@type":"WebSite","@id":"https:\/\/gymnasium-nordenham.de\/#website","url":"https:\/\/gymnasium-nordenham.de\/","name":"Gymnasium Nordenham","description":"Miteinander, voneinander und f\u00fcreinander lernen","potentialAction":[{"@type":"SearchAction","target":{"@type":"EntryPoint","urlTemplate":"https:\/\/gymnasium-nordenham.de\/?s={search_term_string}"},"query-input":{"@type":"PropertyValueSpecification","valueRequired":true,"valueName":"search_term_string"}}],"inLanguage":"en-GB"}]}},"_links":{"self":[{"href":"https:\/\/gymnasium-nordenham.de\/en\/wp-json\/wp\/v2\/pages\/1802","targetHints":{"allow":["GET"]}}],"collection":[{"href":"https:\/\/gymnasium-nordenham.de\/en\/wp-json\/wp\/v2\/pages"}],"about":[{"href":"https:\/\/gymnasium-nordenham.de\/en\/wp-json\/wp\/v2\/types\/page"}],"author":[{"embeddable":true,"href":"https:\/\/gymnasium-nordenham.de\/en\/wp-json\/wp\/v2\/users\/4"}],"replies":[{"embeddable":true,"href":"https:\/\/gymnasium-nordenham.de\/en\/wp-json\/wp\/v2\/comments?post=1802"}],"version-history":[{"count":0,"href":"https:\/\/gymnasium-nordenham.de\/en\/wp-json\/wp\/v2\/pages\/1802\/revisions"}],"wp:attachment":[{"href":"https:\/\/gymnasium-nordenham.de\/en\/wp-json\/wp\/v2\/media?parent=1802"}],"curies":[{"name":"wp","href":"https:\/\/api.w.org\/{rel}","templated":true}]}}