{"id":1800,"date":"2020-05-17T16:24:14","date_gmt":"2020-05-17T14:24:14","guid":{"rendered":"https:\/\/gymnasiumnordenhamtest.live-website.com\/?page_id=1800"},"modified":"2025-03-19T14:56:19","modified_gmt":"2025-03-19T13:56:19","slug":"englisch-klassenarbeiten-und-klausuren","status":"publish","type":"page","link":"https:\/\/gymnasium-nordenham.de\/en\/englisch-klassenarbeiten-und-klausuren","title":{"rendered":"Englisch &#8211; Klassenarbeiten und Klausuren"},"content":{"rendered":"<div data-elementor-type=\"wp-page\" data-elementor-id=\"1800\" class=\"elementor elementor-1800\" data-elementor-post-type=\"page\">\n\t\t\t\t\t\t<section class=\"elementor-section elementor-top-section elementor-element elementor-element-5257c4b elementor-section-full_width elementor-section-height-default elementor-section-height-default\" data-id=\"5257c4b\" data-element_type=\"section\" data-e-type=\"section\">\n\t\t\t\t\t\t<div class=\"elementor-container elementor-column-gap-default\">\n\t\t\t\t\t<div class=\"elementor-column elementor-col-100 elementor-top-column elementor-element elementor-element-929ce8f\" data-id=\"929ce8f\" data-element_type=\"column\" data-e-type=\"column\" data-settings=\"{&quot;background_background&quot;:&quot;classic&quot;}\">\n\t\t\t<div class=\"elementor-widget-wrap elementor-element-populated\">\n\t\t\t\t\t\t<div class=\"elementor-element elementor-element-de78d44 elementor-widget elementor-widget-heading\" data-id=\"de78d44\" data-element_type=\"widget\" data-e-type=\"widget\" data-widget_type=\"heading.default\">\n\t\t\t\t<div class=\"elementor-widget-container\">\n\t\t\t\t\t<h2 class=\"elementor-heading-title elementor-size-large\">Klassenarbeiten und Klausuren<\/h2>\t\t\t\t<\/div>\n\t\t\t\t<\/div>\n\t\t\t\t\t<\/div>\n\t\t<\/div>\n\t\t\t\t\t<\/div>\n\t\t<\/section>\n\t\t\t\t<section class=\"elementor-section elementor-top-section elementor-element elementor-element-9215942 elementor-section-full_width elementor-section-height-default elementor-section-height-default\" data-id=\"9215942\" data-element_type=\"section\" data-e-type=\"section\">\n\t\t\t\t\t\t<div class=\"elementor-container elementor-column-gap-default\">\n\t\t\t\t\t<div class=\"elementor-column elementor-col-66 elementor-top-column elementor-element elementor-element-bc4bb8e\" data-id=\"bc4bb8e\" data-element_type=\"column\" data-e-type=\"column\">\n\t\t\t<div class=\"elementor-widget-wrap elementor-element-populated\">\n\t\t\t\t\t\t<div class=\"elementor-element elementor-element-809aad3 elementor-widget elementor-widget-text-editor\" data-id=\"809aad3\" data-element_type=\"widget\" data-e-type=\"widget\" data-widget_type=\"text-editor.default\">\n\t\t\t\t<div class=\"elementor-widget-container\">\n\t\t\t\t\t\t\t\t\t<p style=\"text-align: justify;\"><span style=\"font-size: 12pt; font-family: georgia, palatino, serif;\">In den Jahrg\u00e4ngen 5 bis 8, in denen Englisch vierst\u00fcndig pro Woche unterrichtet wird, werden pro Schuljahr vier Klassenarbeiten geschrieben. In den Jahrg\u00e4ngen 9 und 10 (drei Stunden Englischunterricht pro Woche) werden drei Klassenarbeiten pro Schuljahr geschrieben.\u00a0 In den Klassenarbeiten werden die Kompetenzen H\u00f6rverstehen, Sprechen, Leseverstehen, Mediation und Schreiben gepr\u00fcft. Diese schriftlichen Leistungskontrollen gehen zu 40 % in die Schuljahresnote ein.<\/span><br \/><span style=\"font-size: 12pt; font-family: georgia, palatino, serif;\">Die kontinuierliche, aktive Mitarbeit im Unterricht, die h\u00e4usliche Vorbereitung und Nachbereitung des Unterrichtsstoffes, sowie regelm\u00e4\u00dfige fachspezifische Leistungs\u00fcberpr\u00fcfungen (z.\u00a0B.\u00a0Vokabel- und Grammatiktests) machen 60\u00a0% der Zeugnisnote aus.<\/span><\/p><p style=\"text-align: justify;\"><span style=\"font-size: 12pt; font-family: georgia, palatino, serif;\">In den Jahrg\u00e4ngen 6, 8 und 10 wird eine der schriftlichen Klassenarbeiten im Fach Englisch durch eine Sprechpr\u00fcfung ersetzt. In Jahrgang 10 findet die Sprechpr\u00fcfung in dem Schulhalbjahr statt, in dem noch eine weitere Klassenarbeit geschrieben wird.<\/span><\/p><p style=\"text-align: justify;\"><span style=\"font-size: 12pt; font-family: georgia, palatino, serif;\">F\u00fcr die Jahrg\u00e4nge 11 und 12 stehen drei Klausuren pro Schuljahr auf dem Plan; in Jahrgang 13 schreiben die Sch\u00fclerinnen und Sch\u00fcler im Fach Englisch insgesamt zwei Klausuren vor der abschlie\u00dfenden Abiturpr\u00fcfung. Auch in der gymnasialen Oberstufe z\u00e4hlt die schriftliche Leistung 40\u00a0% und die m\u00fcndliche Leistung 60\u00a0%.<\/span><\/p>\t\t\t\t\t\t\t\t<\/div>\n\t\t\t\t<\/div>\n\t\t\t\t\t<\/div>\n\t\t<\/div>\n\t\t\t\t<div class=\"elementor-column elementor-col-33 elementor-top-column elementor-element elementor-element-c25fcbf\" data-id=\"c25fcbf\" data-element_type=\"column\" data-e-type=\"column\">\n\t\t\t<div class=\"elementor-widget-wrap elementor-element-populated\">\n\t\t\t\t\t\t<div class=\"elementor-element elementor-element-497df0a elementor-invisible elementor-widget elementor-widget-wp-widget-nav_menu\" data-id=\"497df0a\" data-element_type=\"widget\" data-e-type=\"widget\" data-settings=\"{&quot;_animation&quot;:&quot;fadeInUp&quot;}\" data-widget_type=\"wp-widget-nav_menu.default\">\n\t\t\t\t<div class=\"elementor-widget-container\">\n\t\t\t\t\t<div class=\"menu-fachmenue-englisch-container\"><ul id=\"menu-fachmenue-englisch\" class=\"menu\"><li id=\"menu-item-1809\" class=\"menu-item menu-item-type-post_type menu-item-object-page menu-item-1809\"><a href=\"https:\/\/gymnasium-nordenham.de\/en\/englisch-am-gn\">Englisch am GN<\/a><\/li>\n<li id=\"menu-item-1807\" class=\"menu-item menu-item-type-post_type menu-item-object-page menu-item-1807\"><a href=\"https:\/\/gymnasium-nordenham.de\/en\/englisch-lehrwerke\">Lehrwerke<\/a><\/li>\n<li id=\"menu-item-1806\" class=\"menu-item menu-item-type-post_type menu-item-object-page menu-item-1806\"><a href=\"https:\/\/gymnasium-nordenham.de\/en\/englisch-curricula\">Curricula<\/a><\/li>\n<li id=\"menu-item-1805\" class=\"menu-item menu-item-type-post_type menu-item-object-page menu-item-1805\"><a href=\"https:\/\/gymnasium-nordenham.de\/en\/englisch-klassenarbeiten-und-klausuren\">Klassenarbeiten und Klausuren<\/a><\/li>\n<li id=\"menu-item-1804\" class=\"menu-item menu-item-type-post_type menu-item-object-page menu-item-1804\"><a href=\"https:\/\/gymnasium-nordenham.de\/en\/englisch-weitere-angebote\">Weitere Angebote<\/a><\/li>\n<\/ul><\/div>\t\t\t\t<\/div>\n\t\t\t\t<\/div>\n\t\t\t\t\t<\/div>\n\t\t<\/div>\n\t\t\t\t\t<\/div>\n\t\t<\/section>\n\t\t\t\t<\/div>","protected":false},"excerpt":{"rendered":"<p>Klassenarbeiten und Klausuren In den Jahrg\u00e4ngen 5 bis 8, in denen Englisch vierst\u00fcndig pro Woche unterrichtet wird, werden pro Schuljahr vier Klassenarbeiten geschrieben. In den Jahrg\u00e4ngen 9 und 10 (drei Stunden Englischunterricht pro Woche) werden drei Klassenarbeiten pro Schuljahr geschrieben.\u00a0 &hellip; <a href=\"https:\/\/gymnasium-nordenham.de\/en\/englisch-klassenarbeiten-und-klausuren\">Continue reading <span class=\"meta-nav\">&rarr;<\/span><\/a><\/p>","protected":false},"author":4,"featured_media":0,"parent":0,"menu_order":0,"comment_status":"closed","ping_status":"closed","template":"elementor_header_footer","meta":{"_crdt_document":"","footnotes":""},"class_list":["post-1800","page","type-page","status-publish","hentry"],"yoast_head":"<!-- This site is optimized with the Yoast SEO plugin v27.3 - https:\/\/yoast.com\/product\/yoast-seo-wordpress\/ -->\n<title>Englisch - Klassenarbeiten und Klausuren - Gymnasium Nordenham<\/title>\n<meta name=\"robots\" content=\"index, follow, max-snippet:-1, max-image-preview:large, max-video-preview:-1\" \/>\n<link rel=\"canonical\" href=\"https:\/\/gymnasium-nordenham.de\/en\/englisch-klassenarbeiten-und-klausuren\/\" \/>\n<meta property=\"og:locale\" content=\"en_GB\" \/>\n<meta property=\"og:type\" content=\"article\" \/>\n<meta property=\"og:title\" content=\"Englisch - Klassenarbeiten und Klausuren - Gymnasium Nordenham\" \/>\n<meta property=\"og:description\" content=\"Klassenarbeiten und Klausuren In den Jahrg\u00e4ngen 5 bis 8, in denen Englisch vierst\u00fcndig pro Woche unterrichtet wird, werden pro Schuljahr vier Klassenarbeiten geschrieben. In den Jahrg\u00e4ngen 9 und 10 (drei Stunden Englischunterricht pro Woche) werden drei Klassenarbeiten pro Schuljahr geschrieben.\u00a0 &hellip; Continue reading &rarr;\" \/>\n<meta property=\"og:url\" content=\"https:\/\/gymnasium-nordenham.de\/en\/englisch-klassenarbeiten-und-klausuren\/\" \/>\n<meta property=\"og:site_name\" content=\"Gymnasium Nordenham\" \/>\n<meta property=\"article:modified_time\" content=\"2025-03-19T13:56:19+00:00\" \/>\n<meta name=\"twitter:card\" content=\"summary_large_image\" \/>\n<meta name=\"twitter:label1\" content=\"Estimated reading time\" \/>\n\t<meta name=\"twitter:data1\" content=\"2 minutes\" \/>\n<script type=\"application\/ld+json\" class=\"yoast-schema-graph\">{\"@context\":\"https:\\\/\\\/schema.org\",\"@graph\":[{\"@type\":\"WebPage\",\"@id\":\"https:\\\/\\\/gymnasium-nordenham.de\\\/englisch-klassenarbeiten-und-klausuren\",\"url\":\"https:\\\/\\\/gymnasium-nordenham.de\\\/englisch-klassenarbeiten-und-klausuren\",\"name\":\"Englisch - Klassenarbeiten und Klausuren - Gymnasium Nordenham\",\"isPartOf\":{\"@id\":\"https:\\\/\\\/gymnasium-nordenham.de\\\/#website\"},\"datePublished\":\"2020-05-17T14:24:14+00:00\",\"dateModified\":\"2025-03-19T13:56:19+00:00\",\"breadcrumb\":{\"@id\":\"https:\\\/\\\/gymnasium-nordenham.de\\\/englisch-klassenarbeiten-und-klausuren#breadcrumb\"},\"inLanguage\":\"en-GB\",\"potentialAction\":[{\"@type\":\"ReadAction\",\"target\":[\"https:\\\/\\\/gymnasium-nordenham.de\\\/englisch-klassenarbeiten-und-klausuren\"]}]},{\"@type\":\"BreadcrumbList\",\"@id\":\"https:\\\/\\\/gymnasium-nordenham.de\\\/englisch-klassenarbeiten-und-klausuren#breadcrumb\",\"itemListElement\":[{\"@type\":\"ListItem\",\"position\":1,\"name\":\"Startseite\",\"item\":\"https:\\\/\\\/gymnasium-nordenham.de\\\/\"},{\"@type\":\"ListItem\",\"position\":2,\"name\":\"Englisch &#8211; Klassenarbeiten und Klausuren\"}]},{\"@type\":\"WebSite\",\"@id\":\"https:\\\/\\\/gymnasium-nordenham.de\\\/#website\",\"url\":\"https:\\\/\\\/gymnasium-nordenham.de\\\/\",\"name\":\"Gymnasium Nordenham\",\"description\":\"Miteinander, voneinander und f\u00fcreinander lernen\",\"potentialAction\":[{\"@type\":\"SearchAction\",\"target\":{\"@type\":\"EntryPoint\",\"urlTemplate\":\"https:\\\/\\\/gymnasium-nordenham.de\\\/?s={search_term_string}\"},\"query-input\":{\"@type\":\"PropertyValueSpecification\",\"valueRequired\":true,\"valueName\":\"search_term_string\"}}],\"inLanguage\":\"en-GB\"}]}<\/script>\n<!-- \/ Yoast SEO plugin. -->","yoast_head_json":{"title":"Englisch - Klassenarbeiten und Klausuren - Gymnasium Nordenham","robots":{"index":"index","follow":"follow","max-snippet":"max-snippet:-1","max-image-preview":"max-image-preview:large","max-video-preview":"max-video-preview:-1"},"canonical":"https:\/\/gymnasium-nordenham.de\/en\/englisch-klassenarbeiten-und-klausuren\/","og_locale":"en_GB","og_type":"article","og_title":"Englisch - Klassenarbeiten und Klausuren - Gymnasium Nordenham","og_description":"Klassenarbeiten und Klausuren In den Jahrg\u00e4ngen 5 bis 8, in denen Englisch vierst\u00fcndig pro Woche unterrichtet wird, werden pro Schuljahr vier Klassenarbeiten geschrieben. In den Jahrg\u00e4ngen 9 und 10 (drei Stunden Englischunterricht pro Woche) werden drei Klassenarbeiten pro Schuljahr geschrieben.\u00a0 &hellip; Continue reading &rarr;","og_url":"https:\/\/gymnasium-nordenham.de\/en\/englisch-klassenarbeiten-und-klausuren\/","og_site_name":"Gymnasium Nordenham","article_modified_time":"2025-03-19T13:56:19+00:00","twitter_card":"summary_large_image","twitter_misc":{"Estimated reading time":"2 minutes"},"schema":{"@context":"https:\/\/schema.org","@graph":[{"@type":"WebPage","@id":"https:\/\/gymnasium-nordenham.de\/englisch-klassenarbeiten-und-klausuren","url":"https:\/\/gymnasium-nordenham.de\/englisch-klassenarbeiten-und-klausuren","name":"Englisch - Klassenarbeiten und Klausuren - Gymnasium Nordenham","isPartOf":{"@id":"https:\/\/gymnasium-nordenham.de\/#website"},"datePublished":"2020-05-17T14:24:14+00:00","dateModified":"2025-03-19T13:56:19+00:00","breadcrumb":{"@id":"https:\/\/gymnasium-nordenham.de\/englisch-klassenarbeiten-und-klausuren#breadcrumb"},"inLanguage":"en-GB","potentialAction":[{"@type":"ReadAction","target":["https:\/\/gymnasium-nordenham.de\/englisch-klassenarbeiten-und-klausuren"]}]},{"@type":"BreadcrumbList","@id":"https:\/\/gymnasium-nordenham.de\/englisch-klassenarbeiten-und-klausuren#breadcrumb","itemListElement":[{"@type":"ListItem","position":1,"name":"Startseite","item":"https:\/\/gymnasium-nordenham.de\/"},{"@type":"ListItem","position":2,"name":"Englisch &#8211; Klassenarbeiten und Klausuren"}]},{"@type":"WebSite","@id":"https:\/\/gymnasium-nordenham.de\/#website","url":"https:\/\/gymnasium-nordenham.de\/","name":"Gymnasium Nordenham","description":"Miteinander, voneinander und f\u00fcreinander lernen","potentialAction":[{"@type":"SearchAction","target":{"@type":"EntryPoint","urlTemplate":"https:\/\/gymnasium-nordenham.de\/?s={search_term_string}"},"query-input":{"@type":"PropertyValueSpecification","valueRequired":true,"valueName":"search_term_string"}}],"inLanguage":"en-GB"}]}},"_links":{"self":[{"href":"https:\/\/gymnasium-nordenham.de\/en\/wp-json\/wp\/v2\/pages\/1800","targetHints":{"allow":["GET"]}}],"collection":[{"href":"https:\/\/gymnasium-nordenham.de\/en\/wp-json\/wp\/v2\/pages"}],"about":[{"href":"https:\/\/gymnasium-nordenham.de\/en\/wp-json\/wp\/v2\/types\/page"}],"author":[{"embeddable":true,"href":"https:\/\/gymnasium-nordenham.de\/en\/wp-json\/wp\/v2\/users\/4"}],"replies":[{"embeddable":true,"href":"https:\/\/gymnasium-nordenham.de\/en\/wp-json\/wp\/v2\/comments?post=1800"}],"version-history":[{"count":9,"href":"https:\/\/gymnasium-nordenham.de\/en\/wp-json\/wp\/v2\/pages\/1800\/revisions"}],"predecessor-version":[{"id":13346,"href":"https:\/\/gymnasium-nordenham.de\/en\/wp-json\/wp\/v2\/pages\/1800\/revisions\/13346"}],"wp:attachment":[{"href":"https:\/\/gymnasium-nordenham.de\/en\/wp-json\/wp\/v2\/media?parent=1800"}],"curies":[{"name":"wp","href":"https:\/\/api.w.org\/{rel}","templated":true}]}}