{"id":1798,"date":"2020-05-17T16:23:27","date_gmt":"2020-05-17T14:23:27","guid":{"rendered":"https:\/\/gymnasiumnordenhamtest.live-website.com\/?page_id=1798"},"modified":"2025-03-05T14:13:02","modified_gmt":"2025-03-05T13:13:02","slug":"englisch-curricula","status":"publish","type":"page","link":"https:\/\/gymnasium-nordenham.de\/en\/englisch-curricula","title":{"rendered":"Englisch &#8211; Curricula"},"content":{"rendered":"<div data-elementor-type=\"wp-page\" data-elementor-id=\"1798\" class=\"elementor elementor-1798\" data-elementor-post-type=\"page\">\n\t\t\t\t\t\t<section class=\"elementor-section elementor-top-section elementor-element elementor-element-5257c4b elementor-section-full_width elementor-section-height-default elementor-section-height-default\" data-id=\"5257c4b\" data-element_type=\"section\" data-e-type=\"section\">\n\t\t\t\t\t\t<div class=\"elementor-container elementor-column-gap-default\">\n\t\t\t\t\t<div class=\"elementor-column elementor-col-100 elementor-top-column elementor-element elementor-element-929ce8f\" data-id=\"929ce8f\" data-element_type=\"column\" data-e-type=\"column\" data-settings=\"{&quot;background_background&quot;:&quot;classic&quot;}\">\n\t\t\t<div class=\"elementor-widget-wrap elementor-element-populated\">\n\t\t\t\t\t\t<div class=\"elementor-element elementor-element-de78d44 elementor-widget elementor-widget-heading\" data-id=\"de78d44\" data-element_type=\"widget\" data-e-type=\"widget\" data-widget_type=\"heading.default\">\n\t\t\t\t<div class=\"elementor-widget-container\">\n\t\t\t\t\t<h2 class=\"elementor-heading-title elementor-size-large\">Curricula<\/h2>\t\t\t\t<\/div>\n\t\t\t\t<\/div>\n\t\t\t\t\t<\/div>\n\t\t<\/div>\n\t\t\t\t\t<\/div>\n\t\t<\/section>\n\t\t\t\t<section class=\"elementor-section elementor-top-section elementor-element elementor-element-9215942 elementor-section-full_width elementor-section-height-default elementor-section-height-default\" data-id=\"9215942\" data-element_type=\"section\" data-e-type=\"section\">\n\t\t\t\t\t\t<div class=\"elementor-container elementor-column-gap-default\">\n\t\t\t\t\t<div class=\"elementor-column elementor-col-66 elementor-top-column elementor-element elementor-element-bc4bb8e\" data-id=\"bc4bb8e\" data-element_type=\"column\" data-e-type=\"column\">\n\t\t\t<div class=\"elementor-widget-wrap elementor-element-populated\">\n\t\t\t\t\t\t<div class=\"elementor-element elementor-element-809aad3 elementor-widget elementor-widget-text-editor\" data-id=\"809aad3\" data-element_type=\"widget\" data-e-type=\"widget\" data-widget_type=\"text-editor.default\">\n\t\t\t\t<div class=\"elementor-widget-container\">\n\t\t\t\t\t\t\t\t\t<p><span style=\"font-size: 12pt; font-family: georgia, palatino, serif;\"><strong>Sekundarstufe I (Jahrg\u00e4nge 5 bis 10):<br \/><\/strong><\/span><\/p><ul><li><span style=\"font-size: 12pt; font-family: georgia, palatino, serif;\"><a href=\"https:\/\/www.kmk.org\/fileadmin\/veroeffentlichungen_beschluesse\/2003\/2003_12_04-BS-erste-Fremdsprache.pdf\" target=\"_blank\" rel=\"noopener\">Bildungsstandards f\u00fcr die erste Fremdsprache f\u00fcr den mittleren Schulabschluss<\/a> (2004)<\/span><\/li><li><span style=\"font-size: 12pt; font-family: georgia, palatino, serif;\"><a href=\"https:\/\/gymnasium-nordenham.de\/wp-content\/uploads\/2020\/12\/en_gym_si_kc_online.pdf\" target=\"_blank\" rel=\"noopener\">Kerncurriculum f\u00fcr das Gymnasium Schuljahrg\u00e4nge 5 \u2013 10 Englisch Niedersachsen<\/a> (2015)<\/span><\/li><li><a href=\"https:\/\/gymnasium-nordenham.de\/wp-content\/uploads\/2021\/01\/Schulinternes-KC-Englisch.pdf\" target=\"_blank\" rel=\"noopener\">Schulinternes Curriculum f\u00fcr das Fach Englisch<\/a><\/li><\/ul><p><span style=\"font-size: 12pt; font-family: georgia, palatino, serif;\"><strong>Einf\u00fchrungsphase (ab 2018\/19) und Qualifikationsphase(ab 2019 \/20):<\/strong><\/span><\/p><ul><li><span style=\"font-size: 12pt; font-family: georgia, palatino, serif;\"><a href=\"https:\/\/gymnasium-nordenham.de\/wp-content\/uploads\/2020\/12\/2012_10_18-bildungsstandards-fortgef-fs-abi.pdf\" target=\"_blank\" rel=\"noopener\">Bildungsstandards Sek II<\/a> (2012)<\/span><\/li><li><span style=\"font-size: 12pt; font-family: georgia, palatino, serif;\"><a href=\"https:\/\/gymnasium-nordenham.de\/wp-content\/uploads\/2020\/12\/en_go_kc_druck_2018.pdf\" target=\"_blank\" rel=\"noopener\">Kerncurriculum f\u00fcr das Gymnasium &#8211; gymnasiale Oberstufe<\/a> (2017) <br \/><\/span><\/li><li><span style=\"font-size: 12pt; font-family: georgia, palatino, serif;\"><a href=\"https:\/\/cuvo.nibis.de\/cuvo.php\" target=\"_blank\" rel=\"noopener\">Englisch \u2013 Hinweise zur schriftlichen Abiturpr\u00fcfung 2022<\/a><\/span><\/li><li><span style=\"font-size: 12pt; font-family: georgia, palatino, serif;\"><a href=\"https:\/\/bildungsportal-niedersachsen.de\/index.php?eID=dumpFile&amp;t=f&amp;f=12925&amp;token=5e83a16b0ed15e64630a843674d113da84dd8cec\" target=\"_blank\" rel=\"noopener\">Operatoren f\u00fcr das Fach Englisch<\/a><\/span><\/li><\/ul>\t\t\t\t\t\t\t\t<\/div>\n\t\t\t\t<\/div>\n\t\t\t\t\t<\/div>\n\t\t<\/div>\n\t\t\t\t<div class=\"elementor-column elementor-col-33 elementor-top-column elementor-element elementor-element-c25fcbf\" data-id=\"c25fcbf\" data-element_type=\"column\" data-e-type=\"column\">\n\t\t\t<div class=\"elementor-widget-wrap elementor-element-populated\">\n\t\t\t\t\t\t<div class=\"elementor-element elementor-element-497df0a elementor-invisible elementor-widget elementor-widget-wp-widget-nav_menu\" data-id=\"497df0a\" data-element_type=\"widget\" data-e-type=\"widget\" data-settings=\"{&quot;_animation&quot;:&quot;fadeInUp&quot;}\" data-widget_type=\"wp-widget-nav_menu.default\">\n\t\t\t\t<div class=\"elementor-widget-container\">\n\t\t\t\t\t<div class=\"menu-fachmenue-englisch-container\"><ul id=\"menu-fachmenue-englisch\" class=\"menu\"><li id=\"menu-item-1809\" class=\"menu-item menu-item-type-post_type menu-item-object-page menu-item-1809\"><a href=\"https:\/\/gymnasium-nordenham.de\/en\/englisch-am-gn\">Englisch am GN<\/a><\/li>\n<li id=\"menu-item-1807\" class=\"menu-item menu-item-type-post_type menu-item-object-page menu-item-1807\"><a href=\"https:\/\/gymnasium-nordenham.de\/en\/englisch-lehrwerke\">Lehrwerke<\/a><\/li>\n<li id=\"menu-item-1806\" class=\"menu-item menu-item-type-post_type menu-item-object-page menu-item-1806\"><a href=\"https:\/\/gymnasium-nordenham.de\/en\/englisch-curricula\">Curricula<\/a><\/li>\n<li id=\"menu-item-1805\" class=\"menu-item menu-item-type-post_type menu-item-object-page menu-item-1805\"><a href=\"https:\/\/gymnasium-nordenham.de\/en\/englisch-klassenarbeiten-und-klausuren\">Klassenarbeiten und Klausuren<\/a><\/li>\n<li id=\"menu-item-1804\" class=\"menu-item menu-item-type-post_type menu-item-object-page menu-item-1804\"><a href=\"https:\/\/gymnasium-nordenham.de\/en\/englisch-weitere-angebote\">Weitere Angebote<\/a><\/li>\n<\/ul><\/div>\t\t\t\t<\/div>\n\t\t\t\t<\/div>\n\t\t\t\t\t<\/div>\n\t\t<\/div>\n\t\t\t\t\t<\/div>\n\t\t<\/section>\n\t\t\t\t<\/div>","protected":false},"excerpt":{"rendered":"<p>Curricula Sekundarstufe I (Jahrg\u00e4nge 5 bis 10): Bildungsstandards f\u00fcr die erste Fremdsprache f\u00fcr den mittleren Schulabschluss (2004) Kerncurriculum f\u00fcr das Gymnasium Schuljahrg\u00e4nge 5 \u2013 10 Englisch Niedersachsen (2015) Schulinternes Curriculum f\u00fcr das Fach Englisch Einf\u00fchrungsphase (ab 2018\/19) und Qualifikationsphase(ab 2019 &hellip; <a href=\"https:\/\/gymnasium-nordenham.de\/en\/englisch-curricula\">Continue reading <span class=\"meta-nav\">&rarr;<\/span><\/a><\/p>","protected":false},"author":4,"featured_media":0,"parent":0,"menu_order":0,"comment_status":"closed","ping_status":"closed","template":"elementor_header_footer","meta":{"_crdt_document":"","footnotes":""},"class_list":["post-1798","page","type-page","status-publish","hentry"],"yoast_head":"<!-- This site is optimized with the Yoast SEO plugin v27.3 - https:\/\/yoast.com\/product\/yoast-seo-wordpress\/ -->\n<title>Englisch - Curricula - Gymnasium Nordenham<\/title>\n<meta name=\"robots\" content=\"index, follow, max-snippet:-1, max-image-preview:large, max-video-preview:-1\" \/>\n<link rel=\"canonical\" href=\"https:\/\/gymnasium-nordenham.de\/en\/englisch-curricula\/\" \/>\n<meta property=\"og:locale\" content=\"en_GB\" \/>\n<meta property=\"og:type\" content=\"article\" \/>\n<meta property=\"og:title\" content=\"Englisch - Curricula - Gymnasium Nordenham\" \/>\n<meta property=\"og:description\" content=\"Curricula Sekundarstufe I (Jahrg\u00e4nge 5 bis 10): Bildungsstandards f\u00fcr die erste Fremdsprache f\u00fcr den mittleren Schulabschluss (2004) Kerncurriculum f\u00fcr das Gymnasium Schuljahrg\u00e4nge 5 \u2013 10 Englisch Niedersachsen (2015) Schulinternes Curriculum f\u00fcr das Fach Englisch Einf\u00fchrungsphase (ab 2018\/19) und Qualifikationsphase(ab 2019 &hellip; Continue reading &rarr;\" \/>\n<meta property=\"og:url\" content=\"https:\/\/gymnasium-nordenham.de\/en\/englisch-curricula\/\" \/>\n<meta property=\"og:site_name\" content=\"Gymnasium Nordenham\" \/>\n<meta property=\"article:modified_time\" content=\"2025-03-05T13:13:02+00:00\" \/>\n<meta name=\"twitter:card\" content=\"summary_large_image\" \/>\n<meta name=\"twitter:label1\" content=\"Estimated reading time\" \/>\n\t<meta name=\"twitter:data1\" content=\"1 minute\" \/>\n<script type=\"application\/ld+json\" class=\"yoast-schema-graph\">{\"@context\":\"https:\\\/\\\/schema.org\",\"@graph\":[{\"@type\":\"WebPage\",\"@id\":\"https:\\\/\\\/gymnasium-nordenham.de\\\/englisch-curricula\",\"url\":\"https:\\\/\\\/gymnasium-nordenham.de\\\/englisch-curricula\",\"name\":\"Englisch - Curricula - Gymnasium Nordenham\",\"isPartOf\":{\"@id\":\"https:\\\/\\\/gymnasium-nordenham.de\\\/#website\"},\"datePublished\":\"2020-05-17T14:23:27+00:00\",\"dateModified\":\"2025-03-05T13:13:02+00:00\",\"breadcrumb\":{\"@id\":\"https:\\\/\\\/gymnasium-nordenham.de\\\/englisch-curricula#breadcrumb\"},\"inLanguage\":\"en-GB\",\"potentialAction\":[{\"@type\":\"ReadAction\",\"target\":[\"https:\\\/\\\/gymnasium-nordenham.de\\\/englisch-curricula\"]}]},{\"@type\":\"BreadcrumbList\",\"@id\":\"https:\\\/\\\/gymnasium-nordenham.de\\\/englisch-curricula#breadcrumb\",\"itemListElement\":[{\"@type\":\"ListItem\",\"position\":1,\"name\":\"Startseite\",\"item\":\"https:\\\/\\\/gymnasium-nordenham.de\\\/\"},{\"@type\":\"ListItem\",\"position\":2,\"name\":\"Englisch &#8211; Curricula\"}]},{\"@type\":\"WebSite\",\"@id\":\"https:\\\/\\\/gymnasium-nordenham.de\\\/#website\",\"url\":\"https:\\\/\\\/gymnasium-nordenham.de\\\/\",\"name\":\"Gymnasium Nordenham\",\"description\":\"Miteinander, voneinander und f\u00fcreinander lernen\",\"potentialAction\":[{\"@type\":\"SearchAction\",\"target\":{\"@type\":\"EntryPoint\",\"urlTemplate\":\"https:\\\/\\\/gymnasium-nordenham.de\\\/?s={search_term_string}\"},\"query-input\":{\"@type\":\"PropertyValueSpecification\",\"valueRequired\":true,\"valueName\":\"search_term_string\"}}],\"inLanguage\":\"en-GB\"}]}<\/script>\n<!-- \/ Yoast SEO plugin. -->","yoast_head_json":{"title":"Englisch - Curricula - Gymnasium Nordenham","robots":{"index":"index","follow":"follow","max-snippet":"max-snippet:-1","max-image-preview":"max-image-preview:large","max-video-preview":"max-video-preview:-1"},"canonical":"https:\/\/gymnasium-nordenham.de\/en\/englisch-curricula\/","og_locale":"en_GB","og_type":"article","og_title":"Englisch - Curricula - Gymnasium Nordenham","og_description":"Curricula Sekundarstufe I (Jahrg\u00e4nge 5 bis 10): Bildungsstandards f\u00fcr die erste Fremdsprache f\u00fcr den mittleren Schulabschluss (2004) Kerncurriculum f\u00fcr das Gymnasium Schuljahrg\u00e4nge 5 \u2013 10 Englisch Niedersachsen (2015) Schulinternes Curriculum f\u00fcr das Fach Englisch Einf\u00fchrungsphase (ab 2018\/19) und Qualifikationsphase(ab 2019 &hellip; Continue reading &rarr;","og_url":"https:\/\/gymnasium-nordenham.de\/en\/englisch-curricula\/","og_site_name":"Gymnasium Nordenham","article_modified_time":"2025-03-05T13:13:02+00:00","twitter_card":"summary_large_image","twitter_misc":{"Estimated reading time":"1 minute"},"schema":{"@context":"https:\/\/schema.org","@graph":[{"@type":"WebPage","@id":"https:\/\/gymnasium-nordenham.de\/englisch-curricula","url":"https:\/\/gymnasium-nordenham.de\/englisch-curricula","name":"Englisch - Curricula - Gymnasium Nordenham","isPartOf":{"@id":"https:\/\/gymnasium-nordenham.de\/#website"},"datePublished":"2020-05-17T14:23:27+00:00","dateModified":"2025-03-05T13:13:02+00:00","breadcrumb":{"@id":"https:\/\/gymnasium-nordenham.de\/englisch-curricula#breadcrumb"},"inLanguage":"en-GB","potentialAction":[{"@type":"ReadAction","target":["https:\/\/gymnasium-nordenham.de\/englisch-curricula"]}]},{"@type":"BreadcrumbList","@id":"https:\/\/gymnasium-nordenham.de\/englisch-curricula#breadcrumb","itemListElement":[{"@type":"ListItem","position":1,"name":"Startseite","item":"https:\/\/gymnasium-nordenham.de\/"},{"@type":"ListItem","position":2,"name":"Englisch &#8211; Curricula"}]},{"@type":"WebSite","@id":"https:\/\/gymnasium-nordenham.de\/#website","url":"https:\/\/gymnasium-nordenham.de\/","name":"Gymnasium Nordenham","description":"Miteinander, voneinander und f\u00fcreinander lernen","potentialAction":[{"@type":"SearchAction","target":{"@type":"EntryPoint","urlTemplate":"https:\/\/gymnasium-nordenham.de\/?s={search_term_string}"},"query-input":{"@type":"PropertyValueSpecification","valueRequired":true,"valueName":"search_term_string"}}],"inLanguage":"en-GB"}]}},"_links":{"self":[{"href":"https:\/\/gymnasium-nordenham.de\/en\/wp-json\/wp\/v2\/pages\/1798","targetHints":{"allow":["GET"]}}],"collection":[{"href":"https:\/\/gymnasium-nordenham.de\/en\/wp-json\/wp\/v2\/pages"}],"about":[{"href":"https:\/\/gymnasium-nordenham.de\/en\/wp-json\/wp\/v2\/types\/page"}],"author":[{"embeddable":true,"href":"https:\/\/gymnasium-nordenham.de\/en\/wp-json\/wp\/v2\/users\/4"}],"replies":[{"embeddable":true,"href":"https:\/\/gymnasium-nordenham.de\/en\/wp-json\/wp\/v2\/comments?post=1798"}],"version-history":[{"count":6,"href":"https:\/\/gymnasium-nordenham.de\/en\/wp-json\/wp\/v2\/pages\/1798\/revisions"}],"predecessor-version":[{"id":13252,"href":"https:\/\/gymnasium-nordenham.de\/en\/wp-json\/wp\/v2\/pages\/1798\/revisions\/13252"}],"wp:attachment":[{"href":"https:\/\/gymnasium-nordenham.de\/en\/wp-json\/wp\/v2\/media?parent=1798"}],"curies":[{"name":"wp","href":"https:\/\/api.w.org\/{rel}","templated":true}]}}