{"id":1796,"date":"2020-05-17T16:22:45","date_gmt":"2020-05-17T14:22:45","guid":{"rendered":"https:\/\/gymnasiumnordenhamtest.live-website.com\/?page_id=1796"},"modified":"2020-12-22T23:53:39","modified_gmt":"2020-12-22T22:53:39","slug":"englisch-lehrwerke","status":"publish","type":"page","link":"https:\/\/gymnasium-nordenham.de\/en\/englisch-lehrwerke","title":{"rendered":"Englisch &#8211; Lehrwerke"},"content":{"rendered":"<div data-elementor-type=\"wp-page\" data-elementor-id=\"1796\" class=\"elementor elementor-1796\" data-elementor-post-type=\"page\">\n\t\t\t\t\t\t<section class=\"elementor-section elementor-top-section elementor-element elementor-element-5257c4b elementor-section-full_width elementor-section-height-default elementor-section-height-default\" data-id=\"5257c4b\" data-element_type=\"section\" data-e-type=\"section\">\n\t\t\t\t\t\t<div class=\"elementor-container elementor-column-gap-default\">\n\t\t\t\t\t<div class=\"elementor-column elementor-col-100 elementor-top-column elementor-element elementor-element-929ce8f\" data-id=\"929ce8f\" data-element_type=\"column\" data-e-type=\"column\" data-settings=\"{&quot;background_background&quot;:&quot;classic&quot;}\">\n\t\t\t<div class=\"elementor-widget-wrap elementor-element-populated\">\n\t\t\t\t\t\t<div class=\"elementor-element elementor-element-de78d44 elementor-widget elementor-widget-heading\" data-id=\"de78d44\" data-element_type=\"widget\" data-e-type=\"widget\" data-widget_type=\"heading.default\">\n\t\t\t\t<div class=\"elementor-widget-container\">\n\t\t\t\t\t<h2 class=\"elementor-heading-title elementor-size-large\">Lehrwerke<\/h2>\t\t\t\t<\/div>\n\t\t\t\t<\/div>\n\t\t\t\t\t<\/div>\n\t\t<\/div>\n\t\t\t\t\t<\/div>\n\t\t<\/section>\n\t\t\t\t<section class=\"elementor-section elementor-top-section elementor-element elementor-element-9215942 elementor-section-full_width elementor-section-height-default elementor-section-height-default\" data-id=\"9215942\" data-element_type=\"section\" data-e-type=\"section\">\n\t\t\t\t\t\t<div class=\"elementor-container elementor-column-gap-default\">\n\t\t\t\t\t<div class=\"elementor-column elementor-col-66 elementor-top-column elementor-element elementor-element-bc4bb8e\" data-id=\"bc4bb8e\" data-element_type=\"column\" data-e-type=\"column\">\n\t\t\t<div class=\"elementor-widget-wrap elementor-element-populated\">\n\t\t\t\t\t\t<div class=\"elementor-element elementor-element-809aad3 elementor-widget elementor-widget-text-editor\" data-id=\"809aad3\" data-element_type=\"widget\" data-e-type=\"widget\" data-widget_type=\"text-editor.default\">\n\t\t\t\t<div class=\"elementor-widget-container\">\n\t\t\t\t\t\t\t\t\t<p style=\"text-align: justify;\"><span style=\"font-size: 12pt; font-family: georgia, palatino, serif;\">Wir arbeiten derzeit in den <strong>Jahrg\u00e4ngen 5 bis 10<\/strong> mit dem Lehrwerk Green Line von Klett. Das zum Lehrwerk angebotene Workbook (Arbeitsheft) steht f\u00fcr die Jahrg\u00e4nge 5 bis 9 als verpflichtende Anschaffung auf der B\u00fccherliste.<\/span><\/p><p style=\"text-align: justify;\"><span style=\"font-size: 12pt; font-family: georgia, palatino, serif;\">Jahrgang 5: GreenLine1<\/span><\/p><p style=\"text-align: justify;\"><span style=\"font-size: 12pt; font-family: georgia, palatino, serif;\">Jahrgang 6: GreenLine2<\/span><\/p><p style=\"text-align: justify;\"><span style=\"font-size: 12pt; font-family: georgia, palatino, serif;\">Jahrgang 7: GreenLine3<\/span><\/p><p style=\"text-align: justify;\"><span style=\"font-size: 12pt; font-family: georgia, palatino, serif;\">Jahrgang 8: GreenLine4<\/span><\/p><p style=\"text-align: justify;\"><span style=\"font-size: 12pt; font-family: georgia, palatino, serif;\">Jahrgang 9: Green Line5<\/span><\/p><p style=\"text-align: justify;\"><span style=\"font-size: 12pt; font-family: georgia, palatino, serif;\">Jahrgang 10: GreenLine6<\/span><\/p><p style=\"text-align: justify;\"><span style=\"font-size: 12pt; font-family: georgia, palatino, serif;\">F\u00fcr die Einf\u00fchrungsphase (<strong>Jahrgang 11<\/strong>) der gymnasialen Oberstufe entscheidet die jeweilige Englischlehrkraft, welches Lehrwerk benutzt wird.<\/span><\/p><p style=\"text-align: justify;\"><span style=\"font-size: 12pt; font-family: georgia, palatino, serif;\">F\u00fcr die vier Semester der Qualifikationsphase <strong>(Jahrg\u00e4nge 12 und 13)<\/strong> gibt es durch das Kultusministerium j\u00e4hrlich wechselnde Materialvorgaben zu Lekt\u00fcren und Filmen. Hinweise zu diesen verpflichtenden Materialien finden sich bei www.nibis.de (<a href=\"http:\/\/www.nibis.de\">Link<\/a>). Die jeweilige Englischlehrkraft entscheidet \u00fcber die Anschaffung zus\u00e4tzlicher Lehrwerke.<\/span><\/p><p style=\"text-align: justify;\"><span style=\"font-size: 12pt; font-family: georgia, palatino, serif;\">In den h\u00f6heren Klassen \u00fcben wir den Umgang mit elektronischen W\u00f6rterb\u00fcchern, die dann auch in Klassenarbeiten und Klausuren eingesetzt werden d\u00fcrfen. Dazu hat die Schule elektronische W\u00f6rterb\u00fccher angeschafft, die mit in den Unterricht gebracht werden. Die Anschaffung eines eigenen Papierw\u00f6rterbuchs f\u00fcr die h\u00e4usliche Arbeit erwarten wir nicht mehr. Heutzutage gibt es viele W\u00f6rterb\u00fccher online, die gute Dienste leisten. Im Unterricht werden hierzu verschiedene M\u00f6glichkeiten erprobt. Die Anschaffung eines eigenen elektronischen W\u00f6rterbuchs, das in verschiedenen Sprachen eingesetzt werden kann,\u00a0 mag hingegen eine Option sein.<\/span><\/p><p style=\"text-align: justify;\"><span style=\"font-family: georgia, palatino, serif; font-size: 12pt;\">\u00a0<\/span><\/p>\t\t\t\t\t\t\t\t<\/div>\n\t\t\t\t<\/div>\n\t\t\t\t\t<\/div>\n\t\t<\/div>\n\t\t\t\t<div class=\"elementor-column elementor-col-33 elementor-top-column elementor-element elementor-element-c25fcbf\" data-id=\"c25fcbf\" data-element_type=\"column\" data-e-type=\"column\">\n\t\t\t<div class=\"elementor-widget-wrap elementor-element-populated\">\n\t\t\t\t\t\t<div class=\"elementor-element elementor-element-497df0a elementor-invisible elementor-widget elementor-widget-wp-widget-nav_menu\" data-id=\"497df0a\" data-element_type=\"widget\" data-e-type=\"widget\" data-settings=\"{&quot;_animation&quot;:&quot;fadeInUp&quot;}\" data-widget_type=\"wp-widget-nav_menu.default\">\n\t\t\t\t<div class=\"elementor-widget-container\">\n\t\t\t\t\t<div class=\"menu-fachmenue-englisch-container\"><ul id=\"menu-fachmenue-englisch\" class=\"menu\"><li id=\"menu-item-1809\" class=\"menu-item menu-item-type-post_type menu-item-object-page menu-item-1809\"><a href=\"https:\/\/gymnasium-nordenham.de\/en\/englisch-am-gn\">Englisch am GN<\/a><\/li>\n<li id=\"menu-item-1807\" class=\"menu-item menu-item-type-post_type menu-item-object-page menu-item-1807\"><a href=\"https:\/\/gymnasium-nordenham.de\/en\/englisch-lehrwerke\">Lehrwerke<\/a><\/li>\n<li id=\"menu-item-1806\" class=\"menu-item menu-item-type-post_type menu-item-object-page menu-item-1806\"><a href=\"https:\/\/gymnasium-nordenham.de\/en\/englisch-curricula\">Curricula<\/a><\/li>\n<li id=\"menu-item-1805\" class=\"menu-item menu-item-type-post_type menu-item-object-page menu-item-1805\"><a href=\"https:\/\/gymnasium-nordenham.de\/en\/englisch-klassenarbeiten-und-klausuren\">Klassenarbeiten und Klausuren<\/a><\/li>\n<li id=\"menu-item-1804\" class=\"menu-item menu-item-type-post_type menu-item-object-page menu-item-1804\"><a href=\"https:\/\/gymnasium-nordenham.de\/en\/englisch-weitere-angebote\">Weitere Angebote<\/a><\/li>\n<\/ul><\/div>\t\t\t\t<\/div>\n\t\t\t\t<\/div>\n\t\t\t\t\t<\/div>\n\t\t<\/div>\n\t\t\t\t\t<\/div>\n\t\t<\/section>\n\t\t\t\t<\/div>","protected":false},"excerpt":{"rendered":"<p>Lehrwerke Wir arbeiten derzeit in den Jahrg\u00e4ngen 5 bis 10 mit dem Lehrwerk Green Line von Klett. Das zum Lehrwerk angebotene Workbook (Arbeitsheft) steht f\u00fcr die Jahrg\u00e4nge 5 bis 9 als verpflichtende Anschaffung auf der B\u00fccherliste. Jahrgang 5: GreenLine1 Jahrgang &hellip; <a href=\"https:\/\/gymnasium-nordenham.de\/en\/englisch-lehrwerke\">Continue reading <span class=\"meta-nav\">&rarr;<\/span><\/a><\/p>","protected":false},"author":4,"featured_media":0,"parent":0,"menu_order":0,"comment_status":"closed","ping_status":"closed","template":"elementor_header_footer","meta":{"_crdt_document":"","footnotes":""},"class_list":["post-1796","page","type-page","status-publish","hentry"],"yoast_head":"<!-- This site is optimized with the Yoast SEO plugin v27.3 - https:\/\/yoast.com\/product\/yoast-seo-wordpress\/ -->\n<title>Englisch - Lehrwerke - Gymnasium Nordenham<\/title>\n<meta name=\"robots\" content=\"index, follow, max-snippet:-1, max-image-preview:large, max-video-preview:-1\" \/>\n<link rel=\"canonical\" href=\"https:\/\/gymnasium-nordenham.de\/en\/englisch-lehrwerke\/\" \/>\n<meta property=\"og:locale\" content=\"en_GB\" \/>\n<meta property=\"og:type\" content=\"article\" \/>\n<meta property=\"og:title\" content=\"Englisch - Lehrwerke - Gymnasium Nordenham\" \/>\n<meta property=\"og:description\" content=\"Lehrwerke Wir arbeiten derzeit in den Jahrg\u00e4ngen 5 bis 10 mit dem Lehrwerk Green Line von Klett. Das zum Lehrwerk angebotene Workbook (Arbeitsheft) steht f\u00fcr die Jahrg\u00e4nge 5 bis 9 als verpflichtende Anschaffung auf der B\u00fccherliste. Jahrgang 5: GreenLine1 Jahrgang &hellip; Continue reading &rarr;\" \/>\n<meta property=\"og:url\" content=\"https:\/\/gymnasium-nordenham.de\/en\/englisch-lehrwerke\/\" \/>\n<meta property=\"og:site_name\" content=\"Gymnasium Nordenham\" \/>\n<meta property=\"article:modified_time\" content=\"2020-12-22T22:53:39+00:00\" \/>\n<meta name=\"twitter:card\" content=\"summary_large_image\" \/>\n<meta name=\"twitter:label1\" content=\"Estimated reading time\" \/>\n\t<meta name=\"twitter:data1\" content=\"1 minute\" \/>\n<script type=\"application\/ld+json\" class=\"yoast-schema-graph\">{\"@context\":\"https:\\\/\\\/schema.org\",\"@graph\":[{\"@type\":\"WebPage\",\"@id\":\"https:\\\/\\\/gymnasium-nordenham.de\\\/englisch-lehrwerke\",\"url\":\"https:\\\/\\\/gymnasium-nordenham.de\\\/englisch-lehrwerke\",\"name\":\"Englisch - Lehrwerke - Gymnasium Nordenham\",\"isPartOf\":{\"@id\":\"https:\\\/\\\/gymnasium-nordenham.de\\\/#website\"},\"datePublished\":\"2020-05-17T14:22:45+00:00\",\"dateModified\":\"2020-12-22T22:53:39+00:00\",\"breadcrumb\":{\"@id\":\"https:\\\/\\\/gymnasium-nordenham.de\\\/englisch-lehrwerke#breadcrumb\"},\"inLanguage\":\"en-GB\",\"potentialAction\":[{\"@type\":\"ReadAction\",\"target\":[\"https:\\\/\\\/gymnasium-nordenham.de\\\/englisch-lehrwerke\"]}]},{\"@type\":\"BreadcrumbList\",\"@id\":\"https:\\\/\\\/gymnasium-nordenham.de\\\/englisch-lehrwerke#breadcrumb\",\"itemListElement\":[{\"@type\":\"ListItem\",\"position\":1,\"name\":\"Startseite\",\"item\":\"https:\\\/\\\/gymnasium-nordenham.de\\\/\"},{\"@type\":\"ListItem\",\"position\":2,\"name\":\"Englisch &#8211; Lehrwerke\"}]},{\"@type\":\"WebSite\",\"@id\":\"https:\\\/\\\/gymnasium-nordenham.de\\\/#website\",\"url\":\"https:\\\/\\\/gymnasium-nordenham.de\\\/\",\"name\":\"Gymnasium Nordenham\",\"description\":\"Miteinander, voneinander und f\u00fcreinander lernen\",\"potentialAction\":[{\"@type\":\"SearchAction\",\"target\":{\"@type\":\"EntryPoint\",\"urlTemplate\":\"https:\\\/\\\/gymnasium-nordenham.de\\\/?s={search_term_string}\"},\"query-input\":{\"@type\":\"PropertyValueSpecification\",\"valueRequired\":true,\"valueName\":\"search_term_string\"}}],\"inLanguage\":\"en-GB\"}]}<\/script>\n<!-- \/ Yoast SEO plugin. -->","yoast_head_json":{"title":"Englisch - Lehrwerke - Gymnasium Nordenham","robots":{"index":"index","follow":"follow","max-snippet":"max-snippet:-1","max-image-preview":"max-image-preview:large","max-video-preview":"max-video-preview:-1"},"canonical":"https:\/\/gymnasium-nordenham.de\/en\/englisch-lehrwerke\/","og_locale":"en_GB","og_type":"article","og_title":"Englisch - Lehrwerke - Gymnasium Nordenham","og_description":"Lehrwerke Wir arbeiten derzeit in den Jahrg\u00e4ngen 5 bis 10 mit dem Lehrwerk Green Line von Klett. Das zum Lehrwerk angebotene Workbook (Arbeitsheft) steht f\u00fcr die Jahrg\u00e4nge 5 bis 9 als verpflichtende Anschaffung auf der B\u00fccherliste. Jahrgang 5: GreenLine1 Jahrgang &hellip; Continue reading &rarr;","og_url":"https:\/\/gymnasium-nordenham.de\/en\/englisch-lehrwerke\/","og_site_name":"Gymnasium Nordenham","article_modified_time":"2020-12-22T22:53:39+00:00","twitter_card":"summary_large_image","twitter_misc":{"Estimated reading time":"1 minute"},"schema":{"@context":"https:\/\/schema.org","@graph":[{"@type":"WebPage","@id":"https:\/\/gymnasium-nordenham.de\/englisch-lehrwerke","url":"https:\/\/gymnasium-nordenham.de\/englisch-lehrwerke","name":"Englisch - Lehrwerke - Gymnasium Nordenham","isPartOf":{"@id":"https:\/\/gymnasium-nordenham.de\/#website"},"datePublished":"2020-05-17T14:22:45+00:00","dateModified":"2020-12-22T22:53:39+00:00","breadcrumb":{"@id":"https:\/\/gymnasium-nordenham.de\/englisch-lehrwerke#breadcrumb"},"inLanguage":"en-GB","potentialAction":[{"@type":"ReadAction","target":["https:\/\/gymnasium-nordenham.de\/englisch-lehrwerke"]}]},{"@type":"BreadcrumbList","@id":"https:\/\/gymnasium-nordenham.de\/englisch-lehrwerke#breadcrumb","itemListElement":[{"@type":"ListItem","position":1,"name":"Startseite","item":"https:\/\/gymnasium-nordenham.de\/"},{"@type":"ListItem","position":2,"name":"Englisch &#8211; Lehrwerke"}]},{"@type":"WebSite","@id":"https:\/\/gymnasium-nordenham.de\/#website","url":"https:\/\/gymnasium-nordenham.de\/","name":"Gymnasium Nordenham","description":"Miteinander, voneinander und f\u00fcreinander lernen","potentialAction":[{"@type":"SearchAction","target":{"@type":"EntryPoint","urlTemplate":"https:\/\/gymnasium-nordenham.de\/?s={search_term_string}"},"query-input":{"@type":"PropertyValueSpecification","valueRequired":true,"valueName":"search_term_string"}}],"inLanguage":"en-GB"}]}},"_links":{"self":[{"href":"https:\/\/gymnasium-nordenham.de\/en\/wp-json\/wp\/v2\/pages\/1796","targetHints":{"allow":["GET"]}}],"collection":[{"href":"https:\/\/gymnasium-nordenham.de\/en\/wp-json\/wp\/v2\/pages"}],"about":[{"href":"https:\/\/gymnasium-nordenham.de\/en\/wp-json\/wp\/v2\/types\/page"}],"author":[{"embeddable":true,"href":"https:\/\/gymnasium-nordenham.de\/en\/wp-json\/wp\/v2\/users\/4"}],"replies":[{"embeddable":true,"href":"https:\/\/gymnasium-nordenham.de\/en\/wp-json\/wp\/v2\/comments?post=1796"}],"version-history":[{"count":0,"href":"https:\/\/gymnasium-nordenham.de\/en\/wp-json\/wp\/v2\/pages\/1796\/revisions"}],"wp:attachment":[{"href":"https:\/\/gymnasium-nordenham.de\/en\/wp-json\/wp\/v2\/media?parent=1796"}],"curies":[{"name":"wp","href":"https:\/\/api.w.org\/{rel}","templated":true}]}}