{"id":1792,"date":"2020-05-17T16:21:05","date_gmt":"2020-05-17T14:21:05","guid":{"rendered":"https:\/\/gymnasiumnordenhamtest.live-website.com\/?page_id=1792"},"modified":"2025-03-19T15:01:12","modified_gmt":"2025-03-19T14:01:12","slug":"englisch-am-gn","status":"publish","type":"page","link":"https:\/\/gymnasium-nordenham.de\/en\/englisch-am-gn","title":{"rendered":"Englisch am GN"},"content":{"rendered":"<div data-elementor-type=\"wp-page\" data-elementor-id=\"1792\" class=\"elementor elementor-1792\" data-elementor-post-type=\"page\">\n\t\t\t\t\t\t<section class=\"elementor-section elementor-top-section elementor-element elementor-element-5257c4b elementor-section-full_width elementor-section-height-default elementor-section-height-default\" data-id=\"5257c4b\" data-element_type=\"section\" data-e-type=\"section\">\n\t\t\t\t\t\t<div class=\"elementor-container elementor-column-gap-default\">\n\t\t\t\t\t<div class=\"elementor-column elementor-col-100 elementor-top-column elementor-element elementor-element-929ce8f\" data-id=\"929ce8f\" data-element_type=\"column\" data-e-type=\"column\" data-settings=\"{&quot;background_background&quot;:&quot;classic&quot;}\">\n\t\t\t<div class=\"elementor-widget-wrap elementor-element-populated\">\n\t\t\t\t\t\t<div class=\"elementor-element elementor-element-de78d44 elementor-widget elementor-widget-heading\" data-id=\"de78d44\" data-element_type=\"widget\" data-e-type=\"widget\" data-widget_type=\"heading.default\">\n\t\t\t\t<div class=\"elementor-widget-container\">\n\t\t\t\t\t<h2 class=\"elementor-heading-title elementor-size-large\">Englisch<\/h2>\t\t\t\t<\/div>\n\t\t\t\t<\/div>\n\t\t\t\t\t<\/div>\n\t\t<\/div>\n\t\t\t\t\t<\/div>\n\t\t<\/section>\n\t\t\t\t<section class=\"elementor-section elementor-top-section elementor-element elementor-element-9215942 elementor-section-full_width elementor-section-height-default elementor-section-height-default\" data-id=\"9215942\" data-element_type=\"section\" data-e-type=\"section\">\n\t\t\t\t\t\t<div class=\"elementor-container elementor-column-gap-default\">\n\t\t\t\t\t<div class=\"elementor-column elementor-col-66 elementor-top-column elementor-element elementor-element-bc4bb8e\" data-id=\"bc4bb8e\" data-element_type=\"column\" data-e-type=\"column\">\n\t\t\t<div class=\"elementor-widget-wrap elementor-element-populated\">\n\t\t\t\t\t\t<div class=\"elementor-element elementor-element-43cacea elementor-widget elementor-widget-image\" data-id=\"43cacea\" data-element_type=\"widget\" data-e-type=\"widget\" data-widget_type=\"image.default\">\n\t\t\t\t<div class=\"elementor-widget-container\">\n\t\t\t\t\t\t\t\t\t\t\t\t\t\t\t<img fetchpriority=\"high\" decoding=\"async\" width=\"640\" height=\"359\" src=\"https:\/\/gymnasium-nordenham.de\/wp-content\/uploads\/2025\/03\/Englisch-1024x575.jpg\" class=\"attachment-large size-large wp-image-13347\" alt=\"\" srcset=\"https:\/\/gymnasium-nordenham.de\/wp-content\/uploads\/2025\/03\/Englisch-1024x575.jpg 1024w, https:\/\/gymnasium-nordenham.de\/wp-content\/uploads\/2025\/03\/Englisch-300x169.jpg 300w, https:\/\/gymnasium-nordenham.de\/wp-content\/uploads\/2025\/03\/Englisch-768x432.jpg 768w, https:\/\/gymnasium-nordenham.de\/wp-content\/uploads\/2025\/03\/Englisch-1536x863.jpg 1536w, https:\/\/gymnasium-nordenham.de\/wp-content\/uploads\/2025\/03\/Englisch-2048x1151.jpg 2048w, https:\/\/gymnasium-nordenham.de\/wp-content\/uploads\/2025\/03\/Englisch-18x10.jpg 18w\" sizes=\"(max-width: 640px) 100vw, 640px\" \/>\t\t\t\t\t\t\t\t\t\t\t\t\t\t\t<\/div>\n\t\t\t\t<\/div>\n\t\t\t\t<div class=\"elementor-element elementor-element-809aad3 elementor-widget elementor-widget-text-editor\" data-id=\"809aad3\" data-element_type=\"widget\" data-e-type=\"widget\" data-widget_type=\"text-editor.default\">\n\t\t\t\t<div class=\"elementor-widget-container\">\n\t\t\t\t\t\t\t\t\t<p style=\"text-align: justify;\"><span style=\"font-size: 12pt; font-family: georgia, palatino, serif;\">Das Fach Englisch wird am Gymnasium Nordenham zurzeit von 17 engagierten Lehrkr\u00e4ften erteilt. Grundlage unseres schuleigenen Arbeitsplans sind die nieders\u00e4chsischen Kerncurricula f\u00fcr die Schuljahrg\u00e4nge 5\u00a0\u2013\u00a010 und f\u00fcr die gymnasiale Oberstufe sowie die jeweiligen Bildungsstandards. Als \u00fcbergeordnetes Ziel setzen wir uns konsequent die Entwicklung der sprachlichen und interkulturellen Handlungskompetenz. Das bedeutet, dass wir die Sch\u00fclerinnen und Sch\u00fcler in die Lage versetzen wollen, in der heutigen, global orientierten Welt erfolgreich mit Menschen anderer Kulturen zusammenzuarbeiten, zu leben und fremdsprachlich zu handeln. Zur Anbahnung dieser Kompetenzen werden die ben\u00f6tigten sprachlichen Mittel erarbeitet und in den kommunikativen Teilkompetenzen Sprechen, H\u00f6r-\/Sehverstehen,\u00a0 Leseverstehen, Schreiben und Sprachmittlung geschult. Dabei dienen die Lehrkr\u00e4fte als sprachliche Vorbilder, strukturieren die Lernprozesse, unterst\u00fctzen die Lernenden und schaffen Vertrauen in deren eigene F\u00e4higkeiten. Das am Gymnasium Nordenham f\u00fcr die Schuljahrg\u00e4nge 5\u00a0\u2013\u00a010 eingef\u00fchrte Lehrwerk \u201eGreen Line G9\u201c unterst\u00fctzt durch die moderne Gestaltung und die kompetenzorientierte Konzeption einen erfolgreichen Vermittlungsprozess. Von Beginn an folgt unser Unterricht dem Prinzip der aufgekl\u00e4rten Einsprachigkeit, d.\u00a0h. soweit es geht, ist die Unterrichtssprache Englisch. F\u00fcr den Fall, dass Lernschwierigkeiten auftreten, die nicht innerhalb des Unterrichts aufgefangen werden k\u00f6nnen, bieten wir in den Jahrg\u00e4ngen 5 \u2013 7 F\u00f6rderunterricht an, sofern Bedarf und M\u00f6glichkeiten bestehen. Das Gymnasium Nordenham bildet regelm\u00e4\u00dfig Referendare im Fach Englisch aus. Durch den dadurch entstehenden kontinuierlichen Austausch sind wir in der Fachgruppe immer wieder gefordert, unseren eigenen Unterricht zu reflektieren und zu verbessern.<\/span><\/p><p style=\"text-align: justify;\"><span style=\"font-size: 12pt; font-family: georgia, palatino, serif;\">Das Fach Englisch wird am Gymnasium Nordenham durchg\u00e4ngig von Jahrgang 5 bis 13 erteilt. In den Jahrg\u00e4ngen 5 bis 8 werden vier Stunden pro Woche, und in den Jahrg\u00e4ngen 9 bis 11 drei Stunden pro Woche erteilt. In der Qualifikationsphase der gymnasialen Oberstufe (Jahrg\u00e4nge 12 und 13) wird das Fach Englisch auf erh\u00f6htem Niveau mit f\u00fcnf Stunden pro Woche und auf grundlegendem Niveau mit drei Stunden pro Woche unterrichtet.<\/span><\/p><p style=\"text-align: justify;\">\u00a0<\/p>\t\t\t\t\t\t\t\t<\/div>\n\t\t\t\t<\/div>\n\t\t\t\t\t<\/div>\n\t\t<\/div>\n\t\t\t\t<div class=\"elementor-column elementor-col-33 elementor-top-column elementor-element elementor-element-c25fcbf\" data-id=\"c25fcbf\" data-element_type=\"column\" data-e-type=\"column\">\n\t\t\t<div class=\"elementor-widget-wrap elementor-element-populated\">\n\t\t\t\t\t\t<div class=\"elementor-element elementor-element-497df0a elementor-invisible elementor-widget elementor-widget-wp-widget-nav_menu\" data-id=\"497df0a\" data-element_type=\"widget\" data-e-type=\"widget\" data-settings=\"{&quot;_animation&quot;:&quot;fadeInUp&quot;}\" data-widget_type=\"wp-widget-nav_menu.default\">\n\t\t\t\t<div class=\"elementor-widget-container\">\n\t\t\t\t\t<div class=\"menu-fachmenue-englisch-container\"><ul id=\"menu-fachmenue-englisch\" class=\"menu\"><li id=\"menu-item-1809\" class=\"menu-item menu-item-type-post_type menu-item-object-page menu-item-1809\"><a href=\"https:\/\/gymnasium-nordenham.de\/en\/englisch-am-gn\">Englisch am GN<\/a><\/li>\n<li id=\"menu-item-1807\" class=\"menu-item menu-item-type-post_type menu-item-object-page menu-item-1807\"><a href=\"https:\/\/gymnasium-nordenham.de\/en\/englisch-lehrwerke\">Lehrwerke<\/a><\/li>\n<li id=\"menu-item-1806\" class=\"menu-item menu-item-type-post_type menu-item-object-page menu-item-1806\"><a href=\"https:\/\/gymnasium-nordenham.de\/en\/englisch-curricula\">Curricula<\/a><\/li>\n<li id=\"menu-item-1805\" class=\"menu-item menu-item-type-post_type menu-item-object-page menu-item-1805\"><a href=\"https:\/\/gymnasium-nordenham.de\/en\/englisch-klassenarbeiten-und-klausuren\">Klassenarbeiten und Klausuren<\/a><\/li>\n<li id=\"menu-item-1804\" class=\"menu-item menu-item-type-post_type menu-item-object-page menu-item-1804\"><a href=\"https:\/\/gymnasium-nordenham.de\/en\/englisch-weitere-angebote\">Weitere Angebote<\/a><\/li>\n<\/ul><\/div>\t\t\t\t<\/div>\n\t\t\t\t<\/div>\n\t\t\t\t\t<\/div>\n\t\t<\/div>\n\t\t\t\t\t<\/div>\n\t\t<\/section>\n\t\t\t\t<\/div>","protected":false},"excerpt":{"rendered":"<p>Englisch Das Fach Englisch wird am Gymnasium Nordenham zurzeit von 17 engagierten Lehrkr\u00e4ften erteilt. Grundlage unseres schuleigenen Arbeitsplans sind die nieders\u00e4chsischen Kerncurricula f\u00fcr die Schuljahrg\u00e4nge 5\u00a0\u2013\u00a010 und f\u00fcr die gymnasiale Oberstufe sowie die jeweiligen Bildungsstandards. Als \u00fcbergeordnetes Ziel setzen wir &hellip; <a href=\"https:\/\/gymnasium-nordenham.de\/en\/englisch-am-gn\">Continue reading <span class=\"meta-nav\">&rarr;<\/span><\/a><\/p>","protected":false},"author":4,"featured_media":0,"parent":0,"menu_order":0,"comment_status":"closed","ping_status":"closed","template":"elementor_header_footer","meta":{"_crdt_document":"","footnotes":""},"class_list":["post-1792","page","type-page","status-publish","hentry"],"yoast_head":"<!-- This site is optimized with the Yoast SEO plugin v27.3 - https:\/\/yoast.com\/product\/yoast-seo-wordpress\/ -->\n<title>Englisch am GN - Gymnasium Nordenham<\/title>\n<meta name=\"robots\" content=\"index, follow, max-snippet:-1, max-image-preview:large, max-video-preview:-1\" \/>\n<link rel=\"canonical\" href=\"https:\/\/gymnasium-nordenham.de\/en\/englisch-am-gn\/\" \/>\n<meta property=\"og:locale\" content=\"en_GB\" \/>\n<meta property=\"og:type\" content=\"article\" \/>\n<meta property=\"og:title\" content=\"Englisch am GN - Gymnasium Nordenham\" \/>\n<meta property=\"og:description\" content=\"Englisch Das Fach Englisch wird am Gymnasium Nordenham zurzeit von 17 engagierten Lehrkr\u00e4ften erteilt. Grundlage unseres schuleigenen Arbeitsplans sind die nieders\u00e4chsischen Kerncurricula f\u00fcr die Schuljahrg\u00e4nge 5\u00a0\u2013\u00a010 und f\u00fcr die gymnasiale Oberstufe sowie die jeweiligen Bildungsstandards. Als \u00fcbergeordnetes Ziel setzen wir &hellip; Continue reading &rarr;\" \/>\n<meta property=\"og:url\" content=\"https:\/\/gymnasium-nordenham.de\/en\/englisch-am-gn\/\" \/>\n<meta property=\"og:site_name\" content=\"Gymnasium Nordenham\" \/>\n<meta property=\"article:modified_time\" content=\"2025-03-19T14:01:12+00:00\" \/>\n<meta property=\"og:image\" content=\"https:\/\/gymnasium-nordenham.de\/wp-content\/uploads\/2025\/03\/Englisch.jpg\" \/>\n\t<meta property=\"og:image:width\" content=\"2239\" \/>\n\t<meta property=\"og:image:height\" content=\"1258\" \/>\n\t<meta property=\"og:image:type\" content=\"image\/jpeg\" \/>\n<meta name=\"twitter:card\" content=\"summary_large_image\" \/>\n<meta name=\"twitter:label1\" content=\"Estimated reading time\" \/>\n\t<meta name=\"twitter:data1\" content=\"2 minutes\" \/>\n<script type=\"application\/ld+json\" class=\"yoast-schema-graph\">{\"@context\":\"https:\\\/\\\/schema.org\",\"@graph\":[{\"@type\":\"WebPage\",\"@id\":\"https:\\\/\\\/gymnasium-nordenham.de\\\/englisch-am-gn\",\"url\":\"https:\\\/\\\/gymnasium-nordenham.de\\\/englisch-am-gn\",\"name\":\"Englisch am GN - Gymnasium Nordenham\",\"isPartOf\":{\"@id\":\"https:\\\/\\\/gymnasium-nordenham.de\\\/#website\"},\"primaryImageOfPage\":{\"@id\":\"https:\\\/\\\/gymnasium-nordenham.de\\\/englisch-am-gn#primaryimage\"},\"image\":{\"@id\":\"https:\\\/\\\/gymnasium-nordenham.de\\\/englisch-am-gn#primaryimage\"},\"thumbnailUrl\":\"https:\\\/\\\/gymnasium-nordenham.de\\\/wp-content\\\/uploads\\\/2025\\\/03\\\/Englisch-1024x575.jpg\",\"datePublished\":\"2020-05-17T14:21:05+00:00\",\"dateModified\":\"2025-03-19T14:01:12+00:00\",\"breadcrumb\":{\"@id\":\"https:\\\/\\\/gymnasium-nordenham.de\\\/englisch-am-gn#breadcrumb\"},\"inLanguage\":\"en-GB\",\"potentialAction\":[{\"@type\":\"ReadAction\",\"target\":[\"https:\\\/\\\/gymnasium-nordenham.de\\\/englisch-am-gn\"]}]},{\"@type\":\"ImageObject\",\"inLanguage\":\"en-GB\",\"@id\":\"https:\\\/\\\/gymnasium-nordenham.de\\\/englisch-am-gn#primaryimage\",\"url\":\"https:\\\/\\\/gymnasium-nordenham.de\\\/wp-content\\\/uploads\\\/2025\\\/03\\\/Englisch-1024x575.jpg\",\"contentUrl\":\"https:\\\/\\\/gymnasium-nordenham.de\\\/wp-content\\\/uploads\\\/2025\\\/03\\\/Englisch-1024x575.jpg\"},{\"@type\":\"BreadcrumbList\",\"@id\":\"https:\\\/\\\/gymnasium-nordenham.de\\\/englisch-am-gn#breadcrumb\",\"itemListElement\":[{\"@type\":\"ListItem\",\"position\":1,\"name\":\"Startseite\",\"item\":\"https:\\\/\\\/gymnasium-nordenham.de\\\/\"},{\"@type\":\"ListItem\",\"position\":2,\"name\":\"Englisch am GN\"}]},{\"@type\":\"WebSite\",\"@id\":\"https:\\\/\\\/gymnasium-nordenham.de\\\/#website\",\"url\":\"https:\\\/\\\/gymnasium-nordenham.de\\\/\",\"name\":\"Gymnasium Nordenham\",\"description\":\"Miteinander, voneinander und f\u00fcreinander lernen\",\"potentialAction\":[{\"@type\":\"SearchAction\",\"target\":{\"@type\":\"EntryPoint\",\"urlTemplate\":\"https:\\\/\\\/gymnasium-nordenham.de\\\/?s={search_term_string}\"},\"query-input\":{\"@type\":\"PropertyValueSpecification\",\"valueRequired\":true,\"valueName\":\"search_term_string\"}}],\"inLanguage\":\"en-GB\"}]}<\/script>\n<!-- \/ Yoast SEO plugin. -->","yoast_head_json":{"title":"Englisch am GN - Gymnasium Nordenham","robots":{"index":"index","follow":"follow","max-snippet":"max-snippet:-1","max-image-preview":"max-image-preview:large","max-video-preview":"max-video-preview:-1"},"canonical":"https:\/\/gymnasium-nordenham.de\/en\/englisch-am-gn\/","og_locale":"en_GB","og_type":"article","og_title":"Englisch am GN - Gymnasium Nordenham","og_description":"Englisch Das Fach Englisch wird am Gymnasium Nordenham zurzeit von 17 engagierten Lehrkr\u00e4ften erteilt. Grundlage unseres schuleigenen Arbeitsplans sind die nieders\u00e4chsischen Kerncurricula f\u00fcr die Schuljahrg\u00e4nge 5\u00a0\u2013\u00a010 und f\u00fcr die gymnasiale Oberstufe sowie die jeweiligen Bildungsstandards. Als \u00fcbergeordnetes Ziel setzen wir &hellip; Continue reading &rarr;","og_url":"https:\/\/gymnasium-nordenham.de\/en\/englisch-am-gn\/","og_site_name":"Gymnasium Nordenham","article_modified_time":"2025-03-19T14:01:12+00:00","og_image":[{"width":2239,"height":1258,"url":"https:\/\/gymnasium-nordenham.de\/wp-content\/uploads\/2025\/03\/Englisch.jpg","type":"image\/jpeg"}],"twitter_card":"summary_large_image","twitter_misc":{"Estimated reading time":"2 minutes"},"schema":{"@context":"https:\/\/schema.org","@graph":[{"@type":"WebPage","@id":"https:\/\/gymnasium-nordenham.de\/englisch-am-gn","url":"https:\/\/gymnasium-nordenham.de\/englisch-am-gn","name":"Englisch am GN - Gymnasium Nordenham","isPartOf":{"@id":"https:\/\/gymnasium-nordenham.de\/#website"},"primaryImageOfPage":{"@id":"https:\/\/gymnasium-nordenham.de\/englisch-am-gn#primaryimage"},"image":{"@id":"https:\/\/gymnasium-nordenham.de\/englisch-am-gn#primaryimage"},"thumbnailUrl":"https:\/\/gymnasium-nordenham.de\/wp-content\/uploads\/2025\/03\/Englisch-1024x575.jpg","datePublished":"2020-05-17T14:21:05+00:00","dateModified":"2025-03-19T14:01:12+00:00","breadcrumb":{"@id":"https:\/\/gymnasium-nordenham.de\/englisch-am-gn#breadcrumb"},"inLanguage":"en-GB","potentialAction":[{"@type":"ReadAction","target":["https:\/\/gymnasium-nordenham.de\/englisch-am-gn"]}]},{"@type":"ImageObject","inLanguage":"en-GB","@id":"https:\/\/gymnasium-nordenham.de\/englisch-am-gn#primaryimage","url":"https:\/\/gymnasium-nordenham.de\/wp-content\/uploads\/2025\/03\/Englisch-1024x575.jpg","contentUrl":"https:\/\/gymnasium-nordenham.de\/wp-content\/uploads\/2025\/03\/Englisch-1024x575.jpg"},{"@type":"BreadcrumbList","@id":"https:\/\/gymnasium-nordenham.de\/englisch-am-gn#breadcrumb","itemListElement":[{"@type":"ListItem","position":1,"name":"Startseite","item":"https:\/\/gymnasium-nordenham.de\/"},{"@type":"ListItem","position":2,"name":"Englisch am GN"}]},{"@type":"WebSite","@id":"https:\/\/gymnasium-nordenham.de\/#website","url":"https:\/\/gymnasium-nordenham.de\/","name":"Gymnasium Nordenham","description":"Miteinander, voneinander und f\u00fcreinander lernen","potentialAction":[{"@type":"SearchAction","target":{"@type":"EntryPoint","urlTemplate":"https:\/\/gymnasium-nordenham.de\/?s={search_term_string}"},"query-input":{"@type":"PropertyValueSpecification","valueRequired":true,"valueName":"search_term_string"}}],"inLanguage":"en-GB"}]}},"_links":{"self":[{"href":"https:\/\/gymnasium-nordenham.de\/en\/wp-json\/wp\/v2\/pages\/1792","targetHints":{"allow":["GET"]}}],"collection":[{"href":"https:\/\/gymnasium-nordenham.de\/en\/wp-json\/wp\/v2\/pages"}],"about":[{"href":"https:\/\/gymnasium-nordenham.de\/en\/wp-json\/wp\/v2\/types\/page"}],"author":[{"embeddable":true,"href":"https:\/\/gymnasium-nordenham.de\/en\/wp-json\/wp\/v2\/users\/4"}],"replies":[{"embeddable":true,"href":"https:\/\/gymnasium-nordenham.de\/en\/wp-json\/wp\/v2\/comments?post=1792"}],"version-history":[{"count":4,"href":"https:\/\/gymnasium-nordenham.de\/en\/wp-json\/wp\/v2\/pages\/1792\/revisions"}],"predecessor-version":[{"id":13359,"href":"https:\/\/gymnasium-nordenham.de\/en\/wp-json\/wp\/v2\/pages\/1792\/revisions\/13359"}],"wp:attachment":[{"href":"https:\/\/gymnasium-nordenham.de\/en\/wp-json\/wp\/v2\/media?parent=1792"}],"curies":[{"name":"wp","href":"https:\/\/api.w.org\/{rel}","templated":true}]}}