{"id":1763,"date":"2020-05-17T13:18:07","date_gmt":"2020-05-17T11:18:07","guid":{"rendered":"https:\/\/gymnasiumnordenhamtest.live-website.com\/?page_id=1763"},"modified":"2020-12-23T00:29:05","modified_gmt":"2020-12-22T23:29:05","slug":"deutsch-weitere-angebote","status":"publish","type":"page","link":"https:\/\/gymnasium-nordenham.de\/en\/deutsch-weitere-angebote","title":{"rendered":"Deutsch &#8211; Weitere Angebote"},"content":{"rendered":"<div data-elementor-type=\"wp-page\" data-elementor-id=\"1763\" class=\"elementor elementor-1763\" data-elementor-post-type=\"page\">\n\t\t\t\t\t\t<section class=\"elementor-section elementor-top-section elementor-element elementor-element-5257c4b elementor-section-full_width elementor-section-height-default elementor-section-height-default\" data-id=\"5257c4b\" data-element_type=\"section\" data-e-type=\"section\">\n\t\t\t\t\t\t<div class=\"elementor-container elementor-column-gap-default\">\n\t\t\t\t\t<div class=\"elementor-column elementor-col-100 elementor-top-column elementor-element elementor-element-929ce8f\" data-id=\"929ce8f\" data-element_type=\"column\" data-e-type=\"column\" data-settings=\"{&quot;background_background&quot;:&quot;classic&quot;}\">\n\t\t\t<div class=\"elementor-widget-wrap elementor-element-populated\">\n\t\t\t\t\t\t<div class=\"elementor-element elementor-element-de78d44 elementor-widget elementor-widget-heading\" data-id=\"de78d44\" data-element_type=\"widget\" data-e-type=\"widget\" data-widget_type=\"heading.default\">\n\t\t\t\t<div class=\"elementor-widget-container\">\n\t\t\t\t\t<h2 class=\"elementor-heading-title elementor-size-large\">Weitere Angebote<\/h2>\t\t\t\t<\/div>\n\t\t\t\t<\/div>\n\t\t\t\t\t<\/div>\n\t\t<\/div>\n\t\t\t\t\t<\/div>\n\t\t<\/section>\n\t\t\t\t<section class=\"elementor-section elementor-top-section elementor-element elementor-element-9215942 elementor-section-full_width elementor-section-height-default elementor-section-height-default\" data-id=\"9215942\" data-element_type=\"section\" data-e-type=\"section\">\n\t\t\t\t\t\t<div class=\"elementor-container elementor-column-gap-default\">\n\t\t\t\t\t<div class=\"elementor-column elementor-col-66 elementor-top-column elementor-element elementor-element-bc4bb8e\" data-id=\"bc4bb8e\" data-element_type=\"column\" data-e-type=\"column\">\n\t\t\t<div class=\"elementor-widget-wrap elementor-element-populated\">\n\t\t\t\t\t\t<div class=\"elementor-element elementor-element-809aad3 elementor-widget elementor-widget-text-editor\" data-id=\"809aad3\" data-element_type=\"widget\" data-e-type=\"widget\" data-widget_type=\"text-editor.default\">\n\t\t\t\t<div class=\"elementor-widget-container\">\n\t\t\t\t\t\t\t\t\t<p style=\"text-align: justify;\"><span style=\"font-size: 12pt; font-family: georgia, palatino, serif;\"><strong>Deutsch als Zweitsprache (DaZ) am Gymnasium Nordenham<\/strong><\/span><\/p><p style=\"text-align: justify;\"><span style=\"font-size: 12pt; font-family: georgia, palatino, serif;\">Laut Erlass haben Kinder und Jugendliche nichtdeutscher Herkunftssprache, an unserer Schule sind es rund 40, Anspruch auf F\u00f6rderung, vor allem hinsichtlich des Erwerbs der deutschen Sprache. Dies geschieht in sogenannten F\u00f6rderkursen.<\/span><\/p><p style=\"text-align: justify;\"><span style=\"font-size: 12pt; font-family: georgia, palatino, serif;\">An unserer Schule werden im <strong>Vormittagsbereich<\/strong> Sch\u00fclerinnen und Sch\u00fcler gef\u00f6rdert, die bisher <strong>keine oder nur grundlegende Kenntnisse<\/strong> der Sprache haben. Zudem kann bei ihnen auf Beschluss der Klassenkonferenz die Notengebung bis zu zwei Jahre teilweise ausgesetzt werden.<\/span><\/p><p style=\"text-align: justify;\"><span style=\"font-size: 12pt; font-family: georgia, palatino, serif;\">Neben dem Anf\u00e4ngerkurs gibt es \u00a0F\u00f6rderunterricht am <strong>Nachmittag<\/strong>. In der Regel werden diese Sch\u00fclerinnen und Sch\u00fcler bereits voll benotet und sind hinsichtlich des Erwerbs von Deutsch als Bildungssprache deutlich <strong>fortgeschritten<\/strong>. In diesem Unterricht werden unter Ber\u00fccksichtigung des Alters\/Jahrgangs und des Lernstands in Kleingruppen einzelne Schwerpunkte genauer betrachtet, um das Vorankommen im Unterricht zu unterst\u00fctzen.<\/span><\/p><p style=\"text-align: justify;\"><span style=\"font-size: 12pt; font-family: georgia, palatino, serif;\">Wenn Deutsch die Zweitsprache ist, gibt es immer eine Erstsprache, die Muttersprache. Neben anderen Sprachen sind dies u.a. Arabisch, T\u00fcrkisch, Kurdisch, Rum\u00e4nisch, Griechisch, Russisch, Polnisch, Italienisch, Vietnamesisch und Dari.<\/span><\/p>\t\t\t\t\t\t\t\t<\/div>\n\t\t\t\t<\/div>\n\t\t\t\t<div class=\"elementor-element elementor-element-893a45c elementor-widget elementor-widget-text-editor\" data-id=\"893a45c\" data-element_type=\"widget\" data-e-type=\"widget\" data-widget_type=\"text-editor.default\">\n\t\t\t\t<div class=\"elementor-widget-container\">\n\t\t\t\t\t\t\t\t\t<p><span style=\"font-family: georgia, palatino, serif; font-size: 12pt;\"><strong>Wettbewerbe am Gymnasium Nordenham<\/strong><\/span><\/p><ul style=\"list-style-type: square;\"><li><span style=\"font-size: 12pt; font-family: georgia, palatino, serif;\">Vorlesewettbewerb des Deutsches Buchhandels (Jg.6)<\/span><\/li><li><span style=\"font-size: 12pt; font-family: georgia, palatino, serif;\">Julius-Club (Jg.5-8, Lesespa\u00df im Sommer, Stadtb\u00fccherei Nordenham )<\/span><\/li><li><span style=\"font-size: 12pt; font-family: georgia, palatino, serif;\">Poetry Slam (Jg.10, schulintern, in Planung)<\/span><\/li><\/ul>\t\t\t\t\t\t\t\t<\/div>\n\t\t\t\t<\/div>\n\t\t\t\t\t<\/div>\n\t\t<\/div>\n\t\t\t\t<div class=\"elementor-column elementor-col-33 elementor-top-column elementor-element elementor-element-c25fcbf\" data-id=\"c25fcbf\" data-element_type=\"column\" data-e-type=\"column\">\n\t\t\t<div class=\"elementor-widget-wrap elementor-element-populated\">\n\t\t\t\t\t\t<div class=\"elementor-element elementor-element-497df0a elementor-invisible elementor-widget elementor-widget-wp-widget-nav_menu\" data-id=\"497df0a\" data-element_type=\"widget\" data-e-type=\"widget\" data-settings=\"{&quot;_animation&quot;:&quot;fadeInUp&quot;}\" data-widget_type=\"wp-widget-nav_menu.default\">\n\t\t\t\t<div class=\"elementor-widget-container\">\n\t\t\t\t\t<div class=\"menu-fachmenue-deutsch-container\"><ul id=\"menu-fachmenue-deutsch\" class=\"menu\"><li id=\"menu-item-1769\" class=\"menu-item menu-item-type-post_type menu-item-object-page menu-item-1769\"><a href=\"https:\/\/gymnasium-nordenham.de\/en\/deutsch-am-gn\">Deutsch am GN<\/a><\/li>\n<li id=\"menu-item-1770\" class=\"menu-item menu-item-type-post_type menu-item-object-page menu-item-1770\"><a href=\"https:\/\/gymnasium-nordenham.de\/en\/deutsch-lehrwerke\">Lehrwerke<\/a><\/li>\n<li id=\"menu-item-1767\" class=\"menu-item menu-item-type-post_type menu-item-object-page menu-item-1767\"><a href=\"https:\/\/gymnasium-nordenham.de\/en\/deutsch-curricula\">Curricula<\/a><\/li>\n<li id=\"menu-item-1766\" class=\"menu-item menu-item-type-post_type menu-item-object-page menu-item-1766\"><a href=\"https:\/\/gymnasium-nordenham.de\/en\/deutsch-klassenarbeiten-und-klausuren\">Klassenarbeiten und Klausuren<\/a><\/li>\n<li id=\"menu-item-1765\" class=\"menu-item menu-item-type-post_type menu-item-object-page menu-item-1765\"><a href=\"https:\/\/gymnasium-nordenham.de\/en\/deutsch-weitere-angebote\">Weitere Angebote<\/a><\/li>\n<\/ul><\/div>\t\t\t\t<\/div>\n\t\t\t\t<\/div>\n\t\t\t\t\t<\/div>\n\t\t<\/div>\n\t\t\t\t\t<\/div>\n\t\t<\/section>\n\t\t\t\t<\/div>","protected":false},"excerpt":{"rendered":"<p>Weitere Angebote Deutsch als Zweitsprache (DaZ) am Gymnasium Nordenham Laut Erlass haben Kinder und Jugendliche nichtdeutscher Herkunftssprache, an unserer Schule sind es rund 40, Anspruch auf F\u00f6rderung, vor allem hinsichtlich des Erwerbs der deutschen Sprache. Dies geschieht in sogenannten F\u00f6rderkursen. &hellip; <a href=\"https:\/\/gymnasium-nordenham.de\/en\/deutsch-weitere-angebote\">Continue reading <span class=\"meta-nav\">&rarr;<\/span><\/a><\/p>","protected":false},"author":4,"featured_media":0,"parent":0,"menu_order":0,"comment_status":"closed","ping_status":"closed","template":"elementor_header_footer","meta":{"_crdt_document":"","footnotes":""},"class_list":["post-1763","page","type-page","status-publish","hentry"],"yoast_head":"<!-- This site is optimized with the Yoast SEO plugin v27.4 - https:\/\/yoast.com\/product\/yoast-seo-wordpress\/ -->\n<title>Deutsch - Weitere Angebote - Gymnasium Nordenham<\/title>\n<meta name=\"robots\" content=\"index, follow, max-snippet:-1, max-image-preview:large, max-video-preview:-1\" \/>\n<link rel=\"canonical\" href=\"https:\/\/gymnasium-nordenham.de\/en\/deutsch-weitere-angebote\/\" \/>\n<meta property=\"og:locale\" content=\"en_GB\" \/>\n<meta property=\"og:type\" content=\"article\" \/>\n<meta property=\"og:title\" content=\"Deutsch - Weitere Angebote - Gymnasium Nordenham\" \/>\n<meta property=\"og:description\" content=\"Weitere Angebote Deutsch als Zweitsprache (DaZ) am Gymnasium Nordenham Laut Erlass haben Kinder und Jugendliche nichtdeutscher Herkunftssprache, an unserer Schule sind es rund 40, Anspruch auf F\u00f6rderung, vor allem hinsichtlich des Erwerbs der deutschen Sprache. Dies geschieht in sogenannten F\u00f6rderkursen. &hellip; Continue reading &rarr;\" \/>\n<meta property=\"og:url\" content=\"https:\/\/gymnasium-nordenham.de\/en\/deutsch-weitere-angebote\/\" \/>\n<meta property=\"og:site_name\" content=\"Gymnasium Nordenham\" \/>\n<meta property=\"article:modified_time\" content=\"2020-12-22T23:29:05+00:00\" \/>\n<meta name=\"twitter:card\" content=\"summary_large_image\" \/>\n<meta name=\"twitter:label1\" content=\"Estimated reading time\" \/>\n\t<meta name=\"twitter:data1\" content=\"1 minute\" \/>\n<script type=\"application\/ld+json\" class=\"yoast-schema-graph\">{\"@context\":\"https:\\\/\\\/schema.org\",\"@graph\":[{\"@type\":\"WebPage\",\"@id\":\"https:\\\/\\\/gymnasium-nordenham.de\\\/deutsch-weitere-angebote\",\"url\":\"https:\\\/\\\/gymnasium-nordenham.de\\\/deutsch-weitere-angebote\",\"name\":\"Deutsch - Weitere Angebote - Gymnasium Nordenham\",\"isPartOf\":{\"@id\":\"https:\\\/\\\/gymnasium-nordenham.de\\\/#website\"},\"datePublished\":\"2020-05-17T11:18:07+00:00\",\"dateModified\":\"2020-12-22T23:29:05+00:00\",\"breadcrumb\":{\"@id\":\"https:\\\/\\\/gymnasium-nordenham.de\\\/deutsch-weitere-angebote#breadcrumb\"},\"inLanguage\":\"en-GB\",\"potentialAction\":[{\"@type\":\"ReadAction\",\"target\":[\"https:\\\/\\\/gymnasium-nordenham.de\\\/deutsch-weitere-angebote\"]}]},{\"@type\":\"BreadcrumbList\",\"@id\":\"https:\\\/\\\/gymnasium-nordenham.de\\\/deutsch-weitere-angebote#breadcrumb\",\"itemListElement\":[{\"@type\":\"ListItem\",\"position\":1,\"name\":\"Startseite\",\"item\":\"https:\\\/\\\/gymnasium-nordenham.de\\\/\"},{\"@type\":\"ListItem\",\"position\":2,\"name\":\"Deutsch &#8211; Weitere Angebote\"}]},{\"@type\":\"WebSite\",\"@id\":\"https:\\\/\\\/gymnasium-nordenham.de\\\/#website\",\"url\":\"https:\\\/\\\/gymnasium-nordenham.de\\\/\",\"name\":\"Gymnasium Nordenham\",\"description\":\"Miteinander, voneinander und f\u00fcreinander lernen\",\"potentialAction\":[{\"@type\":\"SearchAction\",\"target\":{\"@type\":\"EntryPoint\",\"urlTemplate\":\"https:\\\/\\\/gymnasium-nordenham.de\\\/?s={search_term_string}\"},\"query-input\":{\"@type\":\"PropertyValueSpecification\",\"valueRequired\":true,\"valueName\":\"search_term_string\"}}],\"inLanguage\":\"en-GB\"}]}<\/script>\n<!-- \/ Yoast SEO plugin. -->","yoast_head_json":{"title":"Deutsch - Weitere Angebote - Gymnasium Nordenham","robots":{"index":"index","follow":"follow","max-snippet":"max-snippet:-1","max-image-preview":"max-image-preview:large","max-video-preview":"max-video-preview:-1"},"canonical":"https:\/\/gymnasium-nordenham.de\/en\/deutsch-weitere-angebote\/","og_locale":"en_GB","og_type":"article","og_title":"Deutsch - Weitere Angebote - Gymnasium Nordenham","og_description":"Weitere Angebote Deutsch als Zweitsprache (DaZ) am Gymnasium Nordenham Laut Erlass haben Kinder und Jugendliche nichtdeutscher Herkunftssprache, an unserer Schule sind es rund 40, Anspruch auf F\u00f6rderung, vor allem hinsichtlich des Erwerbs der deutschen Sprache. Dies geschieht in sogenannten F\u00f6rderkursen. &hellip; Continue reading &rarr;","og_url":"https:\/\/gymnasium-nordenham.de\/en\/deutsch-weitere-angebote\/","og_site_name":"Gymnasium Nordenham","article_modified_time":"2020-12-22T23:29:05+00:00","twitter_card":"summary_large_image","twitter_misc":{"Estimated reading time":"1 minute"},"schema":{"@context":"https:\/\/schema.org","@graph":[{"@type":"WebPage","@id":"https:\/\/gymnasium-nordenham.de\/deutsch-weitere-angebote","url":"https:\/\/gymnasium-nordenham.de\/deutsch-weitere-angebote","name":"Deutsch - Weitere Angebote - Gymnasium Nordenham","isPartOf":{"@id":"https:\/\/gymnasium-nordenham.de\/#website"},"datePublished":"2020-05-17T11:18:07+00:00","dateModified":"2020-12-22T23:29:05+00:00","breadcrumb":{"@id":"https:\/\/gymnasium-nordenham.de\/deutsch-weitere-angebote#breadcrumb"},"inLanguage":"en-GB","potentialAction":[{"@type":"ReadAction","target":["https:\/\/gymnasium-nordenham.de\/deutsch-weitere-angebote"]}]},{"@type":"BreadcrumbList","@id":"https:\/\/gymnasium-nordenham.de\/deutsch-weitere-angebote#breadcrumb","itemListElement":[{"@type":"ListItem","position":1,"name":"Startseite","item":"https:\/\/gymnasium-nordenham.de\/"},{"@type":"ListItem","position":2,"name":"Deutsch &#8211; Weitere Angebote"}]},{"@type":"WebSite","@id":"https:\/\/gymnasium-nordenham.de\/#website","url":"https:\/\/gymnasium-nordenham.de\/","name":"Gymnasium Nordenham","description":"Miteinander, voneinander und f\u00fcreinander lernen","potentialAction":[{"@type":"SearchAction","target":{"@type":"EntryPoint","urlTemplate":"https:\/\/gymnasium-nordenham.de\/?s={search_term_string}"},"query-input":{"@type":"PropertyValueSpecification","valueRequired":true,"valueName":"search_term_string"}}],"inLanguage":"en-GB"}]}},"_links":{"self":[{"href":"https:\/\/gymnasium-nordenham.de\/en\/wp-json\/wp\/v2\/pages\/1763","targetHints":{"allow":["GET"]}}],"collection":[{"href":"https:\/\/gymnasium-nordenham.de\/en\/wp-json\/wp\/v2\/pages"}],"about":[{"href":"https:\/\/gymnasium-nordenham.de\/en\/wp-json\/wp\/v2\/types\/page"}],"author":[{"embeddable":true,"href":"https:\/\/gymnasium-nordenham.de\/en\/wp-json\/wp\/v2\/users\/4"}],"replies":[{"embeddable":true,"href":"https:\/\/gymnasium-nordenham.de\/en\/wp-json\/wp\/v2\/comments?post=1763"}],"version-history":[{"count":0,"href":"https:\/\/gymnasium-nordenham.de\/en\/wp-json\/wp\/v2\/pages\/1763\/revisions"}],"wp:attachment":[{"href":"https:\/\/gymnasium-nordenham.de\/en\/wp-json\/wp\/v2\/media?parent=1763"}],"curies":[{"name":"wp","href":"https:\/\/api.w.org\/{rel}","templated":true}]}}