{"id":1761,"date":"2020-05-17T13:16:49","date_gmt":"2020-05-17T11:16:49","guid":{"rendered":"https:\/\/gymnasiumnordenhamtest.live-website.com\/?page_id=1761"},"modified":"2020-12-23T00:26:32","modified_gmt":"2020-12-22T23:26:32","slug":"deutsch-klassenarbeiten-und-klausuren","status":"publish","type":"page","link":"https:\/\/gymnasium-nordenham.de\/en\/deutsch-klassenarbeiten-und-klausuren","title":{"rendered":"Deutsch &#8211; Klassenarbeiten und Klausuren"},"content":{"rendered":"<div data-elementor-type=\"wp-page\" data-elementor-id=\"1761\" class=\"elementor elementor-1761\" data-elementor-post-type=\"page\">\n\t\t\t\t\t\t<section class=\"elementor-section elementor-top-section elementor-element elementor-element-5257c4b elementor-section-full_width elementor-section-height-default elementor-section-height-default\" data-id=\"5257c4b\" data-element_type=\"section\" data-e-type=\"section\">\n\t\t\t\t\t\t<div class=\"elementor-container elementor-column-gap-default\">\n\t\t\t\t\t<div class=\"elementor-column elementor-col-100 elementor-top-column elementor-element elementor-element-929ce8f\" data-id=\"929ce8f\" data-element_type=\"column\" data-e-type=\"column\" data-settings=\"{&quot;background_background&quot;:&quot;classic&quot;}\">\n\t\t\t<div class=\"elementor-widget-wrap elementor-element-populated\">\n\t\t\t\t\t\t<div class=\"elementor-element elementor-element-de78d44 elementor-widget elementor-widget-heading\" data-id=\"de78d44\" data-element_type=\"widget\" data-e-type=\"widget\" data-widget_type=\"heading.default\">\n\t\t\t\t<div class=\"elementor-widget-container\">\n\t\t\t\t\t<h2 class=\"elementor-heading-title elementor-size-large\">Klassenarbeiten und Klausuren<\/h2>\t\t\t\t<\/div>\n\t\t\t\t<\/div>\n\t\t\t\t\t<\/div>\n\t\t<\/div>\n\t\t\t\t\t<\/div>\n\t\t<\/section>\n\t\t\t\t<section class=\"elementor-section elementor-top-section elementor-element elementor-element-9215942 elementor-section-full_width elementor-section-height-default elementor-section-height-default\" data-id=\"9215942\" data-element_type=\"section\" data-e-type=\"section\">\n\t\t\t\t\t\t<div class=\"elementor-container elementor-column-gap-default\">\n\t\t\t\t\t<div class=\"elementor-column elementor-col-66 elementor-top-column elementor-element elementor-element-bc4bb8e\" data-id=\"bc4bb8e\" data-element_type=\"column\" data-e-type=\"column\">\n\t\t\t<div class=\"elementor-widget-wrap elementor-element-populated\">\n\t\t\t\t\t\t<div class=\"elementor-element elementor-element-809aad3 elementor-widget elementor-widget-text-editor\" data-id=\"809aad3\" data-element_type=\"widget\" data-e-type=\"widget\" data-widget_type=\"text-editor.default\">\n\t\t\t\t<div class=\"elementor-widget-container\">\n\t\t\t\t\t\t\t\t\t<p style=\"text-align: justify;\"><span style=\"font-size: 12pt; font-family: georgia, palatino, serif;\">Im Fach Deutsch finden in regelm\u00e4\u00dfigen Abst\u00e4nden \u00dcberpr\u00fcfungen der schriftlichen Leistungen in Form von <strong>Klassenarbeiten<\/strong> (in der Sekundarstufe I) und <strong>Klausuren<\/strong> (in der Sekundarstufe II) statt.<\/span><\/p><p style=\"text-align: justify;\"><span style=\"font-size: 12pt; font-family: georgia, palatino, serif;\">Ziel dieser Leistungs- und U\u0308berpru\u0308fungssituationen ist es, die Verfu\u0308gbarkeit der erwarteten Kompetenzen nachzuweisen. Leistungsfeststellungen und -bewertungen geben den Schu\u0308lerinnen und Schu\u0308lern Ru\u0308ckmeldungen u\u0308ber die erworbenen fachlichen Kenntnisse, Fa\u0308higkeiten und Fertigkeiten und den Lehrkra\u0308ften Orientierung fu\u0308r notwendige Ma\u00dfnahmen zur individuellen Fo\u0308rderung.<\/span><\/p><p style=\"text-align: justify;\"><span style=\"font-size: 12pt; font-family: georgia, palatino, serif;\">In schriftlichen Lernkontrollen werden u\u0308berwiegend Kenntnisse, Fa\u0308higkeiten und Fertigkeiten u\u0308berpru\u0308ft, die im vorangegangenen Unterricht erworben werden konnten. Daru\u0308ber hinaus sollen jedoch auch Problemstellungen einbezogen werden, die die Verfu\u0308gbarkeit von Kompetenzen eines langfristig angelegten Kompetenzaufbaus ber\u00fccksichtigen.<\/span><\/p><p style=\"text-align: justify;\"><span style=\"font-size: 12pt; font-family: georgia, palatino, serif;\">In den Jahrg\u00e4ngen 5 bis 9 erfolgen jeweils vier Klassenarbeiten im Fach Deutsch pro Schuljahr, im Jahrgang 10 gibt es derzeit insgesamt drei Klassenarbeiten im Schuljahr.<\/span><\/p><p style=\"text-align: justify;\"><span style=\"font-size: 12pt; font-family: georgia, palatino, serif;\">Diktate sind ein Klassenarbeitsformat, welches in den Jahrg\u00e4ngen 5 bis 8 jedes Jahr jeweils zwei der vier Klassenarbeiten ausmacht. Im Jahrgang 9 ist von vier Klassenarbeiten nur noch eine im Format eines Diktats angelegt. Momentan gibt es kein Diktat als Aufgabenformat im Jahrgang 10.<\/span><\/p><p style=\"text-align: justify;\"><span style=\"font-size: 12pt; font-family: georgia, palatino, serif;\">Sollte eine \u00e4rztlich diagnostizierte Lese-Rechtschreib-Schw\u00e4che bei einem Sch\u00fcler\/einer Sch\u00fclerin vorliegen, so gelten bei diesem Aufgabenformat gegebenenfalls ver\u00e4nderte Arbeitsbedingungen. <\/span><br \/><span style=\"font-size: 12pt; font-family: georgia, palatino, serif;\">In jedem Fall sind die unterrichtende Deutschlehrkraft und die Klassenleitung zu informieren, damit in einer Klassenkonferenz \u00fcber geeignete Ma\u00dfnahmen individuell entschieden werden kann. <\/span><br \/><span style=\"font-size: 12pt; font-family: georgia, palatino, serif;\">Die Erziehungsberechtigten sind zudem angehalten, professionelle F\u00f6rderma\u00dfnahmen einzuleiten.<\/span><\/p><p style=\"text-align: justify;\"><span style=\"font-size: 12pt; font-family: georgia, palatino, serif;\">Andere Klassenarbeitsformate k\u00f6nnen z.B. Beschreibungen, Berichte oder Inhaltsangaben in der Unterstufe sein. In der Mittelstufe werden zu erwerbende Kompetenzen vertieft, sodass\u00a0 z.B. Interpretationen, Analysen und Er\u00f6rterungen als Aufgabenformate hinzukommen.<\/span><\/p><p style=\"text-align: justify;\"><span style=\"font-size: 12pt; font-family: georgia, palatino, serif;\">In den Jahrg\u00e4ngen 10 und 11 erfolgen des Weiteren Ausblicke auf Arbeitsanweisungen (<a href=\"https:\/\/www.nibis.de\/uploads\/1gohrgs\/operatoren_2017\/2017Deutsch_aktualisiert.pdf\" target=\"_blank\" rel=\"noopener\">Operatoren<\/a>) in der Oberstufe, die f\u00fcr ein erfolgreiches Durchlaufen der gymnasialen Oberstufe unabdingbar sind.<\/span><\/p><p style=\"text-align: justify;\"><span style=\"font-size: 12pt; font-family: georgia, palatino, serif;\">Schriftliche Leistungs\u00fcberpr\u00fcfungen gehen bis einschlie\u00dflich Jahrgang 10 zu 50% in die Gesamtnote im Fach Deutsch ein. In der Einf\u00fchrungsphase und in der Qualifikationsphase gilt die 50:50-Regelung in den Halbjahren, in denen zwei Klausuren geschrieben werden. In Halbjahren mit nur <u>einer<\/u> Klausur verschiebt sich die Bewertung zugunsten der m\u00fcndlichen Leistung (60:40).<\/span><\/p><p style=\"text-align: justify;\"><span style=\"font-size: 12pt; font-family: georgia, palatino, serif;\">Bei Klassenarbeiten und Klausuren erfolgt eine Bewertung der inhaltlichen Leistung sowie der Darstellungsleistung, sodass f\u00fcr Sch\u00fclerinnen und Sch\u00fcler transparent gemacht wird, wie sich die Note der Leistungsbewertung im Detail zusammensetzt.<\/span><\/p><p style=\"text-align: justify;\"><span style=\"font-size: 12pt; font-family: georgia, palatino, serif;\">In der Sekundarstufe II gelten gesonderte <a href=\"https:\/\/www.mk.niedersachsen.de\/startseite\/schule\/unsere_schulen\/allgemein_bildende_schulen\/gymnasium\/gymnasium-6319.html\" target=\"_blank\" rel=\"noopener\">Rechtsvorschriften<\/a> f\u00fcr die gymnasiale Oberstufe.<\/span><\/p>\t\t\t\t\t\t\t\t<\/div>\n\t\t\t\t<\/div>\n\t\t\t\t\t<\/div>\n\t\t<\/div>\n\t\t\t\t<div class=\"elementor-column elementor-col-33 elementor-top-column elementor-element elementor-element-c25fcbf\" data-id=\"c25fcbf\" data-element_type=\"column\" data-e-type=\"column\">\n\t\t\t<div class=\"elementor-widget-wrap elementor-element-populated\">\n\t\t\t\t\t\t<div class=\"elementor-element elementor-element-497df0a elementor-invisible elementor-widget elementor-widget-wp-widget-nav_menu\" data-id=\"497df0a\" data-element_type=\"widget\" data-e-type=\"widget\" data-settings=\"{&quot;_animation&quot;:&quot;fadeInUp&quot;}\" data-widget_type=\"wp-widget-nav_menu.default\">\n\t\t\t\t<div class=\"elementor-widget-container\">\n\t\t\t\t\t<div class=\"menu-fachmenue-deutsch-container\"><ul id=\"menu-fachmenue-deutsch\" class=\"menu\"><li id=\"menu-item-1769\" class=\"menu-item menu-item-type-post_type menu-item-object-page menu-item-1769\"><a href=\"https:\/\/gymnasium-nordenham.de\/en\/deutsch-am-gn\">Deutsch am GN<\/a><\/li>\n<li id=\"menu-item-1770\" class=\"menu-item menu-item-type-post_type menu-item-object-page menu-item-1770\"><a href=\"https:\/\/gymnasium-nordenham.de\/en\/deutsch-lehrwerke\">Lehrwerke<\/a><\/li>\n<li id=\"menu-item-1767\" class=\"menu-item menu-item-type-post_type menu-item-object-page menu-item-1767\"><a href=\"https:\/\/gymnasium-nordenham.de\/en\/deutsch-curricula\">Curricula<\/a><\/li>\n<li id=\"menu-item-1766\" class=\"menu-item menu-item-type-post_type menu-item-object-page menu-item-1766\"><a href=\"https:\/\/gymnasium-nordenham.de\/en\/deutsch-klassenarbeiten-und-klausuren\">Klassenarbeiten und Klausuren<\/a><\/li>\n<li id=\"menu-item-1765\" class=\"menu-item menu-item-type-post_type menu-item-object-page menu-item-1765\"><a href=\"https:\/\/gymnasium-nordenham.de\/en\/deutsch-weitere-angebote\">Weitere Angebote<\/a><\/li>\n<\/ul><\/div>\t\t\t\t<\/div>\n\t\t\t\t<\/div>\n\t\t\t\t\t<\/div>\n\t\t<\/div>\n\t\t\t\t\t<\/div>\n\t\t<\/section>\n\t\t\t\t<\/div>","protected":false},"excerpt":{"rendered":"<p>Klassenarbeiten und Klausuren Im Fach Deutsch finden in regelm\u00e4\u00dfigen Abst\u00e4nden \u00dcberpr\u00fcfungen der schriftlichen Leistungen in Form von Klassenarbeiten (in der Sekundarstufe I) und Klausuren (in der Sekundarstufe II) statt. Ziel dieser Leistungs- und U\u0308berpru\u0308fungssituationen ist es, die Verfu\u0308gbarkeit der erwarteten &hellip; <a href=\"https:\/\/gymnasium-nordenham.de\/en\/deutsch-klassenarbeiten-und-klausuren\">Continue reading <span class=\"meta-nav\">&rarr;<\/span><\/a><\/p>","protected":false},"author":4,"featured_media":0,"parent":0,"menu_order":0,"comment_status":"closed","ping_status":"closed","template":"elementor_header_footer","meta":{"_crdt_document":"","footnotes":""},"class_list":["post-1761","page","type-page","status-publish","hentry"],"yoast_head":"<!-- This site is optimized with the Yoast SEO plugin v27.4 - https:\/\/yoast.com\/product\/yoast-seo-wordpress\/ -->\n<title>Deutsch - Klassenarbeiten und Klausuren - Gymnasium Nordenham<\/title>\n<meta name=\"robots\" content=\"index, follow, max-snippet:-1, max-image-preview:large, max-video-preview:-1\" \/>\n<link rel=\"canonical\" href=\"https:\/\/gymnasium-nordenham.de\/en\/deutsch-klassenarbeiten-und-klausuren\/\" \/>\n<meta property=\"og:locale\" content=\"en_GB\" \/>\n<meta property=\"og:type\" content=\"article\" \/>\n<meta property=\"og:title\" content=\"Deutsch - Klassenarbeiten und Klausuren - Gymnasium Nordenham\" \/>\n<meta property=\"og:description\" content=\"Klassenarbeiten und Klausuren Im Fach Deutsch finden in regelm\u00e4\u00dfigen Abst\u00e4nden \u00dcberpr\u00fcfungen der schriftlichen Leistungen in Form von Klassenarbeiten (in der Sekundarstufe I) und Klausuren (in der Sekundarstufe II) statt. Ziel dieser Leistungs- und U\u0308berpru\u0308fungssituationen ist es, die Verfu\u0308gbarkeit der erwarteten &hellip; Continue reading &rarr;\" \/>\n<meta property=\"og:url\" content=\"https:\/\/gymnasium-nordenham.de\/en\/deutsch-klassenarbeiten-und-klausuren\/\" \/>\n<meta property=\"og:site_name\" content=\"Gymnasium Nordenham\" \/>\n<meta property=\"article:modified_time\" content=\"2020-12-22T23:26:32+00:00\" \/>\n<meta name=\"twitter:card\" content=\"summary_large_image\" \/>\n<meta name=\"twitter:label1\" content=\"Estimated reading time\" \/>\n\t<meta name=\"twitter:data1\" content=\"2 minutes\" \/>\n<script type=\"application\/ld+json\" class=\"yoast-schema-graph\">{\"@context\":\"https:\\\/\\\/schema.org\",\"@graph\":[{\"@type\":\"WebPage\",\"@id\":\"https:\\\/\\\/gymnasium-nordenham.de\\\/deutsch-klassenarbeiten-und-klausuren\",\"url\":\"https:\\\/\\\/gymnasium-nordenham.de\\\/deutsch-klassenarbeiten-und-klausuren\",\"name\":\"Deutsch - Klassenarbeiten und Klausuren - Gymnasium Nordenham\",\"isPartOf\":{\"@id\":\"https:\\\/\\\/gymnasium-nordenham.de\\\/#website\"},\"datePublished\":\"2020-05-17T11:16:49+00:00\",\"dateModified\":\"2020-12-22T23:26:32+00:00\",\"breadcrumb\":{\"@id\":\"https:\\\/\\\/gymnasium-nordenham.de\\\/deutsch-klassenarbeiten-und-klausuren#breadcrumb\"},\"inLanguage\":\"en-GB\",\"potentialAction\":[{\"@type\":\"ReadAction\",\"target\":[\"https:\\\/\\\/gymnasium-nordenham.de\\\/deutsch-klassenarbeiten-und-klausuren\"]}]},{\"@type\":\"BreadcrumbList\",\"@id\":\"https:\\\/\\\/gymnasium-nordenham.de\\\/deutsch-klassenarbeiten-und-klausuren#breadcrumb\",\"itemListElement\":[{\"@type\":\"ListItem\",\"position\":1,\"name\":\"Startseite\",\"item\":\"https:\\\/\\\/gymnasium-nordenham.de\\\/\"},{\"@type\":\"ListItem\",\"position\":2,\"name\":\"Deutsch &#8211; Klassenarbeiten und Klausuren\"}]},{\"@type\":\"WebSite\",\"@id\":\"https:\\\/\\\/gymnasium-nordenham.de\\\/#website\",\"url\":\"https:\\\/\\\/gymnasium-nordenham.de\\\/\",\"name\":\"Gymnasium Nordenham\",\"description\":\"Miteinander, voneinander und f\u00fcreinander lernen\",\"potentialAction\":[{\"@type\":\"SearchAction\",\"target\":{\"@type\":\"EntryPoint\",\"urlTemplate\":\"https:\\\/\\\/gymnasium-nordenham.de\\\/?s={search_term_string}\"},\"query-input\":{\"@type\":\"PropertyValueSpecification\",\"valueRequired\":true,\"valueName\":\"search_term_string\"}}],\"inLanguage\":\"en-GB\"}]}<\/script>\n<!-- \/ Yoast SEO plugin. -->","yoast_head_json":{"title":"Deutsch - Klassenarbeiten und Klausuren - Gymnasium Nordenham","robots":{"index":"index","follow":"follow","max-snippet":"max-snippet:-1","max-image-preview":"max-image-preview:large","max-video-preview":"max-video-preview:-1"},"canonical":"https:\/\/gymnasium-nordenham.de\/en\/deutsch-klassenarbeiten-und-klausuren\/","og_locale":"en_GB","og_type":"article","og_title":"Deutsch - Klassenarbeiten und Klausuren - Gymnasium Nordenham","og_description":"Klassenarbeiten und Klausuren Im Fach Deutsch finden in regelm\u00e4\u00dfigen Abst\u00e4nden \u00dcberpr\u00fcfungen der schriftlichen Leistungen in Form von Klassenarbeiten (in der Sekundarstufe I) und Klausuren (in der Sekundarstufe II) statt. Ziel dieser Leistungs- und U\u0308berpru\u0308fungssituationen ist es, die Verfu\u0308gbarkeit der erwarteten &hellip; Continue reading &rarr;","og_url":"https:\/\/gymnasium-nordenham.de\/en\/deutsch-klassenarbeiten-und-klausuren\/","og_site_name":"Gymnasium Nordenham","article_modified_time":"2020-12-22T23:26:32+00:00","twitter_card":"summary_large_image","twitter_misc":{"Estimated reading time":"2 minutes"},"schema":{"@context":"https:\/\/schema.org","@graph":[{"@type":"WebPage","@id":"https:\/\/gymnasium-nordenham.de\/deutsch-klassenarbeiten-und-klausuren","url":"https:\/\/gymnasium-nordenham.de\/deutsch-klassenarbeiten-und-klausuren","name":"Deutsch - Klassenarbeiten und Klausuren - Gymnasium Nordenham","isPartOf":{"@id":"https:\/\/gymnasium-nordenham.de\/#website"},"datePublished":"2020-05-17T11:16:49+00:00","dateModified":"2020-12-22T23:26:32+00:00","breadcrumb":{"@id":"https:\/\/gymnasium-nordenham.de\/deutsch-klassenarbeiten-und-klausuren#breadcrumb"},"inLanguage":"en-GB","potentialAction":[{"@type":"ReadAction","target":["https:\/\/gymnasium-nordenham.de\/deutsch-klassenarbeiten-und-klausuren"]}]},{"@type":"BreadcrumbList","@id":"https:\/\/gymnasium-nordenham.de\/deutsch-klassenarbeiten-und-klausuren#breadcrumb","itemListElement":[{"@type":"ListItem","position":1,"name":"Startseite","item":"https:\/\/gymnasium-nordenham.de\/"},{"@type":"ListItem","position":2,"name":"Deutsch &#8211; Klassenarbeiten und Klausuren"}]},{"@type":"WebSite","@id":"https:\/\/gymnasium-nordenham.de\/#website","url":"https:\/\/gymnasium-nordenham.de\/","name":"Gymnasium Nordenham","description":"Miteinander, voneinander und f\u00fcreinander lernen","potentialAction":[{"@type":"SearchAction","target":{"@type":"EntryPoint","urlTemplate":"https:\/\/gymnasium-nordenham.de\/?s={search_term_string}"},"query-input":{"@type":"PropertyValueSpecification","valueRequired":true,"valueName":"search_term_string"}}],"inLanguage":"en-GB"}]}},"_links":{"self":[{"href":"https:\/\/gymnasium-nordenham.de\/en\/wp-json\/wp\/v2\/pages\/1761","targetHints":{"allow":["GET"]}}],"collection":[{"href":"https:\/\/gymnasium-nordenham.de\/en\/wp-json\/wp\/v2\/pages"}],"about":[{"href":"https:\/\/gymnasium-nordenham.de\/en\/wp-json\/wp\/v2\/types\/page"}],"author":[{"embeddable":true,"href":"https:\/\/gymnasium-nordenham.de\/en\/wp-json\/wp\/v2\/users\/4"}],"replies":[{"embeddable":true,"href":"https:\/\/gymnasium-nordenham.de\/en\/wp-json\/wp\/v2\/comments?post=1761"}],"version-history":[{"count":0,"href":"https:\/\/gymnasium-nordenham.de\/en\/wp-json\/wp\/v2\/pages\/1761\/revisions"}],"wp:attachment":[{"href":"https:\/\/gymnasium-nordenham.de\/en\/wp-json\/wp\/v2\/media?parent=1761"}],"curies":[{"name":"wp","href":"https:\/\/api.w.org\/{rel}","templated":true}]}}